{"id":9687,"date":"2024-11-10T21:31:34","date_gmt":"2024-11-10T20:31:34","guid":{"rendered":"https:\/\/www.stinesofiesstiftelse.no\/?page_id=9687"},"modified":"2024-11-10T21:31:35","modified_gmt":"2024-11-10T20:31:35","slug":"scandinavians-fittings-flanges-as","status":"publish","type":"page","link":"https:\/\/www.stinesofiesstiftelse.no\/sme\/om-oss\/samarbeidspartnere\/scandinavians-fittings-flanges-as\/","title":{"rendered":"Scandinavians Fittings &#038; Flanges AS"},"content":{"rendered":"\n<div class=\"wp-block-group alignwide sss-content-header has-global-padding is-layout-constrained wp-block-group-is-layout-constrained\" style=\"margin-top:0;margin-bottom:0\">\n<div class=\"wp-block-group is-layout-flow wp-block-group-is-layout-flow\" style=\"padding-top:4vw;padding-bottom:3vw\"><div class=\"yoast-breadcrumbs\"><span><span><a href=\"https:\/\/www.stinesofiesstiftelse.no\/\">Hjem<\/a><\/span> \u2013 <span><a href=\"https:\/\/www.stinesofiesstiftelse.no\/om-oss\/\">Om oss<\/a><\/span> \u2013 <span><a href=\"https:\/\/www.stinesofiesstiftelse.no\/om-oss\/samarbeidspartnere\/\">Samarbeidspartnere<\/a><\/span> \u2013 <span class=\"breadcrumb_last\" aria-current=\"page\">Scandinavians Fittings &#038; Flanges AS<\/span><\/span><\/div>\n\n<h1 class=\"is-style-has-blob wp-block-post-title has-text-color has-primary-color\">Scandinavians Fittings &#038; Flanges AS<\/h1>\n\n\n<p class=\"is-style-leadtext\" style=\"padding-right:0;padding-left:0\">Scandinavians Fittings &amp; Flanges AS (SFF Group) er en norsk virksomhet som holder til i Sandnes.<\/p>\n\n\n\n<p><a href=\"https:\/\/www.sffgroup.com\/\">SFF Group<\/a>&nbsp;er en ledende distribut\u00f8r av r\u00f8rprodukter til energi- og industrisektoren, b\u00e5de land- og offshorebasert industri, offshore, subsea og fornybar energi.<\/p>\n\n\n\n<p>Virksomheten har gitt en betydelig st\u00f8tte til v\u00e5rt arbeid, med stor betydning for utviklingen av v\u00e5r virksomhet.<\/p>\n\n\n\n<p class=\"is-style-leadtext\" style=\"padding-right:0;padding-left:0\"><a href=\"https:\/\/www.sffgroup.com\/\">Les mer om Scandinavians Fittings &amp; Flanges AS her.<\/a><\/p>\n<\/div>\n\n\n\n<p><\/p>\n<\/div>\n","protected":false},"excerpt":{"rendered":"<p>Scandinavians Fittings &amp; Flanges AS (SFF Group) er en norsk virksomhet som holder til i Sandnes. SFF Group&nbsp;er en ledende [&hellip;]<\/p>\n","protected":false},"author":2,"featured_media":0,"parent":6969,"menu_order":0,"comment_status":"closed","ping_status":"closed","template":"","meta":{"_acf_changed":false,"inline_featured_image":false,"footnotes":""},"class_list":["post-9687","page","type-page","status-publish","hentry"],"acf":[],"mb":[],"yoast_head":"<!-- This site is optimized with the Yoast SEO plugin v27.3 - https:\/\/yoast.com\/product\/yoast-seo-wordpress\/ -->\n<title>Scandinavians Fittings &amp; Flanges AS - Stine Sofies Stiftelse<\/title>\n<meta name=\"robots\" content=\"index, follow, max-snippet:-1, max-image-preview:large, max-video-preview:-1\" \/>\n<link rel=\"canonical\" href=\"https:\/\/www.stinesofiesstiftelse.no\/om-oss\/samarbeidspartnere\/scandinavians-fittings-flanges-as\/\" \/>\n<meta property=\"og:locale\" content=\"en_US\" \/>\n<meta property=\"og:type\" content=\"article\" \/>\n<meta property=\"og:title\" content=\"Scandinavians Fittings &amp; Flanges AS - Stine Sofies Stiftelse\" \/>\n<meta property=\"og:description\" content=\"Scandinavians Fittings &amp; Flanges AS (SFF Group) er en norsk virksomhet som holder til i Sandnes. SFF Group&nbsp;er en ledende [&hellip;]\" \/>\n<meta property=\"og:url\" content=\"https:\/\/www.stinesofiesstiftelse.no\/om-oss\/samarbeidspartnere\/scandinavians-fittings-flanges-as\/\" \/>\n<meta property=\"og:site_name\" content=\"Stine Sofies Stiftelse\" \/>\n<meta property=\"article:publisher\" content=\"https:\/\/www.facebook.com\/StineSofiesStiftelse\/\" \/>\n<meta property=\"article:modified_time\" content=\"2024-11-10T20:31:35+00:00\" \/>\n<meta name=\"twitter:card\" content=\"summary_large_image\" \/>\n<meta name=\"twitter:label1\" content=\"Est. reading time\" \/>\n\t<meta name=\"twitter:data1\" content=\"1 minute\" \/>\n<script type=\"application\/ld+json\" class=\"yoast-schema-graph\">{\"@context\":\"https:\\\/\\\/schema.org\",\"@graph\":[{\"@type\":\"WebPage\",\"@id\":\"https:\\\/\\\/www.stinesofiesstiftelse.no\\\/om-oss\\\/samarbeidspartnere\\\/scandinavians-fittings-flanges-as\\\/\",\"url\":\"https:\\\/\\\/www.stinesofiesstiftelse.no\\\/om-oss\\\/samarbeidspartnere\\\/scandinavians-fittings-flanges-as\\\/\",\"name\":\"Scandinavians Fittings & Flanges AS - Stine Sofies Stiftelse\",\"isPartOf\":{\"@id\":\"https:\\\/\\\/www.stinesofiesstiftelse.no\\\/#website\"},\"datePublished\":\"2024-11-10T20:31:34+00:00\",\"dateModified\":\"2024-11-10T20:31:35+00:00\",\"breadcrumb\":{\"@id\":\"https:\\\/\\\/www.stinesofiesstiftelse.no\\\/om-oss\\\/samarbeidspartnere\\\/scandinavians-fittings-flanges-as\\\/#breadcrumb\"},\"inLanguage\":\"sme-NO\",\"potentialAction\":[{\"@type\":\"ReadAction\",\"target\":[\"https:\\\/\\\/www.stinesofiesstiftelse.no\\\/om-oss\\\/samarbeidspartnere\\\/scandinavians-fittings-flanges-as\\\/\"]}]},{\"@type\":\"BreadcrumbList\",\"@id\":\"https:\\\/\\\/www.stinesofiesstiftelse.no\\\/om-oss\\\/samarbeidspartnere\\\/scandinavians-fittings-flanges-as\\\/#breadcrumb\",\"itemListElement\":[{\"@type\":\"ListItem\",\"position\":1,\"name\":\"Hjem\",\"item\":\"https:\\\/\\\/www.stinesofiesstiftelse.no\\\/\"},{\"@type\":\"ListItem\",\"position\":2,\"name\":\"Om oss\",\"item\":\"https:\\\/\\\/www.stinesofiesstiftelse.no\\\/om-oss\\\/\"},{\"@type\":\"ListItem\",\"position\":3,\"name\":\"Samarbeidspartnere\",\"item\":\"https:\\\/\\\/www.stinesofiesstiftelse.no\\\/om-oss\\\/samarbeidspartnere\\\/\"},{\"@type\":\"ListItem\",\"position\":4,\"name\":\"Scandinavians Fittings &#038; Flanges AS\"}]},{\"@type\":\"WebSite\",\"@id\":\"https:\\\/\\\/www.stinesofiesstiftelse.no\\\/#website\",\"url\":\"https:\\\/\\\/www.stinesofiesstiftelse.no\\\/\",\"name\":\"Stine Sofies Stiftelse\",\"description\":\"\",\"publisher\":{\"@id\":\"https:\\\/\\\/www.stinesofiesstiftelse.no\\\/#organization\"},\"potentialAction\":[{\"@type\":\"SearchAction\",\"target\":{\"@type\":\"EntryPoint\",\"urlTemplate\":\"https:\\\/\\\/www.stinesofiesstiftelse.no\\\/?s={search_term_string}\"},\"query-input\":{\"@type\":\"PropertyValueSpecification\",\"valueRequired\":true,\"valueName\":\"search_term_string\"}}],\"inLanguage\":\"sme-NO\"},{\"@type\":\"Organization\",\"@id\":\"https:\\\/\\\/www.stinesofiesstiftelse.no\\\/#organization\",\"name\":\"Stine Sofies Stiftelse\",\"url\":\"https:\\\/\\\/www.stinesofiesstiftelse.no\\\/\",\"logo\":{\"@type\":\"ImageObject\",\"inLanguage\":\"sme-NO\",\"@id\":\"https:\\\/\\\/www.stinesofiesstiftelse.no\\\/#\\\/schema\\\/logo\\\/image\\\/\",\"url\":\"https:\\\/\\\/d1713zmupob0gt.cloudfront.net\\\/wp-content\\\/uploads\\\/2024\\\/10\\\/19093628\\\/cropped-Stine_sofies_stiftelse_logosymbol.png\",\"contentUrl\":\"https:\\\/\\\/d1713zmupob0gt.cloudfront.net\\\/wp-content\\\/uploads\\\/2024\\\/10\\\/19093628\\\/cropped-Stine_sofies_stiftelse_logosymbol.png\",\"width\":512,\"height\":512,\"caption\":\"Stine Sofies Stiftelse\"},\"image\":{\"@id\":\"https:\\\/\\\/www.stinesofiesstiftelse.no\\\/#\\\/schema\\\/logo\\\/image\\\/\"},\"sameAs\":[\"https:\\\/\\\/www.facebook.com\\\/StineSofiesStiftelse\\\/\"]}]}<\/script>\n<!-- \/ Yoast SEO plugin. -->","yoast_head_json":{"title":"Scandinavians Fittings & Flanges AS - Stine Sofies Stiftelse","robots":{"index":"index","follow":"follow","max-snippet":"max-snippet:-1","max-image-preview":"max-image-preview:large","max-video-preview":"max-video-preview:-1"},"canonical":"https:\/\/www.stinesofiesstiftelse.no\/om-oss\/samarbeidspartnere\/scandinavians-fittings-flanges-as\/","og_locale":"en_US","og_type":"article","og_title":"Scandinavians Fittings & Flanges AS - Stine Sofies Stiftelse","og_description":"Scandinavians Fittings &amp; Flanges AS (SFF Group) er en norsk virksomhet som holder til i Sandnes. SFF Group&nbsp;er en ledende [&hellip;]","og_url":"https:\/\/www.stinesofiesstiftelse.no\/om-oss\/samarbeidspartnere\/scandinavians-fittings-flanges-as\/","og_site_name":"Stine Sofies Stiftelse","article_publisher":"https:\/\/www.facebook.com\/StineSofiesStiftelse\/","article_modified_time":"2024-11-10T20:31:35+00:00","twitter_card":"summary_large_image","twitter_misc":{"Est. reading time":"1 minute"},"schema":{"@context":"https:\/\/schema.org","@graph":[{"@type":"WebPage","@id":"https:\/\/www.stinesofiesstiftelse.no\/om-oss\/samarbeidspartnere\/scandinavians-fittings-flanges-as\/","url":"https:\/\/www.stinesofiesstiftelse.no\/om-oss\/samarbeidspartnere\/scandinavians-fittings-flanges-as\/","name":"Scandinavians Fittings & Flanges AS - Stine Sofies Stiftelse","isPartOf":{"@id":"https:\/\/www.stinesofiesstiftelse.no\/#website"},"datePublished":"2024-11-10T20:31:34+00:00","dateModified":"2024-11-10T20:31:35+00:00","breadcrumb":{"@id":"https:\/\/www.stinesofiesstiftelse.no\/om-oss\/samarbeidspartnere\/scandinavians-fittings-flanges-as\/#breadcrumb"},"inLanguage":"sme-NO","potentialAction":[{"@type":"ReadAction","target":["https:\/\/www.stinesofiesstiftelse.no\/om-oss\/samarbeidspartnere\/scandinavians-fittings-flanges-as\/"]}]},{"@type":"BreadcrumbList","@id":"https:\/\/www.stinesofiesstiftelse.no\/om-oss\/samarbeidspartnere\/scandinavians-fittings-flanges-as\/#breadcrumb","itemListElement":[{"@type":"ListItem","position":1,"name":"Hjem","item":"https:\/\/www.stinesofiesstiftelse.no\/"},{"@type":"ListItem","position":2,"name":"Om oss","item":"https:\/\/www.stinesofiesstiftelse.no\/om-oss\/"},{"@type":"ListItem","position":3,"name":"Samarbeidspartnere","item":"https:\/\/www.stinesofiesstiftelse.no\/om-oss\/samarbeidspartnere\/"},{"@type":"ListItem","position":4,"name":"Scandinavians Fittings &#038; Flanges AS"}]},{"@type":"WebSite","@id":"https:\/\/www.stinesofiesstiftelse.no\/#website","url":"https:\/\/www.stinesofiesstiftelse.no\/","name":"Stine Sofies Stiftelse","description":"","publisher":{"@id":"https:\/\/www.stinesofiesstiftelse.no\/#organization"},"potentialAction":[{"@type":"SearchAction","target":{"@type":"EntryPoint","urlTemplate":"https:\/\/www.stinesofiesstiftelse.no\/?s={search_term_string}"},"query-input":{"@type":"PropertyValueSpecification","valueRequired":true,"valueName":"search_term_string"}}],"inLanguage":"sme-NO"},{"@type":"Organization","@id":"https:\/\/www.stinesofiesstiftelse.no\/#organization","name":"Stine Sofies Stiftelse","url":"https:\/\/www.stinesofiesstiftelse.no\/","logo":{"@type":"ImageObject","inLanguage":"sme-NO","@id":"https:\/\/www.stinesofiesstiftelse.no\/#\/schema\/logo\/image\/","url":"https:\/\/d1713zmupob0gt.cloudfront.net\/wp-content\/uploads\/2024\/10\/19093628\/cropped-Stine_sofies_stiftelse_logosymbol.png","contentUrl":"https:\/\/d1713zmupob0gt.cloudfront.net\/wp-content\/uploads\/2024\/10\/19093628\/cropped-Stine_sofies_stiftelse_logosymbol.png","width":512,"height":512,"caption":"Stine Sofies Stiftelse"},"image":{"@id":"https:\/\/www.stinesofiesstiftelse.no\/#\/schema\/logo\/image\/"},"sameAs":["https:\/\/www.facebook.com\/StineSofiesStiftelse\/"]}]}},"mfb_rest_fields":["title","yoast_head","yoast_head_json"],"_links":{"self":[{"href":"https:\/\/www.stinesofiesstiftelse.no\/sme\/wp-json\/wp\/v2\/pages\/9687","targetHints":{"allow":["GET"]}}],"collection":[{"href":"https:\/\/www.stinesofiesstiftelse.no\/sme\/wp-json\/wp\/v2\/pages"}],"about":[{"href":"https:\/\/www.stinesofiesstiftelse.no\/sme\/wp-json\/wp\/v2\/types\/page"}],"author":[{"embeddable":true,"href":"https:\/\/www.stinesofiesstiftelse.no\/sme\/wp-json\/wp\/v2\/users\/2"}],"replies":[{"embeddable":true,"href":"https:\/\/www.stinesofiesstiftelse.no\/sme\/wp-json\/wp\/v2\/comments?post=9687"}],"version-history":[{"count":1,"href":"https:\/\/www.stinesofiesstiftelse.no\/sme\/wp-json\/wp\/v2\/pages\/9687\/revisions"}],"predecessor-version":[{"id":9688,"href":"https:\/\/www.stinesofiesstiftelse.no\/sme\/wp-json\/wp\/v2\/pages\/9687\/revisions\/9688"}],"up":[{"embeddable":true,"href":"https:\/\/www.stinesofiesstiftelse.no\/sme\/wp-json\/wp\/v2\/pages\/6969"}],"wp:attachment":[{"href":"https:\/\/www.stinesofiesstiftelse.no\/sme\/wp-json\/wp\/v2\/media?parent=9687"}],"curies":[{"name":"wp","href":"https:\/\/api.w.org\/{rel}","templated":true}]}}