{"id":3374,"date":"2023-09-30T21:00:08","date_gmt":"2023-09-30T19:00:08","guid":{"rendered":"https:\/\/www.stinesofiesstiftelse.no\/?page_id=3374"},"modified":"2024-08-05T13:26:08","modified_gmt":"2024-08-05T11:26:08","slug":"hva-bor-soknaden-inneholde","status":"publish","type":"page","link":"https:\/\/www.stinesofiesstiftelse.no\/sme\/stine-sofie-senteret\/sok-om-opphold\/hva-bor-soknaden-inneholde\/","title":{"rendered":"Hva b\u00f8r s\u00f8knaden inneholde"},"content":{"rendered":"\n<div class=\"wp-block-group alignwide sss-content-header has-global-padding is-layout-constrained wp-block-group-is-layout-constrained\" style=\"margin-top:0;margin-bottom:0\">\n<div class=\"wp-block-group is-layout-flow wp-block-group-is-layout-flow\" style=\"padding-top:4vw;padding-bottom:3vw\"><div class=\"yoast-breadcrumbs\"><span><span><a href=\"https:\/\/www.stinesofiesstiftelse.no\/\">Hjem<\/a><\/span> \u2013 <span><a href=\"https:\/\/www.stinesofiesstiftelse.no\/stine-sofie-senteret\/\">Stine Sofie Senteret<\/a><\/span> \u2013 <span><a href=\"https:\/\/www.stinesofiesstiftelse.no\/stine-sofie-senteret\/sok-om-opphold\/\">S\u00f8k om opphold<\/a><\/span> \u2013 <span class=\"breadcrumb_last\" aria-current=\"page\">Hva b\u00f8r s\u00f8knaden inneholde<\/span><\/span><\/div>\n\n<h1 class=\"is-style-has-blob wp-block-post-title has-text-color has-primary-color\">Hva b\u00f8r s\u00f8knaden inneholde<\/h1>\n\n\n<p>For \u00e5 f\u00e5 et opphold p\u00e5 Stine Sofie Senteret m\u00e5 man f\u00f8rst sende inn en s\u00f8knad. Det er enkelt, og gj\u00f8res digitalt. \u00d8nsker man ikke \u00e5 s\u00f8ke digitalt, kan man ogs\u00e5 sende s\u00f8knad i posten.<\/p>\n<\/div>\n<\/div>\n\n\n\n<h4 class=\"wp-block-heading\">S\u00f8knadens innhold<\/h4>\n\n\n\n<p>S\u00f8knad om opphold fylles ut og sendes via v\u00e5rt digitale s\u00f8knadsskjema. Her m\u00e5 du fylle ut personalia p\u00e5 alle barn og voksne som skal v\u00e6re med til senteret. <\/p>\n\n\n\n<p>Vi ber ogs\u00e5 om informasjon om barnet og familiens situasjon, og dere blir bedt om \u00e5 skrive noen linjer om b\u00e5de barnet og de voksnes motivasjon for \u00e5 komme til Stine Sofie Senteret.<\/p>\n\n\n\n<p>I tillegg til s\u00f8knaden skal en i hjelpeapparatet, som kjenner familien og deres historie godt, sende inn et f\u00f8lgeskriv. Dette gj\u00f8res ogs\u00e5 digitalt, ved at s\u00f8ker f\u00e5r tilsendt lenke som videresendes til den aktuelle fagpersonen. F\u00f8r man fyller ut s\u00f8knadsskjemaet, kan det derfor v\u00e6re lurt \u00e5 ha klart navn og e-postadresse til vedkommende.<\/p>\n\n\n\n<p>Alle henvendelser blir behandlet med diskresjon, og alle som s\u00f8ker om opphold f\u00e5r svar fortl\u00f8pende.<\/p>\n\n\n\n<section class=\"align wp-block-aptum-pagelinker\" id=\"block_60e832cade3c766fab30bc4da6607a13\">\n\n<div class=\"wp-block-aptum-pagelinker__inner columns-2 item-bg\">\n\t\t<div class=\"wp-block-aptum-pagelinker__grid\">\n\n\t\t\t\t\t\t\t\t\t\t\t\t\t\t<a class=\"wp-block-aptum-pagelinker__item\" href=\"https:\/\/soknad.stinesofiesenteret.no\/\" target=\"_self\">\n\t\t\t\t\t\t\t\t\t\t\t\t\t\t<div class=\"wp-block-aptum-pagelinker__content\">\n\t\t\t\t\t\t\t\t\t\t\t\t\t\t\t\t<div class=\"wp-block-aptum-pagelinker__text\">\n\t\t\t\t\t\t\t\t\t<h3 class=\"wp-block-aptum-pagelinker__title \">Fyll ut digital s\u00f8knad<i class=\"wp-block-aptum-pagelinker__arrow\"><\/i><\/h3>\n\t\t\t\t\t\t\t\t\t\t\t\t\t\t\t\t\t\t\t<p class=\"wp-block-aptum-pagelinker__excerpt\">Alle som s\u00f8ker om opphold, f\u00e5r svar fortl\u00f8pende.<\/p>\n\t\t\t\t\t\t\t\t\t\t\t\t\t\t\t\t\t<\/div>\n\t\t\t\t\t\t\t<\/div>\n\t\t\t\t\t\t<\/a>\n\t\t\t\t\t\t\t\t\t\t\t\t\t\t\t\t\t\t\t\t\t<a class=\"wp-block-aptum-pagelinker__item\" href=\"https:\/\/www.stinesofiesstiftelse.no\/sme\/stine-sofie-senteret\/sok-om-opphold\/vil-du-ikke-soke-digitalt\/\" target=\"_self\">\n\t\t\t\t\t\t\t\t\t\t\t\t\t\t<div class=\"wp-block-aptum-pagelinker__content\">\n\t\t\t\t\t\t\t\t\t\t\t\t\t\t\t\t<div class=\"wp-block-aptum-pagelinker__text\">\n\t\t\t\t\t\t\t\t\t<h3 class=\"wp-block-aptum-pagelinker__title \">Vil du ikke s\u00f8ke digitalt?<i class=\"wp-block-aptum-pagelinker__arrow\"><\/i><\/h3>\n\t\t\t\t\t\t\t\t\t\t\t\t\t\t\t\t\t\t\t<p class=\"wp-block-aptum-pagelinker__excerpt\">Her finner du s\u00f8knadsskjema som kan skrives ut og sendes manuelt.<\/p>\n\t\t\t\t\t\t\t\t\t\t\t\t\t\t\t\t\t<\/div>\n\t\t\t\t\t\t\t<\/div>\n\t\t\t\t\t\t<\/a>\n\t\t\t\t\t\t\t\t\t\t\t<\/div>\n<\/div>\n\n<\/section>\n\n\n\n<div class=\"wp-block-columns are-vertically-aligned-center sss-infobox has-secondary-turquoise-background-color has-background is-layout-flex wp-container-core-columns-is-layout-9e92f332 wp-block-columns-is-layout-flex\" style=\"border-radius:4px;margin-top:var(--wp--preset--spacing--40);margin-bottom:var(--wp--preset--spacing--40);padding-top:1.5em;padding-right:1.5em;padding-bottom:1.5em;padding-left:2em\">\n<div class=\"wp-block-column is-layout-flow wp-block-column-is-layout-flow\" style=\"padding-right:0;padding-left:0;flex-basis:6.5%\">\n<figure class=\"wp-block-image size-large is-resized\"><img loading=\"lazy\" decoding=\"async\" width=\"48\" height=\"48\" src=\"https:\/\/d1713zmupob0gt.cloudfront.net\/wp-content\/uploads\/2023\/06\/26195936\/info_blue.svg\" alt=\"\" class=\"wp-image-1094\" style=\"width:50px\"\/><\/figure>\n<\/div>\n\n\n\n<div class=\"wp-block-column is-vertically-aligned-center is-layout-flow wp-block-column-is-layout-flow\" style=\"flex-basis:93.5%\">\n<h3 class=\"wp-block-heading has-contrast-color has-text-color\">Har du sp\u00f8rsm\u00e5l om s\u00f8knadsprosessen?<\/h3>\n\n\n\n<p>Kontakt oss p\u00e5 <a class=\"absconditus\" data-absconditus-a=\"gfbc\" data-absconditus-b=\"fgvarfbsvrfragrerg.ab\" href=\"#\"><span data-absconditus-placeholder=\"otoeeefrsstn.espintno@tesi\"><\/span><\/a> eller ring oss p\u00e5 37 29 40 90. Alle henvendelser blir behandlet anonymt og med diskresjon.<\/p>\n<\/div>\n<\/div>\n","protected":false},"excerpt":{"rendered":"<p>For \u00e5 f\u00e5 et opphold p\u00e5 Stine Sofie Senteret m\u00e5 man f\u00f8rst sende inn en s\u00f8knad. Det er enkelt, og [&hellip;]<\/p>\n","protected":false},"author":2,"featured_media":751,"parent":3335,"menu_order":0,"comment_status":"closed","ping_status":"closed","template":"","meta":{"_acf_changed":false,"inline_featured_image":false,"footnotes":""},"class_list":["post-3374","page","type-page","status-publish","has-post-thumbnail","hentry"],"acf":[],"mb":[],"yoast_head":"<!-- This site is optimized with the Yoast SEO plugin v27.3 - https:\/\/yoast.com\/product\/yoast-seo-wordpress\/ -->\n<title>Hva b\u00f8r s\u00f8knaden inneholde - Stine Sofies Stiftelse<\/title>\n<meta name=\"robots\" content=\"index, follow, max-snippet:-1, max-image-preview:large, max-video-preview:-1\" \/>\n<link rel=\"canonical\" href=\"https:\/\/www.stinesofiesstiftelse.no\/stine-sofie-senteret\/sok-om-opphold\/hva-bor-soknaden-inneholde\/\" \/>\n<meta property=\"og:locale\" content=\"en_US\" \/>\n<meta property=\"og:type\" content=\"article\" \/>\n<meta property=\"og:title\" content=\"Hva b\u00f8r s\u00f8knaden inneholde - Stine Sofies Stiftelse\" \/>\n<meta property=\"og:description\" content=\"For \u00e5 f\u00e5 et opphold p\u00e5 Stine Sofie Senteret m\u00e5 man f\u00f8rst sende inn en s\u00f8knad. Det er enkelt, og [&hellip;]\" \/>\n<meta property=\"og:url\" content=\"https:\/\/www.stinesofiesstiftelse.no\/stine-sofie-senteret\/sok-om-opphold\/hva-bor-soknaden-inneholde\/\" \/>\n<meta property=\"og:site_name\" content=\"Stine Sofies Stiftelse\" \/>\n<meta property=\"article:publisher\" content=\"https:\/\/www.facebook.com\/StineSofiesStiftelse\/\" \/>\n<meta property=\"article:modified_time\" content=\"2024-08-05T11:26:08+00:00\" \/>\n<meta property=\"og:image\" content=\"https:\/\/d1713zmupob0gt.cloudfront.net\/wp-content\/uploads\/2023\/06\/20095431\/andrew-seaman-ey5zZOkYL0Q-unsplash-scaled.jpg\" \/>\n\t<meta property=\"og:image:width\" content=\"2560\" \/>\n\t<meta property=\"og:image:height\" content=\"2560\" \/>\n\t<meta property=\"og:image:type\" content=\"image\/jpeg\" \/>\n<meta name=\"twitter:card\" content=\"summary_large_image\" \/>\n<meta name=\"twitter:label1\" content=\"Est. reading time\" \/>\n\t<meta name=\"twitter:data1\" content=\"2 minutes\" \/>\n<script type=\"application\/ld+json\" class=\"yoast-schema-graph\">{\"@context\":\"https:\\\/\\\/schema.org\",\"@graph\":[{\"@type\":\"WebPage\",\"@id\":\"https:\\\/\\\/www.stinesofiesstiftelse.no\\\/stine-sofie-senteret\\\/sok-om-opphold\\\/hva-bor-soknaden-inneholde\\\/\",\"url\":\"https:\\\/\\\/www.stinesofiesstiftelse.no\\\/stine-sofie-senteret\\\/sok-om-opphold\\\/hva-bor-soknaden-inneholde\\\/\",\"name\":\"Hva b\u00f8r s\u00f8knaden inneholde - Stine Sofies Stiftelse\",\"isPartOf\":{\"@id\":\"https:\\\/\\\/www.stinesofiesstiftelse.no\\\/#website\"},\"primaryImageOfPage\":{\"@id\":\"https:\\\/\\\/www.stinesofiesstiftelse.no\\\/stine-sofie-senteret\\\/sok-om-opphold\\\/hva-bor-soknaden-inneholde\\\/#primaryimage\"},\"image\":{\"@id\":\"https:\\\/\\\/www.stinesofiesstiftelse.no\\\/stine-sofie-senteret\\\/sok-om-opphold\\\/hva-bor-soknaden-inneholde\\\/#primaryimage\"},\"thumbnailUrl\":\"https:\\\/\\\/d1713zmupob0gt.cloudfront.net\\\/wp-content\\\/uploads\\\/2023\\\/06\\\/20095431\\\/andrew-seaman-ey5zZOkYL0Q-unsplash-scaled.jpg\",\"datePublished\":\"2023-09-30T19:00:08+00:00\",\"dateModified\":\"2024-08-05T11:26:08+00:00\",\"breadcrumb\":{\"@id\":\"https:\\\/\\\/www.stinesofiesstiftelse.no\\\/stine-sofie-senteret\\\/sok-om-opphold\\\/hva-bor-soknaden-inneholde\\\/#breadcrumb\"},\"inLanguage\":\"sme-NO\",\"potentialAction\":[{\"@type\":\"ReadAction\",\"target\":[\"https:\\\/\\\/www.stinesofiesstiftelse.no\\\/stine-sofie-senteret\\\/sok-om-opphold\\\/hva-bor-soknaden-inneholde\\\/\"]}]},{\"@type\":\"ImageObject\",\"inLanguage\":\"sme-NO\",\"@id\":\"https:\\\/\\\/www.stinesofiesstiftelse.no\\\/stine-sofie-senteret\\\/sok-om-opphold\\\/hva-bor-soknaden-inneholde\\\/#primaryimage\",\"url\":\"https:\\\/\\\/d1713zmupob0gt.cloudfront.net\\\/wp-content\\\/uploads\\\/2023\\\/06\\\/20095431\\\/andrew-seaman-ey5zZOkYL0Q-unsplash-scaled.jpg\",\"contentUrl\":\"https:\\\/\\\/d1713zmupob0gt.cloudfront.net\\\/wp-content\\\/uploads\\\/2023\\\/06\\\/20095431\\\/andrew-seaman-ey5zZOkYL0Q-unsplash-scaled.jpg\",\"width\":2560,\"height\":2560},{\"@type\":\"BreadcrumbList\",\"@id\":\"https:\\\/\\\/www.stinesofiesstiftelse.no\\\/stine-sofie-senteret\\\/sok-om-opphold\\\/hva-bor-soknaden-inneholde\\\/#breadcrumb\",\"itemListElement\":[{\"@type\":\"ListItem\",\"position\":1,\"name\":\"Hjem\",\"item\":\"https:\\\/\\\/www.stinesofiesstiftelse.no\\\/\"},{\"@type\":\"ListItem\",\"position\":2,\"name\":\"Stine Sofie Senteret\",\"item\":\"https:\\\/\\\/www.stinesofiesstiftelse.no\\\/stine-sofie-senteret\\\/\"},{\"@type\":\"ListItem\",\"position\":3,\"name\":\"S\u00f8k om opphold\",\"item\":\"https:\\\/\\\/www.stinesofiesstiftelse.no\\\/stine-sofie-senteret\\\/sok-om-opphold\\\/\"},{\"@type\":\"ListItem\",\"position\":4,\"name\":\"Hva b\u00f8r s\u00f8knaden inneholde\"}]},{\"@type\":\"WebSite\",\"@id\":\"https:\\\/\\\/www.stinesofiesstiftelse.no\\\/#website\",\"url\":\"https:\\\/\\\/www.stinesofiesstiftelse.no\\\/\",\"name\":\"Stine Sofies Stiftelse\",\"description\":\"\",\"publisher\":{\"@id\":\"https:\\\/\\\/www.stinesofiesstiftelse.no\\\/#organization\"},\"potentialAction\":[{\"@type\":\"SearchAction\",\"target\":{\"@type\":\"EntryPoint\",\"urlTemplate\":\"https:\\\/\\\/www.stinesofiesstiftelse.no\\\/?s={search_term_string}\"},\"query-input\":{\"@type\":\"PropertyValueSpecification\",\"valueRequired\":true,\"valueName\":\"search_term_string\"}}],\"inLanguage\":\"sme-NO\"},{\"@type\":\"Organization\",\"@id\":\"https:\\\/\\\/www.stinesofiesstiftelse.no\\\/#organization\",\"name\":\"Stine Sofies Stiftelse\",\"url\":\"https:\\\/\\\/www.stinesofiesstiftelse.no\\\/\",\"logo\":{\"@type\":\"ImageObject\",\"inLanguage\":\"sme-NO\",\"@id\":\"https:\\\/\\\/www.stinesofiesstiftelse.no\\\/#\\\/schema\\\/logo\\\/image\\\/\",\"url\":\"https:\\\/\\\/d1713zmupob0gt.cloudfront.net\\\/wp-content\\\/uploads\\\/2024\\\/10\\\/19093628\\\/cropped-Stine_sofies_stiftelse_logosymbol.png\",\"contentUrl\":\"https:\\\/\\\/d1713zmupob0gt.cloudfront.net\\\/wp-content\\\/uploads\\\/2024\\\/10\\\/19093628\\\/cropped-Stine_sofies_stiftelse_logosymbol.png\",\"width\":512,\"height\":512,\"caption\":\"Stine Sofies Stiftelse\"},\"image\":{\"@id\":\"https:\\\/\\\/www.stinesofiesstiftelse.no\\\/#\\\/schema\\\/logo\\\/image\\\/\"},\"sameAs\":[\"https:\\\/\\\/www.facebook.com\\\/StineSofiesStiftelse\\\/\"]}]}<\/script>\n<!-- \/ Yoast SEO plugin. -->","yoast_head_json":{"title":"Hva b\u00f8r s\u00f8knaden inneholde - Stine Sofies Stiftelse","robots":{"index":"index","follow":"follow","max-snippet":"max-snippet:-1","max-image-preview":"max-image-preview:large","max-video-preview":"max-video-preview:-1"},"canonical":"https:\/\/www.stinesofiesstiftelse.no\/stine-sofie-senteret\/sok-om-opphold\/hva-bor-soknaden-inneholde\/","og_locale":"en_US","og_type":"article","og_title":"Hva b\u00f8r s\u00f8knaden inneholde - Stine Sofies Stiftelse","og_description":"For \u00e5 f\u00e5 et opphold p\u00e5 Stine Sofie Senteret m\u00e5 man f\u00f8rst sende inn en s\u00f8knad. Det er enkelt, og [&hellip;]","og_url":"https:\/\/www.stinesofiesstiftelse.no\/stine-sofie-senteret\/sok-om-opphold\/hva-bor-soknaden-inneholde\/","og_site_name":"Stine Sofies Stiftelse","article_publisher":"https:\/\/www.facebook.com\/StineSofiesStiftelse\/","article_modified_time":"2024-08-05T11:26:08+00:00","og_image":[{"width":2560,"height":2560,"url":"https:\/\/d1713zmupob0gt.cloudfront.net\/wp-content\/uploads\/2023\/06\/20095431\/andrew-seaman-ey5zZOkYL0Q-unsplash-scaled.jpg","type":"image\/jpeg"}],"twitter_card":"summary_large_image","twitter_misc":{"Est. reading time":"2 minutes"},"schema":{"@context":"https:\/\/schema.org","@graph":[{"@type":"WebPage","@id":"https:\/\/www.stinesofiesstiftelse.no\/stine-sofie-senteret\/sok-om-opphold\/hva-bor-soknaden-inneholde\/","url":"https:\/\/www.stinesofiesstiftelse.no\/stine-sofie-senteret\/sok-om-opphold\/hva-bor-soknaden-inneholde\/","name":"Hva b\u00f8r s\u00f8knaden inneholde - Stine Sofies Stiftelse","isPartOf":{"@id":"https:\/\/www.stinesofiesstiftelse.no\/#website"},"primaryImageOfPage":{"@id":"https:\/\/www.stinesofiesstiftelse.no\/stine-sofie-senteret\/sok-om-opphold\/hva-bor-soknaden-inneholde\/#primaryimage"},"image":{"@id":"https:\/\/www.stinesofiesstiftelse.no\/stine-sofie-senteret\/sok-om-opphold\/hva-bor-soknaden-inneholde\/#primaryimage"},"thumbnailUrl":"https:\/\/d1713zmupob0gt.cloudfront.net\/wp-content\/uploads\/2023\/06\/20095431\/andrew-seaman-ey5zZOkYL0Q-unsplash-scaled.jpg","datePublished":"2023-09-30T19:00:08+00:00","dateModified":"2024-08-05T11:26:08+00:00","breadcrumb":{"@id":"https:\/\/www.stinesofiesstiftelse.no\/stine-sofie-senteret\/sok-om-opphold\/hva-bor-soknaden-inneholde\/#breadcrumb"},"inLanguage":"sme-NO","potentialAction":[{"@type":"ReadAction","target":["https:\/\/www.stinesofiesstiftelse.no\/stine-sofie-senteret\/sok-om-opphold\/hva-bor-soknaden-inneholde\/"]}]},{"@type":"ImageObject","inLanguage":"sme-NO","@id":"https:\/\/www.stinesofiesstiftelse.no\/stine-sofie-senteret\/sok-om-opphold\/hva-bor-soknaden-inneholde\/#primaryimage","url":"https:\/\/d1713zmupob0gt.cloudfront.net\/wp-content\/uploads\/2023\/06\/20095431\/andrew-seaman-ey5zZOkYL0Q-unsplash-scaled.jpg","contentUrl":"https:\/\/d1713zmupob0gt.cloudfront.net\/wp-content\/uploads\/2023\/06\/20095431\/andrew-seaman-ey5zZOkYL0Q-unsplash-scaled.jpg","width":2560,"height":2560},{"@type":"BreadcrumbList","@id":"https:\/\/www.stinesofiesstiftelse.no\/stine-sofie-senteret\/sok-om-opphold\/hva-bor-soknaden-inneholde\/#breadcrumb","itemListElement":[{"@type":"ListItem","position":1,"name":"Hjem","item":"https:\/\/www.stinesofiesstiftelse.no\/"},{"@type":"ListItem","position":2,"name":"Stine Sofie Senteret","item":"https:\/\/www.stinesofiesstiftelse.no\/stine-sofie-senteret\/"},{"@type":"ListItem","position":3,"name":"S\u00f8k om opphold","item":"https:\/\/www.stinesofiesstiftelse.no\/stine-sofie-senteret\/sok-om-opphold\/"},{"@type":"ListItem","position":4,"name":"Hva b\u00f8r s\u00f8knaden inneholde"}]},{"@type":"WebSite","@id":"https:\/\/www.stinesofiesstiftelse.no\/#website","url":"https:\/\/www.stinesofiesstiftelse.no\/","name":"Stine Sofies Stiftelse","description":"","publisher":{"@id":"https:\/\/www.stinesofiesstiftelse.no\/#organization"},"potentialAction":[{"@type":"SearchAction","target":{"@type":"EntryPoint","urlTemplate":"https:\/\/www.stinesofiesstiftelse.no\/?s={search_term_string}"},"query-input":{"@type":"PropertyValueSpecification","valueRequired":true,"valueName":"search_term_string"}}],"inLanguage":"sme-NO"},{"@type":"Organization","@id":"https:\/\/www.stinesofiesstiftelse.no\/#organization","name":"Stine Sofies Stiftelse","url":"https:\/\/www.stinesofiesstiftelse.no\/","logo":{"@type":"ImageObject","inLanguage":"sme-NO","@id":"https:\/\/www.stinesofiesstiftelse.no\/#\/schema\/logo\/image\/","url":"https:\/\/d1713zmupob0gt.cloudfront.net\/wp-content\/uploads\/2024\/10\/19093628\/cropped-Stine_sofies_stiftelse_logosymbol.png","contentUrl":"https:\/\/d1713zmupob0gt.cloudfront.net\/wp-content\/uploads\/2024\/10\/19093628\/cropped-Stine_sofies_stiftelse_logosymbol.png","width":512,"height":512,"caption":"Stine Sofies Stiftelse"},"image":{"@id":"https:\/\/www.stinesofiesstiftelse.no\/#\/schema\/logo\/image\/"},"sameAs":["https:\/\/www.facebook.com\/StineSofiesStiftelse\/"]}]}},"mfb_rest_fields":["title","yoast_head","yoast_head_json"],"_links":{"self":[{"href":"https:\/\/www.stinesofiesstiftelse.no\/sme\/wp-json\/wp\/v2\/pages\/3374","targetHints":{"allow":["GET"]}}],"collection":[{"href":"https:\/\/www.stinesofiesstiftelse.no\/sme\/wp-json\/wp\/v2\/pages"}],"about":[{"href":"https:\/\/www.stinesofiesstiftelse.no\/sme\/wp-json\/wp\/v2\/types\/page"}],"author":[{"embeddable":true,"href":"https:\/\/www.stinesofiesstiftelse.no\/sme\/wp-json\/wp\/v2\/users\/2"}],"replies":[{"embeddable":true,"href":"https:\/\/www.stinesofiesstiftelse.no\/sme\/wp-json\/wp\/v2\/comments?post=3374"}],"version-history":[{"count":3,"href":"https:\/\/www.stinesofiesstiftelse.no\/sme\/wp-json\/wp\/v2\/pages\/3374\/revisions"}],"predecessor-version":[{"id":8456,"href":"https:\/\/www.stinesofiesstiftelse.no\/sme\/wp-json\/wp\/v2\/pages\/3374\/revisions\/8456"}],"up":[{"embeddable":true,"href":"https:\/\/www.stinesofiesstiftelse.no\/sme\/wp-json\/wp\/v2\/pages\/3335"}],"wp:featuredmedia":[{"embeddable":true,"href":"https:\/\/www.stinesofiesstiftelse.no\/sme\/wp-json\/wp\/v2\/media\/751"}],"wp:attachment":[{"href":"https:\/\/www.stinesofiesstiftelse.no\/sme\/wp-json\/wp\/v2\/media?parent=3374"}],"curies":[{"name":"wp","href":"https:\/\/api.w.org\/{rel}","templated":true}]}}