{"id":3361,"date":"2023-09-30T20:05:06","date_gmt":"2023-09-30T18:05:06","guid":{"rendered":"https:\/\/www.stinesofiesstiftelse.no\/?page_id=3361"},"modified":"2026-01-30T12:12:56","modified_gmt":"2026-01-30T11:12:56","slug":"vil-du-ikke-soke-digitalt","status":"publish","type":"page","link":"https:\/\/www.stinesofiesstiftelse.no\/sme\/stine-sofie-senteret\/sok-om-opphold\/vil-du-ikke-soke-digitalt\/","title":{"rendered":"Vil du ikke s\u00f8ke digitalt?"},"content":{"rendered":"\n<div class=\"wp-block-group alignwide sss-content-header has-global-padding is-layout-constrained wp-block-group-is-layout-constrained\" style=\"margin-top:0;margin-bottom:0\">\n<div class=\"wp-block-group is-layout-flow wp-block-group-is-layout-flow\" style=\"padding-top:4vw;padding-bottom:3vw\"><div class=\"yoast-breadcrumbs\"><span><span><a href=\"https:\/\/www.stinesofiesstiftelse.no\/\">Hjem<\/a><\/span> \u2013 <span><a href=\"https:\/\/www.stinesofiesstiftelse.no\/stine-sofie-senteret\/\">Stine Sofie Senteret<\/a><\/span> \u2013 <span><a href=\"https:\/\/www.stinesofiesstiftelse.no\/stine-sofie-senteret\/sok-om-opphold\/\">S\u00f8k om opphold<\/a><\/span> \u2013 <span class=\"breadcrumb_last\" aria-current=\"page\">Vil du ikke s\u00f8ke digitalt?<\/span><\/span><\/div>\n\n<h1 class=\"is-style-has-blob wp-block-post-title has-text-color has-primary-color\">Vil du ikke s\u00f8ke digitalt?<\/h1>\n\n\n<p>Det digitale s\u00f8knadsskjemaet er trygt \u00e5 bruke. \u00d8nsker du likevel ikke \u00e5 s\u00f8ke via skjemaet, kan du fremdeles laste ned s\u00f8knadsskjema og mal for f\u00f8lgeskriv. <\/p>\n\n\n\n<p>S\u00f8knadsskjemaet printes, fylles ut og sendes til oss i posten, sammen med f\u00f8lgeskrivet, som printes, fylles ut, stemples og signeres av den som har forfattet det.<\/p>\n\n\n\n<p>\u00d8nsker du skjemaet tilsendt eller har andre sp\u00f8rsm\u00e5l?<br>Ta kontakt p\u00e5&nbsp;<a class=\"absconditus\" data-absconditus-a=\"gfbc\" data-absconditus-b=\"fgvarfbsvrfragrerg.ab\" href=\"#\"><span data-absconditus-placeholder=\"sinfte@ntrsoeteseonepto.is\"><\/span><\/a>&nbsp;eller ring 37 29 40 90 (tastevalg 1).<\/p>\n\n\n\n<p><a href=\"https:\/\/d1713zmupob0gt.cloudfront.net\/wp-content\/uploads\/2023\/11\/29131714\/Soknad-2023.pdf\">Last ned s\u00f8knadsskjema&nbsp;<\/a>(kun om du ikke vil benytte det digitale s\u00f8knadsskjemaet)<\/p>\n\n\n\n<p><a href=\"https:\/\/d1713zmupob0gt.cloudfront.net\/wp-content\/uploads\/2023\/11\/29131718\/Folgeskriv-2023.pdf\">Last ned mal for f\u00f8lgeskriv&nbsp;<\/a>(kun om du ikke vil benytte det digitale s\u00f8knadsskjemaet)<\/p>\n\n\n\n<div style=\"height:50px\" aria-hidden=\"true\" class=\"wp-block-spacer\"><\/div>\n\n\n\n<p><em><strong>S\u00f8knad med vedlegg sendes til:<\/strong><\/em><br>Stine Sofie Senteret,<br>\u00d8sterhusmonen 35<br>4879 Grimstad.<br>Merk konvolutten med \u201cS\u00f8knad&#8221;<\/p>\n<\/div>\n\n\n\n<div class=\"wp-block-columns are-vertically-aligned-center sss-infobox has-secondary-turquoise-background-color has-background is-layout-flex wp-container-core-columns-is-layout-9e92f332 wp-block-columns-is-layout-flex\" style=\"border-radius:4px;margin-top:var(--wp--preset--spacing--40);margin-bottom:var(--wp--preset--spacing--40);padding-top:1.5em;padding-right:1.5em;padding-bottom:1.5em;padding-left:2em\">\n<div class=\"wp-block-column is-layout-flow wp-block-column-is-layout-flow\" style=\"padding-right:0;padding-left:0;flex-basis:6.5%\">\n<figure class=\"wp-block-image size-large is-resized\"><img loading=\"lazy\" decoding=\"async\" width=\"48\" height=\"48\" src=\"https:\/\/d1713zmupob0gt.cloudfront.net\/wp-content\/uploads\/2023\/06\/26195936\/info_blue.svg\" alt=\"\" class=\"wp-image-1094\" style=\"width:50px\"\/><\/figure>\n<\/div>\n\n\n\n<div class=\"wp-block-column is-vertically-aligned-center is-layout-flow wp-block-column-is-layout-flow\" style=\"flex-basis:93.5%\">\n<h3 class=\"wp-block-heading has-contrast-color has-text-color\">Har du sp\u00f8rsm\u00e5l om s\u00f8knadsprosessen?<\/h3>\n\n\n\n<p>Kontakt oss p\u00e5 <a class=\"absconditus\" data-absconditus-a=\"gfbc\" data-absconditus-b=\"fgvarfbsvrfragrerg.ab\" href=\"#\"><span data-absconditus-placeholder=\"p.ettnse@nosteoiefoirntess\"><\/span><\/a> eller ring oss p\u00e5 37 29 40 90. <\/p>\n\n\n\n<p>Alle henvendelser blir behandlet anonymt og med diskresjon.<\/p>\n<\/div>\n<\/div>\n<\/div>\n","protected":false},"excerpt":{"rendered":"<p>Det digitale s\u00f8knadsskjemaet er trygt \u00e5 bruke. \u00d8nsker du likevel ikke \u00e5 s\u00f8ke via skjemaet, kan du fremdeles laste ned [&hellip;]<\/p>\n","protected":false},"author":2,"featured_media":751,"parent":3335,"menu_order":0,"comment_status":"closed","ping_status":"closed","template":"","meta":{"_acf_changed":false,"inline_featured_image":false,"footnotes":""},"class_list":["post-3361","page","type-page","status-publish","has-post-thumbnail","hentry"],"acf":[],"mb":[],"yoast_head":"<!-- This site is optimized with the Yoast SEO plugin v27.3 - https:\/\/yoast.com\/product\/yoast-seo-wordpress\/ -->\n<title>Vil du ikke s\u00f8ke digitalt? - Stine Sofies Stiftelse<\/title>\n<meta name=\"robots\" content=\"index, follow, max-snippet:-1, max-image-preview:large, max-video-preview:-1\" \/>\n<link rel=\"canonical\" href=\"https:\/\/www.stinesofiesstiftelse.no\/stine-sofie-senteret\/sok-om-opphold\/vil-du-ikke-soke-digitalt\/\" \/>\n<meta property=\"og:locale\" content=\"en_US\" \/>\n<meta property=\"og:type\" content=\"article\" \/>\n<meta property=\"og:title\" content=\"Vil du ikke s\u00f8ke digitalt? - Stine Sofies Stiftelse\" \/>\n<meta property=\"og:description\" content=\"Det digitale s\u00f8knadsskjemaet er trygt \u00e5 bruke. \u00d8nsker du likevel ikke \u00e5 s\u00f8ke via skjemaet, kan du fremdeles laste ned [&hellip;]\" \/>\n<meta property=\"og:url\" content=\"https:\/\/www.stinesofiesstiftelse.no\/stine-sofie-senteret\/sok-om-opphold\/vil-du-ikke-soke-digitalt\/\" \/>\n<meta property=\"og:site_name\" content=\"Stine Sofies Stiftelse\" \/>\n<meta property=\"article:publisher\" content=\"https:\/\/www.facebook.com\/StineSofiesStiftelse\/\" \/>\n<meta property=\"article:modified_time\" content=\"2026-01-30T11:12:56+00:00\" \/>\n<meta property=\"og:image\" content=\"https:\/\/d1713zmupob0gt.cloudfront.net\/wp-content\/uploads\/2023\/06\/20095431\/andrew-seaman-ey5zZOkYL0Q-unsplash-scaled.jpg\" \/>\n\t<meta property=\"og:image:width\" content=\"2560\" \/>\n\t<meta property=\"og:image:height\" content=\"2560\" \/>\n\t<meta property=\"og:image:type\" content=\"image\/jpeg\" \/>\n<meta name=\"twitter:card\" content=\"summary_large_image\" \/>\n<meta name=\"twitter:label1\" content=\"Est. reading time\" \/>\n\t<meta name=\"twitter:data1\" content=\"2 minutes\" \/>\n<script type=\"application\/ld+json\" class=\"yoast-schema-graph\">{\"@context\":\"https:\\\/\\\/schema.org\",\"@graph\":[{\"@type\":\"WebPage\",\"@id\":\"https:\\\/\\\/www.stinesofiesstiftelse.no\\\/stine-sofie-senteret\\\/sok-om-opphold\\\/vil-du-ikke-soke-digitalt\\\/\",\"url\":\"https:\\\/\\\/www.stinesofiesstiftelse.no\\\/stine-sofie-senteret\\\/sok-om-opphold\\\/vil-du-ikke-soke-digitalt\\\/\",\"name\":\"Vil du ikke s\u00f8ke digitalt? - Stine Sofies Stiftelse\",\"isPartOf\":{\"@id\":\"https:\\\/\\\/www.stinesofiesstiftelse.no\\\/#website\"},\"primaryImageOfPage\":{\"@id\":\"https:\\\/\\\/www.stinesofiesstiftelse.no\\\/stine-sofie-senteret\\\/sok-om-opphold\\\/vil-du-ikke-soke-digitalt\\\/#primaryimage\"},\"image\":{\"@id\":\"https:\\\/\\\/www.stinesofiesstiftelse.no\\\/stine-sofie-senteret\\\/sok-om-opphold\\\/vil-du-ikke-soke-digitalt\\\/#primaryimage\"},\"thumbnailUrl\":\"https:\\\/\\\/d1713zmupob0gt.cloudfront.net\\\/wp-content\\\/uploads\\\/2023\\\/06\\\/20095431\\\/andrew-seaman-ey5zZOkYL0Q-unsplash-scaled.jpg\",\"datePublished\":\"2023-09-30T18:05:06+00:00\",\"dateModified\":\"2026-01-30T11:12:56+00:00\",\"breadcrumb\":{\"@id\":\"https:\\\/\\\/www.stinesofiesstiftelse.no\\\/stine-sofie-senteret\\\/sok-om-opphold\\\/vil-du-ikke-soke-digitalt\\\/#breadcrumb\"},\"inLanguage\":\"sme-NO\",\"potentialAction\":[{\"@type\":\"ReadAction\",\"target\":[\"https:\\\/\\\/www.stinesofiesstiftelse.no\\\/stine-sofie-senteret\\\/sok-om-opphold\\\/vil-du-ikke-soke-digitalt\\\/\"]}]},{\"@type\":\"ImageObject\",\"inLanguage\":\"sme-NO\",\"@id\":\"https:\\\/\\\/www.stinesofiesstiftelse.no\\\/stine-sofie-senteret\\\/sok-om-opphold\\\/vil-du-ikke-soke-digitalt\\\/#primaryimage\",\"url\":\"https:\\\/\\\/d1713zmupob0gt.cloudfront.net\\\/wp-content\\\/uploads\\\/2023\\\/06\\\/20095431\\\/andrew-seaman-ey5zZOkYL0Q-unsplash-scaled.jpg\",\"contentUrl\":\"https:\\\/\\\/d1713zmupob0gt.cloudfront.net\\\/wp-content\\\/uploads\\\/2023\\\/06\\\/20095431\\\/andrew-seaman-ey5zZOkYL0Q-unsplash-scaled.jpg\",\"width\":2560,\"height\":2560},{\"@type\":\"BreadcrumbList\",\"@id\":\"https:\\\/\\\/www.stinesofiesstiftelse.no\\\/stine-sofie-senteret\\\/sok-om-opphold\\\/vil-du-ikke-soke-digitalt\\\/#breadcrumb\",\"itemListElement\":[{\"@type\":\"ListItem\",\"position\":1,\"name\":\"Hjem\",\"item\":\"https:\\\/\\\/www.stinesofiesstiftelse.no\\\/\"},{\"@type\":\"ListItem\",\"position\":2,\"name\":\"Stine Sofie Senteret\",\"item\":\"https:\\\/\\\/www.stinesofiesstiftelse.no\\\/stine-sofie-senteret\\\/\"},{\"@type\":\"ListItem\",\"position\":3,\"name\":\"S\u00f8k om opphold\",\"item\":\"https:\\\/\\\/www.stinesofiesstiftelse.no\\\/stine-sofie-senteret\\\/sok-om-opphold\\\/\"},{\"@type\":\"ListItem\",\"position\":4,\"name\":\"Vil du ikke s\u00f8ke digitalt?\"}]},{\"@type\":\"WebSite\",\"@id\":\"https:\\\/\\\/www.stinesofiesstiftelse.no\\\/#website\",\"url\":\"https:\\\/\\\/www.stinesofiesstiftelse.no\\\/\",\"name\":\"Stine Sofies Stiftelse\",\"description\":\"\",\"publisher\":{\"@id\":\"https:\\\/\\\/www.stinesofiesstiftelse.no\\\/#organization\"},\"potentialAction\":[{\"@type\":\"SearchAction\",\"target\":{\"@type\":\"EntryPoint\",\"urlTemplate\":\"https:\\\/\\\/www.stinesofiesstiftelse.no\\\/?s={search_term_string}\"},\"query-input\":{\"@type\":\"PropertyValueSpecification\",\"valueRequired\":true,\"valueName\":\"search_term_string\"}}],\"inLanguage\":\"sme-NO\"},{\"@type\":\"Organization\",\"@id\":\"https:\\\/\\\/www.stinesofiesstiftelse.no\\\/#organization\",\"name\":\"Stine Sofies Stiftelse\",\"url\":\"https:\\\/\\\/www.stinesofiesstiftelse.no\\\/\",\"logo\":{\"@type\":\"ImageObject\",\"inLanguage\":\"sme-NO\",\"@id\":\"https:\\\/\\\/www.stinesofiesstiftelse.no\\\/#\\\/schema\\\/logo\\\/image\\\/\",\"url\":\"https:\\\/\\\/d1713zmupob0gt.cloudfront.net\\\/wp-content\\\/uploads\\\/2024\\\/10\\\/19093628\\\/cropped-Stine_sofies_stiftelse_logosymbol.png\",\"contentUrl\":\"https:\\\/\\\/d1713zmupob0gt.cloudfront.net\\\/wp-content\\\/uploads\\\/2024\\\/10\\\/19093628\\\/cropped-Stine_sofies_stiftelse_logosymbol.png\",\"width\":512,\"height\":512,\"caption\":\"Stine Sofies Stiftelse\"},\"image\":{\"@id\":\"https:\\\/\\\/www.stinesofiesstiftelse.no\\\/#\\\/schema\\\/logo\\\/image\\\/\"},\"sameAs\":[\"https:\\\/\\\/www.facebook.com\\\/StineSofiesStiftelse\\\/\"]}]}<\/script>\n<!-- \/ Yoast SEO plugin. -->","yoast_head_json":{"title":"Vil du ikke s\u00f8ke digitalt? - Stine Sofies Stiftelse","robots":{"index":"index","follow":"follow","max-snippet":"max-snippet:-1","max-image-preview":"max-image-preview:large","max-video-preview":"max-video-preview:-1"},"canonical":"https:\/\/www.stinesofiesstiftelse.no\/stine-sofie-senteret\/sok-om-opphold\/vil-du-ikke-soke-digitalt\/","og_locale":"en_US","og_type":"article","og_title":"Vil du ikke s\u00f8ke digitalt? - Stine Sofies Stiftelse","og_description":"Det digitale s\u00f8knadsskjemaet er trygt \u00e5 bruke. \u00d8nsker du likevel ikke \u00e5 s\u00f8ke via skjemaet, kan du fremdeles laste ned [&hellip;]","og_url":"https:\/\/www.stinesofiesstiftelse.no\/stine-sofie-senteret\/sok-om-opphold\/vil-du-ikke-soke-digitalt\/","og_site_name":"Stine Sofies Stiftelse","article_publisher":"https:\/\/www.facebook.com\/StineSofiesStiftelse\/","article_modified_time":"2026-01-30T11:12:56+00:00","og_image":[{"width":2560,"height":2560,"url":"https:\/\/d1713zmupob0gt.cloudfront.net\/wp-content\/uploads\/2023\/06\/20095431\/andrew-seaman-ey5zZOkYL0Q-unsplash-scaled.jpg","type":"image\/jpeg"}],"twitter_card":"summary_large_image","twitter_misc":{"Est. reading time":"2 minutes"},"schema":{"@context":"https:\/\/schema.org","@graph":[{"@type":"WebPage","@id":"https:\/\/www.stinesofiesstiftelse.no\/stine-sofie-senteret\/sok-om-opphold\/vil-du-ikke-soke-digitalt\/","url":"https:\/\/www.stinesofiesstiftelse.no\/stine-sofie-senteret\/sok-om-opphold\/vil-du-ikke-soke-digitalt\/","name":"Vil du ikke s\u00f8ke digitalt? - Stine Sofies Stiftelse","isPartOf":{"@id":"https:\/\/www.stinesofiesstiftelse.no\/#website"},"primaryImageOfPage":{"@id":"https:\/\/www.stinesofiesstiftelse.no\/stine-sofie-senteret\/sok-om-opphold\/vil-du-ikke-soke-digitalt\/#primaryimage"},"image":{"@id":"https:\/\/www.stinesofiesstiftelse.no\/stine-sofie-senteret\/sok-om-opphold\/vil-du-ikke-soke-digitalt\/#primaryimage"},"thumbnailUrl":"https:\/\/d1713zmupob0gt.cloudfront.net\/wp-content\/uploads\/2023\/06\/20095431\/andrew-seaman-ey5zZOkYL0Q-unsplash-scaled.jpg","datePublished":"2023-09-30T18:05:06+00:00","dateModified":"2026-01-30T11:12:56+00:00","breadcrumb":{"@id":"https:\/\/www.stinesofiesstiftelse.no\/stine-sofie-senteret\/sok-om-opphold\/vil-du-ikke-soke-digitalt\/#breadcrumb"},"inLanguage":"sme-NO","potentialAction":[{"@type":"ReadAction","target":["https:\/\/www.stinesofiesstiftelse.no\/stine-sofie-senteret\/sok-om-opphold\/vil-du-ikke-soke-digitalt\/"]}]},{"@type":"ImageObject","inLanguage":"sme-NO","@id":"https:\/\/www.stinesofiesstiftelse.no\/stine-sofie-senteret\/sok-om-opphold\/vil-du-ikke-soke-digitalt\/#primaryimage","url":"https:\/\/d1713zmupob0gt.cloudfront.net\/wp-content\/uploads\/2023\/06\/20095431\/andrew-seaman-ey5zZOkYL0Q-unsplash-scaled.jpg","contentUrl":"https:\/\/d1713zmupob0gt.cloudfront.net\/wp-content\/uploads\/2023\/06\/20095431\/andrew-seaman-ey5zZOkYL0Q-unsplash-scaled.jpg","width":2560,"height":2560},{"@type":"BreadcrumbList","@id":"https:\/\/www.stinesofiesstiftelse.no\/stine-sofie-senteret\/sok-om-opphold\/vil-du-ikke-soke-digitalt\/#breadcrumb","itemListElement":[{"@type":"ListItem","position":1,"name":"Hjem","item":"https:\/\/www.stinesofiesstiftelse.no\/"},{"@type":"ListItem","position":2,"name":"Stine Sofie Senteret","item":"https:\/\/www.stinesofiesstiftelse.no\/stine-sofie-senteret\/"},{"@type":"ListItem","position":3,"name":"S\u00f8k om opphold","item":"https:\/\/www.stinesofiesstiftelse.no\/stine-sofie-senteret\/sok-om-opphold\/"},{"@type":"ListItem","position":4,"name":"Vil du ikke s\u00f8ke digitalt?"}]},{"@type":"WebSite","@id":"https:\/\/www.stinesofiesstiftelse.no\/#website","url":"https:\/\/www.stinesofiesstiftelse.no\/","name":"Stine Sofies Stiftelse","description":"","publisher":{"@id":"https:\/\/www.stinesofiesstiftelse.no\/#organization"},"potentialAction":[{"@type":"SearchAction","target":{"@type":"EntryPoint","urlTemplate":"https:\/\/www.stinesofiesstiftelse.no\/?s={search_term_string}"},"query-input":{"@type":"PropertyValueSpecification","valueRequired":true,"valueName":"search_term_string"}}],"inLanguage":"sme-NO"},{"@type":"Organization","@id":"https:\/\/www.stinesofiesstiftelse.no\/#organization","name":"Stine Sofies Stiftelse","url":"https:\/\/www.stinesofiesstiftelse.no\/","logo":{"@type":"ImageObject","inLanguage":"sme-NO","@id":"https:\/\/www.stinesofiesstiftelse.no\/#\/schema\/logo\/image\/","url":"https:\/\/d1713zmupob0gt.cloudfront.net\/wp-content\/uploads\/2024\/10\/19093628\/cropped-Stine_sofies_stiftelse_logosymbol.png","contentUrl":"https:\/\/d1713zmupob0gt.cloudfront.net\/wp-content\/uploads\/2024\/10\/19093628\/cropped-Stine_sofies_stiftelse_logosymbol.png","width":512,"height":512,"caption":"Stine Sofies Stiftelse"},"image":{"@id":"https:\/\/www.stinesofiesstiftelse.no\/#\/schema\/logo\/image\/"},"sameAs":["https:\/\/www.facebook.com\/StineSofiesStiftelse\/"]}]}},"mfb_rest_fields":["title","yoast_head","yoast_head_json"],"_links":{"self":[{"href":"https:\/\/www.stinesofiesstiftelse.no\/sme\/wp-json\/wp\/v2\/pages\/3361","targetHints":{"allow":["GET"]}}],"collection":[{"href":"https:\/\/www.stinesofiesstiftelse.no\/sme\/wp-json\/wp\/v2\/pages"}],"about":[{"href":"https:\/\/www.stinesofiesstiftelse.no\/sme\/wp-json\/wp\/v2\/types\/page"}],"author":[{"embeddable":true,"href":"https:\/\/www.stinesofiesstiftelse.no\/sme\/wp-json\/wp\/v2\/users\/2"}],"replies":[{"embeddable":true,"href":"https:\/\/www.stinesofiesstiftelse.no\/sme\/wp-json\/wp\/v2\/comments?post=3361"}],"version-history":[{"count":3,"href":"https:\/\/www.stinesofiesstiftelse.no\/sme\/wp-json\/wp\/v2\/pages\/3361\/revisions"}],"predecessor-version":[{"id":13156,"href":"https:\/\/www.stinesofiesstiftelse.no\/sme\/wp-json\/wp\/v2\/pages\/3361\/revisions\/13156"}],"up":[{"embeddable":true,"href":"https:\/\/www.stinesofiesstiftelse.no\/sme\/wp-json\/wp\/v2\/pages\/3335"}],"wp:featuredmedia":[{"embeddable":true,"href":"https:\/\/www.stinesofiesstiftelse.no\/sme\/wp-json\/wp\/v2\/media\/751"}],"wp:attachment":[{"href":"https:\/\/www.stinesofiesstiftelse.no\/sme\/wp-json\/wp\/v2\/media?parent=3361"}],"curies":[{"name":"wp","href":"https:\/\/api.w.org\/{rel}","templated":true}]}}