{"id":2459,"date":"2023-08-16T08:17:53","date_gmt":"2023-08-16T08:17:53","guid":{"rendered":"https:\/\/www.stinesofiesstiftelse.no\/?page_id=2459"},"modified":"2026-01-30T11:51:04","modified_gmt":"2026-01-30T10:51:04","slug":"avbrutt","status":"publish","type":"page","link":"https:\/\/www.stinesofiesstiftelse.no\/sme\/avbrutt\/","title":{"rendered":"Oops, noe gikk galt!"},"content":{"rendered":"\n<div class=\"wp-block-group alignwide sss-content-header has-global-padding is-layout-constrained wp-block-group-is-layout-constrained\" style=\"margin-top:0;margin-bottom:0\">\n<div class=\"wp-block-group is-layout-flow wp-block-group-is-layout-flow\" style=\"padding-top:4vw;padding-bottom:3vw\"><div class=\"yoast-breadcrumbs\"><span><span><a href=\"https:\/\/www.stinesofiesstiftelse.no\/\">Hjem<\/a><\/span> \u2013 <span class=\"breadcrumb_last\" aria-current=\"page\">Oops, noe gikk galt!<\/span><\/span><\/div>\n\n<h1 class=\"is-style-has-blob wp-block-post-title has-text-color has-primary-color\">Oops, noe gikk galt!<\/h1>\n\n\n<p>Ditt fors\u00f8k p\u00e5 \u00e5 fullf\u00f8re st\u00f8tten til arbeidet v\u00e5rt  ble dessverre avbrutt eller feilet.<strong>\u00a0<a href=\"\/stottespiller\/\">Pr\u00f8v gjerne igjen<\/a>.<\/strong><\/p>\n\n\n\n<p>Hvis problemet vedvarer eller det er noe annet du lurer p\u00e5, ta gjerne kontakt med oss p\u00e5&nbsp;<a class=\"absconditus\" data-absconditus-a=\"gfbc\" data-absconditus-b=\"fgvarfbsvrffgvsgryfr.ab\" href=\"#\"><span data-absconditus-placeholder=\"fopsotlfinestotin@sseeiests.\"><\/span><\/a>&nbsp;eller telefon&nbsp;<strong>+47 37 29 40 90<\/strong><\/p>\n<\/div>\n\n\n\n<figure class=\"wp-block-image alignwide size-large\"><img loading=\"lazy\" decoding=\"async\" width=\"2560\" height=\"1440\" src=\"https:\/\/d1713zmupob0gt.cloudfront.net\/wp-content\/uploads\/2024\/04\/16143021\/Senteret_Honsehus_SH-edited-scaled.jpg\" alt=\"\" class=\"wp-image-7207\" srcset=\"https:\/\/d1713zmupob0gt.cloudfront.net\/wp-content\/uploads\/2024\/04\/16143021\/Senteret_Honsehus_SH-edited-scaled.jpg 2560w, https:\/\/d1713zmupob0gt.cloudfront.net\/wp-content\/uploads\/2024\/04\/16143021\/Senteret_Honsehus_SH-edited-300x169.jpg 300w, https:\/\/d1713zmupob0gt.cloudfront.net\/wp-content\/uploads\/2024\/04\/16143021\/Senteret_Honsehus_SH-edited-1024x576.jpg 1024w, https:\/\/d1713zmupob0gt.cloudfront.net\/wp-content\/uploads\/2024\/04\/16143021\/Senteret_Honsehus_SH-edited-768x432.jpg 768w, https:\/\/d1713zmupob0gt.cloudfront.net\/wp-content\/uploads\/2024\/04\/16143021\/Senteret_Honsehus_SH-edited-1536x864.jpg 1536w, https:\/\/d1713zmupob0gt.cloudfront.net\/wp-content\/uploads\/2024\/04\/16143021\/Senteret_Honsehus_SH-edited-2048x1152.jpg 2048w\" sizes=\"auto, (max-width: 2560px) 100vw, 2560px\" \/><\/figure>\n\n\n\n<div style=\"height:38px\" aria-hidden=\"true\" class=\"wp-block-spacer\"><\/div>\n\n\n\n<h3 class=\"wp-block-heading\">Andre m\u00e5ter \u00e5 st\u00f8tte p\u00e5:<\/h3>\n\n\n\n<div style=\"height:21px\" aria-hidden=\"true\" class=\"wp-block-spacer\"><\/div>\n\n\n\n<div class=\"wp-block-columns are-vertically-aligned-center sss-infobox has-secondary-background-color has-background is-layout-flex wp-container-core-columns-is-layout-dc012819 wp-block-columns-is-layout-flex\" style=\"border-radius:4px;margin-top:0;margin-bottom:0;padding-top:1.5em;padding-right:1.5em;padding-bottom:1.5em;padding-left:1.5em\">\n<div class=\"wp-block-column is-vertically-aligned-center is-layout-flow wp-block-column-is-layout-flow\" style=\"padding-right:0;padding-left:0;flex-basis:5%\">\n<figure class=\"wp-block-image size-full is-resized\"><img loading=\"lazy\" decoding=\"async\" width=\"310\" height=\"255\" src=\"https:\/\/d1713zmupob0gt.cloudfront.net\/wp-content\/uploads\/2024\/04\/16142023\/vipps_logoemblem_rgb.png\" alt=\"\" class=\"wp-image-7204\" style=\"width:35px;height:auto\" srcset=\"https:\/\/d1713zmupob0gt.cloudfront.net\/wp-content\/uploads\/2024\/04\/16142023\/vipps_logoemblem_rgb.png 310w, https:\/\/d1713zmupob0gt.cloudfront.net\/wp-content\/uploads\/2024\/04\/16142023\/vipps_logoemblem_rgb-300x247.png 300w\" sizes=\"auto, (max-width: 310px) 100vw, 310px\" \/><\/figure>\n<\/div>\n\n\n\n<div class=\"wp-block-column is-vertically-aligned-center is-layout-flow wp-block-column-is-layout-flow\" style=\"flex-basis:95%\">\n<p class=\"has-contrast-color has-text-color\"><strong>Gi en gave n\u00e5!<\/strong> Vipps til <strong>02349<\/strong><br><strong>Tusen takk! <\/strong><\/p>\n<\/div>\n<\/div>\n\n\n\n<div class=\"wp-block-group has-secondary-background-color has-background has-global-padding is-layout-constrained wp-container-core-group-is-layout-c385debf wp-block-group-is-layout-constrained\" style=\"padding-top:var(--wp--preset--spacing--20);padding-right:var(--wp--preset--spacing--20);padding-bottom:var(--wp--preset--spacing--20);padding-left:var(--wp--preset--spacing--20)\">\n<p class=\"is-style-leadtext\">Vil du bli fastgiver, kan du sende sms BF FADDER til 2160 (250,-\/mnd.)<\/p>\n<\/div>\n\n\n\n<p><strong>V\u00e5rt kontonummer er 9495.05.04794<\/strong><br>(Gi en gave fra utlandet? IBAN: NO1694950504794, BIC\/SWIFT; HANDNOKKXXX)<\/p>\n<\/div>\n","protected":false},"excerpt":{"rendered":"<p>Ditt fors\u00f8k p\u00e5 \u00e5 fullf\u00f8re st\u00f8tten til arbeidet v\u00e5rt ble dessverre avbrutt eller feilet.\u00a0Pr\u00f8v gjerne igjen. Hvis problemet vedvarer eller [&hellip;]<\/p>\n","protected":false},"author":1,"featured_media":0,"parent":0,"menu_order":0,"comment_status":"closed","ping_status":"closed","template":"","meta":{"_acf_changed":false,"inline_featured_image":false,"footnotes":""},"class_list":["post-2459","page","type-page","status-publish","hentry"],"acf":[],"mb":[],"yoast_head":"<!-- This site is optimized with the Yoast SEO plugin v27.3 - https:\/\/yoast.com\/product\/yoast-seo-wordpress\/ -->\n<title>Oops, noe gikk galt! - Stine Sofies Stiftelse<\/title>\n<meta name=\"robots\" content=\"index, follow, max-snippet:-1, max-image-preview:large, max-video-preview:-1\" \/>\n<link rel=\"canonical\" href=\"https:\/\/www.stinesofiesstiftelse.no\/avbrutt\/\" \/>\n<meta property=\"og:locale\" content=\"en_US\" \/>\n<meta property=\"og:type\" content=\"article\" \/>\n<meta property=\"og:title\" content=\"Oops, noe gikk galt! - Stine Sofies Stiftelse\" \/>\n<meta property=\"og:description\" content=\"Ditt fors\u00f8k p\u00e5 \u00e5 fullf\u00f8re st\u00f8tten til arbeidet v\u00e5rt ble dessverre avbrutt eller feilet.\u00a0Pr\u00f8v gjerne igjen. Hvis problemet vedvarer eller [&hellip;]\" \/>\n<meta property=\"og:url\" content=\"https:\/\/www.stinesofiesstiftelse.no\/avbrutt\/\" \/>\n<meta property=\"og:site_name\" content=\"Stine Sofies Stiftelse\" \/>\n<meta property=\"article:publisher\" content=\"https:\/\/www.facebook.com\/StineSofiesStiftelse\/\" \/>\n<meta property=\"article:modified_time\" content=\"2026-01-30T10:51:04+00:00\" \/>\n<meta property=\"og:image\" content=\"https:\/\/www.stinesofiesstiftelse.no\/wp-content\/uploads\/2024\/04\/Senteret_Honsehus_SH-edited-scaled.jpg\" \/>\n<meta name=\"twitter:card\" content=\"summary_large_image\" \/>\n<meta name=\"twitter:label1\" content=\"Est. reading time\" \/>\n\t<meta name=\"twitter:data1\" content=\"1 minute\" \/>\n<script type=\"application\/ld+json\" class=\"yoast-schema-graph\">{\"@context\":\"https:\\\/\\\/schema.org\",\"@graph\":[{\"@type\":\"WebPage\",\"@id\":\"https:\\\/\\\/www.stinesofiesstiftelse.no\\\/avbrutt\\\/\",\"url\":\"https:\\\/\\\/www.stinesofiesstiftelse.no\\\/avbrutt\\\/\",\"name\":\"Oops, noe gikk galt! - Stine Sofies Stiftelse\",\"isPartOf\":{\"@id\":\"https:\\\/\\\/www.stinesofiesstiftelse.no\\\/#website\"},\"primaryImageOfPage\":{\"@id\":\"https:\\\/\\\/www.stinesofiesstiftelse.no\\\/avbrutt\\\/#primaryimage\"},\"image\":{\"@id\":\"https:\\\/\\\/www.stinesofiesstiftelse.no\\\/avbrutt\\\/#primaryimage\"},\"thumbnailUrl\":\"https:\\\/\\\/www.stinesofiesstiftelse.no\\\/wp-content\\\/uploads\\\/2024\\\/04\\\/Senteret_Honsehus_SH-edited-scaled.jpg\",\"datePublished\":\"2023-08-16T08:17:53+00:00\",\"dateModified\":\"2026-01-30T10:51:04+00:00\",\"breadcrumb\":{\"@id\":\"https:\\\/\\\/www.stinesofiesstiftelse.no\\\/avbrutt\\\/#breadcrumb\"},\"inLanguage\":\"sme-NO\",\"potentialAction\":[{\"@type\":\"ReadAction\",\"target\":[\"https:\\\/\\\/www.stinesofiesstiftelse.no\\\/avbrutt\\\/\"]}]},{\"@type\":\"ImageObject\",\"inLanguage\":\"sme-NO\",\"@id\":\"https:\\\/\\\/www.stinesofiesstiftelse.no\\\/avbrutt\\\/#primaryimage\",\"url\":\"https:\\\/\\\/www.stinesofiesstiftelse.no\\\/wp-content\\\/uploads\\\/2024\\\/04\\\/Senteret_Honsehus_SH-edited-scaled.jpg\",\"contentUrl\":\"https:\\\/\\\/www.stinesofiesstiftelse.no\\\/wp-content\\\/uploads\\\/2024\\\/04\\\/Senteret_Honsehus_SH-edited-scaled.jpg\"},{\"@type\":\"BreadcrumbList\",\"@id\":\"https:\\\/\\\/www.stinesofiesstiftelse.no\\\/avbrutt\\\/#breadcrumb\",\"itemListElement\":[{\"@type\":\"ListItem\",\"position\":1,\"name\":\"Hjem\",\"item\":\"https:\\\/\\\/www.stinesofiesstiftelse.no\\\/\"},{\"@type\":\"ListItem\",\"position\":2,\"name\":\"Oops, noe gikk galt!\"}]},{\"@type\":\"WebSite\",\"@id\":\"https:\\\/\\\/www.stinesofiesstiftelse.no\\\/#website\",\"url\":\"https:\\\/\\\/www.stinesofiesstiftelse.no\\\/\",\"name\":\"Stine Sofies Stiftelse\",\"description\":\"\",\"publisher\":{\"@id\":\"https:\\\/\\\/www.stinesofiesstiftelse.no\\\/#organization\"},\"potentialAction\":[{\"@type\":\"SearchAction\",\"target\":{\"@type\":\"EntryPoint\",\"urlTemplate\":\"https:\\\/\\\/www.stinesofiesstiftelse.no\\\/?s={search_term_string}\"},\"query-input\":{\"@type\":\"PropertyValueSpecification\",\"valueRequired\":true,\"valueName\":\"search_term_string\"}}],\"inLanguage\":\"sme-NO\"},{\"@type\":\"Organization\",\"@id\":\"https:\\\/\\\/www.stinesofiesstiftelse.no\\\/#organization\",\"name\":\"Stine Sofies Stiftelse\",\"url\":\"https:\\\/\\\/www.stinesofiesstiftelse.no\\\/\",\"logo\":{\"@type\":\"ImageObject\",\"inLanguage\":\"sme-NO\",\"@id\":\"https:\\\/\\\/www.stinesofiesstiftelse.no\\\/#\\\/schema\\\/logo\\\/image\\\/\",\"url\":\"https:\\\/\\\/d1713zmupob0gt.cloudfront.net\\\/wp-content\\\/uploads\\\/2024\\\/10\\\/19093628\\\/cropped-Stine_sofies_stiftelse_logosymbol.png\",\"contentUrl\":\"https:\\\/\\\/d1713zmupob0gt.cloudfront.net\\\/wp-content\\\/uploads\\\/2024\\\/10\\\/19093628\\\/cropped-Stine_sofies_stiftelse_logosymbol.png\",\"width\":512,\"height\":512,\"caption\":\"Stine Sofies Stiftelse\"},\"image\":{\"@id\":\"https:\\\/\\\/www.stinesofiesstiftelse.no\\\/#\\\/schema\\\/logo\\\/image\\\/\"},\"sameAs\":[\"https:\\\/\\\/www.facebook.com\\\/StineSofiesStiftelse\\\/\"]}]}<\/script>\n<!-- \/ Yoast SEO plugin. -->","yoast_head_json":{"title":"Oops, noe gikk galt! - Stine Sofies Stiftelse","robots":{"index":"index","follow":"follow","max-snippet":"max-snippet:-1","max-image-preview":"max-image-preview:large","max-video-preview":"max-video-preview:-1"},"canonical":"https:\/\/www.stinesofiesstiftelse.no\/avbrutt\/","og_locale":"en_US","og_type":"article","og_title":"Oops, noe gikk galt! - Stine Sofies Stiftelse","og_description":"Ditt fors\u00f8k p\u00e5 \u00e5 fullf\u00f8re st\u00f8tten til arbeidet v\u00e5rt ble dessverre avbrutt eller feilet.\u00a0Pr\u00f8v gjerne igjen. Hvis problemet vedvarer eller [&hellip;]","og_url":"https:\/\/www.stinesofiesstiftelse.no\/avbrutt\/","og_site_name":"Stine Sofies Stiftelse","article_publisher":"https:\/\/www.facebook.com\/StineSofiesStiftelse\/","article_modified_time":"2026-01-30T10:51:04+00:00","og_image":[{"url":"https:\/\/www.stinesofiesstiftelse.no\/wp-content\/uploads\/2024\/04\/Senteret_Honsehus_SH-edited-scaled.jpg","type":"","width":"","height":""}],"twitter_card":"summary_large_image","twitter_misc":{"Est. reading time":"1 minute"},"schema":{"@context":"https:\/\/schema.org","@graph":[{"@type":"WebPage","@id":"https:\/\/www.stinesofiesstiftelse.no\/avbrutt\/","url":"https:\/\/www.stinesofiesstiftelse.no\/avbrutt\/","name":"Oops, noe gikk galt! - Stine Sofies Stiftelse","isPartOf":{"@id":"https:\/\/www.stinesofiesstiftelse.no\/#website"},"primaryImageOfPage":{"@id":"https:\/\/www.stinesofiesstiftelse.no\/avbrutt\/#primaryimage"},"image":{"@id":"https:\/\/www.stinesofiesstiftelse.no\/avbrutt\/#primaryimage"},"thumbnailUrl":"https:\/\/www.stinesofiesstiftelse.no\/wp-content\/uploads\/2024\/04\/Senteret_Honsehus_SH-edited-scaled.jpg","datePublished":"2023-08-16T08:17:53+00:00","dateModified":"2026-01-30T10:51:04+00:00","breadcrumb":{"@id":"https:\/\/www.stinesofiesstiftelse.no\/avbrutt\/#breadcrumb"},"inLanguage":"sme-NO","potentialAction":[{"@type":"ReadAction","target":["https:\/\/www.stinesofiesstiftelse.no\/avbrutt\/"]}]},{"@type":"ImageObject","inLanguage":"sme-NO","@id":"https:\/\/www.stinesofiesstiftelse.no\/avbrutt\/#primaryimage","url":"https:\/\/www.stinesofiesstiftelse.no\/wp-content\/uploads\/2024\/04\/Senteret_Honsehus_SH-edited-scaled.jpg","contentUrl":"https:\/\/www.stinesofiesstiftelse.no\/wp-content\/uploads\/2024\/04\/Senteret_Honsehus_SH-edited-scaled.jpg"},{"@type":"BreadcrumbList","@id":"https:\/\/www.stinesofiesstiftelse.no\/avbrutt\/#breadcrumb","itemListElement":[{"@type":"ListItem","position":1,"name":"Hjem","item":"https:\/\/www.stinesofiesstiftelse.no\/"},{"@type":"ListItem","position":2,"name":"Oops, noe gikk galt!"}]},{"@type":"WebSite","@id":"https:\/\/www.stinesofiesstiftelse.no\/#website","url":"https:\/\/www.stinesofiesstiftelse.no\/","name":"Stine Sofies Stiftelse","description":"","publisher":{"@id":"https:\/\/www.stinesofiesstiftelse.no\/#organization"},"potentialAction":[{"@type":"SearchAction","target":{"@type":"EntryPoint","urlTemplate":"https:\/\/www.stinesofiesstiftelse.no\/?s={search_term_string}"},"query-input":{"@type":"PropertyValueSpecification","valueRequired":true,"valueName":"search_term_string"}}],"inLanguage":"sme-NO"},{"@type":"Organization","@id":"https:\/\/www.stinesofiesstiftelse.no\/#organization","name":"Stine Sofies Stiftelse","url":"https:\/\/www.stinesofiesstiftelse.no\/","logo":{"@type":"ImageObject","inLanguage":"sme-NO","@id":"https:\/\/www.stinesofiesstiftelse.no\/#\/schema\/logo\/image\/","url":"https:\/\/d1713zmupob0gt.cloudfront.net\/wp-content\/uploads\/2024\/10\/19093628\/cropped-Stine_sofies_stiftelse_logosymbol.png","contentUrl":"https:\/\/d1713zmupob0gt.cloudfront.net\/wp-content\/uploads\/2024\/10\/19093628\/cropped-Stine_sofies_stiftelse_logosymbol.png","width":512,"height":512,"caption":"Stine Sofies Stiftelse"},"image":{"@id":"https:\/\/www.stinesofiesstiftelse.no\/#\/schema\/logo\/image\/"},"sameAs":["https:\/\/www.facebook.com\/StineSofiesStiftelse\/"]}]}},"mfb_rest_fields":["title","yoast_head","yoast_head_json"],"_links":{"self":[{"href":"https:\/\/www.stinesofiesstiftelse.no\/sme\/wp-json\/wp\/v2\/pages\/2459","targetHints":{"allow":["GET"]}}],"collection":[{"href":"https:\/\/www.stinesofiesstiftelse.no\/sme\/wp-json\/wp\/v2\/pages"}],"about":[{"href":"https:\/\/www.stinesofiesstiftelse.no\/sme\/wp-json\/wp\/v2\/types\/page"}],"author":[{"embeddable":true,"href":"https:\/\/www.stinesofiesstiftelse.no\/sme\/wp-json\/wp\/v2\/users\/1"}],"replies":[{"embeddable":true,"href":"https:\/\/www.stinesofiesstiftelse.no\/sme\/wp-json\/wp\/v2\/comments?post=2459"}],"version-history":[{"count":3,"href":"https:\/\/www.stinesofiesstiftelse.no\/sme\/wp-json\/wp\/v2\/pages\/2459\/revisions"}],"predecessor-version":[{"id":13150,"href":"https:\/\/www.stinesofiesstiftelse.no\/sme\/wp-json\/wp\/v2\/pages\/2459\/revisions\/13150"}],"wp:attachment":[{"href":"https:\/\/www.stinesofiesstiftelse.no\/sme\/wp-json\/wp\/v2\/media?parent=2459"}],"curies":[{"name":"wp","href":"https:\/\/api.w.org\/{rel}","templated":true}]}}