{"id":13915,"date":"2026-03-09T12:27:50","date_gmt":"2026-03-09T11:27:50","guid":{"rendered":"https:\/\/www.stinesofiesstiftelse.no\/?page_id=13915"},"modified":"2026-03-09T12:27:50","modified_gmt":"2026-03-09T11:27:50","slug":"vedtekter","status":"publish","type":"page","link":"https:\/\/www.stinesofiesstiftelse.no\/sme\/om-oss\/organisasjonen-og-styret\/vedtekter\/","title":{"rendered":"Vedtekter"},"content":{"rendered":"\n<div class=\"wp-block-group alignwide sss-content-header has-global-padding is-layout-constrained wp-block-group-is-layout-constrained\" style=\"margin-top:0;margin-bottom:0\">\n<div class=\"wp-block-group is-layout-flow wp-block-group-is-layout-flow\" style=\"padding-top:4vw;padding-bottom:0vw\"><div class=\"yoast-breadcrumbs\"><span><span><a href=\"https:\/\/www.stinesofiesstiftelse.no\/\">Hjem<\/a><\/span> \u2013 <span><a href=\"https:\/\/www.stinesofiesstiftelse.no\/om-oss\/\">Om oss<\/a><\/span> \u2013 <span><a href=\"https:\/\/www.stinesofiesstiftelse.no\/om-oss\/organisasjonen-og-styret\/\">Organisering<\/a><\/span> \u2013 <span class=\"breadcrumb_last\" aria-current=\"page\">Vedtekter<\/span><\/span><\/div>\n\n<h1 class=\"is-style-has-blob wp-block-post-title has-text-color has-primary-color\">Vedtekter<\/h1>\n\n\n<p class=\"is-style-default\">Her finner du en oversikt over vedtektene til Stine Sofies Stiftelse, vedtatt av styret til stiftelsen.<\/p>\n<\/div>\n<\/div>\n\n\n\n<p><strong>\u00a7 1<\/strong><br>Det opprettes en stiftelse der minnet etter barnedrapene i Baneheia i Kristiansand den 19. mai 2000 skal bidra til \u00e5 sikre stiftelsens form\u00e5l.\u00a0<\/p>\n\n\n\n<p><strong>\u00a7 2<\/strong><br>Stiftelsen er hjemmeh\u00f8rende i Grimstad kommune. Stiftelsen er en privat stiftelse i tr\u00e5d med stiftelseslovens kapittel. I, II og IV.<\/p>\n\n\n\n<p><strong>\u00a7 3<\/strong><br>Stiftelsens form\u00e5l er \u00e5 arbeide for at barn som utsettes for kriminelle handlinger sikres et bedre\u00a0rettsvern i kriminalpolitikken og innenfor v\u00e5rt rettssystem. Stiftelsen skal med sin kapital og avkastning av kapital bidra til konkrete prosjekter som kan bidra til \u00e5 trygge barns rettssikkerhet som offer for kriminelle handlinger, og at barn skal kunne ferdes trygt i samfunnet uten \u00e5 bli utsatt for vold\/overgrep, seksuelle traumer og drap. Stiftelsen skal ogs\u00e5 s\u00f8rge for at barn som utsettes for kriminelle handlinger sikres bedre oppf\u00f8lging og ivaretakelse i etterkant av den kriminelle handling.<\/p>\n\n\n\n<p>Stiftelsen b\u00f8r ogs\u00e5 drive vitenskapelig forskning p\u00e5 de aktuelle fagomr\u00e5dene.<\/p>\n\n\n\n<p><strong>\u00a7 4<\/strong><br>Styret foretar n\u00f8dvendige ansettelser og\u00a0utpeker en daglig leder. Instruks for daglig leder fastsettes av styret.<\/p>\n\n\n\n<p><strong>\u00a7 5<\/strong><br>Stiftelsen ledes av et styre p\u00e5 minimum 5 personer og maksimum 8 personer med en leder og\u00a0en nestleder. Styremedlemmer velges for 2 \u00e5r. Gjenvalg kan finne sted, dog slik at ingen kan\u00a0v\u00e6re styremedlemmer for mer enn 4 perioder. Unntaksvis kan medlemmet ved utl\u00f8pet av funksjonstiden fortsette sitt verv i ytterligere 2 \u00e5r, dersom flertallet av de \u00f8vrige\u00a0styremedlemmer anmoder om det.\u00a0\u00a0Stiftelsens grunnleggere er Ada Sofie Austegard og Bente Bergseth. Ada Sofie Austegard kan til enhver tid sitte i styret uavhengig av\u00a0overst\u00e5ende begrensning. Ada Sofie Austegard kan oppnevne en av sine etterkommere i rett\u00a0linje til \u00e5 overta hennes faste plass i styret. Den som innehar denne styreplassen, har ogs\u00e5\u00a0oppnevningsrett p\u00e5 sin etterf\u00f8lger, etter samme prinsipp. Dersom styremedlemmet ikke er i stand til \u00e5 oppnevne\u00a0sin etterf\u00f8lger, foretar styret denne oppnevningen. N\u00e5r styremedlemmer er p\u00e5 valg, velges\u00a0nye styremedlemmer p\u00e5 \u00e5rsm\u00f8te eller ekstraordin\u00e6rt \u00e5rsm\u00f8te. Det sittende styret skal ha\u00a0ansvar for rekruttering av nye styremedlemmer. Styret skal ha en sammensetning av\u00a0personer som har kompetanse og engasjement for \u00e5 sikre stiftelsens form\u00e5l.\u00a0Styremedlemmer kan ikke inneha verv eller stilling i organisasjoner\/bedrifter med tilst\u00f8tende\u00a0virksomhet til Stiftelsen. Styremedlemmer og daglig leders habilitet vurderes fra sak til sak. Et styremedlem eller\u00a0daglig leder kan ikke delta i behandlingen av en sak med s\u00e6rlig betydning for ham\/henne\u00a0eller for hans\/hennes n\u00e6rst\u00e5ende, herunder hvor vedkommende har fremtredende personlig\u00a0eller \u00f8konomisk s\u00e6rinteresse i saken.\u00a0<\/p>\n\n\n\n<p><strong>\u00a7 6<\/strong><br>Styret er stiftelsen h\u00f8yeste organ og har ansvaret for \u00e5 forvalte stiftelsens midler i tr\u00e5d med stiftelsens form\u00e5l. Disposisjoner som reduserer stiftelsens grunnkapital og utspill fra stiftelsen i viktige holdningssp\u00f8rsm\u00e5l krever tilslutning fra \u00be av styrets medlemmer.<\/p>\n\n\n\n<p><strong>\u00a7 7<\/strong><br>Stiftelsen er beslutningsdyktig n\u00e5r flere enn halvparten er til stede og ved simpelt flertall. Styret har myndighet til \u00e5 endre vedtektene. Vedtektsendringer krever enstemmighet. Vedtektsendringer m\u00e5 registreres og godkjennes av Lotteri- og stiftelsestilsynet.<\/p>\n\n\n\n<p><strong>\u00a7 8<\/strong><br>Stiftelsens grunnkapital er p\u00e5 kr 5.000.000. Det forutsettes at kapitalen senere vil bli \u00f8ket ved innsamlinger,\u00a0gaver, st\u00f8ttemedlemskap\u00a0og annet. Kapitalen og avkastningen av denne skal benyttes til stiftelsens form\u00e5l. Dersom avkastningene, eller deler av denne et \u00e5r ikke blir benyttet, overf\u00f8res midlene til bruk i det p\u00e5f\u00f8lgende eller senere \u00e5r.<\/p>\n\n\n\n<p><strong>\u00a7 9<\/strong><br>Stiftelsens kapital plasseres og forvaltes av styret iht. stiftelsesloven \u00a7 18. Stiftelsens samlede kapital skal til enhver tid forvaltes slik at sikkerheten ivaretas p\u00e5 en forsvarlig m\u00e5te og at avkastningen blir best mulig for \u00e5 ivareta form\u00e5let. Stiftelsens regnskaper skal revideres av registrert eller statsautorisert revisor.<\/p>\n\n\n\n<p><strong>\u00a7 10<\/strong><br>Styret avholder m\u00f8te etter skriftlig innkalling fra styres leder og\/ eller daglig leder med minst 1 ukes varsel, eller n\u00e5r to styremedlemmer krever det. Styret skal hvert \u00e5r innen utgangen av juni avholde \u00e5rsm\u00f8te der \u00e5rsberetning, stiftelsens regnskap og revisors rapport skal behandles.<\/p>\n\n\n\n<p><strong>\u00a7 11<br><\/strong>Stiftelsen kan avvikles hvis et flertall av styrets medlemmer p\u00e5 to p\u00e5f\u00f8lgende \u00e5rsm\u00f8ter med minimum et \u00e5rs mellomrom vedtar dette. Gjenv\u00e6rende midler skal da benyttes til aktiviteter i tr\u00e5d med stiftelsens form\u00e5lsparagraf.<\/p>\n\n\n\n<p><em>Grimstad\/ Oslo, 15.10.25<\/em><\/p>\n","protected":false},"excerpt":{"rendered":"<p>Her finner du en oversikt over vedtektene til Stine Sofies Stiftelse, vedtatt av styret til stiftelsen. \u00a7 1Det opprettes en [&hellip;]<\/p>\n","protected":false},"author":5,"featured_media":0,"parent":4034,"menu_order":0,"comment_status":"closed","ping_status":"closed","template":"","meta":{"_acf_changed":false,"inline_featured_image":false,"footnotes":""},"class_list":["post-13915","page","type-page","status-publish","hentry"],"acf":[],"mb":[],"yoast_head":"<!-- This site is optimized with the Yoast SEO plugin v27.3 - https:\/\/yoast.com\/product\/yoast-seo-wordpress\/ -->\n<title>Vedtekter - Stine Sofies Stiftelse<\/title>\n<meta name=\"description\" content=\"Her finner du en oversikt over vedtektene til Stine Sofies Stiftelse, vedtatt av styret til stiftelsen.\" \/>\n<meta name=\"robots\" content=\"index, follow, max-snippet:-1, max-image-preview:large, max-video-preview:-1\" \/>\n<link rel=\"canonical\" href=\"https:\/\/www.stinesofiesstiftelse.no\/om-oss\/organisasjonen-og-styret\/vedtekter\/\" \/>\n<meta property=\"og:locale\" content=\"en_US\" \/>\n<meta property=\"og:type\" content=\"article\" \/>\n<meta property=\"og:title\" content=\"Vedtekter - Stine Sofies Stiftelse\" \/>\n<meta property=\"og:description\" content=\"Her finner du en oversikt over vedtektene til Stine Sofies Stiftelse, vedtatt av styret til stiftelsen.\" \/>\n<meta property=\"og:url\" content=\"https:\/\/www.stinesofiesstiftelse.no\/om-oss\/organisasjonen-og-styret\/vedtekter\/\" \/>\n<meta property=\"og:site_name\" content=\"Stine Sofies Stiftelse\" \/>\n<meta property=\"article:publisher\" content=\"https:\/\/www.facebook.com\/StineSofiesStiftelse\/\" \/>\n<meta name=\"twitter:card\" content=\"summary_large_image\" \/>\n<meta name=\"twitter:label1\" content=\"Est. reading time\" \/>\n\t<meta name=\"twitter:data1\" content=\"4 minutes\" \/>\n<script type=\"application\/ld+json\" class=\"yoast-schema-graph\">{\"@context\":\"https:\\\/\\\/schema.org\",\"@graph\":[{\"@type\":\"WebPage\",\"@id\":\"https:\\\/\\\/www.stinesofiesstiftelse.no\\\/om-oss\\\/organisasjonen-og-styret\\\/vedtekter\\\/\",\"url\":\"https:\\\/\\\/www.stinesofiesstiftelse.no\\\/om-oss\\\/organisasjonen-og-styret\\\/vedtekter\\\/\",\"name\":\"Vedtekter - Stine Sofies Stiftelse\",\"isPartOf\":{\"@id\":\"https:\\\/\\\/www.stinesofiesstiftelse.no\\\/#website\"},\"datePublished\":\"2026-03-09T11:27:50+00:00\",\"description\":\"Her finner du en oversikt over vedtektene til Stine Sofies Stiftelse, vedtatt av styret til stiftelsen.\",\"breadcrumb\":{\"@id\":\"https:\\\/\\\/www.stinesofiesstiftelse.no\\\/om-oss\\\/organisasjonen-og-styret\\\/vedtekter\\\/#breadcrumb\"},\"inLanguage\":\"sme-NO\",\"potentialAction\":[{\"@type\":\"ReadAction\",\"target\":[\"https:\\\/\\\/www.stinesofiesstiftelse.no\\\/om-oss\\\/organisasjonen-og-styret\\\/vedtekter\\\/\"]}]},{\"@type\":\"BreadcrumbList\",\"@id\":\"https:\\\/\\\/www.stinesofiesstiftelse.no\\\/om-oss\\\/organisasjonen-og-styret\\\/vedtekter\\\/#breadcrumb\",\"itemListElement\":[{\"@type\":\"ListItem\",\"position\":1,\"name\":\"Hjem\",\"item\":\"https:\\\/\\\/www.stinesofiesstiftelse.no\\\/\"},{\"@type\":\"ListItem\",\"position\":2,\"name\":\"Om oss\",\"item\":\"https:\\\/\\\/www.stinesofiesstiftelse.no\\\/om-oss\\\/\"},{\"@type\":\"ListItem\",\"position\":3,\"name\":\"Organisering\",\"item\":\"https:\\\/\\\/www.stinesofiesstiftelse.no\\\/om-oss\\\/organisasjonen-og-styret\\\/\"},{\"@type\":\"ListItem\",\"position\":4,\"name\":\"Vedtekter\"}]},{\"@type\":\"WebSite\",\"@id\":\"https:\\\/\\\/www.stinesofiesstiftelse.no\\\/#website\",\"url\":\"https:\\\/\\\/www.stinesofiesstiftelse.no\\\/\",\"name\":\"Stine Sofies Stiftelse\",\"description\":\"\",\"publisher\":{\"@id\":\"https:\\\/\\\/www.stinesofiesstiftelse.no\\\/#organization\"},\"potentialAction\":[{\"@type\":\"SearchAction\",\"target\":{\"@type\":\"EntryPoint\",\"urlTemplate\":\"https:\\\/\\\/www.stinesofiesstiftelse.no\\\/?s={search_term_string}\"},\"query-input\":{\"@type\":\"PropertyValueSpecification\",\"valueRequired\":true,\"valueName\":\"search_term_string\"}}],\"inLanguage\":\"sme-NO\"},{\"@type\":\"Organization\",\"@id\":\"https:\\\/\\\/www.stinesofiesstiftelse.no\\\/#organization\",\"name\":\"Stine Sofies Stiftelse\",\"url\":\"https:\\\/\\\/www.stinesofiesstiftelse.no\\\/\",\"logo\":{\"@type\":\"ImageObject\",\"inLanguage\":\"sme-NO\",\"@id\":\"https:\\\/\\\/www.stinesofiesstiftelse.no\\\/#\\\/schema\\\/logo\\\/image\\\/\",\"url\":\"https:\\\/\\\/d1713zmupob0gt.cloudfront.net\\\/wp-content\\\/uploads\\\/2024\\\/10\\\/19093628\\\/cropped-Stine_sofies_stiftelse_logosymbol.png\",\"contentUrl\":\"https:\\\/\\\/d1713zmupob0gt.cloudfront.net\\\/wp-content\\\/uploads\\\/2024\\\/10\\\/19093628\\\/cropped-Stine_sofies_stiftelse_logosymbol.png\",\"width\":512,\"height\":512,\"caption\":\"Stine Sofies Stiftelse\"},\"image\":{\"@id\":\"https:\\\/\\\/www.stinesofiesstiftelse.no\\\/#\\\/schema\\\/logo\\\/image\\\/\"},\"sameAs\":[\"https:\\\/\\\/www.facebook.com\\\/StineSofiesStiftelse\\\/\"]}]}<\/script>\n<!-- \/ Yoast SEO plugin. -->","yoast_head_json":{"title":"Vedtekter - Stine Sofies Stiftelse","description":"Her finner du en oversikt over vedtektene til Stine Sofies Stiftelse, vedtatt av styret til stiftelsen.","robots":{"index":"index","follow":"follow","max-snippet":"max-snippet:-1","max-image-preview":"max-image-preview:large","max-video-preview":"max-video-preview:-1"},"canonical":"https:\/\/www.stinesofiesstiftelse.no\/om-oss\/organisasjonen-og-styret\/vedtekter\/","og_locale":"en_US","og_type":"article","og_title":"Vedtekter - Stine Sofies Stiftelse","og_description":"Her finner du en oversikt over vedtektene til Stine Sofies Stiftelse, vedtatt av styret til stiftelsen.","og_url":"https:\/\/www.stinesofiesstiftelse.no\/om-oss\/organisasjonen-og-styret\/vedtekter\/","og_site_name":"Stine Sofies Stiftelse","article_publisher":"https:\/\/www.facebook.com\/StineSofiesStiftelse\/","twitter_card":"summary_large_image","twitter_misc":{"Est. reading time":"4 minutes"},"schema":{"@context":"https:\/\/schema.org","@graph":[{"@type":"WebPage","@id":"https:\/\/www.stinesofiesstiftelse.no\/om-oss\/organisasjonen-og-styret\/vedtekter\/","url":"https:\/\/www.stinesofiesstiftelse.no\/om-oss\/organisasjonen-og-styret\/vedtekter\/","name":"Vedtekter - Stine Sofies Stiftelse","isPartOf":{"@id":"https:\/\/www.stinesofiesstiftelse.no\/#website"},"datePublished":"2026-03-09T11:27:50+00:00","description":"Her finner du en oversikt over vedtektene til Stine Sofies Stiftelse, vedtatt av styret til stiftelsen.","breadcrumb":{"@id":"https:\/\/www.stinesofiesstiftelse.no\/om-oss\/organisasjonen-og-styret\/vedtekter\/#breadcrumb"},"inLanguage":"sme-NO","potentialAction":[{"@type":"ReadAction","target":["https:\/\/www.stinesofiesstiftelse.no\/om-oss\/organisasjonen-og-styret\/vedtekter\/"]}]},{"@type":"BreadcrumbList","@id":"https:\/\/www.stinesofiesstiftelse.no\/om-oss\/organisasjonen-og-styret\/vedtekter\/#breadcrumb","itemListElement":[{"@type":"ListItem","position":1,"name":"Hjem","item":"https:\/\/www.stinesofiesstiftelse.no\/"},{"@type":"ListItem","position":2,"name":"Om oss","item":"https:\/\/www.stinesofiesstiftelse.no\/om-oss\/"},{"@type":"ListItem","position":3,"name":"Organisering","item":"https:\/\/www.stinesofiesstiftelse.no\/om-oss\/organisasjonen-og-styret\/"},{"@type":"ListItem","position":4,"name":"Vedtekter"}]},{"@type":"WebSite","@id":"https:\/\/www.stinesofiesstiftelse.no\/#website","url":"https:\/\/www.stinesofiesstiftelse.no\/","name":"Stine Sofies Stiftelse","description":"","publisher":{"@id":"https:\/\/www.stinesofiesstiftelse.no\/#organization"},"potentialAction":[{"@type":"SearchAction","target":{"@type":"EntryPoint","urlTemplate":"https:\/\/www.stinesofiesstiftelse.no\/?s={search_term_string}"},"query-input":{"@type":"PropertyValueSpecification","valueRequired":true,"valueName":"search_term_string"}}],"inLanguage":"sme-NO"},{"@type":"Organization","@id":"https:\/\/www.stinesofiesstiftelse.no\/#organization","name":"Stine Sofies Stiftelse","url":"https:\/\/www.stinesofiesstiftelse.no\/","logo":{"@type":"ImageObject","inLanguage":"sme-NO","@id":"https:\/\/www.stinesofiesstiftelse.no\/#\/schema\/logo\/image\/","url":"https:\/\/d1713zmupob0gt.cloudfront.net\/wp-content\/uploads\/2024\/10\/19093628\/cropped-Stine_sofies_stiftelse_logosymbol.png","contentUrl":"https:\/\/d1713zmupob0gt.cloudfront.net\/wp-content\/uploads\/2024\/10\/19093628\/cropped-Stine_sofies_stiftelse_logosymbol.png","width":512,"height":512,"caption":"Stine Sofies Stiftelse"},"image":{"@id":"https:\/\/www.stinesofiesstiftelse.no\/#\/schema\/logo\/image\/"},"sameAs":["https:\/\/www.facebook.com\/StineSofiesStiftelse\/"]}]}},"mfb_rest_fields":["title","yoast_head","yoast_head_json"],"_links":{"self":[{"href":"https:\/\/www.stinesofiesstiftelse.no\/sme\/wp-json\/wp\/v2\/pages\/13915","targetHints":{"allow":["GET"]}}],"collection":[{"href":"https:\/\/www.stinesofiesstiftelse.no\/sme\/wp-json\/wp\/v2\/pages"}],"about":[{"href":"https:\/\/www.stinesofiesstiftelse.no\/sme\/wp-json\/wp\/v2\/types\/page"}],"author":[{"embeddable":true,"href":"https:\/\/www.stinesofiesstiftelse.no\/sme\/wp-json\/wp\/v2\/users\/5"}],"replies":[{"embeddable":true,"href":"https:\/\/www.stinesofiesstiftelse.no\/sme\/wp-json\/wp\/v2\/comments?post=13915"}],"version-history":[{"count":2,"href":"https:\/\/www.stinesofiesstiftelse.no\/sme\/wp-json\/wp\/v2\/pages\/13915\/revisions"}],"predecessor-version":[{"id":13917,"href":"https:\/\/www.stinesofiesstiftelse.no\/sme\/wp-json\/wp\/v2\/pages\/13915\/revisions\/13917"}],"up":[{"embeddable":true,"href":"https:\/\/www.stinesofiesstiftelse.no\/sme\/wp-json\/wp\/v2\/pages\/4034"}],"wp:attachment":[{"href":"https:\/\/www.stinesofiesstiftelse.no\/sme\/wp-json\/wp\/v2\/media?parent=13915"}],"curies":[{"name":"wp","href":"https:\/\/api.w.org\/{rel}","templated":true}]}}