{"id":9679,"date":"2024-11-10T21:25:07","date_gmt":"2024-11-10T20:25:07","guid":{"rendered":"https:\/\/www.stinesofiesstiftelse.no\/?page_id=9679"},"modified":"2025-10-15T15:11:18","modified_gmt":"2025-10-15T13:11:18","slug":"mcdonalds-ronald-mcdonald-barnefond","status":"publish","type":"page","link":"https:\/\/www.stinesofiesstiftelse.no\/sma\/om-oss\/samarbeidspartnere\/mcdonalds-ronald-mcdonald-barnefond\/","title":{"rendered":"McDonald&#8217;s\/Ronald McDonald Barnefond"},"content":{"rendered":"\n<div class=\"wp-block-group alignwide sss-content-header has-global-padding is-layout-constrained wp-block-group-is-layout-constrained\" style=\"margin-top:0;margin-bottom:0\">\n<div class=\"wp-block-group is-layout-flow wp-block-group-is-layout-flow\" style=\"padding-top:4vw;padding-bottom:3vw\"><div class=\"yoast-breadcrumbs\"><span><span><a href=\"https:\/\/www.stinesofiesstiftelse.no\/\">Hjem<\/a><\/span> \u2013 <span><a href=\"https:\/\/www.stinesofiesstiftelse.no\/om-oss\/\">Om oss<\/a><\/span> \u2013 <span><a href=\"https:\/\/www.stinesofiesstiftelse.no\/om-oss\/samarbeidspartnere\/\">Samarbeidspartnere<\/a><\/span> \u2013 <span class=\"breadcrumb_last\" aria-current=\"page\">McDonald&#8217;s\/Ronald McDonald Barnefond<\/span><\/span><\/div>\n\n<h1 class=\"is-style-has-blob wp-block-post-title has-text-color has-primary-color\">McDonald&#8217;s\/Ronald McDonald Barnefond<\/h1>\n\n\n<p class=\"is-style-leadtext\" style=\"padding-right:0;padding-left:0\">I&nbsp;2016 inngikk Ronald McDonald Barnefond et samarbeid med Stine Sofies Stiftelse om byggingen av Stine Sofie Senteret. P\u00e5 senteret har Ronald McDonald Barnefond bidratt til \u00e5 bygge sm\u00e5 familiehus.&nbsp;<\/p>\n<\/div>\n<\/div>\n\n\n\n<figure class=\"wp-block-image alignwide size-large\"><img loading=\"lazy\" decoding=\"async\" width=\"1024\" height=\"625\" src=\"https:\/\/d1713zmupob0gt.cloudfront.net\/wp-content\/uploads\/2024\/04\/29201341\/20230630_NZ91027-1-e1714414418317-1024x625.jpg\" alt=\"\" class=\"wp-image-7328\" srcset=\"https:\/\/d1713zmupob0gt.cloudfront.net\/wp-content\/uploads\/2024\/04\/29201341\/20230630_NZ91027-1-e1714414418317-1024x625.jpg 1024w, https:\/\/d1713zmupob0gt.cloudfront.net\/wp-content\/uploads\/2024\/04\/29201341\/20230630_NZ91027-1-e1714414418317-300x183.jpg 300w, https:\/\/d1713zmupob0gt.cloudfront.net\/wp-content\/uploads\/2024\/04\/29201341\/20230630_NZ91027-1-e1714414418317-768x468.jpg 768w, https:\/\/d1713zmupob0gt.cloudfront.net\/wp-content\/uploads\/2024\/04\/29201341\/20230630_NZ91027-1-e1714414418317-1536x937.jpg 1536w, https:\/\/d1713zmupob0gt.cloudfront.net\/wp-content\/uploads\/2024\/04\/29201341\/20230630_NZ91027-1-e1714414418317-2048x1249.jpg 2048w\" sizes=\"auto, (max-width: 1024px) 100vw, 1024px\" \/><figcaption class=\"wp-element-caption\">McDonalds og Ronald McDonald Barnefond. var sentrale da Stine Sofie Senteret \u00e5pnet d\u00f8rene i 2016. P\u00e5 bildet er ledere i McDonalds Norge p\u00e5 bes\u00f8k p\u00e5 Stine Sofie Senteret sommeren 2023.<\/figcaption><\/figure>\n\n\n\n<p>\u00a0Dette er Ronald McDonald Barnefond sitt f\u00f8rste store prosjekt i Norge. Gjennom \u00e5 bygge og vedlikeholde boenhetene var Barnefondet med p\u00e5 \u00e5 realisere Stine Sofie Senteret.\u00a0\u00a0<br><\/p>\n\n\n\n<p><a href=\"https:\/\/www.mcdonalds.com\/no\/nb-no\/for-familien\/ronald-mcdonalds-barnefond\" target=\"_blank\" rel=\"noreferrer noopener\">Les mer om Ronald McDonald Barnefond her.<\/a><\/p>\n","protected":false},"excerpt":{"rendered":"<p>I&nbsp;2016 inngikk Ronald McDonald Barnefond et samarbeid med Stine Sofies Stiftelse om byggingen av Stine Sofie Senteret. P\u00e5 senteret har [&hellip;]<\/p>\n","protected":false},"author":2,"featured_media":0,"parent":6969,"menu_order":0,"comment_status":"closed","ping_status":"closed","template":"","meta":{"_acf_changed":false,"inline_featured_image":false,"footnotes":""},"class_list":["post-9679","page","type-page","status-publish","hentry"],"acf":[],"mb":[],"yoast_head":"<!-- This site is optimized with the Yoast SEO plugin v27.3 - https:\/\/yoast.com\/product\/yoast-seo-wordpress\/ -->\n<title>McDonald&#039;s\/Ronald McDonald Barnefond - Stine Sofies Stiftelse<\/title>\n<meta name=\"robots\" content=\"index, follow, max-snippet:-1, max-image-preview:large, max-video-preview:-1\" \/>\n<link rel=\"canonical\" href=\"https:\/\/www.stinesofiesstiftelse.no\/om-oss\/samarbeidspartnere\/mcdonalds-ronald-mcdonald-barnefond\/\" \/>\n<meta property=\"og:locale\" content=\"en_US\" \/>\n<meta property=\"og:type\" content=\"article\" \/>\n<meta property=\"og:title\" content=\"McDonald&#039;s\/Ronald McDonald Barnefond - Stine Sofies Stiftelse\" \/>\n<meta property=\"og:description\" content=\"I&nbsp;2016 inngikk Ronald McDonald Barnefond et samarbeid med Stine Sofies Stiftelse om byggingen av Stine Sofie Senteret. P\u00e5 senteret har [&hellip;]\" \/>\n<meta property=\"og:url\" content=\"https:\/\/www.stinesofiesstiftelse.no\/om-oss\/samarbeidspartnere\/mcdonalds-ronald-mcdonald-barnefond\/\" \/>\n<meta property=\"og:site_name\" content=\"Stine Sofies Stiftelse\" \/>\n<meta property=\"article:publisher\" content=\"https:\/\/www.facebook.com\/StineSofiesStiftelse\/\" \/>\n<meta property=\"article:modified_time\" content=\"2025-10-15T13:11:18+00:00\" \/>\n<meta property=\"og:image\" content=\"https:\/\/www.stinesofiesstiftelse.no\/wp-content\/uploads\/2024\/04\/20230630_NZ91027-1-e1714414418317-1024x625.jpg\" \/>\n<meta name=\"twitter:card\" content=\"summary_large_image\" \/>\n<meta name=\"twitter:label1\" content=\"Est. reading time\" \/>\n\t<meta name=\"twitter:data1\" content=\"1 minute\" \/>\n<script type=\"application\/ld+json\" class=\"yoast-schema-graph\">{\"@context\":\"https:\\\/\\\/schema.org\",\"@graph\":[{\"@type\":\"WebPage\",\"@id\":\"https:\\\/\\\/www.stinesofiesstiftelse.no\\\/om-oss\\\/samarbeidspartnere\\\/mcdonalds-ronald-mcdonald-barnefond\\\/\",\"url\":\"https:\\\/\\\/www.stinesofiesstiftelse.no\\\/om-oss\\\/samarbeidspartnere\\\/mcdonalds-ronald-mcdonald-barnefond\\\/\",\"name\":\"McDonald's\\\/Ronald McDonald Barnefond - Stine Sofies Stiftelse\",\"isPartOf\":{\"@id\":\"https:\\\/\\\/www.stinesofiesstiftelse.no\\\/#website\"},\"primaryImageOfPage\":{\"@id\":\"https:\\\/\\\/www.stinesofiesstiftelse.no\\\/om-oss\\\/samarbeidspartnere\\\/mcdonalds-ronald-mcdonald-barnefond\\\/#primaryimage\"},\"image\":{\"@id\":\"https:\\\/\\\/www.stinesofiesstiftelse.no\\\/om-oss\\\/samarbeidspartnere\\\/mcdonalds-ronald-mcdonald-barnefond\\\/#primaryimage\"},\"thumbnailUrl\":\"https:\\\/\\\/www.stinesofiesstiftelse.no\\\/wp-content\\\/uploads\\\/2024\\\/04\\\/20230630_NZ91027-1-e1714414418317-1024x625.jpg\",\"datePublished\":\"2024-11-10T20:25:07+00:00\",\"dateModified\":\"2025-10-15T13:11:18+00:00\",\"breadcrumb\":{\"@id\":\"https:\\\/\\\/www.stinesofiesstiftelse.no\\\/om-oss\\\/samarbeidspartnere\\\/mcdonalds-ronald-mcdonald-barnefond\\\/#breadcrumb\"},\"inLanguage\":\"sma-NO\",\"potentialAction\":[{\"@type\":\"ReadAction\",\"target\":[\"https:\\\/\\\/www.stinesofiesstiftelse.no\\\/om-oss\\\/samarbeidspartnere\\\/mcdonalds-ronald-mcdonald-barnefond\\\/\"]}]},{\"@type\":\"ImageObject\",\"inLanguage\":\"sma-NO\",\"@id\":\"https:\\\/\\\/www.stinesofiesstiftelse.no\\\/om-oss\\\/samarbeidspartnere\\\/mcdonalds-ronald-mcdonald-barnefond\\\/#primaryimage\",\"url\":\"https:\\\/\\\/www.stinesofiesstiftelse.no\\\/wp-content\\\/uploads\\\/2024\\\/04\\\/20230630_NZ91027-1-e1714414418317-1024x625.jpg\",\"contentUrl\":\"https:\\\/\\\/www.stinesofiesstiftelse.no\\\/wp-content\\\/uploads\\\/2024\\\/04\\\/20230630_NZ91027-1-e1714414418317-1024x625.jpg\"},{\"@type\":\"BreadcrumbList\",\"@id\":\"https:\\\/\\\/www.stinesofiesstiftelse.no\\\/om-oss\\\/samarbeidspartnere\\\/mcdonalds-ronald-mcdonald-barnefond\\\/#breadcrumb\",\"itemListElement\":[{\"@type\":\"ListItem\",\"position\":1,\"name\":\"Hjem\",\"item\":\"https:\\\/\\\/www.stinesofiesstiftelse.no\\\/\"},{\"@type\":\"ListItem\",\"position\":2,\"name\":\"Om oss\",\"item\":\"https:\\\/\\\/www.stinesofiesstiftelse.no\\\/om-oss\\\/\"},{\"@type\":\"ListItem\",\"position\":3,\"name\":\"Samarbeidspartnere\",\"item\":\"https:\\\/\\\/www.stinesofiesstiftelse.no\\\/om-oss\\\/samarbeidspartnere\\\/\"},{\"@type\":\"ListItem\",\"position\":4,\"name\":\"McDonald&#8217;s\\\/Ronald McDonald Barnefond\"}]},{\"@type\":\"WebSite\",\"@id\":\"https:\\\/\\\/www.stinesofiesstiftelse.no\\\/#website\",\"url\":\"https:\\\/\\\/www.stinesofiesstiftelse.no\\\/\",\"name\":\"Stine Sofies Stiftelse\",\"description\":\"\",\"publisher\":{\"@id\":\"https:\\\/\\\/www.stinesofiesstiftelse.no\\\/#organization\"},\"potentialAction\":[{\"@type\":\"SearchAction\",\"target\":{\"@type\":\"EntryPoint\",\"urlTemplate\":\"https:\\\/\\\/www.stinesofiesstiftelse.no\\\/?s={search_term_string}\"},\"query-input\":{\"@type\":\"PropertyValueSpecification\",\"valueRequired\":true,\"valueName\":\"search_term_string\"}}],\"inLanguage\":\"sma-NO\"},{\"@type\":\"Organization\",\"@id\":\"https:\\\/\\\/www.stinesofiesstiftelse.no\\\/#organization\",\"name\":\"Stine Sofies Stiftelse\",\"url\":\"https:\\\/\\\/www.stinesofiesstiftelse.no\\\/\",\"logo\":{\"@type\":\"ImageObject\",\"inLanguage\":\"sma-NO\",\"@id\":\"https:\\\/\\\/www.stinesofiesstiftelse.no\\\/#\\\/schema\\\/logo\\\/image\\\/\",\"url\":\"https:\\\/\\\/d1713zmupob0gt.cloudfront.net\\\/wp-content\\\/uploads\\\/2024\\\/10\\\/19093628\\\/cropped-Stine_sofies_stiftelse_logosymbol.png\",\"contentUrl\":\"https:\\\/\\\/d1713zmupob0gt.cloudfront.net\\\/wp-content\\\/uploads\\\/2024\\\/10\\\/19093628\\\/cropped-Stine_sofies_stiftelse_logosymbol.png\",\"width\":512,\"height\":512,\"caption\":\"Stine Sofies Stiftelse\"},\"image\":{\"@id\":\"https:\\\/\\\/www.stinesofiesstiftelse.no\\\/#\\\/schema\\\/logo\\\/image\\\/\"},\"sameAs\":[\"https:\\\/\\\/www.facebook.com\\\/StineSofiesStiftelse\\\/\"]}]}<\/script>\n<!-- \/ Yoast SEO plugin. -->","yoast_head_json":{"title":"McDonald's\/Ronald McDonald Barnefond - Stine Sofies Stiftelse","robots":{"index":"index","follow":"follow","max-snippet":"max-snippet:-1","max-image-preview":"max-image-preview:large","max-video-preview":"max-video-preview:-1"},"canonical":"https:\/\/www.stinesofiesstiftelse.no\/om-oss\/samarbeidspartnere\/mcdonalds-ronald-mcdonald-barnefond\/","og_locale":"en_US","og_type":"article","og_title":"McDonald's\/Ronald McDonald Barnefond - Stine Sofies Stiftelse","og_description":"I&nbsp;2016 inngikk Ronald McDonald Barnefond et samarbeid med Stine Sofies Stiftelse om byggingen av Stine Sofie Senteret. P\u00e5 senteret har [&hellip;]","og_url":"https:\/\/www.stinesofiesstiftelse.no\/om-oss\/samarbeidspartnere\/mcdonalds-ronald-mcdonald-barnefond\/","og_site_name":"Stine Sofies Stiftelse","article_publisher":"https:\/\/www.facebook.com\/StineSofiesStiftelse\/","article_modified_time":"2025-10-15T13:11:18+00:00","og_image":[{"url":"https:\/\/www.stinesofiesstiftelse.no\/wp-content\/uploads\/2024\/04\/20230630_NZ91027-1-e1714414418317-1024x625.jpg","type":"","width":"","height":""}],"twitter_card":"summary_large_image","twitter_misc":{"Est. reading time":"1 minute"},"schema":{"@context":"https:\/\/schema.org","@graph":[{"@type":"WebPage","@id":"https:\/\/www.stinesofiesstiftelse.no\/om-oss\/samarbeidspartnere\/mcdonalds-ronald-mcdonald-barnefond\/","url":"https:\/\/www.stinesofiesstiftelse.no\/om-oss\/samarbeidspartnere\/mcdonalds-ronald-mcdonald-barnefond\/","name":"McDonald's\/Ronald McDonald Barnefond - Stine Sofies Stiftelse","isPartOf":{"@id":"https:\/\/www.stinesofiesstiftelse.no\/#website"},"primaryImageOfPage":{"@id":"https:\/\/www.stinesofiesstiftelse.no\/om-oss\/samarbeidspartnere\/mcdonalds-ronald-mcdonald-barnefond\/#primaryimage"},"image":{"@id":"https:\/\/www.stinesofiesstiftelse.no\/om-oss\/samarbeidspartnere\/mcdonalds-ronald-mcdonald-barnefond\/#primaryimage"},"thumbnailUrl":"https:\/\/www.stinesofiesstiftelse.no\/wp-content\/uploads\/2024\/04\/20230630_NZ91027-1-e1714414418317-1024x625.jpg","datePublished":"2024-11-10T20:25:07+00:00","dateModified":"2025-10-15T13:11:18+00:00","breadcrumb":{"@id":"https:\/\/www.stinesofiesstiftelse.no\/om-oss\/samarbeidspartnere\/mcdonalds-ronald-mcdonald-barnefond\/#breadcrumb"},"inLanguage":"sma-NO","potentialAction":[{"@type":"ReadAction","target":["https:\/\/www.stinesofiesstiftelse.no\/om-oss\/samarbeidspartnere\/mcdonalds-ronald-mcdonald-barnefond\/"]}]},{"@type":"ImageObject","inLanguage":"sma-NO","@id":"https:\/\/www.stinesofiesstiftelse.no\/om-oss\/samarbeidspartnere\/mcdonalds-ronald-mcdonald-barnefond\/#primaryimage","url":"https:\/\/www.stinesofiesstiftelse.no\/wp-content\/uploads\/2024\/04\/20230630_NZ91027-1-e1714414418317-1024x625.jpg","contentUrl":"https:\/\/www.stinesofiesstiftelse.no\/wp-content\/uploads\/2024\/04\/20230630_NZ91027-1-e1714414418317-1024x625.jpg"},{"@type":"BreadcrumbList","@id":"https:\/\/www.stinesofiesstiftelse.no\/om-oss\/samarbeidspartnere\/mcdonalds-ronald-mcdonald-barnefond\/#breadcrumb","itemListElement":[{"@type":"ListItem","position":1,"name":"Hjem","item":"https:\/\/www.stinesofiesstiftelse.no\/"},{"@type":"ListItem","position":2,"name":"Om oss","item":"https:\/\/www.stinesofiesstiftelse.no\/om-oss\/"},{"@type":"ListItem","position":3,"name":"Samarbeidspartnere","item":"https:\/\/www.stinesofiesstiftelse.no\/om-oss\/samarbeidspartnere\/"},{"@type":"ListItem","position":4,"name":"McDonald&#8217;s\/Ronald McDonald Barnefond"}]},{"@type":"WebSite","@id":"https:\/\/www.stinesofiesstiftelse.no\/#website","url":"https:\/\/www.stinesofiesstiftelse.no\/","name":"Stine Sofies Stiftelse","description":"","publisher":{"@id":"https:\/\/www.stinesofiesstiftelse.no\/#organization"},"potentialAction":[{"@type":"SearchAction","target":{"@type":"EntryPoint","urlTemplate":"https:\/\/www.stinesofiesstiftelse.no\/?s={search_term_string}"},"query-input":{"@type":"PropertyValueSpecification","valueRequired":true,"valueName":"search_term_string"}}],"inLanguage":"sma-NO"},{"@type":"Organization","@id":"https:\/\/www.stinesofiesstiftelse.no\/#organization","name":"Stine Sofies Stiftelse","url":"https:\/\/www.stinesofiesstiftelse.no\/","logo":{"@type":"ImageObject","inLanguage":"sma-NO","@id":"https:\/\/www.stinesofiesstiftelse.no\/#\/schema\/logo\/image\/","url":"https:\/\/d1713zmupob0gt.cloudfront.net\/wp-content\/uploads\/2024\/10\/19093628\/cropped-Stine_sofies_stiftelse_logosymbol.png","contentUrl":"https:\/\/d1713zmupob0gt.cloudfront.net\/wp-content\/uploads\/2024\/10\/19093628\/cropped-Stine_sofies_stiftelse_logosymbol.png","width":512,"height":512,"caption":"Stine Sofies Stiftelse"},"image":{"@id":"https:\/\/www.stinesofiesstiftelse.no\/#\/schema\/logo\/image\/"},"sameAs":["https:\/\/www.facebook.com\/StineSofiesStiftelse\/"]}]}},"mfb_rest_fields":["title","yoast_head","yoast_head_json"],"_links":{"self":[{"href":"https:\/\/www.stinesofiesstiftelse.no\/sma\/wp-json\/wp\/v2\/pages\/9679","targetHints":{"allow":["GET"]}}],"collection":[{"href":"https:\/\/www.stinesofiesstiftelse.no\/sma\/wp-json\/wp\/v2\/pages"}],"about":[{"href":"https:\/\/www.stinesofiesstiftelse.no\/sma\/wp-json\/wp\/v2\/types\/page"}],"author":[{"embeddable":true,"href":"https:\/\/www.stinesofiesstiftelse.no\/sma\/wp-json\/wp\/v2\/users\/2"}],"replies":[{"embeddable":true,"href":"https:\/\/www.stinesofiesstiftelse.no\/sma\/wp-json\/wp\/v2\/comments?post=9679"}],"version-history":[{"count":2,"href":"https:\/\/www.stinesofiesstiftelse.no\/sma\/wp-json\/wp\/v2\/pages\/9679\/revisions"}],"predecessor-version":[{"id":12093,"href":"https:\/\/www.stinesofiesstiftelse.no\/sma\/wp-json\/wp\/v2\/pages\/9679\/revisions\/12093"}],"up":[{"embeddable":true,"href":"https:\/\/www.stinesofiesstiftelse.no\/sma\/wp-json\/wp\/v2\/pages\/6969"}],"wp:attachment":[{"href":"https:\/\/www.stinesofiesstiftelse.no\/sma\/wp-json\/wp\/v2\/media?parent=9679"}],"curies":[{"name":"wp","href":"https:\/\/api.w.org\/{rel}","templated":true}]}}