{"id":7116,"date":"2024-04-13T15:57:27","date_gmt":"2024-04-13T13:57:27","guid":{"rendered":"https:\/\/www.stinesofiesstiftelse.no\/?page_id=7116"},"modified":"2024-09-30T15:38:14","modified_gmt":"2024-09-30T13:38:14","slug":"nei-til-nedleggelse-av-spiderweb","status":"publish","type":"page","link":"https:\/\/www.stinesofiesstiftelse.no\/sma\/vart-arbeid\/politisk-arbeid\/underskriftskampanjer\/nei-til-nedleggelse-av-spiderweb\/","title":{"rendered":"Nei til nedleggelse av Spiderweb"},"content":{"rendered":"\n<div class=\"wp-block-group alignwide sss-content-header has-global-padding is-layout-constrained wp-block-group-is-layout-constrained\" style=\"margin-top:0;margin-bottom:0\">\n<div class=\"wp-block-group is-layout-flow wp-block-group-is-layout-flow\" style=\"padding-top:4vw;padding-bottom:3vw\"><div class=\"yoast-breadcrumbs\"><span><span><a href=\"https:\/\/www.stinesofiesstiftelse.no\/\">Hjem<\/a><\/span> \u2013 <span><a href=\"https:\/\/www.stinesofiesstiftelse.no\/vart-arbeid\/\">V\u00e5rt arbeid<\/a><\/span> \u2013 <span><a href=\"https:\/\/www.stinesofiesstiftelse.no\/vart-arbeid\/politisk-arbeid\/\">Politisk arbeid<\/a><\/span> \u2013 <span><a href=\"https:\/\/www.stinesofiesstiftelse.no\/vart-arbeid\/politisk-arbeid\/underskriftskampanjer\/\">Opprop<\/a><\/span> \u2013 <span class=\"breadcrumb_last\" aria-current=\"page\">Nei til nedleggelse av Spiderweb<\/span><\/span><\/div>\n\n<h1 class=\"is-style-has-blob wp-block-post-title has-text-color has-primary-color\">Nei til nedleggelse av Spiderweb<\/h1>\n\n\n<p style=\"padding-right:0;padding-left:0\">Stine Sofies Stiftelse er dypt rystet over nedleggelsen av spesialgruppen Spiderweb.&nbsp;&#8211; Vi mener politisjefen viser manglende forst\u00e5else for kriminaliteten som foreg\u00e5r p\u00e5 nett og den \u00f8kende samfunnsutfordringen dette&nbsp;er, uttaler Kristin Stokke, faglig leder i Stine Sofies Stiftelse<\/p>\n<\/div>\n<\/div>\n\n\n\n<figure class=\"wp-block-image alignwide size-full\"><img loading=\"lazy\" decoding=\"async\" width=\"720\" height=\"503\" src=\"https:\/\/d1713zmupob0gt.cloudfront.net\/wp-content\/uploads\/2024\/04\/13161354\/Barn-redd.jpg\" alt=\"\" class=\"wp-image-7125\" srcset=\"https:\/\/d1713zmupob0gt.cloudfront.net\/wp-content\/uploads\/2024\/04\/13161354\/Barn-redd.jpg 720w, https:\/\/d1713zmupob0gt.cloudfront.net\/wp-content\/uploads\/2024\/04\/13161354\/Barn-redd-300x210.jpg 300w\" sizes=\"auto, (max-width: 720px) 100vw, 720px\" \/><\/figure>\n\n\n\n<p>Vi oppfordrer Norges idrettsforbund til \u00e5 stoppe disse planene og forby filming av breddeidrett for barn og unge under 18 \u00e5r!<\/p>\n\n\n\n<p><strong><br>Bli med i kampen MOT filming av barn og unge i idretten.<\/strong><\/p>\n\n\n\n<div class=\"wp-block-group has-secondary-background-color has-background has-global-padding is-layout-constrained wp-container-core-group-is-layout-c385debf wp-block-group-is-layout-constrained\" style=\"padding-top:var(--wp--preset--spacing--20);padding-right:var(--wp--preset--spacing--20);padding-bottom:var(--wp--preset--spacing--20);padding-left:var(--wp--preset--spacing--20)\">\n<p class=\"is-style-leadtext\"><em>Dette opproppet er avsluttet<\/em><\/p>\n<\/div>\n\n\n\n<p><strong>Hvorfor er dette viktig?<\/strong><\/p>\n\n\n\n<ul class=\"wp-block-list\">\n<li><strong>Mobbemateriale.<\/strong>\u00a0NIFs profesjonelle filming fra idrettsarenaen betyr at forbundet tilbyr profesjonelt filmet mobbemateriale.\u00a0<a href=\"https:\/\/www.politiet.no\/globalassets\/tall-og-fakta\/voldtekt-og-seksuallovbrudd\/fenomenrapport-exposed-kontoer.pdf\"><strong>Exposed-kontoer<\/strong><\/a>\u00a0er anonyme nettkontoer som brukes for \u00e5 mobbe og seksualisere navngitte barn og unge i idrett, skole og nabolag. Kripos har oppdaget en stor og bekymringsfull \u00f8kning av slike kontoer. NIF tilbyr mobberne \u00e5 sitte i fred og ta opp \u00abkl\u00f8na\u00bb og \u00abtjukken\u00bb fra skjermen. De kan legge p\u00e5 tekst og dele fritt. Bildene blir lagret, spredd og kan bli ledd av for alltid. If\u00f8lge Barn og medier 2020 mobbes over 1 av 4 barn p\u00e5 nett. Idrettsforbundets planer vil forenkle tilgang til \u00abr\u00e5varene\u00bb, og snart kan det v\u00e6re ditt barn som rammes. Risiko for \u00e5 bli mobbet er ikke god nok grunn, if\u00f8lge NIF.<\/li>\n\n\n\n<li><strong>Vil ikke filmes og legges ut p\u00e5 nett.&nbsp;<\/strong>Mange unge \u00f8nsker ikke \u00e5 bli filmet og lagt ut p\u00e5 internett. De vet mye bedre enn oss voksne hvilken risiko det gir for \u00e5 bli latterliggjort p\u00e5 sosiale medier. Det er ikke god nok grunn, if\u00f8lge NIF.<\/li>\n\n\n\n<li><strong>Jaktmarker for overgripere.&nbsp;<\/strong>Det vil sitte kriminelle overgripere som jakter p\u00e5 noen \u00e5 misbruke. De ser etter barn og ungdommer som er usikre i kroppsspr\u00e5ket og som vil \u00e5pne seg med noen snille ord, snart en snap og senere et tilbud om noen kroner for \u00e5 kle av seg. Det skjer allerede. I 2020 hadde nesten halvparten av norsk barn mellom 13 og 18 \u00e5r blitt spurt om de kan kle av seg foran kamera. 42 prosent av ukjente. N\u00e5 blir det enda enklere \u00e5 finne dem, og det kan bli ditt barn. Det er ikke god nok grunn, if\u00f8lge NIF.<\/li>\n\n\n\n<li><strong>P\u00e5 flukt fra voldspersoner.&nbsp;<\/strong>S\u00e5 skal vi nevne barn i idretten som av alvorlige \u00e5rsaker ikke kan bli filmet. Dette er familier som fors\u00f8ker \u00e5 leve i fred, og f\u00e5 fri fra frykt etter vold eller overgrep. Noen er beskyttet av bes\u00f8ksforbud, andre har ogs\u00e5 voldsalarm, eller lever p\u00e5 hemmelig adresse. Noen har f\u00e5tt ny identitet. Med nye navn og nye adresser er de i dekning fra \u00e5 bli utsatt for vold av noen som ikke lar seg stoppe. De m\u00e5 ikke bli \u00absett\u00bb! Det er god nok grunn, sier NIF, som ikke skj\u00f8nner hvilket sikkerhetsregime disse lever under, og ikke vil f\u00e5 vite hvilke barn det gjelder, og heller aldri vil kunne hindre det.<\/li>\n<\/ul>\n\n\n\n<p><strong><br>Det er mulig \u00e5 reservere seg,<\/strong>&nbsp;men s\u00e5 enkelt er det ikke. Si at en familie flytter til en kommune der det filmes. S\u00e5 vil barnet spille fotball og plutselig opph\u00f8rer filmingen.<\/p>\n\n\n\n<p><strong><br>Kan noen forestille seg<\/strong>&nbsp;det presset de unge og familien vil f\u00e5 fra klubb og andre foreldre, som har lokalt n\u00e6ringsliv, kommune og forbund i ryggen? \u00abS\u00e5 dere vil ikke filmes? Hvorfor ikke? Det er jo bare g\u00f8y! Tenk p\u00e5 klubben!\u00bb<\/p>\n\n\n\n<p><strong>Stine Sofies Stiftelse kjemper kompromissl\u00f8st p\u00e5 barnas side for \u00e5 stoppe filmingen!<\/strong><\/p>\n\n\n\n<div class=\"wp-block-group has-secondary-background-color has-background has-global-padding is-layout-constrained wp-container-core-group-is-layout-c385debf wp-block-group-is-layout-constrained\" style=\"padding-top:var(--wp--preset--spacing--20);padding-right:var(--wp--preset--spacing--20);padding-bottom:var(--wp--preset--spacing--20);padding-left:var(--wp--preset--spacing--20)\">\n<p class=\"is-style-leadtext\"><em>Dette opproppet er avsluttet<\/em><\/p>\n<\/div>\n\n\n\n<div class=\"wp-block-columns alignwide sss-image-text has-secondary-background-color has-background is-layout-flex wp-container-core-columns-is-layout-60282ebd wp-block-columns-is-layout-flex\" style=\"border-radius:4px;margin-top:var(--wp--preset--spacing--70);padding-top:0;padding-right:0;padding-bottom:0;padding-left:0\">\n<div class=\"wp-block-column is-layout-flow wp-block-column-is-layout-flow\">\n<div class=\"wp-block-cover is-light no-min-height height-100\"><img loading=\"lazy\" decoding=\"async\" width=\"800\" height=\"450\" class=\"wp-block-cover__image-background wp-image-12679 size-full\" alt=\"\" src=\"https:\/\/d1713zmupob0gt.cloudfront.net\/wp-content\/uploads\/2026\/01\/05143743\/Ansatte-2-2024-edited.jpg\" data-object-fit=\"cover\" srcset=\"https:\/\/d1713zmupob0gt.cloudfront.net\/wp-content\/uploads\/2026\/01\/05143743\/Ansatte-2-2024-edited.jpg 800w, https:\/\/d1713zmupob0gt.cloudfront.net\/wp-content\/uploads\/2026\/01\/05143743\/Ansatte-2-2024-edited-300x169.jpg 300w, https:\/\/d1713zmupob0gt.cloudfront.net\/wp-content\/uploads\/2026\/01\/05143743\/Ansatte-2-2024-edited-768x432.jpg 768w\" sizes=\"auto, (max-width: 800px) 100vw, 800px\" \/><span aria-hidden=\"true\" class=\"wp-block-cover__background has-background-dim-0 has-background-dim\" style=\"background-color:#FFF\"><\/span><div class=\"wp-block-cover__inner-container is-layout-flow wp-block-cover-is-layout-flow\">\n<p><\/p>\n<\/div><\/div>\n<\/div>\n\n\n\n<div class=\"wp-block-column is-layout-flow wp-block-column-is-layout-flow\" style=\"padding-top:var(--wp--preset--spacing--50);padding-right:0;padding-bottom:var(--wp--preset--spacing--50);padding-left:0\">\n<div class=\"wp-block-group has-global-padding is-content-justification-left is-layout-constrained wp-container-core-group-is-layout-00dfd91b wp-block-group-is-layout-constrained\" style=\"padding-right:var(--wp--preset--spacing--30)\">\n<h2 class=\"wp-block-heading\">Kontakt oss<\/h2>\n\n\n\n<div class=\"wp-block-columns is-layout-flex wp-container-core-columns-is-layout-28f84493 wp-block-columns-is-layout-flex\">\n<div class=\"wp-block-column is-layout-flow wp-block-column-is-layout-flow\">\n<p><strong>Gratis juridisk veiledning<\/strong><br>37 29 40 90<br><a class=\"absconditus\" data-absconditus-a=\"yvnz\" data-absconditus-b=\"fgvarfbsvrffgvsgryfr.ab\" href=\"#\">juridisk@stinesofiesstiftelse.no<\/a><\/p>\n<\/div>\n\n\n\n<div class=\"wp-block-column is-layout-flow wp-block-column-is-layout-flow\">\n<p><strong>S<strong>tine Sofie Sentere<\/strong>t<\/strong><br>37 29 40 90 <a class=\"absconditus\" data-absconditus-a=\"gfbc\" data-absconditus-b=\"fgvarfbsvrfragrerg.ab\" href=\"#\"><span data-absconditus-placeholder=\"st@esseenttnoooepintfs.rei\"><\/span><\/a><\/p>\n<\/div>\n<\/div>\n\n\n\n<div class=\"wp-block-columns is-layout-flex wp-container-core-columns-is-layout-28f84493 wp-block-columns-is-layout-flex\">\n<div class=\"wp-block-column is-layout-flow wp-block-column-is-layout-flow\">\n<p><strong>Andre henvendelser<\/strong><br>&nbsp;37 29 40 90 <a class=\"absconditus\" data-absconditus-a=\"gfbc\" data-absconditus-b=\"fgvarfbsvrffgvsgryfr.ab\" href=\"#\"><span data-absconditus-placeholder=\"sossetifioletpeon@etsntssfi.\"><\/span><\/a><\/p>\n<\/div>\n\n\n\n<div class=\"wp-block-column is-layout-flow wp-block-column-is-layout-flow\">\n<p><strong>Pressekontakt<\/strong><br>Marit H\u00f8igilt |&nbsp;909 17 701<br><a class=\"absconditus\" data-absconditus-a=\"gvenz\" data-absconditus-b=\"fgvarfbsvrffgvsgryfr.ab\" href=\"#\"><span data-absconditus-placeholder=\"iisatlsto.temoeistn@ffiessnre\"><\/span><\/a><\/p>\n<\/div>\n<\/div>\n<\/div>\n\n\n\n<div class=\"wp-block-buttons is-layout-flex wp-block-buttons-is-layout-flex\">\n<div class=\"wp-block-button is-style-arrow\"><a class=\"wp-block-button__link has-contrast-color has-text-color has-custom-font-size wp-element-button\" href=\"https:\/\/www.stinesofiesstiftelse.no\/om-oss\/\" style=\"padding-top:0;padding-right:0;padding-bottom:0;padding-left:0;font-size:clamp(0.984rem, 0.984rem + ((1vw - 0.2rem) * 0.949), 1.5rem);\">Om Stine Sofies Stiftelse<\/a><\/div>\n<\/div>\n<\/div>\n<\/div>\n","protected":false},"excerpt":{"rendered":"<p>Stine Sofies Stiftelse er dypt rystet over nedleggelsen av spesialgruppen Spiderweb.&nbsp;&#8211; Vi mener politisjefen viser manglende forst\u00e5else for kriminaliteten som [&hellip;]<\/p>\n","protected":false},"author":2,"featured_media":7125,"parent":6992,"menu_order":0,"comment_status":"closed","ping_status":"closed","template":"","meta":{"_acf_changed":false,"inline_featured_image":false,"footnotes":""},"class_list":["post-7116","page","type-page","status-publish","has-post-thumbnail","hentry"],"acf":[],"mb":[],"yoast_head":"<!-- This site is optimized with the Yoast SEO plugin v27.3 - https:\/\/yoast.com\/product\/yoast-seo-wordpress\/ -->\n<title>Nei til nedleggelse av Spiderweb - Stine Sofies Stiftelse<\/title>\n<meta name=\"robots\" content=\"index, follow, max-snippet:-1, max-image-preview:large, max-video-preview:-1\" \/>\n<link rel=\"canonical\" href=\"https:\/\/www.stinesofiesstiftelse.no\/vart-arbeid\/politisk-arbeid\/underskriftskampanjer\/nei-til-nedleggelse-av-spiderweb\/\" \/>\n<meta property=\"og:locale\" content=\"en_US\" \/>\n<meta property=\"og:type\" content=\"article\" \/>\n<meta property=\"og:title\" content=\"Nei til nedleggelse av Spiderweb - Stine Sofies Stiftelse\" \/>\n<meta property=\"og:description\" content=\"Stine Sofies Stiftelse er dypt rystet over nedleggelsen av spesialgruppen Spiderweb.&nbsp;&#8211; Vi mener politisjefen viser manglende forst\u00e5else for kriminaliteten som [&hellip;]\" \/>\n<meta property=\"og:url\" content=\"https:\/\/www.stinesofiesstiftelse.no\/vart-arbeid\/politisk-arbeid\/underskriftskampanjer\/nei-til-nedleggelse-av-spiderweb\/\" \/>\n<meta property=\"og:site_name\" content=\"Stine Sofies Stiftelse\" \/>\n<meta property=\"article:publisher\" content=\"https:\/\/www.facebook.com\/StineSofiesStiftelse\/\" \/>\n<meta property=\"article:modified_time\" content=\"2024-09-30T13:38:14+00:00\" \/>\n<meta property=\"og:image\" content=\"https:\/\/d1713zmupob0gt.cloudfront.net\/wp-content\/uploads\/2024\/04\/13161354\/Barn-redd.jpg\" \/>\n\t<meta property=\"og:image:width\" content=\"720\" \/>\n\t<meta property=\"og:image:height\" content=\"503\" \/>\n\t<meta property=\"og:image:type\" content=\"image\/jpeg\" \/>\n<meta name=\"twitter:card\" content=\"summary_large_image\" \/>\n<meta name=\"twitter:label1\" content=\"Est. reading time\" \/>\n\t<meta name=\"twitter:data1\" content=\"7 minutes\" \/>\n<script type=\"application\/ld+json\" class=\"yoast-schema-graph\">{\"@context\":\"https:\\\/\\\/schema.org\",\"@graph\":[{\"@type\":\"WebPage\",\"@id\":\"https:\\\/\\\/www.stinesofiesstiftelse.no\\\/vart-arbeid\\\/politisk-arbeid\\\/underskriftskampanjer\\\/nei-til-nedleggelse-av-spiderweb\\\/\",\"url\":\"https:\\\/\\\/www.stinesofiesstiftelse.no\\\/vart-arbeid\\\/politisk-arbeid\\\/underskriftskampanjer\\\/nei-til-nedleggelse-av-spiderweb\\\/\",\"name\":\"Nei til nedleggelse av Spiderweb - Stine Sofies Stiftelse\",\"isPartOf\":{\"@id\":\"https:\\\/\\\/www.stinesofiesstiftelse.no\\\/#website\"},\"primaryImageOfPage\":{\"@id\":\"https:\\\/\\\/www.stinesofiesstiftelse.no\\\/vart-arbeid\\\/politisk-arbeid\\\/underskriftskampanjer\\\/nei-til-nedleggelse-av-spiderweb\\\/#primaryimage\"},\"image\":{\"@id\":\"https:\\\/\\\/www.stinesofiesstiftelse.no\\\/vart-arbeid\\\/politisk-arbeid\\\/underskriftskampanjer\\\/nei-til-nedleggelse-av-spiderweb\\\/#primaryimage\"},\"thumbnailUrl\":\"https:\\\/\\\/d1713zmupob0gt.cloudfront.net\\\/wp-content\\\/uploads\\\/2024\\\/04\\\/13161354\\\/Barn-redd.jpg\",\"datePublished\":\"2024-04-13T13:57:27+00:00\",\"dateModified\":\"2024-09-30T13:38:14+00:00\",\"breadcrumb\":{\"@id\":\"https:\\\/\\\/www.stinesofiesstiftelse.no\\\/vart-arbeid\\\/politisk-arbeid\\\/underskriftskampanjer\\\/nei-til-nedleggelse-av-spiderweb\\\/#breadcrumb\"},\"inLanguage\":\"sma-NO\",\"potentialAction\":[{\"@type\":\"ReadAction\",\"target\":[\"https:\\\/\\\/www.stinesofiesstiftelse.no\\\/vart-arbeid\\\/politisk-arbeid\\\/underskriftskampanjer\\\/nei-til-nedleggelse-av-spiderweb\\\/\"]}]},{\"@type\":\"ImageObject\",\"inLanguage\":\"sma-NO\",\"@id\":\"https:\\\/\\\/www.stinesofiesstiftelse.no\\\/vart-arbeid\\\/politisk-arbeid\\\/underskriftskampanjer\\\/nei-til-nedleggelse-av-spiderweb\\\/#primaryimage\",\"url\":\"https:\\\/\\\/d1713zmupob0gt.cloudfront.net\\\/wp-content\\\/uploads\\\/2024\\\/04\\\/13161354\\\/Barn-redd.jpg\",\"contentUrl\":\"https:\\\/\\\/d1713zmupob0gt.cloudfront.net\\\/wp-content\\\/uploads\\\/2024\\\/04\\\/13161354\\\/Barn-redd.jpg\",\"width\":720,\"height\":503},{\"@type\":\"BreadcrumbList\",\"@id\":\"https:\\\/\\\/www.stinesofiesstiftelse.no\\\/vart-arbeid\\\/politisk-arbeid\\\/underskriftskampanjer\\\/nei-til-nedleggelse-av-spiderweb\\\/#breadcrumb\",\"itemListElement\":[{\"@type\":\"ListItem\",\"position\":1,\"name\":\"Hjem\",\"item\":\"https:\\\/\\\/www.stinesofiesstiftelse.no\\\/\"},{\"@type\":\"ListItem\",\"position\":2,\"name\":\"V\u00e5rt arbeid\",\"item\":\"https:\\\/\\\/www.stinesofiesstiftelse.no\\\/vart-arbeid\\\/\"},{\"@type\":\"ListItem\",\"position\":3,\"name\":\"Politisk arbeid\",\"item\":\"https:\\\/\\\/www.stinesofiesstiftelse.no\\\/vart-arbeid\\\/politisk-arbeid\\\/\"},{\"@type\":\"ListItem\",\"position\":4,\"name\":\"Opprop\",\"item\":\"https:\\\/\\\/www.stinesofiesstiftelse.no\\\/vart-arbeid\\\/politisk-arbeid\\\/underskriftskampanjer\\\/\"},{\"@type\":\"ListItem\",\"position\":5,\"name\":\"Nei til nedleggelse av Spiderweb\"}]},{\"@type\":\"WebSite\",\"@id\":\"https:\\\/\\\/www.stinesofiesstiftelse.no\\\/#website\",\"url\":\"https:\\\/\\\/www.stinesofiesstiftelse.no\\\/\",\"name\":\"Stine Sofies Stiftelse\",\"description\":\"\",\"publisher\":{\"@id\":\"https:\\\/\\\/www.stinesofiesstiftelse.no\\\/#organization\"},\"potentialAction\":[{\"@type\":\"SearchAction\",\"target\":{\"@type\":\"EntryPoint\",\"urlTemplate\":\"https:\\\/\\\/www.stinesofiesstiftelse.no\\\/?s={search_term_string}\"},\"query-input\":{\"@type\":\"PropertyValueSpecification\",\"valueRequired\":true,\"valueName\":\"search_term_string\"}}],\"inLanguage\":\"sma-NO\"},{\"@type\":\"Organization\",\"@id\":\"https:\\\/\\\/www.stinesofiesstiftelse.no\\\/#organization\",\"name\":\"Stine Sofies Stiftelse\",\"url\":\"https:\\\/\\\/www.stinesofiesstiftelse.no\\\/\",\"logo\":{\"@type\":\"ImageObject\",\"inLanguage\":\"sma-NO\",\"@id\":\"https:\\\/\\\/www.stinesofiesstiftelse.no\\\/#\\\/schema\\\/logo\\\/image\\\/\",\"url\":\"https:\\\/\\\/d1713zmupob0gt.cloudfront.net\\\/wp-content\\\/uploads\\\/2024\\\/10\\\/19093628\\\/cropped-Stine_sofies_stiftelse_logosymbol.png\",\"contentUrl\":\"https:\\\/\\\/d1713zmupob0gt.cloudfront.net\\\/wp-content\\\/uploads\\\/2024\\\/10\\\/19093628\\\/cropped-Stine_sofies_stiftelse_logosymbol.png\",\"width\":512,\"height\":512,\"caption\":\"Stine Sofies Stiftelse\"},\"image\":{\"@id\":\"https:\\\/\\\/www.stinesofiesstiftelse.no\\\/#\\\/schema\\\/logo\\\/image\\\/\"},\"sameAs\":[\"https:\\\/\\\/www.facebook.com\\\/StineSofiesStiftelse\\\/\"]}]}<\/script>\n<!-- \/ Yoast SEO plugin. -->","yoast_head_json":{"title":"Nei til nedleggelse av Spiderweb - Stine Sofies Stiftelse","robots":{"index":"index","follow":"follow","max-snippet":"max-snippet:-1","max-image-preview":"max-image-preview:large","max-video-preview":"max-video-preview:-1"},"canonical":"https:\/\/www.stinesofiesstiftelse.no\/vart-arbeid\/politisk-arbeid\/underskriftskampanjer\/nei-til-nedleggelse-av-spiderweb\/","og_locale":"en_US","og_type":"article","og_title":"Nei til nedleggelse av Spiderweb - Stine Sofies Stiftelse","og_description":"Stine Sofies Stiftelse er dypt rystet over nedleggelsen av spesialgruppen Spiderweb.&nbsp;&#8211; Vi mener politisjefen viser manglende forst\u00e5else for kriminaliteten som [&hellip;]","og_url":"https:\/\/www.stinesofiesstiftelse.no\/vart-arbeid\/politisk-arbeid\/underskriftskampanjer\/nei-til-nedleggelse-av-spiderweb\/","og_site_name":"Stine Sofies Stiftelse","article_publisher":"https:\/\/www.facebook.com\/StineSofiesStiftelse\/","article_modified_time":"2024-09-30T13:38:14+00:00","og_image":[{"width":720,"height":503,"url":"https:\/\/d1713zmupob0gt.cloudfront.net\/wp-content\/uploads\/2024\/04\/13161354\/Barn-redd.jpg","type":"image\/jpeg"}],"twitter_card":"summary_large_image","twitter_misc":{"Est. reading time":"7 minutes"},"schema":{"@context":"https:\/\/schema.org","@graph":[{"@type":"WebPage","@id":"https:\/\/www.stinesofiesstiftelse.no\/vart-arbeid\/politisk-arbeid\/underskriftskampanjer\/nei-til-nedleggelse-av-spiderweb\/","url":"https:\/\/www.stinesofiesstiftelse.no\/vart-arbeid\/politisk-arbeid\/underskriftskampanjer\/nei-til-nedleggelse-av-spiderweb\/","name":"Nei til nedleggelse av Spiderweb - Stine Sofies Stiftelse","isPartOf":{"@id":"https:\/\/www.stinesofiesstiftelse.no\/#website"},"primaryImageOfPage":{"@id":"https:\/\/www.stinesofiesstiftelse.no\/vart-arbeid\/politisk-arbeid\/underskriftskampanjer\/nei-til-nedleggelse-av-spiderweb\/#primaryimage"},"image":{"@id":"https:\/\/www.stinesofiesstiftelse.no\/vart-arbeid\/politisk-arbeid\/underskriftskampanjer\/nei-til-nedleggelse-av-spiderweb\/#primaryimage"},"thumbnailUrl":"https:\/\/d1713zmupob0gt.cloudfront.net\/wp-content\/uploads\/2024\/04\/13161354\/Barn-redd.jpg","datePublished":"2024-04-13T13:57:27+00:00","dateModified":"2024-09-30T13:38:14+00:00","breadcrumb":{"@id":"https:\/\/www.stinesofiesstiftelse.no\/vart-arbeid\/politisk-arbeid\/underskriftskampanjer\/nei-til-nedleggelse-av-spiderweb\/#breadcrumb"},"inLanguage":"sma-NO","potentialAction":[{"@type":"ReadAction","target":["https:\/\/www.stinesofiesstiftelse.no\/vart-arbeid\/politisk-arbeid\/underskriftskampanjer\/nei-til-nedleggelse-av-spiderweb\/"]}]},{"@type":"ImageObject","inLanguage":"sma-NO","@id":"https:\/\/www.stinesofiesstiftelse.no\/vart-arbeid\/politisk-arbeid\/underskriftskampanjer\/nei-til-nedleggelse-av-spiderweb\/#primaryimage","url":"https:\/\/d1713zmupob0gt.cloudfront.net\/wp-content\/uploads\/2024\/04\/13161354\/Barn-redd.jpg","contentUrl":"https:\/\/d1713zmupob0gt.cloudfront.net\/wp-content\/uploads\/2024\/04\/13161354\/Barn-redd.jpg","width":720,"height":503},{"@type":"BreadcrumbList","@id":"https:\/\/www.stinesofiesstiftelse.no\/vart-arbeid\/politisk-arbeid\/underskriftskampanjer\/nei-til-nedleggelse-av-spiderweb\/#breadcrumb","itemListElement":[{"@type":"ListItem","position":1,"name":"Hjem","item":"https:\/\/www.stinesofiesstiftelse.no\/"},{"@type":"ListItem","position":2,"name":"V\u00e5rt arbeid","item":"https:\/\/www.stinesofiesstiftelse.no\/vart-arbeid\/"},{"@type":"ListItem","position":3,"name":"Politisk arbeid","item":"https:\/\/www.stinesofiesstiftelse.no\/vart-arbeid\/politisk-arbeid\/"},{"@type":"ListItem","position":4,"name":"Opprop","item":"https:\/\/www.stinesofiesstiftelse.no\/vart-arbeid\/politisk-arbeid\/underskriftskampanjer\/"},{"@type":"ListItem","position":5,"name":"Nei til nedleggelse av Spiderweb"}]},{"@type":"WebSite","@id":"https:\/\/www.stinesofiesstiftelse.no\/#website","url":"https:\/\/www.stinesofiesstiftelse.no\/","name":"Stine Sofies Stiftelse","description":"","publisher":{"@id":"https:\/\/www.stinesofiesstiftelse.no\/#organization"},"potentialAction":[{"@type":"SearchAction","target":{"@type":"EntryPoint","urlTemplate":"https:\/\/www.stinesofiesstiftelse.no\/?s={search_term_string}"},"query-input":{"@type":"PropertyValueSpecification","valueRequired":true,"valueName":"search_term_string"}}],"inLanguage":"sma-NO"},{"@type":"Organization","@id":"https:\/\/www.stinesofiesstiftelse.no\/#organization","name":"Stine Sofies Stiftelse","url":"https:\/\/www.stinesofiesstiftelse.no\/","logo":{"@type":"ImageObject","inLanguage":"sma-NO","@id":"https:\/\/www.stinesofiesstiftelse.no\/#\/schema\/logo\/image\/","url":"https:\/\/d1713zmupob0gt.cloudfront.net\/wp-content\/uploads\/2024\/10\/19093628\/cropped-Stine_sofies_stiftelse_logosymbol.png","contentUrl":"https:\/\/d1713zmupob0gt.cloudfront.net\/wp-content\/uploads\/2024\/10\/19093628\/cropped-Stine_sofies_stiftelse_logosymbol.png","width":512,"height":512,"caption":"Stine Sofies Stiftelse"},"image":{"@id":"https:\/\/www.stinesofiesstiftelse.no\/#\/schema\/logo\/image\/"},"sameAs":["https:\/\/www.facebook.com\/StineSofiesStiftelse\/"]}]}},"mfb_rest_fields":["title","yoast_head","yoast_head_json"],"_links":{"self":[{"href":"https:\/\/www.stinesofiesstiftelse.no\/sma\/wp-json\/wp\/v2\/pages\/7116","targetHints":{"allow":["GET"]}}],"collection":[{"href":"https:\/\/www.stinesofiesstiftelse.no\/sma\/wp-json\/wp\/v2\/pages"}],"about":[{"href":"https:\/\/www.stinesofiesstiftelse.no\/sma\/wp-json\/wp\/v2\/types\/page"}],"author":[{"embeddable":true,"href":"https:\/\/www.stinesofiesstiftelse.no\/sma\/wp-json\/wp\/v2\/users\/2"}],"replies":[{"embeddable":true,"href":"https:\/\/www.stinesofiesstiftelse.no\/sma\/wp-json\/wp\/v2\/comments?post=7116"}],"version-history":[{"count":3,"href":"https:\/\/www.stinesofiesstiftelse.no\/sma\/wp-json\/wp\/v2\/pages\/7116\/revisions"}],"predecessor-version":[{"id":8961,"href":"https:\/\/www.stinesofiesstiftelse.no\/sma\/wp-json\/wp\/v2\/pages\/7116\/revisions\/8961"}],"up":[{"embeddable":true,"href":"https:\/\/www.stinesofiesstiftelse.no\/sma\/wp-json\/wp\/v2\/pages\/6992"}],"wp:featuredmedia":[{"embeddable":true,"href":"https:\/\/www.stinesofiesstiftelse.no\/sma\/wp-json\/wp\/v2\/media\/7125"}],"wp:attachment":[{"href":"https:\/\/www.stinesofiesstiftelse.no\/sma\/wp-json\/wp\/v2\/media?parent=7116"}],"curies":[{"name":"wp","href":"https:\/\/api.w.org\/{rel}","templated":true}]}}