{"id":6823,"date":"2024-03-25T10:40:27","date_gmt":"2024-03-25T09:40:27","guid":{"rendered":"https:\/\/www.stinesofiesstiftelse.no\/?page_id=6823"},"modified":"2026-02-03T12:24:04","modified_gmt":"2026-02-03T11:24:04","slug":"fns-barnekonvensjon","status":"publish","type":"page","link":"https:\/\/www.stinesofiesstiftelse.no\/sma\/vart-arbeid\/juridisk-arbeid\/fns-barnekonvensjon\/","title":{"rendered":"FNs barnekonvensjon"},"content":{"rendered":"\n<div class=\"wp-block-group alignwide sss-content-header has-global-padding is-layout-constrained wp-block-group-is-layout-constrained\" style=\"margin-top:0;margin-bottom:0\">\n<div class=\"wp-block-group is-layout-flow wp-block-group-is-layout-flow\" style=\"padding-top:4vw;padding-bottom:3vw\"><div class=\"yoast-breadcrumbs\"><span><span><a href=\"https:\/\/www.stinesofiesstiftelse.no\/\">Hjem<\/a><\/span> \u2013 <span><a href=\"https:\/\/www.stinesofiesstiftelse.no\/vart-arbeid\/\">V\u00e5rt arbeid<\/a><\/span> \u2013 <span><a href=\"https:\/\/www.stinesofiesstiftelse.no\/vart-arbeid\/juridisk-arbeid\/\">Juridisk arbeid<\/a><\/span> \u2013 <span class=\"breadcrumb_last\" aria-current=\"page\">FNs barnekonvensjon<\/span><\/span><\/div>\n\n<h1 class=\"is-style-has-blob wp-block-post-title has-text-color has-primary-color\">FNs barnekonvensjon<\/h1>\n\n\n<p style=\"padding-right:0;padding-left:0\">FNs konvensjon om barnets rettigheter (Barnekonvensjonen) er en internasjonal avtale om barns rettigheter. Barnekonvensjonen er ogs\u00e5 kalt barnas egen grunnlov.<\/p>\n\n\n\n<figure class=\"wp-block-image size-large\"><img loading=\"lazy\" decoding=\"async\" width=\"896\" height=\"1024\" src=\"https:\/\/d1713zmupob0gt.cloudfront.net\/wp-content\/uploads\/2026\/02\/03122345\/Skjermbilde-2026-02-03-kl.-12.23.35-896x1024.png\" alt=\"\" class=\"wp-image-13218\" srcset=\"https:\/\/d1713zmupob0gt.cloudfront.net\/wp-content\/uploads\/2026\/02\/03122345\/Skjermbilde-2026-02-03-kl.-12.23.35-896x1024.png 896w, https:\/\/d1713zmupob0gt.cloudfront.net\/wp-content\/uploads\/2026\/02\/03122345\/Skjermbilde-2026-02-03-kl.-12.23.35-262x300.png 262w, https:\/\/d1713zmupob0gt.cloudfront.net\/wp-content\/uploads\/2026\/02\/03122345\/Skjermbilde-2026-02-03-kl.-12.23.35-768x878.png 768w, https:\/\/d1713zmupob0gt.cloudfront.net\/wp-content\/uploads\/2026\/02\/03122345\/Skjermbilde-2026-02-03-kl.-12.23.35.png 1013w\" sizes=\"auto, (max-width: 896px) 100vw, 896px\" \/><\/figure>\n\n\n\n<p>FNs barnekonvensjon artikkel 19&nbsp;&nbsp;og 39 gir alle barn i Norge rett til \u00e5 bli beskyttet mot vold og&nbsp;&nbsp;de barna som har opplevd vold har rett til hjelp.&nbsp;<\/p>\n\n\n\n<p>Stine Sofies Stiftelse jobber hver dag for at alle barn, uansett om du er nyf\u00f8dte eller ungdom,&nbsp;&nbsp;rik eller fattig, om du bor&nbsp;&nbsp;med dine foreldre eller i fosterhjem,&nbsp;&nbsp;nord eller s\u00f8r i landet \u2013 ja, kort sagt, at alle barn skal f\u00e5 oppfylt sine grunnleggende rettigheter. Alle barn har rett til beskyttelse mot vold!&nbsp;<\/p>\n\n\n\n<p><a href=\"https:\/\/www.nhri.no\/2022\/barns-rett-til-beskyttelse-mot-vold-overgrep-og-omsorgssvikt\/\">Her kan du lese mer om hvilke plikter vi voksne har for \u00e5 oppfylle barns rett til beskyttelse mot vold.<\/a>&nbsp;<\/p>\n\n\n\n<p>Regjeringen har en egen side med mer informasjon om Barnekonvensjonen.<br><a href=\"https:\/\/www.regjeringen.no\/no\/dokumenter\/fns-barnekonvensjon\/id88078\/\"> Her finner du konvensjonen i sin helhet samt kortversjon og plakater.<\/a><\/p>\n<\/div>\n<\/div>\n\n\n\n<div class=\"wp-block-columns alignwide sss-image-text has-secondary-background-color has-background is-layout-flex wp-container-core-columns-is-layout-60282ebd wp-block-columns-is-layout-flex\" style=\"border-radius:4px;margin-top:var(--wp--preset--spacing--70);padding-top:0;padding-right:0;padding-bottom:0;padding-left:0\">\n<div class=\"wp-block-column is-layout-flow wp-block-column-is-layout-flow\">\n<div class=\"wp-block-cover is-light no-min-height height-100\"><img loading=\"lazy\" decoding=\"async\" width=\"800\" height=\"450\" class=\"wp-block-cover__image-background wp-image-12679 size-full\" alt=\"\" src=\"https:\/\/d1713zmupob0gt.cloudfront.net\/wp-content\/uploads\/2026\/01\/05143743\/Ansatte-2-2024-edited.jpg\" data-object-fit=\"cover\" srcset=\"https:\/\/d1713zmupob0gt.cloudfront.net\/wp-content\/uploads\/2026\/01\/05143743\/Ansatte-2-2024-edited.jpg 800w, https:\/\/d1713zmupob0gt.cloudfront.net\/wp-content\/uploads\/2026\/01\/05143743\/Ansatte-2-2024-edited-300x169.jpg 300w, https:\/\/d1713zmupob0gt.cloudfront.net\/wp-content\/uploads\/2026\/01\/05143743\/Ansatte-2-2024-edited-768x432.jpg 768w\" sizes=\"auto, (max-width: 800px) 100vw, 800px\" \/><span aria-hidden=\"true\" class=\"wp-block-cover__background has-background-dim-0 has-background-dim\" style=\"background-color:#FFF\"><\/span><div class=\"wp-block-cover__inner-container is-layout-flow wp-block-cover-is-layout-flow\">\n<p><\/p>\n<\/div><\/div>\n<\/div>\n\n\n\n<div class=\"wp-block-column is-layout-flow wp-block-column-is-layout-flow\" style=\"padding-top:var(--wp--preset--spacing--50);padding-right:0;padding-bottom:var(--wp--preset--spacing--50);padding-left:0\">\n<div class=\"wp-block-group has-global-padding is-content-justification-left is-layout-constrained wp-container-core-group-is-layout-00dfd91b wp-block-group-is-layout-constrained\" style=\"padding-right:var(--wp--preset--spacing--30)\">\n<h2 class=\"wp-block-heading\">Kontakt oss<\/h2>\n\n\n\n<div class=\"wp-block-columns is-layout-flex wp-container-core-columns-is-layout-28f84493 wp-block-columns-is-layout-flex\">\n<div class=\"wp-block-column is-layout-flow wp-block-column-is-layout-flow\">\n<p><strong>Gratis juridisk veiledning<\/strong><br>37 29 40 90<br><a class=\"absconditus\" data-absconditus-a=\"yvnz\" data-absconditus-b=\"fgvarfbsvrffgvsgryfr.ab\" href=\"#\">juridisk@stinesofiesstiftelse.no<\/a><\/p>\n<\/div>\n\n\n\n<div class=\"wp-block-column is-layout-flow wp-block-column-is-layout-flow\">\n<p><strong>S<strong>tine Sofie Sentere<\/strong>t<\/strong><br>37 29 40 90 <a class=\"absconditus\" data-absconditus-a=\"gfbc\" data-absconditus-b=\"fgvarfbsvrfragrerg.ab\" href=\"#\"><span data-absconditus-placeholder=\"otnesfoepnse.nttreeosisi@t\"><\/span><\/a><\/p>\n<\/div>\n<\/div>\n\n\n\n<div class=\"wp-block-columns is-layout-flex wp-container-core-columns-is-layout-28f84493 wp-block-columns-is-layout-flex\">\n<div class=\"wp-block-column is-layout-flow wp-block-column-is-layout-flow\">\n<p><strong>Andre henvendelser<\/strong><br>&nbsp;37 29 40 90 <a class=\"absconditus\" data-absconditus-a=\"gfbc\" data-absconditus-b=\"fgvarfbsvrffgvsgryfr.ab\" href=\"#\"><span data-absconditus-placeholder=\"siseel@snsosftntp.eeiofoitts\"><\/span><\/a><\/p>\n<\/div>\n\n\n\n<div class=\"wp-block-column is-layout-flow wp-block-column-is-layout-flow\">\n<p><strong>Pressekontakt<\/strong><br>Marit H\u00f8igilt |&nbsp;909 17 701<br><a class=\"absconditus\" data-absconditus-a=\"gvenz\" data-absconditus-b=\"fgvarfbsvrffgvsgryfr.ab\" href=\"#\"><span data-absconditus-placeholder=\"s.folets@tenteaiissmtoirisfen\"><\/span><\/a><\/p>\n<\/div>\n<\/div>\n<\/div>\n\n\n\n<div class=\"wp-block-buttons is-layout-flex wp-block-buttons-is-layout-flex\">\n<div class=\"wp-block-button is-style-arrow\"><a class=\"wp-block-button__link has-contrast-color has-text-color has-custom-font-size wp-element-button\" href=\"https:\/\/www.stinesofiesstiftelse.no\/om-oss\/\" style=\"padding-top:0;padding-right:0;padding-bottom:0;padding-left:0;font-size:clamp(0.984rem, 0.984rem + ((1vw - 0.2rem) * 0.949), 1.5rem);\">Om Stine Sofies Stiftelse<\/a><\/div>\n<\/div>\n<\/div>\n<\/div>\n\n\n\n<div class=\"wp-block-columns alignwide sss-image-text has-secondary-background-color has-background is-layout-flex wp-container-core-columns-is-layout-3fb004a6 wp-block-columns-is-layout-flex\" style=\"border-radius:4px;padding-top:0;padding-right:0;padding-bottom:0;padding-left:0\">\n<div class=\"wp-block-column is-layout-flow wp-block-column-is-layout-flow\">\n<figure class=\"wp-block-image size-large\"><img loading=\"lazy\" decoding=\"async\" width=\"1024\" height=\"683\" src=\"https:\/\/d1713zmupob0gt.cloudfront.net\/wp-content\/uploads\/2023\/06\/28125324\/20220627_9497-1024x683.jpg\" alt=\"\" class=\"wp-image-1798\" srcset=\"https:\/\/d1713zmupob0gt.cloudfront.net\/wp-content\/uploads\/2023\/06\/28125324\/20220627_9497-1024x683.jpg 1024w, https:\/\/d1713zmupob0gt.cloudfront.net\/wp-content\/uploads\/2023\/06\/28125324\/20220627_9497-300x200.jpg 300w, https:\/\/d1713zmupob0gt.cloudfront.net\/wp-content\/uploads\/2023\/06\/28125324\/20220627_9497-768x512.jpg 768w, https:\/\/d1713zmupob0gt.cloudfront.net\/wp-content\/uploads\/2023\/06\/28125324\/20220627_9497-1536x1024.jpg 1536w, https:\/\/d1713zmupob0gt.cloudfront.net\/wp-content\/uploads\/2023\/06\/28125324\/20220627_9497-2048x1365.jpg 2048w\" sizes=\"auto, (max-width: 1024px) 100vw, 1024px\" \/><figcaption class=\"wp-element-caption\">rgedfh<\/figcaption><\/figure>\n<\/div>\n\n\n\n<div class=\"wp-block-column is-layout-flow wp-block-column-is-layout-flow\" style=\"padding-top:var(--wp--preset--spacing--50);padding-right:0;padding-bottom:var(--wp--preset--spacing--50);padding-left:0\">\n<div class=\"wp-block-group has-global-padding is-content-justification-left is-layout-constrained wp-container-core-group-is-layout-c80ec7c2 wp-block-group-is-layout-constrained\" style=\"padding-right:var(--wp--preset--spacing--50)\">\n<h2 class=\"wp-block-heading is-style-default has-primary-color has-text-color\"><a href=\"https:\/\/www.stinesofiesstiftelse.no\/stine-sofie-senteret\/\">Stine Sofie Senteret<\/a><\/h2>\n\n\n\n<p><\/p>\n\n\n\n<p>Stine Sofie Senteret er et kurs- og mestringssenter for volds- og overgrepsutsatte barn og unge. M\u00e5let med senteret er at kursdeltagerne, i trygge omgivelser, f\u00e5r oppleve glede og f\u00e5r ny kunnskap. <\/p>\n\n\n<a class=\"wp-block-read-more\" href=\"https:\/\/www.stinesofiesstiftelse.no\/sma\/vart-arbeid\/juridisk-arbeid\/fns-barnekonvensjon\/\" target=\"_self\">Finn ut mer om stine Sofie Senteret<span class=\"screen-reader-text\">: FNs barnekonvensjon<\/span><\/a><\/div>\n<\/div>\n<\/div>\n","protected":false},"excerpt":{"rendered":"<p>FNs konvensjon om barnets rettigheter (Barnekonvensjonen) er en internasjonal avtale om barns rettigheter. Barnekonvensjonen er ogs\u00e5 kalt barnas egen grunnlov. [&hellip;]<\/p>\n","protected":false},"author":6,"featured_media":751,"parent":3463,"menu_order":0,"comment_status":"closed","ping_status":"closed","template":"","meta":{"_acf_changed":false,"inline_featured_image":false,"footnotes":""},"class_list":["post-6823","page","type-page","status-publish","has-post-thumbnail","hentry"],"acf":[],"mb":[],"yoast_head":"<!-- This site is optimized with the Yoast SEO plugin v27.3 - https:\/\/yoast.com\/product\/yoast-seo-wordpress\/ -->\n<title>FNs barnekonvensjon - Stine Sofies Stiftelse<\/title>\n<meta name=\"robots\" content=\"index, follow, max-snippet:-1, max-image-preview:large, max-video-preview:-1\" \/>\n<link rel=\"canonical\" href=\"https:\/\/www.stinesofiesstiftelse.no\/vart-arbeid\/juridisk-arbeid\/fns-barnekonvensjon\/\" \/>\n<meta property=\"og:locale\" content=\"en_US\" \/>\n<meta property=\"og:type\" content=\"article\" \/>\n<meta property=\"og:title\" content=\"FNs barnekonvensjon - Stine Sofies Stiftelse\" \/>\n<meta property=\"og:description\" content=\"FNs konvensjon om barnets rettigheter (Barnekonvensjonen) er en internasjonal avtale om barns rettigheter. Barnekonvensjonen er ogs\u00e5 kalt barnas egen grunnlov. [&hellip;]\" \/>\n<meta property=\"og:url\" content=\"https:\/\/www.stinesofiesstiftelse.no\/vart-arbeid\/juridisk-arbeid\/fns-barnekonvensjon\/\" \/>\n<meta property=\"og:site_name\" content=\"Stine Sofies Stiftelse\" \/>\n<meta property=\"article:publisher\" content=\"https:\/\/www.facebook.com\/StineSofiesStiftelse\/\" \/>\n<meta property=\"article:modified_time\" content=\"2026-02-03T11:24:04+00:00\" \/>\n<meta property=\"og:image\" content=\"https:\/\/d1713zmupob0gt.cloudfront.net\/wp-content\/uploads\/2023\/06\/20095431\/andrew-seaman-ey5zZOkYL0Q-unsplash-scaled.jpg\" \/>\n\t<meta property=\"og:image:width\" content=\"2560\" \/>\n\t<meta property=\"og:image:height\" content=\"2560\" \/>\n\t<meta property=\"og:image:type\" content=\"image\/jpeg\" \/>\n<meta name=\"twitter:card\" content=\"summary_large_image\" \/>\n<meta name=\"twitter:label1\" content=\"Est. reading time\" \/>\n\t<meta name=\"twitter:data1\" content=\"2 minutes\" \/>\n<script type=\"application\/ld+json\" class=\"yoast-schema-graph\">{\"@context\":\"https:\\\/\\\/schema.org\",\"@graph\":[{\"@type\":\"WebPage\",\"@id\":\"https:\\\/\\\/www.stinesofiesstiftelse.no\\\/vart-arbeid\\\/juridisk-arbeid\\\/fns-barnekonvensjon\\\/\",\"url\":\"https:\\\/\\\/www.stinesofiesstiftelse.no\\\/vart-arbeid\\\/juridisk-arbeid\\\/fns-barnekonvensjon\\\/\",\"name\":\"FNs barnekonvensjon - Stine Sofies Stiftelse\",\"isPartOf\":{\"@id\":\"https:\\\/\\\/www.stinesofiesstiftelse.no\\\/#website\"},\"primaryImageOfPage\":{\"@id\":\"https:\\\/\\\/www.stinesofiesstiftelse.no\\\/vart-arbeid\\\/juridisk-arbeid\\\/fns-barnekonvensjon\\\/#primaryimage\"},\"image\":{\"@id\":\"https:\\\/\\\/www.stinesofiesstiftelse.no\\\/vart-arbeid\\\/juridisk-arbeid\\\/fns-barnekonvensjon\\\/#primaryimage\"},\"thumbnailUrl\":\"https:\\\/\\\/d1713zmupob0gt.cloudfront.net\\\/wp-content\\\/uploads\\\/2023\\\/06\\\/20095431\\\/andrew-seaman-ey5zZOkYL0Q-unsplash-scaled.jpg\",\"datePublished\":\"2024-03-25T09:40:27+00:00\",\"dateModified\":\"2026-02-03T11:24:04+00:00\",\"breadcrumb\":{\"@id\":\"https:\\\/\\\/www.stinesofiesstiftelse.no\\\/vart-arbeid\\\/juridisk-arbeid\\\/fns-barnekonvensjon\\\/#breadcrumb\"},\"inLanguage\":\"sma-NO\",\"potentialAction\":[{\"@type\":\"ReadAction\",\"target\":[\"https:\\\/\\\/www.stinesofiesstiftelse.no\\\/vart-arbeid\\\/juridisk-arbeid\\\/fns-barnekonvensjon\\\/\"]}]},{\"@type\":\"ImageObject\",\"inLanguage\":\"sma-NO\",\"@id\":\"https:\\\/\\\/www.stinesofiesstiftelse.no\\\/vart-arbeid\\\/juridisk-arbeid\\\/fns-barnekonvensjon\\\/#primaryimage\",\"url\":\"https:\\\/\\\/d1713zmupob0gt.cloudfront.net\\\/wp-content\\\/uploads\\\/2023\\\/06\\\/20095431\\\/andrew-seaman-ey5zZOkYL0Q-unsplash-scaled.jpg\",\"contentUrl\":\"https:\\\/\\\/d1713zmupob0gt.cloudfront.net\\\/wp-content\\\/uploads\\\/2023\\\/06\\\/20095431\\\/andrew-seaman-ey5zZOkYL0Q-unsplash-scaled.jpg\",\"width\":2560,\"height\":2560},{\"@type\":\"BreadcrumbList\",\"@id\":\"https:\\\/\\\/www.stinesofiesstiftelse.no\\\/vart-arbeid\\\/juridisk-arbeid\\\/fns-barnekonvensjon\\\/#breadcrumb\",\"itemListElement\":[{\"@type\":\"ListItem\",\"position\":1,\"name\":\"Hjem\",\"item\":\"https:\\\/\\\/www.stinesofiesstiftelse.no\\\/\"},{\"@type\":\"ListItem\",\"position\":2,\"name\":\"V\u00e5rt arbeid\",\"item\":\"https:\\\/\\\/www.stinesofiesstiftelse.no\\\/vart-arbeid\\\/\"},{\"@type\":\"ListItem\",\"position\":3,\"name\":\"Juridisk arbeid\",\"item\":\"https:\\\/\\\/www.stinesofiesstiftelse.no\\\/vart-arbeid\\\/juridisk-arbeid\\\/\"},{\"@type\":\"ListItem\",\"position\":4,\"name\":\"FNs barnekonvensjon\"}]},{\"@type\":\"WebSite\",\"@id\":\"https:\\\/\\\/www.stinesofiesstiftelse.no\\\/#website\",\"url\":\"https:\\\/\\\/www.stinesofiesstiftelse.no\\\/\",\"name\":\"Stine Sofies Stiftelse\",\"description\":\"\",\"publisher\":{\"@id\":\"https:\\\/\\\/www.stinesofiesstiftelse.no\\\/#organization\"},\"potentialAction\":[{\"@type\":\"SearchAction\",\"target\":{\"@type\":\"EntryPoint\",\"urlTemplate\":\"https:\\\/\\\/www.stinesofiesstiftelse.no\\\/?s={search_term_string}\"},\"query-input\":{\"@type\":\"PropertyValueSpecification\",\"valueRequired\":true,\"valueName\":\"search_term_string\"}}],\"inLanguage\":\"sma-NO\"},{\"@type\":\"Organization\",\"@id\":\"https:\\\/\\\/www.stinesofiesstiftelse.no\\\/#organization\",\"name\":\"Stine Sofies Stiftelse\",\"url\":\"https:\\\/\\\/www.stinesofiesstiftelse.no\\\/\",\"logo\":{\"@type\":\"ImageObject\",\"inLanguage\":\"sma-NO\",\"@id\":\"https:\\\/\\\/www.stinesofiesstiftelse.no\\\/#\\\/schema\\\/logo\\\/image\\\/\",\"url\":\"https:\\\/\\\/d1713zmupob0gt.cloudfront.net\\\/wp-content\\\/uploads\\\/2024\\\/10\\\/19093628\\\/cropped-Stine_sofies_stiftelse_logosymbol.png\",\"contentUrl\":\"https:\\\/\\\/d1713zmupob0gt.cloudfront.net\\\/wp-content\\\/uploads\\\/2024\\\/10\\\/19093628\\\/cropped-Stine_sofies_stiftelse_logosymbol.png\",\"width\":512,\"height\":512,\"caption\":\"Stine Sofies Stiftelse\"},\"image\":{\"@id\":\"https:\\\/\\\/www.stinesofiesstiftelse.no\\\/#\\\/schema\\\/logo\\\/image\\\/\"},\"sameAs\":[\"https:\\\/\\\/www.facebook.com\\\/StineSofiesStiftelse\\\/\"]}]}<\/script>\n<!-- \/ Yoast SEO plugin. -->","yoast_head_json":{"title":"FNs barnekonvensjon - Stine Sofies Stiftelse","robots":{"index":"index","follow":"follow","max-snippet":"max-snippet:-1","max-image-preview":"max-image-preview:large","max-video-preview":"max-video-preview:-1"},"canonical":"https:\/\/www.stinesofiesstiftelse.no\/vart-arbeid\/juridisk-arbeid\/fns-barnekonvensjon\/","og_locale":"en_US","og_type":"article","og_title":"FNs barnekonvensjon - Stine Sofies Stiftelse","og_description":"FNs konvensjon om barnets rettigheter (Barnekonvensjonen) er en internasjonal avtale om barns rettigheter. Barnekonvensjonen er ogs\u00e5 kalt barnas egen grunnlov. [&hellip;]","og_url":"https:\/\/www.stinesofiesstiftelse.no\/vart-arbeid\/juridisk-arbeid\/fns-barnekonvensjon\/","og_site_name":"Stine Sofies Stiftelse","article_publisher":"https:\/\/www.facebook.com\/StineSofiesStiftelse\/","article_modified_time":"2026-02-03T11:24:04+00:00","og_image":[{"width":2560,"height":2560,"url":"https:\/\/d1713zmupob0gt.cloudfront.net\/wp-content\/uploads\/2023\/06\/20095431\/andrew-seaman-ey5zZOkYL0Q-unsplash-scaled.jpg","type":"image\/jpeg"}],"twitter_card":"summary_large_image","twitter_misc":{"Est. reading time":"2 minutes"},"schema":{"@context":"https:\/\/schema.org","@graph":[{"@type":"WebPage","@id":"https:\/\/www.stinesofiesstiftelse.no\/vart-arbeid\/juridisk-arbeid\/fns-barnekonvensjon\/","url":"https:\/\/www.stinesofiesstiftelse.no\/vart-arbeid\/juridisk-arbeid\/fns-barnekonvensjon\/","name":"FNs barnekonvensjon - Stine Sofies Stiftelse","isPartOf":{"@id":"https:\/\/www.stinesofiesstiftelse.no\/#website"},"primaryImageOfPage":{"@id":"https:\/\/www.stinesofiesstiftelse.no\/vart-arbeid\/juridisk-arbeid\/fns-barnekonvensjon\/#primaryimage"},"image":{"@id":"https:\/\/www.stinesofiesstiftelse.no\/vart-arbeid\/juridisk-arbeid\/fns-barnekonvensjon\/#primaryimage"},"thumbnailUrl":"https:\/\/d1713zmupob0gt.cloudfront.net\/wp-content\/uploads\/2023\/06\/20095431\/andrew-seaman-ey5zZOkYL0Q-unsplash-scaled.jpg","datePublished":"2024-03-25T09:40:27+00:00","dateModified":"2026-02-03T11:24:04+00:00","breadcrumb":{"@id":"https:\/\/www.stinesofiesstiftelse.no\/vart-arbeid\/juridisk-arbeid\/fns-barnekonvensjon\/#breadcrumb"},"inLanguage":"sma-NO","potentialAction":[{"@type":"ReadAction","target":["https:\/\/www.stinesofiesstiftelse.no\/vart-arbeid\/juridisk-arbeid\/fns-barnekonvensjon\/"]}]},{"@type":"ImageObject","inLanguage":"sma-NO","@id":"https:\/\/www.stinesofiesstiftelse.no\/vart-arbeid\/juridisk-arbeid\/fns-barnekonvensjon\/#primaryimage","url":"https:\/\/d1713zmupob0gt.cloudfront.net\/wp-content\/uploads\/2023\/06\/20095431\/andrew-seaman-ey5zZOkYL0Q-unsplash-scaled.jpg","contentUrl":"https:\/\/d1713zmupob0gt.cloudfront.net\/wp-content\/uploads\/2023\/06\/20095431\/andrew-seaman-ey5zZOkYL0Q-unsplash-scaled.jpg","width":2560,"height":2560},{"@type":"BreadcrumbList","@id":"https:\/\/www.stinesofiesstiftelse.no\/vart-arbeid\/juridisk-arbeid\/fns-barnekonvensjon\/#breadcrumb","itemListElement":[{"@type":"ListItem","position":1,"name":"Hjem","item":"https:\/\/www.stinesofiesstiftelse.no\/"},{"@type":"ListItem","position":2,"name":"V\u00e5rt arbeid","item":"https:\/\/www.stinesofiesstiftelse.no\/vart-arbeid\/"},{"@type":"ListItem","position":3,"name":"Juridisk arbeid","item":"https:\/\/www.stinesofiesstiftelse.no\/vart-arbeid\/juridisk-arbeid\/"},{"@type":"ListItem","position":4,"name":"FNs barnekonvensjon"}]},{"@type":"WebSite","@id":"https:\/\/www.stinesofiesstiftelse.no\/#website","url":"https:\/\/www.stinesofiesstiftelse.no\/","name":"Stine Sofies Stiftelse","description":"","publisher":{"@id":"https:\/\/www.stinesofiesstiftelse.no\/#organization"},"potentialAction":[{"@type":"SearchAction","target":{"@type":"EntryPoint","urlTemplate":"https:\/\/www.stinesofiesstiftelse.no\/?s={search_term_string}"},"query-input":{"@type":"PropertyValueSpecification","valueRequired":true,"valueName":"search_term_string"}}],"inLanguage":"sma-NO"},{"@type":"Organization","@id":"https:\/\/www.stinesofiesstiftelse.no\/#organization","name":"Stine Sofies Stiftelse","url":"https:\/\/www.stinesofiesstiftelse.no\/","logo":{"@type":"ImageObject","inLanguage":"sma-NO","@id":"https:\/\/www.stinesofiesstiftelse.no\/#\/schema\/logo\/image\/","url":"https:\/\/d1713zmupob0gt.cloudfront.net\/wp-content\/uploads\/2024\/10\/19093628\/cropped-Stine_sofies_stiftelse_logosymbol.png","contentUrl":"https:\/\/d1713zmupob0gt.cloudfront.net\/wp-content\/uploads\/2024\/10\/19093628\/cropped-Stine_sofies_stiftelse_logosymbol.png","width":512,"height":512,"caption":"Stine Sofies Stiftelse"},"image":{"@id":"https:\/\/www.stinesofiesstiftelse.no\/#\/schema\/logo\/image\/"},"sameAs":["https:\/\/www.facebook.com\/StineSofiesStiftelse\/"]}]}},"mfb_rest_fields":["title","yoast_head","yoast_head_json"],"_links":{"self":[{"href":"https:\/\/www.stinesofiesstiftelse.no\/sma\/wp-json\/wp\/v2\/pages\/6823","targetHints":{"allow":["GET"]}}],"collection":[{"href":"https:\/\/www.stinesofiesstiftelse.no\/sma\/wp-json\/wp\/v2\/pages"}],"about":[{"href":"https:\/\/www.stinesofiesstiftelse.no\/sma\/wp-json\/wp\/v2\/types\/page"}],"author":[{"embeddable":true,"href":"https:\/\/www.stinesofiesstiftelse.no\/sma\/wp-json\/wp\/v2\/users\/6"}],"replies":[{"embeddable":true,"href":"https:\/\/www.stinesofiesstiftelse.no\/sma\/wp-json\/wp\/v2\/comments?post=6823"}],"version-history":[{"count":2,"href":"https:\/\/www.stinesofiesstiftelse.no\/sma\/wp-json\/wp\/v2\/pages\/6823\/revisions"}],"predecessor-version":[{"id":13219,"href":"https:\/\/www.stinesofiesstiftelse.no\/sma\/wp-json\/wp\/v2\/pages\/6823\/revisions\/13219"}],"up":[{"embeddable":true,"href":"https:\/\/www.stinesofiesstiftelse.no\/sma\/wp-json\/wp\/v2\/pages\/3463"}],"wp:featuredmedia":[{"embeddable":true,"href":"https:\/\/www.stinesofiesstiftelse.no\/sma\/wp-json\/wp\/v2\/media\/751"}],"wp:attachment":[{"href":"https:\/\/www.stinesofiesstiftelse.no\/sma\/wp-json\/wp\/v2\/media?parent=6823"}],"curies":[{"name":"wp","href":"https:\/\/api.w.org\/{rel}","templated":true}]}}