{"id":3394,"date":"2023-10-01T12:14:56","date_gmt":"2023-10-01T10:14:56","guid":{"rendered":"https:\/\/www.stinesofiesstiftelse.no\/?page_id=3394"},"modified":"2026-05-11T09:56:02","modified_gmt":"2026-05-11T07:56:02","slug":"kursinnhold","status":"publish","type":"page","link":"https:\/\/www.stinesofiesstiftelse.no\/sma\/stine-sofie-senteret\/oppholdet-pa-stine-sofie-senteret\/kursinnhold\/","title":{"rendered":"Kursinnhold"},"content":{"rendered":"\n<div class=\"wp-block-group alignwide sss-content-header has-global-padding is-layout-constrained wp-block-group-is-layout-constrained\" style=\"margin-top:0;margin-bottom:0\">\n<div class=\"wp-block-group is-layout-flow wp-block-group-is-layout-flow\" style=\"padding-top:4vw;padding-bottom:3vw\"><div class=\"yoast-breadcrumbs\"><span><span><a href=\"https:\/\/www.stinesofiesstiftelse.no\/\">Hjem<\/a><\/span> \u2013 <span><a href=\"https:\/\/www.stinesofiesstiftelse.no\/stine-sofie-senteret\/\">Stine Sofie Senteret<\/a><\/span> \u2013 <span><a href=\"https:\/\/www.stinesofiesstiftelse.no\/stine-sofie-senteret\/oppholdet-pa-stine-sofie-senteret\/\">Oppholdet p\u00e5 Stine Sofie Senteret<\/a><\/span> \u2013 <span class=\"breadcrumb_last\" aria-current=\"page\">Kursinnhold<\/span><\/span><\/div>\n\n<h1 class=\"is-style-has-blob wp-block-post-title has-text-color has-primary-color\">Kursinnhold<\/h1>\n\n\n<p>Kursoppholdet vil i hovedsak best\u00e5 av ulike aktiviteter og gruppesamlinger. Hovedm\u00e5let er \u00e5 styrke motstandskraften til barna som er utsatt for vold eller overgrep. \u00d8kt motstandskraft handler om \u00e5 fungere godt, til tross for den helserisikoen vold og overgrep f\u00f8rer med seg.&nbsp;<\/p>\n<\/div>\n<\/div>\n\n\n\n<figure class=\"wp-block-image alignwide size-full\"><img loading=\"lazy\" decoding=\"async\" width=\"2560\" height=\"1353\" src=\"https:\/\/d1713zmupob0gt.cloudfront.net\/wp-content\/uploads\/2024\/02\/16140248\/SSS_emosjonell_undervisning-scaled.jpg\" alt=\"\" class=\"wp-image-5926\" srcset=\"https:\/\/d1713zmupob0gt.cloudfront.net\/wp-content\/uploads\/2024\/02\/16140248\/SSS_emosjonell_undervisning-scaled.jpg 2560w, https:\/\/d1713zmupob0gt.cloudfront.net\/wp-content\/uploads\/2024\/02\/16140248\/SSS_emosjonell_undervisning-300x159.jpg 300w, https:\/\/d1713zmupob0gt.cloudfront.net\/wp-content\/uploads\/2024\/02\/16140248\/SSS_emosjonell_undervisning-1024x541.jpg 1024w, https:\/\/d1713zmupob0gt.cloudfront.net\/wp-content\/uploads\/2024\/02\/16140248\/SSS_emosjonell_undervisning-768x406.jpg 768w, https:\/\/d1713zmupob0gt.cloudfront.net\/wp-content\/uploads\/2024\/02\/16140248\/SSS_emosjonell_undervisning-1536x812.jpg 1536w, https:\/\/d1713zmupob0gt.cloudfront.net\/wp-content\/uploads\/2024\/02\/16140248\/SSS_emosjonell_undervisning-2048x1083.jpg 2048w\" sizes=\"auto, (max-width: 2560px) 100vw, 2560px\" \/><\/figure>\n\n\n\n<p>For \u00e5 oppn\u00e5 \u00f8kt motstandskraft er n\u00e6re relasjoner og sosial st\u00f8tte viktige beskyttende faktorer. N\u00e5r barna m\u00f8ter andre barn i samme situasjon gir det en f\u00f8lelse av trygghet og normalitet, og virker positivt inn&nbsp;p\u00e5 barnets helse.&nbsp;<\/p>\n\n\n\n<p>P\u00e5 Stine Sofie Senteret strekker vi oss derfor langt for \u00e5 kunne gi familiene et opphold fylt med normalisering og gode opplevelser \u2013 som skal styrke dem.<\/p>\n\n\n\n<p>De voksne deltar p\u00e5  ogs\u00e5 p\u00e5 undervisning og gruppeaktiviteter, med m\u00e5l om \u00e5 styrke deres omsorgskompetanse. <\/p>\n\n\n\n<section class=\"align is-style-inherit wp-block-aptum-pagelinker\" id=\"block_e60359f1e9cb6e9a5287ee03392cc47b\">\n\n<div class=\"wp-block-aptum-pagelinker__inner is-style-inherit columns-2 item-bg\">\n\t\t<div class=\"wp-block-aptum-pagelinker__grid\">\n\n\t\t\t\t\t\t\t\t\t\t\t\t\t\t<a class=\"wp-block-aptum-pagelinker__item\" href=\"https:\/\/www.stinesofiesstiftelse.no\/sma\/stine-sofie-senteret\/oppholdet-pa-stine-sofie-senteret\/vare-veivisere\/\" target=\"_self\">\n\t\t\t\t\t\t\t\t\t\t\t\t\t\t<div class=\"wp-block-aptum-pagelinker__content\">\n\t\t\t\t\t\t\t\t\t\t\t\t\t\t\t\t<div class=\"wp-block-aptum-pagelinker__text\">\n\t\t\t\t\t\t\t\t\t<h3 class=\"wp-block-aptum-pagelinker__title \">V\u00e5re veivisere<i class=\"wp-block-aptum-pagelinker__arrow\"><\/i><\/h3>\n\t\t\t\t\t\t\t\t\t\t\t\t\t\t\t\t\t\t\t<p class=\"wp-block-aptum-pagelinker__excerpt\">Les mer om veiviserne for alt v\u00e5rt arbeid.<\/p>\n\t\t\t\t\t\t\t\t\t\t\t\t\t\t\t\t\t<\/div>\n\t\t\t\t\t\t\t<\/div>\n\t\t\t\t\t\t<\/a>\n\t\t\t\t\t\t\t\t\t\t\t\t\t\t\t\t\t\t\t\t\t<a class=\"wp-block-aptum-pagelinker__item\" href=\"https:\/\/www.stinesofiesstiftelse.no\/sma\/stine-sofie-senteret\/mal-visjon-og-verdier\/\" target=\"_self\">\n\t\t\t\t\t\t\t\t\t\t\t\t\t\t<div class=\"wp-block-aptum-pagelinker__content\">\n\t\t\t\t\t\t\t\t\t\t\t\t\t\t\t\t<div class=\"wp-block-aptum-pagelinker__text\">\n\t\t\t\t\t\t\t\t\t<h3 class=\"wp-block-aptum-pagelinker__title \">M\u00e5l, visjon og verdier<i class=\"wp-block-aptum-pagelinker__arrow\"><\/i><\/h3>\n\t\t\t\t\t\t\t\t\t\t\t\t\t\t\t\t\t\t\t<p class=\"wp-block-aptum-pagelinker__excerpt\">Stine Sofie Senterets m\u00e5l, visjon og verdier.<\/p>\n\t\t\t\t\t\t\t\t\t\t\t\t\t\t\t\t\t<\/div>\n\t\t\t\t\t\t\t<\/div>\n\t\t\t\t\t\t<\/a>\n\t\t\t\t\t\t\t\t\t\t\t<\/div>\n<\/div>\n\n<\/section>\n\n\n\n<h2 class=\"wp-block-heading\">Fokus p\u00e5 lek og mestring<\/h2>\n\n\n\n<p>I starten av uken deles barna og ungdommen inn i hensiktsmessige grupper etter alder og antall deltakere. De f\u00e5r noe undervisning, men bruker hovedtiden av gruppesamlingene p\u00e5 aktiviteter ute og inne. En av aktivitetene handler om \u00e5 lage en film, et skuespill, en sang eller noe annet kreativt som kan vises p\u00e5 festkvelden fredag. Denne festen er et fast innslag hver uke.<\/p>\n\n\n\n<p>Aktivitetene vil variere fra uke til uke avhengig av barnas alder og funksjonsniv\u00e5. Felles for innholdet i kurs og aktiviteter b\u00e5de for voksne, barn og unge er Stine Sofie Senterets veivisere. Disse er det grunnleggende i oppholdet ved senteret. Det er betydelig bevissthet om at de deltakende barna kan ha ulike \u00f8nsker og behov til sosial interaksjon med andre og det er derfor viktig at tilpasninger gj\u00f8res slik at barnet opplever at de mestrer kursuken. Ettermiddager og kvelder blir tilrettelagt for felles aktiviteter og samv\u00e6r mellom voksne og barn. Vi har egne kokker som lager nydelig mat noe som sikrer gode m\u00e5ltider og matopplevelser gjennom hele oppholdet, og lager en hyggelig ramme for samv\u00e6r og fellesskap.&nbsp;<\/p>\n\n\n\n<h2 class=\"wp-block-heading\">Ingen uker er like<\/h2>\n\n\n\n<p>Ingen uker vil se like ut p\u00e5 Stine Sofie Senteret. Ukene vil avhenge av hvilke familier som bor hos oss, v\u00e6re avhengig av \u00e5rstid og v\u00e6r, men vi vil strekke oss langt for \u00e5 lage uker som oppleves best mulig for flest mulige. Vi vil holde fokus p\u00e5 veiviserne v\u00e5re uavhengig av andre variasjoner. Vi tar gjerne imot tilbakemeldinger underveis, for \u00e5 gi best mulig utbytte av oppholdet.<\/p>\n\n\n\n<p>Aktiviteter og moro du har tilgang p\u00e5, p\u00e5 senteret, avhengig av \u00e5rstid: klatrevegg, biljardbord, spill, tegning, b\u00f8ker, leker, hinderl\u00f8yper, kanoturer, skiturer, skogturer, idrettshall, baller, utesjakk, lekeplass, sansehage, fotballbane, utebowling, tuftepark, med mer.<\/p>\n\n\n\n<blockquote class=\"wp-block-quote is-layout-flow wp-block-quote-is-layout-flow\">\n<p><em>Ikke bare folka som jobber her, men hele stedet \u00f8nsker oss velkommen. Alle kjenner vi det b\u00e5de utenp\u00e5 og inni oss \u2013 her er det godt \u00e5 v\u00e6re! Og slik ble uken p\u00e5 Stine Sofie Senteret \u2013 et sted der vi alle fikk nytt \u00e5 l\u00e6re, men f\u00f8rst og fremst s\u00e5 kom vi til et sted der vi ogs\u00e5 bare kunne v\u00e6re.<\/em><\/p>\n<cite>Fostermor<\/cite><\/blockquote>\n\n\n\n<div class=\"wp-block-buttons is-horizontal is-content-justification-left is-layout-flex wp-container-core-buttons-is-layout-036cb0ab wp-block-buttons-is-layout-flex\">\n<div class=\"wp-block-button is-style-fill\"><a class=\"wp-block-button__link has-text-align-center wp-element-button\" href=\"https:\/\/www.stinesofiesstiftelse.no\/stine-sofie-senteret\/sok-om-opphold\/\">S\u00f8k om opphold<\/a><\/div>\n<\/div>\n","protected":false},"excerpt":{"rendered":"<p>Kursoppholdet vil i hovedsak best\u00e5 av ulike aktiviteter og gruppesamlinger. Hovedm\u00e5let er \u00e5 styrke motstandskraften til barna som er utsatt [&hellip;]<\/p>\n","protected":false},"author":2,"featured_media":5923,"parent":3333,"menu_order":0,"comment_status":"closed","ping_status":"closed","template":"","meta":{"_acf_changed":false,"inline_featured_image":false,"footnotes":""},"class_list":["post-3394","page","type-page","status-publish","has-post-thumbnail","hentry"],"acf":[],"mb":[],"yoast_head":"<!-- This site is optimized with the Yoast SEO plugin v27.3 - https:\/\/yoast.com\/product\/yoast-seo-wordpress\/ -->\n<title>Kursinnhold - Stine Sofies Stiftelse<\/title>\n<meta name=\"robots\" content=\"index, follow, max-snippet:-1, max-image-preview:large, max-video-preview:-1\" \/>\n<link rel=\"canonical\" href=\"https:\/\/www.stinesofiesstiftelse.no\/stine-sofie-senteret\/oppholdet-pa-stine-sofie-senteret\/kursinnhold\/\" \/>\n<meta property=\"og:locale\" content=\"en_US\" \/>\n<meta property=\"og:type\" content=\"article\" \/>\n<meta property=\"og:title\" content=\"Kursinnhold - Stine Sofies Stiftelse\" \/>\n<meta property=\"og:description\" content=\"Kursoppholdet vil i hovedsak best\u00e5 av ulike aktiviteter og gruppesamlinger. Hovedm\u00e5let er \u00e5 styrke motstandskraften til barna som er utsatt [&hellip;]\" \/>\n<meta property=\"og:url\" content=\"https:\/\/www.stinesofiesstiftelse.no\/stine-sofie-senteret\/oppholdet-pa-stine-sofie-senteret\/kursinnhold\/\" \/>\n<meta property=\"og:site_name\" content=\"Stine Sofies Stiftelse\" \/>\n<meta property=\"article:publisher\" content=\"https:\/\/www.facebook.com\/StineSofiesStiftelse\/\" \/>\n<meta property=\"article:modified_time\" content=\"2026-05-11T07:56:02+00:00\" \/>\n<meta name=\"twitter:card\" content=\"summary_large_image\" \/>\n<meta name=\"twitter:label1\" content=\"Est. reading time\" \/>\n\t<meta name=\"twitter:data1\" content=\"3 minutes\" \/>\n<script type=\"application\/ld+json\" class=\"yoast-schema-graph\">{\"@context\":\"https:\\\/\\\/schema.org\",\"@graph\":[{\"@type\":\"WebPage\",\"@id\":\"https:\\\/\\\/www.stinesofiesstiftelse.no\\\/stine-sofie-senteret\\\/oppholdet-pa-stine-sofie-senteret\\\/kursinnhold\\\/\",\"url\":\"https:\\\/\\\/www.stinesofiesstiftelse.no\\\/stine-sofie-senteret\\\/oppholdet-pa-stine-sofie-senteret\\\/kursinnhold\\\/\",\"name\":\"Kursinnhold - Stine Sofies Stiftelse\",\"isPartOf\":{\"@id\":\"https:\\\/\\\/www.stinesofiesstiftelse.no\\\/#website\"},\"primaryImageOfPage\":{\"@id\":\"https:\\\/\\\/www.stinesofiesstiftelse.no\\\/stine-sofie-senteret\\\/oppholdet-pa-stine-sofie-senteret\\\/kursinnhold\\\/#primaryimage\"},\"image\":{\"@id\":\"https:\\\/\\\/www.stinesofiesstiftelse.no\\\/stine-sofie-senteret\\\/oppholdet-pa-stine-sofie-senteret\\\/kursinnhold\\\/#primaryimage\"},\"thumbnailUrl\":\"https:\\\/\\\/d1713zmupob0gt.cloudfront.net\\\/wp-content\\\/uploads\\\/2024\\\/02\\\/16140109\\\/SSS_emosjonell_undervisning.tif\",\"datePublished\":\"2023-10-01T10:14:56+00:00\",\"dateModified\":\"2026-05-11T07:56:02+00:00\",\"breadcrumb\":{\"@id\":\"https:\\\/\\\/www.stinesofiesstiftelse.no\\\/stine-sofie-senteret\\\/oppholdet-pa-stine-sofie-senteret\\\/kursinnhold\\\/#breadcrumb\"},\"inLanguage\":\"sma-NO\",\"potentialAction\":[{\"@type\":\"ReadAction\",\"target\":[\"https:\\\/\\\/www.stinesofiesstiftelse.no\\\/stine-sofie-senteret\\\/oppholdet-pa-stine-sofie-senteret\\\/kursinnhold\\\/\"]}]},{\"@type\":\"ImageObject\",\"inLanguage\":\"sma-NO\",\"@id\":\"https:\\\/\\\/www.stinesofiesstiftelse.no\\\/stine-sofie-senteret\\\/oppholdet-pa-stine-sofie-senteret\\\/kursinnhold\\\/#primaryimage\",\"url\":\"https:\\\/\\\/d1713zmupob0gt.cloudfront.net\\\/wp-content\\\/uploads\\\/2024\\\/02\\\/16140109\\\/SSS_emosjonell_undervisning.tif\",\"contentUrl\":\"https:\\\/\\\/d1713zmupob0gt.cloudfront.net\\\/wp-content\\\/uploads\\\/2024\\\/02\\\/16140109\\\/SSS_emosjonell_undervisning.tif\",\"caption\":\"Undervisning p\u00e5 Stine Sofie Senteret\"},{\"@type\":\"BreadcrumbList\",\"@id\":\"https:\\\/\\\/www.stinesofiesstiftelse.no\\\/stine-sofie-senteret\\\/oppholdet-pa-stine-sofie-senteret\\\/kursinnhold\\\/#breadcrumb\",\"itemListElement\":[{\"@type\":\"ListItem\",\"position\":1,\"name\":\"Hjem\",\"item\":\"https:\\\/\\\/www.stinesofiesstiftelse.no\\\/\"},{\"@type\":\"ListItem\",\"position\":2,\"name\":\"Stine Sofie Senteret\",\"item\":\"https:\\\/\\\/www.stinesofiesstiftelse.no\\\/stine-sofie-senteret\\\/\"},{\"@type\":\"ListItem\",\"position\":3,\"name\":\"Oppholdet p\u00e5 Stine Sofie Senteret\",\"item\":\"https:\\\/\\\/www.stinesofiesstiftelse.no\\\/stine-sofie-senteret\\\/oppholdet-pa-stine-sofie-senteret\\\/\"},{\"@type\":\"ListItem\",\"position\":4,\"name\":\"Kursinnhold\"}]},{\"@type\":\"WebSite\",\"@id\":\"https:\\\/\\\/www.stinesofiesstiftelse.no\\\/#website\",\"url\":\"https:\\\/\\\/www.stinesofiesstiftelse.no\\\/\",\"name\":\"Stine Sofies Stiftelse\",\"description\":\"\",\"publisher\":{\"@id\":\"https:\\\/\\\/www.stinesofiesstiftelse.no\\\/#organization\"},\"potentialAction\":[{\"@type\":\"SearchAction\",\"target\":{\"@type\":\"EntryPoint\",\"urlTemplate\":\"https:\\\/\\\/www.stinesofiesstiftelse.no\\\/?s={search_term_string}\"},\"query-input\":{\"@type\":\"PropertyValueSpecification\",\"valueRequired\":true,\"valueName\":\"search_term_string\"}}],\"inLanguage\":\"sma-NO\"},{\"@type\":\"Organization\",\"@id\":\"https:\\\/\\\/www.stinesofiesstiftelse.no\\\/#organization\",\"name\":\"Stine Sofies Stiftelse\",\"url\":\"https:\\\/\\\/www.stinesofiesstiftelse.no\\\/\",\"logo\":{\"@type\":\"ImageObject\",\"inLanguage\":\"sma-NO\",\"@id\":\"https:\\\/\\\/www.stinesofiesstiftelse.no\\\/#\\\/schema\\\/logo\\\/image\\\/\",\"url\":\"https:\\\/\\\/d1713zmupob0gt.cloudfront.net\\\/wp-content\\\/uploads\\\/2024\\\/10\\\/19093628\\\/cropped-Stine_sofies_stiftelse_logosymbol.png\",\"contentUrl\":\"https:\\\/\\\/d1713zmupob0gt.cloudfront.net\\\/wp-content\\\/uploads\\\/2024\\\/10\\\/19093628\\\/cropped-Stine_sofies_stiftelse_logosymbol.png\",\"width\":512,\"height\":512,\"caption\":\"Stine Sofies Stiftelse\"},\"image\":{\"@id\":\"https:\\\/\\\/www.stinesofiesstiftelse.no\\\/#\\\/schema\\\/logo\\\/image\\\/\"},\"sameAs\":[\"https:\\\/\\\/www.facebook.com\\\/StineSofiesStiftelse\\\/\"]}]}<\/script>\n<!-- \/ Yoast SEO plugin. -->","yoast_head_json":{"title":"Kursinnhold - Stine Sofies Stiftelse","robots":{"index":"index","follow":"follow","max-snippet":"max-snippet:-1","max-image-preview":"max-image-preview:large","max-video-preview":"max-video-preview:-1"},"canonical":"https:\/\/www.stinesofiesstiftelse.no\/stine-sofie-senteret\/oppholdet-pa-stine-sofie-senteret\/kursinnhold\/","og_locale":"en_US","og_type":"article","og_title":"Kursinnhold - Stine Sofies Stiftelse","og_description":"Kursoppholdet vil i hovedsak best\u00e5 av ulike aktiviteter og gruppesamlinger. Hovedm\u00e5let er \u00e5 styrke motstandskraften til barna som er utsatt [&hellip;]","og_url":"https:\/\/www.stinesofiesstiftelse.no\/stine-sofie-senteret\/oppholdet-pa-stine-sofie-senteret\/kursinnhold\/","og_site_name":"Stine Sofies Stiftelse","article_publisher":"https:\/\/www.facebook.com\/StineSofiesStiftelse\/","article_modified_time":"2026-05-11T07:56:02+00:00","twitter_card":"summary_large_image","twitter_misc":{"Est. reading time":"3 minutes"},"schema":{"@context":"https:\/\/schema.org","@graph":[{"@type":"WebPage","@id":"https:\/\/www.stinesofiesstiftelse.no\/stine-sofie-senteret\/oppholdet-pa-stine-sofie-senteret\/kursinnhold\/","url":"https:\/\/www.stinesofiesstiftelse.no\/stine-sofie-senteret\/oppholdet-pa-stine-sofie-senteret\/kursinnhold\/","name":"Kursinnhold - Stine Sofies Stiftelse","isPartOf":{"@id":"https:\/\/www.stinesofiesstiftelse.no\/#website"},"primaryImageOfPage":{"@id":"https:\/\/www.stinesofiesstiftelse.no\/stine-sofie-senteret\/oppholdet-pa-stine-sofie-senteret\/kursinnhold\/#primaryimage"},"image":{"@id":"https:\/\/www.stinesofiesstiftelse.no\/stine-sofie-senteret\/oppholdet-pa-stine-sofie-senteret\/kursinnhold\/#primaryimage"},"thumbnailUrl":"https:\/\/d1713zmupob0gt.cloudfront.net\/wp-content\/uploads\/2024\/02\/16140109\/SSS_emosjonell_undervisning.tif","datePublished":"2023-10-01T10:14:56+00:00","dateModified":"2026-05-11T07:56:02+00:00","breadcrumb":{"@id":"https:\/\/www.stinesofiesstiftelse.no\/stine-sofie-senteret\/oppholdet-pa-stine-sofie-senteret\/kursinnhold\/#breadcrumb"},"inLanguage":"sma-NO","potentialAction":[{"@type":"ReadAction","target":["https:\/\/www.stinesofiesstiftelse.no\/stine-sofie-senteret\/oppholdet-pa-stine-sofie-senteret\/kursinnhold\/"]}]},{"@type":"ImageObject","inLanguage":"sma-NO","@id":"https:\/\/www.stinesofiesstiftelse.no\/stine-sofie-senteret\/oppholdet-pa-stine-sofie-senteret\/kursinnhold\/#primaryimage","url":"https:\/\/d1713zmupob0gt.cloudfront.net\/wp-content\/uploads\/2024\/02\/16140109\/SSS_emosjonell_undervisning.tif","contentUrl":"https:\/\/d1713zmupob0gt.cloudfront.net\/wp-content\/uploads\/2024\/02\/16140109\/SSS_emosjonell_undervisning.tif","caption":"Undervisning p\u00e5 Stine Sofie Senteret"},{"@type":"BreadcrumbList","@id":"https:\/\/www.stinesofiesstiftelse.no\/stine-sofie-senteret\/oppholdet-pa-stine-sofie-senteret\/kursinnhold\/#breadcrumb","itemListElement":[{"@type":"ListItem","position":1,"name":"Hjem","item":"https:\/\/www.stinesofiesstiftelse.no\/"},{"@type":"ListItem","position":2,"name":"Stine Sofie Senteret","item":"https:\/\/www.stinesofiesstiftelse.no\/stine-sofie-senteret\/"},{"@type":"ListItem","position":3,"name":"Oppholdet p\u00e5 Stine Sofie Senteret","item":"https:\/\/www.stinesofiesstiftelse.no\/stine-sofie-senteret\/oppholdet-pa-stine-sofie-senteret\/"},{"@type":"ListItem","position":4,"name":"Kursinnhold"}]},{"@type":"WebSite","@id":"https:\/\/www.stinesofiesstiftelse.no\/#website","url":"https:\/\/www.stinesofiesstiftelse.no\/","name":"Stine Sofies Stiftelse","description":"","publisher":{"@id":"https:\/\/www.stinesofiesstiftelse.no\/#organization"},"potentialAction":[{"@type":"SearchAction","target":{"@type":"EntryPoint","urlTemplate":"https:\/\/www.stinesofiesstiftelse.no\/?s={search_term_string}"},"query-input":{"@type":"PropertyValueSpecification","valueRequired":true,"valueName":"search_term_string"}}],"inLanguage":"sma-NO"},{"@type":"Organization","@id":"https:\/\/www.stinesofiesstiftelse.no\/#organization","name":"Stine Sofies Stiftelse","url":"https:\/\/www.stinesofiesstiftelse.no\/","logo":{"@type":"ImageObject","inLanguage":"sma-NO","@id":"https:\/\/www.stinesofiesstiftelse.no\/#\/schema\/logo\/image\/","url":"https:\/\/d1713zmupob0gt.cloudfront.net\/wp-content\/uploads\/2024\/10\/19093628\/cropped-Stine_sofies_stiftelse_logosymbol.png","contentUrl":"https:\/\/d1713zmupob0gt.cloudfront.net\/wp-content\/uploads\/2024\/10\/19093628\/cropped-Stine_sofies_stiftelse_logosymbol.png","width":512,"height":512,"caption":"Stine Sofies Stiftelse"},"image":{"@id":"https:\/\/www.stinesofiesstiftelse.no\/#\/schema\/logo\/image\/"},"sameAs":["https:\/\/www.facebook.com\/StineSofiesStiftelse\/"]}]}},"mfb_rest_fields":["title","yoast_head","yoast_head_json"],"_links":{"self":[{"href":"https:\/\/www.stinesofiesstiftelse.no\/sma\/wp-json\/wp\/v2\/pages\/3394","targetHints":{"allow":["GET"]}}],"collection":[{"href":"https:\/\/www.stinesofiesstiftelse.no\/sma\/wp-json\/wp\/v2\/pages"}],"about":[{"href":"https:\/\/www.stinesofiesstiftelse.no\/sma\/wp-json\/wp\/v2\/types\/page"}],"author":[{"embeddable":true,"href":"https:\/\/www.stinesofiesstiftelse.no\/sma\/wp-json\/wp\/v2\/users\/2"}],"replies":[{"embeddable":true,"href":"https:\/\/www.stinesofiesstiftelse.no\/sma\/wp-json\/wp\/v2\/comments?post=3394"}],"version-history":[{"count":3,"href":"https:\/\/www.stinesofiesstiftelse.no\/sma\/wp-json\/wp\/v2\/pages\/3394\/revisions"}],"predecessor-version":[{"id":14852,"href":"https:\/\/www.stinesofiesstiftelse.no\/sma\/wp-json\/wp\/v2\/pages\/3394\/revisions\/14852"}],"up":[{"embeddable":true,"href":"https:\/\/www.stinesofiesstiftelse.no\/sma\/wp-json\/wp\/v2\/pages\/3333"}],"wp:featuredmedia":[{"embeddable":true,"href":"https:\/\/www.stinesofiesstiftelse.no\/sma\/wp-json\/wp\/v2\/media\/5923"}],"wp:attachment":[{"href":"https:\/\/www.stinesofiesstiftelse.no\/sma\/wp-json\/wp\/v2\/media?parent=3394"}],"curies":[{"name":"wp","href":"https:\/\/api.w.org\/{rel}","templated":true}]}}