{"id":3337,"date":"2023-09-30T18:23:12","date_gmt":"2023-09-30T16:23:12","guid":{"rendered":"https:\/\/www.stinesofiesstiftelse.no\/?page_id=3337"},"modified":"2025-08-28T13:38:04","modified_gmt":"2025-08-28T11:38:04","slug":"til-fagpersoner","status":"publish","type":"page","link":"https:\/\/www.stinesofiesstiftelse.no\/sma\/stine-sofie-senteret\/til-fagpersoner\/","title":{"rendered":"Til fagpersoner"},"content":{"rendered":"\n<div class=\"wp-block-group alignwide sss-content-header has-global-padding is-layout-constrained wp-block-group-is-layout-constrained\" style=\"margin-top:0;margin-bottom:0\">\n<div class=\"wp-block-group is-layout-flow wp-block-group-is-layout-flow\" style=\"padding-top:4vw;padding-bottom:3vw\"><div class=\"yoast-breadcrumbs\"><span><span><a href=\"https:\/\/www.stinesofiesstiftelse.no\/\">Hjem<\/a><\/span> \u2013 <span><a href=\"https:\/\/www.stinesofiesstiftelse.no\/stine-sofie-senteret\/\">Stine Sofie Senteret<\/a><\/span> \u2013 <span class=\"breadcrumb_last\" aria-current=\"page\">Til fagpersoner<\/span><\/span><\/div>\n\n<h1 class=\"is-style-has-blob wp-block-post-title has-text-color has-primary-color\">Til fagpersoner<\/h1>\n\n\n<p style=\"padding-right:0;padding-left:0\">Stine Sofie Senteret er et kurs- og mestringssenter for barn og unge som har v\u00e6rt utsatt for vold i n\u00e6re relasjoner, omsorgssvikt eller overgrep. Hit kommer de med s\u00f8sken og trygge voksne. Deltakerne s\u00f8ker selv om opphold, men m\u00e5 legge ved et f\u00f8lgeskriv fra en fagperson som kjenner barnet og familien fra hjemmesituasjonen.<\/p>\n<\/div>\n<\/div>\n\n\n\n<figure class=\"wp-block-image size-large\"><img loading=\"lazy\" decoding=\"async\" width=\"1024\" height=\"622\" src=\"https:\/\/d1713zmupob0gt.cloudfront.net\/wp-content\/uploads\/2024\/02\/22150729\/Senteret_Oppfolging-1024x622.jpg\" alt=\"Illustustrasjon av fagpersoner som verner om en voldsutsatt familie\" class=\"wp-image-6090\" srcset=\"https:\/\/d1713zmupob0gt.cloudfront.net\/wp-content\/uploads\/2024\/02\/22150729\/Senteret_Oppfolging-1024x622.jpg 1024w, https:\/\/d1713zmupob0gt.cloudfront.net\/wp-content\/uploads\/2024\/02\/22150729\/Senteret_Oppfolging-300x182.jpg 300w, https:\/\/d1713zmupob0gt.cloudfront.net\/wp-content\/uploads\/2024\/02\/22150729\/Senteret_Oppfolging-768x466.jpg 768w, https:\/\/d1713zmupob0gt.cloudfront.net\/wp-content\/uploads\/2024\/02\/22150729\/Senteret_Oppfolging-1536x933.jpg 1536w, https:\/\/d1713zmupob0gt.cloudfront.net\/wp-content\/uploads\/2024\/02\/22150729\/Senteret_Oppfolging-2048x1244.jpg 2048w\" sizes=\"auto, (max-width: 1024px) 100vw, 1024px\" \/><figcaption class=\"wp-element-caption\"><em>Henvisere til Stine Sofie Senteret kan v\u00e6re alt fra ansatte innen barnvernet, BUP,  og krisesenter til leger, advokater, l\u00e6rere og helsesykepleiere. Felles for dem alle er at de kjenner familiens historie. <\/em><\/figcaption><\/figure>\n\n\n\n<h2 class=\"wp-block-heading\">Styrke motstandskraften til voldsutsatte barn<\/h2>\n\n\n\n<p>I Norge finnes flere l\u00e6rings- og mestringssentre for barn med ulike diagnoser. Tanken bak disse tilbudene er at om pasient og p\u00e5r\u00f8rende f\u00e5r tilstrekkelig kunnskap om tilstanden, vil evnen til \u00e5 mestre hverdagen blir st\u00f8rre og graden av lidelse mindre. Vi har samme tanker om tilbudet p\u00e5 Stine Sofie Senteret: Vi \u00f8nsker \u00e5 styrke kompetansen til voldsutsatte barn og deres omsorgspersoner gjennom tilrettelagte kursopphold, der l\u00e6ring, mestringsfokuserte aktiviteter og gode opplevelser st\u00e5r sentralt.<\/p>\n\n\n\n<blockquote class=\"wp-block-quote is-layout-flow wp-block-quote-is-layout-flow\">\n<p>De opplevelsene som volds- og overgrepsutsatte barn og deres omsorgspersoner f\u00e5r gjennom opphold ved Stine Sofie Senteret, er helt uvurderlig.<\/p>\n<cite>Bistandsadvokat som har skrevet f\u00f8lgeskriv for en familie.<\/cite><\/blockquote>\n\n\n\n<section class=\"align wp-block-aptum-pagelinker\" id=\"block_800ce8ddb40383bda6a5d960b91d6e5c\">\n\n<div class=\"wp-block-aptum-pagelinker__inner columns-2 item-bg\">\n\t\t<div class=\"wp-block-aptum-pagelinker__grid\">\n\n\t\t\t\t\t\t\t\t\t\t\t\t\t\t<a class=\"wp-block-aptum-pagelinker__item\" href=\"https:\/\/soknad.stinesofiesenteret.no\/\" target=\"_blank\">\n\t\t\t\t\t\t\t\t\t\t\t\t\t\t<div class=\"wp-block-aptum-pagelinker__content\">\n\t\t\t\t\t\t\t\t\t\t\t\t\t\t\t\t<div class=\"wp-block-aptum-pagelinker__text\">\n\t\t\t\t\t\t\t\t\t<h3 class=\"wp-block-aptum-pagelinker__title \">Fyll ut digital s\u00f8knad<i class=\"wp-block-aptum-pagelinker__arrow\"><\/i><\/h3>\n\t\t\t\t\t\t\t\t\t\t\t\t\t\t\t\t\t\t\t<p class=\"wp-block-aptum-pagelinker__excerpt\">Alle som s\u00f8ker om opphold, f\u00e5r svar fortl\u00f8pende.<\/p>\n\t\t\t\t\t\t\t\t\t\t\t\t\t\t\t\t\t<\/div>\n\t\t\t\t\t\t\t<\/div>\n\t\t\t\t\t\t<\/a>\n\t\t\t\t\t\t\t\t\t\t\t\t\t\t\t\t\t\t\t\t\t<a class=\"wp-block-aptum-pagelinker__item\" href=\"https:\/\/www.stinesofiesstiftelse.no\/sma\/stine-sofie-senteret\/sok-om-opphold\/vil-du-ikke-soke-digitalt\/\" target=\"_self\">\n\t\t\t\t\t\t\t\t\t\t\t\t\t\t<div class=\"wp-block-aptum-pagelinker__content\">\n\t\t\t\t\t\t\t\t\t\t\t\t\t\t\t\t<div class=\"wp-block-aptum-pagelinker__text\">\n\t\t\t\t\t\t\t\t\t<h3 class=\"wp-block-aptum-pagelinker__title \">Vil du ikke s\u00f8ke digitalt?<i class=\"wp-block-aptum-pagelinker__arrow\"><\/i><\/h3>\n\t\t\t\t\t\t\t\t\t\t\t\t\t\t\t\t\t\t\t<p class=\"wp-block-aptum-pagelinker__excerpt\">Her finner du s\u00f8knadsskjema som kan skrives ut og sendes manuelt.<\/p>\n\t\t\t\t\t\t\t\t\t\t\t\t\t\t\t\t\t<\/div>\n\t\t\t\t\t\t\t<\/div>\n\t\t\t\t\t\t<\/a>\n\t\t\t\t\t\t\t\t\t\t\t<\/div>\n<\/div>\n\n<\/section>\n\n\n\n<h2 class=\"wp-block-heading\">Veien mot en tryggere barndom<\/h2>\n\n\n\n<p>N\u00e5r barn og unge utsettes for vold, overgrep, eller er vitne til vold i n\u00e6re relasjoner, har dette stor innvirkning p\u00e5 barnet og den rammede familien. Ikke bare er det utsatte barnet i risikosonen for \u00e5 utvikle senskader, ofte blir hele familier rammet p\u00e5 en eller flere m\u00e5ter. Barna er avhengig av gode omsorgspersoner som kan trygge, st\u00f8tte, oppmuntre og v\u00e6re glad i dem. Likeledes er de voksne avhengig av st\u00f8tte og \u00f8kt kunnskap om hvilke konsekvenser vold og overgrep f\u00f8rer med seg. Gitt slike forhold kan barn klare seg bra i livet, til tross for en d\u00e5rlig start. Ved Stine Sofie Senteret er vi av den oppfatning at det aldri er for sent \u00e5 starte veien mot en ny og tryggere barndom.<\/p>\n\n\n\n<h2 class=\"wp-block-heading\">Voldsbevisst omsorg<\/h2>\n\n\n\n<p>P\u00e5 Stine Sofie Senteret har vi fokus p\u00e5 \u00e5 bidra til \u00e5 \u00f8ke omsorgspersonenes kompetanse i foreldrerollen. Det kan til tider v\u00e6re meget krevende \u00e5 v\u00e6re omsorgsperson til et barn som har opplevd vold eller overgrep. Smertene til barnet kan komme til syne p\u00e5 mange ulike, og til dels uforst\u00e5elige m\u00e5ter, og kan resultere i et negativt samspill der b\u00e5de barnet og den voksne opplever at de ikke mestrer familielivet. <\/p>\n\n\n\n<p>Gjennom undervisning og ulike aktiviteter \u00f8nsker vi \u00e5 bidra til at omsorgspersonene l\u00e6rer om betydningen av trygge rammer for barnet. Det er ikke alene nok \u00e5 gi god oppf\u00f8lging til et barn, hvis de voksne rundt ikke deler den samme kunnskapen om hva vold og overgrep f\u00f8rer med seg. Et opphold p\u00e5 Stine Sofie Senteret best\u00e5r derfor i oppl\u00e6ring av den traumatiserte hjernens fungering og voldens p\u00e5virkning p\u00e5 den, gjenkjenning av smerteuttrykk, samregulering, og sist men ikke minst, betydningen av lek for god utvikling.<\/p>\n\n\n\n<p>Alle de overnevnte temaene inng\u00e5r i et oppholds kursinnhold. <\/p>\n\n\n\n<section class=\"align wp-block-aptum-pagelinker\" id=\"block_0d7aadc06a4439de2dc4a0618702529e\">\n\n<div class=\"wp-block-aptum-pagelinker__inner columns-2 item-bg\">\n\t\t<div class=\"wp-block-aptum-pagelinker__grid\">\n\n\t\t\t\t\t\t\t\t\t\t\t\t\t\t<a class=\"wp-block-aptum-pagelinker__item\" href=\"https:\/\/www.stinesofiesstiftelse.no\/sma\/stine-sofie-senteret\/oppholdet-pa-stine-sofie-senteret\/kursinnhold\/\" target=\"_self\">\n\t\t\t\t\t\t\t\t\t\t\t\t\t\t<div class=\"wp-block-aptum-pagelinker__content\">\n\t\t\t\t\t\t\t\t\t\t\t\t\t\t\t\t<div class=\"wp-block-aptum-pagelinker__text\">\n\t\t\t\t\t\t\t\t\t<h3 class=\"wp-block-aptum-pagelinker__title \">Kursinnhold<i class=\"wp-block-aptum-pagelinker__arrow\"><\/i><\/h3>\n\t\t\t\t\t\t\t\t\t\t\t\t\t\t\t\t\t\t\t<p class=\"wp-block-aptum-pagelinker__excerpt\">Aktiviteter og undervisning med faglig forankring.<\/p>\n\t\t\t\t\t\t\t\t\t\t\t\t\t\t\t\t\t<\/div>\n\t\t\t\t\t\t\t<\/div>\n\t\t\t\t\t\t<\/a>\n\t\t\t\t\t\t\t\t\t\t\t\t\t\t\t\t\t\t\t\t\t<a class=\"wp-block-aptum-pagelinker__item\" href=\"https:\/\/www.stinesofiesstiftelse.no\/sma\/stine-sofie-senteret\/stine-sofie-senteret-informasjonsmateriell\/\" target=\"_self\">\n\t\t\t\t\t\t\t\t\t\t\t\t\t\t<div class=\"wp-block-aptum-pagelinker__content\">\n\t\t\t\t\t\t\t\t\t\t\t\t\t\t\t\t<div class=\"wp-block-aptum-pagelinker__text\">\n\t\t\t\t\t\t\t\t\t<h3 class=\"wp-block-aptum-pagelinker__title \">Stine Sofie Senterets informasjonspakke<i class=\"wp-block-aptum-pagelinker__arrow\"><\/i><\/h3>\n\t\t\t\t\t\t\t\t\t\t\t\t\t\t\t\t\t\t\t<p class=\"wp-block-aptum-pagelinker__excerpt\">\u00d8nsker du \u00e5 dele informasjon om Stine Sofie Senteret?<\/p>\n\t\t\t\t\t\t\t\t\t\t\t\t\t\t\t\t\t<\/div>\n\t\t\t\t\t\t\t<\/div>\n\t\t\t\t\t\t<\/a>\n\t\t\t\t\t\t\t\t\t\t\t\t\t\t\t\t\t\t\t\t\t<a class=\"wp-block-aptum-pagelinker__item\" href=\"https:\/\/www.stinesofiesstiftelse.no\/sma\/stine-sofie-senteret\/til-fagpersoner\/webinar-bli-bedre-kjent-med-stine-sofie-senteret\/\" target=\"_self\">\n\t\t\t\t\t\t\t\t\t\t\t\t\t\t<div class=\"wp-block-aptum-pagelinker__content\">\n\t\t\t\t\t\t\t\t\t\t\t\t\t\t\t\t<div class=\"wp-block-aptum-pagelinker__text\">\n\t\t\t\t\t\t\t\t\t<h3 class=\"wp-block-aptum-pagelinker__title \">Webinar: Bli bedre kjent med Stine Sofie Senteret<i class=\"wp-block-aptum-pagelinker__arrow\"><\/i><\/h3>\n\t\t\t\t\t\t\t\t\t\t\t\t\t\t\t\t\t\t\t<p class=\"wp-block-aptum-pagelinker__excerpt\">M\u00f8ter du voldsutsatte barn og unge i ditt arbeid, og \u00f8nsker \u00e5 &#8230;<\/p>\n\t\t\t\t\t\t\t\t\t\t\t\t\t\t\t\t\t<\/div>\n\t\t\t\t\t\t\t<\/div>\n\t\t\t\t\t\t<\/a>\n\t\t\t\t\t\t\t\t\t\t\t\t\t\t\t\t\t\t\t\t\t<a class=\"wp-block-aptum-pagelinker__item\" href=\"https:\/\/youtu.be\/VPiJLQKEvkg?si=1c1p7dyLK2uMywp5\" target=\"_self\">\n\t\t\t\t\t\t\t\t\t\t\t\t\t\t<div class=\"wp-block-aptum-pagelinker__content\">\n\t\t\t\t\t\t\t\t\t\t\t\t\t\t\t\t<div class=\"wp-block-aptum-pagelinker__text\">\n\t\t\t\t\t\t\t\t\t<h3 class=\"wp-block-aptum-pagelinker__title \">Informasjonsfilm<i class=\"wp-block-aptum-pagelinker__arrow\"><\/i><\/h3>\n\t\t\t\t\t\t\t\t\t\t\t\t\t\t\t\t\t\t\t<p class=\"wp-block-aptum-pagelinker__excerpt\">Se informasjonsfilm om Stine Sofie Senteret<\/p>\n\t\t\t\t\t\t\t\t\t\t\t\t\t\t\t\t\t<\/div>\n\t\t\t\t\t\t\t<\/div>\n\t\t\t\t\t\t<\/a>\n\t\t\t\t\t\t\t\t\t\t\t<\/div>\n<\/div>\n\n<\/section>\n\n\n\n<h2 class=\"wp-block-heading\">Undervisning og l\u00e6ring<\/h2>\n\n\n\n<p>Barna som deltar p\u00e5 senteret f\u00e5r funksjons- og alderstilpasset undervisning om hjernen, m\u00e5ter \u00e5 reagere p\u00e5 og ulike teknikker for regulering. Samtidig f\u00e5r de gjennom hele uken mulighet til \u00e5 utfordre seg b\u00e5de fysisk og kreativt. Undervisningen foreg\u00e5r i sm\u00e5 korte sekvenser og vi bruker visuelle virkemidler som film, musikk, avslapnings\u00f8velser, skuespill og turer i uteomr\u00e5det for \u00e5 forsterke innl\u00e6ringen. Opplegget er lekent og positivt ladet, med fokus p\u00e5 mestring. Samlingene forg\u00e5r hovedsakelig i grupper, men enkelte barn trenger noen pauser fra samv\u00e6ret, og dette tas det naturlig nok hensyn til. Det er en grunnleggende holdning hos oss som jobber her at alle tilbud og aktiviteter ved Stine Sofie Senteret skal ha en overf\u00f8ringverdi til hjemmet. Dette for \u00e5 sikre at det vi p\u00e5begynner her kan leve videre og forsterkes i hjemmesituasjonen etter endt opphold.<\/p>\n\n\n\n<p>Alle ansatte p\u00e5 senteret har v\u00e6rt gjennom oppl\u00e6ring med fokus p\u00e5 voldsbevisst omsorg. Dette ligger som et fundament for all virksomhet hos oss, og alle barn som kommer til senteret skal oppleve \u00e5 bli m\u00f8tt med vennlighet og raushet fra de ansatte.<\/p>\n\n\n\n<section class=\"align wp-block-aptum-pagelinker\" id=\"block_0f435ec6f6461e5a2ab91b425fb49db9\">\n\n<div class=\"wp-block-aptum-pagelinker__inner columns-1 item-bg\">\n\t\t<div class=\"wp-block-aptum-pagelinker__grid\">\n\n\t\t\t\t\t\t\t\t\t\t\t\t\t\t<a class=\"wp-block-aptum-pagelinker__item\" href=\"https:\/\/www.stinesofiesstiftelse.no\/sma\/stine-sofie-senteret\/sok-om-opphold\/\" target=\"_self\">\n\t\t\t\t\t\t\t\t\t\t\t\t\t\t<div class=\"wp-block-aptum-pagelinker__content\">\n\t\t\t\t\t\t\t\t\t\t\t\t\t\t\t\t<div class=\"wp-block-aptum-pagelinker__text\">\n\t\t\t\t\t\t\t\t\t<h3 class=\"wp-block-aptum-pagelinker__title \">S\u00f8k om opphold<i class=\"wp-block-aptum-pagelinker__arrow\"><\/i><\/h3>\n\t\t\t\t\t\t\t\t\t\t\t\t\t\t\t\t\t\t\t<p class=\"wp-block-aptum-pagelinker__excerpt\"> S\u00f8knadsprosessen er enkel, og her finner du alt du trenger.<\/p>\n\t\t\t\t\t\t\t\t\t\t\t\t\t\t\t\t\t<\/div>\n\t\t\t\t\t\t\t<\/div>\n\t\t\t\t\t\t<\/a>\n\t\t\t\t\t\t\t\t\t\t\t<\/div>\n<\/div>\n\n<\/section>\n","protected":false},"excerpt":{"rendered":"<p>Stine Sofie Senteret er et kurs- og mestringssenter for barn og unge som har v\u00e6rt utsatt for vold i n\u00e6re [&hellip;]<\/p>\n","protected":false},"author":2,"featured_media":6090,"parent":3328,"menu_order":0,"comment_status":"closed","ping_status":"closed","template":"","meta":{"_acf_changed":false,"inline_featured_image":false,"footnotes":""},"class_list":["post-3337","page","type-page","status-publish","has-post-thumbnail","hentry"],"acf":[],"mb":[],"yoast_head":"<!-- This site is optimized with the Yoast SEO plugin v27.3 - https:\/\/yoast.com\/product\/yoast-seo-wordpress\/ -->\n<title>Til fagpersoner - Stine Sofies Stiftelse<\/title>\n<meta name=\"robots\" content=\"index, follow, max-snippet:-1, max-image-preview:large, max-video-preview:-1\" \/>\n<link rel=\"canonical\" href=\"https:\/\/www.stinesofiesstiftelse.no\/stine-sofie-senteret\/til-fagpersoner\/\" \/>\n<meta property=\"og:locale\" content=\"en_US\" \/>\n<meta property=\"og:type\" content=\"article\" \/>\n<meta property=\"og:title\" content=\"Til fagpersoner - Stine Sofies Stiftelse\" \/>\n<meta property=\"og:description\" content=\"Stine Sofie Senteret er et kurs- og mestringssenter for barn og unge som har v\u00e6rt utsatt for vold i n\u00e6re [&hellip;]\" \/>\n<meta property=\"og:url\" content=\"https:\/\/www.stinesofiesstiftelse.no\/stine-sofie-senteret\/til-fagpersoner\/\" \/>\n<meta property=\"og:site_name\" content=\"Stine Sofies Stiftelse\" \/>\n<meta property=\"article:publisher\" content=\"https:\/\/www.facebook.com\/StineSofiesStiftelse\/\" \/>\n<meta property=\"article:modified_time\" content=\"2025-08-28T11:38:04+00:00\" \/>\n<meta property=\"og:image\" content=\"https:\/\/d1713zmupob0gt.cloudfront.net\/wp-content\/uploads\/2024\/02\/22150729\/Senteret_Oppfolging-scaled.jpg\" \/>\n\t<meta property=\"og:image:width\" content=\"2560\" \/>\n\t<meta property=\"og:image:height\" content=\"1555\" \/>\n\t<meta property=\"og:image:type\" content=\"image\/jpeg\" \/>\n<meta name=\"twitter:card\" content=\"summary_large_image\" \/>\n<meta name=\"twitter:label1\" content=\"Est. reading time\" \/>\n\t<meta name=\"twitter:data1\" content=\"4 minutes\" \/>\n<script type=\"application\/ld+json\" class=\"yoast-schema-graph\">{\"@context\":\"https:\\\/\\\/schema.org\",\"@graph\":[{\"@type\":\"WebPage\",\"@id\":\"https:\\\/\\\/www.stinesofiesstiftelse.no\\\/stine-sofie-senteret\\\/til-fagpersoner\\\/\",\"url\":\"https:\\\/\\\/www.stinesofiesstiftelse.no\\\/stine-sofie-senteret\\\/til-fagpersoner\\\/\",\"name\":\"Til fagpersoner - Stine Sofies Stiftelse\",\"isPartOf\":{\"@id\":\"https:\\\/\\\/www.stinesofiesstiftelse.no\\\/#website\"},\"primaryImageOfPage\":{\"@id\":\"https:\\\/\\\/www.stinesofiesstiftelse.no\\\/stine-sofie-senteret\\\/til-fagpersoner\\\/#primaryimage\"},\"image\":{\"@id\":\"https:\\\/\\\/www.stinesofiesstiftelse.no\\\/stine-sofie-senteret\\\/til-fagpersoner\\\/#primaryimage\"},\"thumbnailUrl\":\"https:\\\/\\\/d1713zmupob0gt.cloudfront.net\\\/wp-content\\\/uploads\\\/2024\\\/02\\\/22150729\\\/Senteret_Oppfolging-scaled.jpg\",\"datePublished\":\"2023-09-30T16:23:12+00:00\",\"dateModified\":\"2025-08-28T11:38:04+00:00\",\"breadcrumb\":{\"@id\":\"https:\\\/\\\/www.stinesofiesstiftelse.no\\\/stine-sofie-senteret\\\/til-fagpersoner\\\/#breadcrumb\"},\"inLanguage\":\"sma-NO\",\"potentialAction\":[{\"@type\":\"ReadAction\",\"target\":[\"https:\\\/\\\/www.stinesofiesstiftelse.no\\\/stine-sofie-senteret\\\/til-fagpersoner\\\/\"]}]},{\"@type\":\"ImageObject\",\"inLanguage\":\"sma-NO\",\"@id\":\"https:\\\/\\\/www.stinesofiesstiftelse.no\\\/stine-sofie-senteret\\\/til-fagpersoner\\\/#primaryimage\",\"url\":\"https:\\\/\\\/d1713zmupob0gt.cloudfront.net\\\/wp-content\\\/uploads\\\/2024\\\/02\\\/22150729\\\/Senteret_Oppfolging-scaled.jpg\",\"contentUrl\":\"https:\\\/\\\/d1713zmupob0gt.cloudfront.net\\\/wp-content\\\/uploads\\\/2024\\\/02\\\/22150729\\\/Senteret_Oppfolging-scaled.jpg\",\"width\":2560,\"height\":1555,\"caption\":\"Illustustrasjon av fagpersoner som verner om en voldsutsatt familie\"},{\"@type\":\"BreadcrumbList\",\"@id\":\"https:\\\/\\\/www.stinesofiesstiftelse.no\\\/stine-sofie-senteret\\\/til-fagpersoner\\\/#breadcrumb\",\"itemListElement\":[{\"@type\":\"ListItem\",\"position\":1,\"name\":\"Hjem\",\"item\":\"https:\\\/\\\/www.stinesofiesstiftelse.no\\\/\"},{\"@type\":\"ListItem\",\"position\":2,\"name\":\"Stine Sofie Senteret\",\"item\":\"https:\\\/\\\/www.stinesofiesstiftelse.no\\\/stine-sofie-senteret\\\/\"},{\"@type\":\"ListItem\",\"position\":3,\"name\":\"Til fagpersoner\"}]},{\"@type\":\"WebSite\",\"@id\":\"https:\\\/\\\/www.stinesofiesstiftelse.no\\\/#website\",\"url\":\"https:\\\/\\\/www.stinesofiesstiftelse.no\\\/\",\"name\":\"Stine Sofies Stiftelse\",\"description\":\"\",\"publisher\":{\"@id\":\"https:\\\/\\\/www.stinesofiesstiftelse.no\\\/#organization\"},\"potentialAction\":[{\"@type\":\"SearchAction\",\"target\":{\"@type\":\"EntryPoint\",\"urlTemplate\":\"https:\\\/\\\/www.stinesofiesstiftelse.no\\\/?s={search_term_string}\"},\"query-input\":{\"@type\":\"PropertyValueSpecification\",\"valueRequired\":true,\"valueName\":\"search_term_string\"}}],\"inLanguage\":\"sma-NO\"},{\"@type\":\"Organization\",\"@id\":\"https:\\\/\\\/www.stinesofiesstiftelse.no\\\/#organization\",\"name\":\"Stine Sofies Stiftelse\",\"url\":\"https:\\\/\\\/www.stinesofiesstiftelse.no\\\/\",\"logo\":{\"@type\":\"ImageObject\",\"inLanguage\":\"sma-NO\",\"@id\":\"https:\\\/\\\/www.stinesofiesstiftelse.no\\\/#\\\/schema\\\/logo\\\/image\\\/\",\"url\":\"https:\\\/\\\/d1713zmupob0gt.cloudfront.net\\\/wp-content\\\/uploads\\\/2024\\\/10\\\/19093628\\\/cropped-Stine_sofies_stiftelse_logosymbol.png\",\"contentUrl\":\"https:\\\/\\\/d1713zmupob0gt.cloudfront.net\\\/wp-content\\\/uploads\\\/2024\\\/10\\\/19093628\\\/cropped-Stine_sofies_stiftelse_logosymbol.png\",\"width\":512,\"height\":512,\"caption\":\"Stine Sofies Stiftelse\"},\"image\":{\"@id\":\"https:\\\/\\\/www.stinesofiesstiftelse.no\\\/#\\\/schema\\\/logo\\\/image\\\/\"},\"sameAs\":[\"https:\\\/\\\/www.facebook.com\\\/StineSofiesStiftelse\\\/\"]}]}<\/script>\n<!-- \/ Yoast SEO plugin. -->","yoast_head_json":{"title":"Til fagpersoner - Stine Sofies Stiftelse","robots":{"index":"index","follow":"follow","max-snippet":"max-snippet:-1","max-image-preview":"max-image-preview:large","max-video-preview":"max-video-preview:-1"},"canonical":"https:\/\/www.stinesofiesstiftelse.no\/stine-sofie-senteret\/til-fagpersoner\/","og_locale":"en_US","og_type":"article","og_title":"Til fagpersoner - Stine Sofies Stiftelse","og_description":"Stine Sofie Senteret er et kurs- og mestringssenter for barn og unge som har v\u00e6rt utsatt for vold i n\u00e6re [&hellip;]","og_url":"https:\/\/www.stinesofiesstiftelse.no\/stine-sofie-senteret\/til-fagpersoner\/","og_site_name":"Stine Sofies Stiftelse","article_publisher":"https:\/\/www.facebook.com\/StineSofiesStiftelse\/","article_modified_time":"2025-08-28T11:38:04+00:00","og_image":[{"width":2560,"height":1555,"url":"https:\/\/d1713zmupob0gt.cloudfront.net\/wp-content\/uploads\/2024\/02\/22150729\/Senteret_Oppfolging-scaled.jpg","type":"image\/jpeg"}],"twitter_card":"summary_large_image","twitter_misc":{"Est. reading time":"4 minutes"},"schema":{"@context":"https:\/\/schema.org","@graph":[{"@type":"WebPage","@id":"https:\/\/www.stinesofiesstiftelse.no\/stine-sofie-senteret\/til-fagpersoner\/","url":"https:\/\/www.stinesofiesstiftelse.no\/stine-sofie-senteret\/til-fagpersoner\/","name":"Til fagpersoner - Stine Sofies Stiftelse","isPartOf":{"@id":"https:\/\/www.stinesofiesstiftelse.no\/#website"},"primaryImageOfPage":{"@id":"https:\/\/www.stinesofiesstiftelse.no\/stine-sofie-senteret\/til-fagpersoner\/#primaryimage"},"image":{"@id":"https:\/\/www.stinesofiesstiftelse.no\/stine-sofie-senteret\/til-fagpersoner\/#primaryimage"},"thumbnailUrl":"https:\/\/d1713zmupob0gt.cloudfront.net\/wp-content\/uploads\/2024\/02\/22150729\/Senteret_Oppfolging-scaled.jpg","datePublished":"2023-09-30T16:23:12+00:00","dateModified":"2025-08-28T11:38:04+00:00","breadcrumb":{"@id":"https:\/\/www.stinesofiesstiftelse.no\/stine-sofie-senteret\/til-fagpersoner\/#breadcrumb"},"inLanguage":"sma-NO","potentialAction":[{"@type":"ReadAction","target":["https:\/\/www.stinesofiesstiftelse.no\/stine-sofie-senteret\/til-fagpersoner\/"]}]},{"@type":"ImageObject","inLanguage":"sma-NO","@id":"https:\/\/www.stinesofiesstiftelse.no\/stine-sofie-senteret\/til-fagpersoner\/#primaryimage","url":"https:\/\/d1713zmupob0gt.cloudfront.net\/wp-content\/uploads\/2024\/02\/22150729\/Senteret_Oppfolging-scaled.jpg","contentUrl":"https:\/\/d1713zmupob0gt.cloudfront.net\/wp-content\/uploads\/2024\/02\/22150729\/Senteret_Oppfolging-scaled.jpg","width":2560,"height":1555,"caption":"Illustustrasjon av fagpersoner som verner om en voldsutsatt familie"},{"@type":"BreadcrumbList","@id":"https:\/\/www.stinesofiesstiftelse.no\/stine-sofie-senteret\/til-fagpersoner\/#breadcrumb","itemListElement":[{"@type":"ListItem","position":1,"name":"Hjem","item":"https:\/\/www.stinesofiesstiftelse.no\/"},{"@type":"ListItem","position":2,"name":"Stine Sofie Senteret","item":"https:\/\/www.stinesofiesstiftelse.no\/stine-sofie-senteret\/"},{"@type":"ListItem","position":3,"name":"Til fagpersoner"}]},{"@type":"WebSite","@id":"https:\/\/www.stinesofiesstiftelse.no\/#website","url":"https:\/\/www.stinesofiesstiftelse.no\/","name":"Stine Sofies Stiftelse","description":"","publisher":{"@id":"https:\/\/www.stinesofiesstiftelse.no\/#organization"},"potentialAction":[{"@type":"SearchAction","target":{"@type":"EntryPoint","urlTemplate":"https:\/\/www.stinesofiesstiftelse.no\/?s={search_term_string}"},"query-input":{"@type":"PropertyValueSpecification","valueRequired":true,"valueName":"search_term_string"}}],"inLanguage":"sma-NO"},{"@type":"Organization","@id":"https:\/\/www.stinesofiesstiftelse.no\/#organization","name":"Stine Sofies Stiftelse","url":"https:\/\/www.stinesofiesstiftelse.no\/","logo":{"@type":"ImageObject","inLanguage":"sma-NO","@id":"https:\/\/www.stinesofiesstiftelse.no\/#\/schema\/logo\/image\/","url":"https:\/\/d1713zmupob0gt.cloudfront.net\/wp-content\/uploads\/2024\/10\/19093628\/cropped-Stine_sofies_stiftelse_logosymbol.png","contentUrl":"https:\/\/d1713zmupob0gt.cloudfront.net\/wp-content\/uploads\/2024\/10\/19093628\/cropped-Stine_sofies_stiftelse_logosymbol.png","width":512,"height":512,"caption":"Stine Sofies Stiftelse"},"image":{"@id":"https:\/\/www.stinesofiesstiftelse.no\/#\/schema\/logo\/image\/"},"sameAs":["https:\/\/www.facebook.com\/StineSofiesStiftelse\/"]}]}},"mfb_rest_fields":["title","yoast_head","yoast_head_json"],"_links":{"self":[{"href":"https:\/\/www.stinesofiesstiftelse.no\/sma\/wp-json\/wp\/v2\/pages\/3337","targetHints":{"allow":["GET"]}}],"collection":[{"href":"https:\/\/www.stinesofiesstiftelse.no\/sma\/wp-json\/wp\/v2\/pages"}],"about":[{"href":"https:\/\/www.stinesofiesstiftelse.no\/sma\/wp-json\/wp\/v2\/types\/page"}],"author":[{"embeddable":true,"href":"https:\/\/www.stinesofiesstiftelse.no\/sma\/wp-json\/wp\/v2\/users\/2"}],"replies":[{"embeddable":true,"href":"https:\/\/www.stinesofiesstiftelse.no\/sma\/wp-json\/wp\/v2\/comments?post=3337"}],"version-history":[{"count":2,"href":"https:\/\/www.stinesofiesstiftelse.no\/sma\/wp-json\/wp\/v2\/pages\/3337\/revisions"}],"predecessor-version":[{"id":11525,"href":"https:\/\/www.stinesofiesstiftelse.no\/sma\/wp-json\/wp\/v2\/pages\/3337\/revisions\/11525"}],"up":[{"embeddable":true,"href":"https:\/\/www.stinesofiesstiftelse.no\/sma\/wp-json\/wp\/v2\/pages\/3328"}],"wp:featuredmedia":[{"embeddable":true,"href":"https:\/\/www.stinesofiesstiftelse.no\/sma\/wp-json\/wp\/v2\/media\/6090"}],"wp:attachment":[{"href":"https:\/\/www.stinesofiesstiftelse.no\/sma\/wp-json\/wp\/v2\/media?parent=3337"}],"curies":[{"name":"wp","href":"https:\/\/api.w.org\/{rel}","templated":true}]}}