{"id":2455,"date":"2023-08-15T13:40:45","date_gmt":"2023-08-15T13:40:45","guid":{"rendered":"https:\/\/www.stinesofiesstiftelse.no\/?page_id=2455"},"modified":"2026-01-14T10:25:25","modified_gmt":"2026-01-14T09:25:25","slug":"tusen-takk","status":"publish","type":"page","link":"https:\/\/www.stinesofiesstiftelse.no\/sma\/tusen-takk\/","title":{"rendered":"Tusen takk for ditt bidrag!"},"content":{"rendered":"\n<div class=\"wp-block-group alignwide sss-content-header has-global-padding is-layout-constrained wp-block-group-is-layout-constrained\" style=\"margin-top:0;margin-bottom:0\">\n<div class=\"wp-block-group is-layout-flow wp-block-group-is-layout-flow\" style=\"padding-top:4vw;padding-bottom:3vw\"><div class=\"yoast-breadcrumbs\"><span><span><a href=\"https:\/\/www.stinesofiesstiftelse.no\/\">Hjem<\/a><\/span> \u2013 <span class=\"breadcrumb_last\" aria-current=\"page\">Tusen takk for ditt bidrag!<\/span><\/span><\/div>\n\n<h1 class=\"is-style-has-blob wp-block-post-title has-text-color has-primary-color\">Tusen takk for ditt bidrag!<\/h1>\n\n\n<p style=\"padding-right:0;padding-left:0\">Din st\u00f8tte gir oss muligheten til \u00e5 forebygge at vold og overgrep skjer mot de minste barna, at vold og overgrep avdekkes og at de som er utsatt f\u00e5r gode opplevelser, hjelp og h\u00e5p.<\/p>\n<\/div>\n\n\n\n<figure class=\"wp-block-image size-large\"><img loading=\"lazy\" decoding=\"async\" width=\"1024\" height=\"711\" src=\"https:\/\/d1713zmupob0gt.cloudfront.net\/wp-content\/uploads\/2024\/03\/13075153\/Senteret_Lek_Vann_KIS-1024x711.jpg\" alt=\"\" class=\"wp-image-6392\" srcset=\"https:\/\/d1713zmupob0gt.cloudfront.net\/wp-content\/uploads\/2024\/03\/13075153\/Senteret_Lek_Vann_KIS-1024x711.jpg 1024w, https:\/\/d1713zmupob0gt.cloudfront.net\/wp-content\/uploads\/2024\/03\/13075153\/Senteret_Lek_Vann_KIS-300x208.jpg 300w, https:\/\/d1713zmupob0gt.cloudfront.net\/wp-content\/uploads\/2024\/03\/13075153\/Senteret_Lek_Vann_KIS-768x533.jpg 768w, https:\/\/d1713zmupob0gt.cloudfront.net\/wp-content\/uploads\/2024\/03\/13075153\/Senteret_Lek_Vann_KIS-1536x1067.jpg 1536w, https:\/\/d1713zmupob0gt.cloudfront.net\/wp-content\/uploads\/2024\/03\/13075153\/Senteret_Lek_Vann_KIS-2048x1422.jpg 2048w\" sizes=\"auto, (max-width: 1024px) 100vw, 1024px\" \/><\/figure>\n<\/div>\n\n\n\n<p><\/p>\n\n\n\n<p>Vi \u00f8nsker \u00e5 vise deg resultatene og hva din st\u00f8tte betyr. Ved \u00e5 f\u00f8lge linken under kan du lese litt om hvordan ditt bidrag blir brukt: <\/p>\n\n\n\n<section class=\"align wp-block-aptum-pagelinker\" id=\"block_8dc11a72ade2eb5c113f1ed88ad85d65\">\n\n<div class=\"wp-block-aptum-pagelinker__inner columns-1\">\n\t\t<div class=\"wp-block-aptum-pagelinker__grid\">\n\n\t\t\t\t\t\t\t\t\t\t\t\t\t\t<a class=\"wp-block-aptum-pagelinker__item\" href=\"https:\/\/www.stinesofiesstiftelse.no\/sma\/stottespiller\/dette-gar-pengene-til\/\" target=\"_self\">\n\t\t\t\t\t\t\t\t\t\t\t\t\t\t<div class=\"wp-block-aptum-pagelinker__content\">\n\t\t\t\t\t\t\t\t\t\t\t\t\t\t\t\t<div class=\"wp-block-aptum-pagelinker__text\">\n\t\t\t\t\t\t\t\t\t<h3 class=\"wp-block-aptum-pagelinker__title \">Dette g\u00e5r pengene til<i class=\"wp-block-aptum-pagelinker__arrow\"><\/i><\/h3>\n\t\t\t\t\t\t\t\t\t\t\t\t\t\t\t\t\t\t\t<p class=\"wp-block-aptum-pagelinker__excerpt\">St\u00f8tter du Stine Sofies Stiftelse skal du v\u00e6re sikker p\u00e5 at vi bruker pengene til det beste form\u00e5let&#8230;.<\/p>\n\t\t\t\t\t\t\t\t\t\t\t\t\t\t\t\t\t<\/div>\n\t\t\t\t\t\t\t<\/div>\n\t\t\t\t\t\t<\/a>\n\t\t\t\t\t\t\t\t\t\t\t<\/div>\n<\/div>\n\n<\/section>\n","protected":false},"excerpt":{"rendered":"<p>Din st\u00f8tte gir oss muligheten til \u00e5 forebygge at vold og overgrep skjer mot de minste barna, at vold og [&hellip;]<\/p>\n","protected":false},"author":1,"featured_media":0,"parent":0,"menu_order":0,"comment_status":"closed","ping_status":"closed","template":"","meta":{"_acf_changed":false,"inline_featured_image":false,"footnotes":""},"class_list":["post-2455","page","type-page","status-publish","hentry"],"acf":[],"mb":[],"yoast_head":"<!-- This site is optimized with the Yoast SEO plugin v27.3 - https:\/\/yoast.com\/product\/yoast-seo-wordpress\/ -->\n<title>Tusen takk for ditt bidrag! - Stine Sofies Stiftelse<\/title>\n<meta name=\"robots\" content=\"index, follow, max-snippet:-1, max-image-preview:large, max-video-preview:-1\" \/>\n<link rel=\"canonical\" href=\"https:\/\/www.stinesofiesstiftelse.no\/tusen-takk\/\" \/>\n<meta property=\"og:locale\" content=\"en_US\" \/>\n<meta property=\"og:type\" content=\"article\" \/>\n<meta property=\"og:title\" content=\"Tusen takk for ditt bidrag! - Stine Sofies Stiftelse\" \/>\n<meta property=\"og:description\" content=\"Din st\u00f8tte gir oss muligheten til \u00e5 forebygge at vold og overgrep skjer mot de minste barna, at vold og [&hellip;]\" \/>\n<meta property=\"og:url\" content=\"https:\/\/www.stinesofiesstiftelse.no\/tusen-takk\/\" \/>\n<meta property=\"og:site_name\" content=\"Stine Sofies Stiftelse\" \/>\n<meta property=\"article:publisher\" content=\"https:\/\/www.facebook.com\/StineSofiesStiftelse\/\" \/>\n<meta property=\"article:modified_time\" content=\"2026-01-14T09:25:25+00:00\" \/>\n<meta property=\"og:image\" content=\"https:\/\/www.stinesofiesstiftelse.no\/wp-content\/uploads\/2024\/03\/Senteret_Lek_Vann_KIS-1024x711.jpg\" \/>\n<meta name=\"twitter:card\" content=\"summary_large_image\" \/>\n<meta name=\"twitter:label1\" content=\"Est. reading time\" \/>\n\t<meta name=\"twitter:data1\" content=\"1 minute\" \/>\n<script type=\"application\/ld+json\" class=\"yoast-schema-graph\">{\"@context\":\"https:\\\/\\\/schema.org\",\"@graph\":[{\"@type\":\"WebPage\",\"@id\":\"https:\\\/\\\/www.stinesofiesstiftelse.no\\\/tusen-takk\\\/\",\"url\":\"https:\\\/\\\/www.stinesofiesstiftelse.no\\\/tusen-takk\\\/\",\"name\":\"Tusen takk for ditt bidrag! - Stine Sofies Stiftelse\",\"isPartOf\":{\"@id\":\"https:\\\/\\\/www.stinesofiesstiftelse.no\\\/#website\"},\"primaryImageOfPage\":{\"@id\":\"https:\\\/\\\/www.stinesofiesstiftelse.no\\\/tusen-takk\\\/#primaryimage\"},\"image\":{\"@id\":\"https:\\\/\\\/www.stinesofiesstiftelse.no\\\/tusen-takk\\\/#primaryimage\"},\"thumbnailUrl\":\"https:\\\/\\\/www.stinesofiesstiftelse.no\\\/wp-content\\\/uploads\\\/2024\\\/03\\\/Senteret_Lek_Vann_KIS-1024x711.jpg\",\"datePublished\":\"2023-08-15T13:40:45+00:00\",\"dateModified\":\"2026-01-14T09:25:25+00:00\",\"breadcrumb\":{\"@id\":\"https:\\\/\\\/www.stinesofiesstiftelse.no\\\/tusen-takk\\\/#breadcrumb\"},\"inLanguage\":\"sma-NO\",\"potentialAction\":[{\"@type\":\"ReadAction\",\"target\":[\"https:\\\/\\\/www.stinesofiesstiftelse.no\\\/tusen-takk\\\/\"]}]},{\"@type\":\"ImageObject\",\"inLanguage\":\"sma-NO\",\"@id\":\"https:\\\/\\\/www.stinesofiesstiftelse.no\\\/tusen-takk\\\/#primaryimage\",\"url\":\"https:\\\/\\\/www.stinesofiesstiftelse.no\\\/wp-content\\\/uploads\\\/2024\\\/03\\\/Senteret_Lek_Vann_KIS-1024x711.jpg\",\"contentUrl\":\"https:\\\/\\\/www.stinesofiesstiftelse.no\\\/wp-content\\\/uploads\\\/2024\\\/03\\\/Senteret_Lek_Vann_KIS-1024x711.jpg\"},{\"@type\":\"BreadcrumbList\",\"@id\":\"https:\\\/\\\/www.stinesofiesstiftelse.no\\\/tusen-takk\\\/#breadcrumb\",\"itemListElement\":[{\"@type\":\"ListItem\",\"position\":1,\"name\":\"Hjem\",\"item\":\"https:\\\/\\\/www.stinesofiesstiftelse.no\\\/\"},{\"@type\":\"ListItem\",\"position\":2,\"name\":\"Tusen takk for ditt bidrag!\"}]},{\"@type\":\"WebSite\",\"@id\":\"https:\\\/\\\/www.stinesofiesstiftelse.no\\\/#website\",\"url\":\"https:\\\/\\\/www.stinesofiesstiftelse.no\\\/\",\"name\":\"Stine Sofies Stiftelse\",\"description\":\"\",\"publisher\":{\"@id\":\"https:\\\/\\\/www.stinesofiesstiftelse.no\\\/#organization\"},\"potentialAction\":[{\"@type\":\"SearchAction\",\"target\":{\"@type\":\"EntryPoint\",\"urlTemplate\":\"https:\\\/\\\/www.stinesofiesstiftelse.no\\\/?s={search_term_string}\"},\"query-input\":{\"@type\":\"PropertyValueSpecification\",\"valueRequired\":true,\"valueName\":\"search_term_string\"}}],\"inLanguage\":\"sma-NO\"},{\"@type\":\"Organization\",\"@id\":\"https:\\\/\\\/www.stinesofiesstiftelse.no\\\/#organization\",\"name\":\"Stine Sofies Stiftelse\",\"url\":\"https:\\\/\\\/www.stinesofiesstiftelse.no\\\/\",\"logo\":{\"@type\":\"ImageObject\",\"inLanguage\":\"sma-NO\",\"@id\":\"https:\\\/\\\/www.stinesofiesstiftelse.no\\\/#\\\/schema\\\/logo\\\/image\\\/\",\"url\":\"https:\\\/\\\/d1713zmupob0gt.cloudfront.net\\\/wp-content\\\/uploads\\\/2024\\\/10\\\/19093628\\\/cropped-Stine_sofies_stiftelse_logosymbol.png\",\"contentUrl\":\"https:\\\/\\\/d1713zmupob0gt.cloudfront.net\\\/wp-content\\\/uploads\\\/2024\\\/10\\\/19093628\\\/cropped-Stine_sofies_stiftelse_logosymbol.png\",\"width\":512,\"height\":512,\"caption\":\"Stine Sofies Stiftelse\"},\"image\":{\"@id\":\"https:\\\/\\\/www.stinesofiesstiftelse.no\\\/#\\\/schema\\\/logo\\\/image\\\/\"},\"sameAs\":[\"https:\\\/\\\/www.facebook.com\\\/StineSofiesStiftelse\\\/\"]}]}<\/script>\n<!-- \/ Yoast SEO plugin. -->","yoast_head_json":{"title":"Tusen takk for ditt bidrag! - Stine Sofies Stiftelse","robots":{"index":"index","follow":"follow","max-snippet":"max-snippet:-1","max-image-preview":"max-image-preview:large","max-video-preview":"max-video-preview:-1"},"canonical":"https:\/\/www.stinesofiesstiftelse.no\/tusen-takk\/","og_locale":"en_US","og_type":"article","og_title":"Tusen takk for ditt bidrag! - Stine Sofies Stiftelse","og_description":"Din st\u00f8tte gir oss muligheten til \u00e5 forebygge at vold og overgrep skjer mot de minste barna, at vold og [&hellip;]","og_url":"https:\/\/www.stinesofiesstiftelse.no\/tusen-takk\/","og_site_name":"Stine Sofies Stiftelse","article_publisher":"https:\/\/www.facebook.com\/StineSofiesStiftelse\/","article_modified_time":"2026-01-14T09:25:25+00:00","og_image":[{"url":"https:\/\/www.stinesofiesstiftelse.no\/wp-content\/uploads\/2024\/03\/Senteret_Lek_Vann_KIS-1024x711.jpg","type":"","width":"","height":""}],"twitter_card":"summary_large_image","twitter_misc":{"Est. reading time":"1 minute"},"schema":{"@context":"https:\/\/schema.org","@graph":[{"@type":"WebPage","@id":"https:\/\/www.stinesofiesstiftelse.no\/tusen-takk\/","url":"https:\/\/www.stinesofiesstiftelse.no\/tusen-takk\/","name":"Tusen takk for ditt bidrag! - Stine Sofies Stiftelse","isPartOf":{"@id":"https:\/\/www.stinesofiesstiftelse.no\/#website"},"primaryImageOfPage":{"@id":"https:\/\/www.stinesofiesstiftelse.no\/tusen-takk\/#primaryimage"},"image":{"@id":"https:\/\/www.stinesofiesstiftelse.no\/tusen-takk\/#primaryimage"},"thumbnailUrl":"https:\/\/www.stinesofiesstiftelse.no\/wp-content\/uploads\/2024\/03\/Senteret_Lek_Vann_KIS-1024x711.jpg","datePublished":"2023-08-15T13:40:45+00:00","dateModified":"2026-01-14T09:25:25+00:00","breadcrumb":{"@id":"https:\/\/www.stinesofiesstiftelse.no\/tusen-takk\/#breadcrumb"},"inLanguage":"sma-NO","potentialAction":[{"@type":"ReadAction","target":["https:\/\/www.stinesofiesstiftelse.no\/tusen-takk\/"]}]},{"@type":"ImageObject","inLanguage":"sma-NO","@id":"https:\/\/www.stinesofiesstiftelse.no\/tusen-takk\/#primaryimage","url":"https:\/\/www.stinesofiesstiftelse.no\/wp-content\/uploads\/2024\/03\/Senteret_Lek_Vann_KIS-1024x711.jpg","contentUrl":"https:\/\/www.stinesofiesstiftelse.no\/wp-content\/uploads\/2024\/03\/Senteret_Lek_Vann_KIS-1024x711.jpg"},{"@type":"BreadcrumbList","@id":"https:\/\/www.stinesofiesstiftelse.no\/tusen-takk\/#breadcrumb","itemListElement":[{"@type":"ListItem","position":1,"name":"Hjem","item":"https:\/\/www.stinesofiesstiftelse.no\/"},{"@type":"ListItem","position":2,"name":"Tusen takk for ditt bidrag!"}]},{"@type":"WebSite","@id":"https:\/\/www.stinesofiesstiftelse.no\/#website","url":"https:\/\/www.stinesofiesstiftelse.no\/","name":"Stine Sofies Stiftelse","description":"","publisher":{"@id":"https:\/\/www.stinesofiesstiftelse.no\/#organization"},"potentialAction":[{"@type":"SearchAction","target":{"@type":"EntryPoint","urlTemplate":"https:\/\/www.stinesofiesstiftelse.no\/?s={search_term_string}"},"query-input":{"@type":"PropertyValueSpecification","valueRequired":true,"valueName":"search_term_string"}}],"inLanguage":"sma-NO"},{"@type":"Organization","@id":"https:\/\/www.stinesofiesstiftelse.no\/#organization","name":"Stine Sofies Stiftelse","url":"https:\/\/www.stinesofiesstiftelse.no\/","logo":{"@type":"ImageObject","inLanguage":"sma-NO","@id":"https:\/\/www.stinesofiesstiftelse.no\/#\/schema\/logo\/image\/","url":"https:\/\/d1713zmupob0gt.cloudfront.net\/wp-content\/uploads\/2024\/10\/19093628\/cropped-Stine_sofies_stiftelse_logosymbol.png","contentUrl":"https:\/\/d1713zmupob0gt.cloudfront.net\/wp-content\/uploads\/2024\/10\/19093628\/cropped-Stine_sofies_stiftelse_logosymbol.png","width":512,"height":512,"caption":"Stine Sofies Stiftelse"},"image":{"@id":"https:\/\/www.stinesofiesstiftelse.no\/#\/schema\/logo\/image\/"},"sameAs":["https:\/\/www.facebook.com\/StineSofiesStiftelse\/"]}]}},"mfb_rest_fields":["title","yoast_head","yoast_head_json"],"_links":{"self":[{"href":"https:\/\/www.stinesofiesstiftelse.no\/sma\/wp-json\/wp\/v2\/pages\/2455","targetHints":{"allow":["GET"]}}],"collection":[{"href":"https:\/\/www.stinesofiesstiftelse.no\/sma\/wp-json\/wp\/v2\/pages"}],"about":[{"href":"https:\/\/www.stinesofiesstiftelse.no\/sma\/wp-json\/wp\/v2\/types\/page"}],"author":[{"embeddable":true,"href":"https:\/\/www.stinesofiesstiftelse.no\/sma\/wp-json\/wp\/v2\/users\/1"}],"replies":[{"embeddable":true,"href":"https:\/\/www.stinesofiesstiftelse.no\/sma\/wp-json\/wp\/v2\/comments?post=2455"}],"version-history":[{"count":2,"href":"https:\/\/www.stinesofiesstiftelse.no\/sma\/wp-json\/wp\/v2\/pages\/2455\/revisions"}],"predecessor-version":[{"id":12947,"href":"https:\/\/www.stinesofiesstiftelse.no\/sma\/wp-json\/wp\/v2\/pages\/2455\/revisions\/12947"}],"wp:attachment":[{"href":"https:\/\/www.stinesofiesstiftelse.no\/sma\/wp-json\/wp\/v2\/media?parent=2455"}],"curies":[{"name":"wp","href":"https:\/\/api.w.org\/{rel}","templated":true}]}}