{"id":11263,"date":"2025-06-30T13:09:20","date_gmt":"2025-06-30T11:09:20","guid":{"rendered":"https:\/\/www.stinesofiesstiftelse.no\/?page_id=11263"},"modified":"2026-02-03T15:11:32","modified_gmt":"2026-02-03T14:11:32","slug":"min-kusine-testamenterte-bort-alt-til-stine-sofies-stiftelse","status":"publish","type":"page","link":"https:\/\/www.stinesofiesstiftelse.no\/sma\/stottespiller\/enkeltgaver\/arv-og-testament\/min-kusine-testamenterte-bort-alt-til-stine-sofies-stiftelse\/","title":{"rendered":"Min kusine testamenterte alt til Stine Sofies Stiftelse"},"content":{"rendered":"\n<h1 class=\"wp-block-heading is-style-has-blob has-primary-color has-text-color has-link-color wp-elements-9209eb04bf3a492c3cb6ffae0d51defc\">Min kusine testamenterte alt til Stine Sofies Stiftelse<\/h1>\n\n\n\n<p class=\"is-style-leadtext\">I n\u00e6rmere 40 \u00e5r hadde de to kusinene ingen kontakt. Bare to m\u00e5neder f\u00f8r Lisa d\u00f8de, tok de opp kontakten igjen.&nbsp;&nbsp;<\/p>\n\n\n\n<figure class=\"wp-block-image alignwide size-large\"><img loading=\"lazy\" decoding=\"async\" width=\"1024\" height=\"576\" src=\"https:\/\/d1713zmupob0gt.cloudfront.net\/wp-content\/uploads\/2025\/07\/03100026\/Arv-illustrasjonsbilde.jpg-1024x576.jpeg\" alt=\"\" class=\"wp-image-11306\" srcset=\"https:\/\/d1713zmupob0gt.cloudfront.net\/wp-content\/uploads\/2025\/07\/03100026\/Arv-illustrasjonsbilde.jpg-1024x576.jpeg 1024w, https:\/\/d1713zmupob0gt.cloudfront.net\/wp-content\/uploads\/2025\/07\/03100026\/Arv-illustrasjonsbilde.jpg-300x169.jpeg 300w, https:\/\/d1713zmupob0gt.cloudfront.net\/wp-content\/uploads\/2025\/07\/03100026\/Arv-illustrasjonsbilde.jpg-768x432.jpeg 768w, https:\/\/d1713zmupob0gt.cloudfront.net\/wp-content\/uploads\/2025\/07\/03100026\/Arv-illustrasjonsbilde.jpg-1536x864.jpeg 1536w, https:\/\/d1713zmupob0gt.cloudfront.net\/wp-content\/uploads\/2025\/07\/03100026\/Arv-illustrasjonsbilde.jpg.jpeg 1920w\" sizes=\"auto, (max-width: 1024px) 100vw, 1024px\" \/><figcaption class=\"wp-element-caption\"><em>Illustrasjonsbilde<\/em><\/figcaption><\/figure>\n\n\n\n<p>\u2013 \u00adVi fikk heldigvis to intense m\u00e5neder f\u00f8r hun d\u00f8de, forteller kusinen Trude. P\u00e5 denne korte tiden fikk de l\u00e6re hverandre \u00e5 kjenne p\u00e5 ny, og de fikk et n\u00e6rt b\u00e5nd.&nbsp;<\/p>\n\n\n\n<div style=\"height:15px\" aria-hidden=\"true\" class=\"wp-block-spacer\"><\/div>\n\n\n\n<h2 class=\"wp-block-heading\">Hadde ingen livsarvinger&nbsp;<\/h2>\n\n\n\n<p>Lisa hadde ikke noen n\u00e6r familie og livsarvinger. Vinteren 2022 d\u00f8de hun 70 \u00e5r gammel, etter mange \u00e5rs sykdom. Hun valgte \u00e5 testamentere alt hun eide til Stine Sofies Stiftelse. Trude forteller at dette valget gjorde henne varm om hjerte.<\/p>\n\n\n\n<p>\u2013 Som hennes n\u00e6rmeste p\u00e5r\u00f8rende var jeg kjent med innholdet i hennes testament. Jeg kjente stor glede og takknemlighet da hun fortalte at hennes hus og penger skulle tilfalle Stine Sofies Stiftelse.&nbsp;<\/p>\n\n\n\n<div style=\"height:15px\" aria-hidden=\"true\" class=\"wp-block-spacer\"><\/div>\n\n\n\n<h2 class=\"wp-block-heading\">En gave til arbeidet for en barndom uten vold og overgrep<\/h2>\n\n\n\n<p>Testamenterer man bort en gave til Stine Sofies Stiftelse bidrar man til arbeidet for en barndom uten vold og overgrep, og til det viktige arbeidet med \u00e5 forebygge og avdekke vold og overgrep, samt ivareta de voldsutsatte barna og deres rettigheter. Trude forteller at Lisa kjente sv\u00e6rt godt til stiftelsens historie.<\/p>\n\n\n\n<p>\u2013 Hun var overbevist om at arven etter henne ville forvaltes til beste for barn og unge.&nbsp;<\/p>\n\n\n\n<div style=\"height:15px\" aria-hidden=\"true\" class=\"wp-block-spacer\"><\/div>\n\n\n\n<h2 class=\"wp-block-heading\">Anbefaler \u00e5 skrive testament&nbsp;<\/h2>\n\n\n\n<p>I etterkant av Lisas d\u00f8d forklarer Trude at hun har hatt god kontakt med Stine Sofies Stiftelse.&nbsp;&nbsp;<\/p>\n\n\n\n<p>\u2013 Som p\u00e5r\u00f8rende opplever jeg god og omsorgsfull kontakt med Stine Sofies Stiftelse, og jeg kan anbefale andre \u00e5 tilgodese denne organisasjonen i sitt testament.&nbsp;<\/p>\n\n\n\n<p>Til slutt understreker Trude viktigheten av \u00e5 skrive testamente.&nbsp;<\/p>\n\n\n\n<p>\u2013 Et ryddig og klart testament gj\u00f8r ogs\u00e5 godt for avd\u00f8des eventuelle slektninger, avslutter hun.&nbsp;&nbsp;<\/p>\n\n\n\n<div style=\"height:15px\" aria-hidden=\"true\" class=\"wp-block-spacer\"><\/div>\n\n\n\n<h2 class=\"wp-block-heading\">Skulle \u00f8nske hun kunne takke Lisa personlig&nbsp;<\/h2>\n\n\n\n<p>Ada Sofie Austegard er generalsekret\u00e6r i Stine Sofies Stiftelse. Hun opprettet stiftelsen etter hennes datter ble voldtatt og drept, bare 8 \u00e5r gammel. Hun forteller at det var med blandede f\u00f8lelser hun mottok brevet fra Lisa sin advokat, med informasjon om at hun hadde testamentert alt hun eide til stiftelsen.&nbsp;<\/p>\n\n\n\n<p>\u2013 Jeg kjente selvsagt p\u00e5 gleden over \u00e5 motta slik en fantastisk gave, da jeg vet hvor mye det betyr for de voldsutsatte barna, men jeg kjente ogs\u00e5 p\u00e5 en tristhet over at jeg ikke vet hvem hun er.<\/p>\n\n\n\n<p>At man ikke kjenner til hvem giveren av en testamentarisk gave er, er for Ada Sofie en vanskelig tanke.&nbsp;\u2013 Det er med den st\u00f8rste ydmykhet og takknemlighet jeg ofte sender varme tanker til Lisa. Jeg skulle s\u00e5 gjerne \u00f8nske jeg kunne takket henne personlig, avslutter hun. <\/p>\n\n\n\n<p><em>(Historien er anonymisert av hensyn til avd\u00f8de og p\u00e5r\u00f8rende)<\/em>.<\/p>\n\n\n\n<div style=\"height:29px\" aria-hidden=\"true\" class=\"wp-block-spacer\"><\/div>\n\n\n\n<div class=\"wp-block-columns are-vertically-aligned-center sss-infobox has-secondary-background-color has-background is-layout-flex wp-container-core-columns-is-layout-dc012819 wp-block-columns-is-layout-flex\" style=\"border-radius:4px;margin-top:0;margin-bottom:0;padding-top:1.5em;padding-right:1.5em;padding-bottom:1.5em;padding-left:1.5em\">\n<div class=\"wp-block-column is-vertically-aligned-center is-layout-flow wp-block-column-is-layout-flow\" style=\"padding-right:0;padding-left:0;flex-basis:5%\">\n<figure class=\"wp-block-image size-large is-resized\"><img loading=\"lazy\" decoding=\"async\" width=\"48\" height=\"48\" src=\"https:\/\/d1713zmupob0gt.cloudfront.net\/wp-content\/uploads\/2023\/06\/26195936\/info_blue.svg\" alt=\"\" class=\"wp-image-1094\" style=\"width:34px;height:34px\"\/><\/figure>\n<\/div>\n\n\n\n<div class=\"wp-block-column is-vertically-aligned-center is-layout-flow wp-block-column-is-layout-flow\" style=\"flex-basis:95%\">\n<h4 class=\"wp-block-heading has-contrast-color has-text-color\">Lurer du p\u00e5 noe? <\/h4>\n\n\n\n<p class=\"sss-no-underline link-font-weight-500 has-link-color wp-elements-da5bd1d01549b59b3e8a3d58a0d4ac80\" style=\"margin-top:var(--wp--preset--spacing--20);margin-right:0;margin-bottom:0;margin-left:0;text-decoration:none\">Dersom du har sp\u00f8rsm\u00e5l som gjelder testament eller testamentariske gaver, ta kontakt p\u00e5 telefon 37 29 40 90 eller p\u00e5 e-post <a class=\"absconditus\" data-absconditus-a=\"gfbc\" data-absconditus-b=\"fgvarfbsvrffgvsgryfr.ab\" href=\"#\"><span data-absconditus-placeholder=\"seestosst@eti.oetpsifnnislfo\"><\/span><\/a><\/p>\n<\/div>\n<\/div>\n","protected":false},"excerpt":{"rendered":"<p>Min kusine testamenterte alt til Stine Sofies Stiftelse I n\u00e6rmere 40 \u00e5r hadde de to kusinene ingen kontakt. Bare to [&hellip;]<\/p>\n","protected":false},"author":5,"featured_media":11306,"parent":11265,"menu_order":0,"comment_status":"closed","ping_status":"closed","template":"","meta":{"_acf_changed":false,"inline_featured_image":false,"footnotes":""},"class_list":["post-11263","page","type-page","status-publish","has-post-thumbnail","hentry"],"acf":[],"mb":[],"yoast_head":"<!-- This site is optimized with the Yoast SEO plugin v27.3 - https:\/\/yoast.com\/product\/yoast-seo-wordpress\/ -->\n<title>Min kusine testamenterte alt til Stine Sofies Stiftelse - Stine Sofies Stiftelse<\/title>\n<meta name=\"robots\" content=\"index, follow, max-snippet:-1, max-image-preview:large, max-video-preview:-1\" \/>\n<link rel=\"canonical\" href=\"https:\/\/www.stinesofiesstiftelse.no\/stottespiller\/enkeltgaver\/arv-og-testament\/min-kusine-testamenterte-bort-alt-til-stine-sofies-stiftelse\/\" \/>\n<meta property=\"og:locale\" content=\"en_US\" \/>\n<meta property=\"og:type\" content=\"article\" \/>\n<meta property=\"og:title\" content=\"Min kusine testamenterte alt til Stine Sofies Stiftelse - Stine Sofies Stiftelse\" \/>\n<meta property=\"og:description\" content=\"Min kusine testamenterte alt til Stine Sofies Stiftelse I n\u00e6rmere 40 \u00e5r hadde de to kusinene ingen kontakt. Bare to [&hellip;]\" \/>\n<meta property=\"og:url\" content=\"https:\/\/www.stinesofiesstiftelse.no\/stottespiller\/enkeltgaver\/arv-og-testament\/min-kusine-testamenterte-bort-alt-til-stine-sofies-stiftelse\/\" \/>\n<meta property=\"og:site_name\" content=\"Stine Sofies Stiftelse\" \/>\n<meta property=\"article:publisher\" content=\"https:\/\/www.facebook.com\/StineSofiesStiftelse\/\" \/>\n<meta property=\"article:modified_time\" content=\"2026-02-03T14:11:32+00:00\" \/>\n<meta property=\"og:image\" content=\"https:\/\/d1713zmupob0gt.cloudfront.net\/wp-content\/uploads\/2025\/07\/03100026\/Arv-illustrasjonsbilde.jpg.jpeg\" \/>\n\t<meta property=\"og:image:width\" content=\"1920\" \/>\n\t<meta property=\"og:image:height\" content=\"1080\" \/>\n\t<meta property=\"og:image:type\" content=\"image\/jpeg\" \/>\n<meta name=\"twitter:card\" content=\"summary_large_image\" \/>\n<meta name=\"twitter:label1\" content=\"Est. reading time\" \/>\n\t<meta name=\"twitter:data1\" content=\"4 minutes\" \/>\n<script type=\"application\/ld+json\" class=\"yoast-schema-graph\">{\"@context\":\"https:\\\/\\\/schema.org\",\"@graph\":[{\"@type\":\"WebPage\",\"@id\":\"https:\\\/\\\/www.stinesofiesstiftelse.no\\\/stottespiller\\\/enkeltgaver\\\/arv-og-testament\\\/min-kusine-testamenterte-bort-alt-til-stine-sofies-stiftelse\\\/\",\"url\":\"https:\\\/\\\/www.stinesofiesstiftelse.no\\\/stottespiller\\\/enkeltgaver\\\/arv-og-testament\\\/min-kusine-testamenterte-bort-alt-til-stine-sofies-stiftelse\\\/\",\"name\":\"Min kusine testamenterte alt til Stine Sofies Stiftelse - Stine Sofies Stiftelse\",\"isPartOf\":{\"@id\":\"https:\\\/\\\/www.stinesofiesstiftelse.no\\\/#website\"},\"primaryImageOfPage\":{\"@id\":\"https:\\\/\\\/www.stinesofiesstiftelse.no\\\/stottespiller\\\/enkeltgaver\\\/arv-og-testament\\\/min-kusine-testamenterte-bort-alt-til-stine-sofies-stiftelse\\\/#primaryimage\"},\"image\":{\"@id\":\"https:\\\/\\\/www.stinesofiesstiftelse.no\\\/stottespiller\\\/enkeltgaver\\\/arv-og-testament\\\/min-kusine-testamenterte-bort-alt-til-stine-sofies-stiftelse\\\/#primaryimage\"},\"thumbnailUrl\":\"https:\\\/\\\/d1713zmupob0gt.cloudfront.net\\\/wp-content\\\/uploads\\\/2025\\\/07\\\/03100026\\\/Arv-illustrasjonsbilde.jpg.jpeg\",\"datePublished\":\"2025-06-30T11:09:20+00:00\",\"dateModified\":\"2026-02-03T14:11:32+00:00\",\"breadcrumb\":{\"@id\":\"https:\\\/\\\/www.stinesofiesstiftelse.no\\\/stottespiller\\\/enkeltgaver\\\/arv-og-testament\\\/min-kusine-testamenterte-bort-alt-til-stine-sofies-stiftelse\\\/#breadcrumb\"},\"inLanguage\":\"sma-NO\",\"potentialAction\":[{\"@type\":\"ReadAction\",\"target\":[\"https:\\\/\\\/www.stinesofiesstiftelse.no\\\/stottespiller\\\/enkeltgaver\\\/arv-og-testament\\\/min-kusine-testamenterte-bort-alt-til-stine-sofies-stiftelse\\\/\"]}]},{\"@type\":\"ImageObject\",\"inLanguage\":\"sma-NO\",\"@id\":\"https:\\\/\\\/www.stinesofiesstiftelse.no\\\/stottespiller\\\/enkeltgaver\\\/arv-og-testament\\\/min-kusine-testamenterte-bort-alt-til-stine-sofies-stiftelse\\\/#primaryimage\",\"url\":\"https:\\\/\\\/d1713zmupob0gt.cloudfront.net\\\/wp-content\\\/uploads\\\/2025\\\/07\\\/03100026\\\/Arv-illustrasjonsbilde.jpg.jpeg\",\"contentUrl\":\"https:\\\/\\\/d1713zmupob0gt.cloudfront.net\\\/wp-content\\\/uploads\\\/2025\\\/07\\\/03100026\\\/Arv-illustrasjonsbilde.jpg.jpeg\",\"width\":1920,\"height\":1080},{\"@type\":\"BreadcrumbList\",\"@id\":\"https:\\\/\\\/www.stinesofiesstiftelse.no\\\/stottespiller\\\/enkeltgaver\\\/arv-og-testament\\\/min-kusine-testamenterte-bort-alt-til-stine-sofies-stiftelse\\\/#breadcrumb\",\"itemListElement\":[{\"@type\":\"ListItem\",\"position\":1,\"name\":\"Hjem\",\"item\":\"https:\\\/\\\/www.stinesofiesstiftelse.no\\\/\"},{\"@type\":\"ListItem\",\"position\":2,\"name\":\"Bli st\u00f8ttespiller\",\"item\":\"https:\\\/\\\/www.stinesofiesstiftelse.no\\\/stottespiller\\\/\"},{\"@type\":\"ListItem\",\"position\":3,\"name\":\"Slik kan du bidra\",\"item\":\"https:\\\/\\\/www.stinesofiesstiftelse.no\\\/stottespiller\\\/enkeltgaver\\\/\"},{\"@type\":\"ListItem\",\"position\":4,\"name\":\"Arv og testament\",\"item\":\"https:\\\/\\\/www.stinesofiesstiftelse.no\\\/stottespiller\\\/enkeltgaver\\\/arv-og-testament\\\/\"},{\"@type\":\"ListItem\",\"position\":5,\"name\":\"Min kusine testamenterte alt til Stine Sofies Stiftelse\"}]},{\"@type\":\"WebSite\",\"@id\":\"https:\\\/\\\/www.stinesofiesstiftelse.no\\\/#website\",\"url\":\"https:\\\/\\\/www.stinesofiesstiftelse.no\\\/\",\"name\":\"Stine Sofies Stiftelse\",\"description\":\"\",\"publisher\":{\"@id\":\"https:\\\/\\\/www.stinesofiesstiftelse.no\\\/#organization\"},\"potentialAction\":[{\"@type\":\"SearchAction\",\"target\":{\"@type\":\"EntryPoint\",\"urlTemplate\":\"https:\\\/\\\/www.stinesofiesstiftelse.no\\\/?s={search_term_string}\"},\"query-input\":{\"@type\":\"PropertyValueSpecification\",\"valueRequired\":true,\"valueName\":\"search_term_string\"}}],\"inLanguage\":\"sma-NO\"},{\"@type\":\"Organization\",\"@id\":\"https:\\\/\\\/www.stinesofiesstiftelse.no\\\/#organization\",\"name\":\"Stine Sofies Stiftelse\",\"url\":\"https:\\\/\\\/www.stinesofiesstiftelse.no\\\/\",\"logo\":{\"@type\":\"ImageObject\",\"inLanguage\":\"sma-NO\",\"@id\":\"https:\\\/\\\/www.stinesofiesstiftelse.no\\\/#\\\/schema\\\/logo\\\/image\\\/\",\"url\":\"https:\\\/\\\/d1713zmupob0gt.cloudfront.net\\\/wp-content\\\/uploads\\\/2024\\\/10\\\/19093628\\\/cropped-Stine_sofies_stiftelse_logosymbol.png\",\"contentUrl\":\"https:\\\/\\\/d1713zmupob0gt.cloudfront.net\\\/wp-content\\\/uploads\\\/2024\\\/10\\\/19093628\\\/cropped-Stine_sofies_stiftelse_logosymbol.png\",\"width\":512,\"height\":512,\"caption\":\"Stine Sofies Stiftelse\"},\"image\":{\"@id\":\"https:\\\/\\\/www.stinesofiesstiftelse.no\\\/#\\\/schema\\\/logo\\\/image\\\/\"},\"sameAs\":[\"https:\\\/\\\/www.facebook.com\\\/StineSofiesStiftelse\\\/\"]}]}<\/script>\n<!-- \/ Yoast SEO plugin. -->","yoast_head_json":{"title":"Min kusine testamenterte alt til Stine Sofies Stiftelse - Stine Sofies Stiftelse","robots":{"index":"index","follow":"follow","max-snippet":"max-snippet:-1","max-image-preview":"max-image-preview:large","max-video-preview":"max-video-preview:-1"},"canonical":"https:\/\/www.stinesofiesstiftelse.no\/stottespiller\/enkeltgaver\/arv-og-testament\/min-kusine-testamenterte-bort-alt-til-stine-sofies-stiftelse\/","og_locale":"en_US","og_type":"article","og_title":"Min kusine testamenterte alt til Stine Sofies Stiftelse - Stine Sofies Stiftelse","og_description":"Min kusine testamenterte alt til Stine Sofies Stiftelse I n\u00e6rmere 40 \u00e5r hadde de to kusinene ingen kontakt. Bare to [&hellip;]","og_url":"https:\/\/www.stinesofiesstiftelse.no\/stottespiller\/enkeltgaver\/arv-og-testament\/min-kusine-testamenterte-bort-alt-til-stine-sofies-stiftelse\/","og_site_name":"Stine Sofies Stiftelse","article_publisher":"https:\/\/www.facebook.com\/StineSofiesStiftelse\/","article_modified_time":"2026-02-03T14:11:32+00:00","og_image":[{"width":1920,"height":1080,"url":"https:\/\/d1713zmupob0gt.cloudfront.net\/wp-content\/uploads\/2025\/07\/03100026\/Arv-illustrasjonsbilde.jpg.jpeg","type":"image\/jpeg"}],"twitter_card":"summary_large_image","twitter_misc":{"Est. reading time":"4 minutes"},"schema":{"@context":"https:\/\/schema.org","@graph":[{"@type":"WebPage","@id":"https:\/\/www.stinesofiesstiftelse.no\/stottespiller\/enkeltgaver\/arv-og-testament\/min-kusine-testamenterte-bort-alt-til-stine-sofies-stiftelse\/","url":"https:\/\/www.stinesofiesstiftelse.no\/stottespiller\/enkeltgaver\/arv-og-testament\/min-kusine-testamenterte-bort-alt-til-stine-sofies-stiftelse\/","name":"Min kusine testamenterte alt til Stine Sofies Stiftelse - Stine Sofies Stiftelse","isPartOf":{"@id":"https:\/\/www.stinesofiesstiftelse.no\/#website"},"primaryImageOfPage":{"@id":"https:\/\/www.stinesofiesstiftelse.no\/stottespiller\/enkeltgaver\/arv-og-testament\/min-kusine-testamenterte-bort-alt-til-stine-sofies-stiftelse\/#primaryimage"},"image":{"@id":"https:\/\/www.stinesofiesstiftelse.no\/stottespiller\/enkeltgaver\/arv-og-testament\/min-kusine-testamenterte-bort-alt-til-stine-sofies-stiftelse\/#primaryimage"},"thumbnailUrl":"https:\/\/d1713zmupob0gt.cloudfront.net\/wp-content\/uploads\/2025\/07\/03100026\/Arv-illustrasjonsbilde.jpg.jpeg","datePublished":"2025-06-30T11:09:20+00:00","dateModified":"2026-02-03T14:11:32+00:00","breadcrumb":{"@id":"https:\/\/www.stinesofiesstiftelse.no\/stottespiller\/enkeltgaver\/arv-og-testament\/min-kusine-testamenterte-bort-alt-til-stine-sofies-stiftelse\/#breadcrumb"},"inLanguage":"sma-NO","potentialAction":[{"@type":"ReadAction","target":["https:\/\/www.stinesofiesstiftelse.no\/stottespiller\/enkeltgaver\/arv-og-testament\/min-kusine-testamenterte-bort-alt-til-stine-sofies-stiftelse\/"]}]},{"@type":"ImageObject","inLanguage":"sma-NO","@id":"https:\/\/www.stinesofiesstiftelse.no\/stottespiller\/enkeltgaver\/arv-og-testament\/min-kusine-testamenterte-bort-alt-til-stine-sofies-stiftelse\/#primaryimage","url":"https:\/\/d1713zmupob0gt.cloudfront.net\/wp-content\/uploads\/2025\/07\/03100026\/Arv-illustrasjonsbilde.jpg.jpeg","contentUrl":"https:\/\/d1713zmupob0gt.cloudfront.net\/wp-content\/uploads\/2025\/07\/03100026\/Arv-illustrasjonsbilde.jpg.jpeg","width":1920,"height":1080},{"@type":"BreadcrumbList","@id":"https:\/\/www.stinesofiesstiftelse.no\/stottespiller\/enkeltgaver\/arv-og-testament\/min-kusine-testamenterte-bort-alt-til-stine-sofies-stiftelse\/#breadcrumb","itemListElement":[{"@type":"ListItem","position":1,"name":"Hjem","item":"https:\/\/www.stinesofiesstiftelse.no\/"},{"@type":"ListItem","position":2,"name":"Bli st\u00f8ttespiller","item":"https:\/\/www.stinesofiesstiftelse.no\/stottespiller\/"},{"@type":"ListItem","position":3,"name":"Slik kan du bidra","item":"https:\/\/www.stinesofiesstiftelse.no\/stottespiller\/enkeltgaver\/"},{"@type":"ListItem","position":4,"name":"Arv og testament","item":"https:\/\/www.stinesofiesstiftelse.no\/stottespiller\/enkeltgaver\/arv-og-testament\/"},{"@type":"ListItem","position":5,"name":"Min kusine testamenterte alt til Stine Sofies Stiftelse"}]},{"@type":"WebSite","@id":"https:\/\/www.stinesofiesstiftelse.no\/#website","url":"https:\/\/www.stinesofiesstiftelse.no\/","name":"Stine Sofies Stiftelse","description":"","publisher":{"@id":"https:\/\/www.stinesofiesstiftelse.no\/#organization"},"potentialAction":[{"@type":"SearchAction","target":{"@type":"EntryPoint","urlTemplate":"https:\/\/www.stinesofiesstiftelse.no\/?s={search_term_string}"},"query-input":{"@type":"PropertyValueSpecification","valueRequired":true,"valueName":"search_term_string"}}],"inLanguage":"sma-NO"},{"@type":"Organization","@id":"https:\/\/www.stinesofiesstiftelse.no\/#organization","name":"Stine Sofies Stiftelse","url":"https:\/\/www.stinesofiesstiftelse.no\/","logo":{"@type":"ImageObject","inLanguage":"sma-NO","@id":"https:\/\/www.stinesofiesstiftelse.no\/#\/schema\/logo\/image\/","url":"https:\/\/d1713zmupob0gt.cloudfront.net\/wp-content\/uploads\/2024\/10\/19093628\/cropped-Stine_sofies_stiftelse_logosymbol.png","contentUrl":"https:\/\/d1713zmupob0gt.cloudfront.net\/wp-content\/uploads\/2024\/10\/19093628\/cropped-Stine_sofies_stiftelse_logosymbol.png","width":512,"height":512,"caption":"Stine Sofies Stiftelse"},"image":{"@id":"https:\/\/www.stinesofiesstiftelse.no\/#\/schema\/logo\/image\/"},"sameAs":["https:\/\/www.facebook.com\/StineSofiesStiftelse\/"]}]}},"mfb_rest_fields":["title","yoast_head","yoast_head_json"],"_links":{"self":[{"href":"https:\/\/www.stinesofiesstiftelse.no\/sma\/wp-json\/wp\/v2\/pages\/11263","targetHints":{"allow":["GET"]}}],"collection":[{"href":"https:\/\/www.stinesofiesstiftelse.no\/sma\/wp-json\/wp\/v2\/pages"}],"about":[{"href":"https:\/\/www.stinesofiesstiftelse.no\/sma\/wp-json\/wp\/v2\/types\/page"}],"author":[{"embeddable":true,"href":"https:\/\/www.stinesofiesstiftelse.no\/sma\/wp-json\/wp\/v2\/users\/5"}],"replies":[{"embeddable":true,"href":"https:\/\/www.stinesofiesstiftelse.no\/sma\/wp-json\/wp\/v2\/comments?post=11263"}],"version-history":[{"count":2,"href":"https:\/\/www.stinesofiesstiftelse.no\/sma\/wp-json\/wp\/v2\/pages\/11263\/revisions"}],"predecessor-version":[{"id":13242,"href":"https:\/\/www.stinesofiesstiftelse.no\/sma\/wp-json\/wp\/v2\/pages\/11263\/revisions\/13242"}],"up":[{"embeddable":true,"href":"https:\/\/www.stinesofiesstiftelse.no\/sma\/wp-json\/wp\/v2\/pages\/11265"}],"wp:featuredmedia":[{"embeddable":true,"href":"https:\/\/www.stinesofiesstiftelse.no\/sma\/wp-json\/wp\/v2\/media\/11306"}],"wp:attachment":[{"href":"https:\/\/www.stinesofiesstiftelse.no\/sma\/wp-json\/wp\/v2\/media?parent=11263"}],"curies":[{"name":"wp","href":"https:\/\/api.w.org\/{rel}","templated":true}]}}