{"id":10794,"date":"2025-04-22T14:48:54","date_gmt":"2025-04-22T12:48:54","guid":{"rendered":"https:\/\/www.stinesofiesstiftelse.no\/?page_id=10794"},"modified":"2026-04-01T12:32:24","modified_gmt":"2026-04-01T10:32:24","slug":"kaia-kjorstad-om-bruken-av-hjelpetilbud-blant-barn-og-unge-utsatt-for-vold-og-overgrep","status":"publish","type":"page","link":"https:\/\/www.stinesofiesstiftelse.no\/sma\/trippel-s\/produserte-artikler\/bruken-av-hjelpetilbud-blant-barn-og-unge-utsatt-for-vold-og-overgrep\/kaia-kjorstad-om-bruken-av-hjelpetilbud-blant-barn-og-unge-utsatt-for-vold-og-overgrep\/","title":{"rendered":"\u2013 Kun halvparten f\u00e5r hjelpen de har behov for"},"content":{"rendered":"\n<div class=\"wp-block-group alignwide sss-content-header has-global-padding is-layout-constrained wp-block-group-is-layout-constrained\" style=\"margin-top:0;margin-bottom:0\">\n<div class=\"wp-block-group is-layout-flow wp-block-group-is-layout-flow\" style=\"padding-top:4vw;padding-bottom:3vw\"><div class=\"yoast-breadcrumbs\"><span><span><a href=\"https:\/\/www.stinesofiesstiftelse.no\/\">Hjem<\/a><\/span> \u2013 <span><a href=\"https:\/\/www.stinesofiesstiftelse.no\/trippel-s\/\">Trippel S<\/a><\/span> \u2013 <span><a href=\"https:\/\/www.stinesofiesstiftelse.no\/trippel-s\/produserte-artikler\/\">Publiserte artikler<\/a><\/span> \u2013 <span><a href=\"https:\/\/www.stinesofiesstiftelse.no\/trippel-s\/produserte-artikler\/bruken-av-hjelpetilbud-blant-barn-og-unge-utsatt-for-vold-og-overgrep\/\">Barna f\u00e5r ikke hjelpen de har behov for<\/a><\/span> \u2013 <span class=\"breadcrumb_last\" aria-current=\"page\">\u2013 Kun halvparten f\u00e5r hjelpen de har behov for<\/span><\/span><\/div>\n\n<h1 class=\"is-style-has-blob wp-block-post-title has-text-color has-primary-color\">\u2013 Kun halvparten f\u00e5r hjelpen de har behov for<\/h1>\n\n\n<p class=\"is-style-leadtext\" style=\"padding-right:0;padding-left:0\">En studie publisert&nbsp;i&nbsp;<em>Child Protection and Practice&nbsp;<\/em>viser at barn og unge som har v\u00e6rt utsatt for vold og overgrep har omfattende kontakt med ulike offentlige hjelpetilbud, inkludert fastlege, helsesykepleier, psykolog, PPT og barnevernet.<\/p>\n\n\n\n<p class=\"is-style-leadtext\" style=\"padding-right:0;padding-left:0\">Et sentralt funn er at mens nesten alle deltakerne har hatt kontakt med minst \u00e9n tjeneste det siste \u00e5ret, opplever bare 53 % at de har f\u00e5tt den hjelpen de faktisk trenger. Studien peker p\u00e5 at tilfredsheten med tjenestene generelt er moderat, men at tilfredsheten med koordineringen mellom tjenestene er betydelig lavere.<\/p>\n\n\n\n<p class=\"is-style-default\" style=\"padding-right:0;padding-left:0\"><a href=\"https:\/\/www.sciencedirect.com\/science\/article\/pii\/S2950193825000609?via%3Dihub\">Studien er publisert i Child Protection and Practice og kan leses her:<\/a><\/p>\n<\/div>\n\n\n\n<h2 class=\"wp-block-heading\">Forsker Kaia Kj\u00f8rstad (FHI) om studien:<\/h2>\n<\/div>\n\n\n\n<p class=\"is-style-default\" style=\"padding-right:0;padding-left:0\"><strong>Hva mener du er det viktigste funnet i studien?<\/strong><\/p>\n\n\n\n<p>Det mest fremtredende funnet er at kun halvparten av barna og ungdommene opplever at de f\u00e5r den hjelpen de har behov for. En mulig forklaring p\u00e5 dette kan v\u00e6re at utilstrekkelig samhandling mellom de ulike hjelpetilbudene. I NOU 2017, Svikt og Svik, kom det tydelig frem at manglende samarbeid og samhandling mellom tjenester gjorde at barn ikke fikk hjelp tidlig nok, eller i det hele tatt. Denne studien viser at dette fortsatt gjelder. \u00c5tte \u00e5r etter finner vi at det fortsatt er lav tilfredshet med tjenestene. At det i stor grad henger sammen med d\u00e5rlig koordinering mellom akt\u00f8rene, heller enn med kvaliteten p\u00e5 \u00e9n enkelt tjeneste. Dette gjaldt alle som var med i studien uavhengig av kj\u00f8nn, alder eller hvilke typer vold og overgrep de hadde opplevd.&nbsp;<\/p>\n\n\n\n<p><strong>Hva var motivasjonen for denne studien?<\/strong><\/p>\n\n\n\n<p>Tidligere forskning har vist at barn og unge som har v\u00e6rt utsatt for vold og overgrep ofte vil ha behov for langvarig oppf\u00f8lging. En grunn til dette er at volden og overgrepene kan resultere i for eksempel d\u00e5rligere helse eller st\u00f8rre vansker med \u00e5 h\u00e5ndtere hverdagen. Selv om vi vet at oppf\u00f8lging er s\u00e5 viktig, s\u00e5 vet vi likevel ganske lite om hvorvidt disse barna og ungdommene f\u00e5r den hjelpen de faktisk trenger. Det synes vi var viktig \u00e5 unders\u00f8ke n\u00e6rmere.&nbsp;<\/p>\n\n\n\n<p><strong>Hva er relevansen av disse funnene? Hvordan kan de brukes?<\/strong><\/p>\n\n\n\n<p>Funnene understreker behovet for \u00e5 bedre samhandlingen mellom ulike hjelpetilbud for \u00e5 sikre at barn og unge f\u00e5r en mer helhetlig hjelp og st\u00f8tte. Studien viser at de som f\u00e5r minst oppf\u00f8lging ogs\u00e5 er de som er minst forn\u00f8yde, noe som tyder p\u00e5 at langvarig og stabil oppf\u00f8lging er avgj\u00f8rende.<\/p>\n\n\n\n<p><strong>Var det noen av funnene som overrasket deg?<\/strong><\/p>\n\n\n\n<p>Ja, det mest overraskende var kanskje at halvparten av barna og ungdommene ikke mottar den hjelpen de opplever at de har behov for, til tross for at nesten alle har v\u00e6rt i kontakt med hjelpetjenester. Dette viser at tilgjengelighet alene ikke er nok \u2013 det er kvaliteten p\u00e5 og koordineringen av hjelpen som avgj\u00f8r om barna opplever den som nyttig.&nbsp;<\/p>\n\n\n\n<p><strong>Hva er dine r\u00e5d til fagpersoner som jobber med barn og unge utsatt for vold og overgrep?<\/strong><\/p>\n\n\n\n<p class=\"is-style-default\" style=\"padding-right:0;padding-left:0\">Det viktigste er \u00e5 legge til rette for at barn og unge utsatt for vold og overgrep kan f\u00e5 individuelt tilpasset hjelp n\u00e5r de trenger det. Noen vil raskt ha behov for \u00e5 snakke om det som har skjedd, mens andre kan trenge mer tid f\u00f8r de er klare til \u00e5 forholde seg til det de har opplevd. I tillegg b\u00f8r det legges til rette for at barna kan ha en fast kontaktperson over tid, slik at de slipper \u00e5 forholde seg til stadig nye personer i systemet.<\/p>\n\n\n\n<p><a href=\"https:\/\/www.stinesofiesstiftelse.no\/trippel-s\/produserte-artikler\/bruken-av-hjelpetilbud-blant-barn-og-unge-utsatt-for-vold-og-overgrep\/\">Les mer om studien her.<\/a><\/p>\n\n\n\n<section class=\"alignwide wp-block-aptum-pagelinker\" id=\"block_37e58af12bcf877a39e2f891b48c4dff\">\n\n<div class=\"wp-block-aptum-pagelinker__inner alignwide columns-2 item-bg\">\n\t<h2 class=\"wp-block-aptum-pagelinker__heading\">Andre publiserte artikler fra unders\u00f8kelsen<\/h2>\t<div class=\"wp-block-aptum-pagelinker__grid\">\n\n\t\t\t\t\t\t\t\t\t\t\t\t\t\t<a class=\"wp-block-aptum-pagelinker__item\" href=\"https:\/\/www.stinesofiesstiftelse.no\/sma\/trippel-s\/produserte-artikler\/barnemishandling-og-sovn-hos-barn-og-unge\/\" target=\"_self\">\n\t\t\t\t\t\t\t\t\t\t\t\t\t\t<div class=\"wp-block-aptum-pagelinker__content\">\n\t\t\t\t\t\t\t\t\t\t\t\t\t\t\t\t<div class=\"wp-block-aptum-pagelinker__text\">\n\t\t\t\t\t\t\t\t\t<h3 class=\"wp-block-aptum-pagelinker__title \">Tydelig sammenheng mellom vold og d\u00e5rlig s\u00f8vn<i class=\"wp-block-aptum-pagelinker__arrow\"><\/i><\/h3>\n\t\t\t\t\t\t\t\t\t\t\t\t\t\t\t\t\t\t\t<p class=\"wp-block-aptum-pagelinker__excerpt\">Denne systematiske litteraturgjennomgangen er den f\u00f8rste som spesifikt unders\u00f8ker sammenhengen mellom barn &#8230;<\/p>\n\t\t\t\t\t\t\t\t\t\t\t\t\t\t\t\t\t<\/div>\n\t\t\t\t\t\t\t<\/div>\n\t\t\t\t\t\t<\/a>\n\t\t\t\t\t\t\t\t\t\t\t\t\t\t\t\t\t\t\t\t\t<a class=\"wp-block-aptum-pagelinker__item\" href=\"https:\/\/www.stinesofiesstiftelse.no\/sma\/trippel-s\/produserte-artikler\/psykisk-helse-hos-barn-og-unge-utsatt-for-vold\/\" target=\"_self\">\n\t\t\t\t\t\t\t\t\t\t\t\t\t\t<div class=\"wp-block-aptum-pagelinker__content\">\n\t\t\t\t\t\t\t\t\t\t\t\t\t\t\t\t<div class=\"wp-block-aptum-pagelinker__text\">\n\t\t\t\t\t\t\t\t\t<h3 class=\"wp-block-aptum-pagelinker__title \">Har st\u00f8rre psykiske problemer enn andre barn<i class=\"wp-block-aptum-pagelinker__arrow\"><\/i><\/h3>\n\t\t\t\t\t\t\t\t\t\t\t\t\t\t\t\t\t\t\t<p class=\"wp-block-aptum-pagelinker__excerpt\">Barn og ungdom som har opplevd mishandling, har flere psykiske problemer sammenlignet med andre barn p\u00e5 sam&#8230;<\/p>\n\t\t\t\t\t\t\t\t\t\t\t\t\t\t\t\t\t<\/div>\n\t\t\t\t\t\t\t<\/div>\n\t\t\t\t\t\t<\/a>\n\t\t\t\t\t\t\t\t\t\t\t\t\t\t\t\t\t\t\t\t\t<a class=\"wp-block-aptum-pagelinker__item\" href=\"https:\/\/www.stinesofiesstiftelse.no\/sma\/trippel-s\/produserte-artikler\/sovnproblemer-hos-ungdom-utsatt-for-vold\/\" target=\"_self\">\n\t\t\t\t\t\t\t\t\t\t\t\t\t\t<div class=\"wp-block-aptum-pagelinker__content\">\n\t\t\t\t\t\t\t\t\t\t\t\t\t\t\t\t<div class=\"wp-block-aptum-pagelinker__text\">\n\t\t\t\t\t\t\t\t\t<h3 class=\"wp-block-aptum-pagelinker__title \">S\u00f8vnproblemer hos ungdom utsatt for vold<i class=\"wp-block-aptum-pagelinker__arrow\"><\/i><\/h3>\n\t\t\t\t\t\t\t\t\t\t\t\t\t\t\t\t\t\t\t<p class=\"wp-block-aptum-pagelinker__excerpt\">Ungdom som har opplevd vold i barndommen kan ha \u00f8kt risiko for s\u00f8vnforstyrrelser. Denne studien gir ny inns&#8230;<\/p>\n\t\t\t\t\t\t\t\t\t\t\t\t\t\t\t\t\t<\/div>\n\t\t\t\t\t\t\t<\/div>\n\t\t\t\t\t\t<\/a>\n\t\t\t\t\t\t\t\t\t\t\t\t\t\t\t\t\t\t\t\t\t<a class=\"wp-block-aptum-pagelinker__item\" href=\"https:\/\/www.stinesofiesstiftelse.no\/sma\/trippel-s\/produserte-artikler\/etablering-av-en-helsekohort-for-barn-og-unge-utsatt-for-vold-ogovergrep\/\" target=\"_self\">\n\t\t\t\t\t\t\t\t\t\t\t\t\t\t<div class=\"wp-block-aptum-pagelinker__content\">\n\t\t\t\t\t\t\t\t\t\t\t\t\t\t\t\t<div class=\"wp-block-aptum-pagelinker__text\">\n\t\t\t\t\t\t\t\t\t<h3 class=\"wp-block-aptum-pagelinker__title \">Helsekohort for barn og unge utsatt for vold og\novergrep<i class=\"wp-block-aptum-pagelinker__arrow\"><\/i><\/h3>\n\t\t\t\t\t\t\t\t\t\t\t\t\t\t\t\t\t\t\t<p class=\"wp-block-aptum-pagelinker__excerpt\">Hvordan p\u00e5virker vold og overgrep barn og unge p\u00e5 lang sikt? Trippel-S-studien er den f\u00f8rste longitudinelle&#8230;<\/p>\n\t\t\t\t\t\t\t\t\t\t\t\t\t\t\t\t\t<\/div>\n\t\t\t\t\t\t\t<\/div>\n\t\t\t\t\t\t<\/a>\n\t\t\t\t\t\t\t\t\t\t\t<\/div>\n<\/div>\n\n<\/section>\n","protected":false},"excerpt":{"rendered":"<p>En studie publisert&nbsp;i&nbsp;Child Protection and Practice&nbsp;viser at barn og unge som har v\u00e6rt utsatt for vold og overgrep har omfattende [&hellip;]<\/p>\n","protected":false},"author":5,"featured_media":0,"parent":10789,"menu_order":0,"comment_status":"closed","ping_status":"closed","template":"","meta":{"_acf_changed":false,"inline_featured_image":false,"footnotes":""},"class_list":["post-10794","page","type-page","status-publish","hentry"],"acf":[],"mb":[],"yoast_head":"<!-- This site is optimized with the Yoast SEO plugin v27.3 - https:\/\/yoast.com\/product\/yoast-seo-wordpress\/ -->\n<title>\u2013 Kun halvparten f\u00e5r hjelpen de har behov for - Stine Sofies Stiftelse<\/title>\n<meta name=\"robots\" content=\"index, follow, max-snippet:-1, max-image-preview:large, max-video-preview:-1\" \/>\n<link rel=\"canonical\" href=\"https:\/\/www.stinesofiesstiftelse.no\/trippel-s\/produserte-artikler\/bruken-av-hjelpetilbud-blant-barn-og-unge-utsatt-for-vold-og-overgrep\/kaia-kjorstad-om-bruken-av-hjelpetilbud-blant-barn-og-unge-utsatt-for-vold-og-overgrep\/\" \/>\n<meta property=\"og:locale\" content=\"en_US\" \/>\n<meta property=\"og:type\" content=\"article\" \/>\n<meta property=\"og:title\" content=\"\u2013 Kun halvparten f\u00e5r hjelpen de har behov for - Stine Sofies Stiftelse\" \/>\n<meta property=\"og:description\" content=\"En studie publisert&nbsp;i&nbsp;Child Protection and Practice&nbsp;viser at barn og unge som har v\u00e6rt utsatt for vold og overgrep har omfattende [&hellip;]\" \/>\n<meta property=\"og:url\" content=\"https:\/\/www.stinesofiesstiftelse.no\/trippel-s\/produserte-artikler\/bruken-av-hjelpetilbud-blant-barn-og-unge-utsatt-for-vold-og-overgrep\/kaia-kjorstad-om-bruken-av-hjelpetilbud-blant-barn-og-unge-utsatt-for-vold-og-overgrep\/\" \/>\n<meta property=\"og:site_name\" content=\"Stine Sofies Stiftelse\" \/>\n<meta property=\"article:publisher\" content=\"https:\/\/www.facebook.com\/StineSofiesStiftelse\/\" \/>\n<meta property=\"article:modified_time\" content=\"2026-04-01T10:32:24+00:00\" \/>\n<meta name=\"twitter:card\" content=\"summary_large_image\" \/>\n<meta name=\"twitter:label1\" content=\"Est. reading time\" \/>\n\t<meta name=\"twitter:data1\" content=\"4 minutes\" \/>\n<script type=\"application\/ld+json\" class=\"yoast-schema-graph\">{\"@context\":\"https:\\\/\\\/schema.org\",\"@graph\":[{\"@type\":\"WebPage\",\"@id\":\"https:\\\/\\\/www.stinesofiesstiftelse.no\\\/trippel-s\\\/produserte-artikler\\\/bruken-av-hjelpetilbud-blant-barn-og-unge-utsatt-for-vold-og-overgrep\\\/kaia-kjorstad-om-bruken-av-hjelpetilbud-blant-barn-og-unge-utsatt-for-vold-og-overgrep\\\/\",\"url\":\"https:\\\/\\\/www.stinesofiesstiftelse.no\\\/trippel-s\\\/produserte-artikler\\\/bruken-av-hjelpetilbud-blant-barn-og-unge-utsatt-for-vold-og-overgrep\\\/kaia-kjorstad-om-bruken-av-hjelpetilbud-blant-barn-og-unge-utsatt-for-vold-og-overgrep\\\/\",\"name\":\"\u2013 Kun halvparten f\u00e5r hjelpen de har behov for - Stine Sofies Stiftelse\",\"isPartOf\":{\"@id\":\"https:\\\/\\\/www.stinesofiesstiftelse.no\\\/#website\"},\"datePublished\":\"2025-04-22T12:48:54+00:00\",\"dateModified\":\"2026-04-01T10:32:24+00:00\",\"breadcrumb\":{\"@id\":\"https:\\\/\\\/www.stinesofiesstiftelse.no\\\/trippel-s\\\/produserte-artikler\\\/bruken-av-hjelpetilbud-blant-barn-og-unge-utsatt-for-vold-og-overgrep\\\/kaia-kjorstad-om-bruken-av-hjelpetilbud-blant-barn-og-unge-utsatt-for-vold-og-overgrep\\\/#breadcrumb\"},\"inLanguage\":\"sma-NO\",\"potentialAction\":[{\"@type\":\"ReadAction\",\"target\":[\"https:\\\/\\\/www.stinesofiesstiftelse.no\\\/trippel-s\\\/produserte-artikler\\\/bruken-av-hjelpetilbud-blant-barn-og-unge-utsatt-for-vold-og-overgrep\\\/kaia-kjorstad-om-bruken-av-hjelpetilbud-blant-barn-og-unge-utsatt-for-vold-og-overgrep\\\/\"]}]},{\"@type\":\"BreadcrumbList\",\"@id\":\"https:\\\/\\\/www.stinesofiesstiftelse.no\\\/trippel-s\\\/produserte-artikler\\\/bruken-av-hjelpetilbud-blant-barn-og-unge-utsatt-for-vold-og-overgrep\\\/kaia-kjorstad-om-bruken-av-hjelpetilbud-blant-barn-og-unge-utsatt-for-vold-og-overgrep\\\/#breadcrumb\",\"itemListElement\":[{\"@type\":\"ListItem\",\"position\":1,\"name\":\"Hjem\",\"item\":\"https:\\\/\\\/www.stinesofiesstiftelse.no\\\/\"},{\"@type\":\"ListItem\",\"position\":2,\"name\":\"Trippel S\",\"item\":\"https:\\\/\\\/www.stinesofiesstiftelse.no\\\/trippel-s\\\/\"},{\"@type\":\"ListItem\",\"position\":3,\"name\":\"Publiserte artikler\",\"item\":\"https:\\\/\\\/www.stinesofiesstiftelse.no\\\/trippel-s\\\/produserte-artikler\\\/\"},{\"@type\":\"ListItem\",\"position\":4,\"name\":\"Barna f\u00e5r ikke hjelpen de har behov for\",\"item\":\"https:\\\/\\\/www.stinesofiesstiftelse.no\\\/trippel-s\\\/produserte-artikler\\\/bruken-av-hjelpetilbud-blant-barn-og-unge-utsatt-for-vold-og-overgrep\\\/\"},{\"@type\":\"ListItem\",\"position\":5,\"name\":\"\u2013 Kun halvparten f\u00e5r hjelpen de har behov for\"}]},{\"@type\":\"WebSite\",\"@id\":\"https:\\\/\\\/www.stinesofiesstiftelse.no\\\/#website\",\"url\":\"https:\\\/\\\/www.stinesofiesstiftelse.no\\\/\",\"name\":\"Stine Sofies Stiftelse\",\"description\":\"\",\"publisher\":{\"@id\":\"https:\\\/\\\/www.stinesofiesstiftelse.no\\\/#organization\"},\"potentialAction\":[{\"@type\":\"SearchAction\",\"target\":{\"@type\":\"EntryPoint\",\"urlTemplate\":\"https:\\\/\\\/www.stinesofiesstiftelse.no\\\/?s={search_term_string}\"},\"query-input\":{\"@type\":\"PropertyValueSpecification\",\"valueRequired\":true,\"valueName\":\"search_term_string\"}}],\"inLanguage\":\"sma-NO\"},{\"@type\":\"Organization\",\"@id\":\"https:\\\/\\\/www.stinesofiesstiftelse.no\\\/#organization\",\"name\":\"Stine Sofies Stiftelse\",\"url\":\"https:\\\/\\\/www.stinesofiesstiftelse.no\\\/\",\"logo\":{\"@type\":\"ImageObject\",\"inLanguage\":\"sma-NO\",\"@id\":\"https:\\\/\\\/www.stinesofiesstiftelse.no\\\/#\\\/schema\\\/logo\\\/image\\\/\",\"url\":\"https:\\\/\\\/d1713zmupob0gt.cloudfront.net\\\/wp-content\\\/uploads\\\/2024\\\/10\\\/19093628\\\/cropped-Stine_sofies_stiftelse_logosymbol.png\",\"contentUrl\":\"https:\\\/\\\/d1713zmupob0gt.cloudfront.net\\\/wp-content\\\/uploads\\\/2024\\\/10\\\/19093628\\\/cropped-Stine_sofies_stiftelse_logosymbol.png\",\"width\":512,\"height\":512,\"caption\":\"Stine Sofies Stiftelse\"},\"image\":{\"@id\":\"https:\\\/\\\/www.stinesofiesstiftelse.no\\\/#\\\/schema\\\/logo\\\/image\\\/\"},\"sameAs\":[\"https:\\\/\\\/www.facebook.com\\\/StineSofiesStiftelse\\\/\"]}]}<\/script>\n<!-- \/ Yoast SEO plugin. -->","yoast_head_json":{"title":"\u2013 Kun halvparten f\u00e5r hjelpen de har behov for - Stine Sofies Stiftelse","robots":{"index":"index","follow":"follow","max-snippet":"max-snippet:-1","max-image-preview":"max-image-preview:large","max-video-preview":"max-video-preview:-1"},"canonical":"https:\/\/www.stinesofiesstiftelse.no\/trippel-s\/produserte-artikler\/bruken-av-hjelpetilbud-blant-barn-og-unge-utsatt-for-vold-og-overgrep\/kaia-kjorstad-om-bruken-av-hjelpetilbud-blant-barn-og-unge-utsatt-for-vold-og-overgrep\/","og_locale":"en_US","og_type":"article","og_title":"\u2013 Kun halvparten f\u00e5r hjelpen de har behov for - Stine Sofies Stiftelse","og_description":"En studie publisert&nbsp;i&nbsp;Child Protection and Practice&nbsp;viser at barn og unge som har v\u00e6rt utsatt for vold og overgrep har omfattende [&hellip;]","og_url":"https:\/\/www.stinesofiesstiftelse.no\/trippel-s\/produserte-artikler\/bruken-av-hjelpetilbud-blant-barn-og-unge-utsatt-for-vold-og-overgrep\/kaia-kjorstad-om-bruken-av-hjelpetilbud-blant-barn-og-unge-utsatt-for-vold-og-overgrep\/","og_site_name":"Stine Sofies Stiftelse","article_publisher":"https:\/\/www.facebook.com\/StineSofiesStiftelse\/","article_modified_time":"2026-04-01T10:32:24+00:00","twitter_card":"summary_large_image","twitter_misc":{"Est. reading time":"4 minutes"},"schema":{"@context":"https:\/\/schema.org","@graph":[{"@type":"WebPage","@id":"https:\/\/www.stinesofiesstiftelse.no\/trippel-s\/produserte-artikler\/bruken-av-hjelpetilbud-blant-barn-og-unge-utsatt-for-vold-og-overgrep\/kaia-kjorstad-om-bruken-av-hjelpetilbud-blant-barn-og-unge-utsatt-for-vold-og-overgrep\/","url":"https:\/\/www.stinesofiesstiftelse.no\/trippel-s\/produserte-artikler\/bruken-av-hjelpetilbud-blant-barn-og-unge-utsatt-for-vold-og-overgrep\/kaia-kjorstad-om-bruken-av-hjelpetilbud-blant-barn-og-unge-utsatt-for-vold-og-overgrep\/","name":"\u2013 Kun halvparten f\u00e5r hjelpen de har behov for - Stine Sofies Stiftelse","isPartOf":{"@id":"https:\/\/www.stinesofiesstiftelse.no\/#website"},"datePublished":"2025-04-22T12:48:54+00:00","dateModified":"2026-04-01T10:32:24+00:00","breadcrumb":{"@id":"https:\/\/www.stinesofiesstiftelse.no\/trippel-s\/produserte-artikler\/bruken-av-hjelpetilbud-blant-barn-og-unge-utsatt-for-vold-og-overgrep\/kaia-kjorstad-om-bruken-av-hjelpetilbud-blant-barn-og-unge-utsatt-for-vold-og-overgrep\/#breadcrumb"},"inLanguage":"sma-NO","potentialAction":[{"@type":"ReadAction","target":["https:\/\/www.stinesofiesstiftelse.no\/trippel-s\/produserte-artikler\/bruken-av-hjelpetilbud-blant-barn-og-unge-utsatt-for-vold-og-overgrep\/kaia-kjorstad-om-bruken-av-hjelpetilbud-blant-barn-og-unge-utsatt-for-vold-og-overgrep\/"]}]},{"@type":"BreadcrumbList","@id":"https:\/\/www.stinesofiesstiftelse.no\/trippel-s\/produserte-artikler\/bruken-av-hjelpetilbud-blant-barn-og-unge-utsatt-for-vold-og-overgrep\/kaia-kjorstad-om-bruken-av-hjelpetilbud-blant-barn-og-unge-utsatt-for-vold-og-overgrep\/#breadcrumb","itemListElement":[{"@type":"ListItem","position":1,"name":"Hjem","item":"https:\/\/www.stinesofiesstiftelse.no\/"},{"@type":"ListItem","position":2,"name":"Trippel S","item":"https:\/\/www.stinesofiesstiftelse.no\/trippel-s\/"},{"@type":"ListItem","position":3,"name":"Publiserte artikler","item":"https:\/\/www.stinesofiesstiftelse.no\/trippel-s\/produserte-artikler\/"},{"@type":"ListItem","position":4,"name":"Barna f\u00e5r ikke hjelpen de har behov for","item":"https:\/\/www.stinesofiesstiftelse.no\/trippel-s\/produserte-artikler\/bruken-av-hjelpetilbud-blant-barn-og-unge-utsatt-for-vold-og-overgrep\/"},{"@type":"ListItem","position":5,"name":"\u2013 Kun halvparten f\u00e5r hjelpen de har behov for"}]},{"@type":"WebSite","@id":"https:\/\/www.stinesofiesstiftelse.no\/#website","url":"https:\/\/www.stinesofiesstiftelse.no\/","name":"Stine Sofies Stiftelse","description":"","publisher":{"@id":"https:\/\/www.stinesofiesstiftelse.no\/#organization"},"potentialAction":[{"@type":"SearchAction","target":{"@type":"EntryPoint","urlTemplate":"https:\/\/www.stinesofiesstiftelse.no\/?s={search_term_string}"},"query-input":{"@type":"PropertyValueSpecification","valueRequired":true,"valueName":"search_term_string"}}],"inLanguage":"sma-NO"},{"@type":"Organization","@id":"https:\/\/www.stinesofiesstiftelse.no\/#organization","name":"Stine Sofies Stiftelse","url":"https:\/\/www.stinesofiesstiftelse.no\/","logo":{"@type":"ImageObject","inLanguage":"sma-NO","@id":"https:\/\/www.stinesofiesstiftelse.no\/#\/schema\/logo\/image\/","url":"https:\/\/d1713zmupob0gt.cloudfront.net\/wp-content\/uploads\/2024\/10\/19093628\/cropped-Stine_sofies_stiftelse_logosymbol.png","contentUrl":"https:\/\/d1713zmupob0gt.cloudfront.net\/wp-content\/uploads\/2024\/10\/19093628\/cropped-Stine_sofies_stiftelse_logosymbol.png","width":512,"height":512,"caption":"Stine Sofies Stiftelse"},"image":{"@id":"https:\/\/www.stinesofiesstiftelse.no\/#\/schema\/logo\/image\/"},"sameAs":["https:\/\/www.facebook.com\/StineSofiesStiftelse\/"]}]}},"mfb_rest_fields":["title","yoast_head","yoast_head_json"],"_links":{"self":[{"href":"https:\/\/www.stinesofiesstiftelse.no\/sma\/wp-json\/wp\/v2\/pages\/10794","targetHints":{"allow":["GET"]}}],"collection":[{"href":"https:\/\/www.stinesofiesstiftelse.no\/sma\/wp-json\/wp\/v2\/pages"}],"about":[{"href":"https:\/\/www.stinesofiesstiftelse.no\/sma\/wp-json\/wp\/v2\/types\/page"}],"author":[{"embeddable":true,"href":"https:\/\/www.stinesofiesstiftelse.no\/sma\/wp-json\/wp\/v2\/users\/5"}],"replies":[{"embeddable":true,"href":"https:\/\/www.stinesofiesstiftelse.no\/sma\/wp-json\/wp\/v2\/comments?post=10794"}],"version-history":[{"count":2,"href":"https:\/\/www.stinesofiesstiftelse.no\/sma\/wp-json\/wp\/v2\/pages\/10794\/revisions"}],"predecessor-version":[{"id":10814,"href":"https:\/\/www.stinesofiesstiftelse.no\/sma\/wp-json\/wp\/v2\/pages\/10794\/revisions\/10814"}],"up":[{"embeddable":true,"href":"https:\/\/www.stinesofiesstiftelse.no\/sma\/wp-json\/wp\/v2\/pages\/10789"}],"wp:attachment":[{"href":"https:\/\/www.stinesofiesstiftelse.no\/sma\/wp-json\/wp\/v2\/media?parent=10794"}],"curies":[{"name":"wp","href":"https:\/\/api.w.org\/{rel}","templated":true}]}}