{"id":8539,"date":"2024-08-27T10:26:33","date_gmt":"2024-08-27T08:26:33","guid":{"rendered":"https:\/\/www.stinesofiesstiftelse.no\/?page_id=8539"},"modified":"2025-01-24T13:02:11","modified_gmt":"2025-01-24T12:02:11","slug":"for-fosterhjemsfamilier","status":"publish","type":"page","link":"https:\/\/www.stinesofiesstiftelse.no\/pl\/stine-sofie-senteret\/for-fosterhjemsfamilier\/","title":{"rendered":"For fosterhjem"},"content":{"rendered":"\n<div class=\"wp-block-group alignwide sss-content-header has-global-padding is-layout-constrained wp-block-group-is-layout-constrained\" style=\"margin-top:0;margin-bottom:0\">\n<div class=\"wp-block-group is-layout-flow wp-block-group-is-layout-flow\" style=\"padding-top:4vw;padding-bottom:0vw\"><div class=\"yoast-breadcrumbs\"><span><span><a href=\"https:\/\/www.stinesofiesstiftelse.no\/\">Hjem<\/a><\/span> \u2013 <span><a href=\"https:\/\/www.stinesofiesstiftelse.no\/stine-sofie-senteret\/\">Stine Sofie Senteret<\/a><\/span> \u2013 <span class=\"breadcrumb_last\" aria-current=\"page\">For fosterhjem<\/span><\/span><\/div>\n\n<h1 class=\"is-style-has-blob wp-block-post-title has-text-color has-primary-color\">For fosterhjem<\/h1>\n\n\n<p>Stine Sofie Senteret er et tilbud til barn og unge som har v\u00e6rt utsatt for vold i n\u00e6re relasjoner, omsorgssvikt og seksuelle overgrep. Her kan barn som bor i fosterhjem skape nye, gode minner og felles opplevelser sammen med hele fosterfamilien p\u00e5 v\u00e5re helt egne uker for fosterhjem.<\/p>\n<\/div>\n<\/div>\n\n\n\n<figure class=\"wp-block-image alignwide size-large\"><img loading=\"lazy\" decoding=\"async\" width=\"1024\" height=\"711\" src=\"https:\/\/d1713zmupob0gt.cloudfront.net\/wp-content\/uploads\/2024\/03\/13075153\/Senteret_Lek_Vann_KIS-1024x711.jpg\" alt=\"\" class=\"wp-image-6392\" srcset=\"https:\/\/d1713zmupob0gt.cloudfront.net\/wp-content\/uploads\/2024\/03\/13075153\/Senteret_Lek_Vann_KIS-1024x711.jpg 1024w, https:\/\/d1713zmupob0gt.cloudfront.net\/wp-content\/uploads\/2024\/03\/13075153\/Senteret_Lek_Vann_KIS-300x208.jpg 300w, https:\/\/d1713zmupob0gt.cloudfront.net\/wp-content\/uploads\/2024\/03\/13075153\/Senteret_Lek_Vann_KIS-768x533.jpg 768w, https:\/\/d1713zmupob0gt.cloudfront.net\/wp-content\/uploads\/2024\/03\/13075153\/Senteret_Lek_Vann_KIS-1536x1067.jpg 1536w, https:\/\/d1713zmupob0gt.cloudfront.net\/wp-content\/uploads\/2024\/03\/13075153\/Senteret_Lek_Vann_KIS-2048x1422.jpg 2048w\" sizes=\"auto, (max-width: 1024px) 100vw, 1024px\" \/><\/figure>\n\n\n\n<h2 class=\"wp-block-heading\">For hele familien<\/h2>\n\n\n\n<p>Mange barn som har v\u00e6rt utsatt for vold, overgrep eller omsorgssvikt bor n\u00e5 i fosterhjem, med nye trygge omsorgspersoner. Likevel kan hverdagen v\u00e6re en utfordring for barna da det kan inneb\u00e6re vanskelige tanker og f\u00f8lelser, forstyrret av vonde minner og bekymringer.\u00a0<\/p>\n\n\n\n<p>\u2013 P\u00e5 Stine Sofie Senteret i Grimstad har vi egne fosterhjemsuker hvor fosterfamilier kan treffes og tilbringe en uke sammen. Dette har flere positive effekter, forteller Nils Bj\u00f8rn Olsbu som er senterleder p\u00e5 Stine Sofie Senteret.&nbsp;<\/p>\n\n\n\n<p>Tilbudet er for b\u00e5de fosterbarn, fosterforeldre og for de andre barna i familien.<\/p>\n\n\n\n<p><a href=\"https:\/\/www.stinesofiesstiftelse.no\/stine-sofie-senteret\/sok-om-opphold\/\" target=\"_blank\" rel=\"noreferrer noopener\">Her kan familier s\u00f8ke om opphold<\/a><\/p>\n\n\n\n<p>\u2013 Fosterforeldrene f\u00e5r en mulighet til \u00e5 bli kjent med hverandre, utveksle erfaringer og kanskje f\u00e5 en st\u00f8rre forst\u00e5else for sitt fosterbarn. Familien har gjerne f\u00e5tt gode minner, tid til \u00e5 finne sammen i positive omgivelser, nye opplevelser \u00e5 snakke om og en felles positiv ting \u00e5 se tilbake p\u00e5. Flere familier forteller at de holder kontakt i etterkant ogs\u00e5, sier han.<\/p>\n\n\n\n<figure class=\"wp-block-image size-large\"><img loading=\"lazy\" decoding=\"async\" width=\"1024\" height=\"768\" src=\"https:\/\/d1713zmupob0gt.cloudfront.net\/wp-content\/uploads\/2023\/12\/14111256\/Nils-Bjorn_stine_sofie_senteret-1024x768.jpeg\" alt=\"\" class=\"wp-image-5051\" srcset=\"https:\/\/d1713zmupob0gt.cloudfront.net\/wp-content\/uploads\/2023\/12\/14111256\/Nils-Bjorn_stine_sofie_senteret-1024x768.jpeg 1024w, https:\/\/d1713zmupob0gt.cloudfront.net\/wp-content\/uploads\/2023\/12\/14111256\/Nils-Bjorn_stine_sofie_senteret-300x225.jpeg 300w, https:\/\/d1713zmupob0gt.cloudfront.net\/wp-content\/uploads\/2023\/12\/14111256\/Nils-Bjorn_stine_sofie_senteret-768x576.jpeg 768w, https:\/\/d1713zmupob0gt.cloudfront.net\/wp-content\/uploads\/2023\/12\/14111256\/Nils-Bjorn_stine_sofie_senteret.jpeg 1168w\" sizes=\"auto, (max-width: 1024px) 100vw, 1024px\" \/><figcaption class=\"wp-element-caption\"><em>Nils Bj\u00f8rn Olsbu er leder av Stine Sofie Senteret.<\/em><\/figcaption><\/figure>\n\n\n\n<h2 class=\"wp-block-heading\">Et lavterskeltilbud<\/h2>\n\n\n\n<p>Stine Sofie Senteret er et gratis kurs- og mestringssenter for barn og unge som har v\u00e6rt utsatt for vold og omsorgssvikt i n\u00e6re relasjoner eller seksuelle overgrep. Hver uke kommer voldsutsatte barn og deres familier hit for \u00e5 f\u00e5 ny kunnskap, lek, gode opplevelser, og mestring. <\/p>\n\n\n\n<p>Han oppfordrer alle som er i kontakt med fosterfamilier til \u00e5 anbefale opphold til de som kan ha nytte av det.&nbsp;<\/p>\n\n\n\n<p>\u2013 Alle som s\u00f8ker om opphold hos oss, f\u00e5r svar fortl\u00f8pende.<\/p>\n\n\n\n<p>Tilbudet ved Stine Sofie Senteret skiller seg fra de fleste andre hjelpetilbud ved at barnet verken beh\u00f8ver en diagnose eller en dom i saken sin for \u00e5 f\u00e5 innvilget opphold. S\u00f8knaden trenger kun et f\u00f8lgeskriv fra en fagperson som bekrefter barnets historie.&nbsp;<\/p>\n\n\n\n<p>\u2013 Det er de vonde opplevelsene barnet har gjennomg\u00e5tt som ligger til grunn for opphold, forklarer Nils Bj\u00f8rn.<\/p>\n\n\n\n<p>I l\u00f8pet av uken deltar barna og deres familier p\u00e5 alderstilpasset undervisning og gruppeaktiviteter. De voksne deltar p\u00e5 egen undervisning. I tillegg er det lagt opp til mange gode opplevelser sammen.&nbsp;<\/p>\n\n\n\n<p>\u2013 Alle tilbud og aktiviteter skal ha en overf\u00f8ringsverdi til hjemmet. Dette for \u00e5 sikre at det vi p\u00e5begynner kan leve videre og forsterkes i hjemmesituasjonen etter endt opphold.<\/p>\n\n\n\n<section class=\"align wp-block-aptum-pagelinker\" id=\"block_36daaf8189a666db7a63f387f2abda7a\">\n\n<div class=\"wp-block-aptum-pagelinker__inner columns-1 item-bg\">\n\t\t<div class=\"wp-block-aptum-pagelinker__grid\">\n\n\t\t\t\t\t\t\t\t\t\t\t\t\t\t<a class=\"wp-block-aptum-pagelinker__item\" href=\"https:\/\/www.stinesofiesstiftelse.no\/pl\/stine-sofie-senteret\/sok-om-opphold\/\" target=\"_self\">\n\t\t\t\t\t\t\t\t\t\t\t\t\t\t<div class=\"wp-block-aptum-pagelinker__content\">\n\t\t\t\t\t\t\t\t\t\t\t\t\t\t\t\t<div class=\"wp-block-aptum-pagelinker__text\">\n\t\t\t\t\t\t\t\t\t<h3 class=\"wp-block-aptum-pagelinker__title \">S\u00f8k om opphold<i class=\"wp-block-aptum-pagelinker__arrow\"><\/i><\/h3>\n\t\t\t\t\t\t\t\t\t\t\t\t\t\t\t\t\t\t\t<p class=\"wp-block-aptum-pagelinker__excerpt\"> S\u00f8knadsprosessen er enkel, og her finner du alt du trenger.<\/p>\n\t\t\t\t\t\t\t\t\t\t\t\t\t\t\t\t\t<\/div>\n\t\t\t\t\t\t\t<\/div>\n\t\t\t\t\t\t<\/a>\n\t\t\t\t\t\t\t\t\t\t\t<\/div>\n<\/div>\n\n<\/section>\n\n\n\n<h2 class=\"wp-block-heading\">Gratis og nasjonalt<\/h2>\n\n\n\n<p>Det koster ingenting \u00e5 komme til Stine Sofie Senteret. N\u00e5r s\u00f8knaden er innvilget, ordner senteret reise og transport til barna, deres trygge omsorgspersoner og eventuelle s\u00f8sken &#8211; uansett hvor i landet familien bor. Dette gjelder ogs\u00e5 for fosterforeldrenes biologiske barn.&nbsp;<\/p>\n\n\n\n<p>\u2013 Vi mottar gode tilbakemeldinger fra familier som har v\u00e6rt her, og de aller fleste \u00f8nsker \u00e5 komme igjen.&nbsp;<\/p>\n\n\n\n<p>Nils Bj\u00f8rn oppfordrer b\u00e5de fosterfamilier \u2013 og andre familier som kan ha nytte av et opphold ved senteret \u2013 om \u00e5 s\u00f8ke om opphold.&nbsp;<\/p>\n\n\n\n<p>\u2013 Vi gleder oss til \u00e5 treffe flere familier, b\u00e5de nye og gamle ansikter, og la enda flere f\u00e5 lov til \u00e5 oppleve en uke med lek, l\u00e6ring og mestring her p\u00e5 Stine Sofie Senteret!<\/p>\n\n\n\n<div class=\"wp-block-columns are-vertically-aligned-center sss-infobox has-secondary-turquoise-background-color has-background is-layout-flex wp-container-core-columns-is-layout-9e92f332 wp-block-columns-is-layout-flex\" style=\"border-radius:4px;margin-top:var(--wp--preset--spacing--40);margin-bottom:var(--wp--preset--spacing--40);padding-top:1.5em;padding-right:1.5em;padding-bottom:1.5em;padding-left:2em\">\n<div class=\"wp-block-column is-layout-flow wp-block-column-is-layout-flow\" style=\"padding-right:0;padding-left:0;flex-basis:6.5%\">\n<figure class=\"wp-block-image size-large is-resized\"><img loading=\"lazy\" decoding=\"async\" width=\"48\" height=\"48\" src=\"https:\/\/d1713zmupob0gt.cloudfront.net\/wp-content\/uploads\/2023\/06\/26195936\/info_blue.svg\" alt=\"\" class=\"wp-image-1094\" style=\"width:50px\"\/><\/figure>\n<\/div>\n\n\n\n<div class=\"wp-block-column is-vertically-aligned-center is-layout-flow wp-block-column-is-layout-flow\" style=\"flex-basis:93.5%\">\n<h4 class=\"wp-block-heading has-contrast-color has-text-color\">Har du sp\u00f8rsm\u00e5l om Stine Sofie Senteret?<\/h4>\n\n\n\n<p>Kontakt oss p\u00e5 <a class=\"absconditus\" data-absconditus-a=\"gfbc\" data-absconditus-b=\"fgvarfbsvrfragrerg.ab\" href=\"#\"><span data-absconditus-placeholder=\"ies@osneofepitt.tenrsoesnt\"><\/span><\/a> eller ring oss p\u00e5 37 29 40 90. <br>Alle henvendelser blir behandlet anonymt og med diskresjon.<\/p>\n<\/div>\n<\/div>\n\n\n\n<div class=\"wp-block-columns alignwide sss-image-text has-secondary-background-color has-background is-layout-flex wp-container-core-columns-is-layout-3fb004a6 wp-block-columns-is-layout-flex\" style=\"border-radius:4px;padding-top:0;padding-right:0;padding-bottom:0;padding-left:0\">\n<div class=\"wp-block-column is-layout-flow wp-block-column-is-layout-flow\">\n<figure class=\"wp-block-image size-large\"><a href=\"https:\/\/www.stinesofiesstiftelse.no\/stine-sofie-senteret\/oppholdet-pa-stine-sofie-senteret\/\"><img loading=\"lazy\" decoding=\"async\" width=\"1024\" height=\"683\" src=\"https:\/\/d1713zmupob0gt.cloudfront.net\/wp-content\/uploads\/2024\/02\/14123606\/Senteret-lek-sansehagen-1024x683.jpg\" alt=\"\" class=\"wp-image-5676\" srcset=\"https:\/\/d1713zmupob0gt.cloudfront.net\/wp-content\/uploads\/2024\/02\/14123606\/Senteret-lek-sansehagen-1024x683.jpg 1024w, https:\/\/d1713zmupob0gt.cloudfront.net\/wp-content\/uploads\/2024\/02\/14123606\/Senteret-lek-sansehagen-300x200.jpg 300w, https:\/\/d1713zmupob0gt.cloudfront.net\/wp-content\/uploads\/2024\/02\/14123606\/Senteret-lek-sansehagen-768x512.jpg 768w, https:\/\/d1713zmupob0gt.cloudfront.net\/wp-content\/uploads\/2024\/02\/14123606\/Senteret-lek-sansehagen.jpg 1500w\" sizes=\"auto, (max-width: 1024px) 100vw, 1024px\" \/><\/a><\/figure>\n<\/div>\n\n\n\n<div class=\"wp-block-column is-layout-flow wp-block-column-is-layout-flow\" style=\"padding-top:var(--wp--preset--spacing--50);padding-right:0;padding-bottom:var(--wp--preset--spacing--50);padding-left:0\">\n<div class=\"wp-block-group has-global-padding is-content-justification-left is-layout-constrained wp-container-core-group-is-layout-c80ec7c2 wp-block-group-is-layout-constrained\" style=\"padding-right:var(--wp--preset--spacing--50)\">\n<h2 class=\"wp-block-heading is-style-has-underline has-contrast-color has-text-color\"><a href=\"https:\/\/www.stinesofiesstiftelse.no\/stine-sofie-senteret\/oppholdet-pa-stine-sofie-senteret\/\">Oppholdet p\u00e5 Stine Sofie Senteret<\/a><\/h2>\n<\/div>\n\n\n\n<div class=\"wp-block-buttons is-layout-flex wp-block-buttons-is-layout-flex\">\n<div class=\"wp-block-button is-style-arrow\"><a class=\"wp-block-button__link wp-element-button\" href=\"https:\/\/www.stinesofiesstiftelse.no\/stine-sofie-senteret\/oppholdet-pa-stine-sofie-senteret\/\">Finn ut mer<\/a><\/div>\n<\/div>\n<\/div>\n<\/div>\n","protected":false},"excerpt":{"rendered":"<p>Stine Sofie Senteret er et tilbud til barn og unge som har v\u00e6rt utsatt for vold i n\u00e6re relasjoner, omsorgssvikt [&hellip;]<\/p>\n","protected":false},"author":5,"featured_media":751,"parent":3328,"menu_order":0,"comment_status":"closed","ping_status":"closed","template":"","meta":{"_acf_changed":false,"inline_featured_image":false,"footnotes":""},"class_list":["post-8539","page","type-page","status-publish","has-post-thumbnail","hentry"],"acf":[],"mb":[],"yoast_head":"<!-- This site is optimized with the Yoast SEO plugin v27.3 - https:\/\/yoast.com\/product\/yoast-seo-wordpress\/ -->\n<title>For fosterhjem - Stine Sofies Stiftelse<\/title>\n<meta name=\"robots\" content=\"index, follow, max-snippet:-1, max-image-preview:large, max-video-preview:-1\" \/>\n<link rel=\"canonical\" href=\"https:\/\/www.stinesofiesstiftelse.no\/stine-sofie-senteret\/for-fosterhjemsfamilier\/\" \/>\n<meta property=\"og:locale\" content=\"pl_PL\" \/>\n<meta property=\"og:type\" content=\"article\" \/>\n<meta property=\"og:title\" content=\"For fosterhjem - Stine Sofies Stiftelse\" \/>\n<meta property=\"og:description\" content=\"Stine Sofie Senteret er et tilbud til barn og unge som har v\u00e6rt utsatt for vold i n\u00e6re relasjoner, omsorgssvikt [&hellip;]\" \/>\n<meta property=\"og:url\" content=\"https:\/\/www.stinesofiesstiftelse.no\/stine-sofie-senteret\/for-fosterhjemsfamilier\/\" \/>\n<meta property=\"og:site_name\" content=\"Stine Sofies Stiftelse\" \/>\n<meta property=\"article:publisher\" content=\"https:\/\/www.facebook.com\/StineSofiesStiftelse\/\" \/>\n<meta property=\"article:modified_time\" content=\"2025-01-24T12:02:11+00:00\" \/>\n<meta property=\"og:image\" content=\"https:\/\/d1713zmupob0gt.cloudfront.net\/wp-content\/uploads\/2023\/06\/20095431\/andrew-seaman-ey5zZOkYL0Q-unsplash-scaled.jpg\" \/>\n\t<meta property=\"og:image:width\" content=\"2560\" \/>\n\t<meta property=\"og:image:height\" content=\"2560\" \/>\n\t<meta property=\"og:image:type\" content=\"image\/jpeg\" \/>\n<meta name=\"twitter:card\" content=\"summary_large_image\" \/>\n<meta name=\"twitter:label1\" content=\"Szacowany czas czytania\" \/>\n\t<meta name=\"twitter:data1\" content=\"5 minut\" \/>\n<script type=\"application\/ld+json\" class=\"yoast-schema-graph\">{\"@context\":\"https:\\\/\\\/schema.org\",\"@graph\":[{\"@type\":\"WebPage\",\"@id\":\"https:\\\/\\\/www.stinesofiesstiftelse.no\\\/stine-sofie-senteret\\\/for-fosterhjemsfamilier\\\/\",\"url\":\"https:\\\/\\\/www.stinesofiesstiftelse.no\\\/stine-sofie-senteret\\\/for-fosterhjemsfamilier\\\/\",\"name\":\"For fosterhjem - Stine Sofies Stiftelse\",\"isPartOf\":{\"@id\":\"https:\\\/\\\/www.stinesofiesstiftelse.no\\\/#website\"},\"primaryImageOfPage\":{\"@id\":\"https:\\\/\\\/www.stinesofiesstiftelse.no\\\/stine-sofie-senteret\\\/for-fosterhjemsfamilier\\\/#primaryimage\"},\"image\":{\"@id\":\"https:\\\/\\\/www.stinesofiesstiftelse.no\\\/stine-sofie-senteret\\\/for-fosterhjemsfamilier\\\/#primaryimage\"},\"thumbnailUrl\":\"https:\\\/\\\/d1713zmupob0gt.cloudfront.net\\\/wp-content\\\/uploads\\\/2023\\\/06\\\/20095431\\\/andrew-seaman-ey5zZOkYL0Q-unsplash-scaled.jpg\",\"datePublished\":\"2024-08-27T08:26:33+00:00\",\"dateModified\":\"2025-01-24T12:02:11+00:00\",\"breadcrumb\":{\"@id\":\"https:\\\/\\\/www.stinesofiesstiftelse.no\\\/stine-sofie-senteret\\\/for-fosterhjemsfamilier\\\/#breadcrumb\"},\"inLanguage\":\"pl-PL\",\"potentialAction\":[{\"@type\":\"ReadAction\",\"target\":[\"https:\\\/\\\/www.stinesofiesstiftelse.no\\\/stine-sofie-senteret\\\/for-fosterhjemsfamilier\\\/\"]}]},{\"@type\":\"ImageObject\",\"inLanguage\":\"pl-PL\",\"@id\":\"https:\\\/\\\/www.stinesofiesstiftelse.no\\\/stine-sofie-senteret\\\/for-fosterhjemsfamilier\\\/#primaryimage\",\"url\":\"https:\\\/\\\/d1713zmupob0gt.cloudfront.net\\\/wp-content\\\/uploads\\\/2023\\\/06\\\/20095431\\\/andrew-seaman-ey5zZOkYL0Q-unsplash-scaled.jpg\",\"contentUrl\":\"https:\\\/\\\/d1713zmupob0gt.cloudfront.net\\\/wp-content\\\/uploads\\\/2023\\\/06\\\/20095431\\\/andrew-seaman-ey5zZOkYL0Q-unsplash-scaled.jpg\",\"width\":2560,\"height\":2560},{\"@type\":\"BreadcrumbList\",\"@id\":\"https:\\\/\\\/www.stinesofiesstiftelse.no\\\/stine-sofie-senteret\\\/for-fosterhjemsfamilier\\\/#breadcrumb\",\"itemListElement\":[{\"@type\":\"ListItem\",\"position\":1,\"name\":\"Hjem\",\"item\":\"https:\\\/\\\/www.stinesofiesstiftelse.no\\\/\"},{\"@type\":\"ListItem\",\"position\":2,\"name\":\"Stine Sofie Senteret\",\"item\":\"https:\\\/\\\/www.stinesofiesstiftelse.no\\\/stine-sofie-senteret\\\/\"},{\"@type\":\"ListItem\",\"position\":3,\"name\":\"For fosterhjem\"}]},{\"@type\":\"WebSite\",\"@id\":\"https:\\\/\\\/www.stinesofiesstiftelse.no\\\/#website\",\"url\":\"https:\\\/\\\/www.stinesofiesstiftelse.no\\\/\",\"name\":\"Stine Sofies Stiftelse\",\"description\":\"\",\"publisher\":{\"@id\":\"https:\\\/\\\/www.stinesofiesstiftelse.no\\\/#organization\"},\"potentialAction\":[{\"@type\":\"SearchAction\",\"target\":{\"@type\":\"EntryPoint\",\"urlTemplate\":\"https:\\\/\\\/www.stinesofiesstiftelse.no\\\/?s={search_term_string}\"},\"query-input\":{\"@type\":\"PropertyValueSpecification\",\"valueRequired\":true,\"valueName\":\"search_term_string\"}}],\"inLanguage\":\"pl-PL\"},{\"@type\":\"Organization\",\"@id\":\"https:\\\/\\\/www.stinesofiesstiftelse.no\\\/#organization\",\"name\":\"Stine Sofies Stiftelse\",\"url\":\"https:\\\/\\\/www.stinesofiesstiftelse.no\\\/\",\"logo\":{\"@type\":\"ImageObject\",\"inLanguage\":\"pl-PL\",\"@id\":\"https:\\\/\\\/www.stinesofiesstiftelse.no\\\/#\\\/schema\\\/logo\\\/image\\\/\",\"url\":\"https:\\\/\\\/d1713zmupob0gt.cloudfront.net\\\/wp-content\\\/uploads\\\/2024\\\/10\\\/19093628\\\/cropped-Stine_sofies_stiftelse_logosymbol.png\",\"contentUrl\":\"https:\\\/\\\/d1713zmupob0gt.cloudfront.net\\\/wp-content\\\/uploads\\\/2024\\\/10\\\/19093628\\\/cropped-Stine_sofies_stiftelse_logosymbol.png\",\"width\":512,\"height\":512,\"caption\":\"Stine Sofies Stiftelse\"},\"image\":{\"@id\":\"https:\\\/\\\/www.stinesofiesstiftelse.no\\\/#\\\/schema\\\/logo\\\/image\\\/\"},\"sameAs\":[\"https:\\\/\\\/www.facebook.com\\\/StineSofiesStiftelse\\\/\"]}]}<\/script>\n<!-- \/ Yoast SEO plugin. -->","yoast_head_json":{"title":"For fosterhjem - Stine Sofies Stiftelse","robots":{"index":"index","follow":"follow","max-snippet":"max-snippet:-1","max-image-preview":"max-image-preview:large","max-video-preview":"max-video-preview:-1"},"canonical":"https:\/\/www.stinesofiesstiftelse.no\/stine-sofie-senteret\/for-fosterhjemsfamilier\/","og_locale":"pl_PL","og_type":"article","og_title":"For fosterhjem - Stine Sofies Stiftelse","og_description":"Stine Sofie Senteret er et tilbud til barn og unge som har v\u00e6rt utsatt for vold i n\u00e6re relasjoner, omsorgssvikt [&hellip;]","og_url":"https:\/\/www.stinesofiesstiftelse.no\/stine-sofie-senteret\/for-fosterhjemsfamilier\/","og_site_name":"Stine Sofies Stiftelse","article_publisher":"https:\/\/www.facebook.com\/StineSofiesStiftelse\/","article_modified_time":"2025-01-24T12:02:11+00:00","og_image":[{"width":2560,"height":2560,"url":"https:\/\/d1713zmupob0gt.cloudfront.net\/wp-content\/uploads\/2023\/06\/20095431\/andrew-seaman-ey5zZOkYL0Q-unsplash-scaled.jpg","type":"image\/jpeg"}],"twitter_card":"summary_large_image","twitter_misc":{"Szacowany czas czytania":"5 minut"},"schema":{"@context":"https:\/\/schema.org","@graph":[{"@type":"WebPage","@id":"https:\/\/www.stinesofiesstiftelse.no\/stine-sofie-senteret\/for-fosterhjemsfamilier\/","url":"https:\/\/www.stinesofiesstiftelse.no\/stine-sofie-senteret\/for-fosterhjemsfamilier\/","name":"For fosterhjem - Stine Sofies Stiftelse","isPartOf":{"@id":"https:\/\/www.stinesofiesstiftelse.no\/#website"},"primaryImageOfPage":{"@id":"https:\/\/www.stinesofiesstiftelse.no\/stine-sofie-senteret\/for-fosterhjemsfamilier\/#primaryimage"},"image":{"@id":"https:\/\/www.stinesofiesstiftelse.no\/stine-sofie-senteret\/for-fosterhjemsfamilier\/#primaryimage"},"thumbnailUrl":"https:\/\/d1713zmupob0gt.cloudfront.net\/wp-content\/uploads\/2023\/06\/20095431\/andrew-seaman-ey5zZOkYL0Q-unsplash-scaled.jpg","datePublished":"2024-08-27T08:26:33+00:00","dateModified":"2025-01-24T12:02:11+00:00","breadcrumb":{"@id":"https:\/\/www.stinesofiesstiftelse.no\/stine-sofie-senteret\/for-fosterhjemsfamilier\/#breadcrumb"},"inLanguage":"pl-PL","potentialAction":[{"@type":"ReadAction","target":["https:\/\/www.stinesofiesstiftelse.no\/stine-sofie-senteret\/for-fosterhjemsfamilier\/"]}]},{"@type":"ImageObject","inLanguage":"pl-PL","@id":"https:\/\/www.stinesofiesstiftelse.no\/stine-sofie-senteret\/for-fosterhjemsfamilier\/#primaryimage","url":"https:\/\/d1713zmupob0gt.cloudfront.net\/wp-content\/uploads\/2023\/06\/20095431\/andrew-seaman-ey5zZOkYL0Q-unsplash-scaled.jpg","contentUrl":"https:\/\/d1713zmupob0gt.cloudfront.net\/wp-content\/uploads\/2023\/06\/20095431\/andrew-seaman-ey5zZOkYL0Q-unsplash-scaled.jpg","width":2560,"height":2560},{"@type":"BreadcrumbList","@id":"https:\/\/www.stinesofiesstiftelse.no\/stine-sofie-senteret\/for-fosterhjemsfamilier\/#breadcrumb","itemListElement":[{"@type":"ListItem","position":1,"name":"Hjem","item":"https:\/\/www.stinesofiesstiftelse.no\/"},{"@type":"ListItem","position":2,"name":"Stine Sofie Senteret","item":"https:\/\/www.stinesofiesstiftelse.no\/stine-sofie-senteret\/"},{"@type":"ListItem","position":3,"name":"For fosterhjem"}]},{"@type":"WebSite","@id":"https:\/\/www.stinesofiesstiftelse.no\/#website","url":"https:\/\/www.stinesofiesstiftelse.no\/","name":"Stine Sofies Stiftelse","description":"","publisher":{"@id":"https:\/\/www.stinesofiesstiftelse.no\/#organization"},"potentialAction":[{"@type":"SearchAction","target":{"@type":"EntryPoint","urlTemplate":"https:\/\/www.stinesofiesstiftelse.no\/?s={search_term_string}"},"query-input":{"@type":"PropertyValueSpecification","valueRequired":true,"valueName":"search_term_string"}}],"inLanguage":"pl-PL"},{"@type":"Organization","@id":"https:\/\/www.stinesofiesstiftelse.no\/#organization","name":"Stine Sofies Stiftelse","url":"https:\/\/www.stinesofiesstiftelse.no\/","logo":{"@type":"ImageObject","inLanguage":"pl-PL","@id":"https:\/\/www.stinesofiesstiftelse.no\/#\/schema\/logo\/image\/","url":"https:\/\/d1713zmupob0gt.cloudfront.net\/wp-content\/uploads\/2024\/10\/19093628\/cropped-Stine_sofies_stiftelse_logosymbol.png","contentUrl":"https:\/\/d1713zmupob0gt.cloudfront.net\/wp-content\/uploads\/2024\/10\/19093628\/cropped-Stine_sofies_stiftelse_logosymbol.png","width":512,"height":512,"caption":"Stine Sofies Stiftelse"},"image":{"@id":"https:\/\/www.stinesofiesstiftelse.no\/#\/schema\/logo\/image\/"},"sameAs":["https:\/\/www.facebook.com\/StineSofiesStiftelse\/"]}]}},"mfb_rest_fields":["title","yoast_head","yoast_head_json"],"_links":{"self":[{"href":"https:\/\/www.stinesofiesstiftelse.no\/pl\/wp-json\/wp\/v2\/pages\/8539","targetHints":{"allow":["GET"]}}],"collection":[{"href":"https:\/\/www.stinesofiesstiftelse.no\/pl\/wp-json\/wp\/v2\/pages"}],"about":[{"href":"https:\/\/www.stinesofiesstiftelse.no\/pl\/wp-json\/wp\/v2\/types\/page"}],"author":[{"embeddable":true,"href":"https:\/\/www.stinesofiesstiftelse.no\/pl\/wp-json\/wp\/v2\/users\/5"}],"replies":[{"embeddable":true,"href":"https:\/\/www.stinesofiesstiftelse.no\/pl\/wp-json\/wp\/v2\/comments?post=8539"}],"version-history":[{"count":2,"href":"https:\/\/www.stinesofiesstiftelse.no\/pl\/wp-json\/wp\/v2\/pages\/8539\/revisions"}],"predecessor-version":[{"id":8839,"href":"https:\/\/www.stinesofiesstiftelse.no\/pl\/wp-json\/wp\/v2\/pages\/8539\/revisions\/8839"}],"up":[{"embeddable":true,"href":"https:\/\/www.stinesofiesstiftelse.no\/pl\/wp-json\/wp\/v2\/pages\/3328"}],"wp:featuredmedia":[{"embeddable":true,"href":"https:\/\/www.stinesofiesstiftelse.no\/pl\/wp-json\/wp\/v2\/media\/751"}],"wp:attachment":[{"href":"https:\/\/www.stinesofiesstiftelse.no\/pl\/wp-json\/wp\/v2\/media?parent=8539"}],"curies":[{"name":"wp","href":"https:\/\/api.w.org\/{rel}","templated":true}]}}