{"id":7950,"date":"2024-05-02T14:29:55","date_gmt":"2024-05-02T12:29:55","guid":{"rendered":"https:\/\/www.stinesofiesstiftelse.no\/?page_id=7950"},"modified":"2024-05-02T14:40:25","modified_gmt":"2024-05-02T12:40:25","slug":"cookies","status":"publish","type":"page","link":"https:\/\/www.stinesofiesstiftelse.no\/pl\/cookies\/","title":{"rendered":"Informasjonskapsler (cookies)"},"content":{"rendered":"\n<div class=\"wp-block-group alignwide sss-content-header has-global-padding is-layout-constrained wp-block-group-is-layout-constrained\" style=\"margin-top:0;margin-bottom:0\">\n<div class=\"wp-block-group is-layout-flow wp-block-group-is-layout-flow\" style=\"padding-top:4vw;padding-bottom:3vw\"><div class=\"yoast-breadcrumbs\"><span><span><a href=\"https:\/\/www.stinesofiesstiftelse.no\/\">Hjem<\/a><\/span> \u2013 <span class=\"breadcrumb_last\" aria-current=\"page\">Informasjonskapsler (cookies)<\/span><\/span><\/div>\n\n<h1 class=\"is-style-has-blob wp-block-post-title has-text-color has-primary-color\">Informasjonskapsler (cookies)<\/h1>\n\n\n<p style=\"padding-right:0;padding-left:0\">Her f\u00f8lger informasjon om cookies p\u00e5 v\u00e5r nettside.<br>Se ogs\u00e5 avsnitt 11 i v\u00e5r <a href=\"https:\/\/www.stinesofiesstiftelse.no\/personvernerklaering\/\">personvernerkl\u00e6ring<\/a>.<\/p>\n<\/div>\n\n\n\n<p><\/p>\n\n\n<script id=\"CookiePolicy\" src=\"https:\/\/policy.app.cookieinformation.com\/cid.js\" data-culture=\"pl\" type=\"text\/javascript\"><\/script>\n<\/div>\n\n\n\n<div class=\"wp-block-group alignwide has-global-padding is-layout-constrained wp-block-group-is-layout-constrained\"><div id=\"cicc-template\"><\/div>\n<\/div>\n","protected":false},"excerpt":{"rendered":"<p>Her f\u00f8lger informasjon om cookies p\u00e5 v\u00e5r nettside.Se ogs\u00e5 avsnitt 11 i v\u00e5r personvernerkl\u00e6ring.<\/p>\n","protected":false},"author":1,"featured_media":0,"parent":0,"menu_order":0,"comment_status":"closed","ping_status":"closed","template":"","meta":{"_acf_changed":false,"inline_featured_image":false,"footnotes":""},"class_list":["post-7950","page","type-page","status-publish","hentry"],"acf":[],"mb":[],"yoast_head":"<!-- This site is optimized with the Yoast SEO plugin v27.3 - https:\/\/yoast.com\/product\/yoast-seo-wordpress\/ -->\n<title>Informasjonskapsler (cookies) - Stine Sofies Stiftelse<\/title>\n<meta name=\"robots\" content=\"index, follow, max-snippet:-1, max-image-preview:large, max-video-preview:-1\" \/>\n<link rel=\"canonical\" href=\"https:\/\/www.stinesofiesstiftelse.no\/cookies\/\" \/>\n<meta property=\"og:locale\" content=\"pl_PL\" \/>\n<meta property=\"og:type\" content=\"article\" \/>\n<meta property=\"og:title\" content=\"Informasjonskapsler (cookies) - Stine Sofies Stiftelse\" \/>\n<meta property=\"og:description\" content=\"Her f\u00f8lger informasjon om cookies p\u00e5 v\u00e5r nettside.Se ogs\u00e5 avsnitt 11 i v\u00e5r personvernerkl\u00e6ring.\" \/>\n<meta property=\"og:url\" content=\"https:\/\/www.stinesofiesstiftelse.no\/cookies\/\" \/>\n<meta property=\"og:site_name\" content=\"Stine Sofies Stiftelse\" \/>\n<meta property=\"article:publisher\" content=\"https:\/\/www.facebook.com\/StineSofiesStiftelse\/\" \/>\n<meta property=\"article:modified_time\" content=\"2024-05-02T12:40:25+00:00\" \/>\n<meta name=\"twitter:card\" content=\"summary_large_image\" \/>\n<meta name=\"twitter:label1\" content=\"Szacowany czas czytania\" \/>\n\t<meta name=\"twitter:data1\" content=\"1 minuta\" \/>\n<script type=\"application\/ld+json\" class=\"yoast-schema-graph\">{\"@context\":\"https:\\\/\\\/schema.org\",\"@graph\":[{\"@type\":\"WebPage\",\"@id\":\"https:\\\/\\\/www.stinesofiesstiftelse.no\\\/cookies\\\/\",\"url\":\"https:\\\/\\\/www.stinesofiesstiftelse.no\\\/cookies\\\/\",\"name\":\"Informasjonskapsler (cookies) - Stine Sofies Stiftelse\",\"isPartOf\":{\"@id\":\"https:\\\/\\\/www.stinesofiesstiftelse.no\\\/#website\"},\"datePublished\":\"2024-05-02T12:29:55+00:00\",\"dateModified\":\"2024-05-02T12:40:25+00:00\",\"breadcrumb\":{\"@id\":\"https:\\\/\\\/www.stinesofiesstiftelse.no\\\/cookies\\\/#breadcrumb\"},\"inLanguage\":\"pl-PL\",\"potentialAction\":[{\"@type\":\"ReadAction\",\"target\":[\"https:\\\/\\\/www.stinesofiesstiftelse.no\\\/cookies\\\/\"]}]},{\"@type\":\"BreadcrumbList\",\"@id\":\"https:\\\/\\\/www.stinesofiesstiftelse.no\\\/cookies\\\/#breadcrumb\",\"itemListElement\":[{\"@type\":\"ListItem\",\"position\":1,\"name\":\"Hjem\",\"item\":\"https:\\\/\\\/www.stinesofiesstiftelse.no\\\/\"},{\"@type\":\"ListItem\",\"position\":2,\"name\":\"Informasjonskapsler (cookies)\"}]},{\"@type\":\"WebSite\",\"@id\":\"https:\\\/\\\/www.stinesofiesstiftelse.no\\\/#website\",\"url\":\"https:\\\/\\\/www.stinesofiesstiftelse.no\\\/\",\"name\":\"Stine Sofies Stiftelse\",\"description\":\"\",\"publisher\":{\"@id\":\"https:\\\/\\\/www.stinesofiesstiftelse.no\\\/#organization\"},\"potentialAction\":[{\"@type\":\"SearchAction\",\"target\":{\"@type\":\"EntryPoint\",\"urlTemplate\":\"https:\\\/\\\/www.stinesofiesstiftelse.no\\\/?s={search_term_string}\"},\"query-input\":{\"@type\":\"PropertyValueSpecification\",\"valueRequired\":true,\"valueName\":\"search_term_string\"}}],\"inLanguage\":\"pl-PL\"},{\"@type\":\"Organization\",\"@id\":\"https:\\\/\\\/www.stinesofiesstiftelse.no\\\/#organization\",\"name\":\"Stine Sofies Stiftelse\",\"url\":\"https:\\\/\\\/www.stinesofiesstiftelse.no\\\/\",\"logo\":{\"@type\":\"ImageObject\",\"inLanguage\":\"pl-PL\",\"@id\":\"https:\\\/\\\/www.stinesofiesstiftelse.no\\\/#\\\/schema\\\/logo\\\/image\\\/\",\"url\":\"https:\\\/\\\/d1713zmupob0gt.cloudfront.net\\\/wp-content\\\/uploads\\\/2024\\\/10\\\/19093628\\\/cropped-Stine_sofies_stiftelse_logosymbol.png\",\"contentUrl\":\"https:\\\/\\\/d1713zmupob0gt.cloudfront.net\\\/wp-content\\\/uploads\\\/2024\\\/10\\\/19093628\\\/cropped-Stine_sofies_stiftelse_logosymbol.png\",\"width\":512,\"height\":512,\"caption\":\"Stine Sofies Stiftelse\"},\"image\":{\"@id\":\"https:\\\/\\\/www.stinesofiesstiftelse.no\\\/#\\\/schema\\\/logo\\\/image\\\/\"},\"sameAs\":[\"https:\\\/\\\/www.facebook.com\\\/StineSofiesStiftelse\\\/\"]}]}<\/script>\n<!-- \/ Yoast SEO plugin. -->","yoast_head_json":{"title":"Informasjonskapsler (cookies) - Stine Sofies Stiftelse","robots":{"index":"index","follow":"follow","max-snippet":"max-snippet:-1","max-image-preview":"max-image-preview:large","max-video-preview":"max-video-preview:-1"},"canonical":"https:\/\/www.stinesofiesstiftelse.no\/cookies\/","og_locale":"pl_PL","og_type":"article","og_title":"Informasjonskapsler (cookies) - Stine Sofies Stiftelse","og_description":"Her f\u00f8lger informasjon om cookies p\u00e5 v\u00e5r nettside.Se ogs\u00e5 avsnitt 11 i v\u00e5r personvernerkl\u00e6ring.","og_url":"https:\/\/www.stinesofiesstiftelse.no\/cookies\/","og_site_name":"Stine Sofies Stiftelse","article_publisher":"https:\/\/www.facebook.com\/StineSofiesStiftelse\/","article_modified_time":"2024-05-02T12:40:25+00:00","twitter_card":"summary_large_image","twitter_misc":{"Szacowany czas czytania":"1 minuta"},"schema":{"@context":"https:\/\/schema.org","@graph":[{"@type":"WebPage","@id":"https:\/\/www.stinesofiesstiftelse.no\/cookies\/","url":"https:\/\/www.stinesofiesstiftelse.no\/cookies\/","name":"Informasjonskapsler (cookies) - Stine Sofies Stiftelse","isPartOf":{"@id":"https:\/\/www.stinesofiesstiftelse.no\/#website"},"datePublished":"2024-05-02T12:29:55+00:00","dateModified":"2024-05-02T12:40:25+00:00","breadcrumb":{"@id":"https:\/\/www.stinesofiesstiftelse.no\/cookies\/#breadcrumb"},"inLanguage":"pl-PL","potentialAction":[{"@type":"ReadAction","target":["https:\/\/www.stinesofiesstiftelse.no\/cookies\/"]}]},{"@type":"BreadcrumbList","@id":"https:\/\/www.stinesofiesstiftelse.no\/cookies\/#breadcrumb","itemListElement":[{"@type":"ListItem","position":1,"name":"Hjem","item":"https:\/\/www.stinesofiesstiftelse.no\/"},{"@type":"ListItem","position":2,"name":"Informasjonskapsler (cookies)"}]},{"@type":"WebSite","@id":"https:\/\/www.stinesofiesstiftelse.no\/#website","url":"https:\/\/www.stinesofiesstiftelse.no\/","name":"Stine Sofies Stiftelse","description":"","publisher":{"@id":"https:\/\/www.stinesofiesstiftelse.no\/#organization"},"potentialAction":[{"@type":"SearchAction","target":{"@type":"EntryPoint","urlTemplate":"https:\/\/www.stinesofiesstiftelse.no\/?s={search_term_string}"},"query-input":{"@type":"PropertyValueSpecification","valueRequired":true,"valueName":"search_term_string"}}],"inLanguage":"pl-PL"},{"@type":"Organization","@id":"https:\/\/www.stinesofiesstiftelse.no\/#organization","name":"Stine Sofies Stiftelse","url":"https:\/\/www.stinesofiesstiftelse.no\/","logo":{"@type":"ImageObject","inLanguage":"pl-PL","@id":"https:\/\/www.stinesofiesstiftelse.no\/#\/schema\/logo\/image\/","url":"https:\/\/d1713zmupob0gt.cloudfront.net\/wp-content\/uploads\/2024\/10\/19093628\/cropped-Stine_sofies_stiftelse_logosymbol.png","contentUrl":"https:\/\/d1713zmupob0gt.cloudfront.net\/wp-content\/uploads\/2024\/10\/19093628\/cropped-Stine_sofies_stiftelse_logosymbol.png","width":512,"height":512,"caption":"Stine Sofies Stiftelse"},"image":{"@id":"https:\/\/www.stinesofiesstiftelse.no\/#\/schema\/logo\/image\/"},"sameAs":["https:\/\/www.facebook.com\/StineSofiesStiftelse\/"]}]}},"mfb_rest_fields":["title","yoast_head","yoast_head_json"],"_links":{"self":[{"href":"https:\/\/www.stinesofiesstiftelse.no\/pl\/wp-json\/wp\/v2\/pages\/7950","targetHints":{"allow":["GET"]}}],"collection":[{"href":"https:\/\/www.stinesofiesstiftelse.no\/pl\/wp-json\/wp\/v2\/pages"}],"about":[{"href":"https:\/\/www.stinesofiesstiftelse.no\/pl\/wp-json\/wp\/v2\/types\/page"}],"author":[{"embeddable":true,"href":"https:\/\/www.stinesofiesstiftelse.no\/pl\/wp-json\/wp\/v2\/users\/1"}],"replies":[{"embeddable":true,"href":"https:\/\/www.stinesofiesstiftelse.no\/pl\/wp-json\/wp\/v2\/comments?post=7950"}],"version-history":[{"count":3,"href":"https:\/\/www.stinesofiesstiftelse.no\/pl\/wp-json\/wp\/v2\/pages\/7950\/revisions"}],"predecessor-version":[{"id":7959,"href":"https:\/\/www.stinesofiesstiftelse.no\/pl\/wp-json\/wp\/v2\/pages\/7950\/revisions\/7959"}],"wp:attachment":[{"href":"https:\/\/www.stinesofiesstiftelse.no\/pl\/wp-json\/wp\/v2\/media?parent=7950"}],"curies":[{"name":"wp","href":"https:\/\/api.w.org\/{rel}","templated":true}]}}