{"id":6068,"date":"2024-02-22T14:35:01","date_gmt":"2024-02-22T13:35:01","guid":{"rendered":"https:\/\/www.stinesofiesstiftelse.no\/?page_id=6068"},"modified":"2026-02-03T12:09:02","modified_gmt":"2026-02-03T11:09:02","slug":"vare-veivisere","status":"publish","type":"page","link":"https:\/\/www.stinesofiesstiftelse.no\/pl\/stine-sofie-senteret\/oppholdet-pa-stine-sofie-senteret\/vare-veivisere\/","title":{"rendered":"V\u00e5re veivisere"},"content":{"rendered":"\n<div class=\"wp-block-group alignwide sss-content-header has-global-padding is-layout-constrained wp-block-group-is-layout-constrained\" style=\"margin-top:0;margin-bottom:0\">\n<div class=\"wp-block-group is-layout-flow wp-block-group-is-layout-flow\" style=\"padding-top:4vw;padding-bottom:3vw\"><div class=\"yoast-breadcrumbs\"><span><span><a href=\"https:\/\/www.stinesofiesstiftelse.no\/\">Hjem<\/a><\/span> \u2013 <span><a href=\"https:\/\/www.stinesofiesstiftelse.no\/stine-sofie-senteret\/\">Stine Sofie Senteret<\/a><\/span> \u2013 <span><a href=\"https:\/\/www.stinesofiesstiftelse.no\/stine-sofie-senteret\/oppholdet-pa-stine-sofie-senteret\/\">Oppholdet p\u00e5 Stine Sofie Senteret<\/a><\/span> \u2013 <span class=\"breadcrumb_last\" aria-current=\"page\">V\u00e5re veivisere<\/span><\/span><\/div>\n\n<h1 class=\"is-style-has-blob wp-block-post-title has-text-color has-primary-color\">V\u00e5re veivisere<\/h1>\n\n\n<p>Familier som kommer til oss skal bli m\u00f8tt, sett og f\u00e5 gode opplevelser. Derfor har vi laget fem veivisere som skal vise retning i alt v\u00e5rt arbeid. Skal vi v\u00e6re tro mot v\u00e5r visjon om at barn og familier skal skape nye fortellinger gjennom mestring, m\u00e5 vi ha en faglig tyngde og godt forankret teori. <\/p>\n<\/div>\n<\/div>\n\n\n\n<figure class=\"wp-block-image size-full\"><img loading=\"lazy\" decoding=\"async\" width=\"2560\" height=\"1536\" src=\"https:\/\/d1713zmupob0gt.cloudfront.net\/wp-content\/uploads\/2024\/02\/22143216\/SSS_emosjonell_klatrevegg-jente-scaled.jpg\" alt=\"\" class=\"wp-image-6070\" srcset=\"https:\/\/d1713zmupob0gt.cloudfront.net\/wp-content\/uploads\/2024\/02\/22143216\/SSS_emosjonell_klatrevegg-jente-scaled.jpg 2560w, https:\/\/d1713zmupob0gt.cloudfront.net\/wp-content\/uploads\/2024\/02\/22143216\/SSS_emosjonell_klatrevegg-jente-300x180.jpg 300w, https:\/\/d1713zmupob0gt.cloudfront.net\/wp-content\/uploads\/2024\/02\/22143216\/SSS_emosjonell_klatrevegg-jente-1024x614.jpg 1024w, https:\/\/d1713zmupob0gt.cloudfront.net\/wp-content\/uploads\/2024\/02\/22143216\/SSS_emosjonell_klatrevegg-jente-768x461.jpg 768w, https:\/\/d1713zmupob0gt.cloudfront.net\/wp-content\/uploads\/2024\/02\/22143216\/SSS_emosjonell_klatrevegg-jente-1536x921.jpg 1536w, https:\/\/d1713zmupob0gt.cloudfront.net\/wp-content\/uploads\/2024\/02\/22143216\/SSS_emosjonell_klatrevegg-jente-2048x1228.jpg 2048w\" sizes=\"auto, (max-width: 2560px) 100vw, 2560px\" \/><\/figure>\n\n\n\n<p>Veiviserne skal derfor v\u00e6re utgangspunktet for alle menneskem\u00f8ter p\u00e5 Stine Sofie Senteret. M\u00e5let er at familiene i trygge omgivelser f\u00e5r oppleve glede og ny kunnskap, og oppdager egen mestring som styrker deres ressurser.&nbsp;<\/p>\n\n\n\n<h2 class=\"wp-block-heading\">V\u00e5re veivisere er som f\u00f8lger:<\/h2>\n\n\n\n<ul class=\"wp-block-list\">\n<li>Styrken i fellesskapet<\/li>\n\n\n\n<li>Se kursdeltakerne i lys av hva de har opplevd<\/li>\n\n\n\n<li>Lekens betydning<\/li>\n\n\n\n<li>Skape nye fortellinger<\/li>\n\n\n\n<li>Opplevelser, trygghet og mestring<\/li>\n<\/ul>\n\n\n\n<p>Dette skal v\u00e6re utgangspunktet v\u00e5rt for all undervisning og alle aktiviteter som skjer p\u00e5 senteret. For at v\u00e5re deltakere skal v\u00e6re mottakelige for ny l\u00e6ring og erfaring, s\u00e5 m\u00e5 de oppleve \u00e5 v\u00e6re trygge. Vi har derfor stort fokus p\u00e5 trygghet her p\u00e5 Stine Sofie Senteret.&nbsp;<\/p>\n\n\n\n<h3 class=\"wp-block-heading\">Styrken i fellesskapet<\/h3>\n\n\n\n<p>Alle ansatte hos oss skal v\u00e6re gode rollemodeller for familier som kommer til oss. Vi har derfor stort fokus p\u00e5 \u00e5 skape et inkluderende, varmt og ivaretakende milj\u00f8. Vi heier p\u00e5 styrken i at vi er forskjellige. Senteret er en unik arena for m\u00f8ter mellom mennesker som har opplevd noe av det samme. I trygge og gode omgivelser skal vi legge til rette for et trygt fellesskap for familiene som kan gi nye, gode nettverk.<\/p>\n\n\n\n<h3 class=\"wp-block-heading\">Se kursdeltakerne i lys av hva de har opplevd<\/h3>\n\n\n\n<p>Vi skal forst\u00e5 alle kursdeltakere \u2013 barn, ungdommer og voksne \u2013 i lys av hva de har opplevd. V\u00e5re ansatte skal vise at de forst\u00e5r. Vi mener at det ikke finnes vanskelige barn, men barn som har det vanskelig. Ved \u00e5 gjenkjenne egne og andres f\u00f8lelser \u00f8nsker vi \u00e5 bidra til \u00f8kt voldsbevisst omsorg for alle barn og ungdommer som kommer til oss.<\/p>\n\n\n\n<h3 class=\"wp-block-heading\">Lekens betydning<\/h3>\n\n\n\n<p>Lek er sv\u00e6rt viktig for \u00e5 utvikle hele mennesket. V\u00e5re lekne ansatte skal legge til rette for at barn og voksne leker sammen. Vi oppfordrer voksne til \u00e5 leke p\u00e5 barns premisser og gi lek st\u00f8rre plass i hverdagen. P\u00e5 senteret skal barn f\u00e5 oppleve \u00e5 v\u00e6re barn.<\/p>\n\n\n\n<h3 class=\"wp-block-heading\">Skape nye fortellinger<\/h3>\n\n\n\n<p>Familier som kommer til oss, skal f\u00e5 hjelp til \u00e5 skape nye positive fortellinger. Vi tror p\u00e5 kraften i forandrings\u00f8yeblikk som gir h\u00e5p for fremtiden. Vi \u00f8nsker \u00e5 forst\u00e5 fortid, men fokuserer p\u00e5 \u00e5 v\u00e6re i \u00f8yeblikket for \u00e5 skape en god fremtid.<\/p>\n\n\n\n<h3 class=\"wp-block-heading\">Opplevelser, trygghet og mestring<\/h3>\n\n\n\n<p>Senteret legger til rette for gode menneskem\u00f8ter. I trygge relasjoner skaper vi rom for gode opplevelser som gir \u00f8kt mestringsf\u00f8lelse. Vi rommer det vanskelige, men fokuserer p\u00e5 legge til rette for gode opplevelser. Vi skal vise og spre glede.<\/p>\n","protected":false},"excerpt":{"rendered":"<p>Familier som kommer til oss skal bli m\u00f8tt, sett og f\u00e5 gode opplevelser. Derfor har vi laget fem veivisere som [&hellip;]<\/p>\n","protected":false},"author":5,"featured_media":6070,"parent":3333,"menu_order":0,"comment_status":"closed","ping_status":"closed","template":"","meta":{"_acf_changed":false,"inline_featured_image":false,"footnotes":""},"class_list":["post-6068","page","type-page","status-publish","has-post-thumbnail","hentry"],"acf":[],"mb":[],"yoast_head":"<!-- This site is optimized with the Yoast SEO plugin v27.3 - https:\/\/yoast.com\/product\/yoast-seo-wordpress\/ -->\n<title>V\u00e5re veivisere - Stine Sofies Stiftelse<\/title>\n<meta name=\"robots\" content=\"index, follow, max-snippet:-1, max-image-preview:large, max-video-preview:-1\" \/>\n<link rel=\"canonical\" href=\"https:\/\/www.stinesofiesstiftelse.no\/stine-sofie-senteret\/oppholdet-pa-stine-sofie-senteret\/vare-veivisere\/\" \/>\n<meta property=\"og:locale\" content=\"pl_PL\" \/>\n<meta property=\"og:type\" content=\"article\" \/>\n<meta property=\"og:title\" content=\"V\u00e5re veivisere - Stine Sofies Stiftelse\" \/>\n<meta property=\"og:description\" content=\"Familier som kommer til oss skal bli m\u00f8tt, sett og f\u00e5 gode opplevelser. Derfor har vi laget fem veivisere som [&hellip;]\" \/>\n<meta property=\"og:url\" content=\"https:\/\/www.stinesofiesstiftelse.no\/stine-sofie-senteret\/oppholdet-pa-stine-sofie-senteret\/vare-veivisere\/\" \/>\n<meta property=\"og:site_name\" content=\"Stine Sofies Stiftelse\" \/>\n<meta property=\"article:publisher\" content=\"https:\/\/www.facebook.com\/StineSofiesStiftelse\/\" \/>\n<meta property=\"article:modified_time\" content=\"2026-02-03T11:09:02+00:00\" \/>\n<meta property=\"og:image\" content=\"https:\/\/d1713zmupob0gt.cloudfront.net\/wp-content\/uploads\/2024\/02\/22143216\/SSS_emosjonell_klatrevegg-jente-scaled.jpg\" \/>\n\t<meta property=\"og:image:width\" content=\"2560\" \/>\n\t<meta property=\"og:image:height\" content=\"1536\" \/>\n\t<meta property=\"og:image:type\" content=\"image\/jpeg\" \/>\n<meta name=\"twitter:card\" content=\"summary_large_image\" \/>\n<meta name=\"twitter:label1\" content=\"Szacowany czas czytania\" \/>\n\t<meta name=\"twitter:data1\" content=\"3 minuty\" \/>\n<script type=\"application\/ld+json\" class=\"yoast-schema-graph\">{\"@context\":\"https:\\\/\\\/schema.org\",\"@graph\":[{\"@type\":\"WebPage\",\"@id\":\"https:\\\/\\\/www.stinesofiesstiftelse.no\\\/stine-sofie-senteret\\\/oppholdet-pa-stine-sofie-senteret\\\/vare-veivisere\\\/\",\"url\":\"https:\\\/\\\/www.stinesofiesstiftelse.no\\\/stine-sofie-senteret\\\/oppholdet-pa-stine-sofie-senteret\\\/vare-veivisere\\\/\",\"name\":\"V\u00e5re veivisere - Stine Sofies Stiftelse\",\"isPartOf\":{\"@id\":\"https:\\\/\\\/www.stinesofiesstiftelse.no\\\/#website\"},\"primaryImageOfPage\":{\"@id\":\"https:\\\/\\\/www.stinesofiesstiftelse.no\\\/stine-sofie-senteret\\\/oppholdet-pa-stine-sofie-senteret\\\/vare-veivisere\\\/#primaryimage\"},\"image\":{\"@id\":\"https:\\\/\\\/www.stinesofiesstiftelse.no\\\/stine-sofie-senteret\\\/oppholdet-pa-stine-sofie-senteret\\\/vare-veivisere\\\/#primaryimage\"},\"thumbnailUrl\":\"https:\\\/\\\/d1713zmupob0gt.cloudfront.net\\\/wp-content\\\/uploads\\\/2024\\\/02\\\/22143216\\\/SSS_emosjonell_klatrevegg-jente-scaled.jpg\",\"datePublished\":\"2024-02-22T13:35:01+00:00\",\"dateModified\":\"2026-02-03T11:09:02+00:00\",\"breadcrumb\":{\"@id\":\"https:\\\/\\\/www.stinesofiesstiftelse.no\\\/stine-sofie-senteret\\\/oppholdet-pa-stine-sofie-senteret\\\/vare-veivisere\\\/#breadcrumb\"},\"inLanguage\":\"pl-PL\",\"potentialAction\":[{\"@type\":\"ReadAction\",\"target\":[\"https:\\\/\\\/www.stinesofiesstiftelse.no\\\/stine-sofie-senteret\\\/oppholdet-pa-stine-sofie-senteret\\\/vare-veivisere\\\/\"]}]},{\"@type\":\"ImageObject\",\"inLanguage\":\"pl-PL\",\"@id\":\"https:\\\/\\\/www.stinesofiesstiftelse.no\\\/stine-sofie-senteret\\\/oppholdet-pa-stine-sofie-senteret\\\/vare-veivisere\\\/#primaryimage\",\"url\":\"https:\\\/\\\/d1713zmupob0gt.cloudfront.net\\\/wp-content\\\/uploads\\\/2024\\\/02\\\/22143216\\\/SSS_emosjonell_klatrevegg-jente-scaled.jpg\",\"contentUrl\":\"https:\\\/\\\/d1713zmupob0gt.cloudfront.net\\\/wp-content\\\/uploads\\\/2024\\\/02\\\/22143216\\\/SSS_emosjonell_klatrevegg-jente-scaled.jpg\",\"width\":2560,\"height\":1536},{\"@type\":\"BreadcrumbList\",\"@id\":\"https:\\\/\\\/www.stinesofiesstiftelse.no\\\/stine-sofie-senteret\\\/oppholdet-pa-stine-sofie-senteret\\\/vare-veivisere\\\/#breadcrumb\",\"itemListElement\":[{\"@type\":\"ListItem\",\"position\":1,\"name\":\"Hjem\",\"item\":\"https:\\\/\\\/www.stinesofiesstiftelse.no\\\/\"},{\"@type\":\"ListItem\",\"position\":2,\"name\":\"Stine Sofie Senteret\",\"item\":\"https:\\\/\\\/www.stinesofiesstiftelse.no\\\/stine-sofie-senteret\\\/\"},{\"@type\":\"ListItem\",\"position\":3,\"name\":\"Oppholdet p\u00e5 Stine Sofie Senteret\",\"item\":\"https:\\\/\\\/www.stinesofiesstiftelse.no\\\/stine-sofie-senteret\\\/oppholdet-pa-stine-sofie-senteret\\\/\"},{\"@type\":\"ListItem\",\"position\":4,\"name\":\"V\u00e5re veivisere\"}]},{\"@type\":\"WebSite\",\"@id\":\"https:\\\/\\\/www.stinesofiesstiftelse.no\\\/#website\",\"url\":\"https:\\\/\\\/www.stinesofiesstiftelse.no\\\/\",\"name\":\"Stine Sofies Stiftelse\",\"description\":\"\",\"publisher\":{\"@id\":\"https:\\\/\\\/www.stinesofiesstiftelse.no\\\/#organization\"},\"potentialAction\":[{\"@type\":\"SearchAction\",\"target\":{\"@type\":\"EntryPoint\",\"urlTemplate\":\"https:\\\/\\\/www.stinesofiesstiftelse.no\\\/?s={search_term_string}\"},\"query-input\":{\"@type\":\"PropertyValueSpecification\",\"valueRequired\":true,\"valueName\":\"search_term_string\"}}],\"inLanguage\":\"pl-PL\"},{\"@type\":\"Organization\",\"@id\":\"https:\\\/\\\/www.stinesofiesstiftelse.no\\\/#organization\",\"name\":\"Stine Sofies Stiftelse\",\"url\":\"https:\\\/\\\/www.stinesofiesstiftelse.no\\\/\",\"logo\":{\"@type\":\"ImageObject\",\"inLanguage\":\"pl-PL\",\"@id\":\"https:\\\/\\\/www.stinesofiesstiftelse.no\\\/#\\\/schema\\\/logo\\\/image\\\/\",\"url\":\"https:\\\/\\\/d1713zmupob0gt.cloudfront.net\\\/wp-content\\\/uploads\\\/2024\\\/10\\\/19093628\\\/cropped-Stine_sofies_stiftelse_logosymbol.png\",\"contentUrl\":\"https:\\\/\\\/d1713zmupob0gt.cloudfront.net\\\/wp-content\\\/uploads\\\/2024\\\/10\\\/19093628\\\/cropped-Stine_sofies_stiftelse_logosymbol.png\",\"width\":512,\"height\":512,\"caption\":\"Stine Sofies Stiftelse\"},\"image\":{\"@id\":\"https:\\\/\\\/www.stinesofiesstiftelse.no\\\/#\\\/schema\\\/logo\\\/image\\\/\"},\"sameAs\":[\"https:\\\/\\\/www.facebook.com\\\/StineSofiesStiftelse\\\/\"]}]}<\/script>\n<!-- \/ Yoast SEO plugin. -->","yoast_head_json":{"title":"V\u00e5re veivisere - Stine Sofies Stiftelse","robots":{"index":"index","follow":"follow","max-snippet":"max-snippet:-1","max-image-preview":"max-image-preview:large","max-video-preview":"max-video-preview:-1"},"canonical":"https:\/\/www.stinesofiesstiftelse.no\/stine-sofie-senteret\/oppholdet-pa-stine-sofie-senteret\/vare-veivisere\/","og_locale":"pl_PL","og_type":"article","og_title":"V\u00e5re veivisere - Stine Sofies Stiftelse","og_description":"Familier som kommer til oss skal bli m\u00f8tt, sett og f\u00e5 gode opplevelser. Derfor har vi laget fem veivisere som [&hellip;]","og_url":"https:\/\/www.stinesofiesstiftelse.no\/stine-sofie-senteret\/oppholdet-pa-stine-sofie-senteret\/vare-veivisere\/","og_site_name":"Stine Sofies Stiftelse","article_publisher":"https:\/\/www.facebook.com\/StineSofiesStiftelse\/","article_modified_time":"2026-02-03T11:09:02+00:00","og_image":[{"width":2560,"height":1536,"url":"https:\/\/d1713zmupob0gt.cloudfront.net\/wp-content\/uploads\/2024\/02\/22143216\/SSS_emosjonell_klatrevegg-jente-scaled.jpg","type":"image\/jpeg"}],"twitter_card":"summary_large_image","twitter_misc":{"Szacowany czas czytania":"3 minuty"},"schema":{"@context":"https:\/\/schema.org","@graph":[{"@type":"WebPage","@id":"https:\/\/www.stinesofiesstiftelse.no\/stine-sofie-senteret\/oppholdet-pa-stine-sofie-senteret\/vare-veivisere\/","url":"https:\/\/www.stinesofiesstiftelse.no\/stine-sofie-senteret\/oppholdet-pa-stine-sofie-senteret\/vare-veivisere\/","name":"V\u00e5re veivisere - Stine Sofies Stiftelse","isPartOf":{"@id":"https:\/\/www.stinesofiesstiftelse.no\/#website"},"primaryImageOfPage":{"@id":"https:\/\/www.stinesofiesstiftelse.no\/stine-sofie-senteret\/oppholdet-pa-stine-sofie-senteret\/vare-veivisere\/#primaryimage"},"image":{"@id":"https:\/\/www.stinesofiesstiftelse.no\/stine-sofie-senteret\/oppholdet-pa-stine-sofie-senteret\/vare-veivisere\/#primaryimage"},"thumbnailUrl":"https:\/\/d1713zmupob0gt.cloudfront.net\/wp-content\/uploads\/2024\/02\/22143216\/SSS_emosjonell_klatrevegg-jente-scaled.jpg","datePublished":"2024-02-22T13:35:01+00:00","dateModified":"2026-02-03T11:09:02+00:00","breadcrumb":{"@id":"https:\/\/www.stinesofiesstiftelse.no\/stine-sofie-senteret\/oppholdet-pa-stine-sofie-senteret\/vare-veivisere\/#breadcrumb"},"inLanguage":"pl-PL","potentialAction":[{"@type":"ReadAction","target":["https:\/\/www.stinesofiesstiftelse.no\/stine-sofie-senteret\/oppholdet-pa-stine-sofie-senteret\/vare-veivisere\/"]}]},{"@type":"ImageObject","inLanguage":"pl-PL","@id":"https:\/\/www.stinesofiesstiftelse.no\/stine-sofie-senteret\/oppholdet-pa-stine-sofie-senteret\/vare-veivisere\/#primaryimage","url":"https:\/\/d1713zmupob0gt.cloudfront.net\/wp-content\/uploads\/2024\/02\/22143216\/SSS_emosjonell_klatrevegg-jente-scaled.jpg","contentUrl":"https:\/\/d1713zmupob0gt.cloudfront.net\/wp-content\/uploads\/2024\/02\/22143216\/SSS_emosjonell_klatrevegg-jente-scaled.jpg","width":2560,"height":1536},{"@type":"BreadcrumbList","@id":"https:\/\/www.stinesofiesstiftelse.no\/stine-sofie-senteret\/oppholdet-pa-stine-sofie-senteret\/vare-veivisere\/#breadcrumb","itemListElement":[{"@type":"ListItem","position":1,"name":"Hjem","item":"https:\/\/www.stinesofiesstiftelse.no\/"},{"@type":"ListItem","position":2,"name":"Stine Sofie Senteret","item":"https:\/\/www.stinesofiesstiftelse.no\/stine-sofie-senteret\/"},{"@type":"ListItem","position":3,"name":"Oppholdet p\u00e5 Stine Sofie Senteret","item":"https:\/\/www.stinesofiesstiftelse.no\/stine-sofie-senteret\/oppholdet-pa-stine-sofie-senteret\/"},{"@type":"ListItem","position":4,"name":"V\u00e5re veivisere"}]},{"@type":"WebSite","@id":"https:\/\/www.stinesofiesstiftelse.no\/#website","url":"https:\/\/www.stinesofiesstiftelse.no\/","name":"Stine Sofies Stiftelse","description":"","publisher":{"@id":"https:\/\/www.stinesofiesstiftelse.no\/#organization"},"potentialAction":[{"@type":"SearchAction","target":{"@type":"EntryPoint","urlTemplate":"https:\/\/www.stinesofiesstiftelse.no\/?s={search_term_string}"},"query-input":{"@type":"PropertyValueSpecification","valueRequired":true,"valueName":"search_term_string"}}],"inLanguage":"pl-PL"},{"@type":"Organization","@id":"https:\/\/www.stinesofiesstiftelse.no\/#organization","name":"Stine Sofies Stiftelse","url":"https:\/\/www.stinesofiesstiftelse.no\/","logo":{"@type":"ImageObject","inLanguage":"pl-PL","@id":"https:\/\/www.stinesofiesstiftelse.no\/#\/schema\/logo\/image\/","url":"https:\/\/d1713zmupob0gt.cloudfront.net\/wp-content\/uploads\/2024\/10\/19093628\/cropped-Stine_sofies_stiftelse_logosymbol.png","contentUrl":"https:\/\/d1713zmupob0gt.cloudfront.net\/wp-content\/uploads\/2024\/10\/19093628\/cropped-Stine_sofies_stiftelse_logosymbol.png","width":512,"height":512,"caption":"Stine Sofies Stiftelse"},"image":{"@id":"https:\/\/www.stinesofiesstiftelse.no\/#\/schema\/logo\/image\/"},"sameAs":["https:\/\/www.facebook.com\/StineSofiesStiftelse\/"]}]}},"mfb_rest_fields":["title","yoast_head","yoast_head_json"],"_links":{"self":[{"href":"https:\/\/www.stinesofiesstiftelse.no\/pl\/wp-json\/wp\/v2\/pages\/6068","targetHints":{"allow":["GET"]}}],"collection":[{"href":"https:\/\/www.stinesofiesstiftelse.no\/pl\/wp-json\/wp\/v2\/pages"}],"about":[{"href":"https:\/\/www.stinesofiesstiftelse.no\/pl\/wp-json\/wp\/v2\/types\/page"}],"author":[{"embeddable":true,"href":"https:\/\/www.stinesofiesstiftelse.no\/pl\/wp-json\/wp\/v2\/users\/5"}],"replies":[{"embeddable":true,"href":"https:\/\/www.stinesofiesstiftelse.no\/pl\/wp-json\/wp\/v2\/comments?post=6068"}],"version-history":[{"count":2,"href":"https:\/\/www.stinesofiesstiftelse.no\/pl\/wp-json\/wp\/v2\/pages\/6068\/revisions"}],"predecessor-version":[{"id":13211,"href":"https:\/\/www.stinesofiesstiftelse.no\/pl\/wp-json\/wp\/v2\/pages\/6068\/revisions\/13211"}],"up":[{"embeddable":true,"href":"https:\/\/www.stinesofiesstiftelse.no\/pl\/wp-json\/wp\/v2\/pages\/3333"}],"wp:featuredmedia":[{"embeddable":true,"href":"https:\/\/www.stinesofiesstiftelse.no\/pl\/wp-json\/wp\/v2\/media\/6070"}],"wp:attachment":[{"href":"https:\/\/www.stinesofiesstiftelse.no\/pl\/wp-json\/wp\/v2\/media?parent=6068"}],"curies":[{"name":"wp","href":"https:\/\/api.w.org\/{rel}","templated":true}]}}