{"id":10429,"date":"2025-03-10T22:03:49","date_gmt":"2025-03-10T21:03:49","guid":{"rendered":"https:\/\/www.stinesofiesstiftelse.no\/?page_id=10429"},"modified":"2026-04-01T12:32:25","modified_gmt":"2026-04-01T10:32:25","slug":"borge-sivertsen-om-trippel-s-studien-etablere-en-helsekohort-for-barn-og-unge-utsatt-for-vold-og-overgrep","status":"publish","type":"page","link":"https:\/\/www.stinesofiesstiftelse.no\/pl\/trippel-s\/produserte-artikler\/etablering-av-en-helsekohort-for-barn-og-unge-utsatt-for-vold-ogovergrep\/borge-sivertsen-om-trippel-s-studien-etablere-en-helsekohort-for-barn-og-unge-utsatt-for-vold-og-overgrep\/","title":{"rendered":"\u2013 En helt unik unders\u00f8kelse p\u00e5 verdensbasis"},"content":{"rendered":"\n<div class=\"wp-block-group alignwide sss-content-header has-global-padding is-layout-constrained wp-block-group-is-layout-constrained\" style=\"margin-top:0;margin-bottom:0\">\n<div class=\"wp-block-group is-layout-flow wp-block-group-is-layout-flow\" style=\"padding-top:4vw;padding-bottom:3vw\"><div class=\"yoast-breadcrumbs\"><span><span><a href=\"https:\/\/www.stinesofiesstiftelse.no\/\">Hjem<\/a><\/span> \u2013 <span><a href=\"https:\/\/www.stinesofiesstiftelse.no\/trippel-s\/\">Trippel S<\/a><\/span> \u2013 <span><a href=\"https:\/\/www.stinesofiesstiftelse.no\/trippel-s\/produserte-artikler\/\">Publiserte artikler<\/a><\/span> \u2013 <span><a href=\"https:\/\/www.stinesofiesstiftelse.no\/trippel-s\/produserte-artikler\/etablering-av-en-helsekohort-for-barn-og-unge-utsatt-for-vold-ogovergrep\/\">Helsekohort for barn og unge utsatt for vold og overgrep<\/a><\/span> \u2013 <span class=\"breadcrumb_last\" aria-current=\"page\">\u2013 En helt unik unders\u00f8kelse p\u00e5 verdensbasis<\/span><\/span><\/div>\n\n<h1 class=\"is-style-has-blob wp-block-post-title has-text-color has-primary-color\">\u2013 En helt unik unders\u00f8kelse p\u00e5 verdensbasis<\/h1>\n\n\n<p class=\"is-style-leadtext\" style=\"padding-right:0;padding-left:0\"><br>Denne artikkelen beskriver bakgrunnen og metoden for opprettelsen av den norske Trippel-S-unders\u00f8kelsen, den unike helseunders\u00f8kelsen som skal f\u00f8lge barn og ungdom med erfaringer fra vold og overgrep over tid. <\/p>\n\n\n\n<p class=\"is-style-leadtext\" style=\"padding-right:0;padding-left:0\">Prosjektleder for studien, B\u00f8rge Sivertsen ved Folkehelseinstituttet, forteller at hovedm\u00e5let er \u00e5 gi ny og viktig kunnskap om de langsiktige konsekvensene av vold og overgrep, samt \u00e5 identifisere risikofaktorer og beskyttende faktorer.<\/p>\n\n\n\n<p class=\"is-style-default\" style=\"padding-right:0;padding-left:0\"><a href=\"https:\/\/bmcpublichealth.biomedcentral.com\/articles\/10.1186\/s12889-021-11125-9\">Les studien som er publisert i BMC Public Health her:<\/a><\/p>\n<\/div>\n<\/div>\n\n\n\n<p class=\"is-style-default\" style=\"padding-right:0;padding-left:0\"><strong>Hva er det viktigste m\u00e5let med Trippel-S-studien?<\/strong><\/p>\n\n\n\n<p class=\"is-style-default\" style=\"padding-right:0;padding-left:0\">&#8211; Det overordnede m\u00e5let er \u00e5 etablere en helsekohort av barn og unge utsatt for vold og overgrep, samt deres omsorgspersoner. Vi \u00f8nsker \u00e5 f\u00f8lge deltakerne i mange \u00e5r for \u00e5 f\u00e5 bedre innsikt i hvordan slike belastninger p\u00e5virker helse, utdanning, arbeidsliv og livskvalitet. Ved \u00e5 kombinere sp\u00f8rreskjemaer med registerdata p\u00e5 sikt, kan vi identifisere risikofaktorer og beskyttende faktorer \u2013 noe som er viktig for \u00e5 utvikle bedre hjelpetilbud.<\/p>\n\n\n\n<p><strong>Hva var bakgrunnen for \u00e5 starte denne studien?<\/strong><\/p>\n\n\n\n<p>&#8211; Dette er en s\u00e5rbar gruppe som ofte ikke deltar i v\u00e5re store befolkningsbaserte unders\u00f8kelser, og kunnskapshullene er derfor fortsatt store. Det er sv\u00e6rt uheldig, gitt de omfattende konsekvensene vi vet at vold og overgrep kan ha. Selv om forskning viser at vold og overgrep i barndommen er forbundet med d\u00e5rligere fysisk og psykisk helse, har det v\u00e6rt f\u00e5 store longitudinelle studier som systematisk f\u00f8lger disse barna over tid. Fordi vi \u00f8nsker \u00e5 f\u00f8lge deltakerne i mange \u00e5r, er dette en av sv\u00e6rt f\u00e5 studier av sitt slag p\u00e5 verdensbasis.<\/p>\n\n\n\n<p class=\"is-style-default\" style=\"padding-right:0;padding-left:0\"><strong>Hvordan rekrutteres deltakerne til studien?<\/strong><\/p>\n\n\n\n<p class=\"is-style-default\" style=\"padding-right:0;padding-left:0\">&#8211; Deltakerne rekrutteres fra opphold ved Stine Sofie Senteret. Barn og unge mellom 5 og 18 \u00e5r, samt deres omsorgspersoner, inviteres til \u00e5 delta i studien ved ankomst til senteret. De fyller ut sp\u00f8rreskjemaer ved oppholdets start og f\u00f8lges opp annethvert \u00e5r s\u00e5 lenge prosjektet varer. I tillegg har vi invitert tidligere deltakere til \u00e5 v\u00e6re med, siden denne unders\u00f8kelsen startet noen \u00e5r etter at tilbudet ved Stine Sofie Senteret ble etablert i 2017.<\/p>\n\n\n\n<p class=\"is-style-default\" style=\"padding-right:0;padding-left:0\"><strong>Hva slags data samler dere inn?<\/strong><\/p>\n\n\n\n<p class=\"is-style-default\" style=\"padding-right:0;padding-left:0\">&#8211; Vi benytter en multi-informant-tiln\u00e6rming, hvor vi samler inn data fra barna selv, deres omsorgspersoner og ulike registre p\u00e5 sikt. Vi kartlegger blant annet psykisk og fysisk helse, s\u00f8vn, skolefungering, rusbruk og sosiale relasjoner. Omsorgspersonene svarer ogs\u00e5 p\u00e5 sp\u00f8rsm\u00e5l om seg selv, noe som gir viktig informasjon om familiene<\/p>\n\n\n\n<p class=\"is-style-default\" style=\"padding-right:0;padding-left:0\"><strong>Hvilke registerdata kobles til studien?<\/strong><\/p>\n\n\n\n<p class=\"is-style-default\" style=\"padding-right:0;padding-left:0\">&#8211; For deltakerne som gir samtykke, vil vi koble sammen data fra nasjonale registre, som for eksempel prim\u00e6r- og spesialisthelsetjenesten, samt data om utdanning og tilknytning til arbeidslivet. Dette gir oss mulighet til \u00e5 f\u00f8lge deltakernes helse og livssituasjon over tid og identifisere faktorer som kan p\u00e5virke deres utvikling senere i livet.<\/p>\n\n\n\n<p class=\"is-style-default\" style=\"padding-right:0;padding-left:0\"><strong>Hva h\u00e5per du studien vil bidra til?<\/strong><\/p>\n\n\n\n<p class=\"is-style-default\" style=\"padding-right:0;padding-left:0\">&#8211; Vi h\u00e5per at Trippel-S-studien vil gi viktig kunnskap som kan forbedre forebygging, behandling og oppf\u00f8lging av barn og unge utsatt for vold og overgrep. Funnene v\u00e5re kan bidra til utvikling av bedre hjelpetiltak og styrking av eksisterende tjenester innen helse, utdanning og sosialt arbeid.<\/p>\n\n\n\n<p class=\"is-style-default\" style=\"padding-right:0;padding-left:0\"><strong>Er det noen begrensninger ved studien?<\/strong><\/p>\n\n\n\n<p class=\"is-style-default\" style=\"padding-right:0;padding-left:0\">&#8211; Som i alle longitudinelle studier kan frafall v\u00e6re en utfordring. Vi gj\u00f8r derfor en stor innsats for \u00e5 beholde deltakerne i studien over tid. En annen begrensning er at deltakerne kommer fra et spesialisert tilbud, noe som kan bety at de ikke er fullt representative for alle barn og unge utsatt for vold og overgrep. Likevel mener vi at studien vil gi sv\u00e6rt verdifull kunnskap.<\/p>\n\n\n\n<p><strong>Hva er de neste stegene i prosjektet?<\/strong><\/p>\n\n\n\n<p>&#8211; M\u00e5let er \u00e5 fortsette datainnsamlingen i mange \u00e5r, b\u00e5de ved \u00e5 inkludere nye deltakere fra senteret for \u00e5 \u00f8ke utvalget, samt \u00e5 f\u00f8lge deltakerne over tid etter hvert som de blir eldre og g\u00e5r inn i voksenlivet. Dersom vi klarer \u00e5 sikre videre finansiering, vil dette bli en helt unik unders\u00f8kelse p\u00e5 verdensbasis, og vi vil kunne generere en mengde ny og verdifull kunnskap.<\/p>\n\n\n\n<p><a href=\"https:\/\/www.stinesofiesstiftelse.no\/trippel-s\/produserte-artikler\/etablering-av-en-helsekohort-for-barn-og-unge-utsatt-for-vold-ogovergrep\/\">Les mer om studien her.<\/a><\/p>\n\n\n\n<section class=\"alignwide wp-block-aptum-pagelinker\" id=\"block_895cf45261ecf3b54da1d5eaa935e3b4\">\n\n<div class=\"wp-block-aptum-pagelinker__inner alignwide columns-2 item-bg\">\n\t<h2 class=\"wp-block-aptum-pagelinker__heading\">Publiserte artikler fra unders\u00f8kelsen<\/h2>\t<div class=\"wp-block-aptum-pagelinker__grid\">\n\n\t\t\t\t\t\t\t\t\t\t\t\t\t\t<a class=\"wp-block-aptum-pagelinker__item\" href=\"https:\/\/www.stinesofiesstiftelse.no\/pl\/trippel-s\/produserte-artikler\/barnemishandling-og-sovn-hos-barn-og-unge\/\" target=\"_self\">\n\t\t\t\t\t\t\t\t\t\t\t\t\t\t<div class=\"wp-block-aptum-pagelinker__content\">\n\t\t\t\t\t\t\t\t\t\t\t\t\t\t\t\t<div class=\"wp-block-aptum-pagelinker__text\">\n\t\t\t\t\t\t\t\t\t<h3 class=\"wp-block-aptum-pagelinker__title \">Tydelig sammenheng mellom vold og d\u00e5rlig s\u00f8vn<i class=\"wp-block-aptum-pagelinker__arrow\"><\/i><\/h3>\n\t\t\t\t\t\t\t\t\t\t\t\t\t\t\t\t\t\t\t<p class=\"wp-block-aptum-pagelinker__excerpt\">Denne systematiske litteraturgjennomgangen er den f\u00f8rste som spesifikt unders\u00f8ker sammenhengen mellom barn &#8230;<\/p>\n\t\t\t\t\t\t\t\t\t\t\t\t\t\t\t\t\t<\/div>\n\t\t\t\t\t\t\t<\/div>\n\t\t\t\t\t\t<\/a>\n\t\t\t\t\t\t\t\t\t\t\t\t\t\t\t\t\t\t\t\t\t<a class=\"wp-block-aptum-pagelinker__item\" href=\"https:\/\/www.stinesofiesstiftelse.no\/pl\/trippel-s\/produserte-artikler\/psykisk-helse-hos-barn-og-unge-utsatt-for-vold\/\" target=\"_self\">\n\t\t\t\t\t\t\t\t\t\t\t\t\t\t<div class=\"wp-block-aptum-pagelinker__content\">\n\t\t\t\t\t\t\t\t\t\t\t\t\t\t\t\t<div class=\"wp-block-aptum-pagelinker__text\">\n\t\t\t\t\t\t\t\t\t<h3 class=\"wp-block-aptum-pagelinker__title \">Har st\u00f8rre psykiske problemer enn andre barn<i class=\"wp-block-aptum-pagelinker__arrow\"><\/i><\/h3>\n\t\t\t\t\t\t\t\t\t\t\t\t\t\t\t\t\t\t\t<p class=\"wp-block-aptum-pagelinker__excerpt\">Barn og ungdom som har opplevd mishandling, har flere psykiske problemer sammenlignet med andre barn p\u00e5 sam&#8230;<\/p>\n\t\t\t\t\t\t\t\t\t\t\t\t\t\t\t\t\t<\/div>\n\t\t\t\t\t\t\t<\/div>\n\t\t\t\t\t\t<\/a>\n\t\t\t\t\t\t\t\t\t\t\t\t\t\t\t\t\t\t\t\t\t<a class=\"wp-block-aptum-pagelinker__item\" href=\"https:\/\/www.stinesofiesstiftelse.no\/pl\/trippel-s\/produserte-artikler\/sovnproblemer-hos-ungdom-utsatt-for-vold\/\" target=\"_self\">\n\t\t\t\t\t\t\t\t\t\t\t\t\t\t<div class=\"wp-block-aptum-pagelinker__content\">\n\t\t\t\t\t\t\t\t\t\t\t\t\t\t\t\t<div class=\"wp-block-aptum-pagelinker__text\">\n\t\t\t\t\t\t\t\t\t<h3 class=\"wp-block-aptum-pagelinker__title \">S\u00f8vnproblemer hos ungdom utsatt for vold<i class=\"wp-block-aptum-pagelinker__arrow\"><\/i><\/h3>\n\t\t\t\t\t\t\t\t\t\t\t\t\t\t\t\t\t\t\t<p class=\"wp-block-aptum-pagelinker__excerpt\">Ungdom som har opplevd vold i barndommen kan ha \u00f8kt risiko for s\u00f8vnforstyrrelser. Denne studien gir ny inns&#8230;<\/p>\n\t\t\t\t\t\t\t\t\t\t\t\t\t\t\t\t\t<\/div>\n\t\t\t\t\t\t\t<\/div>\n\t\t\t\t\t\t<\/a>\n\t\t\t\t\t\t\t\t\t\t\t\t\t\t\t\t\t\t\t\t\t<a class=\"wp-block-aptum-pagelinker__item\" href=\"https:\/\/www.stinesofiesstiftelse.no\/pl\/trippel-s\/produserte-artikler\/etablering-av-en-helsekohort-for-barn-og-unge-utsatt-for-vold-ogovergrep\/\" target=\"_self\">\n\t\t\t\t\t\t\t\t\t\t\t\t\t\t<div class=\"wp-block-aptum-pagelinker__content\">\n\t\t\t\t\t\t\t\t\t\t\t\t\t\t\t\t<div class=\"wp-block-aptum-pagelinker__text\">\n\t\t\t\t\t\t\t\t\t<h3 class=\"wp-block-aptum-pagelinker__title \">Helsekohort for barn og unge utsatt for vold og\novergrep<i class=\"wp-block-aptum-pagelinker__arrow\"><\/i><\/h3>\n\t\t\t\t\t\t\t\t\t\t\t\t\t\t\t\t\t\t\t<p class=\"wp-block-aptum-pagelinker__excerpt\">Hvordan p\u00e5virker vold og overgrep barn og unge p\u00e5 lang sikt? Trippel-S-studien er den f\u00f8rste longitudinelle&#8230;<\/p>\n\t\t\t\t\t\t\t\t\t\t\t\t\t\t\t\t\t<\/div>\n\t\t\t\t\t\t\t<\/div>\n\t\t\t\t\t\t<\/a>\n\t\t\t\t\t\t\t\t\t\t\t<\/div>\n<\/div>\n\n<\/section>\n","protected":false},"excerpt":{"rendered":"<p>Denne artikkelen beskriver bakgrunnen og metoden for opprettelsen av den norske Trippel-S-unders\u00f8kelsen, den unike helseunders\u00f8kelsen som skal f\u00f8lge barn og [&hellip;]<\/p>\n","protected":false},"author":2,"featured_media":0,"parent":10389,"menu_order":0,"comment_status":"closed","ping_status":"closed","template":"","meta":{"_acf_changed":false,"inline_featured_image":false,"footnotes":""},"class_list":["post-10429","page","type-page","status-publish","hentry"],"acf":[],"mb":[],"yoast_head":"<!-- This site is optimized with the Yoast SEO plugin v27.3 - https:\/\/yoast.com\/product\/yoast-seo-wordpress\/ -->\n<title>\u2013 En helt unik unders\u00f8kelse p\u00e5 verdensbasis - Stine Sofies Stiftelse<\/title>\n<meta name=\"robots\" content=\"index, follow, max-snippet:-1, max-image-preview:large, max-video-preview:-1\" \/>\n<link rel=\"canonical\" href=\"https:\/\/www.stinesofiesstiftelse.no\/trippel-s\/produserte-artikler\/etablering-av-en-helsekohort-for-barn-og-unge-utsatt-for-vold-ogovergrep\/borge-sivertsen-om-trippel-s-studien-etablere-en-helsekohort-for-barn-og-unge-utsatt-for-vold-og-overgrep\/\" \/>\n<meta property=\"og:locale\" content=\"pl_PL\" \/>\n<meta property=\"og:type\" content=\"article\" \/>\n<meta property=\"og:title\" content=\"\u2013 En helt unik unders\u00f8kelse p\u00e5 verdensbasis - Stine Sofies Stiftelse\" \/>\n<meta property=\"og:description\" content=\"Denne artikkelen beskriver bakgrunnen og metoden for opprettelsen av den norske Trippel-S-unders\u00f8kelsen, den unike helseunders\u00f8kelsen som skal f\u00f8lge barn og [&hellip;]\" \/>\n<meta property=\"og:url\" content=\"https:\/\/www.stinesofiesstiftelse.no\/trippel-s\/produserte-artikler\/etablering-av-en-helsekohort-for-barn-og-unge-utsatt-for-vold-ogovergrep\/borge-sivertsen-om-trippel-s-studien-etablere-en-helsekohort-for-barn-og-unge-utsatt-for-vold-og-overgrep\/\" \/>\n<meta property=\"og:site_name\" content=\"Stine Sofies Stiftelse\" \/>\n<meta property=\"article:publisher\" content=\"https:\/\/www.facebook.com\/StineSofiesStiftelse\/\" \/>\n<meta property=\"article:modified_time\" content=\"2026-04-01T10:32:25+00:00\" \/>\n<meta name=\"twitter:card\" content=\"summary_large_image\" \/>\n<meta name=\"twitter:label1\" content=\"Szacowany czas czytania\" \/>\n\t<meta name=\"twitter:data1\" content=\"4 minuty\" \/>\n<script type=\"application\/ld+json\" class=\"yoast-schema-graph\">{\"@context\":\"https:\\\/\\\/schema.org\",\"@graph\":[{\"@type\":\"WebPage\",\"@id\":\"https:\\\/\\\/www.stinesofiesstiftelse.no\\\/trippel-s\\\/produserte-artikler\\\/etablering-av-en-helsekohort-for-barn-og-unge-utsatt-for-vold-ogovergrep\\\/borge-sivertsen-om-trippel-s-studien-etablere-en-helsekohort-for-barn-og-unge-utsatt-for-vold-og-overgrep\\\/\",\"url\":\"https:\\\/\\\/www.stinesofiesstiftelse.no\\\/trippel-s\\\/produserte-artikler\\\/etablering-av-en-helsekohort-for-barn-og-unge-utsatt-for-vold-ogovergrep\\\/borge-sivertsen-om-trippel-s-studien-etablere-en-helsekohort-for-barn-og-unge-utsatt-for-vold-og-overgrep\\\/\",\"name\":\"\u2013 En helt unik unders\u00f8kelse p\u00e5 verdensbasis - Stine Sofies Stiftelse\",\"isPartOf\":{\"@id\":\"https:\\\/\\\/www.stinesofiesstiftelse.no\\\/#website\"},\"datePublished\":\"2025-03-10T21:03:49+00:00\",\"dateModified\":\"2026-04-01T10:32:25+00:00\",\"breadcrumb\":{\"@id\":\"https:\\\/\\\/www.stinesofiesstiftelse.no\\\/trippel-s\\\/produserte-artikler\\\/etablering-av-en-helsekohort-for-barn-og-unge-utsatt-for-vold-ogovergrep\\\/borge-sivertsen-om-trippel-s-studien-etablere-en-helsekohort-for-barn-og-unge-utsatt-for-vold-og-overgrep\\\/#breadcrumb\"},\"inLanguage\":\"pl-PL\",\"potentialAction\":[{\"@type\":\"ReadAction\",\"target\":[\"https:\\\/\\\/www.stinesofiesstiftelse.no\\\/trippel-s\\\/produserte-artikler\\\/etablering-av-en-helsekohort-for-barn-og-unge-utsatt-for-vold-ogovergrep\\\/borge-sivertsen-om-trippel-s-studien-etablere-en-helsekohort-for-barn-og-unge-utsatt-for-vold-og-overgrep\\\/\"]}]},{\"@type\":\"BreadcrumbList\",\"@id\":\"https:\\\/\\\/www.stinesofiesstiftelse.no\\\/trippel-s\\\/produserte-artikler\\\/etablering-av-en-helsekohort-for-barn-og-unge-utsatt-for-vold-ogovergrep\\\/borge-sivertsen-om-trippel-s-studien-etablere-en-helsekohort-for-barn-og-unge-utsatt-for-vold-og-overgrep\\\/#breadcrumb\",\"itemListElement\":[{\"@type\":\"ListItem\",\"position\":1,\"name\":\"Hjem\",\"item\":\"https:\\\/\\\/www.stinesofiesstiftelse.no\\\/\"},{\"@type\":\"ListItem\",\"position\":2,\"name\":\"Trippel S\",\"item\":\"https:\\\/\\\/www.stinesofiesstiftelse.no\\\/trippel-s\\\/\"},{\"@type\":\"ListItem\",\"position\":3,\"name\":\"Publiserte artikler\",\"item\":\"https:\\\/\\\/www.stinesofiesstiftelse.no\\\/trippel-s\\\/produserte-artikler\\\/\"},{\"@type\":\"ListItem\",\"position\":4,\"name\":\"Helsekohort for barn og unge utsatt for vold og overgrep\",\"item\":\"https:\\\/\\\/www.stinesofiesstiftelse.no\\\/trippel-s\\\/produserte-artikler\\\/etablering-av-en-helsekohort-for-barn-og-unge-utsatt-for-vold-ogovergrep\\\/\"},{\"@type\":\"ListItem\",\"position\":5,\"name\":\"\u2013 En helt unik unders\u00f8kelse p\u00e5 verdensbasis\"}]},{\"@type\":\"WebSite\",\"@id\":\"https:\\\/\\\/www.stinesofiesstiftelse.no\\\/#website\",\"url\":\"https:\\\/\\\/www.stinesofiesstiftelse.no\\\/\",\"name\":\"Stine Sofies Stiftelse\",\"description\":\"\",\"publisher\":{\"@id\":\"https:\\\/\\\/www.stinesofiesstiftelse.no\\\/#organization\"},\"potentialAction\":[{\"@type\":\"SearchAction\",\"target\":{\"@type\":\"EntryPoint\",\"urlTemplate\":\"https:\\\/\\\/www.stinesofiesstiftelse.no\\\/?s={search_term_string}\"},\"query-input\":{\"@type\":\"PropertyValueSpecification\",\"valueRequired\":true,\"valueName\":\"search_term_string\"}}],\"inLanguage\":\"pl-PL\"},{\"@type\":\"Organization\",\"@id\":\"https:\\\/\\\/www.stinesofiesstiftelse.no\\\/#organization\",\"name\":\"Stine Sofies Stiftelse\",\"url\":\"https:\\\/\\\/www.stinesofiesstiftelse.no\\\/\",\"logo\":{\"@type\":\"ImageObject\",\"inLanguage\":\"pl-PL\",\"@id\":\"https:\\\/\\\/www.stinesofiesstiftelse.no\\\/#\\\/schema\\\/logo\\\/image\\\/\",\"url\":\"https:\\\/\\\/d1713zmupob0gt.cloudfront.net\\\/wp-content\\\/uploads\\\/2024\\\/10\\\/19093628\\\/cropped-Stine_sofies_stiftelse_logosymbol.png\",\"contentUrl\":\"https:\\\/\\\/d1713zmupob0gt.cloudfront.net\\\/wp-content\\\/uploads\\\/2024\\\/10\\\/19093628\\\/cropped-Stine_sofies_stiftelse_logosymbol.png\",\"width\":512,\"height\":512,\"caption\":\"Stine Sofies Stiftelse\"},\"image\":{\"@id\":\"https:\\\/\\\/www.stinesofiesstiftelse.no\\\/#\\\/schema\\\/logo\\\/image\\\/\"},\"sameAs\":[\"https:\\\/\\\/www.facebook.com\\\/StineSofiesStiftelse\\\/\"]}]}<\/script>\n<!-- \/ Yoast SEO plugin. -->","yoast_head_json":{"title":"\u2013 En helt unik unders\u00f8kelse p\u00e5 verdensbasis - Stine Sofies Stiftelse","robots":{"index":"index","follow":"follow","max-snippet":"max-snippet:-1","max-image-preview":"max-image-preview:large","max-video-preview":"max-video-preview:-1"},"canonical":"https:\/\/www.stinesofiesstiftelse.no\/trippel-s\/produserte-artikler\/etablering-av-en-helsekohort-for-barn-og-unge-utsatt-for-vold-ogovergrep\/borge-sivertsen-om-trippel-s-studien-etablere-en-helsekohort-for-barn-og-unge-utsatt-for-vold-og-overgrep\/","og_locale":"pl_PL","og_type":"article","og_title":"\u2013 En helt unik unders\u00f8kelse p\u00e5 verdensbasis - Stine Sofies Stiftelse","og_description":"Denne artikkelen beskriver bakgrunnen og metoden for opprettelsen av den norske Trippel-S-unders\u00f8kelsen, den unike helseunders\u00f8kelsen som skal f\u00f8lge barn og [&hellip;]","og_url":"https:\/\/www.stinesofiesstiftelse.no\/trippel-s\/produserte-artikler\/etablering-av-en-helsekohort-for-barn-og-unge-utsatt-for-vold-ogovergrep\/borge-sivertsen-om-trippel-s-studien-etablere-en-helsekohort-for-barn-og-unge-utsatt-for-vold-og-overgrep\/","og_site_name":"Stine Sofies Stiftelse","article_publisher":"https:\/\/www.facebook.com\/StineSofiesStiftelse\/","article_modified_time":"2026-04-01T10:32:25+00:00","twitter_card":"summary_large_image","twitter_misc":{"Szacowany czas czytania":"4 minuty"},"schema":{"@context":"https:\/\/schema.org","@graph":[{"@type":"WebPage","@id":"https:\/\/www.stinesofiesstiftelse.no\/trippel-s\/produserte-artikler\/etablering-av-en-helsekohort-for-barn-og-unge-utsatt-for-vold-ogovergrep\/borge-sivertsen-om-trippel-s-studien-etablere-en-helsekohort-for-barn-og-unge-utsatt-for-vold-og-overgrep\/","url":"https:\/\/www.stinesofiesstiftelse.no\/trippel-s\/produserte-artikler\/etablering-av-en-helsekohort-for-barn-og-unge-utsatt-for-vold-ogovergrep\/borge-sivertsen-om-trippel-s-studien-etablere-en-helsekohort-for-barn-og-unge-utsatt-for-vold-og-overgrep\/","name":"\u2013 En helt unik unders\u00f8kelse p\u00e5 verdensbasis - Stine Sofies Stiftelse","isPartOf":{"@id":"https:\/\/www.stinesofiesstiftelse.no\/#website"},"datePublished":"2025-03-10T21:03:49+00:00","dateModified":"2026-04-01T10:32:25+00:00","breadcrumb":{"@id":"https:\/\/www.stinesofiesstiftelse.no\/trippel-s\/produserte-artikler\/etablering-av-en-helsekohort-for-barn-og-unge-utsatt-for-vold-ogovergrep\/borge-sivertsen-om-trippel-s-studien-etablere-en-helsekohort-for-barn-og-unge-utsatt-for-vold-og-overgrep\/#breadcrumb"},"inLanguage":"pl-PL","potentialAction":[{"@type":"ReadAction","target":["https:\/\/www.stinesofiesstiftelse.no\/trippel-s\/produserte-artikler\/etablering-av-en-helsekohort-for-barn-og-unge-utsatt-for-vold-ogovergrep\/borge-sivertsen-om-trippel-s-studien-etablere-en-helsekohort-for-barn-og-unge-utsatt-for-vold-og-overgrep\/"]}]},{"@type":"BreadcrumbList","@id":"https:\/\/www.stinesofiesstiftelse.no\/trippel-s\/produserte-artikler\/etablering-av-en-helsekohort-for-barn-og-unge-utsatt-for-vold-ogovergrep\/borge-sivertsen-om-trippel-s-studien-etablere-en-helsekohort-for-barn-og-unge-utsatt-for-vold-og-overgrep\/#breadcrumb","itemListElement":[{"@type":"ListItem","position":1,"name":"Hjem","item":"https:\/\/www.stinesofiesstiftelse.no\/"},{"@type":"ListItem","position":2,"name":"Trippel S","item":"https:\/\/www.stinesofiesstiftelse.no\/trippel-s\/"},{"@type":"ListItem","position":3,"name":"Publiserte artikler","item":"https:\/\/www.stinesofiesstiftelse.no\/trippel-s\/produserte-artikler\/"},{"@type":"ListItem","position":4,"name":"Helsekohort for barn og unge utsatt for vold og overgrep","item":"https:\/\/www.stinesofiesstiftelse.no\/trippel-s\/produserte-artikler\/etablering-av-en-helsekohort-for-barn-og-unge-utsatt-for-vold-ogovergrep\/"},{"@type":"ListItem","position":5,"name":"\u2013 En helt unik unders\u00f8kelse p\u00e5 verdensbasis"}]},{"@type":"WebSite","@id":"https:\/\/www.stinesofiesstiftelse.no\/#website","url":"https:\/\/www.stinesofiesstiftelse.no\/","name":"Stine Sofies Stiftelse","description":"","publisher":{"@id":"https:\/\/www.stinesofiesstiftelse.no\/#organization"},"potentialAction":[{"@type":"SearchAction","target":{"@type":"EntryPoint","urlTemplate":"https:\/\/www.stinesofiesstiftelse.no\/?s={search_term_string}"},"query-input":{"@type":"PropertyValueSpecification","valueRequired":true,"valueName":"search_term_string"}}],"inLanguage":"pl-PL"},{"@type":"Organization","@id":"https:\/\/www.stinesofiesstiftelse.no\/#organization","name":"Stine Sofies Stiftelse","url":"https:\/\/www.stinesofiesstiftelse.no\/","logo":{"@type":"ImageObject","inLanguage":"pl-PL","@id":"https:\/\/www.stinesofiesstiftelse.no\/#\/schema\/logo\/image\/","url":"https:\/\/d1713zmupob0gt.cloudfront.net\/wp-content\/uploads\/2024\/10\/19093628\/cropped-Stine_sofies_stiftelse_logosymbol.png","contentUrl":"https:\/\/d1713zmupob0gt.cloudfront.net\/wp-content\/uploads\/2024\/10\/19093628\/cropped-Stine_sofies_stiftelse_logosymbol.png","width":512,"height":512,"caption":"Stine Sofies Stiftelse"},"image":{"@id":"https:\/\/www.stinesofiesstiftelse.no\/#\/schema\/logo\/image\/"},"sameAs":["https:\/\/www.facebook.com\/StineSofiesStiftelse\/"]}]}},"mfb_rest_fields":["title","yoast_head","yoast_head_json"],"_links":{"self":[{"href":"https:\/\/www.stinesofiesstiftelse.no\/pl\/wp-json\/wp\/v2\/pages\/10429","targetHints":{"allow":["GET"]}}],"collection":[{"href":"https:\/\/www.stinesofiesstiftelse.no\/pl\/wp-json\/wp\/v2\/pages"}],"about":[{"href":"https:\/\/www.stinesofiesstiftelse.no\/pl\/wp-json\/wp\/v2\/types\/page"}],"author":[{"embeddable":true,"href":"https:\/\/www.stinesofiesstiftelse.no\/pl\/wp-json\/wp\/v2\/users\/2"}],"replies":[{"embeddable":true,"href":"https:\/\/www.stinesofiesstiftelse.no\/pl\/wp-json\/wp\/v2\/comments?post=10429"}],"version-history":[{"count":3,"href":"https:\/\/www.stinesofiesstiftelse.no\/pl\/wp-json\/wp\/v2\/pages\/10429\/revisions"}],"predecessor-version":[{"id":13245,"href":"https:\/\/www.stinesofiesstiftelse.no\/pl\/wp-json\/wp\/v2\/pages\/10429\/revisions\/13245"}],"up":[{"embeddable":true,"href":"https:\/\/www.stinesofiesstiftelse.no\/pl\/wp-json\/wp\/v2\/pages\/10389"}],"wp:attachment":[{"href":"https:\/\/www.stinesofiesstiftelse.no\/pl\/wp-json\/wp\/v2\/media?parent=10429"}],"curies":[{"name":"wp","href":"https:\/\/api.w.org\/{rel}","templated":true}]}}