{"id":10415,"date":"2025-03-10T21:51:30","date_gmt":"2025-03-10T20:51:30","guid":{"rendered":"https:\/\/www.stinesofiesstiftelse.no\/?page_id=10415"},"modified":"2026-04-01T12:32:25","modified_gmt":"2026-04-01T10:32:25","slug":"viktor-schonning-om-sammenhengen-mellom-vold-i-barndommen-og-sovnproblemer","status":"publish","type":"page","link":"https:\/\/www.stinesofiesstiftelse.no\/pl\/trippel-s\/produserte-artikler\/barnemishandling-og-sovn-hos-barn-og-unge\/viktor-schonning-om-sammenhengen-mellom-vold-i-barndommen-og-sovnproblemer\/","title":{"rendered":"\u2013 Klar sammenheng mellom vold i barndommen og s\u00f8vnproblemer"},"content":{"rendered":"\n<div class=\"wp-block-group alignwide sss-content-header has-global-padding is-layout-constrained wp-block-group-is-layout-constrained\" style=\"margin-top:0;margin-bottom:0\">\n<div class=\"wp-block-group is-layout-flow wp-block-group-is-layout-flow\" style=\"padding-top:4vw;padding-bottom:3vw\"><div class=\"yoast-breadcrumbs\"><span><span><a href=\"https:\/\/www.stinesofiesstiftelse.no\/\">Hjem<\/a><\/span> \u2013 <span><a href=\"https:\/\/www.stinesofiesstiftelse.no\/trippel-s\/\">Trippel S<\/a><\/span> \u2013 <span><a href=\"https:\/\/www.stinesofiesstiftelse.no\/trippel-s\/produserte-artikler\/\">Publiserte artikler<\/a><\/span> \u2013 <span><a href=\"https:\/\/www.stinesofiesstiftelse.no\/trippel-s\/produserte-artikler\/barnemishandling-og-sovn-hos-barn-og-unge\/\">Tydelig sammenheng mellom vold og d\u00e5rlig s\u00f8vn<\/a><\/span> \u2013 <span class=\"breadcrumb_last\" aria-current=\"page\">\u2013 Klar sammenheng mellom vold i barndommen og s\u00f8vnproblemer<\/span><\/span><\/div>\n\n<h1 class=\"is-style-has-blob wp-block-post-title has-text-color has-primary-color\">\u2013 Klar sammenheng mellom vold i barndommen og s\u00f8vnproblemer<\/h1>\n\n\n<p class=\"is-style-leadtext\" style=\"padding-right:0;padding-left:0\">Denne systematiske litteraturgjennomgangen er den f\u00f8rste som spesifikt<br>unders\u00f8ker hvordan vold og overgrep i barndommen p\u00e5virker s\u00f8vn hos barn<br>og unge. F\u00f8rsteforfatter av studien, Viktor Sch\u00f8nning ved Folkehelseinstituttet, forteller at funnene tydelig viser at voldserfaringer i barndommen kan f\u00f8re til alvorlige s\u00f8vnproblemer, noe som igjen kan forsterke psykiske helseplager.<\/p>\n\n\n\n<p class=\"is-style-default\" style=\"padding-right:0;padding-left:0\"><a href=\"https:\/\/www.sciencedirect.com\/science\/article\/pii\/S1087079222000302?via%3Dihub\">Les hele studien som er publisert i Sleep Medicine Reviews<\/a><\/p>\n<\/div>\n<\/div>\n\n\n\n<figure class=\"wp-block-image size-large\"><img loading=\"lazy\" decoding=\"async\" width=\"932\" height=\"1024\" src=\"https:\/\/d1713zmupob0gt.cloudfront.net\/wp-content\/uploads\/2025\/03\/11073839\/Viktor-932x1024.jpeg\" alt=\"\" class=\"wp-image-10436\" srcset=\"https:\/\/d1713zmupob0gt.cloudfront.net\/wp-content\/uploads\/2025\/03\/11073839\/Viktor-932x1024.jpeg 932w, https:\/\/d1713zmupob0gt.cloudfront.net\/wp-content\/uploads\/2025\/03\/11073839\/Viktor-273x300.jpeg 273w, https:\/\/d1713zmupob0gt.cloudfront.net\/wp-content\/uploads\/2025\/03\/11073839\/Viktor-768x844.jpeg 768w, https:\/\/d1713zmupob0gt.cloudfront.net\/wp-content\/uploads\/2025\/03\/11073839\/Viktor-1397x1536.jpeg 1397w, https:\/\/d1713zmupob0gt.cloudfront.net\/wp-content\/uploads\/2025\/03\/11073839\/Viktor-1863x2048.jpeg 1863w, https:\/\/d1713zmupob0gt.cloudfront.net\/wp-content\/uploads\/2025\/03\/11073839\/Viktor.jpeg 2035w\" sizes=\"auto, (max-width: 932px) 100vw, 932px\" \/><\/figure>\n\n\n\n<h2 class=\"wp-block-heading\">Forsker Viktor Sch\u00f8nning (FHI) om studien:<\/h2>\n\n\n\n<p class=\"is-style-default\" style=\"padding-right:0;padding-left:0\"><strong>Hva var motivasjonen for denne studien?<\/strong><\/p>\n\n\n\n<p class=\"is-style-default\" style=\"padding-right:0;padding-left:0\">&#8211; Tidligere forskning har vist at vold i barndommen kan f\u00f8re til en rekke helseproblemer, men s\u00f8vn har f\u00e5tt mindre oppmerksomhet. Fordi s\u00f8vn spiller en avgj\u00f8rende rolle for barns helse og utvikling, \u00f8nsket vi \u00e5 systematisk kartlegge kunnskapsgrunnlaget p\u00e5 dette omr\u00e5det.<\/p>\n\n\n\n<p><strong>Hva mener du er det viktigste funnet i studien?<\/strong><\/p>\n\n\n\n<p>&#8211; Det viktigste funnet er den tydelige sammenhengen mellom vold i barndommen og s\u00f8vnproblemer, spesielt insomni og mareritt. Vi ser at barn og unge som har v\u00e6rt utsatt for mishandling har en betydelig \u00f8kt risiko for s\u00f8vnforstyrrelser, noe som igjen kan p\u00e5virke deres psykiske og fysiske helse.<\/p>\n\n\n\n<p class=\"is-style-default\" style=\"padding-right:0;padding-left:0\"><strong>Hva er relevansen av disse funnene? Hvordan kan de brukes?<\/strong><\/p>\n\n\n\n<p class=\"is-style-default\" style=\"padding-right:0;padding-left:0\">&#8211; S\u00f8vnvansker er et folkehelseproblem, og studien viser at enkelte grupper har \u00f8kt risiko. Selektive forebyggende tiltak kan derfor v\u00e6re nyttige, og funnene understreker viktigheten av at helsepersonell er oppmerksomme p\u00e5 s\u00f8vnproblemer hos barn og unge som har v\u00e6rt utsatt for vold.<\/p>\n\n\n\n<p class=\"is-style-default\" style=\"padding-right:0;padding-left:0\"><strong>Var det noen av funnene som overrasket deg? <\/strong><\/p>\n\n\n\n<p class=\"is-style-default\" style=\"padding-right:0;padding-left:0\">&#8211; Ja, det var overraskende at s\u00f8vnlengden i gjennomsnitt kun var redusert med 12 minutter per natt. Vi forventet en st\u00f8rre forskjell, men dette kan skyldes variasjon i m\u00e5lemetoder mellom studiene.<\/p>\n\n\n\n<p class=\"is-style-default\" style=\"padding-right:0;padding-left:0\"><strong>Hva er dine r\u00e5d til fagpersoner som jobber med barn og unge utsatt for vold og overgrep?<\/strong><\/p>\n\n\n\n<p class=\"is-style-default\" style=\"padding-right:0;padding-left:0\">&#8211; Det er viktig \u00e5 inkludere s\u00f8vn i b\u00e5de kartlegging og behandling. Resultatene tyder p\u00e5 at kartleggingen b\u00f8r v\u00e6re bred og omfatte s\u00f8vntid, insomni og mareritt for \u00e5 kunne gi tilpassede tiltak. Funnene understreker ogs\u00e5 behovet for \u00e5 sikre tilgjengelig behandling av s\u00f8vnforstyrrelser for denne gruppen.<\/p>\n\n\n\n<p class=\"is-style-default\" style=\"padding-right:0;padding-left:0\"><strong>Er det noen begrensninger i studien som er viktige \u00e5 nevne? <\/strong><\/p>\n\n\n\n<p class=\"is-style-default\" style=\"padding-right:0;padding-left:0\">&#8211; Ja, en utfordring var den store variasjon i hvordan s\u00f8vn og mishandling ble m\u00e5lt i de inkluderte studiene. Dette gj\u00f8r det vanskelig \u00e5 sammenligne resultater p\u00e5 tvers av studier og understreker behovet for mer standardiserte m\u00e5lemetoder.<\/p>\n\n\n\n<p class=\"is-style-default\" style=\"padding-right:0;padding-left:0\"><strong>Hva h\u00e5per du at studien kan f\u00f8re til? <\/strong><\/p>\n\n\n\n<p class=\"is-style-default\" style=\"padding-right:0;padding-left:0\">&#8211; Jeg h\u00e5per at denne studien kan bidra til \u00f8kt bevissthet om s\u00f8vnproblemer hos barn utsatt for vold, og at det blir en naturlig del av vurderingen i helsevesenet.<\/p>\n\n\n\n<p><a href=\"https:\/\/www.stinesofiesstiftelse.no\/trippel-s\/produserte-artikler\/sammenhengen-mellom-a-vaere-utsatt-for-vold-som-barn-og-vanskeligheter-senere-i-livet\/\">Les mer om studien her.<\/a><\/p>\n\n\n\n<section class=\"alignwide wp-block-aptum-pagelinker\" id=\"block_8f7688746b6a033ed17a0eb84c47445e\">\n\n<div class=\"wp-block-aptum-pagelinker__inner alignwide columns-2 item-bg\">\n\t<h2 class=\"wp-block-aptum-pagelinker__heading\">Publiserte artikler fra unders\u00f8kelsen<\/h2>\t<div class=\"wp-block-aptum-pagelinker__grid\">\n\n\t\t\t\t\t\t\t\t\t\t\t\t\t\t<a class=\"wp-block-aptum-pagelinker__item\" href=\"https:\/\/www.stinesofiesstiftelse.no\/pl\/trippel-s\/produserte-artikler\/barnemishandling-og-sovn-hos-barn-og-unge\/\" target=\"_self\">\n\t\t\t\t\t\t\t\t\t\t\t\t\t\t<div class=\"wp-block-aptum-pagelinker__content\">\n\t\t\t\t\t\t\t\t\t\t\t\t\t\t\t\t<div class=\"wp-block-aptum-pagelinker__text\">\n\t\t\t\t\t\t\t\t\t<h3 class=\"wp-block-aptum-pagelinker__title \">Tydelig sammenheng mellom vold og d\u00e5rlig s\u00f8vn<i class=\"wp-block-aptum-pagelinker__arrow\"><\/i><\/h3>\n\t\t\t\t\t\t\t\t\t\t\t\t\t\t\t\t\t\t\t<p class=\"wp-block-aptum-pagelinker__excerpt\">Denne systematiske litteraturgjennomgangen er den f\u00f8rste som spesifikt unders\u00f8ker sammenhengen mellom barn &#8230;<\/p>\n\t\t\t\t\t\t\t\t\t\t\t\t\t\t\t\t\t<\/div>\n\t\t\t\t\t\t\t<\/div>\n\t\t\t\t\t\t<\/a>\n\t\t\t\t\t\t\t\t\t\t\t\t\t\t\t\t\t\t\t\t\t<a class=\"wp-block-aptum-pagelinker__item\" href=\"https:\/\/www.stinesofiesstiftelse.no\/pl\/trippel-s\/produserte-artikler\/psykisk-helse-hos-barn-og-unge-utsatt-for-vold\/\" target=\"_self\">\n\t\t\t\t\t\t\t\t\t\t\t\t\t\t<div class=\"wp-block-aptum-pagelinker__content\">\n\t\t\t\t\t\t\t\t\t\t\t\t\t\t\t\t<div class=\"wp-block-aptum-pagelinker__text\">\n\t\t\t\t\t\t\t\t\t<h3 class=\"wp-block-aptum-pagelinker__title \">Har st\u00f8rre psykiske problemer enn andre barn<i class=\"wp-block-aptum-pagelinker__arrow\"><\/i><\/h3>\n\t\t\t\t\t\t\t\t\t\t\t\t\t\t\t\t\t\t\t<p class=\"wp-block-aptum-pagelinker__excerpt\">Barn og ungdom som har opplevd mishandling, har flere psykiske problemer sammenlignet med andre barn p\u00e5 sam&#8230;<\/p>\n\t\t\t\t\t\t\t\t\t\t\t\t\t\t\t\t\t<\/div>\n\t\t\t\t\t\t\t<\/div>\n\t\t\t\t\t\t<\/a>\n\t\t\t\t\t\t\t\t\t\t\t\t\t\t\t\t\t\t\t\t\t<a class=\"wp-block-aptum-pagelinker__item\" href=\"https:\/\/www.stinesofiesstiftelse.no\/pl\/trippel-s\/produserte-artikler\/sovnproblemer-hos-ungdom-utsatt-for-vold\/\" target=\"_self\">\n\t\t\t\t\t\t\t\t\t\t\t\t\t\t<div class=\"wp-block-aptum-pagelinker__content\">\n\t\t\t\t\t\t\t\t\t\t\t\t\t\t\t\t<div class=\"wp-block-aptum-pagelinker__text\">\n\t\t\t\t\t\t\t\t\t<h3 class=\"wp-block-aptum-pagelinker__title \">S\u00f8vnproblemer hos ungdom utsatt for vold<i class=\"wp-block-aptum-pagelinker__arrow\"><\/i><\/h3>\n\t\t\t\t\t\t\t\t\t\t\t\t\t\t\t\t\t\t\t<p class=\"wp-block-aptum-pagelinker__excerpt\">Ungdom som har opplevd vold i barndommen kan ha \u00f8kt risiko for s\u00f8vnforstyrrelser. Denne studien gir ny inns&#8230;<\/p>\n\t\t\t\t\t\t\t\t\t\t\t\t\t\t\t\t\t<\/div>\n\t\t\t\t\t\t\t<\/div>\n\t\t\t\t\t\t<\/a>\n\t\t\t\t\t\t\t\t\t\t\t\t\t\t\t\t\t\t\t\t\t<a class=\"wp-block-aptum-pagelinker__item\" href=\"https:\/\/www.stinesofiesstiftelse.no\/pl\/trippel-s\/produserte-artikler\/etablering-av-en-helsekohort-for-barn-og-unge-utsatt-for-vold-ogovergrep\/\" target=\"_self\">\n\t\t\t\t\t\t\t\t\t\t\t\t\t\t<div class=\"wp-block-aptum-pagelinker__content\">\n\t\t\t\t\t\t\t\t\t\t\t\t\t\t\t\t<div class=\"wp-block-aptum-pagelinker__text\">\n\t\t\t\t\t\t\t\t\t<h3 class=\"wp-block-aptum-pagelinker__title \">Helsekohort for barn og unge utsatt for vold og\novergrep<i class=\"wp-block-aptum-pagelinker__arrow\"><\/i><\/h3>\n\t\t\t\t\t\t\t\t\t\t\t\t\t\t\t\t\t\t\t<p class=\"wp-block-aptum-pagelinker__excerpt\">Hvordan p\u00e5virker vold og overgrep barn og unge p\u00e5 lang sikt? Trippel-S-studien er den f\u00f8rste longitudinelle&#8230;<\/p>\n\t\t\t\t\t\t\t\t\t\t\t\t\t\t\t\t\t<\/div>\n\t\t\t\t\t\t\t<\/div>\n\t\t\t\t\t\t<\/a>\n\t\t\t\t\t\t\t\t\t\t\t<\/div>\n<\/div>\n\n<\/section>\n","protected":false},"excerpt":{"rendered":"<p>Denne systematiske litteraturgjennomgangen er den f\u00f8rste som spesifiktunders\u00f8ker hvordan vold og overgrep i barndommen p\u00e5virker s\u00f8vn hos barnog unge. F\u00f8rsteforfatter [&hellip;]<\/p>\n","protected":false},"author":2,"featured_media":0,"parent":10201,"menu_order":0,"comment_status":"closed","ping_status":"closed","template":"","meta":{"_acf_changed":false,"inline_featured_image":false,"footnotes":""},"class_list":["post-10415","page","type-page","status-publish","hentry"],"acf":[],"mb":[],"yoast_head":"<!-- This site is optimized with the Yoast SEO plugin v27.3 - https:\/\/yoast.com\/product\/yoast-seo-wordpress\/ -->\n<title>\u2013 Klar sammenheng mellom vold i barndommen og s\u00f8vnproblemer - Stine Sofies Stiftelse<\/title>\n<meta name=\"robots\" content=\"index, follow, max-snippet:-1, max-image-preview:large, max-video-preview:-1\" \/>\n<link rel=\"canonical\" href=\"https:\/\/www.stinesofiesstiftelse.no\/trippel-s\/produserte-artikler\/barnemishandling-og-sovn-hos-barn-og-unge\/viktor-schonning-om-sammenhengen-mellom-vold-i-barndommen-og-sovnproblemer\/\" \/>\n<meta property=\"og:locale\" content=\"pl_PL\" \/>\n<meta property=\"og:type\" content=\"article\" \/>\n<meta property=\"og:title\" content=\"\u2013 Klar sammenheng mellom vold i barndommen og s\u00f8vnproblemer - Stine Sofies Stiftelse\" \/>\n<meta property=\"og:description\" content=\"Denne systematiske litteraturgjennomgangen er den f\u00f8rste som spesifiktunders\u00f8ker hvordan vold og overgrep i barndommen p\u00e5virker s\u00f8vn hos barnog unge. F\u00f8rsteforfatter [&hellip;]\" \/>\n<meta property=\"og:url\" content=\"https:\/\/www.stinesofiesstiftelse.no\/trippel-s\/produserte-artikler\/barnemishandling-og-sovn-hos-barn-og-unge\/viktor-schonning-om-sammenhengen-mellom-vold-i-barndommen-og-sovnproblemer\/\" \/>\n<meta property=\"og:site_name\" content=\"Stine Sofies Stiftelse\" \/>\n<meta property=\"article:publisher\" content=\"https:\/\/www.facebook.com\/StineSofiesStiftelse\/\" \/>\n<meta property=\"article:modified_time\" content=\"2026-04-01T10:32:25+00:00\" \/>\n<meta property=\"og:image\" content=\"https:\/\/www.stinesofiesstiftelse.no\/wp-content\/uploads\/2025\/03\/Viktor-932x1024.jpeg\" \/>\n<meta name=\"twitter:card\" content=\"summary_large_image\" \/>\n<meta name=\"twitter:label1\" content=\"Szacowany czas czytania\" \/>\n\t<meta name=\"twitter:data1\" content=\"3 minuty\" \/>\n<script type=\"application\/ld+json\" class=\"yoast-schema-graph\">{\"@context\":\"https:\\\/\\\/schema.org\",\"@graph\":[{\"@type\":\"WebPage\",\"@id\":\"https:\\\/\\\/www.stinesofiesstiftelse.no\\\/trippel-s\\\/produserte-artikler\\\/barnemishandling-og-sovn-hos-barn-og-unge\\\/viktor-schonning-om-sammenhengen-mellom-vold-i-barndommen-og-sovnproblemer\\\/\",\"url\":\"https:\\\/\\\/www.stinesofiesstiftelse.no\\\/trippel-s\\\/produserte-artikler\\\/barnemishandling-og-sovn-hos-barn-og-unge\\\/viktor-schonning-om-sammenhengen-mellom-vold-i-barndommen-og-sovnproblemer\\\/\",\"name\":\"\u2013 Klar sammenheng mellom vold i barndommen og s\u00f8vnproblemer - Stine Sofies Stiftelse\",\"isPartOf\":{\"@id\":\"https:\\\/\\\/www.stinesofiesstiftelse.no\\\/#website\"},\"primaryImageOfPage\":{\"@id\":\"https:\\\/\\\/www.stinesofiesstiftelse.no\\\/trippel-s\\\/produserte-artikler\\\/barnemishandling-og-sovn-hos-barn-og-unge\\\/viktor-schonning-om-sammenhengen-mellom-vold-i-barndommen-og-sovnproblemer\\\/#primaryimage\"},\"image\":{\"@id\":\"https:\\\/\\\/www.stinesofiesstiftelse.no\\\/trippel-s\\\/produserte-artikler\\\/barnemishandling-og-sovn-hos-barn-og-unge\\\/viktor-schonning-om-sammenhengen-mellom-vold-i-barndommen-og-sovnproblemer\\\/#primaryimage\"},\"thumbnailUrl\":\"https:\\\/\\\/www.stinesofiesstiftelse.no\\\/wp-content\\\/uploads\\\/2025\\\/03\\\/Viktor-932x1024.jpeg\",\"datePublished\":\"2025-03-10T20:51:30+00:00\",\"dateModified\":\"2026-04-01T10:32:25+00:00\",\"breadcrumb\":{\"@id\":\"https:\\\/\\\/www.stinesofiesstiftelse.no\\\/trippel-s\\\/produserte-artikler\\\/barnemishandling-og-sovn-hos-barn-og-unge\\\/viktor-schonning-om-sammenhengen-mellom-vold-i-barndommen-og-sovnproblemer\\\/#breadcrumb\"},\"inLanguage\":\"pl-PL\",\"potentialAction\":[{\"@type\":\"ReadAction\",\"target\":[\"https:\\\/\\\/www.stinesofiesstiftelse.no\\\/trippel-s\\\/produserte-artikler\\\/barnemishandling-og-sovn-hos-barn-og-unge\\\/viktor-schonning-om-sammenhengen-mellom-vold-i-barndommen-og-sovnproblemer\\\/\"]}]},{\"@type\":\"ImageObject\",\"inLanguage\":\"pl-PL\",\"@id\":\"https:\\\/\\\/www.stinesofiesstiftelse.no\\\/trippel-s\\\/produserte-artikler\\\/barnemishandling-og-sovn-hos-barn-og-unge\\\/viktor-schonning-om-sammenhengen-mellom-vold-i-barndommen-og-sovnproblemer\\\/#primaryimage\",\"url\":\"https:\\\/\\\/www.stinesofiesstiftelse.no\\\/wp-content\\\/uploads\\\/2025\\\/03\\\/Viktor-932x1024.jpeg\",\"contentUrl\":\"https:\\\/\\\/www.stinesofiesstiftelse.no\\\/wp-content\\\/uploads\\\/2025\\\/03\\\/Viktor-932x1024.jpeg\"},{\"@type\":\"BreadcrumbList\",\"@id\":\"https:\\\/\\\/www.stinesofiesstiftelse.no\\\/trippel-s\\\/produserte-artikler\\\/barnemishandling-og-sovn-hos-barn-og-unge\\\/viktor-schonning-om-sammenhengen-mellom-vold-i-barndommen-og-sovnproblemer\\\/#breadcrumb\",\"itemListElement\":[{\"@type\":\"ListItem\",\"position\":1,\"name\":\"Hjem\",\"item\":\"https:\\\/\\\/www.stinesofiesstiftelse.no\\\/\"},{\"@type\":\"ListItem\",\"position\":2,\"name\":\"Trippel S\",\"item\":\"https:\\\/\\\/www.stinesofiesstiftelse.no\\\/trippel-s\\\/\"},{\"@type\":\"ListItem\",\"position\":3,\"name\":\"Publiserte artikler\",\"item\":\"https:\\\/\\\/www.stinesofiesstiftelse.no\\\/trippel-s\\\/produserte-artikler\\\/\"},{\"@type\":\"ListItem\",\"position\":4,\"name\":\"Tydelig sammenheng mellom vold og d\u00e5rlig s\u00f8vn\",\"item\":\"https:\\\/\\\/www.stinesofiesstiftelse.no\\\/trippel-s\\\/produserte-artikler\\\/barnemishandling-og-sovn-hos-barn-og-unge\\\/\"},{\"@type\":\"ListItem\",\"position\":5,\"name\":\"\u2013 Klar sammenheng mellom vold i barndommen og s\u00f8vnproblemer\"}]},{\"@type\":\"WebSite\",\"@id\":\"https:\\\/\\\/www.stinesofiesstiftelse.no\\\/#website\",\"url\":\"https:\\\/\\\/www.stinesofiesstiftelse.no\\\/\",\"name\":\"Stine Sofies Stiftelse\",\"description\":\"\",\"publisher\":{\"@id\":\"https:\\\/\\\/www.stinesofiesstiftelse.no\\\/#organization\"},\"potentialAction\":[{\"@type\":\"SearchAction\",\"target\":{\"@type\":\"EntryPoint\",\"urlTemplate\":\"https:\\\/\\\/www.stinesofiesstiftelse.no\\\/?s={search_term_string}\"},\"query-input\":{\"@type\":\"PropertyValueSpecification\",\"valueRequired\":true,\"valueName\":\"search_term_string\"}}],\"inLanguage\":\"pl-PL\"},{\"@type\":\"Organization\",\"@id\":\"https:\\\/\\\/www.stinesofiesstiftelse.no\\\/#organization\",\"name\":\"Stine Sofies Stiftelse\",\"url\":\"https:\\\/\\\/www.stinesofiesstiftelse.no\\\/\",\"logo\":{\"@type\":\"ImageObject\",\"inLanguage\":\"pl-PL\",\"@id\":\"https:\\\/\\\/www.stinesofiesstiftelse.no\\\/#\\\/schema\\\/logo\\\/image\\\/\",\"url\":\"https:\\\/\\\/d1713zmupob0gt.cloudfront.net\\\/wp-content\\\/uploads\\\/2024\\\/10\\\/19093628\\\/cropped-Stine_sofies_stiftelse_logosymbol.png\",\"contentUrl\":\"https:\\\/\\\/d1713zmupob0gt.cloudfront.net\\\/wp-content\\\/uploads\\\/2024\\\/10\\\/19093628\\\/cropped-Stine_sofies_stiftelse_logosymbol.png\",\"width\":512,\"height\":512,\"caption\":\"Stine Sofies Stiftelse\"},\"image\":{\"@id\":\"https:\\\/\\\/www.stinesofiesstiftelse.no\\\/#\\\/schema\\\/logo\\\/image\\\/\"},\"sameAs\":[\"https:\\\/\\\/www.facebook.com\\\/StineSofiesStiftelse\\\/\"]}]}<\/script>\n<!-- \/ Yoast SEO plugin. -->","yoast_head_json":{"title":"\u2013 Klar sammenheng mellom vold i barndommen og s\u00f8vnproblemer - Stine Sofies Stiftelse","robots":{"index":"index","follow":"follow","max-snippet":"max-snippet:-1","max-image-preview":"max-image-preview:large","max-video-preview":"max-video-preview:-1"},"canonical":"https:\/\/www.stinesofiesstiftelse.no\/trippel-s\/produserte-artikler\/barnemishandling-og-sovn-hos-barn-og-unge\/viktor-schonning-om-sammenhengen-mellom-vold-i-barndommen-og-sovnproblemer\/","og_locale":"pl_PL","og_type":"article","og_title":"\u2013 Klar sammenheng mellom vold i barndommen og s\u00f8vnproblemer - Stine Sofies Stiftelse","og_description":"Denne systematiske litteraturgjennomgangen er den f\u00f8rste som spesifiktunders\u00f8ker hvordan vold og overgrep i barndommen p\u00e5virker s\u00f8vn hos barnog unge. F\u00f8rsteforfatter [&hellip;]","og_url":"https:\/\/www.stinesofiesstiftelse.no\/trippel-s\/produserte-artikler\/barnemishandling-og-sovn-hos-barn-og-unge\/viktor-schonning-om-sammenhengen-mellom-vold-i-barndommen-og-sovnproblemer\/","og_site_name":"Stine Sofies Stiftelse","article_publisher":"https:\/\/www.facebook.com\/StineSofiesStiftelse\/","article_modified_time":"2026-04-01T10:32:25+00:00","og_image":[{"url":"https:\/\/www.stinesofiesstiftelse.no\/wp-content\/uploads\/2025\/03\/Viktor-932x1024.jpeg","type":"","width":"","height":""}],"twitter_card":"summary_large_image","twitter_misc":{"Szacowany czas czytania":"3 minuty"},"schema":{"@context":"https:\/\/schema.org","@graph":[{"@type":"WebPage","@id":"https:\/\/www.stinesofiesstiftelse.no\/trippel-s\/produserte-artikler\/barnemishandling-og-sovn-hos-barn-og-unge\/viktor-schonning-om-sammenhengen-mellom-vold-i-barndommen-og-sovnproblemer\/","url":"https:\/\/www.stinesofiesstiftelse.no\/trippel-s\/produserte-artikler\/barnemishandling-og-sovn-hos-barn-og-unge\/viktor-schonning-om-sammenhengen-mellom-vold-i-barndommen-og-sovnproblemer\/","name":"\u2013 Klar sammenheng mellom vold i barndommen og s\u00f8vnproblemer - Stine Sofies Stiftelse","isPartOf":{"@id":"https:\/\/www.stinesofiesstiftelse.no\/#website"},"primaryImageOfPage":{"@id":"https:\/\/www.stinesofiesstiftelse.no\/trippel-s\/produserte-artikler\/barnemishandling-og-sovn-hos-barn-og-unge\/viktor-schonning-om-sammenhengen-mellom-vold-i-barndommen-og-sovnproblemer\/#primaryimage"},"image":{"@id":"https:\/\/www.stinesofiesstiftelse.no\/trippel-s\/produserte-artikler\/barnemishandling-og-sovn-hos-barn-og-unge\/viktor-schonning-om-sammenhengen-mellom-vold-i-barndommen-og-sovnproblemer\/#primaryimage"},"thumbnailUrl":"https:\/\/www.stinesofiesstiftelse.no\/wp-content\/uploads\/2025\/03\/Viktor-932x1024.jpeg","datePublished":"2025-03-10T20:51:30+00:00","dateModified":"2026-04-01T10:32:25+00:00","breadcrumb":{"@id":"https:\/\/www.stinesofiesstiftelse.no\/trippel-s\/produserte-artikler\/barnemishandling-og-sovn-hos-barn-og-unge\/viktor-schonning-om-sammenhengen-mellom-vold-i-barndommen-og-sovnproblemer\/#breadcrumb"},"inLanguage":"pl-PL","potentialAction":[{"@type":"ReadAction","target":["https:\/\/www.stinesofiesstiftelse.no\/trippel-s\/produserte-artikler\/barnemishandling-og-sovn-hos-barn-og-unge\/viktor-schonning-om-sammenhengen-mellom-vold-i-barndommen-og-sovnproblemer\/"]}]},{"@type":"ImageObject","inLanguage":"pl-PL","@id":"https:\/\/www.stinesofiesstiftelse.no\/trippel-s\/produserte-artikler\/barnemishandling-og-sovn-hos-barn-og-unge\/viktor-schonning-om-sammenhengen-mellom-vold-i-barndommen-og-sovnproblemer\/#primaryimage","url":"https:\/\/www.stinesofiesstiftelse.no\/wp-content\/uploads\/2025\/03\/Viktor-932x1024.jpeg","contentUrl":"https:\/\/www.stinesofiesstiftelse.no\/wp-content\/uploads\/2025\/03\/Viktor-932x1024.jpeg"},{"@type":"BreadcrumbList","@id":"https:\/\/www.stinesofiesstiftelse.no\/trippel-s\/produserte-artikler\/barnemishandling-og-sovn-hos-barn-og-unge\/viktor-schonning-om-sammenhengen-mellom-vold-i-barndommen-og-sovnproblemer\/#breadcrumb","itemListElement":[{"@type":"ListItem","position":1,"name":"Hjem","item":"https:\/\/www.stinesofiesstiftelse.no\/"},{"@type":"ListItem","position":2,"name":"Trippel S","item":"https:\/\/www.stinesofiesstiftelse.no\/trippel-s\/"},{"@type":"ListItem","position":3,"name":"Publiserte artikler","item":"https:\/\/www.stinesofiesstiftelse.no\/trippel-s\/produserte-artikler\/"},{"@type":"ListItem","position":4,"name":"Tydelig sammenheng mellom vold og d\u00e5rlig s\u00f8vn","item":"https:\/\/www.stinesofiesstiftelse.no\/trippel-s\/produserte-artikler\/barnemishandling-og-sovn-hos-barn-og-unge\/"},{"@type":"ListItem","position":5,"name":"\u2013 Klar sammenheng mellom vold i barndommen og s\u00f8vnproblemer"}]},{"@type":"WebSite","@id":"https:\/\/www.stinesofiesstiftelse.no\/#website","url":"https:\/\/www.stinesofiesstiftelse.no\/","name":"Stine Sofies Stiftelse","description":"","publisher":{"@id":"https:\/\/www.stinesofiesstiftelse.no\/#organization"},"potentialAction":[{"@type":"SearchAction","target":{"@type":"EntryPoint","urlTemplate":"https:\/\/www.stinesofiesstiftelse.no\/?s={search_term_string}"},"query-input":{"@type":"PropertyValueSpecification","valueRequired":true,"valueName":"search_term_string"}}],"inLanguage":"pl-PL"},{"@type":"Organization","@id":"https:\/\/www.stinesofiesstiftelse.no\/#organization","name":"Stine Sofies Stiftelse","url":"https:\/\/www.stinesofiesstiftelse.no\/","logo":{"@type":"ImageObject","inLanguage":"pl-PL","@id":"https:\/\/www.stinesofiesstiftelse.no\/#\/schema\/logo\/image\/","url":"https:\/\/d1713zmupob0gt.cloudfront.net\/wp-content\/uploads\/2024\/10\/19093628\/cropped-Stine_sofies_stiftelse_logosymbol.png","contentUrl":"https:\/\/d1713zmupob0gt.cloudfront.net\/wp-content\/uploads\/2024\/10\/19093628\/cropped-Stine_sofies_stiftelse_logosymbol.png","width":512,"height":512,"caption":"Stine Sofies Stiftelse"},"image":{"@id":"https:\/\/www.stinesofiesstiftelse.no\/#\/schema\/logo\/image\/"},"sameAs":["https:\/\/www.facebook.com\/StineSofiesStiftelse\/"]}]}},"mfb_rest_fields":["title","yoast_head","yoast_head_json"],"_links":{"self":[{"href":"https:\/\/www.stinesofiesstiftelse.no\/pl\/wp-json\/wp\/v2\/pages\/10415","targetHints":{"allow":["GET"]}}],"collection":[{"href":"https:\/\/www.stinesofiesstiftelse.no\/pl\/wp-json\/wp\/v2\/pages"}],"about":[{"href":"https:\/\/www.stinesofiesstiftelse.no\/pl\/wp-json\/wp\/v2\/types\/page"}],"author":[{"embeddable":true,"href":"https:\/\/www.stinesofiesstiftelse.no\/pl\/wp-json\/wp\/v2\/users\/2"}],"replies":[{"embeddable":true,"href":"https:\/\/www.stinesofiesstiftelse.no\/pl\/wp-json\/wp\/v2\/comments?post=10415"}],"version-history":[{"count":2,"href":"https:\/\/www.stinesofiesstiftelse.no\/pl\/wp-json\/wp\/v2\/pages\/10415\/revisions"}],"predecessor-version":[{"id":12061,"href":"https:\/\/www.stinesofiesstiftelse.no\/pl\/wp-json\/wp\/v2\/pages\/10415\/revisions\/12061"}],"up":[{"embeddable":true,"href":"https:\/\/www.stinesofiesstiftelse.no\/pl\/wp-json\/wp\/v2\/pages\/10201"}],"wp:attachment":[{"href":"https:\/\/www.stinesofiesstiftelse.no\/pl\/wp-json\/wp\/v2\/media?parent=10415"}],"curies":[{"name":"wp","href":"https:\/\/api.w.org\/{rel}","templated":true}]}}