{"id":10409,"date":"2025-03-10T21:28:19","date_gmt":"2025-03-10T20:28:19","guid":{"rendered":"https:\/\/www.stinesofiesstiftelse.no\/?page_id=10409"},"modified":"2026-04-01T12:32:25","modified_gmt":"2026-04-01T10:32:25","slug":"viktor-schonning-om-sovn-hos-ungdom-utsatt-for-vold-og-overgrep","status":"publish","type":"page","link":"https:\/\/www.stinesofiesstiftelse.no\/pl\/trippel-s\/produserte-artikler\/sovnproblemer-hos-ungdom-utsatt-for-vold\/viktor-schonning-om-sovn-hos-ungdom-utsatt-for-vold-og-overgrep\/","title":{"rendered":"\u2013 S\u00f8vnproblemer er en del av et bredere bilde av psykisk uhelse"},"content":{"rendered":"\n<div class=\"wp-block-group alignwide sss-content-header has-global-padding is-layout-constrained wp-block-group-is-layout-constrained\" style=\"margin-top:0;margin-bottom:0\">\n<div class=\"wp-block-group is-layout-flow wp-block-group-is-layout-flow\" style=\"padding-top:4vw;padding-bottom:3vw\"><div class=\"yoast-breadcrumbs\"><span><span><a href=\"https:\/\/www.stinesofiesstiftelse.no\/\">Hjem<\/a><\/span> \u2013 <span><a href=\"https:\/\/www.stinesofiesstiftelse.no\/trippel-s\/\">Trippel S<\/a><\/span> \u2013 <span><a href=\"https:\/\/www.stinesofiesstiftelse.no\/trippel-s\/produserte-artikler\/\">Publiserte artikler<\/a><\/span> \u2013 <span><a href=\"https:\/\/www.stinesofiesstiftelse.no\/trippel-s\/produserte-artikler\/sovnproblemer-hos-ungdom-utsatt-for-vold\/\">S\u00f8vnproblemer hos ungdom utsatt for vold<\/a><\/span> \u2013 <span class=\"breadcrumb_last\" aria-current=\"page\">\u2013 S\u00f8vnproblemer er en del av et bredere bilde av psykisk uhelse<\/span><\/span><\/div>\n\n<h1 class=\"is-style-has-blob wp-block-post-title has-text-color has-primary-color\">\u2013 S\u00f8vnproblemer er en del av et bredere bilde av psykisk uhelse<\/h1>\n\n\n<p class=\"is-style-leadtext\" style=\"padding-right:0;padding-left:0\">Denne artikkelen er den aller f\u00f8rste som er publisert basert p\u00e5 data innsamlet i Den norske Trippel-S-unders\u00f8kelsen. Den viser at ungdom som har v\u00e6rt utsatt for vold i barndommen har lengre innsovningstid, flere nattlige oppv\u00e5kninger og lavere s\u00f8vneffektivitet sammenlignet med jevnaldrende i den generelle befolkningen. <\/p>\n\n\n\n<p class=\"is-style-leadtext\" style=\"padding-right:0;padding-left:0\">F\u00f8rsteforfatter av artikkelen, Viktor Sch\u00f8nning ved Folkehelseinstituttet, fant ogs\u00e5 at psykiske plager har en sentral rolle i sammenhengen mellom voldserfaringer og s\u00f8vnvansker.<\/p>\n\n\n\n<p class=\"is-style-default\" style=\"padding-right:0;padding-left:0\"><a href=\"https:\/\/onlinelibrary.wiley.com\/doi\/10.1111\/sjop.12960\">Les hele studien som er publisert i Scandinavian Journal of Psychology<\/a>.<\/p>\n<\/div>\n<\/div>\n\n\n\n<h2 class=\"wp-block-heading\">Forsker Viktor Sch\u00f8nning om studien:<\/h2>\n\n\n\n<p class=\"is-style-default\" style=\"padding-right:0;padding-left:0\"><strong>Hva mener du er det viktigste funnet i studien? <\/strong><\/p>\n\n\n\n<p class=\"is-style-default\" style=\"padding-right:0;padding-left:0\">&#8211; Det viktigste funnet er at ungdom med voldserfaringer har betydelige s\u00f8vnproblemer sammenlignet med jevnaldrende i den generelle befolkningen. Kontrollgruppen fra Ung@hordaland gir et viktig sammenligningsgrunnlag og viser hvor store forskjeller det er mellom ungdom som har v\u00e6rt utsatt for vold og jevnaldrende. Spesielt innsovningstid og nattlige oppv\u00e5kninger var tydelig forskjellig mellom gruppene, og vi ser at psykiske plager i stor grad forklarer disse problemene.<\/p>\n\n\n\n<p class=\"is-style-default\" style=\"padding-right:0;padding-left:0\"><strong>Hva var motivasjonen for denne studien? <\/strong><\/p>\n\n\n\n<p class=\"is-style-default\" style=\"padding-right:0;padding-left:0\">&#8211; Vi vet fra tidligere forskning at vold i barndommen kan f\u00f8re til en rekke helseproblemer, men s\u00f8vn har f\u00e5tt relativt lite oppmerksomhet i denne sammenhengen. Fordi s\u00f8vn er s\u00e5 viktig for psykisk og fysisk helse, \u00f8nsket vi \u00e5 se n\u00e6rmere p\u00e5 hvordan voldserfaringer henger sammen med s\u00f8vnproblemer i ungdomstiden.<\/p>\n\n\n\n<p class=\"is-style-default\" style=\"padding-right:0;padding-left:0\"><strong>Hvordan kan de brukes? <\/strong><\/p>\n\n\n\n<p class=\"is-style-default\" style=\"padding-right:0;padding-left:0\">&#8211; Funnene understreker viktigheten av \u00e5 kartlegge s\u00f8vnproblemer hos ungdom som har v\u00e6rt utsatt for vold. Mange av disse ungdommene kan ha nytte av tilpasset s\u00f8vnbehandling i tillegg til annen psykisk helsehjelp. Funnene kan v\u00e6re relevante for alt helsepersonell som jobber med ungdommer.<\/p>\n\n\n\n<p class=\"is-style-default\" style=\"padding-right:0;padding-left:0\"><strong>Var det noen av funnene som overrasket deg? <\/strong><\/p>\n\n\n\n<p class=\"is-style-default\" style=\"padding-right:0;padding-left:0\">&#8211; Ja, vi s\u00e5 ingen signifikant \u00f8kning i forekomsten av insomni, som defineres som vedvarende vansker med \u00e5 sovne, opprettholde s\u00f8vn eller v\u00e5kne for tidlig. Vi hadde forventet at denne gruppen ville ha en h\u00f8yere forekomst av slike s\u00f8vnproblem. Men det var en svak tendens, s\u00e5 dette er noe som b\u00f8r unders\u00f8kes n\u00e6rmere i fremtidige studier.<\/p>\n\n\n\n<p class=\"is-style-default\" style=\"padding-right:0;padding-left:0\"><strong>Hva sier studien om sammenhengen mellom psykisk helse og s\u00f8vn?<\/strong><\/p>\n\n\n\n<p class=\"is-style-default\" style=\"padding-right:0;padding-left:0\">&#8211; Vi fant at psykiske plager kunne forklare sammenhengen mellom voldserfaringer og innsovningsproblemer samt nattlige oppv\u00e5kninger. Dette betyr at s\u00f8vnproblemer i stor grad er en del av et bredere bilde av psykisk uhelse hos denne gruppen.<\/p>\n\n\n\n<p class=\"is-style-default\" style=\"padding-right:0;padding-left:0\"><strong>Hva er dine r\u00e5d til fagpersoner som jobber med barn og unge utsatt for vold og overgrep?<\/strong><\/p>\n\n\n\n<p class=\"is-style-default\" style=\"padding-right:0;padding-left:0\">-Det er viktig \u00e5 inkludere sp\u00f8rsm\u00e5l om s\u00f8vn i kartlegging og behandling av ungdom med voldserfaringer. S\u00f8vnvansker og psykiske vansker kan forsterke hverandre gjensidig, og derfor b\u00f8r begge deler kartlegges. Det er ogs\u00e5 viktig \u00e5 tilby behandling for b\u00e5de psykiske vansker og s\u00f8vnproblemer til dem som har behov for det.<\/p>\n\n\n\n<p class=\"is-style-default\" style=\"padding-right:0;padding-left:0\"><strong>Er det noen begrensninger i studien som er viktige \u00e5 nevne? <\/strong><\/p>\n\n\n\n<p class=\"is-style-default\" style=\"padding-right:0;padding-left:0\">&#8211; En viktig er at utvalget var relativt lite da denne artikkelen ble skrevet, s\u00e5 det kan v\u00e6re behov for st\u00f8rre studier for \u00e5 bekrefte funnene. I tillegg er denne artikkelen basert p\u00e5 tverrsnittsdata, s\u00e5 vi kan ikke si sikkert hva som kommer f\u00f8rst \u2013 s\u00f8vnproblemer eller psykiske plager.<\/p>\n\n\n\n<p class=\"is-style-default\" style=\"padding-right:0;padding-left:0\"><strong>Hva h\u00e5per du at studien kan f\u00f8re til? <\/strong><\/p>\n\n\n\n<p class=\"is-style-default\" style=\"padding-right:0;padding-left:0\">Jeg h\u00e5per at studien bidrar til \u00f8kt oppmerksomhet om s\u00f8vnproblemer hos ungdom utsatt for vold, og at det blir en naturlig del av vurderingen i helsevesenet. Vi vet at god s\u00f8vn er viktig for psykisk helse og livskvalitet, og vi m\u00e5 sikre at denne gruppen f\u00e5r den hjelpen de trenger.<\/p>\n\n\n\n<p><a href=\"https:\/\/www.stinesofiesstiftelse.no\/trippel-s\/produserte-artikler\/sovnproblemer-hos-ungdom-utsatt-for-vold\/\">Les mer om studien her.<\/a><\/p>\n\n\n\n<section class=\"alignwide wp-block-aptum-pagelinker\" id=\"block_53fcfff889ea39a5a4670e9a03f85f22\">\n\n<div class=\"wp-block-aptum-pagelinker__inner alignwide columns-2 item-bg\">\n\t<h2 class=\"wp-block-aptum-pagelinker__heading\">Publiserte artikler fra unders\u00f8kelsen<\/h2>\t<div class=\"wp-block-aptum-pagelinker__grid\">\n\n\t\t\t\t\t\t\t\t\t\t\t\t\t\t<a class=\"wp-block-aptum-pagelinker__item\" href=\"https:\/\/www.stinesofiesstiftelse.no\/pl\/trippel-s\/produserte-artikler\/barnemishandling-og-sovn-hos-barn-og-unge\/\" target=\"_self\">\n\t\t\t\t\t\t\t\t\t\t\t\t\t\t<div class=\"wp-block-aptum-pagelinker__content\">\n\t\t\t\t\t\t\t\t\t\t\t\t\t\t\t\t<div class=\"wp-block-aptum-pagelinker__text\">\n\t\t\t\t\t\t\t\t\t<h3 class=\"wp-block-aptum-pagelinker__title \">Tydelig sammenheng mellom vold og d\u00e5rlig s\u00f8vn<i class=\"wp-block-aptum-pagelinker__arrow\"><\/i><\/h3>\n\t\t\t\t\t\t\t\t\t\t\t\t\t\t\t\t\t\t\t<p class=\"wp-block-aptum-pagelinker__excerpt\">Denne systematiske litteraturgjennomgangen er den f\u00f8rste som spesifikt unders\u00f8ker sammenhengen mellom barn &#8230;<\/p>\n\t\t\t\t\t\t\t\t\t\t\t\t\t\t\t\t\t<\/div>\n\t\t\t\t\t\t\t<\/div>\n\t\t\t\t\t\t<\/a>\n\t\t\t\t\t\t\t\t\t\t\t\t\t\t\t\t\t\t\t\t\t<a class=\"wp-block-aptum-pagelinker__item\" href=\"https:\/\/www.stinesofiesstiftelse.no\/pl\/trippel-s\/produserte-artikler\/psykisk-helse-hos-barn-og-unge-utsatt-for-vold\/\" target=\"_self\">\n\t\t\t\t\t\t\t\t\t\t\t\t\t\t<div class=\"wp-block-aptum-pagelinker__content\">\n\t\t\t\t\t\t\t\t\t\t\t\t\t\t\t\t<div class=\"wp-block-aptum-pagelinker__text\">\n\t\t\t\t\t\t\t\t\t<h3 class=\"wp-block-aptum-pagelinker__title \">Har st\u00f8rre psykiske problemer enn andre barn<i class=\"wp-block-aptum-pagelinker__arrow\"><\/i><\/h3>\n\t\t\t\t\t\t\t\t\t\t\t\t\t\t\t\t\t\t\t<p class=\"wp-block-aptum-pagelinker__excerpt\">Barn og ungdom som har opplevd mishandling, har flere psykiske problemer sammenlignet med andre barn p\u00e5 sam&#8230;<\/p>\n\t\t\t\t\t\t\t\t\t\t\t\t\t\t\t\t\t<\/div>\n\t\t\t\t\t\t\t<\/div>\n\t\t\t\t\t\t<\/a>\n\t\t\t\t\t\t\t\t\t\t\t\t\t\t\t\t\t\t\t\t\t<a class=\"wp-block-aptum-pagelinker__item\" href=\"https:\/\/www.stinesofiesstiftelse.no\/pl\/trippel-s\/produserte-artikler\/sovnproblemer-hos-ungdom-utsatt-for-vold\/\" target=\"_self\">\n\t\t\t\t\t\t\t\t\t\t\t\t\t\t<div class=\"wp-block-aptum-pagelinker__content\">\n\t\t\t\t\t\t\t\t\t\t\t\t\t\t\t\t<div class=\"wp-block-aptum-pagelinker__text\">\n\t\t\t\t\t\t\t\t\t<h3 class=\"wp-block-aptum-pagelinker__title \">S\u00f8vnproblemer hos ungdom utsatt for vold<i class=\"wp-block-aptum-pagelinker__arrow\"><\/i><\/h3>\n\t\t\t\t\t\t\t\t\t\t\t\t\t\t\t\t\t\t\t<p class=\"wp-block-aptum-pagelinker__excerpt\">Ungdom som har opplevd vold i barndommen kan ha \u00f8kt risiko for s\u00f8vnforstyrrelser. Denne studien gir ny inns&#8230;<\/p>\n\t\t\t\t\t\t\t\t\t\t\t\t\t\t\t\t\t<\/div>\n\t\t\t\t\t\t\t<\/div>\n\t\t\t\t\t\t<\/a>\n\t\t\t\t\t\t\t\t\t\t\t\t\t\t\t\t\t\t\t\t\t<a class=\"wp-block-aptum-pagelinker__item\" href=\"https:\/\/www.stinesofiesstiftelse.no\/pl\/trippel-s\/produserte-artikler\/etablering-av-en-helsekohort-for-barn-og-unge-utsatt-for-vold-ogovergrep\/\" target=\"_self\">\n\t\t\t\t\t\t\t\t\t\t\t\t\t\t<div class=\"wp-block-aptum-pagelinker__content\">\n\t\t\t\t\t\t\t\t\t\t\t\t\t\t\t\t<div class=\"wp-block-aptum-pagelinker__text\">\n\t\t\t\t\t\t\t\t\t<h3 class=\"wp-block-aptum-pagelinker__title \">Helsekohort for barn og unge utsatt for vold og\novergrep<i class=\"wp-block-aptum-pagelinker__arrow\"><\/i><\/h3>\n\t\t\t\t\t\t\t\t\t\t\t\t\t\t\t\t\t\t\t<p class=\"wp-block-aptum-pagelinker__excerpt\">Hvordan p\u00e5virker vold og overgrep barn og unge p\u00e5 lang sikt? Trippel-S-studien er den f\u00f8rste longitudinelle&#8230;<\/p>\n\t\t\t\t\t\t\t\t\t\t\t\t\t\t\t\t\t<\/div>\n\t\t\t\t\t\t\t<\/div>\n\t\t\t\t\t\t<\/a>\n\t\t\t\t\t\t\t\t\t\t\t<\/div>\n<\/div>\n\n<\/section>\n","protected":false},"excerpt":{"rendered":"<p>Denne artikkelen er den aller f\u00f8rste som er publisert basert p\u00e5 data innsamlet i Den norske Trippel-S-unders\u00f8kelsen. Den viser at [&hellip;]<\/p>\n","protected":false},"author":2,"featured_media":0,"parent":10385,"menu_order":0,"comment_status":"closed","ping_status":"closed","template":"","meta":{"_acf_changed":false,"inline_featured_image":false,"footnotes":""},"class_list":["post-10409","page","type-page","status-publish","hentry"],"acf":[],"mb":[],"yoast_head":"<!-- This site is optimized with the Yoast SEO plugin v27.3 - https:\/\/yoast.com\/product\/yoast-seo-wordpress\/ -->\n<title>\u2013 S\u00f8vnproblemer er en del av et bredere bilde av psykisk uhelse - Stine Sofies Stiftelse<\/title>\n<meta name=\"robots\" content=\"index, follow, max-snippet:-1, max-image-preview:large, max-video-preview:-1\" \/>\n<link rel=\"canonical\" href=\"https:\/\/www.stinesofiesstiftelse.no\/trippel-s\/produserte-artikler\/sovnproblemer-hos-ungdom-utsatt-for-vold\/viktor-schonning-om-sovn-hos-ungdom-utsatt-for-vold-og-overgrep\/\" \/>\n<meta property=\"og:locale\" content=\"pl_PL\" \/>\n<meta property=\"og:type\" content=\"article\" \/>\n<meta property=\"og:title\" content=\"\u2013 S\u00f8vnproblemer er en del av et bredere bilde av psykisk uhelse - Stine Sofies Stiftelse\" \/>\n<meta property=\"og:description\" content=\"Denne artikkelen er den aller f\u00f8rste som er publisert basert p\u00e5 data innsamlet i Den norske Trippel-S-unders\u00f8kelsen. Den viser at [&hellip;]\" \/>\n<meta property=\"og:url\" content=\"https:\/\/www.stinesofiesstiftelse.no\/trippel-s\/produserte-artikler\/sovnproblemer-hos-ungdom-utsatt-for-vold\/viktor-schonning-om-sovn-hos-ungdom-utsatt-for-vold-og-overgrep\/\" \/>\n<meta property=\"og:site_name\" content=\"Stine Sofies Stiftelse\" \/>\n<meta property=\"article:publisher\" content=\"https:\/\/www.facebook.com\/StineSofiesStiftelse\/\" \/>\n<meta property=\"article:modified_time\" content=\"2026-04-01T10:32:25+00:00\" \/>\n<meta name=\"twitter:card\" content=\"summary_large_image\" \/>\n<meta name=\"twitter:label1\" content=\"Szacowany czas czytania\" \/>\n\t<meta name=\"twitter:data1\" content=\"4 minuty\" \/>\n<script type=\"application\/ld+json\" class=\"yoast-schema-graph\">{\"@context\":\"https:\\\/\\\/schema.org\",\"@graph\":[{\"@type\":\"WebPage\",\"@id\":\"https:\\\/\\\/www.stinesofiesstiftelse.no\\\/trippel-s\\\/produserte-artikler\\\/sovnproblemer-hos-ungdom-utsatt-for-vold\\\/viktor-schonning-om-sovn-hos-ungdom-utsatt-for-vold-og-overgrep\\\/\",\"url\":\"https:\\\/\\\/www.stinesofiesstiftelse.no\\\/trippel-s\\\/produserte-artikler\\\/sovnproblemer-hos-ungdom-utsatt-for-vold\\\/viktor-schonning-om-sovn-hos-ungdom-utsatt-for-vold-og-overgrep\\\/\",\"name\":\"\u2013 S\u00f8vnproblemer er en del av et bredere bilde av psykisk uhelse - Stine Sofies Stiftelse\",\"isPartOf\":{\"@id\":\"https:\\\/\\\/www.stinesofiesstiftelse.no\\\/#website\"},\"datePublished\":\"2025-03-10T20:28:19+00:00\",\"dateModified\":\"2026-04-01T10:32:25+00:00\",\"breadcrumb\":{\"@id\":\"https:\\\/\\\/www.stinesofiesstiftelse.no\\\/trippel-s\\\/produserte-artikler\\\/sovnproblemer-hos-ungdom-utsatt-for-vold\\\/viktor-schonning-om-sovn-hos-ungdom-utsatt-for-vold-og-overgrep\\\/#breadcrumb\"},\"inLanguage\":\"pl-PL\",\"potentialAction\":[{\"@type\":\"ReadAction\",\"target\":[\"https:\\\/\\\/www.stinesofiesstiftelse.no\\\/trippel-s\\\/produserte-artikler\\\/sovnproblemer-hos-ungdom-utsatt-for-vold\\\/viktor-schonning-om-sovn-hos-ungdom-utsatt-for-vold-og-overgrep\\\/\"]}]},{\"@type\":\"BreadcrumbList\",\"@id\":\"https:\\\/\\\/www.stinesofiesstiftelse.no\\\/trippel-s\\\/produserte-artikler\\\/sovnproblemer-hos-ungdom-utsatt-for-vold\\\/viktor-schonning-om-sovn-hos-ungdom-utsatt-for-vold-og-overgrep\\\/#breadcrumb\",\"itemListElement\":[{\"@type\":\"ListItem\",\"position\":1,\"name\":\"Hjem\",\"item\":\"https:\\\/\\\/www.stinesofiesstiftelse.no\\\/\"},{\"@type\":\"ListItem\",\"position\":2,\"name\":\"Trippel S\",\"item\":\"https:\\\/\\\/www.stinesofiesstiftelse.no\\\/trippel-s\\\/\"},{\"@type\":\"ListItem\",\"position\":3,\"name\":\"Publiserte artikler\",\"item\":\"https:\\\/\\\/www.stinesofiesstiftelse.no\\\/trippel-s\\\/produserte-artikler\\\/\"},{\"@type\":\"ListItem\",\"position\":4,\"name\":\"S\u00f8vnproblemer hos ungdom utsatt for vold\",\"item\":\"https:\\\/\\\/www.stinesofiesstiftelse.no\\\/trippel-s\\\/produserte-artikler\\\/sovnproblemer-hos-ungdom-utsatt-for-vold\\\/\"},{\"@type\":\"ListItem\",\"position\":5,\"name\":\"\u2013 S\u00f8vnproblemer er en del av et bredere bilde av psykisk uhelse\"}]},{\"@type\":\"WebSite\",\"@id\":\"https:\\\/\\\/www.stinesofiesstiftelse.no\\\/#website\",\"url\":\"https:\\\/\\\/www.stinesofiesstiftelse.no\\\/\",\"name\":\"Stine Sofies Stiftelse\",\"description\":\"\",\"publisher\":{\"@id\":\"https:\\\/\\\/www.stinesofiesstiftelse.no\\\/#organization\"},\"potentialAction\":[{\"@type\":\"SearchAction\",\"target\":{\"@type\":\"EntryPoint\",\"urlTemplate\":\"https:\\\/\\\/www.stinesofiesstiftelse.no\\\/?s={search_term_string}\"},\"query-input\":{\"@type\":\"PropertyValueSpecification\",\"valueRequired\":true,\"valueName\":\"search_term_string\"}}],\"inLanguage\":\"pl-PL\"},{\"@type\":\"Organization\",\"@id\":\"https:\\\/\\\/www.stinesofiesstiftelse.no\\\/#organization\",\"name\":\"Stine Sofies Stiftelse\",\"url\":\"https:\\\/\\\/www.stinesofiesstiftelse.no\\\/\",\"logo\":{\"@type\":\"ImageObject\",\"inLanguage\":\"pl-PL\",\"@id\":\"https:\\\/\\\/www.stinesofiesstiftelse.no\\\/#\\\/schema\\\/logo\\\/image\\\/\",\"url\":\"https:\\\/\\\/d1713zmupob0gt.cloudfront.net\\\/wp-content\\\/uploads\\\/2024\\\/10\\\/19093628\\\/cropped-Stine_sofies_stiftelse_logosymbol.png\",\"contentUrl\":\"https:\\\/\\\/d1713zmupob0gt.cloudfront.net\\\/wp-content\\\/uploads\\\/2024\\\/10\\\/19093628\\\/cropped-Stine_sofies_stiftelse_logosymbol.png\",\"width\":512,\"height\":512,\"caption\":\"Stine Sofies Stiftelse\"},\"image\":{\"@id\":\"https:\\\/\\\/www.stinesofiesstiftelse.no\\\/#\\\/schema\\\/logo\\\/image\\\/\"},\"sameAs\":[\"https:\\\/\\\/www.facebook.com\\\/StineSofiesStiftelse\\\/\"]}]}<\/script>\n<!-- \/ Yoast SEO plugin. -->","yoast_head_json":{"title":"\u2013 S\u00f8vnproblemer er en del av et bredere bilde av psykisk uhelse - Stine Sofies Stiftelse","robots":{"index":"index","follow":"follow","max-snippet":"max-snippet:-1","max-image-preview":"max-image-preview:large","max-video-preview":"max-video-preview:-1"},"canonical":"https:\/\/www.stinesofiesstiftelse.no\/trippel-s\/produserte-artikler\/sovnproblemer-hos-ungdom-utsatt-for-vold\/viktor-schonning-om-sovn-hos-ungdom-utsatt-for-vold-og-overgrep\/","og_locale":"pl_PL","og_type":"article","og_title":"\u2013 S\u00f8vnproblemer er en del av et bredere bilde av psykisk uhelse - Stine Sofies Stiftelse","og_description":"Denne artikkelen er den aller f\u00f8rste som er publisert basert p\u00e5 data innsamlet i Den norske Trippel-S-unders\u00f8kelsen. Den viser at [&hellip;]","og_url":"https:\/\/www.stinesofiesstiftelse.no\/trippel-s\/produserte-artikler\/sovnproblemer-hos-ungdom-utsatt-for-vold\/viktor-schonning-om-sovn-hos-ungdom-utsatt-for-vold-og-overgrep\/","og_site_name":"Stine Sofies Stiftelse","article_publisher":"https:\/\/www.facebook.com\/StineSofiesStiftelse\/","article_modified_time":"2026-04-01T10:32:25+00:00","twitter_card":"summary_large_image","twitter_misc":{"Szacowany czas czytania":"4 minuty"},"schema":{"@context":"https:\/\/schema.org","@graph":[{"@type":"WebPage","@id":"https:\/\/www.stinesofiesstiftelse.no\/trippel-s\/produserte-artikler\/sovnproblemer-hos-ungdom-utsatt-for-vold\/viktor-schonning-om-sovn-hos-ungdom-utsatt-for-vold-og-overgrep\/","url":"https:\/\/www.stinesofiesstiftelse.no\/trippel-s\/produserte-artikler\/sovnproblemer-hos-ungdom-utsatt-for-vold\/viktor-schonning-om-sovn-hos-ungdom-utsatt-for-vold-og-overgrep\/","name":"\u2013 S\u00f8vnproblemer er en del av et bredere bilde av psykisk uhelse - Stine Sofies Stiftelse","isPartOf":{"@id":"https:\/\/www.stinesofiesstiftelse.no\/#website"},"datePublished":"2025-03-10T20:28:19+00:00","dateModified":"2026-04-01T10:32:25+00:00","breadcrumb":{"@id":"https:\/\/www.stinesofiesstiftelse.no\/trippel-s\/produserte-artikler\/sovnproblemer-hos-ungdom-utsatt-for-vold\/viktor-schonning-om-sovn-hos-ungdom-utsatt-for-vold-og-overgrep\/#breadcrumb"},"inLanguage":"pl-PL","potentialAction":[{"@type":"ReadAction","target":["https:\/\/www.stinesofiesstiftelse.no\/trippel-s\/produserte-artikler\/sovnproblemer-hos-ungdom-utsatt-for-vold\/viktor-schonning-om-sovn-hos-ungdom-utsatt-for-vold-og-overgrep\/"]}]},{"@type":"BreadcrumbList","@id":"https:\/\/www.stinesofiesstiftelse.no\/trippel-s\/produserte-artikler\/sovnproblemer-hos-ungdom-utsatt-for-vold\/viktor-schonning-om-sovn-hos-ungdom-utsatt-for-vold-og-overgrep\/#breadcrumb","itemListElement":[{"@type":"ListItem","position":1,"name":"Hjem","item":"https:\/\/www.stinesofiesstiftelse.no\/"},{"@type":"ListItem","position":2,"name":"Trippel S","item":"https:\/\/www.stinesofiesstiftelse.no\/trippel-s\/"},{"@type":"ListItem","position":3,"name":"Publiserte artikler","item":"https:\/\/www.stinesofiesstiftelse.no\/trippel-s\/produserte-artikler\/"},{"@type":"ListItem","position":4,"name":"S\u00f8vnproblemer hos ungdom utsatt for vold","item":"https:\/\/www.stinesofiesstiftelse.no\/trippel-s\/produserte-artikler\/sovnproblemer-hos-ungdom-utsatt-for-vold\/"},{"@type":"ListItem","position":5,"name":"\u2013 S\u00f8vnproblemer er en del av et bredere bilde av psykisk uhelse"}]},{"@type":"WebSite","@id":"https:\/\/www.stinesofiesstiftelse.no\/#website","url":"https:\/\/www.stinesofiesstiftelse.no\/","name":"Stine Sofies Stiftelse","description":"","publisher":{"@id":"https:\/\/www.stinesofiesstiftelse.no\/#organization"},"potentialAction":[{"@type":"SearchAction","target":{"@type":"EntryPoint","urlTemplate":"https:\/\/www.stinesofiesstiftelse.no\/?s={search_term_string}"},"query-input":{"@type":"PropertyValueSpecification","valueRequired":true,"valueName":"search_term_string"}}],"inLanguage":"pl-PL"},{"@type":"Organization","@id":"https:\/\/www.stinesofiesstiftelse.no\/#organization","name":"Stine Sofies Stiftelse","url":"https:\/\/www.stinesofiesstiftelse.no\/","logo":{"@type":"ImageObject","inLanguage":"pl-PL","@id":"https:\/\/www.stinesofiesstiftelse.no\/#\/schema\/logo\/image\/","url":"https:\/\/d1713zmupob0gt.cloudfront.net\/wp-content\/uploads\/2024\/10\/19093628\/cropped-Stine_sofies_stiftelse_logosymbol.png","contentUrl":"https:\/\/d1713zmupob0gt.cloudfront.net\/wp-content\/uploads\/2024\/10\/19093628\/cropped-Stine_sofies_stiftelse_logosymbol.png","width":512,"height":512,"caption":"Stine Sofies Stiftelse"},"image":{"@id":"https:\/\/www.stinesofiesstiftelse.no\/#\/schema\/logo\/image\/"},"sameAs":["https:\/\/www.facebook.com\/StineSofiesStiftelse\/"]}]}},"mfb_rest_fields":["title","yoast_head","yoast_head_json"],"_links":{"self":[{"href":"https:\/\/www.stinesofiesstiftelse.no\/pl\/wp-json\/wp\/v2\/pages\/10409","targetHints":{"allow":["GET"]}}],"collection":[{"href":"https:\/\/www.stinesofiesstiftelse.no\/pl\/wp-json\/wp\/v2\/pages"}],"about":[{"href":"https:\/\/www.stinesofiesstiftelse.no\/pl\/wp-json\/wp\/v2\/types\/page"}],"author":[{"embeddable":true,"href":"https:\/\/www.stinesofiesstiftelse.no\/pl\/wp-json\/wp\/v2\/users\/2"}],"replies":[{"embeddable":true,"href":"https:\/\/www.stinesofiesstiftelse.no\/pl\/wp-json\/wp\/v2\/comments?post=10409"}],"version-history":[{"count":2,"href":"https:\/\/www.stinesofiesstiftelse.no\/pl\/wp-json\/wp\/v2\/pages\/10409\/revisions"}],"predecessor-version":[{"id":10834,"href":"https:\/\/www.stinesofiesstiftelse.no\/pl\/wp-json\/wp\/v2\/pages\/10409\/revisions\/10834"}],"up":[{"embeddable":true,"href":"https:\/\/www.stinesofiesstiftelse.no\/pl\/wp-json\/wp\/v2\/pages\/10385"}],"wp:attachment":[{"href":"https:\/\/www.stinesofiesstiftelse.no\/pl\/wp-json\/wp\/v2\/media?parent=10409"}],"curies":[{"name":"wp","href":"https:\/\/api.w.org\/{rel}","templated":true}]}}