{"id":10403,"date":"2025-03-10T21:20:36","date_gmt":"2025-03-10T20:20:36","guid":{"rendered":"https:\/\/www.stinesofiesstiftelse.no\/?page_id=10403"},"modified":"2026-04-01T12:32:24","modified_gmt":"2026-04-01T10:32:24","slug":"viktor-schonning-om-psykisk-helse-hos-barn-og-unge-utsatt-for-vold-og-overgrep","status":"publish","type":"page","link":"https:\/\/www.stinesofiesstiftelse.no\/pl\/trippel-s\/produserte-artikler\/psykisk-helse-hos-barn-og-unge-utsatt-for-vold\/viktor-schonning-om-psykisk-helse-hos-barn-og-unge-utsatt-for-vold-og-overgrep\/","title":{"rendered":"\u2013 Vesentlig st\u00f8rre behov for psykisk helsehjelp"},"content":{"rendered":"\n<div class=\"wp-block-group alignwide sss-content-header has-global-padding is-layout-constrained wp-block-group-is-layout-constrained\" style=\"margin-top:0;margin-bottom:0\">\n<div class=\"wp-block-group is-layout-flow wp-block-group-is-layout-flow\" style=\"padding-top:4vw;padding-bottom:3vw\"><div class=\"yoast-breadcrumbs\"><span><span><a href=\"https:\/\/www.stinesofiesstiftelse.no\/\">Hjem<\/a><\/span> \u2013 <span><a href=\"https:\/\/www.stinesofiesstiftelse.no\/trippel-s\/\">Trippel S<\/a><\/span> \u2013 <span><a href=\"https:\/\/www.stinesofiesstiftelse.no\/trippel-s\/produserte-artikler\/\">Publiserte artikler<\/a><\/span> \u2013 <span><a href=\"https:\/\/www.stinesofiesstiftelse.no\/trippel-s\/produserte-artikler\/psykisk-helse-hos-barn-og-unge-utsatt-for-vold\/\">Har st\u00f8rre psykiske problemer enn andre barn<\/a><\/span> \u2013 <span class=\"breadcrumb_last\" aria-current=\"page\">\u2013 Vesentlig st\u00f8rre behov for psykisk helsehjelp<\/span><\/span><\/div>\n\n<h1 class=\"is-style-has-blob wp-block-post-title has-text-color has-primary-color\">\u2013 Vesentlig st\u00f8rre behov for psykisk helsehjelp<\/h1>\n\n\n<p style=\"padding-right:0;padding-left:0\">En studie publisert i Nordic Psychology viser at barn og unge som har v\u00e6rt utsatt for vold og overgrep i barndommen har betydelig h\u00f8yere risiko for psykiske helseplager sammenlignet med jevnaldrende i den generelle befolkningen.<\/p>\n<\/div>\n<\/div>\n\n\n\n<figure class=\"wp-block-image size-large\"><img loading=\"lazy\" decoding=\"async\" width=\"2035\" height=\"1527\" src=\"https:\/\/d1713zmupob0gt.cloudfront.net\/wp-content\/uploads\/2025\/10\/15134839\/Viktor-edited.jpeg\" alt=\"\" class=\"wp-image-12067\" srcset=\"https:\/\/d1713zmupob0gt.cloudfront.net\/wp-content\/uploads\/2025\/10\/15134839\/Viktor-edited.jpeg 2035w, https:\/\/d1713zmupob0gt.cloudfront.net\/wp-content\/uploads\/2025\/10\/15134839\/Viktor-edited-300x225.jpeg 300w, https:\/\/d1713zmupob0gt.cloudfront.net\/wp-content\/uploads\/2025\/10\/15134839\/Viktor-edited-1024x768.jpeg 1024w, https:\/\/d1713zmupob0gt.cloudfront.net\/wp-content\/uploads\/2025\/10\/15134839\/Viktor-edited-768x576.jpeg 768w, https:\/\/d1713zmupob0gt.cloudfront.net\/wp-content\/uploads\/2025\/10\/15134839\/Viktor-edited-1536x1153.jpeg 1536w\" sizes=\"auto, (max-width: 2035px) 100vw, 2035px\" \/><figcaption class=\"wp-element-caption\"><em>Forsker Viktor Sch\u00f8nning har ledet studien.<\/em><\/figcaption><\/figure>\n\n\n\n<div class=\"wp-block-group has-global-padding is-layout-constrained wp-block-group-is-layout-constrained\">\n<p><a href=\"DOI: 10.1080\/19012276.2024.2390428\">Les hele studien som er publisert i Nordic Psychology<\/a><\/p>\n<\/div>\n\n\n\n<p class=\"is-style-default\" style=\"padding-right:0;padding-left:0\">Studien, ledet av Viktor Sch\u00f8nning ved Universitetet i Bergen og Folkehelseinstituttet, finner spesielt store forskjeller i emosjonelle vansker, hyperaktivitet og problemer i relasjoner med jevnaldrende\u200b.<\/p>\n\n\n\n<p class=\"is-style-default\" style=\"padding-right:0;padding-left:0\">Et viktig funn at barn som har v\u00e6rt utsatt for flere typer vold eller overgrep har mer alvorlige psykiske helseplager. Studien gir dermed viktig innsikt i hvor sterkt slike belastninger p\u00e5virker barns psykiske helse og understreker behovet for tidlig identifisering og m\u00e5lrettede hjelpetiltak\u200b.<\/p>\n\n\n\n<h2 class=\"wp-block-heading\">Forsker Viktor Sch\u00f8nning om studien<\/h2>\n\n\n\n<p class=\"is-style-default\" style=\"padding-right:0;padding-left:0\"><strong>Hva mener du er det viktigste funnet i studien? <\/strong><\/p>\n\n\n\n<p class=\"is-style-default\" style=\"padding-right:0;padding-left:0\">&#8211; Det viktigste funnet er hvor omfattende og alvorlig konsekvensene av vold og overgrep i barndommen er for psykisk helse. Vi ser at denne gruppen sk\u00e5rer betydelig h\u00f8yere p\u00e5 psykiske helseplager p\u00e5 tvers av flere omr\u00e5der. Dette understreker behovet for tidlig identifisering og m\u00e5lrettede tiltak for \u00e5 hjelpe disse barna og ungdommene.<\/p>\n\n\n\n<p class=\"is-style-default\" style=\"padding-right:0;padding-left:0\"><strong>Hva var motivasjonen for denne studien? <\/strong><\/p>\n\n\n\n<p class=\"is-style-default\" style=\"padding-right:0;padding-left:0\">&#8211; Vi vet at vold og overgrep i barndommen er sterkt forbundet med senere psykiske helseplager. Men,  det har v\u00e6rt mindre forskning p\u00e5 hvordan dette p\u00e5virker barn og ungdom mens de fremdeles er i utvikling. Tidligere forskning har i stor grad fokusert p\u00e5 konsekvensene i voksen alder. N\u00e5 \u00f8nsket vi \u00e5 kartlegge hvordan det p\u00e5virker unge her og n\u00e5, og hvordan vi kan bidra til at de f\u00e5r bedre oppf\u00f8lging. <\/p>\n\n\n\n<p class=\"is-style-default\" style=\"padding-right:0;padding-left:0\"><strong>Hvordan kan de brukes? <\/strong><\/p>\n\n\n\n<p class=\"is-style-default\" style=\"padding-right:0;padding-left:0\">&#8211; Funnene v\u00e5re viser at barn og unge utsatt for vold og overgrep har vesentlig st\u00f8rre behov for psykisk helsehjelp. Vi h\u00e5per at studien kan bidra til \u00e5 styrke forebygging, tidlig intervensjon og behandling. Dette er viktig kunnskap for politikere, helsepersonell og barnevernstjenester. <\/p>\n\n\n\n<p class=\"is-style-default\" style=\"padding-right:0;padding-left:0\"><strong>Var det noen av funnene som overrasket deg? <\/strong><\/p>\n\n\n\n<p class=\"is-style-default\" style=\"padding-right:0;padding-left:0\">&#8211; Ja, et av de mest overraskende funnene var hvor omfattende og gjennomg\u00e5ende sammenhengen mellom vold, overgrep og psykiske helseplager var. Vi s\u00e5 at belastningene p\u00e5virket barn og unge p\u00e5 tvers av flere omr\u00e5der, inkludert emosjonelle vansker, hyperaktivitet og sosiale relasjoner. <\/p>\n\n\n\n<p class=\"is-style-default\" style=\"padding-right:0;padding-left:0\"><strong>Hva sier studien om sammenhengen mellom antall belastninger og psykisk helse? <\/strong><\/p>\n\n\n\n<p class=\"is-style-default\" style=\"padding-right:0;padding-left:0\">&#8211; Vi fant at jo flere typer vold og overgrep en person hadde opplevd, desto verre var de psykiske helseplagene. Dette viser at summen av belastninger har en sterk innvirkning p\u00e5 barn og unges psykiske helse, og understreker behovet for helhetlig oppf\u00f8lging av de mest utsatte. <\/p>\n\n\n\n<p class=\"is-style-default\" style=\"padding-right:0;padding-left:0\"><strong>Hva er dine r\u00e5d til fagpersoner som jobber med barn og unge utsatt for vold og overgrep?<\/strong><\/p>\n\n\n\n<p class=\"is-style-default\" style=\"padding-right:0;padding-left:0\"> -Det viktigste er \u00e5 oppdage og anerkjenne tegn p\u00e5 psykiske helseplager tidlig. Vi vet at mange barn og unge ikke selv opps\u00f8ker hjelp, s\u00e5 det er avgj\u00f8rende at fagpersoner \u2013 enten det er i helsevesenet, skolen eller barnevernet \u2013 er proaktive og tilbyr st\u00f8tte. Videre b\u00f8r hjelpetiltak v\u00e6re langvarige og tilpasset individuelle behov, da konsekvensene av vold og overgrep kan strekke seg over tid. <\/p>\n\n\n\n<p class=\"is-style-default\" style=\"padding-right:0;padding-left:0\"><strong>Er det noen begrensninger i studien som er viktige \u00e5 nevne? <\/strong><\/p>\n\n\n\n<p class=\"is-style-default\" style=\"padding-right:0;padding-left:0\">&#8211; Ja, noen viktige begrensninger er at dette er en tverrsnittstudie, noe som betyr at vi ikke kan si sikkert om \u00e5rsak og virkning. Vi sammenligner med barn og ungdom fra den generelle befolkningsgruppen. Vi vet ikke hvor mange i denne gruppen som kan ha v\u00e6rt utsatt for vold eller overgrep, siden dette ikke ble kartlagt. I tillegg er det en viss tidsforskjell mellom n\u00e5r dataene ble samlet inn for de to gruppene.<\/p>\n\n\n\n<p class=\"is-style-default\" style=\"padding-right:0;padding-left:0\"><strong>Hva h\u00e5per du at studien kan f\u00f8re til? <\/strong><\/p>\n\n\n\n<p class=\"is-style-default\" style=\"padding-right:0;padding-left:0\">&#8211; Jeg h\u00e5per at studien bidrar til \u00f8kt bevissthet og bedre hjelpetiltak for barn og unge som har opplevd vold og overgrep. Funnene v\u00e5re viser hvor stor belastning dette utgj\u00f8r for psykisk helse, og jeg h\u00e5per det kan f\u00f8re til at flere f\u00e5r tilgang til tidlig og god hjelp.<\/p>\n\n\n\n<p><a href=\"https:\/\/www.stinesofiesstiftelse.no\/trippel-s\/produserte-artikler\/psykisk-helse-hos-barn-og-unge-utsatt-for-vold\/\">Les mer om studien her.<\/a><\/p>\n\n\n\n<section class=\"alignwide wp-block-aptum-pagelinker\" id=\"block_923a0ea9305517358e4059ad72182088\">\n\n<div class=\"wp-block-aptum-pagelinker__inner alignwide columns-2 item-bg\">\n\t<h2 class=\"wp-block-aptum-pagelinker__heading\">Andre publiserte artikler fra unders\u00f8kelsen<\/h2>\t<div class=\"wp-block-aptum-pagelinker__grid\">\n\n\t\t\t\t\t\t\t\t\t\t\t\t\t\t<a class=\"wp-block-aptum-pagelinker__item\" href=\"https:\/\/www.stinesofiesstiftelse.no\/pl\/trippel-s\/produserte-artikler\/barnemishandling-og-sovn-hos-barn-og-unge\/\" target=\"_self\">\n\t\t\t\t\t\t\t\t\t\t\t\t\t\t<div class=\"wp-block-aptum-pagelinker__content\">\n\t\t\t\t\t\t\t\t\t\t\t\t\t\t\t\t<div class=\"wp-block-aptum-pagelinker__text\">\n\t\t\t\t\t\t\t\t\t<h3 class=\"wp-block-aptum-pagelinker__title \">Tydelig sammenheng mellom vold og d\u00e5rlig s\u00f8vn<i class=\"wp-block-aptum-pagelinker__arrow\"><\/i><\/h3>\n\t\t\t\t\t\t\t\t\t\t\t\t\t\t\t\t\t\t\t<p class=\"wp-block-aptum-pagelinker__excerpt\">Denne systematiske litteraturgjennomgangen er den f\u00f8rste som spesifikt unders\u00f8ker sammenhengen mellom barn &#8230;<\/p>\n\t\t\t\t\t\t\t\t\t\t\t\t\t\t\t\t\t<\/div>\n\t\t\t\t\t\t\t<\/div>\n\t\t\t\t\t\t<\/a>\n\t\t\t\t\t\t\t\t\t\t\t\t\t\t\t\t\t\t\t\t\t<a class=\"wp-block-aptum-pagelinker__item\" href=\"https:\/\/www.stinesofiesstiftelse.no\/pl\/trippel-s\/produserte-artikler\/bruken-av-hjelpetilbud-blant-barn-og-unge-utsatt-for-vold-og-overgrep\/\" target=\"_self\">\n\t\t\t\t\t\t\t\t\t\t\t\t\t\t<div class=\"wp-block-aptum-pagelinker__content\">\n\t\t\t\t\t\t\t\t\t\t\t\t\t\t\t\t<div class=\"wp-block-aptum-pagelinker__text\">\n\t\t\t\t\t\t\t\t\t<h3 class=\"wp-block-aptum-pagelinker__title \">Barna f\u00e5r ikke hjelpen de har behov for<i class=\"wp-block-aptum-pagelinker__arrow\"><\/i><\/h3>\n\t\t\t\t\t\t\t\t\t\t\t\t\t\t\t\t\t\t\t<p class=\"wp-block-aptum-pagelinker__excerpt\">Denne studien gir ny innsikt i hvilke tjenester barn og ungdommer utsatt for vold og overgrep har v\u00e6rt i ko&#8230;<\/p>\n\t\t\t\t\t\t\t\t\t\t\t\t\t\t\t\t\t<\/div>\n\t\t\t\t\t\t\t<\/div>\n\t\t\t\t\t\t<\/a>\n\t\t\t\t\t\t\t\t\t\t\t\t\t\t\t\t\t\t\t\t\t<a class=\"wp-block-aptum-pagelinker__item\" href=\"https:\/\/www.stinesofiesstiftelse.no\/pl\/trippel-s\/produserte-artikler\/sovnproblemer-hos-ungdom-utsatt-for-vold\/\" target=\"_self\">\n\t\t\t\t\t\t\t\t\t\t\t\t\t\t<div class=\"wp-block-aptum-pagelinker__content\">\n\t\t\t\t\t\t\t\t\t\t\t\t\t\t\t\t<div class=\"wp-block-aptum-pagelinker__text\">\n\t\t\t\t\t\t\t\t\t<h3 class=\"wp-block-aptum-pagelinker__title \">S\u00f8vnproblemer hos ungdom utsatt for vold<i class=\"wp-block-aptum-pagelinker__arrow\"><\/i><\/h3>\n\t\t\t\t\t\t\t\t\t\t\t\t\t\t\t\t\t\t\t<p class=\"wp-block-aptum-pagelinker__excerpt\">Ungdom som har opplevd vold i barndommen kan ha \u00f8kt risiko for s\u00f8vnforstyrrelser. Denne studien gir ny inns&#8230;<\/p>\n\t\t\t\t\t\t\t\t\t\t\t\t\t\t\t\t\t<\/div>\n\t\t\t\t\t\t\t<\/div>\n\t\t\t\t\t\t<\/a>\n\t\t\t\t\t\t\t\t\t\t\t\t\t\t\t\t\t\t\t\t\t<a class=\"wp-block-aptum-pagelinker__item\" href=\"https:\/\/www.stinesofiesstiftelse.no\/pl\/trippel-s\/produserte-artikler\/etablering-av-en-helsekohort-for-barn-og-unge-utsatt-for-vold-ogovergrep\/\" target=\"_self\">\n\t\t\t\t\t\t\t\t\t\t\t\t\t\t<div class=\"wp-block-aptum-pagelinker__content\">\n\t\t\t\t\t\t\t\t\t\t\t\t\t\t\t\t<div class=\"wp-block-aptum-pagelinker__text\">\n\t\t\t\t\t\t\t\t\t<h3 class=\"wp-block-aptum-pagelinker__title \">Helsekohort for barn og unge utsatt for vold og\novergrep<i class=\"wp-block-aptum-pagelinker__arrow\"><\/i><\/h3>\n\t\t\t\t\t\t\t\t\t\t\t\t\t\t\t\t\t\t\t<p class=\"wp-block-aptum-pagelinker__excerpt\">Hvordan p\u00e5virker vold og overgrep barn og unge p\u00e5 lang sikt? Trippel-S-studien er den f\u00f8rste longitudinelle&#8230;<\/p>\n\t\t\t\t\t\t\t\t\t\t\t\t\t\t\t\t\t<\/div>\n\t\t\t\t\t\t\t<\/div>\n\t\t\t\t\t\t<\/a>\n\t\t\t\t\t\t\t\t\t\t\t<\/div>\n<\/div>\n\n<\/section>\n","protected":false},"excerpt":{"rendered":"<p>En studie publisert i Nordic Psychology viser at barn og unge som har v\u00e6rt utsatt for vold og overgrep i [&hellip;]<\/p>\n","protected":false},"author":2,"featured_media":0,"parent":10188,"menu_order":0,"comment_status":"closed","ping_status":"closed","template":"","meta":{"_acf_changed":false,"inline_featured_image":false,"footnotes":""},"class_list":["post-10403","page","type-page","status-publish","hentry"],"acf":[],"mb":[],"yoast_head":"<!-- This site is optimized with the Yoast SEO plugin v27.3 - https:\/\/yoast.com\/product\/yoast-seo-wordpress\/ -->\n<title>\u2013 Vesentlig st\u00f8rre behov for psykisk helsehjelp - Stine Sofies Stiftelse<\/title>\n<meta name=\"robots\" content=\"index, follow, max-snippet:-1, max-image-preview:large, max-video-preview:-1\" \/>\n<link rel=\"canonical\" href=\"https:\/\/www.stinesofiesstiftelse.no\/trippel-s\/produserte-artikler\/psykisk-helse-hos-barn-og-unge-utsatt-for-vold\/viktor-schonning-om-psykisk-helse-hos-barn-og-unge-utsatt-for-vold-og-overgrep\/\" \/>\n<meta property=\"og:locale\" content=\"pl_PL\" \/>\n<meta property=\"og:type\" content=\"article\" \/>\n<meta property=\"og:title\" content=\"\u2013 Vesentlig st\u00f8rre behov for psykisk helsehjelp - Stine Sofies Stiftelse\" \/>\n<meta property=\"og:description\" content=\"En studie publisert i Nordic Psychology viser at barn og unge som har v\u00e6rt utsatt for vold og overgrep i [&hellip;]\" \/>\n<meta property=\"og:url\" content=\"https:\/\/www.stinesofiesstiftelse.no\/trippel-s\/produserte-artikler\/psykisk-helse-hos-barn-og-unge-utsatt-for-vold\/viktor-schonning-om-psykisk-helse-hos-barn-og-unge-utsatt-for-vold-og-overgrep\/\" \/>\n<meta property=\"og:site_name\" content=\"Stine Sofies Stiftelse\" \/>\n<meta property=\"article:publisher\" content=\"https:\/\/www.facebook.com\/StineSofiesStiftelse\/\" \/>\n<meta property=\"article:modified_time\" content=\"2026-04-01T10:32:24+00:00\" \/>\n<meta property=\"og:image\" content=\"https:\/\/www.stinesofiesstiftelse.no\/wp-content\/uploads\/2025\/10\/Viktor-edited.jpeg\" \/>\n<meta name=\"twitter:card\" content=\"summary_large_image\" \/>\n<meta name=\"twitter:label1\" content=\"Szacowany czas czytania\" \/>\n\t<meta name=\"twitter:data1\" content=\"4 minuty\" \/>\n<script type=\"application\/ld+json\" class=\"yoast-schema-graph\">{\"@context\":\"https:\\\/\\\/schema.org\",\"@graph\":[{\"@type\":\"WebPage\",\"@id\":\"https:\\\/\\\/www.stinesofiesstiftelse.no\\\/trippel-s\\\/produserte-artikler\\\/psykisk-helse-hos-barn-og-unge-utsatt-for-vold\\\/viktor-schonning-om-psykisk-helse-hos-barn-og-unge-utsatt-for-vold-og-overgrep\\\/\",\"url\":\"https:\\\/\\\/www.stinesofiesstiftelse.no\\\/trippel-s\\\/produserte-artikler\\\/psykisk-helse-hos-barn-og-unge-utsatt-for-vold\\\/viktor-schonning-om-psykisk-helse-hos-barn-og-unge-utsatt-for-vold-og-overgrep\\\/\",\"name\":\"\u2013 Vesentlig st\u00f8rre behov for psykisk helsehjelp - Stine Sofies Stiftelse\",\"isPartOf\":{\"@id\":\"https:\\\/\\\/www.stinesofiesstiftelse.no\\\/#website\"},\"primaryImageOfPage\":{\"@id\":\"https:\\\/\\\/www.stinesofiesstiftelse.no\\\/trippel-s\\\/produserte-artikler\\\/psykisk-helse-hos-barn-og-unge-utsatt-for-vold\\\/viktor-schonning-om-psykisk-helse-hos-barn-og-unge-utsatt-for-vold-og-overgrep\\\/#primaryimage\"},\"image\":{\"@id\":\"https:\\\/\\\/www.stinesofiesstiftelse.no\\\/trippel-s\\\/produserte-artikler\\\/psykisk-helse-hos-barn-og-unge-utsatt-for-vold\\\/viktor-schonning-om-psykisk-helse-hos-barn-og-unge-utsatt-for-vold-og-overgrep\\\/#primaryimage\"},\"thumbnailUrl\":\"https:\\\/\\\/www.stinesofiesstiftelse.no\\\/wp-content\\\/uploads\\\/2025\\\/10\\\/Viktor-edited.jpeg\",\"datePublished\":\"2025-03-10T20:20:36+00:00\",\"dateModified\":\"2026-04-01T10:32:24+00:00\",\"breadcrumb\":{\"@id\":\"https:\\\/\\\/www.stinesofiesstiftelse.no\\\/trippel-s\\\/produserte-artikler\\\/psykisk-helse-hos-barn-og-unge-utsatt-for-vold\\\/viktor-schonning-om-psykisk-helse-hos-barn-og-unge-utsatt-for-vold-og-overgrep\\\/#breadcrumb\"},\"inLanguage\":\"pl-PL\",\"potentialAction\":[{\"@type\":\"ReadAction\",\"target\":[\"https:\\\/\\\/www.stinesofiesstiftelse.no\\\/trippel-s\\\/produserte-artikler\\\/psykisk-helse-hos-barn-og-unge-utsatt-for-vold\\\/viktor-schonning-om-psykisk-helse-hos-barn-og-unge-utsatt-for-vold-og-overgrep\\\/\"]}]},{\"@type\":\"ImageObject\",\"inLanguage\":\"pl-PL\",\"@id\":\"https:\\\/\\\/www.stinesofiesstiftelse.no\\\/trippel-s\\\/produserte-artikler\\\/psykisk-helse-hos-barn-og-unge-utsatt-for-vold\\\/viktor-schonning-om-psykisk-helse-hos-barn-og-unge-utsatt-for-vold-og-overgrep\\\/#primaryimage\",\"url\":\"https:\\\/\\\/www.stinesofiesstiftelse.no\\\/wp-content\\\/uploads\\\/2025\\\/10\\\/Viktor-edited.jpeg\",\"contentUrl\":\"https:\\\/\\\/www.stinesofiesstiftelse.no\\\/wp-content\\\/uploads\\\/2025\\\/10\\\/Viktor-edited.jpeg\"},{\"@type\":\"BreadcrumbList\",\"@id\":\"https:\\\/\\\/www.stinesofiesstiftelse.no\\\/trippel-s\\\/produserte-artikler\\\/psykisk-helse-hos-barn-og-unge-utsatt-for-vold\\\/viktor-schonning-om-psykisk-helse-hos-barn-og-unge-utsatt-for-vold-og-overgrep\\\/#breadcrumb\",\"itemListElement\":[{\"@type\":\"ListItem\",\"position\":1,\"name\":\"Hjem\",\"item\":\"https:\\\/\\\/www.stinesofiesstiftelse.no\\\/\"},{\"@type\":\"ListItem\",\"position\":2,\"name\":\"Trippel S\",\"item\":\"https:\\\/\\\/www.stinesofiesstiftelse.no\\\/trippel-s\\\/\"},{\"@type\":\"ListItem\",\"position\":3,\"name\":\"Publiserte artikler\",\"item\":\"https:\\\/\\\/www.stinesofiesstiftelse.no\\\/trippel-s\\\/produserte-artikler\\\/\"},{\"@type\":\"ListItem\",\"position\":4,\"name\":\"Har st\u00f8rre psykiske problemer enn andre barn\",\"item\":\"https:\\\/\\\/www.stinesofiesstiftelse.no\\\/trippel-s\\\/produserte-artikler\\\/psykisk-helse-hos-barn-og-unge-utsatt-for-vold\\\/\"},{\"@type\":\"ListItem\",\"position\":5,\"name\":\"\u2013 Vesentlig st\u00f8rre behov for psykisk helsehjelp\"}]},{\"@type\":\"WebSite\",\"@id\":\"https:\\\/\\\/www.stinesofiesstiftelse.no\\\/#website\",\"url\":\"https:\\\/\\\/www.stinesofiesstiftelse.no\\\/\",\"name\":\"Stine Sofies Stiftelse\",\"description\":\"\",\"publisher\":{\"@id\":\"https:\\\/\\\/www.stinesofiesstiftelse.no\\\/#organization\"},\"potentialAction\":[{\"@type\":\"SearchAction\",\"target\":{\"@type\":\"EntryPoint\",\"urlTemplate\":\"https:\\\/\\\/www.stinesofiesstiftelse.no\\\/?s={search_term_string}\"},\"query-input\":{\"@type\":\"PropertyValueSpecification\",\"valueRequired\":true,\"valueName\":\"search_term_string\"}}],\"inLanguage\":\"pl-PL\"},{\"@type\":\"Organization\",\"@id\":\"https:\\\/\\\/www.stinesofiesstiftelse.no\\\/#organization\",\"name\":\"Stine Sofies Stiftelse\",\"url\":\"https:\\\/\\\/www.stinesofiesstiftelse.no\\\/\",\"logo\":{\"@type\":\"ImageObject\",\"inLanguage\":\"pl-PL\",\"@id\":\"https:\\\/\\\/www.stinesofiesstiftelse.no\\\/#\\\/schema\\\/logo\\\/image\\\/\",\"url\":\"https:\\\/\\\/d1713zmupob0gt.cloudfront.net\\\/wp-content\\\/uploads\\\/2024\\\/10\\\/19093628\\\/cropped-Stine_sofies_stiftelse_logosymbol.png\",\"contentUrl\":\"https:\\\/\\\/d1713zmupob0gt.cloudfront.net\\\/wp-content\\\/uploads\\\/2024\\\/10\\\/19093628\\\/cropped-Stine_sofies_stiftelse_logosymbol.png\",\"width\":512,\"height\":512,\"caption\":\"Stine Sofies Stiftelse\"},\"image\":{\"@id\":\"https:\\\/\\\/www.stinesofiesstiftelse.no\\\/#\\\/schema\\\/logo\\\/image\\\/\"},\"sameAs\":[\"https:\\\/\\\/www.facebook.com\\\/StineSofiesStiftelse\\\/\"]}]}<\/script>\n<!-- \/ Yoast SEO plugin. -->","yoast_head_json":{"title":"\u2013 Vesentlig st\u00f8rre behov for psykisk helsehjelp - Stine Sofies Stiftelse","robots":{"index":"index","follow":"follow","max-snippet":"max-snippet:-1","max-image-preview":"max-image-preview:large","max-video-preview":"max-video-preview:-1"},"canonical":"https:\/\/www.stinesofiesstiftelse.no\/trippel-s\/produserte-artikler\/psykisk-helse-hos-barn-og-unge-utsatt-for-vold\/viktor-schonning-om-psykisk-helse-hos-barn-og-unge-utsatt-for-vold-og-overgrep\/","og_locale":"pl_PL","og_type":"article","og_title":"\u2013 Vesentlig st\u00f8rre behov for psykisk helsehjelp - Stine Sofies Stiftelse","og_description":"En studie publisert i Nordic Psychology viser at barn og unge som har v\u00e6rt utsatt for vold og overgrep i [&hellip;]","og_url":"https:\/\/www.stinesofiesstiftelse.no\/trippel-s\/produserte-artikler\/psykisk-helse-hos-barn-og-unge-utsatt-for-vold\/viktor-schonning-om-psykisk-helse-hos-barn-og-unge-utsatt-for-vold-og-overgrep\/","og_site_name":"Stine Sofies Stiftelse","article_publisher":"https:\/\/www.facebook.com\/StineSofiesStiftelse\/","article_modified_time":"2026-04-01T10:32:24+00:00","og_image":[{"url":"https:\/\/www.stinesofiesstiftelse.no\/wp-content\/uploads\/2025\/10\/Viktor-edited.jpeg","type":"","width":"","height":""}],"twitter_card":"summary_large_image","twitter_misc":{"Szacowany czas czytania":"4 minuty"},"schema":{"@context":"https:\/\/schema.org","@graph":[{"@type":"WebPage","@id":"https:\/\/www.stinesofiesstiftelse.no\/trippel-s\/produserte-artikler\/psykisk-helse-hos-barn-og-unge-utsatt-for-vold\/viktor-schonning-om-psykisk-helse-hos-barn-og-unge-utsatt-for-vold-og-overgrep\/","url":"https:\/\/www.stinesofiesstiftelse.no\/trippel-s\/produserte-artikler\/psykisk-helse-hos-barn-og-unge-utsatt-for-vold\/viktor-schonning-om-psykisk-helse-hos-barn-og-unge-utsatt-for-vold-og-overgrep\/","name":"\u2013 Vesentlig st\u00f8rre behov for psykisk helsehjelp - Stine Sofies Stiftelse","isPartOf":{"@id":"https:\/\/www.stinesofiesstiftelse.no\/#website"},"primaryImageOfPage":{"@id":"https:\/\/www.stinesofiesstiftelse.no\/trippel-s\/produserte-artikler\/psykisk-helse-hos-barn-og-unge-utsatt-for-vold\/viktor-schonning-om-psykisk-helse-hos-barn-og-unge-utsatt-for-vold-og-overgrep\/#primaryimage"},"image":{"@id":"https:\/\/www.stinesofiesstiftelse.no\/trippel-s\/produserte-artikler\/psykisk-helse-hos-barn-og-unge-utsatt-for-vold\/viktor-schonning-om-psykisk-helse-hos-barn-og-unge-utsatt-for-vold-og-overgrep\/#primaryimage"},"thumbnailUrl":"https:\/\/www.stinesofiesstiftelse.no\/wp-content\/uploads\/2025\/10\/Viktor-edited.jpeg","datePublished":"2025-03-10T20:20:36+00:00","dateModified":"2026-04-01T10:32:24+00:00","breadcrumb":{"@id":"https:\/\/www.stinesofiesstiftelse.no\/trippel-s\/produserte-artikler\/psykisk-helse-hos-barn-og-unge-utsatt-for-vold\/viktor-schonning-om-psykisk-helse-hos-barn-og-unge-utsatt-for-vold-og-overgrep\/#breadcrumb"},"inLanguage":"pl-PL","potentialAction":[{"@type":"ReadAction","target":["https:\/\/www.stinesofiesstiftelse.no\/trippel-s\/produserte-artikler\/psykisk-helse-hos-barn-og-unge-utsatt-for-vold\/viktor-schonning-om-psykisk-helse-hos-barn-og-unge-utsatt-for-vold-og-overgrep\/"]}]},{"@type":"ImageObject","inLanguage":"pl-PL","@id":"https:\/\/www.stinesofiesstiftelse.no\/trippel-s\/produserte-artikler\/psykisk-helse-hos-barn-og-unge-utsatt-for-vold\/viktor-schonning-om-psykisk-helse-hos-barn-og-unge-utsatt-for-vold-og-overgrep\/#primaryimage","url":"https:\/\/www.stinesofiesstiftelse.no\/wp-content\/uploads\/2025\/10\/Viktor-edited.jpeg","contentUrl":"https:\/\/www.stinesofiesstiftelse.no\/wp-content\/uploads\/2025\/10\/Viktor-edited.jpeg"},{"@type":"BreadcrumbList","@id":"https:\/\/www.stinesofiesstiftelse.no\/trippel-s\/produserte-artikler\/psykisk-helse-hos-barn-og-unge-utsatt-for-vold\/viktor-schonning-om-psykisk-helse-hos-barn-og-unge-utsatt-for-vold-og-overgrep\/#breadcrumb","itemListElement":[{"@type":"ListItem","position":1,"name":"Hjem","item":"https:\/\/www.stinesofiesstiftelse.no\/"},{"@type":"ListItem","position":2,"name":"Trippel S","item":"https:\/\/www.stinesofiesstiftelse.no\/trippel-s\/"},{"@type":"ListItem","position":3,"name":"Publiserte artikler","item":"https:\/\/www.stinesofiesstiftelse.no\/trippel-s\/produserte-artikler\/"},{"@type":"ListItem","position":4,"name":"Har st\u00f8rre psykiske problemer enn andre barn","item":"https:\/\/www.stinesofiesstiftelse.no\/trippel-s\/produserte-artikler\/psykisk-helse-hos-barn-og-unge-utsatt-for-vold\/"},{"@type":"ListItem","position":5,"name":"\u2013 Vesentlig st\u00f8rre behov for psykisk helsehjelp"}]},{"@type":"WebSite","@id":"https:\/\/www.stinesofiesstiftelse.no\/#website","url":"https:\/\/www.stinesofiesstiftelse.no\/","name":"Stine Sofies Stiftelse","description":"","publisher":{"@id":"https:\/\/www.stinesofiesstiftelse.no\/#organization"},"potentialAction":[{"@type":"SearchAction","target":{"@type":"EntryPoint","urlTemplate":"https:\/\/www.stinesofiesstiftelse.no\/?s={search_term_string}"},"query-input":{"@type":"PropertyValueSpecification","valueRequired":true,"valueName":"search_term_string"}}],"inLanguage":"pl-PL"},{"@type":"Organization","@id":"https:\/\/www.stinesofiesstiftelse.no\/#organization","name":"Stine Sofies Stiftelse","url":"https:\/\/www.stinesofiesstiftelse.no\/","logo":{"@type":"ImageObject","inLanguage":"pl-PL","@id":"https:\/\/www.stinesofiesstiftelse.no\/#\/schema\/logo\/image\/","url":"https:\/\/d1713zmupob0gt.cloudfront.net\/wp-content\/uploads\/2024\/10\/19093628\/cropped-Stine_sofies_stiftelse_logosymbol.png","contentUrl":"https:\/\/d1713zmupob0gt.cloudfront.net\/wp-content\/uploads\/2024\/10\/19093628\/cropped-Stine_sofies_stiftelse_logosymbol.png","width":512,"height":512,"caption":"Stine Sofies Stiftelse"},"image":{"@id":"https:\/\/www.stinesofiesstiftelse.no\/#\/schema\/logo\/image\/"},"sameAs":["https:\/\/www.facebook.com\/StineSofiesStiftelse\/"]}]}},"mfb_rest_fields":["title","yoast_head","yoast_head_json"],"_links":{"self":[{"href":"https:\/\/www.stinesofiesstiftelse.no\/pl\/wp-json\/wp\/v2\/pages\/10403","targetHints":{"allow":["GET"]}}],"collection":[{"href":"https:\/\/www.stinesofiesstiftelse.no\/pl\/wp-json\/wp\/v2\/pages"}],"about":[{"href":"https:\/\/www.stinesofiesstiftelse.no\/pl\/wp-json\/wp\/v2\/types\/page"}],"author":[{"embeddable":true,"href":"https:\/\/www.stinesofiesstiftelse.no\/pl\/wp-json\/wp\/v2\/users\/2"}],"replies":[{"embeddable":true,"href":"https:\/\/www.stinesofiesstiftelse.no\/pl\/wp-json\/wp\/v2\/comments?post=10403"}],"version-history":[{"count":2,"href":"https:\/\/www.stinesofiesstiftelse.no\/pl\/wp-json\/wp\/v2\/pages\/10403\/revisions"}],"predecessor-version":[{"id":13230,"href":"https:\/\/www.stinesofiesstiftelse.no\/pl\/wp-json\/wp\/v2\/pages\/10403\/revisions\/13230"}],"up":[{"embeddable":true,"href":"https:\/\/www.stinesofiesstiftelse.no\/pl\/wp-json\/wp\/v2\/pages\/10188"}],"wp:attachment":[{"href":"https:\/\/www.stinesofiesstiftelse.no\/pl\/wp-json\/wp\/v2\/media?parent=10403"}],"curies":[{"name":"wp","href":"https:\/\/api.w.org\/{rel}","templated":true}]}}