{"id":7973,"date":"2024-05-03T17:08:06","date_gmt":"2024-05-03T15:08:06","guid":{"rendered":"https:\/\/www.stinesofiesstiftelse.no\/?page_id=7973"},"modified":"2024-05-03T17:09:21","modified_gmt":"2024-05-03T15:09:21","slug":"rebuslop-og-fargelegging","status":"publish","type":"page","link":"https:\/\/www.stinesofiesstiftelse.no\/en\/rebuslop-og-fargelegging\/","title":{"rendered":"Rebusl\u00f8p og fargelegging"},"content":{"rendered":"\n<div class=\"wp-block-group alignfull sss-content-header has-secondary-background-color has-background has-global-padding is-layout-constrained wp-block-group-is-layout-constrained\" style=\"margin-top:0;margin-bottom:0\">\n<div class=\"wp-block-group is-layout-flow wp-block-group-is-layout-flow\" style=\"padding-top:4vw;padding-bottom:5vw\"><div class=\"yoast-breadcrumbs\"><span><span><a href=\"https:\/\/www.stinesofiesstiftelse.no\/\">Hjem<\/a><\/span> \u2013 <span class=\"breadcrumb_last\" aria-current=\"page\">Rebusl\u00f8p og fargelegging<\/span><\/span><\/div>\n\n<h1 class=\"is-style-has-blob wp-block-post-title has-text-color has-primary-color\">Rebusl\u00f8p og fargelegging<\/h1>\n\n\n<p style=\"padding-right:0;padding-left:0\">Vi h\u00e5per dere f\u00e5r en str\u00e5lende fin p\u00e5ske og at gode minner skapes. Aktiviteter for barna er alltid g\u00f8y, her f\u00e5r du litt hjelp! Last ned og print ut rebus til p\u00e5skeegg-jakten og p\u00e5skekyllinger som barna kan fargelegge.<\/p>\n<\/div>\n<\/div>\n\n\n\n<p class=\"is-style-leadtext\"><br><\/p>\n\n\n\n<h3 class=\"wp-block-heading\">Fargelegg p\u00e5skekyllinger<\/h3>\n\n\n\n<p>Her kan barna fargelegge p\u00e5skekyllinger. Vi i Stine Sofies Stiftelse blir alltid glade for \u00e5 f\u00e5 tegninger i posten, s\u00e5 om du vil kan du sende den til oss! Skriv gjerne navn og alder. Tusen takk!<\/p>\n\n\n\n<p>Adresse: Stine Sofies Stiftelse, \u00d8sterhusmonen 35, 4879 Grimstad<\/p>\n\n\n\n<p><a href=\"https:\/\/d1713zmupob0gt.cloudfront.net\/wp-content\/uploads\/2024\/05\/01194210\/Fargelegg.pdf\" target=\"_blank\" rel=\"noreferrer noopener\">Last ned og print her<\/a><\/p>\n\n\n\n<figure class=\"wp-block-image alignwide size-full\"><img loading=\"lazy\" decoding=\"async\" width=\"2538\" height=\"1760\" src=\"https:\/\/d1713zmupob0gt.cloudfront.net\/wp-content\/uploads\/2024\/05\/01194007\/rebuslop.jpg\" alt=\"\" class=\"wp-image-7918\" srcset=\"https:\/\/d1713zmupob0gt.cloudfront.net\/wp-content\/uploads\/2024\/05\/01194007\/rebuslop.jpg 2538w, https:\/\/d1713zmupob0gt.cloudfront.net\/wp-content\/uploads\/2024\/05\/01194007\/rebuslop-300x208.jpg 300w, https:\/\/d1713zmupob0gt.cloudfront.net\/wp-content\/uploads\/2024\/05\/01194007\/rebuslop-1024x710.jpg 1024w, https:\/\/d1713zmupob0gt.cloudfront.net\/wp-content\/uploads\/2024\/05\/01194007\/rebuslop-768x533.jpg 768w, https:\/\/d1713zmupob0gt.cloudfront.net\/wp-content\/uploads\/2024\/05\/01194007\/rebuslop-1536x1065.jpg 1536w, https:\/\/d1713zmupob0gt.cloudfront.net\/wp-content\/uploads\/2024\/05\/01194007\/rebuslop-2048x1420.jpg 2048w\" sizes=\"auto, (max-width: 2538px) 100vw, 2538px\" \/><\/figure>\n\n\n\n<h3 class=\"wp-block-heading\">Rebus til p\u00e5skeegg-jakten<\/h3>\n\n\n\n<p>Vil du overraske barn eller barnebarn med en skikkelig p\u00e5skeegg-jakt? Her kan du klippe ut ulike rebuser som barna kan l\u00f8se, og som igjen f\u00f8rer dem videre til neste rebus. Hvor mange p\u00e5skekyllinger finner de p\u00e5 veien? Hvis barna er sm\u00e5 vil de kanskje trenge litt hjelp!<\/p>\n\n\n\n<p>Hvor vil du legge p\u00e5skeegget til slutt?<\/p>\n\n\n\n<p><a href=\"https:\/\/d1713zmupob0gt.cloudfront.net\/wp-content\/uploads\/2024\/05\/01194406\/Rebus-stine_sofies-stiftelse.pdf\" target=\"_blank\" rel=\"noreferrer noopener\">Last ned og print her<\/a><\/p>\n\n\n\n<div class=\"wp-block-columns alignwide sss-image-text sss-donationform has-secondary-background-color has-background is-layout-flex wp-container-core-columns-is-layout-3fb004a6 wp-block-columns-is-layout-flex\" style=\"border-radius:4px;padding-top:0;padding-right:0;padding-bottom:0;padding-left:0\">\n<div class=\"wp-block-column is-layout-flow wp-block-column-is-layout-flow\">\n<figure class=\"wp-block-image size-full\"><img loading=\"lazy\" decoding=\"async\" width=\"800\" height=\"520\" src=\"https:\/\/d1713zmupob0gt.cloudfront.net\/wp-content\/uploads\/2024\/04\/15155243\/Redd-gutt-sh_NY.jpg\" alt=\"\" class=\"wp-image-11006\" style=\"object-fit:cover\" srcset=\"https:\/\/d1713zmupob0gt.cloudfront.net\/wp-content\/uploads\/2024\/04\/15155243\/Redd-gutt-sh_NY.jpg 800w, https:\/\/d1713zmupob0gt.cloudfront.net\/wp-content\/uploads\/2024\/04\/15155243\/Redd-gutt-sh_NY-300x195.jpg 300w, https:\/\/d1713zmupob0gt.cloudfront.net\/wp-content\/uploads\/2024\/04\/15155243\/Redd-gutt-sh_NY-768x499.jpg 768w\" sizes=\"auto, (max-width: 800px) 100vw, 800px\" \/><\/figure>\n<\/div>\n\n\n\n<div class=\"wp-block-column is-layout-flow wp-block-column-is-layout-flow\" style=\"padding-top:var(--wp--preset--spacing--30);padding-right:0;padding-bottom:var(--wp--preset--spacing--30);padding-left:0\">\n<div class=\"wp-block-group is-layout-flow wp-block-group-is-layout-flow\" style=\"padding-right:var(--wp--preset--spacing--50)\">\n\n<section style=\"padding-top:var(--wp--preset--spacing--80);padding-bottom:var(--wp--preset--spacing--80);margin-top:0;margin-bottom:0;\" class=\"alignfull wp-block-aptum-donationform has-background has-light-background-background-color\" id=\"block-b80c8833e0ae0badf84e554e476abc0b\">\n\n<section id=\"block_b80c8833e0ae0badf84e554e476abc0b\" class=\"donationform\">\n\t<div class=\"\">\n\t\t<div class=\"donationform-content\">\n\t\t\t<div class=\"container\">\n\t\t\t\t<form name=\"donationForm\" action=\"\/bli-fast-giver\/\" id=\"donation-form\" class=\"giver\">\n\n\t\t\t\t\t<div class=\"radioGroup gi-type\">\n\t\t\t\t\t\t<input class=\"gi-type\" type=\"radio\" name=\"gi_type\" value=\"giver\" id=\"gi-type-giver\" checked>\n\t\t\t\t\t\t<label for=\"gi-type-giver\">Gi m\u00e5nedlig<\/label>\n\n\t\t\t\t\t\t<input class=\"gi-type\" type=\"radio\" name=\"gi_type\" value=\"gave\" id=\"gi-type-gave\">\n\t\t\t\t\t\t<label for=\"gi-type-gave\">Engangsgave<\/label>\n\t\t\t\t\t<\/div>\n\n\t\t\t\t\t<h3 class=\"giver-heading\">Fadder for en trygg barndom<\/h3>\n\t\t\t\t\t<h3 class=\"gave-heading\">Gave for en trygg barndom<\/h3>\n\n\t\t\t\t\t<div class=\"radioGroup\">\n\t\t\t\t\t\t<input class=\"priceVal\" type=\"radio\" name=\"pris\" value=\"250\" id=\"option1\" checked>\n\t\t\t\t\t\t<label for=\"option1\">250<\/label>\n\n\t\t\t\t\t\t<input class=\"priceVal\" type=\"radio\" name=\"pris\" value=\"300\" id=\"option2\">\n\t\t\t\t\t\t<label for=\"option2\">300<\/label>\n\n\t\t\t\t\t\t<input class=\"priceVal\" type=\"radio\" name=\"pris\" value=\"\" id=\"option3\">\n\t\t\t\t\t\t<label for=\"option3\">Annet<\/label>\n\n\t\t\t\t\t\t<input class=\"priceVal\" style=\"display: none; position: relative; font-family: inherit;\" type=\"number\" placeholder=\"1234\" value=\"\" id=\"option4\">\n\n\t\t\t\t\t\t<span class=\"indicator\"><\/span>\n\t\t\t\t\t<\/div>\n\n\t\t\t\t\t<p class=\"gave-description\">Med ditt bidrag er du med \u00e5 sikrer barn sine rettigheter og hjelper voldsutsatte barn og unge.<\/p>\n\t\t\t\t\t<p class=\"giver-description\">Du bidrar til \u00e5 forhindre vold og overgrep mot barn, sikre barns rettigheter og gi hjelp til voldsutsatte barn og unge.<\/p>\n\n\t\t\t\t\t<div class=\"radioGroup gateways\">\n\t\t\t\t\t\t<div class=\"gateway-giver\">\n\t\t\t\t\t\t\t<input class=\"gateway\" type=\"radio\" name=\"payment_method\" value=\"vippsrecurringexpress\" id=\"gateway-vippsuserinfo\" checked>\n\t\t\t\t\t\t\t<label for=\"gateway-vippsuserinfo\">Vipps<\/label>\n\t\t\t\t\t\t<\/div>\n\n\t\t\t\t\t\t<div class=\"gateway-giver\">\n\t\t\t\t\t\t\t<input class=\"gateway\" type=\"radio\" name=\"payment_method\" value=\"avtalegiro\" id=\"gateway-avtalegiro\">\n\t\t\t\t\t\t\t<label for=\"gateway-avtalegiro\">Kort\/avtalegiro<\/label>\n\t\t\t\t\t\t<\/div>\n\n\t\t\t\t\t\t<div class=\"gateway-gave\">\n\t\t\t\t\t\t\t<input class=\"gateway\" type=\"radio\" name=\"payment_method\" value=\"vippsexpress\" id=\"gateway-vipps\">\n\t\t\t\t\t\t\t<label for=\"gateway-vipps\">Vipps<\/label>\n\t\t\t\t\t\t<\/div>\n\n\t\t\t\t\t\t<div class=\"gateway-gave\">\n\t\t\t\t\t\t\t<input class=\"gateway\" type=\"radio\" name=\"payment_method\" value=\"netaxept\" id=\"gateway-netaxept\">\n\t\t\t\t\t\t\t<label for=\"gateway-netaxept\">Kort<\/label>\n\t\t\t\t\t\t<\/div>\n\t\t\t\t\t<\/div>\n\n\t\t\t\t\t<input type=\"submit\" name=\"giver-submit-btn\" class=\"donation-form-submit wp-block-button__link wp-element-button\" value=\"Registrer deg \" id=\"donation-form-giver-submit\">\n\t\t\t\t\t<input type=\"submit\" name=\"gave-submit-btn\" class=\"donation-form-submit wp-block-button__link wp-element-button\" value=\"Gi gave via Vipps\" id=\"donation-form-gave-submit\">\n\n\t\t\t\t<\/form>\n\t\t\t<\/div>\n\t\t<\/div>\n\t<\/div>\n<\/section>\n\n<\/section>\n<\/div>\n<\/div>\n<\/div>\n","protected":false},"excerpt":{"rendered":"<p>Vi h\u00e5per dere f\u00e5r en str\u00e5lende fin p\u00e5ske og at gode minner skapes. Aktiviteter for barna er alltid g\u00f8y, her [&hellip;]<\/p>\n","protected":false},"author":2,"featured_media":0,"parent":0,"menu_order":0,"comment_status":"closed","ping_status":"closed","template":"","meta":{"_acf_changed":false,"inline_featured_image":false,"footnotes":""},"class_list":["post-7973","page","type-page","status-publish","hentry"],"acf":[],"mb":[],"yoast_head":"<!-- This site is optimized with the Yoast SEO plugin v27.3 - https:\/\/yoast.com\/product\/yoast-seo-wordpress\/ -->\n<title>Rebusl\u00f8p og fargelegging - Stine Sofies Stiftelse<\/title>\n<meta name=\"robots\" content=\"index, follow, max-snippet:-1, max-image-preview:large, max-video-preview:-1\" \/>\n<link rel=\"canonical\" href=\"https:\/\/www.stinesofiesstiftelse.no\/rebuslop-og-fargelegging\/\" \/>\n<meta property=\"og:locale\" content=\"en_US\" \/>\n<meta property=\"og:type\" content=\"article\" \/>\n<meta property=\"og:title\" content=\"Rebusl\u00f8p og fargelegging - Stine Sofies Stiftelse\" \/>\n<meta property=\"og:description\" content=\"Vi h\u00e5per dere f\u00e5r en str\u00e5lende fin p\u00e5ske og at gode minner skapes. Aktiviteter for barna er alltid g\u00f8y, her [&hellip;]\" \/>\n<meta property=\"og:url\" content=\"https:\/\/www.stinesofiesstiftelse.no\/rebuslop-og-fargelegging\/\" \/>\n<meta property=\"og:site_name\" content=\"Stine Sofies Stiftelse\" \/>\n<meta property=\"article:publisher\" content=\"https:\/\/www.facebook.com\/StineSofiesStiftelse\/\" \/>\n<meta property=\"article:modified_time\" content=\"2024-05-03T15:09:21+00:00\" \/>\n<meta property=\"og:image\" content=\"https:\/\/www.stinesofiesstiftelse.no\/wp-content\/uploads\/2024\/05\/rebuslop.jpg\" \/>\n<meta name=\"twitter:card\" content=\"summary_large_image\" \/>\n<meta name=\"twitter:label1\" content=\"Est. reading time\" \/>\n\t<meta name=\"twitter:data1\" content=\"2 minutes\" \/>\n<script type=\"application\/ld+json\" class=\"yoast-schema-graph\">{\"@context\":\"https:\\\/\\\/schema.org\",\"@graph\":[{\"@type\":\"WebPage\",\"@id\":\"https:\\\/\\\/www.stinesofiesstiftelse.no\\\/rebuslop-og-fargelegging\\\/\",\"url\":\"https:\\\/\\\/www.stinesofiesstiftelse.no\\\/rebuslop-og-fargelegging\\\/\",\"name\":\"Rebusl\u00f8p og fargelegging - Stine Sofies Stiftelse\",\"isPartOf\":{\"@id\":\"https:\\\/\\\/www.stinesofiesstiftelse.no\\\/#website\"},\"primaryImageOfPage\":{\"@id\":\"https:\\\/\\\/www.stinesofiesstiftelse.no\\\/rebuslop-og-fargelegging\\\/#primaryimage\"},\"image\":{\"@id\":\"https:\\\/\\\/www.stinesofiesstiftelse.no\\\/rebuslop-og-fargelegging\\\/#primaryimage\"},\"thumbnailUrl\":\"https:\\\/\\\/www.stinesofiesstiftelse.no\\\/wp-content\\\/uploads\\\/2024\\\/05\\\/rebuslop.jpg\",\"datePublished\":\"2024-05-03T15:08:06+00:00\",\"dateModified\":\"2024-05-03T15:09:21+00:00\",\"breadcrumb\":{\"@id\":\"https:\\\/\\\/www.stinesofiesstiftelse.no\\\/rebuslop-og-fargelegging\\\/#breadcrumb\"},\"inLanguage\":\"en-US\",\"potentialAction\":[{\"@type\":\"ReadAction\",\"target\":[\"https:\\\/\\\/www.stinesofiesstiftelse.no\\\/rebuslop-og-fargelegging\\\/\"]}]},{\"@type\":\"ImageObject\",\"inLanguage\":\"en-US\",\"@id\":\"https:\\\/\\\/www.stinesofiesstiftelse.no\\\/rebuslop-og-fargelegging\\\/#primaryimage\",\"url\":\"https:\\\/\\\/www.stinesofiesstiftelse.no\\\/wp-content\\\/uploads\\\/2024\\\/05\\\/rebuslop.jpg\",\"contentUrl\":\"https:\\\/\\\/www.stinesofiesstiftelse.no\\\/wp-content\\\/uploads\\\/2024\\\/05\\\/rebuslop.jpg\"},{\"@type\":\"BreadcrumbList\",\"@id\":\"https:\\\/\\\/www.stinesofiesstiftelse.no\\\/rebuslop-og-fargelegging\\\/#breadcrumb\",\"itemListElement\":[{\"@type\":\"ListItem\",\"position\":1,\"name\":\"Hjem\",\"item\":\"https:\\\/\\\/www.stinesofiesstiftelse.no\\\/\"},{\"@type\":\"ListItem\",\"position\":2,\"name\":\"Rebusl\u00f8p og fargelegging\"}]},{\"@type\":\"WebSite\",\"@id\":\"https:\\\/\\\/www.stinesofiesstiftelse.no\\\/#website\",\"url\":\"https:\\\/\\\/www.stinesofiesstiftelse.no\\\/\",\"name\":\"Stine Sofies Stiftelse\",\"description\":\"\",\"publisher\":{\"@id\":\"https:\\\/\\\/www.stinesofiesstiftelse.no\\\/#organization\"},\"potentialAction\":[{\"@type\":\"SearchAction\",\"target\":{\"@type\":\"EntryPoint\",\"urlTemplate\":\"https:\\\/\\\/www.stinesofiesstiftelse.no\\\/?s={search_term_string}\"},\"query-input\":{\"@type\":\"PropertyValueSpecification\",\"valueRequired\":true,\"valueName\":\"search_term_string\"}}],\"inLanguage\":\"en-US\"},{\"@type\":\"Organization\",\"@id\":\"https:\\\/\\\/www.stinesofiesstiftelse.no\\\/#organization\",\"name\":\"Stine Sofies Stiftelse\",\"url\":\"https:\\\/\\\/www.stinesofiesstiftelse.no\\\/\",\"logo\":{\"@type\":\"ImageObject\",\"inLanguage\":\"en-US\",\"@id\":\"https:\\\/\\\/www.stinesofiesstiftelse.no\\\/#\\\/schema\\\/logo\\\/image\\\/\",\"url\":\"https:\\\/\\\/d1713zmupob0gt.cloudfront.net\\\/wp-content\\\/uploads\\\/2024\\\/10\\\/19093628\\\/cropped-Stine_sofies_stiftelse_logosymbol.png\",\"contentUrl\":\"https:\\\/\\\/d1713zmupob0gt.cloudfront.net\\\/wp-content\\\/uploads\\\/2024\\\/10\\\/19093628\\\/cropped-Stine_sofies_stiftelse_logosymbol.png\",\"width\":512,\"height\":512,\"caption\":\"Stine Sofies Stiftelse\"},\"image\":{\"@id\":\"https:\\\/\\\/www.stinesofiesstiftelse.no\\\/#\\\/schema\\\/logo\\\/image\\\/\"},\"sameAs\":[\"https:\\\/\\\/www.facebook.com\\\/StineSofiesStiftelse\\\/\"]}]}<\/script>\n<!-- \/ Yoast SEO plugin. -->","yoast_head_json":{"title":"Rebusl\u00f8p og fargelegging - Stine Sofies Stiftelse","robots":{"index":"index","follow":"follow","max-snippet":"max-snippet:-1","max-image-preview":"max-image-preview:large","max-video-preview":"max-video-preview:-1"},"canonical":"https:\/\/www.stinesofiesstiftelse.no\/rebuslop-og-fargelegging\/","og_locale":"en_US","og_type":"article","og_title":"Rebusl\u00f8p og fargelegging - Stine Sofies Stiftelse","og_description":"Vi h\u00e5per dere f\u00e5r en str\u00e5lende fin p\u00e5ske og at gode minner skapes. Aktiviteter for barna er alltid g\u00f8y, her [&hellip;]","og_url":"https:\/\/www.stinesofiesstiftelse.no\/rebuslop-og-fargelegging\/","og_site_name":"Stine Sofies Stiftelse","article_publisher":"https:\/\/www.facebook.com\/StineSofiesStiftelse\/","article_modified_time":"2024-05-03T15:09:21+00:00","og_image":[{"url":"https:\/\/www.stinesofiesstiftelse.no\/wp-content\/uploads\/2024\/05\/rebuslop.jpg","type":"","width":"","height":""}],"twitter_card":"summary_large_image","twitter_misc":{"Est. reading time":"2 minutes"},"schema":{"@context":"https:\/\/schema.org","@graph":[{"@type":"WebPage","@id":"https:\/\/www.stinesofiesstiftelse.no\/rebuslop-og-fargelegging\/","url":"https:\/\/www.stinesofiesstiftelse.no\/rebuslop-og-fargelegging\/","name":"Rebusl\u00f8p og fargelegging - Stine Sofies Stiftelse","isPartOf":{"@id":"https:\/\/www.stinesofiesstiftelse.no\/#website"},"primaryImageOfPage":{"@id":"https:\/\/www.stinesofiesstiftelse.no\/rebuslop-og-fargelegging\/#primaryimage"},"image":{"@id":"https:\/\/www.stinesofiesstiftelse.no\/rebuslop-og-fargelegging\/#primaryimage"},"thumbnailUrl":"https:\/\/www.stinesofiesstiftelse.no\/wp-content\/uploads\/2024\/05\/rebuslop.jpg","datePublished":"2024-05-03T15:08:06+00:00","dateModified":"2024-05-03T15:09:21+00:00","breadcrumb":{"@id":"https:\/\/www.stinesofiesstiftelse.no\/rebuslop-og-fargelegging\/#breadcrumb"},"inLanguage":"en-US","potentialAction":[{"@type":"ReadAction","target":["https:\/\/www.stinesofiesstiftelse.no\/rebuslop-og-fargelegging\/"]}]},{"@type":"ImageObject","inLanguage":"en-US","@id":"https:\/\/www.stinesofiesstiftelse.no\/rebuslop-og-fargelegging\/#primaryimage","url":"https:\/\/www.stinesofiesstiftelse.no\/wp-content\/uploads\/2024\/05\/rebuslop.jpg","contentUrl":"https:\/\/www.stinesofiesstiftelse.no\/wp-content\/uploads\/2024\/05\/rebuslop.jpg"},{"@type":"BreadcrumbList","@id":"https:\/\/www.stinesofiesstiftelse.no\/rebuslop-og-fargelegging\/#breadcrumb","itemListElement":[{"@type":"ListItem","position":1,"name":"Hjem","item":"https:\/\/www.stinesofiesstiftelse.no\/"},{"@type":"ListItem","position":2,"name":"Rebusl\u00f8p og fargelegging"}]},{"@type":"WebSite","@id":"https:\/\/www.stinesofiesstiftelse.no\/#website","url":"https:\/\/www.stinesofiesstiftelse.no\/","name":"Stine Sofies Stiftelse","description":"","publisher":{"@id":"https:\/\/www.stinesofiesstiftelse.no\/#organization"},"potentialAction":[{"@type":"SearchAction","target":{"@type":"EntryPoint","urlTemplate":"https:\/\/www.stinesofiesstiftelse.no\/?s={search_term_string}"},"query-input":{"@type":"PropertyValueSpecification","valueRequired":true,"valueName":"search_term_string"}}],"inLanguage":"en-US"},{"@type":"Organization","@id":"https:\/\/www.stinesofiesstiftelse.no\/#organization","name":"Stine Sofies Stiftelse","url":"https:\/\/www.stinesofiesstiftelse.no\/","logo":{"@type":"ImageObject","inLanguage":"en-US","@id":"https:\/\/www.stinesofiesstiftelse.no\/#\/schema\/logo\/image\/","url":"https:\/\/d1713zmupob0gt.cloudfront.net\/wp-content\/uploads\/2024\/10\/19093628\/cropped-Stine_sofies_stiftelse_logosymbol.png","contentUrl":"https:\/\/d1713zmupob0gt.cloudfront.net\/wp-content\/uploads\/2024\/10\/19093628\/cropped-Stine_sofies_stiftelse_logosymbol.png","width":512,"height":512,"caption":"Stine Sofies Stiftelse"},"image":{"@id":"https:\/\/www.stinesofiesstiftelse.no\/#\/schema\/logo\/image\/"},"sameAs":["https:\/\/www.facebook.com\/StineSofiesStiftelse\/"]}]}},"mfb_rest_fields":["title","yoast_head","yoast_head_json"],"_links":{"self":[{"href":"https:\/\/www.stinesofiesstiftelse.no\/en\/wp-json\/wp\/v2\/pages\/7973","targetHints":{"allow":["GET"]}}],"collection":[{"href":"https:\/\/www.stinesofiesstiftelse.no\/en\/wp-json\/wp\/v2\/pages"}],"about":[{"href":"https:\/\/www.stinesofiesstiftelse.no\/en\/wp-json\/wp\/v2\/types\/page"}],"author":[{"embeddable":true,"href":"https:\/\/www.stinesofiesstiftelse.no\/en\/wp-json\/wp\/v2\/users\/2"}],"replies":[{"embeddable":true,"href":"https:\/\/www.stinesofiesstiftelse.no\/en\/wp-json\/wp\/v2\/comments?post=7973"}],"version-history":[{"count":2,"href":"https:\/\/www.stinesofiesstiftelse.no\/en\/wp-json\/wp\/v2\/pages\/7973\/revisions"}],"predecessor-version":[{"id":7976,"href":"https:\/\/www.stinesofiesstiftelse.no\/en\/wp-json\/wp\/v2\/pages\/7973\/revisions\/7976"}],"wp:attachment":[{"href":"https:\/\/www.stinesofiesstiftelse.no\/en\/wp-json\/wp\/v2\/media?parent=7973"}],"curies":[{"name":"wp","href":"https:\/\/api.w.org\/{rel}","templated":true}]}}