{"id":3809,"date":"2023-10-18T09:07:25","date_gmt":"2023-10-18T07:07:25","guid":{"rendered":"https:\/\/www.stinesofiesstiftelse.no\/?page_id=3809"},"modified":"2026-01-30T14:56:07","modified_gmt":"2026-01-30T13:56:07","slug":"politiske-resultater","status":"publish","type":"page","link":"https:\/\/www.stinesofiesstiftelse.no\/en\/vart-arbeid\/politisk-arbeid\/politiske-resultater\/","title":{"rendered":"Politiske resultater"},"content":{"rendered":"\n<div class=\"wp-block-group alignwide sss-content-header has-global-padding is-layout-constrained wp-block-group-is-layout-constrained\" style=\"margin-top:0;margin-bottom:0\">\n<div class=\"wp-block-group is-layout-flow wp-block-group-is-layout-flow\" style=\"padding-top:4vw;padding-bottom:3vw\"><div class=\"yoast-breadcrumbs\"><span><span><a href=\"https:\/\/www.stinesofiesstiftelse.no\/\">Hjem<\/a><\/span> \u2013 <span><a href=\"https:\/\/www.stinesofiesstiftelse.no\/vart-arbeid\/\">V\u00e5rt arbeid<\/a><\/span> \u2013 <span><a href=\"https:\/\/www.stinesofiesstiftelse.no\/vart-arbeid\/politisk-arbeid\/\">Politisk arbeid<\/a><\/span> \u2013 <span class=\"breadcrumb_last\" aria-current=\"page\">Politiske resultater<\/span><\/span><\/div>\n\n<h1 class=\"is-style-has-blob wp-block-post-title has-text-color has-primary-color\">Politiske resultater<\/h1>\n\n\n<p class=\"is-style-leadtext\" style=\"padding-right:0;padding-left:0\">Siden oppstarten i 2000 har Stine Sofies Stiftelse oppn\u00e5dd mye. Det er vi stolte av. Vi har s\u00e6rlig jobbet med \u00e5 styrke rettighetene til voldsofre, p\u00e5r\u00f8rende og etterlatte. Her finner du en oversikt over det vi har oppn\u00e5dd.<\/p>\n<\/div>\n<\/div>\n\n\n\n<figure class=\"wp-block-image size-large\"><img loading=\"lazy\" decoding=\"async\" width=\"1024\" height=\"576\" src=\"https:\/\/d1713zmupob0gt.cloudfront.net\/wp-content\/uploads\/2023\/06\/28125252\/Bjornen-sover-tett-1024x576.jpg\" alt=\"\" class=\"wp-image-1783\" srcset=\"https:\/\/d1713zmupob0gt.cloudfront.net\/wp-content\/uploads\/2023\/06\/28125252\/Bjornen-sover-tett-1024x576.jpg 1024w, https:\/\/d1713zmupob0gt.cloudfront.net\/wp-content\/uploads\/2023\/06\/28125252\/Bjornen-sover-tett-300x169.jpg 300w, https:\/\/d1713zmupob0gt.cloudfront.net\/wp-content\/uploads\/2023\/06\/28125252\/Bjornen-sover-tett-768x432.jpg 768w, https:\/\/d1713zmupob0gt.cloudfront.net\/wp-content\/uploads\/2023\/06\/28125252\/Bjornen-sover-tett-1536x864.jpg 1536w, https:\/\/d1713zmupob0gt.cloudfront.net\/wp-content\/uploads\/2023\/06\/28125252\/Bjornen-sover-tett-2048x1152.jpg 2048w\" sizes=\"auto, (max-width: 1024px) 100vw, 1024px\" \/><\/figure>\n\n\n\n<h2 class=\"wp-block-heading\">Rettigheter i straffesaker<\/h2>\n\n\n\n<p>Stine Sofies Stiftelse har gjennom Forn\u00e6rmedeutvalget v\u00e6rt med p\u00e5 \u00e5 sikre forn\u00e6rmede og etterlattes rettigheter i straffesaker, som rett til dokumentinnsyn og informasjon om sakens utvikling, rett til \u00e5 v\u00e6re tilstede, stille sp\u00f8rsm\u00e5l og til Victim Impact Statement. Dette er noen av endringene:<\/p>\n\n\n\n<ul class=\"wp-block-list\">\n<li>P\u00e5r\u00f8rende til drepte barn skal varsles dersom p\u00e5talemyndigheten velger \u00e5 reise sak<\/li>\n\n\n\n<li>P\u00e5r\u00f8rende til drepte barn f\u00e5r automatisk bistandsadvokat (over 18 \u00e5r dersom s\u00e6rlige forhold foreligger)<\/li>\n\n\n\n<li>Rett til dokumentinnsyn og informasjon om sakens utvikling under etterforskningen<\/li>\n\n\n\n<li>Rett til \u00e5 foresl\u00e5 supplerende bevisf\u00f8rsel om straffekravet<\/li>\n\n\n\n<li>Rett til godtgj\u00f8relse p\u00e5 lik linje med vitner ved deltakelse i hovedforhandling<\/li>\n\n\n\n<li>Rett til \u00e5 kreve at siktede forlater rettssalen n\u00e5r p\u00e5r\u00f8rende vitner<\/li>\n\n\n\n<li>Forn\u00e6rmede vitner f\u00f8r domfelte, og har rett til \u00e5 f\u00f8lge hele rettssaken<\/li>\n\n\n\n<li>Rett til \u00e5 stille supplerende sp\u00f8rsm\u00e5l gjennom bistandsadvokat<\/li>\n\n\n\n<li>Rett til samtale med aktor f\u00f8r hovedforhandling<\/li>\n\n\n\n<li>Rett til \u00e5 h\u00f8re p\u00e5 n\u00e5r tiltalte forklarer seg.<\/li>\n\n\n\n<li>Rett til \u00e5 v\u00e6re tilstede under rettsm\u00f8ter<\/li>\n\n\n\n<li>Rett til Victim Impact Statement \u2013 en sammenhengende forklaring om virkningene av den straffbare handling<\/li>\n\n\n\n<li>Rett til sluttbemerkning<\/li>\n\n\n\n<li>Vi har ogs\u00e5 v\u00e6rt p\u00e5drivere for at foreldelsesfristen for drap skal fjernes. Denne ble fjernet med virkning fra 1. juli 2014<\/li>\n<\/ul>\n\n\n\n<h2 class=\"wp-block-heading\">Andre endringer stiftelsen bidratt til \u00e5 gjennomf\u00f8re<\/h2>\n\n\n\n<ul class=\"wp-block-list\">\n<li>Rett til varsel ved permisjon og l\u00f8slatelse av domfelte<\/li>\n\n\n\n<li>Vi har v\u00e6rt initiativtaker til opprettelse av Statens barnehus, sammen med Redd Barna<\/li>\n\n\n\n<li>Nybakte foreldres informasjonsprogram: alle sykehus i Norge har f\u00e5tt dvd som de oppfordrer til \u00e5 levere ut til alle f\u00f8rstegangsf\u00f8dende med informasjon om faren ved \u00e5 filleriste et barn.<\/li>\n\n\n\n<li>Foreldelsesfristen ved vold i n\u00e6re relasjoner. Begynner f\u00f8rst \u00e5 l\u00f8pe n\u00e5r barnet fyller 18 \u00e5r.<\/li>\n<\/ul>\n\n\n\n<h2 class=\"wp-block-heading\">I tillegg har Stine Sofies Stiftelse<\/h2>\n\n\n\n<ul class=\"wp-block-list\">\n<li>Overrakt et spesialmikroskop til Kripos til 500 000,-, som bl.a. benyttes i etterforskning av vold og overgrep mot barn<\/li>\n\n\n\n<li>Gitt 100 000,- til datautstyr til Kripos.<\/li>\n\n\n\n<li>Overrakt et densitometer til kroner 250 000 til barneavdelingen ved Ullev\u00e5l sykehus<\/li>\n\n\n\n<li>Bidratt med 600 000,- til kompetanseheving av ansatte ved de oppstartede Statens Barnehus i Norge<\/li>\n\n\n\n<li>Finansiert forskning med 2 000 000,- for bl.a. \u00e5 utvikle avanserte dukker som kan m\u00e5le hvor mye krefter som m\u00e5 til for at sm\u00e5 barn skal f\u00e5 store skader (Baby Justicia \/ Rettsmedisinsk Institutt)<\/li>\n\n\n\n<li>Finansiert et RetCam til 350 000,- til Barneavdelingen ved Ullev\u00e5l sykehus<\/li>\n\n\n\n<li>Bidratt med 45 000,- til forskning p\u00e5 bl\u00e5merker<\/li>\n\n\n\n<li>Gitt gjentatt \u00f8konomisk st\u00f8tte til sommerleir for barn<\/li>\n\n\n\n<li>Drevet seminarkonseptet&nbsp;<em>Tenk om<\/em>&nbsp;&#8211; et fagseminar for kompetanseheving avholdt i hele landet (1500 fagpersoner har deltatt)<\/li>\n\n\n\n<li>Utviklet undervisningsmateriell som omhandler forebygging av vold\/overgrep mot barn til bruk i grunnskolene i Norge<\/li>\n\n\n\n<li>Holdt foredrag om vold og overgrep for tusenvis av elever, frivillige organisasjoner m.fl.<\/li>\n\n\n\n<li>Sendt ut informasjonskort om Alarmtelefonen 116 111 for barn og unge til 1,4 millioner husstander<\/li>\n\n\n\n<li>Opprettet Stine Sofie Senteret, et nasjonal mestringssenter for voldsutsatte barn og deres trygge omsorgspersoner<\/li>\n<\/ul>\n\n\n\n<div class=\"wp-block-columns alignwide sss-image-text has-secondary-background-color has-background is-layout-flex wp-container-core-columns-is-layout-60282ebd wp-block-columns-is-layout-flex\" style=\"border-radius:4px;margin-top:var(--wp--preset--spacing--70);padding-top:0;padding-right:0;padding-bottom:0;padding-left:0\">\n<div class=\"wp-block-column is-layout-flow wp-block-column-is-layout-flow\">\n<div class=\"wp-block-cover is-light no-min-height height-100\"><img loading=\"lazy\" decoding=\"async\" width=\"800\" height=\"450\" class=\"wp-block-cover__image-background wp-image-12679 size-full\" alt=\"\" src=\"https:\/\/d1713zmupob0gt.cloudfront.net\/wp-content\/uploads\/2026\/01\/05143743\/Ansatte-2-2024-edited.jpg\" data-object-fit=\"cover\" srcset=\"https:\/\/d1713zmupob0gt.cloudfront.net\/wp-content\/uploads\/2026\/01\/05143743\/Ansatte-2-2024-edited.jpg 800w, https:\/\/d1713zmupob0gt.cloudfront.net\/wp-content\/uploads\/2026\/01\/05143743\/Ansatte-2-2024-edited-300x169.jpg 300w, https:\/\/d1713zmupob0gt.cloudfront.net\/wp-content\/uploads\/2026\/01\/05143743\/Ansatte-2-2024-edited-768x432.jpg 768w\" sizes=\"auto, (max-width: 800px) 100vw, 800px\" \/><span aria-hidden=\"true\" class=\"wp-block-cover__background has-background-dim-0 has-background-dim\" style=\"background-color:#FFF\"><\/span><div class=\"wp-block-cover__inner-container is-layout-flow wp-block-cover-is-layout-flow\">\n<p><\/p>\n<\/div><\/div>\n<\/div>\n\n\n\n<div class=\"wp-block-column is-layout-flow wp-block-column-is-layout-flow\" style=\"padding-top:var(--wp--preset--spacing--50);padding-right:0;padding-bottom:var(--wp--preset--spacing--50);padding-left:0\">\n<div class=\"wp-block-group has-global-padding is-content-justification-left is-layout-constrained wp-container-core-group-is-layout-00dfd91b wp-block-group-is-layout-constrained\" style=\"padding-right:var(--wp--preset--spacing--30)\">\n<h2 class=\"wp-block-heading\">Kontakt oss<\/h2>\n\n\n\n<div class=\"wp-block-columns is-layout-flex wp-container-core-columns-is-layout-28f84493 wp-block-columns-is-layout-flex\">\n<div class=\"wp-block-column is-layout-flow wp-block-column-is-layout-flow\">\n<p><strong>Gratis juridisk veiledning<\/strong><br>37 29 40 90<br><a class=\"absconditus\" data-absconditus-a=\"yvnz\" data-absconditus-b=\"fgvarfbsvrffgvsgryfr.ab\" href=\"#\">juridisk@stinesofiesstiftelse.no<\/a><\/p>\n<\/div>\n\n\n\n<div class=\"wp-block-column is-layout-flow wp-block-column-is-layout-flow\">\n<p><strong>S<strong>tine Sofie Sentere<\/strong>t<\/strong><br>37 29 40 90 <a class=\"absconditus\" data-absconditus-a=\"gfbc\" data-absconditus-b=\"fgvarfbsvrfragrerg.ab\" href=\"#\"><span data-absconditus-placeholder=\"siessfsnne.iroeotetpnoe@tt\"><\/span><\/a><\/p>\n<\/div>\n<\/div>\n\n\n\n<div class=\"wp-block-columns is-layout-flex wp-container-core-columns-is-layout-28f84493 wp-block-columns-is-layout-flex\">\n<div class=\"wp-block-column is-layout-flow wp-block-column-is-layout-flow\">\n<p><strong>Andre henvendelser<\/strong><br>&nbsp;37 29 40 90 <a class=\"absconditus\" data-absconditus-a=\"gfbc\" data-absconditus-b=\"fgvarfbsvrffgvsgryfr.ab\" href=\"#\"><span data-absconditus-placeholder=\"psslseniseote.oosts@tfniteif\"><\/span><\/a><\/p>\n<\/div>\n\n\n\n<div class=\"wp-block-column is-layout-flow wp-block-column-is-layout-flow\">\n<p><strong>Pressekontakt<\/strong><br>Marit H\u00f8igilt |&nbsp;909 17 701<br><a class=\"absconditus\" data-absconditus-a=\"gvenz\" data-absconditus-b=\"fgvarfbsvrffgvsgryfr.ab\" href=\"#\"><span data-absconditus-placeholder=\"elafts.seisnsior@tseinitmefto\"><\/span><\/a><\/p>\n<\/div>\n<\/div>\n<\/div>\n\n\n\n<div class=\"wp-block-buttons is-layout-flex wp-block-buttons-is-layout-flex\">\n<div class=\"wp-block-button is-style-arrow\"><a class=\"wp-block-button__link has-contrast-color has-text-color has-custom-font-size wp-element-button\" href=\"https:\/\/www.stinesofiesstiftelse.no\/om-oss\/\" style=\"padding-top:0;padding-right:0;padding-bottom:0;padding-left:0;font-size:clamp(0.984rem, 0.984rem + ((1vw - 0.2rem) * 0.949), 1.5rem);\">Om Stine Sofies Stiftelse<\/a><\/div>\n<\/div>\n<\/div>\n<\/div>\n","protected":false},"excerpt":{"rendered":"<p>Siden oppstarten i 2000 har Stine Sofies Stiftelse oppn\u00e5dd mye. Det er vi stolte av. Vi har s\u00e6rlig jobbet med [&hellip;]<\/p>\n","protected":false},"author":2,"featured_media":8082,"parent":3469,"menu_order":0,"comment_status":"closed","ping_status":"closed","template":"","meta":{"_acf_changed":false,"inline_featured_image":false,"footnotes":""},"class_list":["post-3809","page","type-page","status-publish","has-post-thumbnail","hentry"],"acf":[],"mb":[],"yoast_head":"<!-- This site is optimized with the Yoast SEO plugin v27.3 - https:\/\/yoast.com\/product\/yoast-seo-wordpress\/ -->\n<title>Politiske resultater - Stine Sofies Stiftelse<\/title>\n<meta name=\"robots\" content=\"index, follow, max-snippet:-1, max-image-preview:large, max-video-preview:-1\" \/>\n<link rel=\"canonical\" href=\"https:\/\/www.stinesofiesstiftelse.no\/vart-arbeid\/politisk-arbeid\/politiske-resultater\/\" \/>\n<meta property=\"og:locale\" content=\"en_US\" \/>\n<meta property=\"og:type\" content=\"article\" \/>\n<meta property=\"og:title\" content=\"Politiske resultater - Stine Sofies Stiftelse\" \/>\n<meta property=\"og:description\" content=\"Siden oppstarten i 2000 har Stine Sofies Stiftelse oppn\u00e5dd mye. Det er vi stolte av. Vi har s\u00e6rlig jobbet med [&hellip;]\" \/>\n<meta property=\"og:url\" content=\"https:\/\/www.stinesofiesstiftelse.no\/vart-arbeid\/politisk-arbeid\/politiske-resultater\/\" \/>\n<meta property=\"og:site_name\" content=\"Stine Sofies Stiftelse\" \/>\n<meta property=\"article:publisher\" content=\"https:\/\/www.facebook.com\/StineSofiesStiftelse\/\" \/>\n<meta property=\"article:modified_time\" content=\"2026-01-30T13:56:07+00:00\" \/>\n<meta property=\"og:image\" content=\"https:\/\/www.stinesofiesstiftelse.no\/wp-content\/uploads\/2024\/05\/wj20240506_SSS_Underskrifter_090_SRGB-1024x654.jpg\" \/>\n\t<meta property=\"og:image:width\" content=\"1024\" \/>\n\t<meta property=\"og:image:height\" content=\"654\" \/>\n\t<meta property=\"og:image:type\" content=\"image\/jpeg\" \/>\n<meta name=\"twitter:card\" content=\"summary_large_image\" \/>\n<meta name=\"twitter:label1\" content=\"Est. reading time\" \/>\n\t<meta name=\"twitter:data1\" content=\"4 minutes\" \/>\n<script type=\"application\/ld+json\" class=\"yoast-schema-graph\">{\"@context\":\"https:\\\/\\\/schema.org\",\"@graph\":[{\"@type\":\"WebPage\",\"@id\":\"https:\\\/\\\/www.stinesofiesstiftelse.no\\\/vart-arbeid\\\/politisk-arbeid\\\/politiske-resultater\\\/\",\"url\":\"https:\\\/\\\/www.stinesofiesstiftelse.no\\\/vart-arbeid\\\/politisk-arbeid\\\/politiske-resultater\\\/\",\"name\":\"Politiske resultater - Stine Sofies Stiftelse\",\"isPartOf\":{\"@id\":\"https:\\\/\\\/www.stinesofiesstiftelse.no\\\/#website\"},\"primaryImageOfPage\":{\"@id\":\"https:\\\/\\\/www.stinesofiesstiftelse.no\\\/vart-arbeid\\\/politisk-arbeid\\\/politiske-resultater\\\/#primaryimage\"},\"image\":{\"@id\":\"https:\\\/\\\/www.stinesofiesstiftelse.no\\\/vart-arbeid\\\/politisk-arbeid\\\/politiske-resultater\\\/#primaryimage\"},\"thumbnailUrl\":\"https:\\\/\\\/d1713zmupob0gt.cloudfront.net\\\/wp-content\\\/uploads\\\/2024\\\/05\\\/24110402\\\/wj20240506_SSS_Underskrifter_090_SRGB.jpg\",\"datePublished\":\"2023-10-18T07:07:25+00:00\",\"dateModified\":\"2026-01-30T13:56:07+00:00\",\"breadcrumb\":{\"@id\":\"https:\\\/\\\/www.stinesofiesstiftelse.no\\\/vart-arbeid\\\/politisk-arbeid\\\/politiske-resultater\\\/#breadcrumb\"},\"inLanguage\":\"en-US\",\"potentialAction\":[{\"@type\":\"ReadAction\",\"target\":[\"https:\\\/\\\/www.stinesofiesstiftelse.no\\\/vart-arbeid\\\/politisk-arbeid\\\/politiske-resultater\\\/\"]}]},{\"@type\":\"ImageObject\",\"inLanguage\":\"en-US\",\"@id\":\"https:\\\/\\\/www.stinesofiesstiftelse.no\\\/vart-arbeid\\\/politisk-arbeid\\\/politiske-resultater\\\/#primaryimage\",\"url\":\"https:\\\/\\\/d1713zmupob0gt.cloudfront.net\\\/wp-content\\\/uploads\\\/2024\\\/05\\\/24110402\\\/wj20240506_SSS_Underskrifter_090_SRGB.jpg\",\"contentUrl\":\"https:\\\/\\\/d1713zmupob0gt.cloudfront.net\\\/wp-content\\\/uploads\\\/2024\\\/05\\\/24110402\\\/wj20240506_SSS_Underskrifter_090_SRGB.jpg\",\"width\":8220,\"height\":5246,\"caption\":\"R\u00e5dgiver i Stine Sofies stiftelse, Inga Marte Thorkildsen, overleverer et opprop tii helse- og omsorgsminister Jan Christian Vestre om at alle barn m\u00e5 f\u00e5 tilbud om d\u00f8gn\u00e5pne overgrepsmottak . FOTO: WERNER JUVIK\"},{\"@type\":\"BreadcrumbList\",\"@id\":\"https:\\\/\\\/www.stinesofiesstiftelse.no\\\/vart-arbeid\\\/politisk-arbeid\\\/politiske-resultater\\\/#breadcrumb\",\"itemListElement\":[{\"@type\":\"ListItem\",\"position\":1,\"name\":\"Hjem\",\"item\":\"https:\\\/\\\/www.stinesofiesstiftelse.no\\\/\"},{\"@type\":\"ListItem\",\"position\":2,\"name\":\"V\u00e5rt arbeid\",\"item\":\"https:\\\/\\\/www.stinesofiesstiftelse.no\\\/vart-arbeid\\\/\"},{\"@type\":\"ListItem\",\"position\":3,\"name\":\"Politisk arbeid\",\"item\":\"https:\\\/\\\/www.stinesofiesstiftelse.no\\\/vart-arbeid\\\/politisk-arbeid\\\/\"},{\"@type\":\"ListItem\",\"position\":4,\"name\":\"Politiske resultater\"}]},{\"@type\":\"WebSite\",\"@id\":\"https:\\\/\\\/www.stinesofiesstiftelse.no\\\/#website\",\"url\":\"https:\\\/\\\/www.stinesofiesstiftelse.no\\\/\",\"name\":\"Stine Sofies Stiftelse\",\"description\":\"\",\"publisher\":{\"@id\":\"https:\\\/\\\/www.stinesofiesstiftelse.no\\\/#organization\"},\"potentialAction\":[{\"@type\":\"SearchAction\",\"target\":{\"@type\":\"EntryPoint\",\"urlTemplate\":\"https:\\\/\\\/www.stinesofiesstiftelse.no\\\/?s={search_term_string}\"},\"query-input\":{\"@type\":\"PropertyValueSpecification\",\"valueRequired\":true,\"valueName\":\"search_term_string\"}}],\"inLanguage\":\"en-US\"},{\"@type\":\"Organization\",\"@id\":\"https:\\\/\\\/www.stinesofiesstiftelse.no\\\/#organization\",\"name\":\"Stine Sofies Stiftelse\",\"url\":\"https:\\\/\\\/www.stinesofiesstiftelse.no\\\/\",\"logo\":{\"@type\":\"ImageObject\",\"inLanguage\":\"en-US\",\"@id\":\"https:\\\/\\\/www.stinesofiesstiftelse.no\\\/#\\\/schema\\\/logo\\\/image\\\/\",\"url\":\"https:\\\/\\\/d1713zmupob0gt.cloudfront.net\\\/wp-content\\\/uploads\\\/2024\\\/10\\\/19093628\\\/cropped-Stine_sofies_stiftelse_logosymbol.png\",\"contentUrl\":\"https:\\\/\\\/d1713zmupob0gt.cloudfront.net\\\/wp-content\\\/uploads\\\/2024\\\/10\\\/19093628\\\/cropped-Stine_sofies_stiftelse_logosymbol.png\",\"width\":512,\"height\":512,\"caption\":\"Stine Sofies Stiftelse\"},\"image\":{\"@id\":\"https:\\\/\\\/www.stinesofiesstiftelse.no\\\/#\\\/schema\\\/logo\\\/image\\\/\"},\"sameAs\":[\"https:\\\/\\\/www.facebook.com\\\/StineSofiesStiftelse\\\/\"]}]}<\/script>\n<!-- \/ Yoast SEO plugin. -->","yoast_head_json":{"title":"Politiske resultater - Stine Sofies Stiftelse","robots":{"index":"index","follow":"follow","max-snippet":"max-snippet:-1","max-image-preview":"max-image-preview:large","max-video-preview":"max-video-preview:-1"},"canonical":"https:\/\/www.stinesofiesstiftelse.no\/vart-arbeid\/politisk-arbeid\/politiske-resultater\/","og_locale":"en_US","og_type":"article","og_title":"Politiske resultater - Stine Sofies Stiftelse","og_description":"Siden oppstarten i 2000 har Stine Sofies Stiftelse oppn\u00e5dd mye. Det er vi stolte av. Vi har s\u00e6rlig jobbet med [&hellip;]","og_url":"https:\/\/www.stinesofiesstiftelse.no\/vart-arbeid\/politisk-arbeid\/politiske-resultater\/","og_site_name":"Stine Sofies Stiftelse","article_publisher":"https:\/\/www.facebook.com\/StineSofiesStiftelse\/","article_modified_time":"2026-01-30T13:56:07+00:00","og_image":[{"width":1024,"height":654,"url":"https:\/\/www.stinesofiesstiftelse.no\/wp-content\/uploads\/2024\/05\/wj20240506_SSS_Underskrifter_090_SRGB-1024x654.jpg","type":"image\/jpeg"}],"twitter_card":"summary_large_image","twitter_misc":{"Est. reading time":"4 minutes"},"schema":{"@context":"https:\/\/schema.org","@graph":[{"@type":"WebPage","@id":"https:\/\/www.stinesofiesstiftelse.no\/vart-arbeid\/politisk-arbeid\/politiske-resultater\/","url":"https:\/\/www.stinesofiesstiftelse.no\/vart-arbeid\/politisk-arbeid\/politiske-resultater\/","name":"Politiske resultater - Stine Sofies Stiftelse","isPartOf":{"@id":"https:\/\/www.stinesofiesstiftelse.no\/#website"},"primaryImageOfPage":{"@id":"https:\/\/www.stinesofiesstiftelse.no\/vart-arbeid\/politisk-arbeid\/politiske-resultater\/#primaryimage"},"image":{"@id":"https:\/\/www.stinesofiesstiftelse.no\/vart-arbeid\/politisk-arbeid\/politiske-resultater\/#primaryimage"},"thumbnailUrl":"https:\/\/d1713zmupob0gt.cloudfront.net\/wp-content\/uploads\/2024\/05\/24110402\/wj20240506_SSS_Underskrifter_090_SRGB.jpg","datePublished":"2023-10-18T07:07:25+00:00","dateModified":"2026-01-30T13:56:07+00:00","breadcrumb":{"@id":"https:\/\/www.stinesofiesstiftelse.no\/vart-arbeid\/politisk-arbeid\/politiske-resultater\/#breadcrumb"},"inLanguage":"en-US","potentialAction":[{"@type":"ReadAction","target":["https:\/\/www.stinesofiesstiftelse.no\/vart-arbeid\/politisk-arbeid\/politiske-resultater\/"]}]},{"@type":"ImageObject","inLanguage":"en-US","@id":"https:\/\/www.stinesofiesstiftelse.no\/vart-arbeid\/politisk-arbeid\/politiske-resultater\/#primaryimage","url":"https:\/\/d1713zmupob0gt.cloudfront.net\/wp-content\/uploads\/2024\/05\/24110402\/wj20240506_SSS_Underskrifter_090_SRGB.jpg","contentUrl":"https:\/\/d1713zmupob0gt.cloudfront.net\/wp-content\/uploads\/2024\/05\/24110402\/wj20240506_SSS_Underskrifter_090_SRGB.jpg","width":8220,"height":5246,"caption":"R\u00e5dgiver i Stine Sofies stiftelse, Inga Marte Thorkildsen, overleverer et opprop tii helse- og omsorgsminister Jan Christian Vestre om at alle barn m\u00e5 f\u00e5 tilbud om d\u00f8gn\u00e5pne overgrepsmottak . FOTO: WERNER JUVIK"},{"@type":"BreadcrumbList","@id":"https:\/\/www.stinesofiesstiftelse.no\/vart-arbeid\/politisk-arbeid\/politiske-resultater\/#breadcrumb","itemListElement":[{"@type":"ListItem","position":1,"name":"Hjem","item":"https:\/\/www.stinesofiesstiftelse.no\/"},{"@type":"ListItem","position":2,"name":"V\u00e5rt arbeid","item":"https:\/\/www.stinesofiesstiftelse.no\/vart-arbeid\/"},{"@type":"ListItem","position":3,"name":"Politisk arbeid","item":"https:\/\/www.stinesofiesstiftelse.no\/vart-arbeid\/politisk-arbeid\/"},{"@type":"ListItem","position":4,"name":"Politiske resultater"}]},{"@type":"WebSite","@id":"https:\/\/www.stinesofiesstiftelse.no\/#website","url":"https:\/\/www.stinesofiesstiftelse.no\/","name":"Stine Sofies Stiftelse","description":"","publisher":{"@id":"https:\/\/www.stinesofiesstiftelse.no\/#organization"},"potentialAction":[{"@type":"SearchAction","target":{"@type":"EntryPoint","urlTemplate":"https:\/\/www.stinesofiesstiftelse.no\/?s={search_term_string}"},"query-input":{"@type":"PropertyValueSpecification","valueRequired":true,"valueName":"search_term_string"}}],"inLanguage":"en-US"},{"@type":"Organization","@id":"https:\/\/www.stinesofiesstiftelse.no\/#organization","name":"Stine Sofies Stiftelse","url":"https:\/\/www.stinesofiesstiftelse.no\/","logo":{"@type":"ImageObject","inLanguage":"en-US","@id":"https:\/\/www.stinesofiesstiftelse.no\/#\/schema\/logo\/image\/","url":"https:\/\/d1713zmupob0gt.cloudfront.net\/wp-content\/uploads\/2024\/10\/19093628\/cropped-Stine_sofies_stiftelse_logosymbol.png","contentUrl":"https:\/\/d1713zmupob0gt.cloudfront.net\/wp-content\/uploads\/2024\/10\/19093628\/cropped-Stine_sofies_stiftelse_logosymbol.png","width":512,"height":512,"caption":"Stine Sofies Stiftelse"},"image":{"@id":"https:\/\/www.stinesofiesstiftelse.no\/#\/schema\/logo\/image\/"},"sameAs":["https:\/\/www.facebook.com\/StineSofiesStiftelse\/"]}]}},"mfb_rest_fields":["title","yoast_head","yoast_head_json"],"_links":{"self":[{"href":"https:\/\/www.stinesofiesstiftelse.no\/en\/wp-json\/wp\/v2\/pages\/3809","targetHints":{"allow":["GET"]}}],"collection":[{"href":"https:\/\/www.stinesofiesstiftelse.no\/en\/wp-json\/wp\/v2\/pages"}],"about":[{"href":"https:\/\/www.stinesofiesstiftelse.no\/en\/wp-json\/wp\/v2\/types\/page"}],"author":[{"embeddable":true,"href":"https:\/\/www.stinesofiesstiftelse.no\/en\/wp-json\/wp\/v2\/users\/2"}],"replies":[{"embeddable":true,"href":"https:\/\/www.stinesofiesstiftelse.no\/en\/wp-json\/wp\/v2\/comments?post=3809"}],"version-history":[{"count":3,"href":"https:\/\/www.stinesofiesstiftelse.no\/en\/wp-json\/wp\/v2\/pages\/3809\/revisions"}],"predecessor-version":[{"id":13175,"href":"https:\/\/www.stinesofiesstiftelse.no\/en\/wp-json\/wp\/v2\/pages\/3809\/revisions\/13175"}],"up":[{"embeddable":true,"href":"https:\/\/www.stinesofiesstiftelse.no\/en\/wp-json\/wp\/v2\/pages\/3469"}],"wp:featuredmedia":[{"embeddable":true,"href":"https:\/\/www.stinesofiesstiftelse.no\/en\/wp-json\/wp\/v2\/media\/8082"}],"wp:attachment":[{"href":"https:\/\/www.stinesofiesstiftelse.no\/en\/wp-json\/wp\/v2\/media?parent=3809"}],"curies":[{"name":"wp","href":"https:\/\/api.w.org\/{rel}","templated":true}]}}