{"id":3354,"date":"2023-10-01T13:46:10","date_gmt":"2023-10-01T11:46:10","guid":{"rendered":"https:\/\/www.stinesofiesstiftelse.no\/?page_id=3354"},"modified":"2024-08-05T13:27:19","modified_gmt":"2024-08-05T11:27:19","slug":"til-barn-og-unge","status":"publish","type":"page","link":"https:\/\/www.stinesofiesstiftelse.no\/en\/stine-sofie-senteret\/til-barn-og-unge\/","title":{"rendered":"Til barn og unge"},"content":{"rendered":"\n<div class=\"wp-block-group alignwide sss-content-header has-global-padding is-layout-constrained wp-block-group-is-layout-constrained\" style=\"margin-top:0;margin-bottom:0\">\n<div class=\"wp-block-group is-layout-flow wp-block-group-is-layout-flow\" style=\"padding-top:4vw;padding-bottom:3vw\"><div class=\"yoast-breadcrumbs\"><span><span><a href=\"https:\/\/www.stinesofiesstiftelse.no\/\">Hjem<\/a><\/span> \u2013 <span><a href=\"https:\/\/www.stinesofiesstiftelse.no\/stine-sofie-senteret\/\">Stine Sofie Senteret<\/a><\/span> \u2013 <span class=\"breadcrumb_last\" aria-current=\"page\">Til barn og unge<\/span><\/span><\/div>\n\n<h1 class=\"is-style-has-blob wp-block-post-title has-text-color has-primary-color\">Til barn og unge<\/h1>\n\n\n<p style=\"padding-right:0;padding-left:0\">Hei! Jeg heter Nils Bj\u00f8rn, og jeg er leder for Stine Sofie Senteret. S\u00e5 fint at akkurat du er inne p\u00e5 siden v\u00e5r! Om du lurer p\u00e5 hva dette senteret er, s\u00e5 skal jeg pr\u00f8ve \u00e5 forklare det p\u00e5 denne siden.<\/p>\n<\/div>\n<\/div>\n\n\n\n<figure class=\"wp-block-image size-large\"><img loading=\"lazy\" decoding=\"async\" width=\"1024\" height=\"768\" src=\"https:\/\/d1713zmupob0gt.cloudfront.net\/wp-content\/uploads\/2023\/12\/14111256\/Nils-Bjorn_stine_sofie_senteret-1024x768.jpeg\" alt=\"\" class=\"wp-image-5051\" srcset=\"https:\/\/d1713zmupob0gt.cloudfront.net\/wp-content\/uploads\/2023\/12\/14111256\/Nils-Bjorn_stine_sofie_senteret-1024x768.jpeg 1024w, https:\/\/d1713zmupob0gt.cloudfront.net\/wp-content\/uploads\/2023\/12\/14111256\/Nils-Bjorn_stine_sofie_senteret-300x225.jpeg 300w, https:\/\/d1713zmupob0gt.cloudfront.net\/wp-content\/uploads\/2023\/12\/14111256\/Nils-Bjorn_stine_sofie_senteret-768x576.jpeg 768w, https:\/\/d1713zmupob0gt.cloudfront.net\/wp-content\/uploads\/2023\/12\/14111256\/Nils-Bjorn_stine_sofie_senteret.jpeg 1168w\" sizes=\"auto, (max-width: 1024px) 100vw, 1024px\" \/><figcaption class=\"wp-element-caption\"><em>Nils Bj\u00f8rn,  leder for Stine Sofie Senteret<\/em><\/figcaption><\/figure>\n\n\n\n<h3 class=\"wp-block-heading\">Hei p\u00e5 deg!<\/h3>\n\n\n\n<p>De som kan komme til Stine Sofie Senteret er barn og ungdom mellom 0 og 18 \u00e5r som har opplevd vold, eller sett noen av sine n\u00e6rmeste bli utsatt for vold, eller har opplevd seksuelle overgrep. Eller kanskje alt p\u00e5 en gang?<\/p>\n\n\n\n<p>Om du har opplevd noe vondt, og enda ikke har fortalt det til noen, s\u00e5 \u00f8nsker jeg veldig at du finner en voksen \u00e5 snakke med. Om ikke du har noen, s\u00e5 kan du ringe&nbsp;<a href=\"https:\/\/www.116111.no\/\">Alarmtelefonen for barn og unge<\/a>&nbsp;p\u00e5 116 111. Du kan ogs\u00e5 finne ut mer ved \u00e5 g\u00e5 inn p\u00e5&nbsp;<a href=\"https:\/\/jegvilvite.no\/\">jegvilvite.no<\/a>.<\/p>\n\n\n\n<div class=\"wp-block-columns is-layout-flex wp-container-core-columns-is-layout-28f84493 wp-block-columns-is-layout-flex\">\n<div class=\"wp-block-column is-layout-flow wp-block-column-is-layout-flow\" style=\"flex-basis:100%\">\n<h5 class=\"wp-block-heading\">Husk at det ALDRI er din skyld!<\/h5>\n<\/div>\n<\/div>\n\n\n\n<p>Stine Sofie Senteret er et kurs- og mestringssenter. Det betyr at du kan komme hit i seks dager for \u00e5 oppleve og l\u00e6re nye ting. Og jeg lover at det ikke er kjedelig pugge-greie! Her l\u00e6rer du blant annet litt om hjernen, litt om f\u00f8lelser, og litt om m\u00e5ter \u00e5 oppf\u00f8re seg p\u00e5. Visste du forresten at man l\u00e6rer best n\u00e5r man har det g\u00f8y? I l\u00f8pet av de seks dagene du er hos oss kan du v\u00e6re med \u00e5 lage film, dra p\u00e5 tur i skogen, padle kano, fiske, tegne, synge, dra p\u00e5 utflukt, klatre og masse annet g\u00f8y. Og du trenger ikke v\u00e6re d\u00f8dsgod til noe av dette. Null stress! Vi vil bare at du skal ha det bra hos oss<strong>&nbsp;<\/strong>(&#8230;og du f\u00e5r fri fra skolen).<\/p>\n\n\n\n<blockquote class=\"wp-block-quote is-layout-flow wp-block-quote-is-layout-flow\">\n<p><em>F\u00f8r jeg kom hit var jeg s\u00e5 lei av voksne som skulle bestemme n\u00e5r jeg m\u00e5tte snakke om det vonde. De som jobber her sa at jeg kunne velge selv om jeg ville snakke om det vonde eller ikke. Det var fint \u00e5 h\u00f8re.<\/em><\/p>\n<cite>(Gutt 15 \u00e5r)<\/cite><\/blockquote>\n\n\n\n<p><br>N\u00e5r man har opplevd vold eller seksuelle overgrep, kan man etterp\u00e5 g\u00e5 rundt med vonde tanker og vonde f\u00f8lelser. Det kan v\u00e6re s\u00e5nn at du f\u00f8ler deg veldig alene, og for noen kan det f\u00f8les ganske s\u00e5 fjernt \u00e5 v\u00e6re glad. Det er heller ikke uvanlig at man stadig blir forstyrret av vonde minner og bekymringer, og det kan gj\u00f8re det vanskelig \u00e5 konsentrere seg.<\/p>\n\n\n\n<section class=\"align wp-block-aptum-pagelinker\" id=\"block_d54310b04ac3213781f675b83e571793\">\n\n<div class=\"wp-block-aptum-pagelinker__inner columns-1 item-bg\">\n\t\t<div class=\"wp-block-aptum-pagelinker__grid\">\n\n\t\t\t\t\t\t\t\t\t\t\t\t\t\t<a class=\"wp-block-aptum-pagelinker__item\" href=\"https:\/\/www.stinesofiesstiftelse.no\/en\/stine-sofie-senteret\/sok-om-opphold\/\" target=\"_self\">\n\t\t\t\t\t\t\t\t\t\t\t\t\t\t<div class=\"wp-block-aptum-pagelinker__content\">\n\t\t\t\t\t\t\t\t\t\t\t\t\t\t\t\t<div class=\"wp-block-aptum-pagelinker__text\">\n\t\t\t\t\t\t\t\t\t<h3 class=\"wp-block-aptum-pagelinker__title \">S\u00f8k om opphold<i class=\"wp-block-aptum-pagelinker__arrow\"><\/i><\/h3>\n\t\t\t\t\t\t\t\t\t\t\t\t\t\t\t\t\t\t\t<p class=\"wp-block-aptum-pagelinker__excerpt\"> S\u00f8knadsprosessen er enkel, og her finner du alt du trenger.<\/p>\n\t\t\t\t\t\t\t\t\t\t\t\t\t\t\t\t\t<\/div>\n\t\t\t\t\t\t\t<\/div>\n\t\t\t\t\t\t<\/a>\n\t\t\t\t\t\t\t\t\t\t\t<\/div>\n<\/div>\n\n<\/section>\n\n\n\n<p>De voksne du har rundt deg, kan ogs\u00e5 streve med tanker og f\u00f8lelser. For mange er det s\u00e5nn at n\u00e5r noen i en familie har opplevd vonde ting, s\u00e5 merker alle det. Det er mange ganger skikkelig vanskelig \u00e5 snakke om, og det kan gj\u00f8re at b\u00e5de barna og de voksne oppf\u00f8rer seg p\u00e5 en m\u00e5te som de egentlig ikke vil. Da kan det bli litt kjip stemning i familien \u2013 selv om det kanskje er akkurat da man trenger hverandre som mest.<\/p>\n\n\n\n<blockquote class=\"wp-block-quote is-layout-flow wp-block-quote-is-layout-flow\">\n<p><em>Det har v\u00e6rt veldig g\u00f8y \u00e5 v\u00e6re her og jeg har f\u00e5tt mange nye venner.<\/em><\/p>\n<cite>(Jente 8 \u00e5r)<\/cite><\/blockquote>\n\n\n\n<p>P\u00e5 Stine Sofie Senteret m\u00f8ter du andre barn og unge som har opplevd noe av det samme. Og de voksne m\u00f8ter andre voksne. Her tar vi godt vare p\u00e5 b\u00e5de deg og dine voksne. V\u00e5rt h\u00f8yeste \u00f8nske er \u00e5 kunne gi dere en god og varm pause sammen!<\/p>\n\n\n\n<p>H\u00e5per jeg ser deg her hos oss p\u00e5 Stine Sofie Senteret! Lurer du p\u00e5 noe mer? Da h\u00e5per jeg du tar kontakt p\u00e5 37 29 40 90 eller&nbsp;<a class=\"absconditus\" data-absconditus-a=\"gfbc\" data-absconditus-b=\"fgvarfbsvrfragrerg.ab\" href=\"#\"><span data-absconditus-placeholder=\"te.tnnetnoioss@rifosteepse\"><\/span><\/a>. <\/p>\n\n\n\n<p>Varm og vennlig hilsen fra Nils Bj\u00f8rn<\/p>\n","protected":false},"excerpt":{"rendered":"<p>Hei! Jeg heter Nils Bj\u00f8rn, og jeg er leder for Stine Sofie Senteret. S\u00e5 fint at akkurat du er inne [&hellip;]<\/p>\n","protected":false},"author":2,"featured_media":751,"parent":3328,"menu_order":0,"comment_status":"closed","ping_status":"closed","template":"","meta":{"_acf_changed":false,"inline_featured_image":false,"footnotes":""},"class_list":["post-3354","page","type-page","status-publish","has-post-thumbnail","hentry"],"acf":[],"mb":[],"yoast_head":"<!-- This site is optimized with the Yoast SEO plugin v27.3 - https:\/\/yoast.com\/product\/yoast-seo-wordpress\/ -->\n<title>Til barn og unge - Stine Sofies Stiftelse<\/title>\n<meta name=\"robots\" content=\"index, follow, max-snippet:-1, max-image-preview:large, max-video-preview:-1\" \/>\n<link rel=\"canonical\" href=\"https:\/\/www.stinesofiesstiftelse.no\/stine-sofie-senteret\/til-barn-og-unge\/\" \/>\n<meta property=\"og:locale\" content=\"en_US\" \/>\n<meta property=\"og:type\" content=\"article\" \/>\n<meta property=\"og:title\" content=\"Til barn og unge - Stine Sofies Stiftelse\" \/>\n<meta property=\"og:description\" content=\"Hei! Jeg heter Nils Bj\u00f8rn, og jeg er leder for Stine Sofie Senteret. S\u00e5 fint at akkurat du er inne [&hellip;]\" \/>\n<meta property=\"og:url\" content=\"https:\/\/www.stinesofiesstiftelse.no\/stine-sofie-senteret\/til-barn-og-unge\/\" \/>\n<meta property=\"og:site_name\" content=\"Stine Sofies Stiftelse\" \/>\n<meta property=\"article:publisher\" content=\"https:\/\/www.facebook.com\/StineSofiesStiftelse\/\" \/>\n<meta property=\"article:modified_time\" content=\"2024-08-05T11:27:19+00:00\" \/>\n<meta property=\"og:image\" content=\"https:\/\/d1713zmupob0gt.cloudfront.net\/wp-content\/uploads\/2023\/06\/20095431\/andrew-seaman-ey5zZOkYL0Q-unsplash-scaled.jpg\" \/>\n\t<meta property=\"og:image:width\" content=\"2560\" \/>\n\t<meta property=\"og:image:height\" content=\"2560\" \/>\n\t<meta property=\"og:image:type\" content=\"image\/jpeg\" \/>\n<meta name=\"twitter:card\" content=\"summary_large_image\" \/>\n<meta name=\"twitter:label1\" content=\"Est. reading time\" \/>\n\t<meta name=\"twitter:data1\" content=\"4 minutes\" \/>\n<script type=\"application\/ld+json\" class=\"yoast-schema-graph\">{\"@context\":\"https:\\\/\\\/schema.org\",\"@graph\":[{\"@type\":\"WebPage\",\"@id\":\"https:\\\/\\\/www.stinesofiesstiftelse.no\\\/stine-sofie-senteret\\\/til-barn-og-unge\\\/\",\"url\":\"https:\\\/\\\/www.stinesofiesstiftelse.no\\\/stine-sofie-senteret\\\/til-barn-og-unge\\\/\",\"name\":\"Til barn og unge - Stine Sofies Stiftelse\",\"isPartOf\":{\"@id\":\"https:\\\/\\\/www.stinesofiesstiftelse.no\\\/#website\"},\"primaryImageOfPage\":{\"@id\":\"https:\\\/\\\/www.stinesofiesstiftelse.no\\\/stine-sofie-senteret\\\/til-barn-og-unge\\\/#primaryimage\"},\"image\":{\"@id\":\"https:\\\/\\\/www.stinesofiesstiftelse.no\\\/stine-sofie-senteret\\\/til-barn-og-unge\\\/#primaryimage\"},\"thumbnailUrl\":\"https:\\\/\\\/d1713zmupob0gt.cloudfront.net\\\/wp-content\\\/uploads\\\/2023\\\/06\\\/20095431\\\/andrew-seaman-ey5zZOkYL0Q-unsplash-scaled.jpg\",\"datePublished\":\"2023-10-01T11:46:10+00:00\",\"dateModified\":\"2024-08-05T11:27:19+00:00\",\"breadcrumb\":{\"@id\":\"https:\\\/\\\/www.stinesofiesstiftelse.no\\\/stine-sofie-senteret\\\/til-barn-og-unge\\\/#breadcrumb\"},\"inLanguage\":\"en-US\",\"potentialAction\":[{\"@type\":\"ReadAction\",\"target\":[\"https:\\\/\\\/www.stinesofiesstiftelse.no\\\/stine-sofie-senteret\\\/til-barn-og-unge\\\/\"]}]},{\"@type\":\"ImageObject\",\"inLanguage\":\"en-US\",\"@id\":\"https:\\\/\\\/www.stinesofiesstiftelse.no\\\/stine-sofie-senteret\\\/til-barn-og-unge\\\/#primaryimage\",\"url\":\"https:\\\/\\\/d1713zmupob0gt.cloudfront.net\\\/wp-content\\\/uploads\\\/2023\\\/06\\\/20095431\\\/andrew-seaman-ey5zZOkYL0Q-unsplash-scaled.jpg\",\"contentUrl\":\"https:\\\/\\\/d1713zmupob0gt.cloudfront.net\\\/wp-content\\\/uploads\\\/2023\\\/06\\\/20095431\\\/andrew-seaman-ey5zZOkYL0Q-unsplash-scaled.jpg\",\"width\":2560,\"height\":2560},{\"@type\":\"BreadcrumbList\",\"@id\":\"https:\\\/\\\/www.stinesofiesstiftelse.no\\\/stine-sofie-senteret\\\/til-barn-og-unge\\\/#breadcrumb\",\"itemListElement\":[{\"@type\":\"ListItem\",\"position\":1,\"name\":\"Hjem\",\"item\":\"https:\\\/\\\/www.stinesofiesstiftelse.no\\\/\"},{\"@type\":\"ListItem\",\"position\":2,\"name\":\"Stine Sofie Senteret\",\"item\":\"https:\\\/\\\/www.stinesofiesstiftelse.no\\\/stine-sofie-senteret\\\/\"},{\"@type\":\"ListItem\",\"position\":3,\"name\":\"Til barn og unge\"}]},{\"@type\":\"WebSite\",\"@id\":\"https:\\\/\\\/www.stinesofiesstiftelse.no\\\/#website\",\"url\":\"https:\\\/\\\/www.stinesofiesstiftelse.no\\\/\",\"name\":\"Stine Sofies Stiftelse\",\"description\":\"\",\"publisher\":{\"@id\":\"https:\\\/\\\/www.stinesofiesstiftelse.no\\\/#organization\"},\"potentialAction\":[{\"@type\":\"SearchAction\",\"target\":{\"@type\":\"EntryPoint\",\"urlTemplate\":\"https:\\\/\\\/www.stinesofiesstiftelse.no\\\/?s={search_term_string}\"},\"query-input\":{\"@type\":\"PropertyValueSpecification\",\"valueRequired\":true,\"valueName\":\"search_term_string\"}}],\"inLanguage\":\"en-US\"},{\"@type\":\"Organization\",\"@id\":\"https:\\\/\\\/www.stinesofiesstiftelse.no\\\/#organization\",\"name\":\"Stine Sofies Stiftelse\",\"url\":\"https:\\\/\\\/www.stinesofiesstiftelse.no\\\/\",\"logo\":{\"@type\":\"ImageObject\",\"inLanguage\":\"en-US\",\"@id\":\"https:\\\/\\\/www.stinesofiesstiftelse.no\\\/#\\\/schema\\\/logo\\\/image\\\/\",\"url\":\"https:\\\/\\\/d1713zmupob0gt.cloudfront.net\\\/wp-content\\\/uploads\\\/2024\\\/10\\\/19093628\\\/cropped-Stine_sofies_stiftelse_logosymbol.png\",\"contentUrl\":\"https:\\\/\\\/d1713zmupob0gt.cloudfront.net\\\/wp-content\\\/uploads\\\/2024\\\/10\\\/19093628\\\/cropped-Stine_sofies_stiftelse_logosymbol.png\",\"width\":512,\"height\":512,\"caption\":\"Stine Sofies Stiftelse\"},\"image\":{\"@id\":\"https:\\\/\\\/www.stinesofiesstiftelse.no\\\/#\\\/schema\\\/logo\\\/image\\\/\"},\"sameAs\":[\"https:\\\/\\\/www.facebook.com\\\/StineSofiesStiftelse\\\/\"]}]}<\/script>\n<!-- \/ Yoast SEO plugin. -->","yoast_head_json":{"title":"Til barn og unge - Stine Sofies Stiftelse","robots":{"index":"index","follow":"follow","max-snippet":"max-snippet:-1","max-image-preview":"max-image-preview:large","max-video-preview":"max-video-preview:-1"},"canonical":"https:\/\/www.stinesofiesstiftelse.no\/stine-sofie-senteret\/til-barn-og-unge\/","og_locale":"en_US","og_type":"article","og_title":"Til barn og unge - Stine Sofies Stiftelse","og_description":"Hei! Jeg heter Nils Bj\u00f8rn, og jeg er leder for Stine Sofie Senteret. S\u00e5 fint at akkurat du er inne [&hellip;]","og_url":"https:\/\/www.stinesofiesstiftelse.no\/stine-sofie-senteret\/til-barn-og-unge\/","og_site_name":"Stine Sofies Stiftelse","article_publisher":"https:\/\/www.facebook.com\/StineSofiesStiftelse\/","article_modified_time":"2024-08-05T11:27:19+00:00","og_image":[{"width":2560,"height":2560,"url":"https:\/\/d1713zmupob0gt.cloudfront.net\/wp-content\/uploads\/2023\/06\/20095431\/andrew-seaman-ey5zZOkYL0Q-unsplash-scaled.jpg","type":"image\/jpeg"}],"twitter_card":"summary_large_image","twitter_misc":{"Est. reading time":"4 minutes"},"schema":{"@context":"https:\/\/schema.org","@graph":[{"@type":"WebPage","@id":"https:\/\/www.stinesofiesstiftelse.no\/stine-sofie-senteret\/til-barn-og-unge\/","url":"https:\/\/www.stinesofiesstiftelse.no\/stine-sofie-senteret\/til-barn-og-unge\/","name":"Til barn og unge - Stine Sofies Stiftelse","isPartOf":{"@id":"https:\/\/www.stinesofiesstiftelse.no\/#website"},"primaryImageOfPage":{"@id":"https:\/\/www.stinesofiesstiftelse.no\/stine-sofie-senteret\/til-barn-og-unge\/#primaryimage"},"image":{"@id":"https:\/\/www.stinesofiesstiftelse.no\/stine-sofie-senteret\/til-barn-og-unge\/#primaryimage"},"thumbnailUrl":"https:\/\/d1713zmupob0gt.cloudfront.net\/wp-content\/uploads\/2023\/06\/20095431\/andrew-seaman-ey5zZOkYL0Q-unsplash-scaled.jpg","datePublished":"2023-10-01T11:46:10+00:00","dateModified":"2024-08-05T11:27:19+00:00","breadcrumb":{"@id":"https:\/\/www.stinesofiesstiftelse.no\/stine-sofie-senteret\/til-barn-og-unge\/#breadcrumb"},"inLanguage":"en-US","potentialAction":[{"@type":"ReadAction","target":["https:\/\/www.stinesofiesstiftelse.no\/stine-sofie-senteret\/til-barn-og-unge\/"]}]},{"@type":"ImageObject","inLanguage":"en-US","@id":"https:\/\/www.stinesofiesstiftelse.no\/stine-sofie-senteret\/til-barn-og-unge\/#primaryimage","url":"https:\/\/d1713zmupob0gt.cloudfront.net\/wp-content\/uploads\/2023\/06\/20095431\/andrew-seaman-ey5zZOkYL0Q-unsplash-scaled.jpg","contentUrl":"https:\/\/d1713zmupob0gt.cloudfront.net\/wp-content\/uploads\/2023\/06\/20095431\/andrew-seaman-ey5zZOkYL0Q-unsplash-scaled.jpg","width":2560,"height":2560},{"@type":"BreadcrumbList","@id":"https:\/\/www.stinesofiesstiftelse.no\/stine-sofie-senteret\/til-barn-og-unge\/#breadcrumb","itemListElement":[{"@type":"ListItem","position":1,"name":"Hjem","item":"https:\/\/www.stinesofiesstiftelse.no\/"},{"@type":"ListItem","position":2,"name":"Stine Sofie Senteret","item":"https:\/\/www.stinesofiesstiftelse.no\/stine-sofie-senteret\/"},{"@type":"ListItem","position":3,"name":"Til barn og unge"}]},{"@type":"WebSite","@id":"https:\/\/www.stinesofiesstiftelse.no\/#website","url":"https:\/\/www.stinesofiesstiftelse.no\/","name":"Stine Sofies Stiftelse","description":"","publisher":{"@id":"https:\/\/www.stinesofiesstiftelse.no\/#organization"},"potentialAction":[{"@type":"SearchAction","target":{"@type":"EntryPoint","urlTemplate":"https:\/\/www.stinesofiesstiftelse.no\/?s={search_term_string}"},"query-input":{"@type":"PropertyValueSpecification","valueRequired":true,"valueName":"search_term_string"}}],"inLanguage":"en-US"},{"@type":"Organization","@id":"https:\/\/www.stinesofiesstiftelse.no\/#organization","name":"Stine Sofies Stiftelse","url":"https:\/\/www.stinesofiesstiftelse.no\/","logo":{"@type":"ImageObject","inLanguage":"en-US","@id":"https:\/\/www.stinesofiesstiftelse.no\/#\/schema\/logo\/image\/","url":"https:\/\/d1713zmupob0gt.cloudfront.net\/wp-content\/uploads\/2024\/10\/19093628\/cropped-Stine_sofies_stiftelse_logosymbol.png","contentUrl":"https:\/\/d1713zmupob0gt.cloudfront.net\/wp-content\/uploads\/2024\/10\/19093628\/cropped-Stine_sofies_stiftelse_logosymbol.png","width":512,"height":512,"caption":"Stine Sofies Stiftelse"},"image":{"@id":"https:\/\/www.stinesofiesstiftelse.no\/#\/schema\/logo\/image\/"},"sameAs":["https:\/\/www.facebook.com\/StineSofiesStiftelse\/"]}]}},"mfb_rest_fields":["title","yoast_head","yoast_head_json"],"_links":{"self":[{"href":"https:\/\/www.stinesofiesstiftelse.no\/en\/wp-json\/wp\/v2\/pages\/3354","targetHints":{"allow":["GET"]}}],"collection":[{"href":"https:\/\/www.stinesofiesstiftelse.no\/en\/wp-json\/wp\/v2\/pages"}],"about":[{"href":"https:\/\/www.stinesofiesstiftelse.no\/en\/wp-json\/wp\/v2\/types\/page"}],"author":[{"embeddable":true,"href":"https:\/\/www.stinesofiesstiftelse.no\/en\/wp-json\/wp\/v2\/users\/2"}],"replies":[{"embeddable":true,"href":"https:\/\/www.stinesofiesstiftelse.no\/en\/wp-json\/wp\/v2\/comments?post=3354"}],"version-history":[{"count":3,"href":"https:\/\/www.stinesofiesstiftelse.no\/en\/wp-json\/wp\/v2\/pages\/3354\/revisions"}],"predecessor-version":[{"id":8458,"href":"https:\/\/www.stinesofiesstiftelse.no\/en\/wp-json\/wp\/v2\/pages\/3354\/revisions\/8458"}],"up":[{"embeddable":true,"href":"https:\/\/www.stinesofiesstiftelse.no\/en\/wp-json\/wp\/v2\/pages\/3328"}],"wp:featuredmedia":[{"embeddable":true,"href":"https:\/\/www.stinesofiesstiftelse.no\/en\/wp-json\/wp\/v2\/media\/751"}],"wp:attachment":[{"href":"https:\/\/www.stinesofiesstiftelse.no\/en\/wp-json\/wp\/v2\/media?parent=3354"}],"curies":[{"name":"wp","href":"https:\/\/api.w.org\/{rel}","templated":true}]}}