{"id":14394,"date":"2026-03-27T13:46:48","date_gmt":"2026-03-27T12:46:48","guid":{"rendered":"https:\/\/www.stinesofiesstiftelse.no\/?page_id=14394"},"modified":"2026-03-27T13:46:49","modified_gmt":"2026-03-27T12:46:49","slug":"last-ned-var-brosjyre-om-arv","status":"publish","type":"page","link":"https:\/\/www.stinesofiesstiftelse.no\/en\/last-ned-var-brosjyre-om-arv\/","title":{"rendered":"Last ned v\u00e5r brosjyre om arv"},"content":{"rendered":"\n<div class=\"wp-block-group alignwide sss-content-header has-global-padding is-layout-constrained wp-block-group-is-layout-constrained\" style=\"margin-top:0;margin-bottom:0\">\n<div class=\"wp-block-group is-layout-flow wp-block-group-is-layout-flow\" style=\"padding-top:4vw;padding-bottom:3vw\"><div class=\"yoast-breadcrumbs\"><span><span><a href=\"https:\/\/www.stinesofiesstiftelse.no\/\">Hjem<\/a><\/span> \u2013 <span class=\"breadcrumb_last\" aria-current=\"page\">Last ned v\u00e5r brosjyre om arv<\/span><\/span><\/div>\n\n<h1 class=\"is-style-has-blob wp-block-post-title has-text-color has-primary-color\">Last ned v\u00e5r brosjyre om arv<\/h1>\n\n\n<p class=\"is-style-leadtext\">Takk for interessen din. Ved \u00e5 lese mer om testamentariske gaver f\u00e5r du innsikt i hvordan en arv kan bli til varig hjelp, trygghet og h\u00e5p for barn som trenger det. Last ned brosjyren under, og ta gjerne kontakt med oss dersom du \u00f8nsker mer informasjon eller har sp\u00f8rsm\u00e5l.<\/p>\n<\/div>\n<\/div>\n\n\n\n<h3 class=\"wp-block-heading\">Last ned brosjyren her:<\/h3>\n\n\n\n<div data-wp-interactive=\"core\/file\" class=\"wp-block-file\"><object data-wp-bind--hidden=\"!state.hasPdfPreview\" hidden class=\"wp-block-file__embed\" data=\"https:\/\/d1713zmupob0gt.cloudfront.net\/wp-content\/uploads\/2026\/03\/27134607\/Stine-Sofies-Stiftelse-testamentariske-gaver-og-arv.pdf\" type=\"application\/pdf\" style=\"width:100%;height:380px\" aria-label=\"Embed of Stine Sofies Stiftelse - testamentariske gaver og arv.\"><\/object><a id=\"wp-block-file--media-c785a008-bc93-4067-b329-f3bac3414ea4\" href=\"https:\/\/d1713zmupob0gt.cloudfront.net\/wp-content\/uploads\/2026\/03\/27134607\/Stine-Sofies-Stiftelse-testamentariske-gaver-og-arv.pdf\">Stine Sofies Stiftelse &#8211; testamentariske gaver og arv<\/a><a href=\"https:\/\/d1713zmupob0gt.cloudfront.net\/wp-content\/uploads\/2026\/03\/27134607\/Stine-Sofies-Stiftelse-testamentariske-gaver-og-arv.pdf\" class=\"wp-block-file__button wp-element-button\" download aria-describedby=\"wp-block-file--media-c785a008-bc93-4067-b329-f3bac3414ea4\">Last ned<\/a><\/div>\n\n\n\n<p><strong>Lurer du p\u00e5 noe? Kontakt gjerne Aleksandra p\u00e5<\/strong> <a class=\"absconditus\" data-absconditus-a=\"neqanfxryn\" data-absconditus-b=\"fgvarfbsvrffgvsgryfr.ab\" href=\"#\"><span data-absconditus-placeholder=\"leadk@es.sirfsenflateetaosstoninsi\"><\/span><\/a><\/p>\n\n\n\n<div style=\"height:30px\" aria-hidden=\"true\" class=\"wp-block-spacer\"><\/div>\n\n\n\n<div class=\"wp-block-columns alignwide sss-image-text sss-donationform has-secondary-background-color has-background is-layout-flex wp-container-core-columns-is-layout-3fb004a6 wp-block-columns-is-layout-flex\" style=\"border-radius:4px;padding-top:0;padding-right:0;padding-bottom:0;padding-left:0\">\n<div class=\"wp-block-column is-layout-flow wp-block-column-is-layout-flow\">\n<figure class=\"wp-block-image size-full\"><img loading=\"lazy\" decoding=\"async\" width=\"800\" height=\"520\" src=\"https:\/\/d1713zmupob0gt.cloudfront.net\/wp-content\/uploads\/2024\/04\/15155243\/Redd-gutt-sh_NY.jpg\" alt=\"\" class=\"wp-image-11006\" style=\"object-fit:cover\" srcset=\"https:\/\/d1713zmupob0gt.cloudfront.net\/wp-content\/uploads\/2024\/04\/15155243\/Redd-gutt-sh_NY.jpg 800w, https:\/\/d1713zmupob0gt.cloudfront.net\/wp-content\/uploads\/2024\/04\/15155243\/Redd-gutt-sh_NY-300x195.jpg 300w, https:\/\/d1713zmupob0gt.cloudfront.net\/wp-content\/uploads\/2024\/04\/15155243\/Redd-gutt-sh_NY-768x499.jpg 768w\" sizes=\"auto, (max-width: 800px) 100vw, 800px\" \/><\/figure>\n<\/div>\n\n\n\n<div class=\"wp-block-column is-layout-flow wp-block-column-is-layout-flow\" style=\"padding-top:var(--wp--preset--spacing--30);padding-right:0;padding-bottom:var(--wp--preset--spacing--30);padding-left:0\">\n<div class=\"wp-block-group is-layout-flow wp-block-group-is-layout-flow\" style=\"padding-right:var(--wp--preset--spacing--50)\">\n\n<section style=\"padding-top:var(--wp--preset--spacing--80);padding-bottom:var(--wp--preset--spacing--80);margin-top:0;margin-bottom:0;\" class=\"alignfull wp-block-aptum-donationform has-background has-light-background-background-color\" id=\"block-4ca93eb8e701ad88f037be6d2092e5bb\">\n\n<section id=\"block_4ca93eb8e701ad88f037be6d2092e5bb\" class=\"donationform\">\n\t<div class=\"\">\n\t\t<div class=\"donationform-content\">\n\t\t\t<div class=\"container\">\n\t\t\t\t<form name=\"donationForm\" action=\"\/bli-fast-giver\/\" id=\"donation-form\" class=\"giver\">\n\n\t\t\t\t\t<div class=\"radioGroup gi-type\">\n\t\t\t\t\t\t<input class=\"gi-type\" type=\"radio\" name=\"gi_type\" value=\"giver\" id=\"gi-type-giver\" checked>\n\t\t\t\t\t\t<label for=\"gi-type-giver\">Gi m\u00e5nedlig<\/label>\n\n\t\t\t\t\t\t<input class=\"gi-type\" type=\"radio\" name=\"gi_type\" value=\"gave\" id=\"gi-type-gave\">\n\t\t\t\t\t\t<label for=\"gi-type-gave\">Engangsgave<\/label>\n\t\t\t\t\t<\/div>\n\n\t\t\t\t\t<h3 class=\"giver-heading\">Fadder for en trygg barndom<\/h3>\n\t\t\t\t\t<h3 class=\"gave-heading\">Gave for en trygg barndom<\/h3>\n\n\t\t\t\t\t<div class=\"radioGroup\">\n\t\t\t\t\t\t<input class=\"priceVal\" type=\"radio\" name=\"pris\" value=\"250\" id=\"option1\" checked>\n\t\t\t\t\t\t<label for=\"option1\">250<\/label>\n\n\t\t\t\t\t\t<input class=\"priceVal\" type=\"radio\" name=\"pris\" value=\"300\" id=\"option2\">\n\t\t\t\t\t\t<label for=\"option2\">300<\/label>\n\n\t\t\t\t\t\t<input class=\"priceVal\" type=\"radio\" name=\"pris\" value=\"\" id=\"option3\">\n\t\t\t\t\t\t<label for=\"option3\">Annet<\/label>\n\n\t\t\t\t\t\t<input class=\"priceVal\" style=\"display: none; position: relative; font-family: inherit;\" type=\"number\" placeholder=\"1234\" value=\"\" id=\"option4\">\n\n\t\t\t\t\t\t<span class=\"indicator\"><\/span>\n\t\t\t\t\t<\/div>\n\n\t\t\t\t\t<p class=\"gave-description\">Med ditt bidrag er du med \u00e5 sikrer barn sine rettigheter og hjelper voldsutsatte barn og unge.<\/p>\n\t\t\t\t\t<p class=\"giver-description\">Du bidrar til \u00e5 forhindre vold og overgrep mot barn, sikre barns rettigheter og gi hjelp til voldsutsatte barn og unge.<\/p>\n\n\t\t\t\t\t<div class=\"radioGroup gateways\">\n\t\t\t\t\t\t<div class=\"gateway-giver\">\n\t\t\t\t\t\t\t<input class=\"gateway\" type=\"radio\" name=\"payment_method\" value=\"vippsrecurringexpress\" id=\"gateway-vippsuserinfo\" checked>\n\t\t\t\t\t\t\t<label for=\"gateway-vippsuserinfo\">Vipps<\/label>\n\t\t\t\t\t\t<\/div>\n\n\t\t\t\t\t\t<div class=\"gateway-giver\">\n\t\t\t\t\t\t\t<input class=\"gateway\" type=\"radio\" name=\"payment_method\" value=\"avtalegiro\" id=\"gateway-avtalegiro\">\n\t\t\t\t\t\t\t<label for=\"gateway-avtalegiro\">Kort\/avtalegiro<\/label>\n\t\t\t\t\t\t<\/div>\n\n\t\t\t\t\t\t<div class=\"gateway-gave\">\n\t\t\t\t\t\t\t<input class=\"gateway\" type=\"radio\" name=\"payment_method\" value=\"vippsexpress\" id=\"gateway-vipps\">\n\t\t\t\t\t\t\t<label for=\"gateway-vipps\">Vipps<\/label>\n\t\t\t\t\t\t<\/div>\n\n\t\t\t\t\t\t<div class=\"gateway-gave\">\n\t\t\t\t\t\t\t<input class=\"gateway\" type=\"radio\" name=\"payment_method\" value=\"netaxept\" id=\"gateway-netaxept\">\n\t\t\t\t\t\t\t<label for=\"gateway-netaxept\">Kort<\/label>\n\t\t\t\t\t\t<\/div>\n\t\t\t\t\t<\/div>\n\n\t\t\t\t\t<input type=\"submit\" name=\"giver-submit-btn\" class=\"donation-form-submit wp-block-button__link wp-element-button\" value=\"Registrer deg \" id=\"donation-form-giver-submit\">\n\t\t\t\t\t<input type=\"submit\" name=\"gave-submit-btn\" class=\"donation-form-submit wp-block-button__link wp-element-button\" value=\"Gi gave via Vipps\" id=\"donation-form-gave-submit\">\n\n\t\t\t\t<\/form>\n\t\t\t<\/div>\n\t\t<\/div>\n\t<\/div>\n<\/section>\n\n<\/section>\n<\/div>\n<\/div>\n<\/div>\n\n\n\n<section class=\"alignwide wp-block-aptum-pagelinker\" id=\"block_f7adbd580b95028485fb8a1720e217a7\">\n\n<div class=\"wp-block-aptum-pagelinker__inner alignwide columns-3\">\n\t<h2 class=\"wp-block-aptum-pagelinker__heading\">Fra nettbutikken<\/h2>\t<div class=\"wp-block-aptum-pagelinker__grid\">\n\n\t\t\t\t\t\t\t\t\t\t\t\t\t\t<a class=\"wp-block-aptum-pagelinker__item\" href=\"https:\/\/giver.stinesofiesstiftelse.no\/nettbutikk\/kategori\/BT\" target=\"_blank\">\n\t\t\t\t\t\t\t\t\t\t\t\t\t\t\t<img decoding=\"async\" class=\"wp-block-aptum-pagelinker__image\" src=\"https:\/\/d1713zmupob0gt.cloudfront.net\/wp-content\/uploads\/2024\/06\/20101205\/T-skjorte_hvit_1500x1000-768x512.jpg\" alt=\"T-skjorte\" \/>\n\t\t\t\t\t\t\t\t\t\t\t\t\t\t<div class=\"wp-block-aptum-pagelinker__content\">\n\t\t\t\t\t\t\t\t\t\t\t\t\t\t\t\t<div class=\"wp-block-aptum-pagelinker__text\">\n\t\t\t\t\t\t\t\t\t<h3 class=\"wp-block-aptum-pagelinker__title \">\u00abI am me\u00bb t-skjorte<i class=\"wp-block-aptum-pagelinker__arrow\"><\/i><\/h3>\n\t\t\t\t\t\t\t\t\t\t\t\t\t\t\t\t\t\t\t<p class=\"wp-block-aptum-pagelinker__excerpt\">Kr 249 |Ved kj\u00f8p av denne t-skjorten st\u00f8tter du arbeidet for en barndom uten vold og overgrep. <\/p>\n\t\t\t\t\t\t\t\t\t\t\t\t\t\t\t\t\t<\/div>\n\t\t\t\t\t\t\t<\/div>\n\t\t\t\t\t\t<\/a>\n\t\t\t\t\t\t\t\t\t\t\t\t\t\t\t\t\t\t\t\t\t<a class=\"wp-block-aptum-pagelinker__item\" href=\"https:\/\/giver.stinesofiesstiftelse.no\/nettbutikk\/produkt\/GK-0-14\" target=\"_self\">\n\t\t\t\t\t\t\t\t\t\t\t\t\t\t\t<img decoding=\"async\" class=\"wp-block-aptum-pagelinker__image\" src=\"https:\/\/d1713zmupob0gt.cloudfront.net\/wp-content\/uploads\/2023\/10\/12101507\/Gavebrev-500x500-1.jpeg\" alt=\"\" \/>\n\t\t\t\t\t\t\t\t\t\t\t\t\t\t<div class=\"wp-block-aptum-pagelinker__content\">\n\t\t\t\t\t\t\t\t\t\t\t\t\t\t\t\t<div class=\"wp-block-aptum-pagelinker__text\">\n\t\t\t\t\t\t\t\t\t<h3 class=\"wp-block-aptum-pagelinker__title \">Symbolsk gave<i class=\"wp-block-aptum-pagelinker__arrow\"><\/i><\/h3>\n\t\t\t\t\t\t\t\t\t\t\t\t\t\t\t\t\t\t\t<p class=\"wp-block-aptum-pagelinker__excerpt\">Gi en symbolsk gave til ulike anledninger.\r\nSkriv din personlige hilsen, last ned og print hjemme.<\/p>\n\t\t\t\t\t\t\t\t\t\t\t\t\t\t\t\t\t<\/div>\n\t\t\t\t\t\t\t<\/div>\n\t\t\t\t\t\t<\/a>\n\t\t\t\t\t\t\t\t\t\t\t\t\t\t\t\t\t\t\t\t\t<a class=\"wp-block-aptum-pagelinker__item\" href=\"https:\/\/giver.stinesofiesstiftelse.no\/nettbutikk\/produkt\/KI-0-29\" target=\"_self\">\n\t\t\t\t\t\t\t\t\t\t\t\t\t\t\t<img decoding=\"async\" class=\"wp-block-aptum-pagelinker__image\" src=\"https:\/\/d1713zmupob0gt.cloudfront.net\/wp-content\/uploads\/2023\/10\/12103749\/Trygg_500x500_001-768x480.png\" alt=\"\" \/>\n\t\t\t\t\t\t\t\t\t\t\t\t\t\t<div class=\"wp-block-aptum-pagelinker__content\">\n\t\t\t\t\t\t\t\t\t\t\t\t\t\t\t\t<div class=\"wp-block-aptum-pagelinker__text\">\n\t\t\t\t\t\t\t\t\t<h3 class=\"wp-block-aptum-pagelinker__title \">\u00abTrygg\u00bb armb\u00e5nd barn<i class=\"wp-block-aptum-pagelinker__arrow\"><\/i><\/h3>\n\t\t\t\t\t\t\t\t\t\t\t\t\t\t\t\t\t\t\t<p class=\"wp-block-aptum-pagelinker__excerpt\">Kr 200 |H\u00e5ndlaget armb\u00e5nd i flotte friske farger. Vis verden at du \u00f8nsker at alle barn skal v\u00e6re trygge.<\/p>\n\t\t\t\t\t\t\t\t\t\t\t\t\t\t\t\t\t<\/div>\n\t\t\t\t\t\t\t<\/div>\n\t\t\t\t\t\t<\/a>\n\t\t\t\t\t\t\t\t\t\t\t<\/div>\n<\/div>\n\n<\/section>\n","protected":false},"excerpt":{"rendered":"<p>Takk for interessen din. Ved \u00e5 lese mer om testamentariske gaver f\u00e5r du innsikt i hvordan en arv kan bli [&hellip;]<\/p>\n","protected":false},"author":11,"featured_media":0,"parent":0,"menu_order":0,"comment_status":"closed","ping_status":"closed","template":"","meta":{"_acf_changed":false,"inline_featured_image":false,"footnotes":""},"class_list":["post-14394","page","type-page","status-publish","hentry"],"acf":[],"mb":[],"yoast_head":"<!-- This site is optimized with the Yoast SEO plugin v27.3 - https:\/\/yoast.com\/product\/yoast-seo-wordpress\/ -->\n<title>Last ned v\u00e5r brosjyre om arv - Stine Sofies Stiftelse<\/title>\n<meta name=\"robots\" content=\"index, follow, max-snippet:-1, max-image-preview:large, max-video-preview:-1\" \/>\n<link rel=\"canonical\" href=\"https:\/\/www.stinesofiesstiftelse.no\/last-ned-var-brosjyre-om-arv\/\" \/>\n<meta property=\"og:locale\" content=\"en_US\" \/>\n<meta property=\"og:type\" content=\"article\" \/>\n<meta property=\"og:title\" content=\"Last ned v\u00e5r brosjyre om arv - Stine Sofies Stiftelse\" \/>\n<meta property=\"og:description\" content=\"Takk for interessen din. Ved \u00e5 lese mer om testamentariske gaver f\u00e5r du innsikt i hvordan en arv kan bli [&hellip;]\" \/>\n<meta property=\"og:url\" content=\"https:\/\/www.stinesofiesstiftelse.no\/last-ned-var-brosjyre-om-arv\/\" \/>\n<meta property=\"og:site_name\" content=\"Stine Sofies Stiftelse\" \/>\n<meta property=\"article:publisher\" content=\"https:\/\/www.facebook.com\/StineSofiesStiftelse\/\" \/>\n<meta property=\"article:modified_time\" content=\"2026-03-27T12:46:49+00:00\" \/>\n<meta name=\"twitter:card\" content=\"summary_large_image\" \/>\n<meta name=\"twitter:label1\" content=\"Est. reading time\" \/>\n\t<meta name=\"twitter:data1\" content=\"1 minute\" \/>\n<script type=\"application\/ld+json\" class=\"yoast-schema-graph\">{\"@context\":\"https:\\\/\\\/schema.org\",\"@graph\":[{\"@type\":\"WebPage\",\"@id\":\"https:\\\/\\\/www.stinesofiesstiftelse.no\\\/last-ned-var-brosjyre-om-arv\\\/\",\"url\":\"https:\\\/\\\/www.stinesofiesstiftelse.no\\\/last-ned-var-brosjyre-om-arv\\\/\",\"name\":\"Last ned v\u00e5r brosjyre om arv - Stine Sofies Stiftelse\",\"isPartOf\":{\"@id\":\"https:\\\/\\\/www.stinesofiesstiftelse.no\\\/#website\"},\"datePublished\":\"2026-03-27T12:46:48+00:00\",\"dateModified\":\"2026-03-27T12:46:49+00:00\",\"breadcrumb\":{\"@id\":\"https:\\\/\\\/www.stinesofiesstiftelse.no\\\/last-ned-var-brosjyre-om-arv\\\/#breadcrumb\"},\"inLanguage\":\"en-US\",\"potentialAction\":[{\"@type\":\"ReadAction\",\"target\":[\"https:\\\/\\\/www.stinesofiesstiftelse.no\\\/last-ned-var-brosjyre-om-arv\\\/\"]}]},{\"@type\":\"BreadcrumbList\",\"@id\":\"https:\\\/\\\/www.stinesofiesstiftelse.no\\\/last-ned-var-brosjyre-om-arv\\\/#breadcrumb\",\"itemListElement\":[{\"@type\":\"ListItem\",\"position\":1,\"name\":\"Hjem\",\"item\":\"https:\\\/\\\/www.stinesofiesstiftelse.no\\\/\"},{\"@type\":\"ListItem\",\"position\":2,\"name\":\"Last ned v\u00e5r brosjyre om arv\"}]},{\"@type\":\"WebSite\",\"@id\":\"https:\\\/\\\/www.stinesofiesstiftelse.no\\\/#website\",\"url\":\"https:\\\/\\\/www.stinesofiesstiftelse.no\\\/\",\"name\":\"Stine Sofies Stiftelse\",\"description\":\"\",\"publisher\":{\"@id\":\"https:\\\/\\\/www.stinesofiesstiftelse.no\\\/#organization\"},\"potentialAction\":[{\"@type\":\"SearchAction\",\"target\":{\"@type\":\"EntryPoint\",\"urlTemplate\":\"https:\\\/\\\/www.stinesofiesstiftelse.no\\\/?s={search_term_string}\"},\"query-input\":{\"@type\":\"PropertyValueSpecification\",\"valueRequired\":true,\"valueName\":\"search_term_string\"}}],\"inLanguage\":\"en-US\"},{\"@type\":\"Organization\",\"@id\":\"https:\\\/\\\/www.stinesofiesstiftelse.no\\\/#organization\",\"name\":\"Stine Sofies Stiftelse\",\"url\":\"https:\\\/\\\/www.stinesofiesstiftelse.no\\\/\",\"logo\":{\"@type\":\"ImageObject\",\"inLanguage\":\"en-US\",\"@id\":\"https:\\\/\\\/www.stinesofiesstiftelse.no\\\/#\\\/schema\\\/logo\\\/image\\\/\",\"url\":\"https:\\\/\\\/d1713zmupob0gt.cloudfront.net\\\/wp-content\\\/uploads\\\/2024\\\/10\\\/19093628\\\/cropped-Stine_sofies_stiftelse_logosymbol.png\",\"contentUrl\":\"https:\\\/\\\/d1713zmupob0gt.cloudfront.net\\\/wp-content\\\/uploads\\\/2024\\\/10\\\/19093628\\\/cropped-Stine_sofies_stiftelse_logosymbol.png\",\"width\":512,\"height\":512,\"caption\":\"Stine Sofies Stiftelse\"},\"image\":{\"@id\":\"https:\\\/\\\/www.stinesofiesstiftelse.no\\\/#\\\/schema\\\/logo\\\/image\\\/\"},\"sameAs\":[\"https:\\\/\\\/www.facebook.com\\\/StineSofiesStiftelse\\\/\"]}]}<\/script>\n<!-- \/ Yoast SEO plugin. -->","yoast_head_json":{"title":"Last ned v\u00e5r brosjyre om arv - Stine Sofies Stiftelse","robots":{"index":"index","follow":"follow","max-snippet":"max-snippet:-1","max-image-preview":"max-image-preview:large","max-video-preview":"max-video-preview:-1"},"canonical":"https:\/\/www.stinesofiesstiftelse.no\/last-ned-var-brosjyre-om-arv\/","og_locale":"en_US","og_type":"article","og_title":"Last ned v\u00e5r brosjyre om arv - Stine Sofies Stiftelse","og_description":"Takk for interessen din. Ved \u00e5 lese mer om testamentariske gaver f\u00e5r du innsikt i hvordan en arv kan bli [&hellip;]","og_url":"https:\/\/www.stinesofiesstiftelse.no\/last-ned-var-brosjyre-om-arv\/","og_site_name":"Stine Sofies Stiftelse","article_publisher":"https:\/\/www.facebook.com\/StineSofiesStiftelse\/","article_modified_time":"2026-03-27T12:46:49+00:00","twitter_card":"summary_large_image","twitter_misc":{"Est. reading time":"1 minute"},"schema":{"@context":"https:\/\/schema.org","@graph":[{"@type":"WebPage","@id":"https:\/\/www.stinesofiesstiftelse.no\/last-ned-var-brosjyre-om-arv\/","url":"https:\/\/www.stinesofiesstiftelse.no\/last-ned-var-brosjyre-om-arv\/","name":"Last ned v\u00e5r brosjyre om arv - Stine Sofies Stiftelse","isPartOf":{"@id":"https:\/\/www.stinesofiesstiftelse.no\/#website"},"datePublished":"2026-03-27T12:46:48+00:00","dateModified":"2026-03-27T12:46:49+00:00","breadcrumb":{"@id":"https:\/\/www.stinesofiesstiftelse.no\/last-ned-var-brosjyre-om-arv\/#breadcrumb"},"inLanguage":"en-US","potentialAction":[{"@type":"ReadAction","target":["https:\/\/www.stinesofiesstiftelse.no\/last-ned-var-brosjyre-om-arv\/"]}]},{"@type":"BreadcrumbList","@id":"https:\/\/www.stinesofiesstiftelse.no\/last-ned-var-brosjyre-om-arv\/#breadcrumb","itemListElement":[{"@type":"ListItem","position":1,"name":"Hjem","item":"https:\/\/www.stinesofiesstiftelse.no\/"},{"@type":"ListItem","position":2,"name":"Last ned v\u00e5r brosjyre om arv"}]},{"@type":"WebSite","@id":"https:\/\/www.stinesofiesstiftelse.no\/#website","url":"https:\/\/www.stinesofiesstiftelse.no\/","name":"Stine Sofies Stiftelse","description":"","publisher":{"@id":"https:\/\/www.stinesofiesstiftelse.no\/#organization"},"potentialAction":[{"@type":"SearchAction","target":{"@type":"EntryPoint","urlTemplate":"https:\/\/www.stinesofiesstiftelse.no\/?s={search_term_string}"},"query-input":{"@type":"PropertyValueSpecification","valueRequired":true,"valueName":"search_term_string"}}],"inLanguage":"en-US"},{"@type":"Organization","@id":"https:\/\/www.stinesofiesstiftelse.no\/#organization","name":"Stine Sofies Stiftelse","url":"https:\/\/www.stinesofiesstiftelse.no\/","logo":{"@type":"ImageObject","inLanguage":"en-US","@id":"https:\/\/www.stinesofiesstiftelse.no\/#\/schema\/logo\/image\/","url":"https:\/\/d1713zmupob0gt.cloudfront.net\/wp-content\/uploads\/2024\/10\/19093628\/cropped-Stine_sofies_stiftelse_logosymbol.png","contentUrl":"https:\/\/d1713zmupob0gt.cloudfront.net\/wp-content\/uploads\/2024\/10\/19093628\/cropped-Stine_sofies_stiftelse_logosymbol.png","width":512,"height":512,"caption":"Stine Sofies Stiftelse"},"image":{"@id":"https:\/\/www.stinesofiesstiftelse.no\/#\/schema\/logo\/image\/"},"sameAs":["https:\/\/www.facebook.com\/StineSofiesStiftelse\/"]}]}},"mfb_rest_fields":["title","yoast_head","yoast_head_json"],"_links":{"self":[{"href":"https:\/\/www.stinesofiesstiftelse.no\/en\/wp-json\/wp\/v2\/pages\/14394","targetHints":{"allow":["GET"]}}],"collection":[{"href":"https:\/\/www.stinesofiesstiftelse.no\/en\/wp-json\/wp\/v2\/pages"}],"about":[{"href":"https:\/\/www.stinesofiesstiftelse.no\/en\/wp-json\/wp\/v2\/types\/page"}],"author":[{"embeddable":true,"href":"https:\/\/www.stinesofiesstiftelse.no\/en\/wp-json\/wp\/v2\/users\/11"}],"replies":[{"embeddable":true,"href":"https:\/\/www.stinesofiesstiftelse.no\/en\/wp-json\/wp\/v2\/comments?post=14394"}],"version-history":[{"count":1,"href":"https:\/\/www.stinesofiesstiftelse.no\/en\/wp-json\/wp\/v2\/pages\/14394\/revisions"}],"predecessor-version":[{"id":14400,"href":"https:\/\/www.stinesofiesstiftelse.no\/en\/wp-json\/wp\/v2\/pages\/14394\/revisions\/14400"}],"wp:attachment":[{"href":"https:\/\/www.stinesofiesstiftelse.no\/en\/wp-json\/wp\/v2\/media?parent=14394"}],"curies":[{"name":"wp","href":"https:\/\/api.w.org\/{rel}","templated":true}]}}