{"id":10895,"date":"2025-05-05T16:33:30","date_gmt":"2025-05-05T14:33:30","guid":{"rendered":"https:\/\/www.stinesofiesstiftelse.no\/?page_id=10895"},"modified":"2026-02-03T15:02:01","modified_gmt":"2026-02-03T14:02:01","slug":"tusen-takk-for-at-du-signerte","status":"publish","type":"page","link":"https:\/\/www.stinesofiesstiftelse.no\/en\/vart-arbeid\/politisk-arbeid\/underskriftskampanjer\/tusen-takk-for-at-du-signerte\/","title":{"rendered":"Tusen takk for at du signerte v\u00e5r underskriftskampanje"},"content":{"rendered":"\n<h1 class=\"wp-block-heading is-style-has-blob has-primary-color has-text-color has-link-color wp-elements-72b0983f72565eed3399f1ccf8adba1a\">Tusen takk for at du signerte v\u00e5r underskriftskampanje<\/h1>\n\n\n\n<p class=\"is-style-leadtext\">Din stemme betyr mer enn du aner, og sammen kan vi skape endring. <\/p>\n\n\n\n<figure class=\"wp-block-image size-large\"><img loading=\"lazy\" decoding=\"async\" width=\"1024\" height=\"683\" src=\"https:\/\/d1713zmupob0gt.cloudfront.net\/wp-content\/uploads\/2025\/03\/06093459\/Senteret-lek-sykkel-2_KIS-1024x683.jpg\" alt=\"\" class=\"wp-image-10346\" srcset=\"https:\/\/d1713zmupob0gt.cloudfront.net\/wp-content\/uploads\/2025\/03\/06093459\/Senteret-lek-sykkel-2_KIS-1024x683.jpg 1024w, https:\/\/d1713zmupob0gt.cloudfront.net\/wp-content\/uploads\/2025\/03\/06093459\/Senteret-lek-sykkel-2_KIS-300x200.jpg 300w, https:\/\/d1713zmupob0gt.cloudfront.net\/wp-content\/uploads\/2025\/03\/06093459\/Senteret-lek-sykkel-2_KIS-768x512.jpg 768w, https:\/\/d1713zmupob0gt.cloudfront.net\/wp-content\/uploads\/2025\/03\/06093459\/Senteret-lek-sykkel-2_KIS-1536x1024.jpg 1536w, https:\/\/d1713zmupob0gt.cloudfront.net\/wp-content\/uploads\/2025\/03\/06093459\/Senteret-lek-sykkel-2_KIS-2048x1365.jpg 2048w\" sizes=\"auto, (max-width: 1024px) 100vw, 1024px\" \/><\/figure>\n\n\n\n<p>Del gjerne kampanjen med venner og familie, slik at vi kan bli enda flere som st\u00e5r opp for \u00e5 stoppe ny barnelov. Sammen er vi sterke.<\/p>\n\n\n\n<p>Takk for at du bryr deg. Takk for at du handler!<\/p>\n\n\n\n<div style=\"height:30px\" aria-hidden=\"true\" class=\"wp-block-spacer\"><\/div>\n\n\n\n<h2 class=\"wp-block-heading\">\u00d8nsker du \u00e5 st\u00f8tte oss videre? <\/h2>\n\n\n\n<p>For at vi skal kunne fortsette kampen for en trygg barndom, er vi helt avhengige av gode st\u00f8ttespillere. Din st\u00f8tte betyr derfor enormt mye for oss. Bli med i kampen \u2013 sammen gir vi barna den tryggheten de fortjener!<\/p>\n\n\n\n<div style=\"height:50px\" aria-hidden=\"true\" class=\"wp-block-spacer\"><\/div>\n\n\n\n<div class=\"wp-block-columns alignwide sss-image-text has-secondary-background-color has-background is-layout-flex wp-container-core-columns-is-layout-3fb004a6 wp-block-columns-is-layout-flex\" style=\"border-radius:4px;padding-top:0;padding-right:0;padding-bottom:0;padding-left:0\">\n<div class=\"wp-block-column is-layout-flow wp-block-column-is-layout-flow\">\n<figure class=\"wp-block-image size-large is-resized\"><img loading=\"lazy\" decoding=\"async\" width=\"1024\" height=\"576\" src=\"https:\/\/d1713zmupob0gt.cloudfront.net\/wp-content\/uploads\/2025\/01\/16121556\/BHK-BogF-stock-1024x576.jpg\" alt=\"\" class=\"wp-image-9915\" srcset=\"https:\/\/d1713zmupob0gt.cloudfront.net\/wp-content\/uploads\/2025\/01\/16121556\/BHK-BogF-stock-1024x576.jpg 1024w, https:\/\/d1713zmupob0gt.cloudfront.net\/wp-content\/uploads\/2025\/01\/16121556\/BHK-BogF-stock-300x169.jpg 300w, https:\/\/d1713zmupob0gt.cloudfront.net\/wp-content\/uploads\/2025\/01\/16121556\/BHK-BogF-stock-768x432.jpg 768w, https:\/\/d1713zmupob0gt.cloudfront.net\/wp-content\/uploads\/2025\/01\/16121556\/BHK-BogF-stock-1536x864.jpg 1536w, https:\/\/d1713zmupob0gt.cloudfront.net\/wp-content\/uploads\/2025\/01\/16121556\/BHK-BogF-stock.jpg 1920w\" sizes=\"auto, (max-width: 1024px) 100vw, 1024px\" \/><\/figure>\n<\/div>\n\n\n\n<div class=\"wp-block-column is-layout-flow wp-block-column-is-layout-flow\" style=\"padding-top:var(--wp--preset--spacing--30);padding-right:var(--wp--preset--spacing--30);padding-bottom:var(--wp--preset--spacing--30);padding-left:0\">\n<div class=\"wp-block-group has-global-padding is-content-justification-left is-layout-constrained wp-container-core-group-is-layout-c80ec7c2 wp-block-group-is-layout-constrained\" style=\"padding-right:var(--wp--preset--spacing--50)\">\n\n<section style=\"padding-top:var(--wp--preset--spacing--80);padding-bottom:var(--wp--preset--spacing--80);\" class=\"alignfull wp-block-aptum-donationform has-background has-light-background-background-color\" id=\"block-25cffd9d462d756f0b5698eaf58d159a\">\n\n<section id=\"block_25cffd9d462d756f0b5698eaf58d159a\" class=\"donationform\">\n\t<div class=\"\">\n\t\t<div class=\"donationform-content\">\n\t\t\t<div class=\"container\">\n\t\t\t\t<form name=\"donationForm\" action=\"\/bli-fast-giver\/\" id=\"donation-form\" class=\"giver\">\n\n\t\t\t\t\t<div class=\"radioGroup gi-type\">\n\t\t\t\t\t\t<input class=\"gi-type\" type=\"radio\" name=\"gi_type\" value=\"giver\" id=\"gi-type-giver\" checked>\n\t\t\t\t\t\t<label for=\"gi-type-giver\">Bli fadder<\/label>\n\n\t\t\t\t\t\t<input class=\"gi-type\" type=\"radio\" name=\"gi_type\" value=\"gave\" id=\"gi-type-gave\">\n\t\t\t\t\t\t<label for=\"gi-type-gave\">Gi et engangsbel\u00f8p<\/label>\n\t\t\t\t\t<\/div>\n\n\t\t\t\t\t<h3 class=\"giver-heading\">Hver m\u00e5ned vil jeg gi<\/h3>\n\t\t\t\t\t<h3 class=\"gave-heading\">Jeg \u00f8nsker \u00e5 gi<\/h3>\n\n\t\t\t\t\t<div class=\"radioGroup\">\n\t\t\t\t\t\t<input class=\"priceVal\" type=\"radio\" name=\"pris\" value=\"250\" id=\"option1\" checked>\n\t\t\t\t\t\t<label for=\"option1\">250<\/label>\n\n\t\t\t\t\t\t<input class=\"priceVal\" type=\"radio\" name=\"pris\" value=\"300\" id=\"option2\">\n\t\t\t\t\t\t<label for=\"option2\">300<\/label>\n\n\t\t\t\t\t\t<input class=\"priceVal\" type=\"radio\" name=\"pris\" value=\"\" id=\"option3\">\n\t\t\t\t\t\t<label for=\"option3\">Annet<\/label>\n\n\t\t\t\t\t\t<input class=\"priceVal\" style=\"display: none; position: relative; font-family: inherit;\" type=\"number\" placeholder=\"1234\" value=\"\" id=\"option4\">\n\n\t\t\t\t\t\t<span class=\"indicator\"><\/span>\n\t\t\t\t\t<\/div>\n\n\t\t\t\t\t<p class=\"gave-description\">Med ditt bidrag er du med \u00e5 sikrer barn sine rettigheter og hjelper voldsutsatte barn og unge.<\/p>\n\t\t\t\t\t<p class=\"giver-description\">Med ditt bidrag er du med \u00e5 sikrer barn sine rettigheter og hjelper voldsutsatte barn og unge.<\/p>\n\n\t\t\t\t\t<div class=\"radioGroup gateways\">\n\t\t\t\t\t\t<div class=\"gateway-giver\">\n\t\t\t\t\t\t\t<input class=\"gateway\" type=\"radio\" name=\"payment_method\" value=\"vippsrecurringexpress\" id=\"gateway-vippsuserinfo\" checked>\n\t\t\t\t\t\t\t<label for=\"gateway-vippsuserinfo\">Vipps<\/label>\n\t\t\t\t\t\t<\/div>\n\n\t\t\t\t\t\t<div class=\"gateway-giver\">\n\t\t\t\t\t\t\t<input class=\"gateway\" type=\"radio\" name=\"payment_method\" value=\"avtalegiro\" id=\"gateway-avtalegiro\">\n\t\t\t\t\t\t\t<label for=\"gateway-avtalegiro\">Kort\/avtalegiro<\/label>\n\t\t\t\t\t\t<\/div>\n\n\t\t\t\t\t\t<div class=\"gateway-gave\">\n\t\t\t\t\t\t\t<input class=\"gateway\" type=\"radio\" name=\"payment_method\" value=\"vippsexpress\" id=\"gateway-vipps\">\n\t\t\t\t\t\t\t<label for=\"gateway-vipps\">Vipps<\/label>\n\t\t\t\t\t\t<\/div>\n\n\t\t\t\t\t\t<div class=\"gateway-gave\">\n\t\t\t\t\t\t\t<input class=\"gateway\" type=\"radio\" name=\"payment_method\" value=\"netaxept\" id=\"gateway-netaxept\">\n\t\t\t\t\t\t\t<label for=\"gateway-netaxept\">Kort<\/label>\n\t\t\t\t\t\t<\/div>\n\t\t\t\t\t<\/div>\n\n\t\t\t\t\t<input type=\"submit\" name=\"giver-submit-btn\" class=\"donation-form-submit wp-block-button__link wp-element-button\" value=\"Registrer deg som Fadder\" id=\"donation-form-giver-submit\">\n\t\t\t\t\t<input type=\"submit\" name=\"gave-submit-btn\" class=\"donation-form-submit wp-block-button__link wp-element-button\" value=\"Gi gave via Vipps\" id=\"donation-form-gave-submit\">\n\n\t\t\t\t<\/form>\n\t\t\t<\/div>\n\t\t<\/div>\n\t<\/div>\n<\/section>\n\n<\/section>\n<\/div>\n<\/div>\n<\/div>\n\n\n\n<div style=\"height:15px\" aria-hidden=\"true\" class=\"wp-block-spacer\"><\/div>\n","protected":false},"excerpt":{"rendered":"<p>Tusen takk for at du signerte v\u00e5r underskriftskampanje Din stemme betyr mer enn du aner, og sammen kan vi skape [&hellip;]<\/p>\n","protected":false},"author":5,"featured_media":0,"parent":6992,"menu_order":0,"comment_status":"closed","ping_status":"closed","template":"","meta":{"_acf_changed":false,"inline_featured_image":false,"footnotes":""},"class_list":["post-10895","page","type-page","status-publish","hentry"],"acf":[],"mb":[],"yoast_head":"<!-- This site is optimized with the Yoast SEO plugin v27.3 - https:\/\/yoast.com\/product\/yoast-seo-wordpress\/ -->\n<title>Tusen takk for at du signerte v\u00e5r underskriftskampanje - Stine Sofies Stiftelse<\/title>\n<meta name=\"robots\" content=\"index, follow, max-snippet:-1, max-image-preview:large, max-video-preview:-1\" \/>\n<link rel=\"canonical\" href=\"https:\/\/www.stinesofiesstiftelse.no\/vart-arbeid\/politisk-arbeid\/underskriftskampanjer\/tusen-takk-for-at-du-signerte\/\" \/>\n<meta property=\"og:locale\" content=\"en_US\" \/>\n<meta property=\"og:type\" content=\"article\" \/>\n<meta property=\"og:title\" content=\"Tusen takk for at du signerte v\u00e5r underskriftskampanje - Stine Sofies Stiftelse\" \/>\n<meta property=\"og:description\" content=\"Tusen takk for at du signerte v\u00e5r underskriftskampanje Din stemme betyr mer enn du aner, og sammen kan vi skape [&hellip;]\" \/>\n<meta property=\"og:url\" content=\"https:\/\/www.stinesofiesstiftelse.no\/vart-arbeid\/politisk-arbeid\/underskriftskampanjer\/tusen-takk-for-at-du-signerte\/\" \/>\n<meta property=\"og:site_name\" content=\"Stine Sofies Stiftelse\" \/>\n<meta property=\"article:publisher\" content=\"https:\/\/www.facebook.com\/StineSofiesStiftelse\/\" \/>\n<meta property=\"article:modified_time\" content=\"2026-02-03T14:02:01+00:00\" \/>\n<meta property=\"og:image\" content=\"https:\/\/www.stinesofiesstiftelse.no\/wp-content\/uploads\/2025\/03\/Senteret-lek-sykkel-2_KIS-1024x683.jpg\" \/>\n<meta name=\"twitter:card\" content=\"summary_large_image\" \/>\n<meta name=\"twitter:label1\" content=\"Est. reading time\" \/>\n\t<meta name=\"twitter:data1\" content=\"1 minute\" \/>\n<script type=\"application\/ld+json\" class=\"yoast-schema-graph\">{\"@context\":\"https:\\\/\\\/schema.org\",\"@graph\":[{\"@type\":\"WebPage\",\"@id\":\"https:\\\/\\\/www.stinesofiesstiftelse.no\\\/vart-arbeid\\\/politisk-arbeid\\\/underskriftskampanjer\\\/tusen-takk-for-at-du-signerte\\\/\",\"url\":\"https:\\\/\\\/www.stinesofiesstiftelse.no\\\/vart-arbeid\\\/politisk-arbeid\\\/underskriftskampanjer\\\/tusen-takk-for-at-du-signerte\\\/\",\"name\":\"Tusen takk for at du signerte v\u00e5r underskriftskampanje - Stine Sofies Stiftelse\",\"isPartOf\":{\"@id\":\"https:\\\/\\\/www.stinesofiesstiftelse.no\\\/#website\"},\"primaryImageOfPage\":{\"@id\":\"https:\\\/\\\/www.stinesofiesstiftelse.no\\\/vart-arbeid\\\/politisk-arbeid\\\/underskriftskampanjer\\\/tusen-takk-for-at-du-signerte\\\/#primaryimage\"},\"image\":{\"@id\":\"https:\\\/\\\/www.stinesofiesstiftelse.no\\\/vart-arbeid\\\/politisk-arbeid\\\/underskriftskampanjer\\\/tusen-takk-for-at-du-signerte\\\/#primaryimage\"},\"thumbnailUrl\":\"https:\\\/\\\/www.stinesofiesstiftelse.no\\\/wp-content\\\/uploads\\\/2025\\\/03\\\/Senteret-lek-sykkel-2_KIS-1024x683.jpg\",\"datePublished\":\"2025-05-05T14:33:30+00:00\",\"dateModified\":\"2026-02-03T14:02:01+00:00\",\"breadcrumb\":{\"@id\":\"https:\\\/\\\/www.stinesofiesstiftelse.no\\\/vart-arbeid\\\/politisk-arbeid\\\/underskriftskampanjer\\\/tusen-takk-for-at-du-signerte\\\/#breadcrumb\"},\"inLanguage\":\"en-US\",\"potentialAction\":[{\"@type\":\"ReadAction\",\"target\":[\"https:\\\/\\\/www.stinesofiesstiftelse.no\\\/vart-arbeid\\\/politisk-arbeid\\\/underskriftskampanjer\\\/tusen-takk-for-at-du-signerte\\\/\"]}]},{\"@type\":\"ImageObject\",\"inLanguage\":\"en-US\",\"@id\":\"https:\\\/\\\/www.stinesofiesstiftelse.no\\\/vart-arbeid\\\/politisk-arbeid\\\/underskriftskampanjer\\\/tusen-takk-for-at-du-signerte\\\/#primaryimage\",\"url\":\"https:\\\/\\\/www.stinesofiesstiftelse.no\\\/wp-content\\\/uploads\\\/2025\\\/03\\\/Senteret-lek-sykkel-2_KIS-1024x683.jpg\",\"contentUrl\":\"https:\\\/\\\/www.stinesofiesstiftelse.no\\\/wp-content\\\/uploads\\\/2025\\\/03\\\/Senteret-lek-sykkel-2_KIS-1024x683.jpg\"},{\"@type\":\"BreadcrumbList\",\"@id\":\"https:\\\/\\\/www.stinesofiesstiftelse.no\\\/vart-arbeid\\\/politisk-arbeid\\\/underskriftskampanjer\\\/tusen-takk-for-at-du-signerte\\\/#breadcrumb\",\"itemListElement\":[{\"@type\":\"ListItem\",\"position\":1,\"name\":\"Hjem\",\"item\":\"https:\\\/\\\/www.stinesofiesstiftelse.no\\\/\"},{\"@type\":\"ListItem\",\"position\":2,\"name\":\"V\u00e5rt arbeid\",\"item\":\"https:\\\/\\\/www.stinesofiesstiftelse.no\\\/vart-arbeid\\\/\"},{\"@type\":\"ListItem\",\"position\":3,\"name\":\"Politisk arbeid\",\"item\":\"https:\\\/\\\/www.stinesofiesstiftelse.no\\\/vart-arbeid\\\/politisk-arbeid\\\/\"},{\"@type\":\"ListItem\",\"position\":4,\"name\":\"Opprop\",\"item\":\"https:\\\/\\\/www.stinesofiesstiftelse.no\\\/vart-arbeid\\\/politisk-arbeid\\\/underskriftskampanjer\\\/\"},{\"@type\":\"ListItem\",\"position\":5,\"name\":\"Tusen takk for at du signerte v\u00e5r underskriftskampanje\"}]},{\"@type\":\"WebSite\",\"@id\":\"https:\\\/\\\/www.stinesofiesstiftelse.no\\\/#website\",\"url\":\"https:\\\/\\\/www.stinesofiesstiftelse.no\\\/\",\"name\":\"Stine Sofies Stiftelse\",\"description\":\"\",\"publisher\":{\"@id\":\"https:\\\/\\\/www.stinesofiesstiftelse.no\\\/#organization\"},\"potentialAction\":[{\"@type\":\"SearchAction\",\"target\":{\"@type\":\"EntryPoint\",\"urlTemplate\":\"https:\\\/\\\/www.stinesofiesstiftelse.no\\\/?s={search_term_string}\"},\"query-input\":{\"@type\":\"PropertyValueSpecification\",\"valueRequired\":true,\"valueName\":\"search_term_string\"}}],\"inLanguage\":\"en-US\"},{\"@type\":\"Organization\",\"@id\":\"https:\\\/\\\/www.stinesofiesstiftelse.no\\\/#organization\",\"name\":\"Stine Sofies Stiftelse\",\"url\":\"https:\\\/\\\/www.stinesofiesstiftelse.no\\\/\",\"logo\":{\"@type\":\"ImageObject\",\"inLanguage\":\"en-US\",\"@id\":\"https:\\\/\\\/www.stinesofiesstiftelse.no\\\/#\\\/schema\\\/logo\\\/image\\\/\",\"url\":\"https:\\\/\\\/d1713zmupob0gt.cloudfront.net\\\/wp-content\\\/uploads\\\/2024\\\/10\\\/19093628\\\/cropped-Stine_sofies_stiftelse_logosymbol.png\",\"contentUrl\":\"https:\\\/\\\/d1713zmupob0gt.cloudfront.net\\\/wp-content\\\/uploads\\\/2024\\\/10\\\/19093628\\\/cropped-Stine_sofies_stiftelse_logosymbol.png\",\"width\":512,\"height\":512,\"caption\":\"Stine Sofies Stiftelse\"},\"image\":{\"@id\":\"https:\\\/\\\/www.stinesofiesstiftelse.no\\\/#\\\/schema\\\/logo\\\/image\\\/\"},\"sameAs\":[\"https:\\\/\\\/www.facebook.com\\\/StineSofiesStiftelse\\\/\"]}]}<\/script>\n<!-- \/ Yoast SEO plugin. -->","yoast_head_json":{"title":"Tusen takk for at du signerte v\u00e5r underskriftskampanje - Stine Sofies Stiftelse","robots":{"index":"index","follow":"follow","max-snippet":"max-snippet:-1","max-image-preview":"max-image-preview:large","max-video-preview":"max-video-preview:-1"},"canonical":"https:\/\/www.stinesofiesstiftelse.no\/vart-arbeid\/politisk-arbeid\/underskriftskampanjer\/tusen-takk-for-at-du-signerte\/","og_locale":"en_US","og_type":"article","og_title":"Tusen takk for at du signerte v\u00e5r underskriftskampanje - Stine Sofies Stiftelse","og_description":"Tusen takk for at du signerte v\u00e5r underskriftskampanje Din stemme betyr mer enn du aner, og sammen kan vi skape [&hellip;]","og_url":"https:\/\/www.stinesofiesstiftelse.no\/vart-arbeid\/politisk-arbeid\/underskriftskampanjer\/tusen-takk-for-at-du-signerte\/","og_site_name":"Stine Sofies Stiftelse","article_publisher":"https:\/\/www.facebook.com\/StineSofiesStiftelse\/","article_modified_time":"2026-02-03T14:02:01+00:00","og_image":[{"url":"https:\/\/www.stinesofiesstiftelse.no\/wp-content\/uploads\/2025\/03\/Senteret-lek-sykkel-2_KIS-1024x683.jpg","type":"","width":"","height":""}],"twitter_card":"summary_large_image","twitter_misc":{"Est. reading time":"1 minute"},"schema":{"@context":"https:\/\/schema.org","@graph":[{"@type":"WebPage","@id":"https:\/\/www.stinesofiesstiftelse.no\/vart-arbeid\/politisk-arbeid\/underskriftskampanjer\/tusen-takk-for-at-du-signerte\/","url":"https:\/\/www.stinesofiesstiftelse.no\/vart-arbeid\/politisk-arbeid\/underskriftskampanjer\/tusen-takk-for-at-du-signerte\/","name":"Tusen takk for at du signerte v\u00e5r underskriftskampanje - Stine Sofies Stiftelse","isPartOf":{"@id":"https:\/\/www.stinesofiesstiftelse.no\/#website"},"primaryImageOfPage":{"@id":"https:\/\/www.stinesofiesstiftelse.no\/vart-arbeid\/politisk-arbeid\/underskriftskampanjer\/tusen-takk-for-at-du-signerte\/#primaryimage"},"image":{"@id":"https:\/\/www.stinesofiesstiftelse.no\/vart-arbeid\/politisk-arbeid\/underskriftskampanjer\/tusen-takk-for-at-du-signerte\/#primaryimage"},"thumbnailUrl":"https:\/\/www.stinesofiesstiftelse.no\/wp-content\/uploads\/2025\/03\/Senteret-lek-sykkel-2_KIS-1024x683.jpg","datePublished":"2025-05-05T14:33:30+00:00","dateModified":"2026-02-03T14:02:01+00:00","breadcrumb":{"@id":"https:\/\/www.stinesofiesstiftelse.no\/vart-arbeid\/politisk-arbeid\/underskriftskampanjer\/tusen-takk-for-at-du-signerte\/#breadcrumb"},"inLanguage":"en-US","potentialAction":[{"@type":"ReadAction","target":["https:\/\/www.stinesofiesstiftelse.no\/vart-arbeid\/politisk-arbeid\/underskriftskampanjer\/tusen-takk-for-at-du-signerte\/"]}]},{"@type":"ImageObject","inLanguage":"en-US","@id":"https:\/\/www.stinesofiesstiftelse.no\/vart-arbeid\/politisk-arbeid\/underskriftskampanjer\/tusen-takk-for-at-du-signerte\/#primaryimage","url":"https:\/\/www.stinesofiesstiftelse.no\/wp-content\/uploads\/2025\/03\/Senteret-lek-sykkel-2_KIS-1024x683.jpg","contentUrl":"https:\/\/www.stinesofiesstiftelse.no\/wp-content\/uploads\/2025\/03\/Senteret-lek-sykkel-2_KIS-1024x683.jpg"},{"@type":"BreadcrumbList","@id":"https:\/\/www.stinesofiesstiftelse.no\/vart-arbeid\/politisk-arbeid\/underskriftskampanjer\/tusen-takk-for-at-du-signerte\/#breadcrumb","itemListElement":[{"@type":"ListItem","position":1,"name":"Hjem","item":"https:\/\/www.stinesofiesstiftelse.no\/"},{"@type":"ListItem","position":2,"name":"V\u00e5rt arbeid","item":"https:\/\/www.stinesofiesstiftelse.no\/vart-arbeid\/"},{"@type":"ListItem","position":3,"name":"Politisk arbeid","item":"https:\/\/www.stinesofiesstiftelse.no\/vart-arbeid\/politisk-arbeid\/"},{"@type":"ListItem","position":4,"name":"Opprop","item":"https:\/\/www.stinesofiesstiftelse.no\/vart-arbeid\/politisk-arbeid\/underskriftskampanjer\/"},{"@type":"ListItem","position":5,"name":"Tusen takk for at du signerte v\u00e5r underskriftskampanje"}]},{"@type":"WebSite","@id":"https:\/\/www.stinesofiesstiftelse.no\/#website","url":"https:\/\/www.stinesofiesstiftelse.no\/","name":"Stine Sofies Stiftelse","description":"","publisher":{"@id":"https:\/\/www.stinesofiesstiftelse.no\/#organization"},"potentialAction":[{"@type":"SearchAction","target":{"@type":"EntryPoint","urlTemplate":"https:\/\/www.stinesofiesstiftelse.no\/?s={search_term_string}"},"query-input":{"@type":"PropertyValueSpecification","valueRequired":true,"valueName":"search_term_string"}}],"inLanguage":"en-US"},{"@type":"Organization","@id":"https:\/\/www.stinesofiesstiftelse.no\/#organization","name":"Stine Sofies Stiftelse","url":"https:\/\/www.stinesofiesstiftelse.no\/","logo":{"@type":"ImageObject","inLanguage":"en-US","@id":"https:\/\/www.stinesofiesstiftelse.no\/#\/schema\/logo\/image\/","url":"https:\/\/d1713zmupob0gt.cloudfront.net\/wp-content\/uploads\/2024\/10\/19093628\/cropped-Stine_sofies_stiftelse_logosymbol.png","contentUrl":"https:\/\/d1713zmupob0gt.cloudfront.net\/wp-content\/uploads\/2024\/10\/19093628\/cropped-Stine_sofies_stiftelse_logosymbol.png","width":512,"height":512,"caption":"Stine Sofies Stiftelse"},"image":{"@id":"https:\/\/www.stinesofiesstiftelse.no\/#\/schema\/logo\/image\/"},"sameAs":["https:\/\/www.facebook.com\/StineSofiesStiftelse\/"]}]}},"mfb_rest_fields":["title","yoast_head","yoast_head_json"],"_links":{"self":[{"href":"https:\/\/www.stinesofiesstiftelse.no\/en\/wp-json\/wp\/v2\/pages\/10895","targetHints":{"allow":["GET"]}}],"collection":[{"href":"https:\/\/www.stinesofiesstiftelse.no\/en\/wp-json\/wp\/v2\/pages"}],"about":[{"href":"https:\/\/www.stinesofiesstiftelse.no\/en\/wp-json\/wp\/v2\/types\/page"}],"author":[{"embeddable":true,"href":"https:\/\/www.stinesofiesstiftelse.no\/en\/wp-json\/wp\/v2\/users\/5"}],"replies":[{"embeddable":true,"href":"https:\/\/www.stinesofiesstiftelse.no\/en\/wp-json\/wp\/v2\/comments?post=10895"}],"version-history":[{"count":2,"href":"https:\/\/www.stinesofiesstiftelse.no\/en\/wp-json\/wp\/v2\/pages\/10895\/revisions"}],"predecessor-version":[{"id":13237,"href":"https:\/\/www.stinesofiesstiftelse.no\/en\/wp-json\/wp\/v2\/pages\/10895\/revisions\/13237"}],"up":[{"embeddable":true,"href":"https:\/\/www.stinesofiesstiftelse.no\/en\/wp-json\/wp\/v2\/pages\/6992"}],"wp:attachment":[{"href":"https:\/\/www.stinesofiesstiftelse.no\/en\/wp-json\/wp\/v2\/media?parent=10895"}],"curies":[{"name":"wp","href":"https:\/\/api.w.org\/{rel}","templated":true}]}}