{"id":9887,"date":"2025-01-20T17:02:04","date_gmt":"2025-01-20T16:02:04","guid":{"rendered":"https:\/\/www.stinesofiesstiftelse.no\/?page_id=9887"},"modified":"2025-10-15T15:20:51","modified_gmt":"2025-10-15T13:20:51","slug":"hjelpetilbud-ved-vold-og-seksuelle-overgrep","status":"publish","type":"page","link":"https:\/\/www.stinesofiesstiftelse.no\/ar\/hjelpetilbud-ved-vold-og-seksuelle-overgrep\/","title":{"rendered":"Hjelpetilbud ved vold og seksuelle overgrep"},"content":{"rendered":"\n<h1 class=\"wp-block-heading is-style-has-blob has-primary-color has-text-color has-link-color wp-elements-bb7112ed33b6d81b22aed1a8cbe85077\">Hjelpetilbud ved vold og seksuelle overgrep<\/h1>\n\n\n\n<p class=\"is-style-leadtext\">Trenger du noen \u00e5 snakke med? Det finnes hjelpetelefoner, chat og meldingstjenester for deg som trenger noen \u00e5 snakke med. Om du er utsatt for vold eller seksuelle overgrep, eller om du bruker vold eller er redd for \u00e5 gj\u00f8re det. <\/p>\n\n\n\n<figure class=\"wp-block-image alignwide size-large\"><img loading=\"lazy\" decoding=\"async\" width=\"1024\" height=\"683\" src=\"https:\/\/d1713zmupob0gt.cloudfront.net\/wp-content\/uploads\/2025\/01\/15104659\/COLOURBOX59787393-1024x683.jpg\" alt=\"\" class=\"wp-image-9893\" srcset=\"https:\/\/d1713zmupob0gt.cloudfront.net\/wp-content\/uploads\/2025\/01\/15104659\/COLOURBOX59787393-1024x683.jpg 1024w, https:\/\/d1713zmupob0gt.cloudfront.net\/wp-content\/uploads\/2025\/01\/15104659\/COLOURBOX59787393-300x200.jpg 300w, https:\/\/d1713zmupob0gt.cloudfront.net\/wp-content\/uploads\/2025\/01\/15104659\/COLOURBOX59787393-768x512.jpg 768w, https:\/\/d1713zmupob0gt.cloudfront.net\/wp-content\/uploads\/2025\/01\/15104659\/COLOURBOX59787393-1536x1024.jpg 1536w, https:\/\/d1713zmupob0gt.cloudfront.net\/wp-content\/uploads\/2025\/01\/15104659\/COLOURBOX59787393-2048x1365.jpg 2048w\" sizes=\"auto, (max-width: 1024px) 100vw, 1024px\" \/><\/figure>\n\n\n\n<h2 class=\"wp-block-heading\">For du som er utsatt<\/h2>\n\n\n\n<p>Er du utsatt for vold eller seksuelle overgrep? Eller er du i en vanskelige situasjon? Her finner du en samlet oversikt over hjelpetelefon og nettsider for dem som har v\u00e6rt utsatt for vold eller seksuelle overgrep. <\/p>\n\n\n\n<p><a href=\"https:\/\/www.116111.no\">Alarmtelefonen for barn og unge<\/a>: 116 111<\/p>\n\n\n\n<p><a href=\"https:\/\/www.volinjen.no\">Vold- og overgrepslinjen<\/a>: 116 006 <\/p>\n\n\n\n<p><a href=\"https:\/\/www.hfsm.no\">Hjelpetelefon for seksuelt misbrukte:<\/a> 800 57 000<\/p>\n\n\n\n<p><a href=\"https:\/\/www.dixi.no\">DIXI Ressurssenter mot voldtekt<\/a>: 22 44 40 50<\/p>\n\n\n\n<p><a href=\"https:\/\/www.politiet.no\/kontakt-politiet\/stottesenter-for-kriminalitetsutsatte\/\">St\u00f8ttesenter for kriminalitetsutsatte<\/a>: 800 40 008<\/p>\n\n\n\n<p><a href=\"https:\/\/foreninger.uio.no\/jurk\/\">Juridisk r\u00e5dgivning for kvinner (JURK)<\/a>: 22 84 29 50<\/p>\n\n\n\n<p><a href=\"https:\/\/www.politiet.no\">Politi<\/a>: 02800\/112<\/p>\n\n\n\n<p><a href=\"https:\/\/parorendeprogrammet.no\">P\u00e5r\u00f8rendelinjen<\/a>: 90 90 48 48<\/p>\n\n\n\n<p><a href=\"https:\/\/www.barnevernvakten.no\">Barnevernvakten.no<\/a><\/p>\n\n\n\n<p>Din utvei: <a href=\"https:\/\/dinutvei.no\">https:\/\/dinutvei.no<\/a><\/p>\n\n\n\n<p>Slettmeg.no: <a href=\"https:\/\/slettmeg.no\/\">https:\/\/slettmeg.no\/<\/a><\/p>\n\n\n\n<p>Avvergeplikten: <a href=\"https:\/\/plikt.no\/\">https:\/\/plikt.no<\/a><\/p>\n\n\n\n<p>Nok. eller SMISO-sentrene:<a href=\" https:\/\/noknorge.no\/finn-et-senter\/\"> https:\/\/noknorge.no\/finn-et-senter\/<\/a> <\/p>\n\n\n\n<div style=\"height:15px\" aria-hidden=\"true\" class=\"wp-block-spacer\"><\/div>\n\n\n\n<h2 class=\"wp-block-heading\">For du som ut\u00f8ver vold<\/h2>\n\n\n\n<p>Bruker du vold eller er redd for \u00e5 gj\u00f8re det? Her finner du en samlet oversikt over hjelp for dem som ut\u00f8ver vold eller er redd for \u00e5 ut\u00f8ve vold. <\/p>\n\n\n\n<p><a href=\"https:\/\/atv-stiftelsen.no\">Alternativ til vold<\/a>: 35 55 98 00<\/p>\n\n\n\n<p><a href=\"https:\/\/www.finnmarkssykehuset.no\/fag-og-forskning\/sanks\">SANKS<\/a>: 78 96 70 00<\/p>\n\n\n\n<p>Det finnes hjelp: <a href=\"https:\/\/detfinneshjelp.no\/?gad_source=1&amp;gbraid=0AAAAAC4Wm3hzfuW2TmHPcmKSdzNxV_cUL&amp;gclid=EAIaIQobChMIx6KyqsKsigMV6keRBR0Gkz2JEAMYASAAEgImDPD_BwE\">https:\/\/detfinneshjelp.no<\/a><\/p>\n\n\n\n<p><\/p>\n\n\n\n<p><\/p>\n","protected":false},"excerpt":{"rendered":"<p>Hjelpetilbud ved vold og seksuelle overgrep Trenger du noen \u00e5 snakke med? Det finnes hjelpetelefoner, chat og meldingstjenester for deg [&hellip;]<\/p>\n","protected":false},"author":5,"featured_media":0,"parent":0,"menu_order":0,"comment_status":"closed","ping_status":"closed","template":"","meta":{"_acf_changed":false,"inline_featured_image":false,"footnotes":""},"class_list":["post-9887","page","type-page","status-publish","hentry"],"acf":[],"mb":[],"yoast_head":"<!-- This site is optimized with the Yoast SEO plugin v27.3 - https:\/\/yoast.com\/product\/yoast-seo-wordpress\/ -->\n<title>Hjelpetilbud ved vold og seksuelle overgrep - Stine Sofies Stiftelse<\/title>\n<meta name=\"robots\" content=\"index, follow, max-snippet:-1, max-image-preview:large, max-video-preview:-1\" \/>\n<link rel=\"canonical\" href=\"https:\/\/www.stinesofiesstiftelse.no\/hjelpetilbud-ved-vold-og-seksuelle-overgrep\/\" \/>\n<meta property=\"og:locale\" content=\"ar_AR\" \/>\n<meta property=\"og:type\" content=\"article\" \/>\n<meta property=\"og:title\" content=\"Hjelpetilbud ved vold og seksuelle overgrep - Stine Sofies Stiftelse\" \/>\n<meta property=\"og:description\" content=\"Hjelpetilbud ved vold og seksuelle overgrep Trenger du noen \u00e5 snakke med? Det finnes hjelpetelefoner, chat og meldingstjenester for deg [&hellip;]\" \/>\n<meta property=\"og:url\" content=\"https:\/\/www.stinesofiesstiftelse.no\/hjelpetilbud-ved-vold-og-seksuelle-overgrep\/\" \/>\n<meta property=\"og:site_name\" content=\"Stine Sofies Stiftelse\" \/>\n<meta property=\"article:publisher\" content=\"https:\/\/www.facebook.com\/StineSofiesStiftelse\/\" \/>\n<meta property=\"article:modified_time\" content=\"2025-10-15T13:20:51+00:00\" \/>\n<meta property=\"og:image\" content=\"https:\/\/www.stinesofiesstiftelse.no\/wp-content\/uploads\/2025\/01\/COLOURBOX59787393-1024x683.jpg\" \/>\n<meta name=\"twitter:card\" content=\"summary_large_image\" \/>\n<meta name=\"twitter:label1\" content=\"\u0648\u0642\u062a \u0627\u0644\u0642\u0631\u0627\u0621\u0629 \u0627\u0644\u0645\u064f\u0642\u062f\u0651\u0631\" \/>\n\t<meta name=\"twitter:data1\" content=\"\u062f\u0642\u064a\u0642\u062a\u0627\u0646\" \/>\n<script type=\"application\/ld+json\" class=\"yoast-schema-graph\">{\"@context\":\"https:\\\/\\\/schema.org\",\"@graph\":[{\"@type\":\"WebPage\",\"@id\":\"https:\\\/\\\/www.stinesofiesstiftelse.no\\\/hjelpetilbud-ved-vold-og-seksuelle-overgrep\\\/\",\"url\":\"https:\\\/\\\/www.stinesofiesstiftelse.no\\\/hjelpetilbud-ved-vold-og-seksuelle-overgrep\\\/\",\"name\":\"Hjelpetilbud ved vold og seksuelle overgrep - Stine Sofies Stiftelse\",\"isPartOf\":{\"@id\":\"https:\\\/\\\/www.stinesofiesstiftelse.no\\\/#website\"},\"primaryImageOfPage\":{\"@id\":\"https:\\\/\\\/www.stinesofiesstiftelse.no\\\/hjelpetilbud-ved-vold-og-seksuelle-overgrep\\\/#primaryimage\"},\"image\":{\"@id\":\"https:\\\/\\\/www.stinesofiesstiftelse.no\\\/hjelpetilbud-ved-vold-og-seksuelle-overgrep\\\/#primaryimage\"},\"thumbnailUrl\":\"https:\\\/\\\/www.stinesofiesstiftelse.no\\\/wp-content\\\/uploads\\\/2025\\\/01\\\/COLOURBOX59787393-1024x683.jpg\",\"datePublished\":\"2025-01-20T16:02:04+00:00\",\"dateModified\":\"2025-10-15T13:20:51+00:00\",\"breadcrumb\":{\"@id\":\"https:\\\/\\\/www.stinesofiesstiftelse.no\\\/hjelpetilbud-ved-vold-og-seksuelle-overgrep\\\/#breadcrumb\"},\"inLanguage\":\"ar\",\"potentialAction\":[{\"@type\":\"ReadAction\",\"target\":[\"https:\\\/\\\/www.stinesofiesstiftelse.no\\\/hjelpetilbud-ved-vold-og-seksuelle-overgrep\\\/\"]}]},{\"@type\":\"ImageObject\",\"inLanguage\":\"ar\",\"@id\":\"https:\\\/\\\/www.stinesofiesstiftelse.no\\\/hjelpetilbud-ved-vold-og-seksuelle-overgrep\\\/#primaryimage\",\"url\":\"https:\\\/\\\/www.stinesofiesstiftelse.no\\\/wp-content\\\/uploads\\\/2025\\\/01\\\/COLOURBOX59787393-1024x683.jpg\",\"contentUrl\":\"https:\\\/\\\/www.stinesofiesstiftelse.no\\\/wp-content\\\/uploads\\\/2025\\\/01\\\/COLOURBOX59787393-1024x683.jpg\"},{\"@type\":\"BreadcrumbList\",\"@id\":\"https:\\\/\\\/www.stinesofiesstiftelse.no\\\/hjelpetilbud-ved-vold-og-seksuelle-overgrep\\\/#breadcrumb\",\"itemListElement\":[{\"@type\":\"ListItem\",\"position\":1,\"name\":\"Hjem\",\"item\":\"https:\\\/\\\/www.stinesofiesstiftelse.no\\\/\"},{\"@type\":\"ListItem\",\"position\":2,\"name\":\"Hjelpetilbud ved vold og seksuelle overgrep\"}]},{\"@type\":\"WebSite\",\"@id\":\"https:\\\/\\\/www.stinesofiesstiftelse.no\\\/#website\",\"url\":\"https:\\\/\\\/www.stinesofiesstiftelse.no\\\/\",\"name\":\"Stine Sofies Stiftelse\",\"description\":\"\",\"publisher\":{\"@id\":\"https:\\\/\\\/www.stinesofiesstiftelse.no\\\/#organization\"},\"potentialAction\":[{\"@type\":\"SearchAction\",\"target\":{\"@type\":\"EntryPoint\",\"urlTemplate\":\"https:\\\/\\\/www.stinesofiesstiftelse.no\\\/?s={search_term_string}\"},\"query-input\":{\"@type\":\"PropertyValueSpecification\",\"valueRequired\":true,\"valueName\":\"search_term_string\"}}],\"inLanguage\":\"ar\"},{\"@type\":\"Organization\",\"@id\":\"https:\\\/\\\/www.stinesofiesstiftelse.no\\\/#organization\",\"name\":\"Stine Sofies Stiftelse\",\"url\":\"https:\\\/\\\/www.stinesofiesstiftelse.no\\\/\",\"logo\":{\"@type\":\"ImageObject\",\"inLanguage\":\"ar\",\"@id\":\"https:\\\/\\\/www.stinesofiesstiftelse.no\\\/#\\\/schema\\\/logo\\\/image\\\/\",\"url\":\"https:\\\/\\\/d1713zmupob0gt.cloudfront.net\\\/wp-content\\\/uploads\\\/2024\\\/10\\\/19093628\\\/cropped-Stine_sofies_stiftelse_logosymbol.png\",\"contentUrl\":\"https:\\\/\\\/d1713zmupob0gt.cloudfront.net\\\/wp-content\\\/uploads\\\/2024\\\/10\\\/19093628\\\/cropped-Stine_sofies_stiftelse_logosymbol.png\",\"width\":512,\"height\":512,\"caption\":\"Stine Sofies Stiftelse\"},\"image\":{\"@id\":\"https:\\\/\\\/www.stinesofiesstiftelse.no\\\/#\\\/schema\\\/logo\\\/image\\\/\"},\"sameAs\":[\"https:\\\/\\\/www.facebook.com\\\/StineSofiesStiftelse\\\/\"]}]}<\/script>\n<!-- \/ Yoast SEO plugin. -->","yoast_head_json":{"title":"Hjelpetilbud ved vold og seksuelle overgrep - Stine Sofies Stiftelse","robots":{"index":"index","follow":"follow","max-snippet":"max-snippet:-1","max-image-preview":"max-image-preview:large","max-video-preview":"max-video-preview:-1"},"canonical":"https:\/\/www.stinesofiesstiftelse.no\/hjelpetilbud-ved-vold-og-seksuelle-overgrep\/","og_locale":"ar_AR","og_type":"article","og_title":"Hjelpetilbud ved vold og seksuelle overgrep - Stine Sofies Stiftelse","og_description":"Hjelpetilbud ved vold og seksuelle overgrep Trenger du noen \u00e5 snakke med? Det finnes hjelpetelefoner, chat og meldingstjenester for deg [&hellip;]","og_url":"https:\/\/www.stinesofiesstiftelse.no\/hjelpetilbud-ved-vold-og-seksuelle-overgrep\/","og_site_name":"Stine Sofies Stiftelse","article_publisher":"https:\/\/www.facebook.com\/StineSofiesStiftelse\/","article_modified_time":"2025-10-15T13:20:51+00:00","og_image":[{"url":"https:\/\/www.stinesofiesstiftelse.no\/wp-content\/uploads\/2025\/01\/COLOURBOX59787393-1024x683.jpg","type":"","width":"","height":""}],"twitter_card":"summary_large_image","twitter_misc":{"\u0648\u0642\u062a \u0627\u0644\u0642\u0631\u0627\u0621\u0629 \u0627\u0644\u0645\u064f\u0642\u062f\u0651\u0631":"\u062f\u0642\u064a\u0642\u062a\u0627\u0646"},"schema":{"@context":"https:\/\/schema.org","@graph":[{"@type":"WebPage","@id":"https:\/\/www.stinesofiesstiftelse.no\/hjelpetilbud-ved-vold-og-seksuelle-overgrep\/","url":"https:\/\/www.stinesofiesstiftelse.no\/hjelpetilbud-ved-vold-og-seksuelle-overgrep\/","name":"Hjelpetilbud ved vold og seksuelle overgrep - Stine Sofies Stiftelse","isPartOf":{"@id":"https:\/\/www.stinesofiesstiftelse.no\/#website"},"primaryImageOfPage":{"@id":"https:\/\/www.stinesofiesstiftelse.no\/hjelpetilbud-ved-vold-og-seksuelle-overgrep\/#primaryimage"},"image":{"@id":"https:\/\/www.stinesofiesstiftelse.no\/hjelpetilbud-ved-vold-og-seksuelle-overgrep\/#primaryimage"},"thumbnailUrl":"https:\/\/www.stinesofiesstiftelse.no\/wp-content\/uploads\/2025\/01\/COLOURBOX59787393-1024x683.jpg","datePublished":"2025-01-20T16:02:04+00:00","dateModified":"2025-10-15T13:20:51+00:00","breadcrumb":{"@id":"https:\/\/www.stinesofiesstiftelse.no\/hjelpetilbud-ved-vold-og-seksuelle-overgrep\/#breadcrumb"},"inLanguage":"ar","potentialAction":[{"@type":"ReadAction","target":["https:\/\/www.stinesofiesstiftelse.no\/hjelpetilbud-ved-vold-og-seksuelle-overgrep\/"]}]},{"@type":"ImageObject","inLanguage":"ar","@id":"https:\/\/www.stinesofiesstiftelse.no\/hjelpetilbud-ved-vold-og-seksuelle-overgrep\/#primaryimage","url":"https:\/\/www.stinesofiesstiftelse.no\/wp-content\/uploads\/2025\/01\/COLOURBOX59787393-1024x683.jpg","contentUrl":"https:\/\/www.stinesofiesstiftelse.no\/wp-content\/uploads\/2025\/01\/COLOURBOX59787393-1024x683.jpg"},{"@type":"BreadcrumbList","@id":"https:\/\/www.stinesofiesstiftelse.no\/hjelpetilbud-ved-vold-og-seksuelle-overgrep\/#breadcrumb","itemListElement":[{"@type":"ListItem","position":1,"name":"Hjem","item":"https:\/\/www.stinesofiesstiftelse.no\/"},{"@type":"ListItem","position":2,"name":"Hjelpetilbud ved vold og seksuelle overgrep"}]},{"@type":"WebSite","@id":"https:\/\/www.stinesofiesstiftelse.no\/#website","url":"https:\/\/www.stinesofiesstiftelse.no\/","name":"Stine Sofies Stiftelse","description":"","publisher":{"@id":"https:\/\/www.stinesofiesstiftelse.no\/#organization"},"potentialAction":[{"@type":"SearchAction","target":{"@type":"EntryPoint","urlTemplate":"https:\/\/www.stinesofiesstiftelse.no\/?s={search_term_string}"},"query-input":{"@type":"PropertyValueSpecification","valueRequired":true,"valueName":"search_term_string"}}],"inLanguage":"ar"},{"@type":"Organization","@id":"https:\/\/www.stinesofiesstiftelse.no\/#organization","name":"Stine Sofies Stiftelse","url":"https:\/\/www.stinesofiesstiftelse.no\/","logo":{"@type":"ImageObject","inLanguage":"ar","@id":"https:\/\/www.stinesofiesstiftelse.no\/#\/schema\/logo\/image\/","url":"https:\/\/d1713zmupob0gt.cloudfront.net\/wp-content\/uploads\/2024\/10\/19093628\/cropped-Stine_sofies_stiftelse_logosymbol.png","contentUrl":"https:\/\/d1713zmupob0gt.cloudfront.net\/wp-content\/uploads\/2024\/10\/19093628\/cropped-Stine_sofies_stiftelse_logosymbol.png","width":512,"height":512,"caption":"Stine Sofies Stiftelse"},"image":{"@id":"https:\/\/www.stinesofiesstiftelse.no\/#\/schema\/logo\/image\/"},"sameAs":["https:\/\/www.facebook.com\/StineSofiesStiftelse\/"]}]}},"mfb_rest_fields":["title","yoast_head","yoast_head_json"],"_links":{"self":[{"href":"https:\/\/www.stinesofiesstiftelse.no\/ar\/wp-json\/wp\/v2\/pages\/9887","targetHints":{"allow":["GET"]}}],"collection":[{"href":"https:\/\/www.stinesofiesstiftelse.no\/ar\/wp-json\/wp\/v2\/pages"}],"about":[{"href":"https:\/\/www.stinesofiesstiftelse.no\/ar\/wp-json\/wp\/v2\/types\/page"}],"author":[{"embeddable":true,"href":"https:\/\/www.stinesofiesstiftelse.no\/ar\/wp-json\/wp\/v2\/users\/5"}],"replies":[{"embeddable":true,"href":"https:\/\/www.stinesofiesstiftelse.no\/ar\/wp-json\/wp\/v2\/comments?post=9887"}],"version-history":[{"count":2,"href":"https:\/\/www.stinesofiesstiftelse.no\/ar\/wp-json\/wp\/v2\/pages\/9887\/revisions"}],"predecessor-version":[{"id":12096,"href":"https:\/\/www.stinesofiesstiftelse.no\/ar\/wp-json\/wp\/v2\/pages\/9887\/revisions\/12096"}],"wp:attachment":[{"href":"https:\/\/www.stinesofiesstiftelse.no\/ar\/wp-json\/wp\/v2\/media?parent=9887"}],"curies":[{"name":"wp","href":"https:\/\/api.w.org\/{rel}","templated":true}]}}