{"id":9830,"date":"2024-12-10T15:29:54","date_gmt":"2024-12-10T14:29:54","guid":{"rendered":"https:\/\/www.stinesofiesstiftelse.no\/?page_id=9830"},"modified":"2025-12-23T10:28:24","modified_gmt":"2025-12-23T09:28:24","slug":"forretningsetiske-forhold","status":"publish","type":"page","link":"https:\/\/www.stinesofiesstiftelse.no\/ar\/forretningsetiske-forhold\/","title":{"rendered":"Forretningsetiske forhold"},"content":{"rendered":"\n<div class=\"wp-block-group alignwide sss-content-header has-global-padding is-layout-constrained wp-block-group-is-layout-constrained\" style=\"margin-top:0;margin-bottom:0\">\n<div class=\"wp-block-group is-layout-flow wp-block-group-is-layout-flow\" style=\"margin-top:0;margin-bottom:0;padding-top:4vw;padding-bottom:3vw\"><div class=\"yoast-breadcrumbs\"><span><span><a href=\"https:\/\/www.stinesofiesstiftelse.no\/\">Hjem<\/a><\/span> \u2013 <span class=\"breadcrumb_last\" aria-current=\"page\">Forretningsetiske forhold<\/span><\/span><\/div>\n\n<h1 class=\"is-style-has-blob wp-block-post-title has-text-color has-primary-color\">Forretningsetiske forhold<\/h1>\n\n\n<p class=\"is-style-leadtext\" style=\"padding-right:0;padding-left:0\">Stine Sofies Stiftelse er opptatt av at virksomheten skal ha en b\u00e6rekraftig utvikling og jobber aktivt for \u00e5 ivareta en etisk forsvarlig forretningsdrift.<\/p>\n<\/div>\n<\/div>\n\n\n\n<h2 class=\"wp-block-heading\">Etiske retningslinjer<\/h2>\n\n\n\n<p><a href=\"https:\/\/d1713zmupob0gt.cloudfront.net\/wp-content\/uploads\/2025\/12\/23102802\/Etiske_retningslinjer-_styrevedtatt_Desember_2025.pdf\" target=\"_blank\" rel=\"noreferrer noopener\">V\u00e5re egne etiske retningslinjer kan du lese her.<\/a><\/p>\n\n\n\n<div style=\"height:50px\" aria-hidden=\"true\" class=\"wp-block-spacer\"><\/div>\n\n\n\n<h2 class=\"wp-block-heading\">\u00c5penhetsloven<\/h2>\n\n\n\n<p>Stine Sofies Stiftelse er p\u00e5lagt \u00e5 gjennomf\u00f8re og redegj\u00f8re for aktsomhetsvurderinger i henhold til \u00e5penhetsloven. Vi har forankret ansvarlighet for etterlevelsen av dette i styret og ledelse, og vi har kvalitetssjekket og koordinert det interne arbeidet rundt dette.<\/p>\n\n\n\n<p>Stine Sofies Stiftelse har mange leverand\u00f8rer og samarbeidspartnere og vi \u00f8nsker \u00e5 v\u00e6re trygge p\u00e5 at disse etterlever v\u00e5re forventninger for ansvarlig forretningspraksis. Dette \u00f8nsker vi \u00e5 ha god kontroll p\u00e5, og vil v\u00e6re et fokusomr\u00e5de for oss fremover. &nbsp;<\/p>\n\n\n\n<p><a href=\"https:\/\/d1713zmupob0gt.cloudfront.net\/wp-content\/uploads\/2025\/03\/18120123\/Aktsomhetsvurderinger-.pdf\">Redegj\u00f8relse for aktsomhetsvurderinger i Stine Sofies Stiftelse kan du lese her.<\/a><\/p>\n\n\n\n<p>For sp\u00f8rsm\u00e5l rundt hvordan vi arbeider med menneskerettigheter og ansvarlig forretningspraksis, kontakt oss p\u00e5 e-post: <a class=\"absconditus\" data-absconditus-a=\"gfbc\" data-absconditus-b=\"fgvarfbsvrffgvsgryfr.ab\" href=\"#\"><span data-absconditus-placeholder=\"toioneei.st@nttfsosseiesspfl\"><\/span><\/a><\/p>\n\n\n\n<p>Henvendelser vil besvares fortl\u00f8pende, og senest innen 3 uker.<\/p>\n\n\n\n<div style=\"height:59px\" aria-hidden=\"true\" class=\"wp-block-spacer\"><\/div>\n\n\n\n<div class=\"wp-block-columns alignwide sss-image-text sss-donationform has-secondary-background-color has-background is-layout-flex wp-container-core-columns-is-layout-3fb004a6 wp-block-columns-is-layout-flex\" style=\"border-radius:4px;padding-top:0;padding-right:0;padding-bottom:0;padding-left:0\">\n<div class=\"wp-block-column is-layout-flow wp-block-column-is-layout-flow\">\n<figure class=\"wp-block-image size-large is-resized\"><img loading=\"lazy\" decoding=\"async\" width=\"1024\" height=\"576\" src=\"https:\/\/d1713zmupob0gt.cloudfront.net\/wp-content\/uploads\/2023\/06\/28125319\/Bjornen-sover-forbi-1024x576.jpg\" alt=\"\" class=\"wp-image-1796\" style=\"width:1024px;height:576px\" srcset=\"https:\/\/d1713zmupob0gt.cloudfront.net\/wp-content\/uploads\/2023\/06\/28125319\/Bjornen-sover-forbi-1024x576.jpg 1024w, https:\/\/d1713zmupob0gt.cloudfront.net\/wp-content\/uploads\/2023\/06\/28125319\/Bjornen-sover-forbi-300x169.jpg 300w, https:\/\/d1713zmupob0gt.cloudfront.net\/wp-content\/uploads\/2023\/06\/28125319\/Bjornen-sover-forbi-768x432.jpg 768w, https:\/\/d1713zmupob0gt.cloudfront.net\/wp-content\/uploads\/2023\/06\/28125319\/Bjornen-sover-forbi-1536x864.jpg 1536w, https:\/\/d1713zmupob0gt.cloudfront.net\/wp-content\/uploads\/2023\/06\/28125319\/Bjornen-sover-forbi-2048x1152.jpg 2048w\" sizes=\"auto, (max-width: 1024px) 100vw, 1024px\" \/><\/figure>\n<\/div>\n\n\n\n<div class=\"wp-block-column is-vertically-aligned-top is-layout-flow wp-block-column-is-layout-flow\" style=\"padding-top:var(--wp--preset--spacing--30);padding-right:0;padding-bottom:var(--wp--preset--spacing--30);padding-left:0\">\n<div class=\"wp-block-group has-global-padding is-content-justification-left is-layout-constrained wp-container-core-group-is-layout-c80ec7c2 wp-block-group-is-layout-constrained\" style=\"padding-right:var(--wp--preset--spacing--50)\">\n\n<section style=\"padding-top:var(--wp--preset--spacing--80);padding-bottom:var(--wp--preset--spacing--80);\" class=\"alignfull wp-block-aptum-donationform has-background has-light-background-background-color\" id=\"block-860f55bc2c77c2d5f93616233047485a\">\n\n<section id=\"block_860f55bc2c77c2d5f93616233047485a\" class=\"donationform\">\n\t<div class=\"\">\n\t\t<div class=\"donationform-content\">\n\t\t\t<div class=\"container\">\n\t\t\t\t<form name=\"donationForm\" action=\"\/bli-fast-giver\/\" id=\"donation-form\" class=\"giver\">\n\n\t\t\t\t\t<div class=\"radioGroup gi-type\">\n\t\t\t\t\t\t<input class=\"gi-type\" type=\"radio\" name=\"gi_type\" value=\"giver\" id=\"gi-type-giver\" checked>\n\t\t\t\t\t\t<label for=\"gi-type-giver\">Bli fadder<\/label>\n\n\t\t\t\t\t\t<input class=\"gi-type\" type=\"radio\" name=\"gi_type\" value=\"gave\" id=\"gi-type-gave\">\n\t\t\t\t\t\t<label for=\"gi-type-gave\">Gi et engangsbel\u00f8p<\/label>\n\t\t\t\t\t<\/div>\n\n\t\t\t\t\t<h3 class=\"giver-heading\">Hver m\u00e5ned vil jeg gi<\/h3>\n\t\t\t\t\t<h3 class=\"gave-heading\">Jeg \u00f8nsker \u00e5 gi<\/h3>\n\n\t\t\t\t\t<div class=\"radioGroup\">\n\t\t\t\t\t\t<input class=\"priceVal\" type=\"radio\" name=\"pris\" value=\"250\" id=\"option1\" checked>\n\t\t\t\t\t\t<label for=\"option1\">250<\/label>\n\n\t\t\t\t\t\t<input class=\"priceVal\" type=\"radio\" name=\"pris\" value=\"300\" id=\"option2\">\n\t\t\t\t\t\t<label for=\"option2\">300<\/label>\n\n\t\t\t\t\t\t<input class=\"priceVal\" type=\"radio\" name=\"pris\" value=\"\" id=\"option3\">\n\t\t\t\t\t\t<label for=\"option3\">Annet<\/label>\n\n\t\t\t\t\t\t<input class=\"priceVal\" style=\"display: none; position: relative; font-family: inherit;\" type=\"number\" placeholder=\"1234\" value=\"\" id=\"option4\">\n\n\t\t\t\t\t\t<span class=\"indicator\"><\/span>\n\t\t\t\t\t<\/div>\n\n\t\t\t\t\t<p class=\"gave-description\">Med ditt bidrag er du med \u00e5 sikrer barn sine rettigheter og hjelper voldsutsatte barn og unge.<\/p>\n\t\t\t\t\t<p class=\"giver-description\">Med ditt bidrag er du med \u00e5 sikrer barn sine rettigheter og hjelper voldsutsatte barn og unge.<\/p>\n\n\t\t\t\t\t<div class=\"radioGroup gateways\">\n\t\t\t\t\t\t<div class=\"gateway-giver\">\n\t\t\t\t\t\t\t<input class=\"gateway\" type=\"radio\" name=\"payment_method\" value=\"vippsrecurringexpress\" id=\"gateway-vippsuserinfo\" checked>\n\t\t\t\t\t\t\t<label for=\"gateway-vippsuserinfo\">Vipps<\/label>\n\t\t\t\t\t\t<\/div>\n\n\t\t\t\t\t\t<div class=\"gateway-giver\">\n\t\t\t\t\t\t\t<input class=\"gateway\" type=\"radio\" name=\"payment_method\" value=\"avtalegiro\" id=\"gateway-avtalegiro\">\n\t\t\t\t\t\t\t<label for=\"gateway-avtalegiro\">Kort\/avtalegiro<\/label>\n\t\t\t\t\t\t<\/div>\n\n\t\t\t\t\t\t<div class=\"gateway-gave\">\n\t\t\t\t\t\t\t<input class=\"gateway\" type=\"radio\" name=\"payment_method\" value=\"vippsexpress\" id=\"gateway-vipps\">\n\t\t\t\t\t\t\t<label for=\"gateway-vipps\">Vipps<\/label>\n\t\t\t\t\t\t<\/div>\n\n\t\t\t\t\t\t<div class=\"gateway-gave\">\n\t\t\t\t\t\t\t<input class=\"gateway\" type=\"radio\" name=\"payment_method\" value=\"netaxept\" id=\"gateway-netaxept\">\n\t\t\t\t\t\t\t<label for=\"gateway-netaxept\">Kort<\/label>\n\t\t\t\t\t\t<\/div>\n\t\t\t\t\t<\/div>\n\n\t\t\t\t\t<input type=\"submit\" name=\"giver-submit-btn\" class=\"donation-form-submit wp-block-button__link wp-element-button\" value=\"Registrer deg som Fadder\" id=\"donation-form-giver-submit\">\n\t\t\t\t\t<input type=\"submit\" name=\"gave-submit-btn\" class=\"donation-form-submit wp-block-button__link wp-element-button\" value=\"Gi gave via Vipps\" id=\"donation-form-gave-submit\">\n\n\t\t\t\t<\/form>\n\t\t\t<\/div>\n\t\t<\/div>\n\t<\/div>\n<\/section>\n\n<\/section>\n<\/div>\n<\/div>\n<\/div>\n","protected":false},"excerpt":{"rendered":"<p>Stine Sofies Stiftelse er opptatt av at virksomheten skal ha en b\u00e6rekraftig utvikling og jobber aktivt for \u00e5 ivareta en [&hellip;]<\/p>\n","protected":false},"author":5,"featured_media":0,"parent":0,"menu_order":0,"comment_status":"closed","ping_status":"closed","template":"","meta":{"_acf_changed":false,"inline_featured_image":false,"footnotes":""},"class_list":["post-9830","page","type-page","status-publish","hentry"],"acf":[],"mb":[],"yoast_head":"<!-- This site is optimized with the Yoast SEO plugin v27.3 - https:\/\/yoast.com\/product\/yoast-seo-wordpress\/ -->\n<title>Forretningsetiske forhold - Stine Sofies Stiftelse<\/title>\n<meta name=\"robots\" content=\"index, follow, max-snippet:-1, max-image-preview:large, max-video-preview:-1\" \/>\n<link rel=\"canonical\" href=\"https:\/\/www.stinesofiesstiftelse.no\/forretningsetiske-forhold\/\" \/>\n<meta property=\"og:locale\" content=\"ar_AR\" \/>\n<meta property=\"og:type\" content=\"article\" \/>\n<meta property=\"og:title\" content=\"Forretningsetiske forhold - Stine Sofies Stiftelse\" \/>\n<meta property=\"og:description\" content=\"Stine Sofies Stiftelse er opptatt av at virksomheten skal ha en b\u00e6rekraftig utvikling og jobber aktivt for \u00e5 ivareta en [&hellip;]\" \/>\n<meta property=\"og:url\" content=\"https:\/\/www.stinesofiesstiftelse.no\/forretningsetiske-forhold\/\" \/>\n<meta property=\"og:site_name\" content=\"Stine Sofies Stiftelse\" \/>\n<meta property=\"article:publisher\" content=\"https:\/\/www.facebook.com\/StineSofiesStiftelse\/\" \/>\n<meta property=\"article:modified_time\" content=\"2025-12-23T09:28:24+00:00\" \/>\n<meta property=\"og:image\" content=\"https:\/\/www.stinesofiesstiftelse.no\/wp-content\/uploads\/2023\/06\/Bjornen-sover-forbi-1024x576.jpg\" \/>\n<meta name=\"twitter:card\" content=\"summary_large_image\" \/>\n<meta name=\"twitter:label1\" content=\"\u0648\u0642\u062a \u0627\u0644\u0642\u0631\u0627\u0621\u0629 \u0627\u0644\u0645\u064f\u0642\u062f\u0651\u0631\" \/>\n\t<meta name=\"twitter:data1\" content=\"\u062f\u0642\u064a\u0642\u062a\u0627\u0646\" \/>\n<script type=\"application\/ld+json\" class=\"yoast-schema-graph\">{\"@context\":\"https:\\\/\\\/schema.org\",\"@graph\":[{\"@type\":\"WebPage\",\"@id\":\"https:\\\/\\\/www.stinesofiesstiftelse.no\\\/forretningsetiske-forhold\\\/\",\"url\":\"https:\\\/\\\/www.stinesofiesstiftelse.no\\\/forretningsetiske-forhold\\\/\",\"name\":\"Forretningsetiske forhold - Stine Sofies Stiftelse\",\"isPartOf\":{\"@id\":\"https:\\\/\\\/www.stinesofiesstiftelse.no\\\/#website\"},\"primaryImageOfPage\":{\"@id\":\"https:\\\/\\\/www.stinesofiesstiftelse.no\\\/forretningsetiske-forhold\\\/#primaryimage\"},\"image\":{\"@id\":\"https:\\\/\\\/www.stinesofiesstiftelse.no\\\/forretningsetiske-forhold\\\/#primaryimage\"},\"thumbnailUrl\":\"https:\\\/\\\/www.stinesofiesstiftelse.no\\\/wp-content\\\/uploads\\\/2023\\\/06\\\/Bjornen-sover-forbi-1024x576.jpg\",\"datePublished\":\"2024-12-10T14:29:54+00:00\",\"dateModified\":\"2025-12-23T09:28:24+00:00\",\"breadcrumb\":{\"@id\":\"https:\\\/\\\/www.stinesofiesstiftelse.no\\\/forretningsetiske-forhold\\\/#breadcrumb\"},\"inLanguage\":\"ar\",\"potentialAction\":[{\"@type\":\"ReadAction\",\"target\":[\"https:\\\/\\\/www.stinesofiesstiftelse.no\\\/forretningsetiske-forhold\\\/\"]}]},{\"@type\":\"ImageObject\",\"inLanguage\":\"ar\",\"@id\":\"https:\\\/\\\/www.stinesofiesstiftelse.no\\\/forretningsetiske-forhold\\\/#primaryimage\",\"url\":\"https:\\\/\\\/www.stinesofiesstiftelse.no\\\/wp-content\\\/uploads\\\/2023\\\/06\\\/Bjornen-sover-forbi-1024x576.jpg\",\"contentUrl\":\"https:\\\/\\\/www.stinesofiesstiftelse.no\\\/wp-content\\\/uploads\\\/2023\\\/06\\\/Bjornen-sover-forbi-1024x576.jpg\"},{\"@type\":\"BreadcrumbList\",\"@id\":\"https:\\\/\\\/www.stinesofiesstiftelse.no\\\/forretningsetiske-forhold\\\/#breadcrumb\",\"itemListElement\":[{\"@type\":\"ListItem\",\"position\":1,\"name\":\"Hjem\",\"item\":\"https:\\\/\\\/www.stinesofiesstiftelse.no\\\/\"},{\"@type\":\"ListItem\",\"position\":2,\"name\":\"Forretningsetiske forhold\"}]},{\"@type\":\"WebSite\",\"@id\":\"https:\\\/\\\/www.stinesofiesstiftelse.no\\\/#website\",\"url\":\"https:\\\/\\\/www.stinesofiesstiftelse.no\\\/\",\"name\":\"Stine Sofies Stiftelse\",\"description\":\"\",\"publisher\":{\"@id\":\"https:\\\/\\\/www.stinesofiesstiftelse.no\\\/#organization\"},\"potentialAction\":[{\"@type\":\"SearchAction\",\"target\":{\"@type\":\"EntryPoint\",\"urlTemplate\":\"https:\\\/\\\/www.stinesofiesstiftelse.no\\\/?s={search_term_string}\"},\"query-input\":{\"@type\":\"PropertyValueSpecification\",\"valueRequired\":true,\"valueName\":\"search_term_string\"}}],\"inLanguage\":\"ar\"},{\"@type\":\"Organization\",\"@id\":\"https:\\\/\\\/www.stinesofiesstiftelse.no\\\/#organization\",\"name\":\"Stine Sofies Stiftelse\",\"url\":\"https:\\\/\\\/www.stinesofiesstiftelse.no\\\/\",\"logo\":{\"@type\":\"ImageObject\",\"inLanguage\":\"ar\",\"@id\":\"https:\\\/\\\/www.stinesofiesstiftelse.no\\\/#\\\/schema\\\/logo\\\/image\\\/\",\"url\":\"https:\\\/\\\/d1713zmupob0gt.cloudfront.net\\\/wp-content\\\/uploads\\\/2024\\\/10\\\/19093628\\\/cropped-Stine_sofies_stiftelse_logosymbol.png\",\"contentUrl\":\"https:\\\/\\\/d1713zmupob0gt.cloudfront.net\\\/wp-content\\\/uploads\\\/2024\\\/10\\\/19093628\\\/cropped-Stine_sofies_stiftelse_logosymbol.png\",\"width\":512,\"height\":512,\"caption\":\"Stine Sofies Stiftelse\"},\"image\":{\"@id\":\"https:\\\/\\\/www.stinesofiesstiftelse.no\\\/#\\\/schema\\\/logo\\\/image\\\/\"},\"sameAs\":[\"https:\\\/\\\/www.facebook.com\\\/StineSofiesStiftelse\\\/\"]}]}<\/script>\n<!-- \/ Yoast SEO plugin. -->","yoast_head_json":{"title":"Forretningsetiske forhold - Stine Sofies Stiftelse","robots":{"index":"index","follow":"follow","max-snippet":"max-snippet:-1","max-image-preview":"max-image-preview:large","max-video-preview":"max-video-preview:-1"},"canonical":"https:\/\/www.stinesofiesstiftelse.no\/forretningsetiske-forhold\/","og_locale":"ar_AR","og_type":"article","og_title":"Forretningsetiske forhold - Stine Sofies Stiftelse","og_description":"Stine Sofies Stiftelse er opptatt av at virksomheten skal ha en b\u00e6rekraftig utvikling og jobber aktivt for \u00e5 ivareta en [&hellip;]","og_url":"https:\/\/www.stinesofiesstiftelse.no\/forretningsetiske-forhold\/","og_site_name":"Stine Sofies Stiftelse","article_publisher":"https:\/\/www.facebook.com\/StineSofiesStiftelse\/","article_modified_time":"2025-12-23T09:28:24+00:00","og_image":[{"url":"https:\/\/www.stinesofiesstiftelse.no\/wp-content\/uploads\/2023\/06\/Bjornen-sover-forbi-1024x576.jpg","type":"","width":"","height":""}],"twitter_card":"summary_large_image","twitter_misc":{"\u0648\u0642\u062a \u0627\u0644\u0642\u0631\u0627\u0621\u0629 \u0627\u0644\u0645\u064f\u0642\u062f\u0651\u0631":"\u062f\u0642\u064a\u0642\u062a\u0627\u0646"},"schema":{"@context":"https:\/\/schema.org","@graph":[{"@type":"WebPage","@id":"https:\/\/www.stinesofiesstiftelse.no\/forretningsetiske-forhold\/","url":"https:\/\/www.stinesofiesstiftelse.no\/forretningsetiske-forhold\/","name":"Forretningsetiske forhold - Stine Sofies Stiftelse","isPartOf":{"@id":"https:\/\/www.stinesofiesstiftelse.no\/#website"},"primaryImageOfPage":{"@id":"https:\/\/www.stinesofiesstiftelse.no\/forretningsetiske-forhold\/#primaryimage"},"image":{"@id":"https:\/\/www.stinesofiesstiftelse.no\/forretningsetiske-forhold\/#primaryimage"},"thumbnailUrl":"https:\/\/www.stinesofiesstiftelse.no\/wp-content\/uploads\/2023\/06\/Bjornen-sover-forbi-1024x576.jpg","datePublished":"2024-12-10T14:29:54+00:00","dateModified":"2025-12-23T09:28:24+00:00","breadcrumb":{"@id":"https:\/\/www.stinesofiesstiftelse.no\/forretningsetiske-forhold\/#breadcrumb"},"inLanguage":"ar","potentialAction":[{"@type":"ReadAction","target":["https:\/\/www.stinesofiesstiftelse.no\/forretningsetiske-forhold\/"]}]},{"@type":"ImageObject","inLanguage":"ar","@id":"https:\/\/www.stinesofiesstiftelse.no\/forretningsetiske-forhold\/#primaryimage","url":"https:\/\/www.stinesofiesstiftelse.no\/wp-content\/uploads\/2023\/06\/Bjornen-sover-forbi-1024x576.jpg","contentUrl":"https:\/\/www.stinesofiesstiftelse.no\/wp-content\/uploads\/2023\/06\/Bjornen-sover-forbi-1024x576.jpg"},{"@type":"BreadcrumbList","@id":"https:\/\/www.stinesofiesstiftelse.no\/forretningsetiske-forhold\/#breadcrumb","itemListElement":[{"@type":"ListItem","position":1,"name":"Hjem","item":"https:\/\/www.stinesofiesstiftelse.no\/"},{"@type":"ListItem","position":2,"name":"Forretningsetiske forhold"}]},{"@type":"WebSite","@id":"https:\/\/www.stinesofiesstiftelse.no\/#website","url":"https:\/\/www.stinesofiesstiftelse.no\/","name":"Stine Sofies Stiftelse","description":"","publisher":{"@id":"https:\/\/www.stinesofiesstiftelse.no\/#organization"},"potentialAction":[{"@type":"SearchAction","target":{"@type":"EntryPoint","urlTemplate":"https:\/\/www.stinesofiesstiftelse.no\/?s={search_term_string}"},"query-input":{"@type":"PropertyValueSpecification","valueRequired":true,"valueName":"search_term_string"}}],"inLanguage":"ar"},{"@type":"Organization","@id":"https:\/\/www.stinesofiesstiftelse.no\/#organization","name":"Stine Sofies Stiftelse","url":"https:\/\/www.stinesofiesstiftelse.no\/","logo":{"@type":"ImageObject","inLanguage":"ar","@id":"https:\/\/www.stinesofiesstiftelse.no\/#\/schema\/logo\/image\/","url":"https:\/\/d1713zmupob0gt.cloudfront.net\/wp-content\/uploads\/2024\/10\/19093628\/cropped-Stine_sofies_stiftelse_logosymbol.png","contentUrl":"https:\/\/d1713zmupob0gt.cloudfront.net\/wp-content\/uploads\/2024\/10\/19093628\/cropped-Stine_sofies_stiftelse_logosymbol.png","width":512,"height":512,"caption":"Stine Sofies Stiftelse"},"image":{"@id":"https:\/\/www.stinesofiesstiftelse.no\/#\/schema\/logo\/image\/"},"sameAs":["https:\/\/www.facebook.com\/StineSofiesStiftelse\/"]}]}},"mfb_rest_fields":["title","yoast_head","yoast_head_json"],"_links":{"self":[{"href":"https:\/\/www.stinesofiesstiftelse.no\/ar\/wp-json\/wp\/v2\/pages\/9830","targetHints":{"allow":["GET"]}}],"collection":[{"href":"https:\/\/www.stinesofiesstiftelse.no\/ar\/wp-json\/wp\/v2\/pages"}],"about":[{"href":"https:\/\/www.stinesofiesstiftelse.no\/ar\/wp-json\/wp\/v2\/types\/page"}],"author":[{"embeddable":true,"href":"https:\/\/www.stinesofiesstiftelse.no\/ar\/wp-json\/wp\/v2\/users\/5"}],"replies":[{"embeddable":true,"href":"https:\/\/www.stinesofiesstiftelse.no\/ar\/wp-json\/wp\/v2\/comments?post=9830"}],"version-history":[{"count":3,"href":"https:\/\/www.stinesofiesstiftelse.no\/ar\/wp-json\/wp\/v2\/pages\/9830\/revisions"}],"predecessor-version":[{"id":12647,"href":"https:\/\/www.stinesofiesstiftelse.no\/ar\/wp-json\/wp\/v2\/pages\/9830\/revisions\/12647"}],"wp:attachment":[{"href":"https:\/\/www.stinesofiesstiftelse.no\/ar\/wp-json\/wp\/v2\/media?parent=9830"}],"curies":[{"name":"wp","href":"https:\/\/api.w.org\/{rel}","templated":true}]}}