{"id":9677,"date":"2024-11-10T21:22:33","date_gmt":"2024-11-10T20:22:33","guid":{"rendered":"https:\/\/www.stinesofiesstiftelse.no\/?page_id=9677"},"modified":"2024-11-11T07:38:23","modified_gmt":"2024-11-11T06:38:23","slug":"wikborg-rein","status":"publish","type":"page","link":"https:\/\/www.stinesofiesstiftelse.no\/ar\/om-oss\/samarbeidspartnere\/wikborg-rein\/","title":{"rendered":"Wikborg Rein"},"content":{"rendered":"\n<div class=\"wp-block-group alignwide sss-content-header has-global-padding is-layout-constrained wp-block-group-is-layout-constrained\" style=\"margin-top:0;margin-bottom:0\">\n<div class=\"wp-block-group is-layout-flow wp-block-group-is-layout-flow\" style=\"padding-top:4vw;padding-bottom:3vw\"><div class=\"yoast-breadcrumbs\"><span><span><a href=\"https:\/\/www.stinesofiesstiftelse.no\/\">Hjem<\/a><\/span> \u2013 <span><a href=\"https:\/\/www.stinesofiesstiftelse.no\/om-oss\/\">Om oss<\/a><\/span> \u2013 <span><a href=\"https:\/\/www.stinesofiesstiftelse.no\/om-oss\/samarbeidspartnere\/\">Samarbeidspartnere<\/a><\/span> \u2013 <span class=\"breadcrumb_last\" aria-current=\"page\">Wikborg Rein<\/span><\/span><\/div>\n\n<h1 class=\"is-style-has-blob wp-block-post-title has-text-color has-primary-color\">Wikborg Rein<\/h1>\n\n\n<p class=\"is-style-leadtext\" style=\"padding-right:0;padding-left:0\">Siden 2022 har Wikborg Rein v\u00e6rt en viktig samarbeidspartner for Stine Sofies Stiftelse. Sammen etablerte vi Barnas Havarikommisjon, som allerede har blitt en viktig premissleverand\u00f8r for rettssikkerheten til barn og unge, utsatt for vold og overgrep.<\/p>\n<\/div>\n<\/div>\n\n\n\n<figure class=\"wp-block-image alignwide size-large\"><img loading=\"lazy\" decoding=\"async\" width=\"1024\" height=\"683\" src=\"https:\/\/d1713zmupob0gt.cloudfront.net\/wp-content\/uploads\/2024\/04\/19151806\/Wikborg-ReinDSC07233-1024x683.jpg\" alt=\"\" class=\"wp-image-7326\" srcset=\"https:\/\/d1713zmupob0gt.cloudfront.net\/wp-content\/uploads\/2024\/04\/19151806\/Wikborg-ReinDSC07233-1024x683.jpg 1024w, https:\/\/d1713zmupob0gt.cloudfront.net\/wp-content\/uploads\/2024\/04\/19151806\/Wikborg-ReinDSC07233-300x200.jpg 300w, https:\/\/d1713zmupob0gt.cloudfront.net\/wp-content\/uploads\/2024\/04\/19151806\/Wikborg-ReinDSC07233-768x512.jpg 768w, https:\/\/d1713zmupob0gt.cloudfront.net\/wp-content\/uploads\/2024\/04\/19151806\/Wikborg-ReinDSC07233-1536x1024.jpg 1536w, https:\/\/d1713zmupob0gt.cloudfront.net\/wp-content\/uploads\/2024\/04\/19151806\/Wikborg-ReinDSC07233.jpg 1920w\" sizes=\"auto, (max-width: 1024px) 100vw, 1024px\" \/><figcaption class=\"wp-element-caption\"><sub>J\u00f8rgen Vangsnes, Barne- og familieminister Kjersti Toppe, jurdiske r\u00e5dgivere Endre Bendixen og Line Duesund Svendsen og assisterende generalsekret\u00e6r i Stine Sofies Stiftelse Kristin Stokke, i forbindelse med lansering av den andre rapporten fra Barnas Havarikommisjon.<\/sub><\/figcaption><\/figure>\n\n\n\n<p>I arbeidet med rapporten til&nbsp;<a href=\"https:\/\/www.stinesofiesstiftelse.no\/hva-vi-gjor\/barnas-havarikommisjon\/\">Barnas Havarikommisjon<\/a>&nbsp;bist\u00e5r Wikborg Rein med \u00e5 utrede b\u00e5de gjeldende rett, forholdet til Norges internasjonale forpliktelser og de lovtekniske sidene av potensielle endringsforslag som kan styrke rettssikkerheten til voldsutsatte barn.<\/p>\n\n\n\n<blockquote class=\"wp-block-quote is-layout-flow wp-block-quote-is-layout-flow\">\n<p>&#8211; <em>Arbeidet med Barnas havarikommisjon har vist at det dessverre er store hull i barns rettssikkerhet. Wikborg Rein er glade for \u00e5 kunne bidra med den rettslige bakgrunnen til disse viktige rapportene<\/em><\/p>\n\n\n\n<p>J\u00f8rgen Vangsnes, partner i <a href=\"https:\/\/www.wr.no\/\">Wikborg Rein<\/a> og medlem i <a href=\"https:\/\/www.stinesofiesstiftelse.no\/tjenester\/barnas-havarikommisjon\/\">Barnas Havarikommisjon<\/a>.<\/p>\n<\/blockquote>\n\n\n\n<p><a href=\"https:\/\/www.wr.no\/\">Les mer om Wikborg Rein her.<\/a><\/p>\n\n\n\n<p><\/p>\n","protected":false},"excerpt":{"rendered":"<p>Siden 2022 har Wikborg Rein v\u00e6rt en viktig samarbeidspartner for Stine Sofies Stiftelse. Sammen etablerte vi Barnas Havarikommisjon, som allerede [&hellip;]<\/p>\n","protected":false},"author":2,"featured_media":0,"parent":6969,"menu_order":0,"comment_status":"closed","ping_status":"closed","template":"","meta":{"_acf_changed":false,"inline_featured_image":false,"footnotes":""},"class_list":["post-9677","page","type-page","status-publish","hentry"],"acf":[],"mb":[],"yoast_head":"<!-- This site is optimized with the Yoast SEO plugin v27.3 - https:\/\/yoast.com\/product\/yoast-seo-wordpress\/ -->\n<title>Wikborg Rein - Stine Sofies Stiftelse<\/title>\n<meta name=\"robots\" content=\"index, follow, max-snippet:-1, max-image-preview:large, max-video-preview:-1\" \/>\n<link rel=\"canonical\" href=\"https:\/\/www.stinesofiesstiftelse.no\/om-oss\/samarbeidspartnere\/wikborg-rein\/\" \/>\n<meta property=\"og:locale\" content=\"ar_AR\" \/>\n<meta property=\"og:type\" content=\"article\" \/>\n<meta property=\"og:title\" content=\"Wikborg Rein - Stine Sofies Stiftelse\" \/>\n<meta property=\"og:description\" content=\"Siden 2022 har Wikborg Rein v\u00e6rt en viktig samarbeidspartner for Stine Sofies Stiftelse. Sammen etablerte vi Barnas Havarikommisjon, som allerede [&hellip;]\" \/>\n<meta property=\"og:url\" content=\"https:\/\/www.stinesofiesstiftelse.no\/om-oss\/samarbeidspartnere\/wikborg-rein\/\" \/>\n<meta property=\"og:site_name\" content=\"Stine Sofies Stiftelse\" \/>\n<meta property=\"article:publisher\" content=\"https:\/\/www.facebook.com\/StineSofiesStiftelse\/\" \/>\n<meta property=\"article:modified_time\" content=\"2024-11-11T06:38:23+00:00\" \/>\n<meta property=\"og:image\" content=\"https:\/\/www.stinesofiesstiftelse.no\/wp-content\/uploads\/2024\/04\/Wikborg-ReinDSC07233-1024x683.jpg\" \/>\n<meta name=\"twitter:card\" content=\"summary_large_image\" \/>\n<meta name=\"twitter:label1\" content=\"\u0648\u0642\u062a \u0627\u0644\u0642\u0631\u0627\u0621\u0629 \u0627\u0644\u0645\u064f\u0642\u062f\u0651\u0631\" \/>\n\t<meta name=\"twitter:data1\" content=\"1 \u062f\u0642\u064a\u0642\u0629\" \/>\n<script type=\"application\/ld+json\" class=\"yoast-schema-graph\">{\"@context\":\"https:\\\/\\\/schema.org\",\"@graph\":[{\"@type\":\"WebPage\",\"@id\":\"https:\\\/\\\/www.stinesofiesstiftelse.no\\\/om-oss\\\/samarbeidspartnere\\\/wikborg-rein\\\/\",\"url\":\"https:\\\/\\\/www.stinesofiesstiftelse.no\\\/om-oss\\\/samarbeidspartnere\\\/wikborg-rein\\\/\",\"name\":\"Wikborg Rein - Stine Sofies Stiftelse\",\"isPartOf\":{\"@id\":\"https:\\\/\\\/www.stinesofiesstiftelse.no\\\/#website\"},\"primaryImageOfPage\":{\"@id\":\"https:\\\/\\\/www.stinesofiesstiftelse.no\\\/om-oss\\\/samarbeidspartnere\\\/wikborg-rein\\\/#primaryimage\"},\"image\":{\"@id\":\"https:\\\/\\\/www.stinesofiesstiftelse.no\\\/om-oss\\\/samarbeidspartnere\\\/wikborg-rein\\\/#primaryimage\"},\"thumbnailUrl\":\"https:\\\/\\\/www.stinesofiesstiftelse.no\\\/wp-content\\\/uploads\\\/2024\\\/04\\\/Wikborg-ReinDSC07233-1024x683.jpg\",\"datePublished\":\"2024-11-10T20:22:33+00:00\",\"dateModified\":\"2024-11-11T06:38:23+00:00\",\"breadcrumb\":{\"@id\":\"https:\\\/\\\/www.stinesofiesstiftelse.no\\\/om-oss\\\/samarbeidspartnere\\\/wikborg-rein\\\/#breadcrumb\"},\"inLanguage\":\"ar\",\"potentialAction\":[{\"@type\":\"ReadAction\",\"target\":[\"https:\\\/\\\/www.stinesofiesstiftelse.no\\\/om-oss\\\/samarbeidspartnere\\\/wikborg-rein\\\/\"]}]},{\"@type\":\"ImageObject\",\"inLanguage\":\"ar\",\"@id\":\"https:\\\/\\\/www.stinesofiesstiftelse.no\\\/om-oss\\\/samarbeidspartnere\\\/wikborg-rein\\\/#primaryimage\",\"url\":\"https:\\\/\\\/www.stinesofiesstiftelse.no\\\/wp-content\\\/uploads\\\/2024\\\/04\\\/Wikborg-ReinDSC07233-1024x683.jpg\",\"contentUrl\":\"https:\\\/\\\/www.stinesofiesstiftelse.no\\\/wp-content\\\/uploads\\\/2024\\\/04\\\/Wikborg-ReinDSC07233-1024x683.jpg\"},{\"@type\":\"BreadcrumbList\",\"@id\":\"https:\\\/\\\/www.stinesofiesstiftelse.no\\\/om-oss\\\/samarbeidspartnere\\\/wikborg-rein\\\/#breadcrumb\",\"itemListElement\":[{\"@type\":\"ListItem\",\"position\":1,\"name\":\"Hjem\",\"item\":\"https:\\\/\\\/www.stinesofiesstiftelse.no\\\/\"},{\"@type\":\"ListItem\",\"position\":2,\"name\":\"Om oss\",\"item\":\"https:\\\/\\\/www.stinesofiesstiftelse.no\\\/om-oss\\\/\"},{\"@type\":\"ListItem\",\"position\":3,\"name\":\"Samarbeidspartnere\",\"item\":\"https:\\\/\\\/www.stinesofiesstiftelse.no\\\/om-oss\\\/samarbeidspartnere\\\/\"},{\"@type\":\"ListItem\",\"position\":4,\"name\":\"Wikborg Rein\"}]},{\"@type\":\"WebSite\",\"@id\":\"https:\\\/\\\/www.stinesofiesstiftelse.no\\\/#website\",\"url\":\"https:\\\/\\\/www.stinesofiesstiftelse.no\\\/\",\"name\":\"Stine Sofies Stiftelse\",\"description\":\"\",\"publisher\":{\"@id\":\"https:\\\/\\\/www.stinesofiesstiftelse.no\\\/#organization\"},\"potentialAction\":[{\"@type\":\"SearchAction\",\"target\":{\"@type\":\"EntryPoint\",\"urlTemplate\":\"https:\\\/\\\/www.stinesofiesstiftelse.no\\\/?s={search_term_string}\"},\"query-input\":{\"@type\":\"PropertyValueSpecification\",\"valueRequired\":true,\"valueName\":\"search_term_string\"}}],\"inLanguage\":\"ar\"},{\"@type\":\"Organization\",\"@id\":\"https:\\\/\\\/www.stinesofiesstiftelse.no\\\/#organization\",\"name\":\"Stine Sofies Stiftelse\",\"url\":\"https:\\\/\\\/www.stinesofiesstiftelse.no\\\/\",\"logo\":{\"@type\":\"ImageObject\",\"inLanguage\":\"ar\",\"@id\":\"https:\\\/\\\/www.stinesofiesstiftelse.no\\\/#\\\/schema\\\/logo\\\/image\\\/\",\"url\":\"https:\\\/\\\/d1713zmupob0gt.cloudfront.net\\\/wp-content\\\/uploads\\\/2024\\\/10\\\/19093628\\\/cropped-Stine_sofies_stiftelse_logosymbol.png\",\"contentUrl\":\"https:\\\/\\\/d1713zmupob0gt.cloudfront.net\\\/wp-content\\\/uploads\\\/2024\\\/10\\\/19093628\\\/cropped-Stine_sofies_stiftelse_logosymbol.png\",\"width\":512,\"height\":512,\"caption\":\"Stine Sofies Stiftelse\"},\"image\":{\"@id\":\"https:\\\/\\\/www.stinesofiesstiftelse.no\\\/#\\\/schema\\\/logo\\\/image\\\/\"},\"sameAs\":[\"https:\\\/\\\/www.facebook.com\\\/StineSofiesStiftelse\\\/\"]}]}<\/script>\n<!-- \/ Yoast SEO plugin. -->","yoast_head_json":{"title":"Wikborg Rein - Stine Sofies Stiftelse","robots":{"index":"index","follow":"follow","max-snippet":"max-snippet:-1","max-image-preview":"max-image-preview:large","max-video-preview":"max-video-preview:-1"},"canonical":"https:\/\/www.stinesofiesstiftelse.no\/om-oss\/samarbeidspartnere\/wikborg-rein\/","og_locale":"ar_AR","og_type":"article","og_title":"Wikborg Rein - Stine Sofies Stiftelse","og_description":"Siden 2022 har Wikborg Rein v\u00e6rt en viktig samarbeidspartner for Stine Sofies Stiftelse. Sammen etablerte vi Barnas Havarikommisjon, som allerede [&hellip;]","og_url":"https:\/\/www.stinesofiesstiftelse.no\/om-oss\/samarbeidspartnere\/wikborg-rein\/","og_site_name":"Stine Sofies Stiftelse","article_publisher":"https:\/\/www.facebook.com\/StineSofiesStiftelse\/","article_modified_time":"2024-11-11T06:38:23+00:00","og_image":[{"url":"https:\/\/www.stinesofiesstiftelse.no\/wp-content\/uploads\/2024\/04\/Wikborg-ReinDSC07233-1024x683.jpg","type":"","width":"","height":""}],"twitter_card":"summary_large_image","twitter_misc":{"\u0648\u0642\u062a \u0627\u0644\u0642\u0631\u0627\u0621\u0629 \u0627\u0644\u0645\u064f\u0642\u062f\u0651\u0631":"1 \u062f\u0642\u064a\u0642\u0629"},"schema":{"@context":"https:\/\/schema.org","@graph":[{"@type":"WebPage","@id":"https:\/\/www.stinesofiesstiftelse.no\/om-oss\/samarbeidspartnere\/wikborg-rein\/","url":"https:\/\/www.stinesofiesstiftelse.no\/om-oss\/samarbeidspartnere\/wikborg-rein\/","name":"Wikborg Rein - Stine Sofies Stiftelse","isPartOf":{"@id":"https:\/\/www.stinesofiesstiftelse.no\/#website"},"primaryImageOfPage":{"@id":"https:\/\/www.stinesofiesstiftelse.no\/om-oss\/samarbeidspartnere\/wikborg-rein\/#primaryimage"},"image":{"@id":"https:\/\/www.stinesofiesstiftelse.no\/om-oss\/samarbeidspartnere\/wikborg-rein\/#primaryimage"},"thumbnailUrl":"https:\/\/www.stinesofiesstiftelse.no\/wp-content\/uploads\/2024\/04\/Wikborg-ReinDSC07233-1024x683.jpg","datePublished":"2024-11-10T20:22:33+00:00","dateModified":"2024-11-11T06:38:23+00:00","breadcrumb":{"@id":"https:\/\/www.stinesofiesstiftelse.no\/om-oss\/samarbeidspartnere\/wikborg-rein\/#breadcrumb"},"inLanguage":"ar","potentialAction":[{"@type":"ReadAction","target":["https:\/\/www.stinesofiesstiftelse.no\/om-oss\/samarbeidspartnere\/wikborg-rein\/"]}]},{"@type":"ImageObject","inLanguage":"ar","@id":"https:\/\/www.stinesofiesstiftelse.no\/om-oss\/samarbeidspartnere\/wikborg-rein\/#primaryimage","url":"https:\/\/www.stinesofiesstiftelse.no\/wp-content\/uploads\/2024\/04\/Wikborg-ReinDSC07233-1024x683.jpg","contentUrl":"https:\/\/www.stinesofiesstiftelse.no\/wp-content\/uploads\/2024\/04\/Wikborg-ReinDSC07233-1024x683.jpg"},{"@type":"BreadcrumbList","@id":"https:\/\/www.stinesofiesstiftelse.no\/om-oss\/samarbeidspartnere\/wikborg-rein\/#breadcrumb","itemListElement":[{"@type":"ListItem","position":1,"name":"Hjem","item":"https:\/\/www.stinesofiesstiftelse.no\/"},{"@type":"ListItem","position":2,"name":"Om oss","item":"https:\/\/www.stinesofiesstiftelse.no\/om-oss\/"},{"@type":"ListItem","position":3,"name":"Samarbeidspartnere","item":"https:\/\/www.stinesofiesstiftelse.no\/om-oss\/samarbeidspartnere\/"},{"@type":"ListItem","position":4,"name":"Wikborg Rein"}]},{"@type":"WebSite","@id":"https:\/\/www.stinesofiesstiftelse.no\/#website","url":"https:\/\/www.stinesofiesstiftelse.no\/","name":"Stine Sofies Stiftelse","description":"","publisher":{"@id":"https:\/\/www.stinesofiesstiftelse.no\/#organization"},"potentialAction":[{"@type":"SearchAction","target":{"@type":"EntryPoint","urlTemplate":"https:\/\/www.stinesofiesstiftelse.no\/?s={search_term_string}"},"query-input":{"@type":"PropertyValueSpecification","valueRequired":true,"valueName":"search_term_string"}}],"inLanguage":"ar"},{"@type":"Organization","@id":"https:\/\/www.stinesofiesstiftelse.no\/#organization","name":"Stine Sofies Stiftelse","url":"https:\/\/www.stinesofiesstiftelse.no\/","logo":{"@type":"ImageObject","inLanguage":"ar","@id":"https:\/\/www.stinesofiesstiftelse.no\/#\/schema\/logo\/image\/","url":"https:\/\/d1713zmupob0gt.cloudfront.net\/wp-content\/uploads\/2024\/10\/19093628\/cropped-Stine_sofies_stiftelse_logosymbol.png","contentUrl":"https:\/\/d1713zmupob0gt.cloudfront.net\/wp-content\/uploads\/2024\/10\/19093628\/cropped-Stine_sofies_stiftelse_logosymbol.png","width":512,"height":512,"caption":"Stine Sofies Stiftelse"},"image":{"@id":"https:\/\/www.stinesofiesstiftelse.no\/#\/schema\/logo\/image\/"},"sameAs":["https:\/\/www.facebook.com\/StineSofiesStiftelse\/"]}]}},"mfb_rest_fields":["title","yoast_head","yoast_head_json"],"_links":{"self":[{"href":"https:\/\/www.stinesofiesstiftelse.no\/ar\/wp-json\/wp\/v2\/pages\/9677","targetHints":{"allow":["GET"]}}],"collection":[{"href":"https:\/\/www.stinesofiesstiftelse.no\/ar\/wp-json\/wp\/v2\/pages"}],"about":[{"href":"https:\/\/www.stinesofiesstiftelse.no\/ar\/wp-json\/wp\/v2\/types\/page"}],"author":[{"embeddable":true,"href":"https:\/\/www.stinesofiesstiftelse.no\/ar\/wp-json\/wp\/v2\/users\/2"}],"replies":[{"embeddable":true,"href":"https:\/\/www.stinesofiesstiftelse.no\/ar\/wp-json\/wp\/v2\/comments?post=9677"}],"version-history":[{"count":2,"href":"https:\/\/www.stinesofiesstiftelse.no\/ar\/wp-json\/wp\/v2\/pages\/9677\/revisions"}],"predecessor-version":[{"id":9703,"href":"https:\/\/www.stinesofiesstiftelse.no\/ar\/wp-json\/wp\/v2\/pages\/9677\/revisions\/9703"}],"up":[{"embeddable":true,"href":"https:\/\/www.stinesofiesstiftelse.no\/ar\/wp-json\/wp\/v2\/pages\/6969"}],"wp:attachment":[{"href":"https:\/\/www.stinesofiesstiftelse.no\/ar\/wp-json\/wp\/v2\/media?parent=9677"}],"curies":[{"name":"wp","href":"https:\/\/api.w.org\/{rel}","templated":true}]}}