{"id":9675,"date":"2024-11-10T21:21:01","date_gmt":"2024-11-10T20:21:01","guid":{"rendered":"https:\/\/www.stinesofiesstiftelse.no\/?page_id=9675"},"modified":"2024-11-10T21:21:01","modified_gmt":"2024-11-10T20:21:01","slug":"gjensidigestiftelsen","status":"publish","type":"page","link":"https:\/\/www.stinesofiesstiftelse.no\/ar\/om-oss\/samarbeidspartnere\/gjensidigestiftelsen\/","title":{"rendered":"Gjensidigestiftelsen"},"content":{"rendered":"\n<div class=\"wp-block-group alignwide sss-content-header has-global-padding is-layout-constrained wp-block-group-is-layout-constrained\" style=\"margin-top:0;margin-bottom:0\">\n<div class=\"wp-block-group is-layout-flow wp-block-group-is-layout-flow\" style=\"padding-top:4vw;padding-bottom:3vw\"><div class=\"yoast-breadcrumbs\"><span><span><a href=\"https:\/\/www.stinesofiesstiftelse.no\/\">Hjem<\/a><\/span> \u2013 <span><a href=\"https:\/\/www.stinesofiesstiftelse.no\/om-oss\/\">Om oss<\/a><\/span> \u2013 <span><a href=\"https:\/\/www.stinesofiesstiftelse.no\/om-oss\/samarbeidspartnere\/\">Samarbeidspartnere<\/a><\/span> \u2013 <span class=\"breadcrumb_last\" aria-current=\"page\">Gjensidigestiftelsen<\/span><\/span><\/div>\n\n<h1 class=\"is-style-has-blob wp-block-post-title has-text-color has-primary-color\">Gjensidigestiftelsen<\/h1>\n\n\n<p class=\"is-style-leadtext\" style=\"padding-right:0;padding-left:0\">Gjensidigestiftelsen og Stine Sofies Stiftelse har siden 2015 hatt et samarbeid om kompetansehevende tiltak for \u00e5 forebygge og avdekke vold, omsorgssvikt og overgrep mot barn og unge. I 2017 inngikk Gjensidigestiftelsen en samarbeidsavtale med Stine Sofies Stiftelse.\u00a0<\/p>\n<\/div>\n<\/div>\n\n\n\n<p>Form\u00e5let med samarbeidet er \u00e5 bruke et livsl\u00f8psperspektiv til \u00e5 utvikle tiltak for \u00e5 forebygge og avdekke vold og overgrep mot barn \u2013 og ivareta de utsatte barna og deres omsorgspersoner. Forel\u00f8pig er det utvikler fire ulike prosjekter i Livsl\u00f8psprogrammet: <a href=\"https:\/\/www.stinesofiesstiftelse.no\/hva-vi-gjor\/stine-sofie-foreldrepakke\/\">Stine Sofie Foreldrepakke<\/a>, <a href=\"https:\/\/www.stinesofiesstiftelse.no\/hva-vi-gjor\/stine-sofie-barnehagepakke\/\">Stine Sofie Barnehagepakke<\/a>, Stine Sofie Hverdagspakke og Stine Sofie Skolepakke, samt gitt st\u00f8tte til den norske <a href=\"https:\/\/www.stinesofiesstiftelse.no\/hva-vi-gjor\/forskning-og-utvikling\/\">trippel S studien<\/a>.&nbsp;<\/p>\n\n\n\n<p><a href=\"https:\/\/www.gjensidigestiftelsen.no\">Les mer om Gjensidigestiftelsen her.<\/a> <\/p>\n\n\n\n<p><\/p>\n\n\n\n<p><\/p>\n","protected":false},"excerpt":{"rendered":"<p>Gjensidigestiftelsen og Stine Sofies Stiftelse har siden 2015 hatt et samarbeid om kompetansehevende tiltak for \u00e5 forebygge og avdekke vold, [&hellip;]<\/p>\n","protected":false},"author":2,"featured_media":0,"parent":6969,"menu_order":0,"comment_status":"closed","ping_status":"closed","template":"","meta":{"_acf_changed":false,"inline_featured_image":false,"footnotes":""},"class_list":["post-9675","page","type-page","status-publish","hentry"],"acf":[],"mb":[],"yoast_head":"<!-- This site is optimized with the Yoast SEO plugin v27.3 - https:\/\/yoast.com\/product\/yoast-seo-wordpress\/ -->\n<title>Gjensidigestiftelsen - Stine Sofies Stiftelse<\/title>\n<meta name=\"robots\" content=\"index, follow, max-snippet:-1, max-image-preview:large, max-video-preview:-1\" \/>\n<link rel=\"canonical\" href=\"https:\/\/www.stinesofiesstiftelse.no\/om-oss\/samarbeidspartnere\/gjensidigestiftelsen\/\" \/>\n<meta property=\"og:locale\" content=\"ar_AR\" \/>\n<meta property=\"og:type\" content=\"article\" \/>\n<meta property=\"og:title\" content=\"Gjensidigestiftelsen - Stine Sofies Stiftelse\" \/>\n<meta property=\"og:description\" content=\"Gjensidigestiftelsen og Stine Sofies Stiftelse har siden 2015 hatt et samarbeid om kompetansehevende tiltak for \u00e5 forebygge og avdekke vold, [&hellip;]\" \/>\n<meta property=\"og:url\" content=\"https:\/\/www.stinesofiesstiftelse.no\/om-oss\/samarbeidspartnere\/gjensidigestiftelsen\/\" \/>\n<meta property=\"og:site_name\" content=\"Stine Sofies Stiftelse\" \/>\n<meta property=\"article:publisher\" content=\"https:\/\/www.facebook.com\/StineSofiesStiftelse\/\" \/>\n<meta name=\"twitter:card\" content=\"summary_large_image\" \/>\n<meta name=\"twitter:label1\" content=\"\u0648\u0642\u062a \u0627\u0644\u0642\u0631\u0627\u0621\u0629 \u0627\u0644\u0645\u064f\u0642\u062f\u0651\u0631\" \/>\n\t<meta name=\"twitter:data1\" content=\"1 \u062f\u0642\u064a\u0642\u0629\" \/>\n<script type=\"application\/ld+json\" class=\"yoast-schema-graph\">{\"@context\":\"https:\\\/\\\/schema.org\",\"@graph\":[{\"@type\":\"WebPage\",\"@id\":\"https:\\\/\\\/www.stinesofiesstiftelse.no\\\/om-oss\\\/samarbeidspartnere\\\/gjensidigestiftelsen\\\/\",\"url\":\"https:\\\/\\\/www.stinesofiesstiftelse.no\\\/om-oss\\\/samarbeidspartnere\\\/gjensidigestiftelsen\\\/\",\"name\":\"Gjensidigestiftelsen - Stine Sofies Stiftelse\",\"isPartOf\":{\"@id\":\"https:\\\/\\\/www.stinesofiesstiftelse.no\\\/#website\"},\"datePublished\":\"2024-11-10T20:21:01+00:00\",\"breadcrumb\":{\"@id\":\"https:\\\/\\\/www.stinesofiesstiftelse.no\\\/om-oss\\\/samarbeidspartnere\\\/gjensidigestiftelsen\\\/#breadcrumb\"},\"inLanguage\":\"ar\",\"potentialAction\":[{\"@type\":\"ReadAction\",\"target\":[\"https:\\\/\\\/www.stinesofiesstiftelse.no\\\/om-oss\\\/samarbeidspartnere\\\/gjensidigestiftelsen\\\/\"]}]},{\"@type\":\"BreadcrumbList\",\"@id\":\"https:\\\/\\\/www.stinesofiesstiftelse.no\\\/om-oss\\\/samarbeidspartnere\\\/gjensidigestiftelsen\\\/#breadcrumb\",\"itemListElement\":[{\"@type\":\"ListItem\",\"position\":1,\"name\":\"Hjem\",\"item\":\"https:\\\/\\\/www.stinesofiesstiftelse.no\\\/\"},{\"@type\":\"ListItem\",\"position\":2,\"name\":\"Om oss\",\"item\":\"https:\\\/\\\/www.stinesofiesstiftelse.no\\\/om-oss\\\/\"},{\"@type\":\"ListItem\",\"position\":3,\"name\":\"Samarbeidspartnere\",\"item\":\"https:\\\/\\\/www.stinesofiesstiftelse.no\\\/om-oss\\\/samarbeidspartnere\\\/\"},{\"@type\":\"ListItem\",\"position\":4,\"name\":\"Gjensidigestiftelsen\"}]},{\"@type\":\"WebSite\",\"@id\":\"https:\\\/\\\/www.stinesofiesstiftelse.no\\\/#website\",\"url\":\"https:\\\/\\\/www.stinesofiesstiftelse.no\\\/\",\"name\":\"Stine Sofies Stiftelse\",\"description\":\"\",\"publisher\":{\"@id\":\"https:\\\/\\\/www.stinesofiesstiftelse.no\\\/#organization\"},\"potentialAction\":[{\"@type\":\"SearchAction\",\"target\":{\"@type\":\"EntryPoint\",\"urlTemplate\":\"https:\\\/\\\/www.stinesofiesstiftelse.no\\\/?s={search_term_string}\"},\"query-input\":{\"@type\":\"PropertyValueSpecification\",\"valueRequired\":true,\"valueName\":\"search_term_string\"}}],\"inLanguage\":\"ar\"},{\"@type\":\"Organization\",\"@id\":\"https:\\\/\\\/www.stinesofiesstiftelse.no\\\/#organization\",\"name\":\"Stine Sofies Stiftelse\",\"url\":\"https:\\\/\\\/www.stinesofiesstiftelse.no\\\/\",\"logo\":{\"@type\":\"ImageObject\",\"inLanguage\":\"ar\",\"@id\":\"https:\\\/\\\/www.stinesofiesstiftelse.no\\\/#\\\/schema\\\/logo\\\/image\\\/\",\"url\":\"https:\\\/\\\/d1713zmupob0gt.cloudfront.net\\\/wp-content\\\/uploads\\\/2024\\\/10\\\/19093628\\\/cropped-Stine_sofies_stiftelse_logosymbol.png\",\"contentUrl\":\"https:\\\/\\\/d1713zmupob0gt.cloudfront.net\\\/wp-content\\\/uploads\\\/2024\\\/10\\\/19093628\\\/cropped-Stine_sofies_stiftelse_logosymbol.png\",\"width\":512,\"height\":512,\"caption\":\"Stine Sofies Stiftelse\"},\"image\":{\"@id\":\"https:\\\/\\\/www.stinesofiesstiftelse.no\\\/#\\\/schema\\\/logo\\\/image\\\/\"},\"sameAs\":[\"https:\\\/\\\/www.facebook.com\\\/StineSofiesStiftelse\\\/\"]}]}<\/script>\n<!-- \/ Yoast SEO plugin. -->","yoast_head_json":{"title":"Gjensidigestiftelsen - Stine Sofies Stiftelse","robots":{"index":"index","follow":"follow","max-snippet":"max-snippet:-1","max-image-preview":"max-image-preview:large","max-video-preview":"max-video-preview:-1"},"canonical":"https:\/\/www.stinesofiesstiftelse.no\/om-oss\/samarbeidspartnere\/gjensidigestiftelsen\/","og_locale":"ar_AR","og_type":"article","og_title":"Gjensidigestiftelsen - Stine Sofies Stiftelse","og_description":"Gjensidigestiftelsen og Stine Sofies Stiftelse har siden 2015 hatt et samarbeid om kompetansehevende tiltak for \u00e5 forebygge og avdekke vold, [&hellip;]","og_url":"https:\/\/www.stinesofiesstiftelse.no\/om-oss\/samarbeidspartnere\/gjensidigestiftelsen\/","og_site_name":"Stine Sofies Stiftelse","article_publisher":"https:\/\/www.facebook.com\/StineSofiesStiftelse\/","twitter_card":"summary_large_image","twitter_misc":{"\u0648\u0642\u062a \u0627\u0644\u0642\u0631\u0627\u0621\u0629 \u0627\u0644\u0645\u064f\u0642\u062f\u0651\u0631":"1 \u062f\u0642\u064a\u0642\u0629"},"schema":{"@context":"https:\/\/schema.org","@graph":[{"@type":"WebPage","@id":"https:\/\/www.stinesofiesstiftelse.no\/om-oss\/samarbeidspartnere\/gjensidigestiftelsen\/","url":"https:\/\/www.stinesofiesstiftelse.no\/om-oss\/samarbeidspartnere\/gjensidigestiftelsen\/","name":"Gjensidigestiftelsen - Stine Sofies Stiftelse","isPartOf":{"@id":"https:\/\/www.stinesofiesstiftelse.no\/#website"},"datePublished":"2024-11-10T20:21:01+00:00","breadcrumb":{"@id":"https:\/\/www.stinesofiesstiftelse.no\/om-oss\/samarbeidspartnere\/gjensidigestiftelsen\/#breadcrumb"},"inLanguage":"ar","potentialAction":[{"@type":"ReadAction","target":["https:\/\/www.stinesofiesstiftelse.no\/om-oss\/samarbeidspartnere\/gjensidigestiftelsen\/"]}]},{"@type":"BreadcrumbList","@id":"https:\/\/www.stinesofiesstiftelse.no\/om-oss\/samarbeidspartnere\/gjensidigestiftelsen\/#breadcrumb","itemListElement":[{"@type":"ListItem","position":1,"name":"Hjem","item":"https:\/\/www.stinesofiesstiftelse.no\/"},{"@type":"ListItem","position":2,"name":"Om oss","item":"https:\/\/www.stinesofiesstiftelse.no\/om-oss\/"},{"@type":"ListItem","position":3,"name":"Samarbeidspartnere","item":"https:\/\/www.stinesofiesstiftelse.no\/om-oss\/samarbeidspartnere\/"},{"@type":"ListItem","position":4,"name":"Gjensidigestiftelsen"}]},{"@type":"WebSite","@id":"https:\/\/www.stinesofiesstiftelse.no\/#website","url":"https:\/\/www.stinesofiesstiftelse.no\/","name":"Stine Sofies Stiftelse","description":"","publisher":{"@id":"https:\/\/www.stinesofiesstiftelse.no\/#organization"},"potentialAction":[{"@type":"SearchAction","target":{"@type":"EntryPoint","urlTemplate":"https:\/\/www.stinesofiesstiftelse.no\/?s={search_term_string}"},"query-input":{"@type":"PropertyValueSpecification","valueRequired":true,"valueName":"search_term_string"}}],"inLanguage":"ar"},{"@type":"Organization","@id":"https:\/\/www.stinesofiesstiftelse.no\/#organization","name":"Stine Sofies Stiftelse","url":"https:\/\/www.stinesofiesstiftelse.no\/","logo":{"@type":"ImageObject","inLanguage":"ar","@id":"https:\/\/www.stinesofiesstiftelse.no\/#\/schema\/logo\/image\/","url":"https:\/\/d1713zmupob0gt.cloudfront.net\/wp-content\/uploads\/2024\/10\/19093628\/cropped-Stine_sofies_stiftelse_logosymbol.png","contentUrl":"https:\/\/d1713zmupob0gt.cloudfront.net\/wp-content\/uploads\/2024\/10\/19093628\/cropped-Stine_sofies_stiftelse_logosymbol.png","width":512,"height":512,"caption":"Stine Sofies Stiftelse"},"image":{"@id":"https:\/\/www.stinesofiesstiftelse.no\/#\/schema\/logo\/image\/"},"sameAs":["https:\/\/www.facebook.com\/StineSofiesStiftelse\/"]}]}},"mfb_rest_fields":["title","yoast_head","yoast_head_json"],"_links":{"self":[{"href":"https:\/\/www.stinesofiesstiftelse.no\/ar\/wp-json\/wp\/v2\/pages\/9675","targetHints":{"allow":["GET"]}}],"collection":[{"href":"https:\/\/www.stinesofiesstiftelse.no\/ar\/wp-json\/wp\/v2\/pages"}],"about":[{"href":"https:\/\/www.stinesofiesstiftelse.no\/ar\/wp-json\/wp\/v2\/types\/page"}],"author":[{"embeddable":true,"href":"https:\/\/www.stinesofiesstiftelse.no\/ar\/wp-json\/wp\/v2\/users\/2"}],"replies":[{"embeddable":true,"href":"https:\/\/www.stinesofiesstiftelse.no\/ar\/wp-json\/wp\/v2\/comments?post=9675"}],"version-history":[{"count":1,"href":"https:\/\/www.stinesofiesstiftelse.no\/ar\/wp-json\/wp\/v2\/pages\/9675\/revisions"}],"predecessor-version":[{"id":9676,"href":"https:\/\/www.stinesofiesstiftelse.no\/ar\/wp-json\/wp\/v2\/pages\/9675\/revisions\/9676"}],"up":[{"embeddable":true,"href":"https:\/\/www.stinesofiesstiftelse.no\/ar\/wp-json\/wp\/v2\/pages\/6969"}],"wp:attachment":[{"href":"https:\/\/www.stinesofiesstiftelse.no\/ar\/wp-json\/wp\/v2\/media?parent=9675"}],"curies":[{"name":"wp","href":"https:\/\/api.w.org\/{rel}","templated":true}]}}