{"id":362,"date":"2023-06-15T11:56:14","date_gmt":"2023-06-15T11:56:14","guid":{"rendered":"https:\/\/www.stinesofiesstiftelse.no\/?page_id=362"},"modified":"2026-01-07T21:07:03","modified_gmt":"2026-01-07T20:07:03","slug":"om-oss","status":"publish","type":"page","link":"https:\/\/www.stinesofiesstiftelse.no\/ar\/om-oss\/","title":{"rendered":"Om oss"},"content":{"rendered":"\n<div class=\"wp-block-group alignfull sss-content-header has-global-padding is-layout-constrained wp-block-group-is-layout-constrained\" style=\"margin-top:0;margin-bottom:0\">\n<div class=\"wp-block-columns hero-offset alignfull has-secondary-background-color has-background is-layout-flex wp-container-core-columns-is-layout-2e14fe5f wp-block-columns-is-layout-flex\" style=\"padding-right:0;padding-left:0\">\n<div class=\"wp-block-column is-vertically-aligned-top hero-offset-text has-global-padding is-content-justification-right is-layout-constrained wp-container-core-column-is-layout-16594981 wp-block-column-is-layout-constrained\" style=\"padding-top:4vw;padding-right:var(--wp--preset--spacing--80);padding-bottom:0;padding-left:var(--wp--preset--spacing--80);flex-basis:50%\">\n<h1 class=\"wp-block-heading is-style-has-blob has-primary-color has-text-color\" style=\"padding-right:var(--wp--preset--spacing--40)\">Om Stine Sofies Stiftelse<\/h1>\n\n\n\n<p>Stine Sofies Stiftelse ble etablert etter at vennene Stine Sofie (8) og Lena (10) ble voldtatt og drept i Baneheia i Kristiansand i 2000. <br><br>V\u00e5rt m\u00e5l er at alle barn skal ha en trygg barndom &#8211; uten vold og overgrep. <\/p>\n\n\n\n<section class=\"align wp-block-aptum-pagelinker\" id=\"block_c291ce8a630775ed4714ae395474df9b\">\n\n<div class=\"wp-block-aptum-pagelinker__inner columns-2\">\n\t\t<div class=\"wp-block-aptum-pagelinker__grid\">\n\n\t\t\t\t\t\t\t\t\t\t\t\t\t\t<a class=\"wp-block-aptum-pagelinker__item\" href=\"https:\/\/www.stinesofiesstiftelse.no\/om-oss\/kontakt-oss\/\" target=\"_self\">\n\t\t\t\t\t\t\t\t\t\t\t\t\t\t<div class=\"wp-block-aptum-pagelinker__content\">\n\t\t\t\t\t\t\t\t\t\t\t\t\t\t\t\t<div class=\"wp-block-aptum-pagelinker__text\">\n\t\t\t\t\t\t\t\t\t<h3 class=\"wp-block-aptum-pagelinker__title \">Kontakt oss<i class=\"wp-block-aptum-pagelinker__arrow\"><\/i><\/h3>\n\t\t\t\t\t\t\t\t\t\t\t\t\t\t\t\t\t\t\t<p class=\"wp-block-aptum-pagelinker__excerpt\">Lurer du p\u00e5 noe? Kontakt oss gjerne.<\/p>\n\t\t\t\t\t\t\t\t\t\t\t\t\t\t\t\t\t<\/div>\n\t\t\t\t\t\t\t<\/div>\n\t\t\t\t\t\t<\/a>\n\t\t\t\t\t\t\t\t\t\t\t\t\t\t\t\t\t\t\t\t\t<a class=\"wp-block-aptum-pagelinker__item\" href=\"https:\/\/www.stinesofiesstiftelse.no\/ar\/ansatte\/\" target=\"_self\">\n\t\t\t\t\t\t\t\t\t\t\t\t\t\t<div class=\"wp-block-aptum-pagelinker__content\">\n\t\t\t\t\t\t\t\t\t\t\t\t\t\t\t\t<div class=\"wp-block-aptum-pagelinker__text\">\n\t\t\t\t\t\t\t\t\t<h3 class=\"wp-block-aptum-pagelinker__title \">Ansatte<i class=\"wp-block-aptum-pagelinker__arrow\"><\/i><\/h3>\n\t\t\t\t\t\t\t\t\t\t\t\t\t\t\t\t\t\t\t<p class=\"wp-block-aptum-pagelinker__excerpt\">M\u00f8t menneskene som jobber i Stine Sofies Stiftelse.<\/p>\n\t\t\t\t\t\t\t\t\t\t\t\t\t\t\t\t\t<\/div>\n\t\t\t\t\t\t\t<\/div>\n\t\t\t\t\t\t<\/a>\n\t\t\t\t\t\t\t\t\t\t\t<\/div>\n<\/div>\n\n<\/section>\n<\/div>\n\n\n\n<div class=\"wp-block-column is-vertically-aligned-top align-self-auto hero-offset-image is-layout-flow wp-container-core-column-is-layout-7f7909eb wp-block-column-is-layout-flow\" style=\"border-style:none;border-width:0px;padding-top:0px;padding-right:0px;padding-bottom:0px;padding-left:0px;flex-basis:50%\">\n<figure class=\"wp-block-image size-full is-resized twocol-img min-width-100 min-height-100 max-height-620px\"><img loading=\"lazy\" decoding=\"async\" width=\"1193\" height=\"750\" src=\"https:\/\/d1713zmupob0gt.cloudfront.net\/wp-content\/uploads\/2026\/01\/05142909\/ada-og-stine-sofie.png\" alt=\"\" class=\"wp-image-12677\" srcset=\"https:\/\/d1713zmupob0gt.cloudfront.net\/wp-content\/uploads\/2026\/01\/05142909\/ada-og-stine-sofie.png 1193w, https:\/\/d1713zmupob0gt.cloudfront.net\/wp-content\/uploads\/2026\/01\/05142909\/ada-og-stine-sofie-300x189.png 300w, https:\/\/d1713zmupob0gt.cloudfront.net\/wp-content\/uploads\/2026\/01\/05142909\/ada-og-stine-sofie-1024x644.png 1024w, https:\/\/d1713zmupob0gt.cloudfront.net\/wp-content\/uploads\/2026\/01\/05142909\/ada-og-stine-sofie-768x483.png 768w\" sizes=\"auto, (max-width: 1193px) 100vw, 1193px\" \/><figcaption class=\"wp-element-caption\">Stine Sofie, sammen med mamma Ada Sofie og lilles\u00f8ster.<\/figcaption><\/figure>\n<\/div>\n<\/div>\n<\/div>\n\n\n\n<div class=\"wp-block-group is-layout-flow wp-block-group-is-layout-flow\" style=\"margin-top:var(--wp--preset--spacing--70);margin-bottom:var(--wp--preset--spacing--70)\">\n<p><em>\u201cDersom Stine Sofie og Lena hadde overlevd voldtektene den gangen, ville tiden i etterkant v\u00e6rt t\u00f8ff. Folk ville unng\u00e5tt \u00e5 snakke om det som skjedde,&#8221;&nbsp;<\/em> har Stine Sofies mamma, Ada Sofie Austegard sagt. <\/p>\n\n\n\n<p>Mange barn og unge i Norge utsettes for overgrep eller vold. Dette er et betydelig folkehelseproblem. Det ang\u00e5r oss alle hvordan hvert barn og hver ungdom har det.<\/p>\n\n\n\n<p>Som samfunn er vi ikke i m\u00e5l f\u00f8r alle har en barndom som er trygg, uten vold eller overgrep.<\/p>\n\n\n\n<p>Stine Sofies Siftelse skal v\u00e6re stemmen til volds- og overgrepsutsatte barn. Deres rettssikkerhet og h\u00e5ndhevelsen av rettighetene deres, er for svak. Derfor jobber vi for \u00e5 endre lover og retningslinjer knyttet til barns rettigheter.<\/p>\n\n\n\n<p>For \u00e5 forebygge og avdekke vold og overgrep, har vi egne oppl\u00e6ringsprogram for nybakte foreldre og barnehageansatte.<\/p>\n\n\n\n<p>For dem som er rammet, har vi startet Stine Sofie Senteret. Her gir vi dem og deres omsorgspersoner l\u00e6ring, mestring og samhold som gj\u00f8r hverdagen litt lettere etterp\u00e5. Og vi forsker for \u00e5 f\u00e5 mer kunnskap og bedre hjelp.<\/p>\n\n\n\n<p>Det er \u00e9n ting vi aldri gir oss p\u00e5: Vi st\u00e5r alltid p\u00e5 barnas side.<\/p>\n<\/div>\n\n\n\n<section class=\"align wp-block-aptum-pagelinker\" id=\"block_596c142b8b1e58d9ca2e40ad6168d290\">\n\n<div class=\"wp-block-aptum-pagelinker__inner columns-2 item-bg\">\n\t\t<div class=\"wp-block-aptum-pagelinker__grid\">\n\n\t\t\t\t\t\t\t\t\t\t\t\t\t\t<a class=\"wp-block-aptum-pagelinker__item\" href=\"https:\/\/www.stinesofiesstiftelse.no\/ar\/om-oss\/historien\/\" target=\"_self\">\n\t\t\t\t\t\t\t\t\t\t\t\t\t\t<div class=\"wp-block-aptum-pagelinker__content\">\n\t\t\t\t\t\t\t\t\t\t\t\t\t\t\t\t<div class=\"wp-block-aptum-pagelinker__text\">\n\t\t\t\t\t\t\t\t\t<h3 class=\"wp-block-aptum-pagelinker__title \">Historien<i class=\"wp-block-aptum-pagelinker__arrow\"><\/i><\/h3>\n\t\t\t\t\t\t\t\t\t\t\t\t\t\t\t\t\t\t\t<p class=\"wp-block-aptum-pagelinker__excerpt\">Stine Sofies Stiftelse ble etablert etter at Stine Sofie (8) og Lena (10) ble brut&#8230;<\/p>\n\t\t\t\t\t\t\t\t\t\t\t\t\t\t\t\t\t<\/div>\n\t\t\t\t\t\t\t<\/div>\n\t\t\t\t\t\t<\/a>\n\t\t\t\t\t\t\t\t\t\t\t\t\t\t\t\t\t\t\t\t\t<a class=\"wp-block-aptum-pagelinker__item\" href=\"https:\/\/www.stinesofiesstiftelse.no\/om-oss\/hvem-var-stine-sofie\/\" target=\"_self\">\n\t\t\t\t\t\t\t\t\t\t\t\t\t\t<div class=\"wp-block-aptum-pagelinker__content\">\n\t\t\t\t\t\t\t\t\t\t\t\t\t\t\t\t<div class=\"wp-block-aptum-pagelinker__text\">\n\t\t\t\t\t\t\t\t\t<h3 class=\"wp-block-aptum-pagelinker__title \">Hvem var Stine Sofie?<i class=\"wp-block-aptum-pagelinker__arrow\"><\/i><\/h3>\n\t\t\t\t\t\t\t\t\t\t\t\t\t\t\t\t\t\t\t<p class=\"wp-block-aptum-pagelinker__excerpt\">Bli kjent med jenta som er opphavet til stiftelsen.<\/p>\n\t\t\t\t\t\t\t\t\t\t\t\t\t\t\t\t\t<\/div>\n\t\t\t\t\t\t\t<\/div>\n\t\t\t\t\t\t<\/a>\n\t\t\t\t\t\t\t\t\t\t\t\t\t\t\t\t\t\t\t\t\t<a class=\"wp-block-aptum-pagelinker__item\" href=\"https:\/\/www.stinesofiesstiftelse.no\/om-oss\/organisasjonen-og-styret\/\" target=\"_self\">\n\t\t\t\t\t\t\t\t\t\t\t\t\t\t<div class=\"wp-block-aptum-pagelinker__content\">\n\t\t\t\t\t\t\t\t\t\t\t\t\t\t\t\t<div class=\"wp-block-aptum-pagelinker__text\">\n\t\t\t\t\t\t\t\t\t<h3 class=\"wp-block-aptum-pagelinker__title \">Organisering<i class=\"wp-block-aptum-pagelinker__arrow\"><\/i><\/h3>\n\t\t\t\t\t\t\t\t\t\t\t\t\t\t\t\t\t\t\t<p class=\"wp-block-aptum-pagelinker__excerpt\">Vi er en ideell virksomhet organisert som en privat stiftelse.<\/p>\n\t\t\t\t\t\t\t\t\t\t\t\t\t\t\t\t\t<\/div>\n\t\t\t\t\t\t\t<\/div>\n\t\t\t\t\t\t<\/a>\n\t\t\t\t\t\t\t\t\t\t\t\t\t\t\t\t\t\t\t\t\t<a class=\"wp-block-aptum-pagelinker__item\" href=\"https:\/\/www.stinesofiesstiftelse.no\/om-oss\/samarbeidspartnere\/\" target=\"_self\">\n\t\t\t\t\t\t\t\t\t\t\t\t\t\t<div class=\"wp-block-aptum-pagelinker__content\">\n\t\t\t\t\t\t\t\t\t\t\t\t\t\t\t\t<div class=\"wp-block-aptum-pagelinker__text\">\n\t\t\t\t\t\t\t\t\t<h3 class=\"wp-block-aptum-pagelinker__title \">Samarbeidspartnere<i class=\"wp-block-aptum-pagelinker__arrow\"><\/i><\/h3>\n\t\t\t\t\t\t\t\t\t\t\t\t\t\t\t\t\t\t\t<p class=\"wp-block-aptum-pagelinker__excerpt\">V\u00e5r viktigste partnere styrker fagfeltet og organisasjonen v\u00e5r.<\/p>\n\t\t\t\t\t\t\t\t\t\t\t\t\t\t\t\t\t<\/div>\n\t\t\t\t\t\t\t<\/div>\n\t\t\t\t\t\t<\/a>\n\t\t\t\t\t\t\t\t\t\t\t\t\t\t\t\t\t\t\t\t\t<a class=\"wp-block-aptum-pagelinker__item\" href=\"https:\/\/www.stinesofiesstiftelse.no\/ar\/om-oss\/faglig-plattform\/\" target=\"_self\">\n\t\t\t\t\t\t\t\t\t\t\t\t\t\t<div class=\"wp-block-aptum-pagelinker__content\">\n\t\t\t\t\t\t\t\t\t\t\t\t\t\t\t\t<div class=\"wp-block-aptum-pagelinker__text\">\n\t\t\t\t\t\t\t\t\t<h3 class=\"wp-block-aptum-pagelinker__title \">Faglig plattform<i class=\"wp-block-aptum-pagelinker__arrow\"><\/i><\/h3>\n\t\t\t\t\t\t\t\t\t\t\t\t\t\t\t\t\t\t\t<p class=\"wp-block-aptum-pagelinker__excerpt\">Stine Sofies Stiftelse jobber for en trygg barndom, uten vold og overgrep. Her kan&#8230;<\/p>\n\t\t\t\t\t\t\t\t\t\t\t\t\t\t\t\t\t<\/div>\n\t\t\t\t\t\t\t<\/div>\n\t\t\t\t\t\t<\/a>\n\t\t\t\t\t\t\t\t\t\t\t\t\t\t\t\t\t\t\t\t\t\t\t\t\t\t\t\t\t\t\t<a class=\"wp-block-aptum-pagelinker__item\" href=\"https:\/\/www.stinesofiesstiftelse.no\/om-oss\/stine-sofies-barnerettspris\/\" target=\"_self\">\n\t\t\t\t\t\t\t\t\t\t\t\t\t\t<div class=\"wp-block-aptum-pagelinker__content\">\n\t\t\t\t\t\t\t\t\t\t\t\t\t\t\t\t<div class=\"wp-block-aptum-pagelinker__text\">\n\t\t\t\t\t\t\t\t\t<h3 class=\"wp-block-aptum-pagelinker__title \">Stine Sofies Barnerettspris<i class=\"wp-block-aptum-pagelinker__arrow\"><\/i><\/h3>\n\t\t\t\t\t\t\t\t\t\t\t\t\t\t\t\t\t\t\t<p class=\"wp-block-aptum-pagelinker__excerpt\">Tildeles noen som arbeider fremragende for en barndom uten vold og overgrep.<\/p>\n\t\t\t\t\t\t\t\t\t\t\t\t\t\t\t\t\t<\/div>\n\t\t\t\t\t\t\t<\/div>\n\t\t\t\t\t\t<\/a>\n\t\t\t\t\t\t\t\t\t\t\t\t\t\t\t\t\t\t\t\t\t<a class=\"wp-block-aptum-pagelinker__item\" href=\"https:\/\/www.stinesofiesstiftelse.no\/ar\/vart-arbeid\/\" target=\"_self\">\n\t\t\t\t\t\t\t\t\t\t\t\t\t\t<div class=\"wp-block-aptum-pagelinker__content\">\n\t\t\t\t\t\t\t\t\t\t\t\t\t\t\t\t<div class=\"wp-block-aptum-pagelinker__text\">\n\t\t\t\t\t\t\t\t\t<h3 class=\"wp-block-aptum-pagelinker__title \">V\u00e5rt arbeid<i class=\"wp-block-aptum-pagelinker__arrow\"><\/i><\/h3>\n\t\t\t\t\t\t\t\t\t\t\t\t\t\t\t\t\t\t\t<p class=\"wp-block-aptum-pagelinker__excerpt\">Vi er modige, kompromissl\u00f8se og alltid p\u00e5 barnas side.<\/p>\n\t\t\t\t\t\t\t\t\t\t\t\t\t\t\t\t\t<\/div>\n\t\t\t\t\t\t\t<\/div>\n\t\t\t\t\t\t<\/a>\n\t\t\t\t\t\t\t\t\t\t\t<\/div>\n<\/div>\n\n<\/section>\n\n\n\n<section class=\"alignwide wp-block-aptum-pagelinker\" id=\"block_0ca47942364c4ee6116b31fbdb4f175b\">\n\n<div class=\"wp-block-aptum-pagelinker__inner alignwide columns-3\">\n\t\t<div class=\"wp-block-aptum-pagelinker__grid\">\n\n\t\t\t\t\t\t\t\t\t\t\t\t\t\t<\/div>\n<\/div>\n\n<\/section>\n\n\n\n<div class=\"wp-block-columns alignwide sss-image-text has-secondary-background-color has-background is-layout-flex wp-container-core-columns-is-layout-60282ebd wp-block-columns-is-layout-flex\" style=\"border-radius:4px;margin-top:var(--wp--preset--spacing--70);padding-top:0;padding-right:0;padding-bottom:0;padding-left:0\">\n<div class=\"wp-block-column is-layout-flow wp-block-column-is-layout-flow\">\n<div class=\"wp-block-cover is-light no-min-height height-100\"><img loading=\"lazy\" decoding=\"async\" width=\"800\" height=\"450\" class=\"wp-block-cover__image-background wp-image-12679 size-full\" alt=\"\" src=\"https:\/\/d1713zmupob0gt.cloudfront.net\/wp-content\/uploads\/2026\/01\/05143743\/Ansatte-2-2024-edited.jpg\" data-object-fit=\"cover\" srcset=\"https:\/\/d1713zmupob0gt.cloudfront.net\/wp-content\/uploads\/2026\/01\/05143743\/Ansatte-2-2024-edited.jpg 800w, https:\/\/d1713zmupob0gt.cloudfront.net\/wp-content\/uploads\/2026\/01\/05143743\/Ansatte-2-2024-edited-300x169.jpg 300w, https:\/\/d1713zmupob0gt.cloudfront.net\/wp-content\/uploads\/2026\/01\/05143743\/Ansatte-2-2024-edited-768x432.jpg 768w\" sizes=\"auto, (max-width: 800px) 100vw, 800px\" \/><span aria-hidden=\"true\" class=\"wp-block-cover__background has-background-dim-0 has-background-dim\" style=\"background-color:#FFF\"><\/span><div class=\"wp-block-cover__inner-container is-layout-flow wp-block-cover-is-layout-flow\">\n<p><\/p>\n<\/div><\/div>\n<\/div>\n\n\n\n<div class=\"wp-block-column is-layout-flow wp-block-column-is-layout-flow\" style=\"padding-top:var(--wp--preset--spacing--50);padding-right:0;padding-bottom:var(--wp--preset--spacing--50);padding-left:0\">\n<div class=\"wp-block-group has-global-padding is-content-justification-left is-layout-constrained wp-container-core-group-is-layout-00dfd91b wp-block-group-is-layout-constrained\" style=\"padding-right:var(--wp--preset--spacing--30)\">\n<h2 class=\"wp-block-heading\">Kontakt oss<\/h2>\n\n\n\n<div class=\"wp-block-columns is-layout-flex wp-container-core-columns-is-layout-28f84493 wp-block-columns-is-layout-flex\">\n<div class=\"wp-block-column is-layout-flow wp-block-column-is-layout-flow\">\n<p><strong>Gratis juridisk veiledning<\/strong><br>37 29 40 90<br><a class=\"absconditus\" data-absconditus-a=\"yvnz\" data-absconditus-b=\"fgvarfbsvrffgvsgryfr.ab\" href=\"#\">juridisk@stinesofiesstiftelse.no<\/a><\/p>\n<\/div>\n\n\n\n<div class=\"wp-block-column is-layout-flow wp-block-column-is-layout-flow\">\n<p><strong>S<strong>tine Sofie Sentere<\/strong>t<\/strong><br>37 29 40 90 <a class=\"absconditus\" data-absconditus-a=\"gfbc\" data-absconditus-b=\"fgvarfbsvrfragrerg.ab\" href=\"#\"><span data-absconditus-placeholder=\"etepootsrost@.iiesefnnenst\"><\/span><\/a><\/p>\n<\/div>\n<\/div>\n\n\n\n<div class=\"wp-block-columns is-layout-flex wp-container-core-columns-is-layout-28f84493 wp-block-columns-is-layout-flex\">\n<div class=\"wp-block-column is-layout-flow wp-block-column-is-layout-flow\">\n<p><strong>Andre henvendelser<\/strong><br>&nbsp;37 29 40 90 <a class=\"absconditus\" data-absconditus-a=\"gfbc\" data-absconditus-b=\"fgvarfbsvrffgvsgryfr.ab\" href=\"#\"><span data-absconditus-placeholder=\"ssolt.enitntfsiisps@eoeotfes\"><\/span><\/a><\/p>\n<\/div>\n\n\n\n<div class=\"wp-block-column is-layout-flow wp-block-column-is-layout-flow\">\n<p><strong>Pressekontakt<\/strong><br>Marit H\u00f8igilt |&nbsp;909 17 701<br><a class=\"absconditus\" data-absconditus-a=\"gvenz\" data-absconditus-b=\"fgvarfbsvrffgvsgryfr.ab\" href=\"#\"><span data-absconditus-placeholder=\".sirtoaensttlie@itfsseemonsif\"><\/span><\/a><\/p>\n<\/div>\n<\/div>\n<\/div>\n<\/div>\n<\/div>\n\n\n\n<div style=\"height:10px\" aria-hidden=\"true\" class=\"wp-block-spacer\"><\/div>\n","protected":false},"excerpt":{"rendered":"<p>Om Stine Sofies Stiftelse Stine Sofies Stiftelse ble etablert etter at vennene Stine Sofie (8) og Lena (10) ble voldtatt [&hellip;]<\/p>\n","protected":false},"author":2,"featured_media":123,"parent":0,"menu_order":0,"comment_status":"closed","ping_status":"closed","template":"","meta":{"_acf_changed":false,"inline_featured_image":false,"footnotes":""},"class_list":["post-362","page","type-page","status-publish","has-post-thumbnail","hentry"],"acf":[],"mb":[],"yoast_head":"<!-- This site is optimized with the Yoast SEO plugin v27.3 - https:\/\/yoast.com\/product\/yoast-seo-wordpress\/ -->\n<title>Om oss - Stine Sofies Stiftelse<\/title>\n<meta name=\"robots\" content=\"index, follow, max-snippet:-1, max-image-preview:large, max-video-preview:-1\" \/>\n<link rel=\"canonical\" href=\"https:\/\/www.stinesofiesstiftelse.no\/om-oss\/\" \/>\n<meta property=\"og:locale\" content=\"ar_AR\" \/>\n<meta property=\"og:type\" content=\"article\" \/>\n<meta property=\"og:title\" content=\"Om oss - Stine Sofies Stiftelse\" \/>\n<meta property=\"og:description\" content=\"Om Stine Sofies Stiftelse Stine Sofies Stiftelse ble etablert etter at vennene Stine Sofie (8) og Lena (10) ble voldtatt [&hellip;]\" \/>\n<meta property=\"og:url\" content=\"https:\/\/www.stinesofiesstiftelse.no\/om-oss\/\" \/>\n<meta property=\"og:site_name\" content=\"Stine Sofies Stiftelse\" \/>\n<meta property=\"article:publisher\" content=\"https:\/\/www.facebook.com\/StineSofiesStiftelse\/\" \/>\n<meta property=\"article:modified_time\" content=\"2026-01-07T20:07:03+00:00\" \/>\n<meta property=\"og:image\" content=\"https:\/\/d1713zmupob0gt.cloudfront.net\/wp-content\/uploads\/2023\/05\/16082316\/Bjornen-sover-blikk-2.jpg\" \/>\n\t<meta property=\"og:image:width\" content=\"940\" \/>\n\t<meta property=\"og:image:height\" content=\"568\" \/>\n\t<meta property=\"og:image:type\" content=\"image\/jpeg\" \/>\n<meta name=\"twitter:card\" content=\"summary_large_image\" \/>\n<meta name=\"twitter:label1\" content=\"\u0648\u0642\u062a \u0627\u0644\u0642\u0631\u0627\u0621\u0629 \u0627\u0644\u0645\u064f\u0642\u062f\u0651\u0631\" \/>\n\t<meta name=\"twitter:data1\" content=\"3 \u062f\u0642\u0627\u0626\u0642\" \/>\n<script type=\"application\/ld+json\" class=\"yoast-schema-graph\">{\"@context\":\"https:\\\/\\\/schema.org\",\"@graph\":[{\"@type\":\"WebPage\",\"@id\":\"https:\\\/\\\/www.stinesofiesstiftelse.no\\\/om-oss\\\/\",\"url\":\"https:\\\/\\\/www.stinesofiesstiftelse.no\\\/om-oss\\\/\",\"name\":\"Om oss - Stine Sofies Stiftelse\",\"isPartOf\":{\"@id\":\"https:\\\/\\\/www.stinesofiesstiftelse.no\\\/#website\"},\"primaryImageOfPage\":{\"@id\":\"https:\\\/\\\/www.stinesofiesstiftelse.no\\\/om-oss\\\/#primaryimage\"},\"image\":{\"@id\":\"https:\\\/\\\/www.stinesofiesstiftelse.no\\\/om-oss\\\/#primaryimage\"},\"thumbnailUrl\":\"https:\\\/\\\/d1713zmupob0gt.cloudfront.net\\\/wp-content\\\/uploads\\\/2023\\\/05\\\/16082316\\\/Bjornen-sover-blikk-2.jpg\",\"datePublished\":\"2023-06-15T11:56:14+00:00\",\"dateModified\":\"2026-01-07T20:07:03+00:00\",\"breadcrumb\":{\"@id\":\"https:\\\/\\\/www.stinesofiesstiftelse.no\\\/om-oss\\\/#breadcrumb\"},\"inLanguage\":\"ar\",\"potentialAction\":[{\"@type\":\"ReadAction\",\"target\":[\"https:\\\/\\\/www.stinesofiesstiftelse.no\\\/om-oss\\\/\"]}]},{\"@type\":\"ImageObject\",\"inLanguage\":\"ar\",\"@id\":\"https:\\\/\\\/www.stinesofiesstiftelse.no\\\/om-oss\\\/#primaryimage\",\"url\":\"https:\\\/\\\/d1713zmupob0gt.cloudfront.net\\\/wp-content\\\/uploads\\\/2023\\\/05\\\/16082316\\\/Bjornen-sover-blikk-2.jpg\",\"contentUrl\":\"https:\\\/\\\/d1713zmupob0gt.cloudfront.net\\\/wp-content\\\/uploads\\\/2023\\\/05\\\/16082316\\\/Bjornen-sover-blikk-2.jpg\",\"width\":940,\"height\":568},{\"@type\":\"BreadcrumbList\",\"@id\":\"https:\\\/\\\/www.stinesofiesstiftelse.no\\\/om-oss\\\/#breadcrumb\",\"itemListElement\":[{\"@type\":\"ListItem\",\"position\":1,\"name\":\"Hjem\",\"item\":\"https:\\\/\\\/www.stinesofiesstiftelse.no\\\/\"},{\"@type\":\"ListItem\",\"position\":2,\"name\":\"Om oss\"}]},{\"@type\":\"WebSite\",\"@id\":\"https:\\\/\\\/www.stinesofiesstiftelse.no\\\/#website\",\"url\":\"https:\\\/\\\/www.stinesofiesstiftelse.no\\\/\",\"name\":\"Stine Sofies Stiftelse\",\"description\":\"\",\"publisher\":{\"@id\":\"https:\\\/\\\/www.stinesofiesstiftelse.no\\\/#organization\"},\"potentialAction\":[{\"@type\":\"SearchAction\",\"target\":{\"@type\":\"EntryPoint\",\"urlTemplate\":\"https:\\\/\\\/www.stinesofiesstiftelse.no\\\/?s={search_term_string}\"},\"query-input\":{\"@type\":\"PropertyValueSpecification\",\"valueRequired\":true,\"valueName\":\"search_term_string\"}}],\"inLanguage\":\"ar\"},{\"@type\":\"Organization\",\"@id\":\"https:\\\/\\\/www.stinesofiesstiftelse.no\\\/#organization\",\"name\":\"Stine Sofies Stiftelse\",\"url\":\"https:\\\/\\\/www.stinesofiesstiftelse.no\\\/\",\"logo\":{\"@type\":\"ImageObject\",\"inLanguage\":\"ar\",\"@id\":\"https:\\\/\\\/www.stinesofiesstiftelse.no\\\/#\\\/schema\\\/logo\\\/image\\\/\",\"url\":\"https:\\\/\\\/d1713zmupob0gt.cloudfront.net\\\/wp-content\\\/uploads\\\/2024\\\/10\\\/19093628\\\/cropped-Stine_sofies_stiftelse_logosymbol.png\",\"contentUrl\":\"https:\\\/\\\/d1713zmupob0gt.cloudfront.net\\\/wp-content\\\/uploads\\\/2024\\\/10\\\/19093628\\\/cropped-Stine_sofies_stiftelse_logosymbol.png\",\"width\":512,\"height\":512,\"caption\":\"Stine Sofies Stiftelse\"},\"image\":{\"@id\":\"https:\\\/\\\/www.stinesofiesstiftelse.no\\\/#\\\/schema\\\/logo\\\/image\\\/\"},\"sameAs\":[\"https:\\\/\\\/www.facebook.com\\\/StineSofiesStiftelse\\\/\"]}]}<\/script>\n<!-- \/ Yoast SEO plugin. -->","yoast_head_json":{"title":"Om oss - Stine Sofies Stiftelse","robots":{"index":"index","follow":"follow","max-snippet":"max-snippet:-1","max-image-preview":"max-image-preview:large","max-video-preview":"max-video-preview:-1"},"canonical":"https:\/\/www.stinesofiesstiftelse.no\/om-oss\/","og_locale":"ar_AR","og_type":"article","og_title":"Om oss - Stine Sofies Stiftelse","og_description":"Om Stine Sofies Stiftelse Stine Sofies Stiftelse ble etablert etter at vennene Stine Sofie (8) og Lena (10) ble voldtatt [&hellip;]","og_url":"https:\/\/www.stinesofiesstiftelse.no\/om-oss\/","og_site_name":"Stine Sofies Stiftelse","article_publisher":"https:\/\/www.facebook.com\/StineSofiesStiftelse\/","article_modified_time":"2026-01-07T20:07:03+00:00","og_image":[{"width":940,"height":568,"url":"https:\/\/d1713zmupob0gt.cloudfront.net\/wp-content\/uploads\/2023\/05\/16082316\/Bjornen-sover-blikk-2.jpg","type":"image\/jpeg"}],"twitter_card":"summary_large_image","twitter_misc":{"\u0648\u0642\u062a \u0627\u0644\u0642\u0631\u0627\u0621\u0629 \u0627\u0644\u0645\u064f\u0642\u062f\u0651\u0631":"3 \u062f\u0642\u0627\u0626\u0642"},"schema":{"@context":"https:\/\/schema.org","@graph":[{"@type":"WebPage","@id":"https:\/\/www.stinesofiesstiftelse.no\/om-oss\/","url":"https:\/\/www.stinesofiesstiftelse.no\/om-oss\/","name":"Om oss - Stine Sofies Stiftelse","isPartOf":{"@id":"https:\/\/www.stinesofiesstiftelse.no\/#website"},"primaryImageOfPage":{"@id":"https:\/\/www.stinesofiesstiftelse.no\/om-oss\/#primaryimage"},"image":{"@id":"https:\/\/www.stinesofiesstiftelse.no\/om-oss\/#primaryimage"},"thumbnailUrl":"https:\/\/d1713zmupob0gt.cloudfront.net\/wp-content\/uploads\/2023\/05\/16082316\/Bjornen-sover-blikk-2.jpg","datePublished":"2023-06-15T11:56:14+00:00","dateModified":"2026-01-07T20:07:03+00:00","breadcrumb":{"@id":"https:\/\/www.stinesofiesstiftelse.no\/om-oss\/#breadcrumb"},"inLanguage":"ar","potentialAction":[{"@type":"ReadAction","target":["https:\/\/www.stinesofiesstiftelse.no\/om-oss\/"]}]},{"@type":"ImageObject","inLanguage":"ar","@id":"https:\/\/www.stinesofiesstiftelse.no\/om-oss\/#primaryimage","url":"https:\/\/d1713zmupob0gt.cloudfront.net\/wp-content\/uploads\/2023\/05\/16082316\/Bjornen-sover-blikk-2.jpg","contentUrl":"https:\/\/d1713zmupob0gt.cloudfront.net\/wp-content\/uploads\/2023\/05\/16082316\/Bjornen-sover-blikk-2.jpg","width":940,"height":568},{"@type":"BreadcrumbList","@id":"https:\/\/www.stinesofiesstiftelse.no\/om-oss\/#breadcrumb","itemListElement":[{"@type":"ListItem","position":1,"name":"Hjem","item":"https:\/\/www.stinesofiesstiftelse.no\/"},{"@type":"ListItem","position":2,"name":"Om oss"}]},{"@type":"WebSite","@id":"https:\/\/www.stinesofiesstiftelse.no\/#website","url":"https:\/\/www.stinesofiesstiftelse.no\/","name":"Stine Sofies Stiftelse","description":"","publisher":{"@id":"https:\/\/www.stinesofiesstiftelse.no\/#organization"},"potentialAction":[{"@type":"SearchAction","target":{"@type":"EntryPoint","urlTemplate":"https:\/\/www.stinesofiesstiftelse.no\/?s={search_term_string}"},"query-input":{"@type":"PropertyValueSpecification","valueRequired":true,"valueName":"search_term_string"}}],"inLanguage":"ar"},{"@type":"Organization","@id":"https:\/\/www.stinesofiesstiftelse.no\/#organization","name":"Stine Sofies Stiftelse","url":"https:\/\/www.stinesofiesstiftelse.no\/","logo":{"@type":"ImageObject","inLanguage":"ar","@id":"https:\/\/www.stinesofiesstiftelse.no\/#\/schema\/logo\/image\/","url":"https:\/\/d1713zmupob0gt.cloudfront.net\/wp-content\/uploads\/2024\/10\/19093628\/cropped-Stine_sofies_stiftelse_logosymbol.png","contentUrl":"https:\/\/d1713zmupob0gt.cloudfront.net\/wp-content\/uploads\/2024\/10\/19093628\/cropped-Stine_sofies_stiftelse_logosymbol.png","width":512,"height":512,"caption":"Stine Sofies Stiftelse"},"image":{"@id":"https:\/\/www.stinesofiesstiftelse.no\/#\/schema\/logo\/image\/"},"sameAs":["https:\/\/www.facebook.com\/StineSofiesStiftelse\/"]}]}},"mfb_rest_fields":["title","yoast_head","yoast_head_json"],"_links":{"self":[{"href":"https:\/\/www.stinesofiesstiftelse.no\/ar\/wp-json\/wp\/v2\/pages\/362","targetHints":{"allow":["GET"]}}],"collection":[{"href":"https:\/\/www.stinesofiesstiftelse.no\/ar\/wp-json\/wp\/v2\/pages"}],"about":[{"href":"https:\/\/www.stinesofiesstiftelse.no\/ar\/wp-json\/wp\/v2\/types\/page"}],"author":[{"embeddable":true,"href":"https:\/\/www.stinesofiesstiftelse.no\/ar\/wp-json\/wp\/v2\/users\/2"}],"replies":[{"embeddable":true,"href":"https:\/\/www.stinesofiesstiftelse.no\/ar\/wp-json\/wp\/v2\/comments?post=362"}],"version-history":[{"count":3,"href":"https:\/\/www.stinesofiesstiftelse.no\/ar\/wp-json\/wp\/v2\/pages\/362\/revisions"}],"predecessor-version":[{"id":12844,"href":"https:\/\/www.stinesofiesstiftelse.no\/ar\/wp-json\/wp\/v2\/pages\/362\/revisions\/12844"}],"wp:featuredmedia":[{"embeddable":true,"href":"https:\/\/www.stinesofiesstiftelse.no\/ar\/wp-json\/wp\/v2\/media\/123"}],"wp:attachment":[{"href":"https:\/\/www.stinesofiesstiftelse.no\/ar\/wp-json\/wp\/v2\/media?parent=362"}],"curies":[{"name":"wp","href":"https:\/\/api.w.org\/{rel}","templated":true}]}}