{"id":3335,"date":"2023-09-30T19:51:11","date_gmt":"2023-09-30T17:51:11","guid":{"rendered":"https:\/\/www.stinesofiesstiftelse.no\/?page_id=3335"},"modified":"2026-02-19T11:38:16","modified_gmt":"2026-02-19T10:38:16","slug":"sok-om-opphold","status":"publish","type":"page","link":"https:\/\/www.stinesofiesstiftelse.no\/ar\/stine-sofie-senteret\/sok-om-opphold\/","title":{"rendered":"S\u00f8k om opphold"},"content":{"rendered":"\n<div class=\"wp-block-group alignwide sss-content-header has-global-padding is-layout-constrained wp-container-core-group-is-layout-be04af43 wp-block-group-is-layout-constrained\" style=\"margin-top:0;margin-bottom:0\">\n<div class=\"wp-block-group is-layout-flow wp-block-group-is-layout-flow\" style=\"padding-top:4vw;padding-bottom:0vw\"><div class=\"yoast-breadcrumbs\"><span><span><a href=\"https:\/\/www.stinesofiesstiftelse.no\/\">Hjem<\/a><\/span> \u2013 <span><a href=\"https:\/\/www.stinesofiesstiftelse.no\/stine-sofie-senteret\/\">Stine Sofie Senteret<\/a><\/span> \u2013 <span class=\"breadcrumb_last\" aria-current=\"page\">S\u00f8k om opphold<\/span><\/span><\/div>\n\n<h1 class=\"is-style-has-blob wp-block-post-title has-text-color has-primary-color\">S\u00f8k om opphold<\/h1>\n\n\n<p style=\"padding-right:0;padding-left:0\">Stine Sofie Senteret er et nasjonalt kurs- og mestringssenter for barn og unge som har v\u00e6rt utsatt for vold i n\u00e6re relasjoner, omsorgssvikt eller overgrep. <\/p>\n\n\n\n<p style=\"padding-right:0;padding-left:0\">Hit kan barna komme sammen med sine trygge omsorgspersoner og s\u00f8sken. Tilbudet gjelder ogs\u00e5 for de som bor i fosterhjem, adoptivhjem eller bor over lengre tid i beredskapshjem eller institusjon.<\/p>\n\n\n\n<p style=\"padding-right:0;padding-left:0\"><a href=\"https:\/\/soknad.stinesofiesenteret.no\/\"> <\/a>S\u00f8knadsprosessen er enkel, og her finner du alt du trenger.<\/p>\n<\/div>\n<\/div>\n\n\n\n<section class=\"align wp-block-aptum-pagelinker\" id=\"block_67cef85a0760e0fa387e7490e9bbf020\">\n\n<div class=\"wp-block-aptum-pagelinker__inner columns-2 item-bg\">\n\t\t<div class=\"wp-block-aptum-pagelinker__grid\">\n\n\t\t\t\t\t\t\t\t\t\t\t\t\t\t<a class=\"wp-block-aptum-pagelinker__item\" href=\"https:\/\/soknad.stinesofiesenteret.no\/\" target=\"_blank\">\n\t\t\t\t\t\t\t\t\t\t\t\t\t\t<div class=\"wp-block-aptum-pagelinker__content\">\n\t\t\t\t\t\t\t\t\t\t\t\t\t\t\t\t<div class=\"wp-block-aptum-pagelinker__text\">\n\t\t\t\t\t\t\t\t\t<h3 class=\"wp-block-aptum-pagelinker__title \">Fyll ut digital s\u00f8knad<i class=\"wp-block-aptum-pagelinker__arrow\"><\/i><\/h3>\n\t\t\t\t\t\t\t\t\t\t\t\t\t\t\t\t\t\t\t<p class=\"wp-block-aptum-pagelinker__excerpt\">Alle som s\u00f8ker om opphold, f\u00e5r svar fortl\u00f8pende.<\/p>\n\t\t\t\t\t\t\t\t\t\t\t\t\t\t\t\t\t<\/div>\n\t\t\t\t\t\t\t<\/div>\n\t\t\t\t\t\t<\/a>\n\t\t\t\t\t\t\t\t\t\t\t\t\t\t\t\t\t\t\t\t\t<a class=\"wp-block-aptum-pagelinker__item\" href=\"https:\/\/www.stinesofiesstiftelse.no\/ar\/stine-sofie-senteret\/sok-om-opphold\/vil-du-ikke-soke-digitalt\/\" target=\"_self\">\n\t\t\t\t\t\t\t\t\t\t\t\t\t\t<div class=\"wp-block-aptum-pagelinker__content\">\n\t\t\t\t\t\t\t\t\t\t\t\t\t\t\t\t<div class=\"wp-block-aptum-pagelinker__text\">\n\t\t\t\t\t\t\t\t\t<h3 class=\"wp-block-aptum-pagelinker__title \">Vil du ikke s\u00f8ke digitalt?<i class=\"wp-block-aptum-pagelinker__arrow\"><\/i><\/h3>\n\t\t\t\t\t\t\t\t\t\t\t\t\t\t\t\t\t\t\t<p class=\"wp-block-aptum-pagelinker__excerpt\">Her finner du s\u00f8knadsskjema som kan skrives ut og sendes manuelt.<\/p>\n\t\t\t\t\t\t\t\t\t\t\t\t\t\t\t\t\t<\/div>\n\t\t\t\t\t\t\t<\/div>\n\t\t\t\t\t\t<\/a>\n\t\t\t\t\t\t\t\t\t\t\t<\/div>\n<\/div>\n\n<\/section>\n\n\n\n<blockquote class=\"wp-block-quote is-layout-flow wp-block-quote-is-layout-flow\">\n<p>Om du bor p\u00e5 kode 6 eller 7 kan du ringe til oss for \u00e5 oppgi kontaktinformasjon dersom det oppleves tryggere for deg<\/p>\n<\/blockquote>\n\n\n\n<p>Opphold p\u00e5 Stine Sofie Senteret er et lavterskeltilbud, og helt kostnadsfritt for deltakerfamiliene. Dette inkluderer ogs\u00e5 reise til og fra senteret. Oppholdet best\u00e5r av ulike aktiviteter for voksne og barn, med en god blanding av faglig innhold og spennende aktiviteter. <\/p>\n\n\n\n<p>Stine Sofie Senteret utarbeider dokumentasjon p\u00e5 frav\u00e6r fra skole og utdanning som kan leveres utdanningsinstitusjonen. Tapt arbeidsfortjeneste dekkes ikke av oss.<\/p>\n\n\n\n<p>Stine Sofie Senteret har inntaksm\u00f8te \u00e9n gang pr. uke og kontakter s\u00f8kere fortl\u00f8pende. Alle s\u00f8kere f\u00e5r tilbakemelding n\u00e5r s\u00f8knaden er behandlet. Normal behandlingstid er ca. 3 uker (kan forlenges i noen tilfeller, spesielt i forbindelse med ferie og h\u00f8ytider). &nbsp;<\/p>\n\n\n\n<div class=\"wp-block-group has-secondary-background-color has-background has-global-padding is-layout-constrained wp-block-group-is-layout-constrained\">\n<h4 class=\"wp-block-heading is-style-default\" style=\"margin-top:var(--wp--preset--spacing--30);margin-right:var(--wp--preset--spacing--20);margin-bottom:0;margin-left:var(--wp--preset--spacing--20);padding-top:1em;padding-right:var(--wp--preset--spacing--20);padding-left:17px\">S\u00f8knadskriterier<\/h4>\n\n\n\n<ul style=\"padding-right:22px\" class=\"wp-block-list\">\n<li style=\"padding-top:0\">Barn og unge mellom 0 og 18 \u00e5r, som har v\u00e6rt utsatt for vold i n\u00e6re relasjoner, omsorgssvikt eller seksuelle overgrep.&nbsp;Vold kan v\u00e6re fysisk vold, psykisk vold eller \u00e5 v\u00e6re vitne til vold.<\/li>\n\n\n\n<li style=\"padding-top:var(--wp--preset--spacing--20);padding-right:0;padding-bottom:22px;padding-left:0\">F\u00f8lgebrev fra fagperson tilknyttet eksempelvis barnevernstjenesten, fastlege, Statens Barnehus, behandlende terapeut, Bufetat, bistandsadvokat, krisesenter, st\u00f8ttesenter mot incest og seksuelle overgrep, helses\u00f8ster eller tilsvarende.<\/li>\n<\/ul>\n<\/div>\n\n\n\n<section class=\"align wp-block-aptum-pagelinker\" id=\"block_4f0864e7b35db5b5704a91c65086b684\">\n\n<div class=\"wp-block-aptum-pagelinker__inner columns-2\">\n\t\t<div class=\"wp-block-aptum-pagelinker__grid\">\n\n\t\t\t\t\t\t\t\t\t\t\t\t\t\t<a class=\"wp-block-aptum-pagelinker__item\" href=\"https:\/\/www.stinesofiesstiftelse.no\/ar\/stine-sofie-senteret\/sok-om-opphold\/hva-bor-soknaden-inneholde\/\" target=\"_self\">\n\t\t\t\t\t\t\t\t\t\t\t\t\t\t<div class=\"wp-block-aptum-pagelinker__content\">\n\t\t\t\t\t\t\t\t\t\t\t\t\t\t\t\t<div class=\"wp-block-aptum-pagelinker__text\">\n\t\t\t\t\t\t\t\t\t<h3 class=\"wp-block-aptum-pagelinker__title \">Hva b\u00f8r s\u00f8knaden inneholde<i class=\"wp-block-aptum-pagelinker__arrow\"><\/i><\/h3>\n\t\t\t\t\t\t\t\t\t\t\t\t\t\t\t\t\t\t\t<p class=\"wp-block-aptum-pagelinker__excerpt\">Her kan du lese mer om hva s\u00f8knaden b\u00f8r inneholde.<\/p>\n\t\t\t\t\t\t\t\t\t\t\t\t\t\t\t\t\t<\/div>\n\t\t\t\t\t\t\t<\/div>\n\t\t\t\t\t\t<\/a>\n\t\t\t\t\t\t\t\t\t\t\t\t\t\t\t\t\t\t\t\t\t<a class=\"wp-block-aptum-pagelinker__item\" href=\"https:\/\/www.stinesofiesstiftelse.no\/ar\/stine-sofie-senteret\/sok-om-opphold\/til-barn-og-unge\/\" target=\"_self\">\n\t\t\t\t\t\t\t\t\t\t\t\t\t\t<div class=\"wp-block-aptum-pagelinker__content\">\n\t\t\t\t\t\t\t\t\t\t\t\t\t\t\t\t<div class=\"wp-block-aptum-pagelinker__text\">\n\t\t\t\t\t\t\t\t\t<h3 class=\"wp-block-aptum-pagelinker__title \">Hva b\u00f8r f\u00f8lgeskrivet inneholde?<i class=\"wp-block-aptum-pagelinker__arrow\"><\/i><\/h3>\n\t\t\t\t\t\t\t\t\t\t\t\t\t\t\t\t\t\t\t<p class=\"wp-block-aptum-pagelinker__excerpt\">F\u00f8lgeskrivet skal bekrefte familiens historie.<\/p>\n\t\t\t\t\t\t\t\t\t\t\t\t\t\t\t\t\t<\/div>\n\t\t\t\t\t\t\t<\/div>\n\t\t\t\t\t\t<\/a>\n\t\t\t\t\t\t\t\t\t\t\t<\/div>\n<\/div>\n\n<\/section>\n\n\n\n<div class=\"wp-block-columns are-vertically-aligned-center sss-infobox has-secondary-turquoise-background-color has-background is-layout-flex wp-container-core-columns-is-layout-9e92f332 wp-block-columns-is-layout-flex\" style=\"border-radius:4px;margin-top:var(--wp--preset--spacing--40);margin-bottom:var(--wp--preset--spacing--40);padding-top:1.5em;padding-right:1.5em;padding-bottom:1.5em;padding-left:2em\">\n<div class=\"wp-block-column is-layout-flow wp-block-column-is-layout-flow\" style=\"padding-right:0;padding-left:0;flex-basis:6.5%\">\n<figure class=\"wp-block-image size-large is-resized\"><img loading=\"lazy\" decoding=\"async\" width=\"48\" height=\"48\" src=\"https:\/\/d1713zmupob0gt.cloudfront.net\/wp-content\/uploads\/2023\/06\/26195936\/info_blue.svg\" alt=\"\" class=\"wp-image-1094\" style=\"width:50px\"\/><\/figure>\n<\/div>\n\n\n\n<div class=\"wp-block-column is-vertically-aligned-center is-layout-flow wp-block-column-is-layout-flow\" style=\"flex-basis:93.5%\">\n<h3 class=\"wp-block-heading has-contrast-color has-text-color\">Har du sp\u00f8rsm\u00e5l om s\u00f8knadsprosessen?<\/h3>\n\n\n\n<p>Kontakt oss p\u00e5 <a class=\"absconditus\" data-absconditus-a=\"gfbc\" data-absconditus-b=\"fgvarfbsvrfragrerg.ab\" href=\"#\"><span data-absconditus-placeholder=\"iesptnsesfserooteotnin@et.\"><\/span><\/a> eller ring oss p\u00e5 37 29 40 90. Alle henvendelser blir behandlet anonymt og med diskresjon.<\/p>\n<\/div>\n<\/div>\n","protected":false},"excerpt":{"rendered":"<p>Stine Sofie Senteret er et nasjonalt kurs- og mestringssenter for barn og unge som har v\u00e6rt utsatt for vold i [&hellip;]<\/p>\n","protected":false},"author":2,"featured_media":0,"parent":3328,"menu_order":0,"comment_status":"closed","ping_status":"closed","template":"","meta":{"_acf_changed":false,"inline_featured_image":false,"footnotes":""},"class_list":["post-3335","page","type-page","status-publish","hentry"],"acf":[],"mb":[],"yoast_head":"<!-- This site is optimized with the Yoast SEO plugin v27.3 - https:\/\/yoast.com\/product\/yoast-seo-wordpress\/ -->\n<title>S\u00f8k om opphold - Stine Sofies Stiftelse<\/title>\n<meta name=\"robots\" content=\"index, follow, max-snippet:-1, max-image-preview:large, max-video-preview:-1\" \/>\n<link rel=\"canonical\" href=\"https:\/\/www.stinesofiesstiftelse.no\/stine-sofie-senteret\/sok-om-opphold\/\" \/>\n<meta property=\"og:locale\" content=\"ar_AR\" \/>\n<meta property=\"og:type\" content=\"article\" \/>\n<meta property=\"og:title\" content=\"S\u00f8k om opphold - Stine Sofies Stiftelse\" \/>\n<meta property=\"og:description\" content=\"Stine Sofie Senteret er et nasjonalt kurs- og mestringssenter for barn og unge som har v\u00e6rt utsatt for vold i [&hellip;]\" \/>\n<meta property=\"og:url\" content=\"https:\/\/www.stinesofiesstiftelse.no\/stine-sofie-senteret\/sok-om-opphold\/\" \/>\n<meta property=\"og:site_name\" content=\"Stine Sofies Stiftelse\" \/>\n<meta property=\"article:publisher\" content=\"https:\/\/www.facebook.com\/StineSofiesStiftelse\/\" \/>\n<meta property=\"article:modified_time\" content=\"2026-02-19T10:38:16+00:00\" \/>\n<meta property=\"og:image\" content=\"https:\/\/www.stinesofiesstiftelse.no\/wp-content\/uploads\/2023\/06\/info_blue.svg\" \/>\n<meta name=\"twitter:card\" content=\"summary_large_image\" \/>\n<meta name=\"twitter:label1\" content=\"\u0648\u0642\u062a \u0627\u0644\u0642\u0631\u0627\u0621\u0629 \u0627\u0644\u0645\u064f\u0642\u062f\u0651\u0631\" \/>\n\t<meta name=\"twitter:data1\" content=\"\u062f\u0642\u064a\u0642\u062a\u0627\u0646\" \/>\n<script type=\"application\/ld+json\" class=\"yoast-schema-graph\">{\"@context\":\"https:\\\/\\\/schema.org\",\"@graph\":[{\"@type\":\"WebPage\",\"@id\":\"https:\\\/\\\/www.stinesofiesstiftelse.no\\\/stine-sofie-senteret\\\/sok-om-opphold\\\/\",\"url\":\"https:\\\/\\\/www.stinesofiesstiftelse.no\\\/stine-sofie-senteret\\\/sok-om-opphold\\\/\",\"name\":\"S\u00f8k om opphold - Stine Sofies Stiftelse\",\"isPartOf\":{\"@id\":\"https:\\\/\\\/www.stinesofiesstiftelse.no\\\/#website\"},\"primaryImageOfPage\":{\"@id\":\"https:\\\/\\\/www.stinesofiesstiftelse.no\\\/stine-sofie-senteret\\\/sok-om-opphold\\\/#primaryimage\"},\"image\":{\"@id\":\"https:\\\/\\\/www.stinesofiesstiftelse.no\\\/stine-sofie-senteret\\\/sok-om-opphold\\\/#primaryimage\"},\"thumbnailUrl\":\"https:\\\/\\\/www.stinesofiesstiftelse.no\\\/wp-content\\\/uploads\\\/2023\\\/06\\\/info_blue.svg\",\"datePublished\":\"2023-09-30T17:51:11+00:00\",\"dateModified\":\"2026-02-19T10:38:16+00:00\",\"breadcrumb\":{\"@id\":\"https:\\\/\\\/www.stinesofiesstiftelse.no\\\/stine-sofie-senteret\\\/sok-om-opphold\\\/#breadcrumb\"},\"inLanguage\":\"ar\",\"potentialAction\":[{\"@type\":\"ReadAction\",\"target\":[\"https:\\\/\\\/www.stinesofiesstiftelse.no\\\/stine-sofie-senteret\\\/sok-om-opphold\\\/\"]}]},{\"@type\":\"ImageObject\",\"inLanguage\":\"ar\",\"@id\":\"https:\\\/\\\/www.stinesofiesstiftelse.no\\\/stine-sofie-senteret\\\/sok-om-opphold\\\/#primaryimage\",\"url\":\"https:\\\/\\\/www.stinesofiesstiftelse.no\\\/wp-content\\\/uploads\\\/2023\\\/06\\\/info_blue.svg\",\"contentUrl\":\"https:\\\/\\\/www.stinesofiesstiftelse.no\\\/wp-content\\\/uploads\\\/2023\\\/06\\\/info_blue.svg\"},{\"@type\":\"BreadcrumbList\",\"@id\":\"https:\\\/\\\/www.stinesofiesstiftelse.no\\\/stine-sofie-senteret\\\/sok-om-opphold\\\/#breadcrumb\",\"itemListElement\":[{\"@type\":\"ListItem\",\"position\":1,\"name\":\"Hjem\",\"item\":\"https:\\\/\\\/www.stinesofiesstiftelse.no\\\/\"},{\"@type\":\"ListItem\",\"position\":2,\"name\":\"Stine Sofie Senteret\",\"item\":\"https:\\\/\\\/www.stinesofiesstiftelse.no\\\/stine-sofie-senteret\\\/\"},{\"@type\":\"ListItem\",\"position\":3,\"name\":\"S\u00f8k om opphold\"}]},{\"@type\":\"WebSite\",\"@id\":\"https:\\\/\\\/www.stinesofiesstiftelse.no\\\/#website\",\"url\":\"https:\\\/\\\/www.stinesofiesstiftelse.no\\\/\",\"name\":\"Stine Sofies Stiftelse\",\"description\":\"\",\"publisher\":{\"@id\":\"https:\\\/\\\/www.stinesofiesstiftelse.no\\\/#organization\"},\"potentialAction\":[{\"@type\":\"SearchAction\",\"target\":{\"@type\":\"EntryPoint\",\"urlTemplate\":\"https:\\\/\\\/www.stinesofiesstiftelse.no\\\/?s={search_term_string}\"},\"query-input\":{\"@type\":\"PropertyValueSpecification\",\"valueRequired\":true,\"valueName\":\"search_term_string\"}}],\"inLanguage\":\"ar\"},{\"@type\":\"Organization\",\"@id\":\"https:\\\/\\\/www.stinesofiesstiftelse.no\\\/#organization\",\"name\":\"Stine Sofies Stiftelse\",\"url\":\"https:\\\/\\\/www.stinesofiesstiftelse.no\\\/\",\"logo\":{\"@type\":\"ImageObject\",\"inLanguage\":\"ar\",\"@id\":\"https:\\\/\\\/www.stinesofiesstiftelse.no\\\/#\\\/schema\\\/logo\\\/image\\\/\",\"url\":\"https:\\\/\\\/d1713zmupob0gt.cloudfront.net\\\/wp-content\\\/uploads\\\/2024\\\/10\\\/19093628\\\/cropped-Stine_sofies_stiftelse_logosymbol.png\",\"contentUrl\":\"https:\\\/\\\/d1713zmupob0gt.cloudfront.net\\\/wp-content\\\/uploads\\\/2024\\\/10\\\/19093628\\\/cropped-Stine_sofies_stiftelse_logosymbol.png\",\"width\":512,\"height\":512,\"caption\":\"Stine Sofies Stiftelse\"},\"image\":{\"@id\":\"https:\\\/\\\/www.stinesofiesstiftelse.no\\\/#\\\/schema\\\/logo\\\/image\\\/\"},\"sameAs\":[\"https:\\\/\\\/www.facebook.com\\\/StineSofiesStiftelse\\\/\"]}]}<\/script>\n<!-- \/ Yoast SEO plugin. -->","yoast_head_json":{"title":"S\u00f8k om opphold - Stine Sofies Stiftelse","robots":{"index":"index","follow":"follow","max-snippet":"max-snippet:-1","max-image-preview":"max-image-preview:large","max-video-preview":"max-video-preview:-1"},"canonical":"https:\/\/www.stinesofiesstiftelse.no\/stine-sofie-senteret\/sok-om-opphold\/","og_locale":"ar_AR","og_type":"article","og_title":"S\u00f8k om opphold - Stine Sofies Stiftelse","og_description":"Stine Sofie Senteret er et nasjonalt kurs- og mestringssenter for barn og unge som har v\u00e6rt utsatt for vold i [&hellip;]","og_url":"https:\/\/www.stinesofiesstiftelse.no\/stine-sofie-senteret\/sok-om-opphold\/","og_site_name":"Stine Sofies Stiftelse","article_publisher":"https:\/\/www.facebook.com\/StineSofiesStiftelse\/","article_modified_time":"2026-02-19T10:38:16+00:00","og_image":[{"url":"https:\/\/www.stinesofiesstiftelse.no\/wp-content\/uploads\/2023\/06\/info_blue.svg","type":"","width":"","height":""}],"twitter_card":"summary_large_image","twitter_misc":{"\u0648\u0642\u062a \u0627\u0644\u0642\u0631\u0627\u0621\u0629 \u0627\u0644\u0645\u064f\u0642\u062f\u0651\u0631":"\u062f\u0642\u064a\u0642\u062a\u0627\u0646"},"schema":{"@context":"https:\/\/schema.org","@graph":[{"@type":"WebPage","@id":"https:\/\/www.stinesofiesstiftelse.no\/stine-sofie-senteret\/sok-om-opphold\/","url":"https:\/\/www.stinesofiesstiftelse.no\/stine-sofie-senteret\/sok-om-opphold\/","name":"S\u00f8k om opphold - Stine Sofies Stiftelse","isPartOf":{"@id":"https:\/\/www.stinesofiesstiftelse.no\/#website"},"primaryImageOfPage":{"@id":"https:\/\/www.stinesofiesstiftelse.no\/stine-sofie-senteret\/sok-om-opphold\/#primaryimage"},"image":{"@id":"https:\/\/www.stinesofiesstiftelse.no\/stine-sofie-senteret\/sok-om-opphold\/#primaryimage"},"thumbnailUrl":"https:\/\/www.stinesofiesstiftelse.no\/wp-content\/uploads\/2023\/06\/info_blue.svg","datePublished":"2023-09-30T17:51:11+00:00","dateModified":"2026-02-19T10:38:16+00:00","breadcrumb":{"@id":"https:\/\/www.stinesofiesstiftelse.no\/stine-sofie-senteret\/sok-om-opphold\/#breadcrumb"},"inLanguage":"ar","potentialAction":[{"@type":"ReadAction","target":["https:\/\/www.stinesofiesstiftelse.no\/stine-sofie-senteret\/sok-om-opphold\/"]}]},{"@type":"ImageObject","inLanguage":"ar","@id":"https:\/\/www.stinesofiesstiftelse.no\/stine-sofie-senteret\/sok-om-opphold\/#primaryimage","url":"https:\/\/www.stinesofiesstiftelse.no\/wp-content\/uploads\/2023\/06\/info_blue.svg","contentUrl":"https:\/\/www.stinesofiesstiftelse.no\/wp-content\/uploads\/2023\/06\/info_blue.svg"},{"@type":"BreadcrumbList","@id":"https:\/\/www.stinesofiesstiftelse.no\/stine-sofie-senteret\/sok-om-opphold\/#breadcrumb","itemListElement":[{"@type":"ListItem","position":1,"name":"Hjem","item":"https:\/\/www.stinesofiesstiftelse.no\/"},{"@type":"ListItem","position":2,"name":"Stine Sofie Senteret","item":"https:\/\/www.stinesofiesstiftelse.no\/stine-sofie-senteret\/"},{"@type":"ListItem","position":3,"name":"S\u00f8k om opphold"}]},{"@type":"WebSite","@id":"https:\/\/www.stinesofiesstiftelse.no\/#website","url":"https:\/\/www.stinesofiesstiftelse.no\/","name":"Stine Sofies Stiftelse","description":"","publisher":{"@id":"https:\/\/www.stinesofiesstiftelse.no\/#organization"},"potentialAction":[{"@type":"SearchAction","target":{"@type":"EntryPoint","urlTemplate":"https:\/\/www.stinesofiesstiftelse.no\/?s={search_term_string}"},"query-input":{"@type":"PropertyValueSpecification","valueRequired":true,"valueName":"search_term_string"}}],"inLanguage":"ar"},{"@type":"Organization","@id":"https:\/\/www.stinesofiesstiftelse.no\/#organization","name":"Stine Sofies Stiftelse","url":"https:\/\/www.stinesofiesstiftelse.no\/","logo":{"@type":"ImageObject","inLanguage":"ar","@id":"https:\/\/www.stinesofiesstiftelse.no\/#\/schema\/logo\/image\/","url":"https:\/\/d1713zmupob0gt.cloudfront.net\/wp-content\/uploads\/2024\/10\/19093628\/cropped-Stine_sofies_stiftelse_logosymbol.png","contentUrl":"https:\/\/d1713zmupob0gt.cloudfront.net\/wp-content\/uploads\/2024\/10\/19093628\/cropped-Stine_sofies_stiftelse_logosymbol.png","width":512,"height":512,"caption":"Stine Sofies Stiftelse"},"image":{"@id":"https:\/\/www.stinesofiesstiftelse.no\/#\/schema\/logo\/image\/"},"sameAs":["https:\/\/www.facebook.com\/StineSofiesStiftelse\/"]}]}},"mfb_rest_fields":["title","yoast_head","yoast_head_json"],"_links":{"self":[{"href":"https:\/\/www.stinesofiesstiftelse.no\/ar\/wp-json\/wp\/v2\/pages\/3335","targetHints":{"allow":["GET"]}}],"collection":[{"href":"https:\/\/www.stinesofiesstiftelse.no\/ar\/wp-json\/wp\/v2\/pages"}],"about":[{"href":"https:\/\/www.stinesofiesstiftelse.no\/ar\/wp-json\/wp\/v2\/types\/page"}],"author":[{"embeddable":true,"href":"https:\/\/www.stinesofiesstiftelse.no\/ar\/wp-json\/wp\/v2\/users\/2"}],"replies":[{"embeddable":true,"href":"https:\/\/www.stinesofiesstiftelse.no\/ar\/wp-json\/wp\/v2\/comments?post=3335"}],"version-history":[{"count":3,"href":"https:\/\/www.stinesofiesstiftelse.no\/ar\/wp-json\/wp\/v2\/pages\/3335\/revisions"}],"predecessor-version":[{"id":13660,"href":"https:\/\/www.stinesofiesstiftelse.no\/ar\/wp-json\/wp\/v2\/pages\/3335\/revisions\/13660"}],"up":[{"embeddable":true,"href":"https:\/\/www.stinesofiesstiftelse.no\/ar\/wp-json\/wp\/v2\/pages\/3328"}],"wp:attachment":[{"href":"https:\/\/www.stinesofiesstiftelse.no\/ar\/wp-json\/wp\/v2\/media?parent=3335"}],"curies":[{"name":"wp","href":"https:\/\/api.w.org\/{rel}","templated":true}]}}