{"id":11348,"date":"2025-08-04T11:01:35","date_gmt":"2025-08-04T09:01:35","guid":{"rendered":"https:\/\/www.stinesofiesstiftelse.no\/?page_id=11348"},"modified":"2026-04-01T12:32:25","modified_gmt":"2026-04-01T10:32:25","slug":"tidlig-avdekking-og-stotte-i-skolen-kan-gjore-en-forskjell","status":"publish","type":"page","link":"https:\/\/www.stinesofiesstiftelse.no\/ar\/trippel-s\/produserte-artikler\/selv-i-barneskolen-kan-barn-vise-tegn-til-utfordringer\/tidlig-avdekking-og-stotte-i-skolen-kan-gjore-en-forskjell\/","title":{"rendered":"\u2013 Tidlig avdekking og st\u00f8tte i skolen kan gj\u00f8re en forskjell"},"content":{"rendered":"\n<div class=\"wp-block-group alignwide sss-content-header has-global-padding is-layout-constrained wp-block-group-is-layout-constrained\" style=\"margin-top:0;margin-bottom:0\">\n<div class=\"wp-block-group is-layout-flow wp-block-group-is-layout-flow\" style=\"padding-top:4vw;padding-bottom:3vw\"><div class=\"yoast-breadcrumbs\"><span><span><a href=\"https:\/\/www.stinesofiesstiftelse.no\/\">Hjem<\/a><\/span> \u2013 <span><a href=\"https:\/\/www.stinesofiesstiftelse.no\/trippel-s\/\">Trippel S<\/a><\/span> \u2013 <span><a href=\"https:\/\/www.stinesofiesstiftelse.no\/trippel-s\/produserte-artikler\/\">Publiserte artikler<\/a><\/span> \u2013 <span><a href=\"https:\/\/www.stinesofiesstiftelse.no\/trippel-s\/produserte-artikler\/selv-i-barneskolen-kan-barn-vise-tegn-til-utfordringer\/\">Skolefungering: Tydelige tegn til utfordringer hos barn<\/a><\/span> \u2013 <span class=\"breadcrumb_last\" aria-current=\"page\">\u2013 Tidlig avdekking og st\u00f8tte i skolen kan gj\u00f8re en forskjell<\/span><\/span><\/div>\n\n<h1 class=\"is-style-has-blob wp-block-post-title has-text-color has-primary-color\">\u2013 Tidlig avdekking og st\u00f8tte i skolen kan gj\u00f8re en forskjell<\/h1>\n\n\n<p class=\"is-style-leadtext\" style=\"padding-right:0;padding-left:0\">En ny og unik studie i norsk sammenheng, publisert i\u00a0<em>Journal of Interpersonal Violence,\u00a0<\/em>gir innsikt i hvordan noen av de yngste barna i grunnskolen, som har v\u00e6rt utsatt for vold eller overgrep, kan ha utfordringer i skolen. Denne kunnskapen er viktig for \u00e5 \u00e5 m\u00f8te barna p\u00e5 behov for \u00e5 bli avdekket og ivaretatt, skape et mer st\u00f8ttende l\u00e6ringsmilj\u00f8 og forebygge negative konsekvenser av d\u00e5rlig skolefungering.\u00a0<\/p>\n\n\n\n<p class=\"is-style-default\" style=\"padding-right:0;padding-left:0\"><a href=\"https:\/\/doi.org\/10.1177\/08862605251351669\">Studien er publisert i Journal of Interpersonal Violence og kan leses her:<\/a><\/p>\n<\/div>\n<\/div>\n\n\n\n<figure class=\"wp-block-image size-large\"><img loading=\"lazy\" decoding=\"async\" width=\"1017\" height=\"1024\" src=\"https:\/\/d1713zmupob0gt.cloudfront.net\/wp-content\/uploads\/2025\/08\/04105535\/Unknown-1017x1024.jpeg\" alt=\"Sofie \u00d8vsteb\u00f8 N\u00e6ss smiler til kamera. Foto\" class=\"wp-image-11349\" srcset=\"https:\/\/d1713zmupob0gt.cloudfront.net\/wp-content\/uploads\/2025\/08\/04105535\/Unknown-1017x1024.jpeg 1017w, https:\/\/d1713zmupob0gt.cloudfront.net\/wp-content\/uploads\/2025\/08\/04105535\/Unknown-298x300.jpeg 298w, https:\/\/d1713zmupob0gt.cloudfront.net\/wp-content\/uploads\/2025\/08\/04105535\/Unknown-150x150.jpeg 150w, https:\/\/d1713zmupob0gt.cloudfront.net\/wp-content\/uploads\/2025\/08\/04105535\/Unknown-768x774.jpeg 768w, https:\/\/d1713zmupob0gt.cloudfront.net\/wp-content\/uploads\/2025\/08\/04105535\/Unknown-1525x1536.jpeg 1525w, https:\/\/d1713zmupob0gt.cloudfront.net\/wp-content\/uploads\/2025\/08\/04105535\/Unknown-2033x2048.jpeg 2033w\" sizes=\"auto, (max-width: 1017px) 100vw, 1017px\" \/><figcaption class=\"wp-element-caption\"><em>Sofie \u00d8vsteb\u00f8 N\u00e6ss er artikkelforfatter bak studien. <\/em><\/figcaption><\/figure>\n\n\n\n<div class=\"wp-block-group alignwide sss-content-header has-global-padding is-layout-constrained wp-block-group-is-layout-constrained\" style=\"margin-top:0;margin-bottom:0\">\n<div style=\"height:50px\" aria-hidden=\"true\" class=\"wp-block-spacer\"><\/div>\n\n\n\n<h2 class=\"wp-block-heading\">Forsker Sofie \u00d8vsteb\u00f8 N\u00e6ss om studien:<\/h2>\n<\/div>\n\n\n\n<p class=\"is-style-default\" style=\"padding-right:0;padding-left:0\"><strong><strong>Hva mener du er det viktigste funnet i studien?<\/strong><\/strong><\/p>\n\n\n\n<p>Funnene som viser at eksponering for flere typer vold henger sammen med \u00f8kt risiko for b\u00e5de h\u00f8yt skolefrav\u00e6r. Hele 10 prosent av barna i studien hadde v\u00e6rt borte minst 8 dager den siste m\u00e5neden. Det er mye. Svake skoleprestasjoner var ogs\u00e5 et kjennetegn, men kun 27,1 prosent fikk spesialundervisning.<\/p>\n\n\n\n<p><strong><strong>Hva var motivasjonen for \u00e5 unders\u00f8ke skolefungering hos barn med voldserfaring?<\/strong><\/strong><\/p>\n\n\n\n<p>Tidligere forskning har vist at barn og unge som har v\u00e6rt utsatt for vold og overgrep er i risiko for en rekke negative konsekvenser, blant annet innen psykisk og somatisk helse, og kognitiv fungering. Skolen er en sentral arena for barna og deres utvikling, og dette kan ha stor innvirkning p\u00e5 barnas skolegang. Likevel vet vi lite om hvordan skolefungeringen til disse mindre barna faktisk er, samt hvilken oppf\u00f8lgning de f\u00e5r. Dette \u00f8nsket vi \u00e5 unders\u00f8ke n\u00e6rmere.<\/p>\n\n\n\n<p><strong><strong>Hvordan p\u00e5virkes skoleprestasjon og frav\u00e6r hos disse barna?<\/strong><\/strong><\/p>\n\n\n\n<p>Psykisk helse og l\u00e6ring henger tett sammen. Trygge barn l\u00e6rer mer, og mestring i skolen kan styrke psykisk helse. I denne studien ble det rapportert at rundt \u00e9n av seks barn hadde store vansker i minst ett av fagene norsk, matematikk eller engelsk. De fleste av barna hadde relativt lite frav\u00e6r, samtidig var det en del av barna som hadde veldig h\u00f8yt frav\u00e6r. Vi fant ogs\u00e5 at barn som hadde v\u00e6rt utsatt for flere typer vold, hadde h\u00f8yere skolefrav\u00e6r. H\u00f8yt skolefrav\u00e6r kan s\u00e5ledes v\u00e6re et tegn p\u00e5 at noe er ugreit i barnets liv, og at vold eller overgrep kan v\u00e6re kilden<\/p>\n\n\n\n<p><strong><strong>Var det noen funn som overrasket deg?<\/strong><\/strong><\/p>\n\n\n\n<p>Ja, det overrasket meg at hele 10 prosent av barna i studien hadde v\u00e6rt borte minst 8 dager den siste m\u00e5neden. Det er mye. Nesten to uker.\u00a0<\/p>\n\n\n\n<p><strong><strong>Hva h\u00e5per du at studien kan f\u00f8re til?<\/strong><\/strong><\/p>\n\n\n\n<p>Jeg h\u00e5per studien kan bidra til \u00f8kt bevissthet om vold og overgrep, hvilke konsekvenser det har p\u00e5 barna slik at de tidligere blir avdekket og f\u00e5r bedre st\u00f8tte. P\u00e5 sikt m\u00e5 man f\u00e5 lov \u00e5 h\u00e5pe p\u00e5 tryggere skolemilj\u00f8 med bedre tilrettelegging og \u00f8kt trivsel og mestring.\u00a0<\/p>\n\n\n\n<p><a href=\"https:\/\/www.stinesofiesstiftelse.no\/trippel-s\/produserte-artikler\/selv-i-barneskolen-kan-barn-vise-tegn-til-utfordringer\/\">Les mer om studien her.<\/a><\/p>\n\n\n\n<section class=\"alignwide wp-block-aptum-pagelinker\" id=\"block_3083bef596a02cf5683ed90bb19badf1\">\n\n<div class=\"wp-block-aptum-pagelinker__inner alignwide columns-2 item-bg\">\n\t<h2 class=\"wp-block-aptum-pagelinker__heading\">Andre publiserte artikler fra unders\u00f8kelsen<\/h2>\t<div class=\"wp-block-aptum-pagelinker__grid\">\n\n\t\t\t\t\t\t\t\t\t\t\t\t\t\t<a class=\"wp-block-aptum-pagelinker__item\" href=\"https:\/\/www.stinesofiesstiftelse.no\/ar\/trippel-s\/produserte-artikler\/barnemishandling-og-sovn-hos-barn-og-unge\/\" target=\"_self\">\n\t\t\t\t\t\t\t\t\t\t\t\t\t\t<div class=\"wp-block-aptum-pagelinker__content\">\n\t\t\t\t\t\t\t\t\t\t\t\t\t\t\t\t<div class=\"wp-block-aptum-pagelinker__text\">\n\t\t\t\t\t\t\t\t\t<h3 class=\"wp-block-aptum-pagelinker__title \">Tydelig sammenheng mellom vold og d\u00e5rlig s\u00f8vn<i class=\"wp-block-aptum-pagelinker__arrow\"><\/i><\/h3>\n\t\t\t\t\t\t\t\t\t\t\t\t\t\t\t\t\t\t\t<p class=\"wp-block-aptum-pagelinker__excerpt\">Denne systematiske litteraturgjennomgangen er den f\u00f8rste som spesifikt unders\u00f8ker sammenhengen mellom barn &#8230;<\/p>\n\t\t\t\t\t\t\t\t\t\t\t\t\t\t\t\t\t<\/div>\n\t\t\t\t\t\t\t<\/div>\n\t\t\t\t\t\t<\/a>\n\t\t\t\t\t\t\t\t\t\t\t\t\t\t\t\t\t\t\t\t\t<a class=\"wp-block-aptum-pagelinker__item\" href=\"https:\/\/www.stinesofiesstiftelse.no\/ar\/trippel-s\/produserte-artikler\/psykisk-helse-hos-barn-og-unge-utsatt-for-vold\/\" target=\"_self\">\n\t\t\t\t\t\t\t\t\t\t\t\t\t\t<div class=\"wp-block-aptum-pagelinker__content\">\n\t\t\t\t\t\t\t\t\t\t\t\t\t\t\t\t<div class=\"wp-block-aptum-pagelinker__text\">\n\t\t\t\t\t\t\t\t\t<h3 class=\"wp-block-aptum-pagelinker__title \">Har st\u00f8rre psykiske problemer enn andre barn<i class=\"wp-block-aptum-pagelinker__arrow\"><\/i><\/h3>\n\t\t\t\t\t\t\t\t\t\t\t\t\t\t\t\t\t\t\t<p class=\"wp-block-aptum-pagelinker__excerpt\">Barn og ungdom som har opplevd mishandling, har flere psykiske problemer sammenlignet med andre barn p\u00e5 sam&#8230;<\/p>\n\t\t\t\t\t\t\t\t\t\t\t\t\t\t\t\t\t<\/div>\n\t\t\t\t\t\t\t<\/div>\n\t\t\t\t\t\t<\/a>\n\t\t\t\t\t\t\t\t\t\t\t\t\t\t\t\t\t\t\t\t\t<a class=\"wp-block-aptum-pagelinker__item\" href=\"https:\/\/www.stinesofiesstiftelse.no\/ar\/trippel-s\/produserte-artikler\/sovnproblemer-hos-ungdom-utsatt-for-vold\/\" target=\"_self\">\n\t\t\t\t\t\t\t\t\t\t\t\t\t\t<div class=\"wp-block-aptum-pagelinker__content\">\n\t\t\t\t\t\t\t\t\t\t\t\t\t\t\t\t<div class=\"wp-block-aptum-pagelinker__text\">\n\t\t\t\t\t\t\t\t\t<h3 class=\"wp-block-aptum-pagelinker__title \">S\u00f8vnproblemer hos ungdom utsatt for vold<i class=\"wp-block-aptum-pagelinker__arrow\"><\/i><\/h3>\n\t\t\t\t\t\t\t\t\t\t\t\t\t\t\t\t\t\t\t<p class=\"wp-block-aptum-pagelinker__excerpt\">Ungdom som har opplevd vold i barndommen kan ha \u00f8kt risiko for s\u00f8vnforstyrrelser. Denne studien gir ny inns&#8230;<\/p>\n\t\t\t\t\t\t\t\t\t\t\t\t\t\t\t\t\t<\/div>\n\t\t\t\t\t\t\t<\/div>\n\t\t\t\t\t\t<\/a>\n\t\t\t\t\t\t\t\t\t\t\t\t\t\t\t\t\t\t\t\t\t<a class=\"wp-block-aptum-pagelinker__item\" href=\"https:\/\/www.stinesofiesstiftelse.no\/ar\/trippel-s\/produserte-artikler\/etablering-av-en-helsekohort-for-barn-og-unge-utsatt-for-vold-ogovergrep\/\" target=\"_self\">\n\t\t\t\t\t\t\t\t\t\t\t\t\t\t<div class=\"wp-block-aptum-pagelinker__content\">\n\t\t\t\t\t\t\t\t\t\t\t\t\t\t\t\t<div class=\"wp-block-aptum-pagelinker__text\">\n\t\t\t\t\t\t\t\t\t<h3 class=\"wp-block-aptum-pagelinker__title \">Helsekohort for barn og unge utsatt for vold og\novergrep<i class=\"wp-block-aptum-pagelinker__arrow\"><\/i><\/h3>\n\t\t\t\t\t\t\t\t\t\t\t\t\t\t\t\t\t\t\t<p class=\"wp-block-aptum-pagelinker__excerpt\">Hvordan p\u00e5virker vold og overgrep barn og unge p\u00e5 lang sikt? Trippel-S-studien er den f\u00f8rste longitudinelle&#8230;<\/p>\n\t\t\t\t\t\t\t\t\t\t\t\t\t\t\t\t\t<\/div>\n\t\t\t\t\t\t\t<\/div>\n\t\t\t\t\t\t<\/a>\n\t\t\t\t\t\t\t\t\t\t\t<\/div>\n<\/div>\n\n<\/section>\n","protected":false},"excerpt":{"rendered":"<p>En ny og unik studie i norsk sammenheng, publisert i\u00a0Journal of Interpersonal Violence,\u00a0gir innsikt i hvordan noen av de yngste [&hellip;]<\/p>\n","protected":false},"author":5,"featured_media":0,"parent":11344,"menu_order":0,"comment_status":"closed","ping_status":"closed","template":"","meta":{"_acf_changed":false,"inline_featured_image":false,"footnotes":""},"class_list":["post-11348","page","type-page","status-publish","hentry"],"acf":[],"mb":[],"yoast_head":"<!-- This site is optimized with the Yoast SEO plugin v27.3 - https:\/\/yoast.com\/product\/yoast-seo-wordpress\/ -->\n<title>\u2013 Tidlig avdekking og st\u00f8tte i skolen kan gj\u00f8re en forskjell - Stine Sofies Stiftelse<\/title>\n<meta name=\"robots\" content=\"index, follow, max-snippet:-1, max-image-preview:large, max-video-preview:-1\" \/>\n<link rel=\"canonical\" href=\"https:\/\/www.stinesofiesstiftelse.no\/trippel-s\/produserte-artikler\/selv-i-barneskolen-kan-barn-vise-tegn-til-utfordringer\/tidlig-avdekking-og-stotte-i-skolen-kan-gjore-en-forskjell\/\" \/>\n<meta property=\"og:locale\" content=\"ar_AR\" \/>\n<meta property=\"og:type\" content=\"article\" \/>\n<meta property=\"og:title\" content=\"\u2013 Tidlig avdekking og st\u00f8tte i skolen kan gj\u00f8re en forskjell - Stine Sofies Stiftelse\" \/>\n<meta property=\"og:description\" content=\"En ny og unik studie i norsk sammenheng, publisert i\u00a0Journal of Interpersonal Violence,\u00a0gir innsikt i hvordan noen av de yngste [&hellip;]\" \/>\n<meta property=\"og:url\" content=\"https:\/\/www.stinesofiesstiftelse.no\/trippel-s\/produserte-artikler\/selv-i-barneskolen-kan-barn-vise-tegn-til-utfordringer\/tidlig-avdekking-og-stotte-i-skolen-kan-gjore-en-forskjell\/\" \/>\n<meta property=\"og:site_name\" content=\"Stine Sofies Stiftelse\" \/>\n<meta property=\"article:publisher\" content=\"https:\/\/www.facebook.com\/StineSofiesStiftelse\/\" \/>\n<meta property=\"article:modified_time\" content=\"2026-04-01T10:32:25+00:00\" \/>\n<meta property=\"og:image\" content=\"https:\/\/www.stinesofiesstiftelse.no\/wp-content\/uploads\/2025\/08\/Unknown-1017x1024.jpeg\" \/>\n<meta name=\"twitter:card\" content=\"summary_large_image\" \/>\n<meta name=\"twitter:label1\" content=\"\u0648\u0642\u062a \u0627\u0644\u0642\u0631\u0627\u0621\u0629 \u0627\u0644\u0645\u064f\u0642\u062f\u0651\u0631\" \/>\n\t<meta name=\"twitter:data1\" content=\"3 \u062f\u0642\u0627\u0626\u0642\" \/>\n<script type=\"application\/ld+json\" class=\"yoast-schema-graph\">{\"@context\":\"https:\\\/\\\/schema.org\",\"@graph\":[{\"@type\":\"WebPage\",\"@id\":\"https:\\\/\\\/www.stinesofiesstiftelse.no\\\/trippel-s\\\/produserte-artikler\\\/selv-i-barneskolen-kan-barn-vise-tegn-til-utfordringer\\\/tidlig-avdekking-og-stotte-i-skolen-kan-gjore-en-forskjell\\\/\",\"url\":\"https:\\\/\\\/www.stinesofiesstiftelse.no\\\/trippel-s\\\/produserte-artikler\\\/selv-i-barneskolen-kan-barn-vise-tegn-til-utfordringer\\\/tidlig-avdekking-og-stotte-i-skolen-kan-gjore-en-forskjell\\\/\",\"name\":\"\u2013 Tidlig avdekking og st\u00f8tte i skolen kan gj\u00f8re en forskjell - Stine Sofies Stiftelse\",\"isPartOf\":{\"@id\":\"https:\\\/\\\/www.stinesofiesstiftelse.no\\\/#website\"},\"primaryImageOfPage\":{\"@id\":\"https:\\\/\\\/www.stinesofiesstiftelse.no\\\/trippel-s\\\/produserte-artikler\\\/selv-i-barneskolen-kan-barn-vise-tegn-til-utfordringer\\\/tidlig-avdekking-og-stotte-i-skolen-kan-gjore-en-forskjell\\\/#primaryimage\"},\"image\":{\"@id\":\"https:\\\/\\\/www.stinesofiesstiftelse.no\\\/trippel-s\\\/produserte-artikler\\\/selv-i-barneskolen-kan-barn-vise-tegn-til-utfordringer\\\/tidlig-avdekking-og-stotte-i-skolen-kan-gjore-en-forskjell\\\/#primaryimage\"},\"thumbnailUrl\":\"https:\\\/\\\/www.stinesofiesstiftelse.no\\\/wp-content\\\/uploads\\\/2025\\\/08\\\/Unknown-1017x1024.jpeg\",\"datePublished\":\"2025-08-04T09:01:35+00:00\",\"dateModified\":\"2026-04-01T10:32:25+00:00\",\"breadcrumb\":{\"@id\":\"https:\\\/\\\/www.stinesofiesstiftelse.no\\\/trippel-s\\\/produserte-artikler\\\/selv-i-barneskolen-kan-barn-vise-tegn-til-utfordringer\\\/tidlig-avdekking-og-stotte-i-skolen-kan-gjore-en-forskjell\\\/#breadcrumb\"},\"inLanguage\":\"ar\",\"potentialAction\":[{\"@type\":\"ReadAction\",\"target\":[\"https:\\\/\\\/www.stinesofiesstiftelse.no\\\/trippel-s\\\/produserte-artikler\\\/selv-i-barneskolen-kan-barn-vise-tegn-til-utfordringer\\\/tidlig-avdekking-og-stotte-i-skolen-kan-gjore-en-forskjell\\\/\"]}]},{\"@type\":\"ImageObject\",\"inLanguage\":\"ar\",\"@id\":\"https:\\\/\\\/www.stinesofiesstiftelse.no\\\/trippel-s\\\/produserte-artikler\\\/selv-i-barneskolen-kan-barn-vise-tegn-til-utfordringer\\\/tidlig-avdekking-og-stotte-i-skolen-kan-gjore-en-forskjell\\\/#primaryimage\",\"url\":\"https:\\\/\\\/www.stinesofiesstiftelse.no\\\/wp-content\\\/uploads\\\/2025\\\/08\\\/Unknown-1017x1024.jpeg\",\"contentUrl\":\"https:\\\/\\\/www.stinesofiesstiftelse.no\\\/wp-content\\\/uploads\\\/2025\\\/08\\\/Unknown-1017x1024.jpeg\"},{\"@type\":\"BreadcrumbList\",\"@id\":\"https:\\\/\\\/www.stinesofiesstiftelse.no\\\/trippel-s\\\/produserte-artikler\\\/selv-i-barneskolen-kan-barn-vise-tegn-til-utfordringer\\\/tidlig-avdekking-og-stotte-i-skolen-kan-gjore-en-forskjell\\\/#breadcrumb\",\"itemListElement\":[{\"@type\":\"ListItem\",\"position\":1,\"name\":\"Hjem\",\"item\":\"https:\\\/\\\/www.stinesofiesstiftelse.no\\\/\"},{\"@type\":\"ListItem\",\"position\":2,\"name\":\"Trippel S\",\"item\":\"https:\\\/\\\/www.stinesofiesstiftelse.no\\\/trippel-s\\\/\"},{\"@type\":\"ListItem\",\"position\":3,\"name\":\"Publiserte artikler\",\"item\":\"https:\\\/\\\/www.stinesofiesstiftelse.no\\\/trippel-s\\\/produserte-artikler\\\/\"},{\"@type\":\"ListItem\",\"position\":4,\"name\":\"Skolefungering: Tydelige tegn til utfordringer hos barn\",\"item\":\"https:\\\/\\\/www.stinesofiesstiftelse.no\\\/trippel-s\\\/produserte-artikler\\\/selv-i-barneskolen-kan-barn-vise-tegn-til-utfordringer\\\/\"},{\"@type\":\"ListItem\",\"position\":5,\"name\":\"\u2013 Tidlig avdekking og st\u00f8tte i skolen kan gj\u00f8re en forskjell\"}]},{\"@type\":\"WebSite\",\"@id\":\"https:\\\/\\\/www.stinesofiesstiftelse.no\\\/#website\",\"url\":\"https:\\\/\\\/www.stinesofiesstiftelse.no\\\/\",\"name\":\"Stine Sofies Stiftelse\",\"description\":\"\",\"publisher\":{\"@id\":\"https:\\\/\\\/www.stinesofiesstiftelse.no\\\/#organization\"},\"potentialAction\":[{\"@type\":\"SearchAction\",\"target\":{\"@type\":\"EntryPoint\",\"urlTemplate\":\"https:\\\/\\\/www.stinesofiesstiftelse.no\\\/?s={search_term_string}\"},\"query-input\":{\"@type\":\"PropertyValueSpecification\",\"valueRequired\":true,\"valueName\":\"search_term_string\"}}],\"inLanguage\":\"ar\"},{\"@type\":\"Organization\",\"@id\":\"https:\\\/\\\/www.stinesofiesstiftelse.no\\\/#organization\",\"name\":\"Stine Sofies Stiftelse\",\"url\":\"https:\\\/\\\/www.stinesofiesstiftelse.no\\\/\",\"logo\":{\"@type\":\"ImageObject\",\"inLanguage\":\"ar\",\"@id\":\"https:\\\/\\\/www.stinesofiesstiftelse.no\\\/#\\\/schema\\\/logo\\\/image\\\/\",\"url\":\"https:\\\/\\\/d1713zmupob0gt.cloudfront.net\\\/wp-content\\\/uploads\\\/2024\\\/10\\\/19093628\\\/cropped-Stine_sofies_stiftelse_logosymbol.png\",\"contentUrl\":\"https:\\\/\\\/d1713zmupob0gt.cloudfront.net\\\/wp-content\\\/uploads\\\/2024\\\/10\\\/19093628\\\/cropped-Stine_sofies_stiftelse_logosymbol.png\",\"width\":512,\"height\":512,\"caption\":\"Stine Sofies Stiftelse\"},\"image\":{\"@id\":\"https:\\\/\\\/www.stinesofiesstiftelse.no\\\/#\\\/schema\\\/logo\\\/image\\\/\"},\"sameAs\":[\"https:\\\/\\\/www.facebook.com\\\/StineSofiesStiftelse\\\/\"]}]}<\/script>\n<!-- \/ Yoast SEO plugin. -->","yoast_head_json":{"title":"\u2013 Tidlig avdekking og st\u00f8tte i skolen kan gj\u00f8re en forskjell - Stine Sofies Stiftelse","robots":{"index":"index","follow":"follow","max-snippet":"max-snippet:-1","max-image-preview":"max-image-preview:large","max-video-preview":"max-video-preview:-1"},"canonical":"https:\/\/www.stinesofiesstiftelse.no\/trippel-s\/produserte-artikler\/selv-i-barneskolen-kan-barn-vise-tegn-til-utfordringer\/tidlig-avdekking-og-stotte-i-skolen-kan-gjore-en-forskjell\/","og_locale":"ar_AR","og_type":"article","og_title":"\u2013 Tidlig avdekking og st\u00f8tte i skolen kan gj\u00f8re en forskjell - Stine Sofies Stiftelse","og_description":"En ny og unik studie i norsk sammenheng, publisert i\u00a0Journal of Interpersonal Violence,\u00a0gir innsikt i hvordan noen av de yngste [&hellip;]","og_url":"https:\/\/www.stinesofiesstiftelse.no\/trippel-s\/produserte-artikler\/selv-i-barneskolen-kan-barn-vise-tegn-til-utfordringer\/tidlig-avdekking-og-stotte-i-skolen-kan-gjore-en-forskjell\/","og_site_name":"Stine Sofies Stiftelse","article_publisher":"https:\/\/www.facebook.com\/StineSofiesStiftelse\/","article_modified_time":"2026-04-01T10:32:25+00:00","og_image":[{"url":"https:\/\/www.stinesofiesstiftelse.no\/wp-content\/uploads\/2025\/08\/Unknown-1017x1024.jpeg","type":"","width":"","height":""}],"twitter_card":"summary_large_image","twitter_misc":{"\u0648\u0642\u062a \u0627\u0644\u0642\u0631\u0627\u0621\u0629 \u0627\u0644\u0645\u064f\u0642\u062f\u0651\u0631":"3 \u062f\u0642\u0627\u0626\u0642"},"schema":{"@context":"https:\/\/schema.org","@graph":[{"@type":"WebPage","@id":"https:\/\/www.stinesofiesstiftelse.no\/trippel-s\/produserte-artikler\/selv-i-barneskolen-kan-barn-vise-tegn-til-utfordringer\/tidlig-avdekking-og-stotte-i-skolen-kan-gjore-en-forskjell\/","url":"https:\/\/www.stinesofiesstiftelse.no\/trippel-s\/produserte-artikler\/selv-i-barneskolen-kan-barn-vise-tegn-til-utfordringer\/tidlig-avdekking-og-stotte-i-skolen-kan-gjore-en-forskjell\/","name":"\u2013 Tidlig avdekking og st\u00f8tte i skolen kan gj\u00f8re en forskjell - Stine Sofies Stiftelse","isPartOf":{"@id":"https:\/\/www.stinesofiesstiftelse.no\/#website"},"primaryImageOfPage":{"@id":"https:\/\/www.stinesofiesstiftelse.no\/trippel-s\/produserte-artikler\/selv-i-barneskolen-kan-barn-vise-tegn-til-utfordringer\/tidlig-avdekking-og-stotte-i-skolen-kan-gjore-en-forskjell\/#primaryimage"},"image":{"@id":"https:\/\/www.stinesofiesstiftelse.no\/trippel-s\/produserte-artikler\/selv-i-barneskolen-kan-barn-vise-tegn-til-utfordringer\/tidlig-avdekking-og-stotte-i-skolen-kan-gjore-en-forskjell\/#primaryimage"},"thumbnailUrl":"https:\/\/www.stinesofiesstiftelse.no\/wp-content\/uploads\/2025\/08\/Unknown-1017x1024.jpeg","datePublished":"2025-08-04T09:01:35+00:00","dateModified":"2026-04-01T10:32:25+00:00","breadcrumb":{"@id":"https:\/\/www.stinesofiesstiftelse.no\/trippel-s\/produserte-artikler\/selv-i-barneskolen-kan-barn-vise-tegn-til-utfordringer\/tidlig-avdekking-og-stotte-i-skolen-kan-gjore-en-forskjell\/#breadcrumb"},"inLanguage":"ar","potentialAction":[{"@type":"ReadAction","target":["https:\/\/www.stinesofiesstiftelse.no\/trippel-s\/produserte-artikler\/selv-i-barneskolen-kan-barn-vise-tegn-til-utfordringer\/tidlig-avdekking-og-stotte-i-skolen-kan-gjore-en-forskjell\/"]}]},{"@type":"ImageObject","inLanguage":"ar","@id":"https:\/\/www.stinesofiesstiftelse.no\/trippel-s\/produserte-artikler\/selv-i-barneskolen-kan-barn-vise-tegn-til-utfordringer\/tidlig-avdekking-og-stotte-i-skolen-kan-gjore-en-forskjell\/#primaryimage","url":"https:\/\/www.stinesofiesstiftelse.no\/wp-content\/uploads\/2025\/08\/Unknown-1017x1024.jpeg","contentUrl":"https:\/\/www.stinesofiesstiftelse.no\/wp-content\/uploads\/2025\/08\/Unknown-1017x1024.jpeg"},{"@type":"BreadcrumbList","@id":"https:\/\/www.stinesofiesstiftelse.no\/trippel-s\/produserte-artikler\/selv-i-barneskolen-kan-barn-vise-tegn-til-utfordringer\/tidlig-avdekking-og-stotte-i-skolen-kan-gjore-en-forskjell\/#breadcrumb","itemListElement":[{"@type":"ListItem","position":1,"name":"Hjem","item":"https:\/\/www.stinesofiesstiftelse.no\/"},{"@type":"ListItem","position":2,"name":"Trippel S","item":"https:\/\/www.stinesofiesstiftelse.no\/trippel-s\/"},{"@type":"ListItem","position":3,"name":"Publiserte artikler","item":"https:\/\/www.stinesofiesstiftelse.no\/trippel-s\/produserte-artikler\/"},{"@type":"ListItem","position":4,"name":"Skolefungering: Tydelige tegn til utfordringer hos barn","item":"https:\/\/www.stinesofiesstiftelse.no\/trippel-s\/produserte-artikler\/selv-i-barneskolen-kan-barn-vise-tegn-til-utfordringer\/"},{"@type":"ListItem","position":5,"name":"\u2013 Tidlig avdekking og st\u00f8tte i skolen kan gj\u00f8re en forskjell"}]},{"@type":"WebSite","@id":"https:\/\/www.stinesofiesstiftelse.no\/#website","url":"https:\/\/www.stinesofiesstiftelse.no\/","name":"Stine Sofies Stiftelse","description":"","publisher":{"@id":"https:\/\/www.stinesofiesstiftelse.no\/#organization"},"potentialAction":[{"@type":"SearchAction","target":{"@type":"EntryPoint","urlTemplate":"https:\/\/www.stinesofiesstiftelse.no\/?s={search_term_string}"},"query-input":{"@type":"PropertyValueSpecification","valueRequired":true,"valueName":"search_term_string"}}],"inLanguage":"ar"},{"@type":"Organization","@id":"https:\/\/www.stinesofiesstiftelse.no\/#organization","name":"Stine Sofies Stiftelse","url":"https:\/\/www.stinesofiesstiftelse.no\/","logo":{"@type":"ImageObject","inLanguage":"ar","@id":"https:\/\/www.stinesofiesstiftelse.no\/#\/schema\/logo\/image\/","url":"https:\/\/d1713zmupob0gt.cloudfront.net\/wp-content\/uploads\/2024\/10\/19093628\/cropped-Stine_sofies_stiftelse_logosymbol.png","contentUrl":"https:\/\/d1713zmupob0gt.cloudfront.net\/wp-content\/uploads\/2024\/10\/19093628\/cropped-Stine_sofies_stiftelse_logosymbol.png","width":512,"height":512,"caption":"Stine Sofies Stiftelse"},"image":{"@id":"https:\/\/www.stinesofiesstiftelse.no\/#\/schema\/logo\/image\/"},"sameAs":["https:\/\/www.facebook.com\/StineSofiesStiftelse\/"]}]}},"mfb_rest_fields":["title","yoast_head","yoast_head_json"],"_links":{"self":[{"href":"https:\/\/www.stinesofiesstiftelse.no\/ar\/wp-json\/wp\/v2\/pages\/11348","targetHints":{"allow":["GET"]}}],"collection":[{"href":"https:\/\/www.stinesofiesstiftelse.no\/ar\/wp-json\/wp\/v2\/pages"}],"about":[{"href":"https:\/\/www.stinesofiesstiftelse.no\/ar\/wp-json\/wp\/v2\/types\/page"}],"author":[{"embeddable":true,"href":"https:\/\/www.stinesofiesstiftelse.no\/ar\/wp-json\/wp\/v2\/users\/5"}],"replies":[{"embeddable":true,"href":"https:\/\/www.stinesofiesstiftelse.no\/ar\/wp-json\/wp\/v2\/comments?post=11348"}],"version-history":[{"count":3,"href":"https:\/\/www.stinesofiesstiftelse.no\/ar\/wp-json\/wp\/v2\/pages\/11348\/revisions"}],"predecessor-version":[{"id":11364,"href":"https:\/\/www.stinesofiesstiftelse.no\/ar\/wp-json\/wp\/v2\/pages\/11348\/revisions\/11364"}],"up":[{"embeddable":true,"href":"https:\/\/www.stinesofiesstiftelse.no\/ar\/wp-json\/wp\/v2\/pages\/11344"}],"wp:attachment":[{"href":"https:\/\/www.stinesofiesstiftelse.no\/ar\/wp-json\/wp\/v2\/media?parent=11348"}],"curies":[{"name":"wp","href":"https:\/\/api.w.org\/{rel}","templated":true}]}}